{"id":8278,"date":"2020-08-20T03:45:53","date_gmt":"2020-08-20T05:45:53","guid":{"rendered":"https:\/\/www.specagra.ee.nemokamossvetaines.hostingas.lt\/?post_type=product&#038;p=8278"},"modified":"2025-03-17T12:53:51","modified_gmt":"2025-03-17T14:53:51","slug":"pasaru-loviai-verseliams-ir-avims-ozkoms","status":"publish","type":"product","link":"https:\/\/www.specagra.ee\/?product=pasaru-loviai-verseliams-ir-avims-ozkoms","title":{"rendered":"Pa\u0161ar\u0173 loviai ver\u0161eliams ir avims \/ o\u017ekoms"},"content":{"rendered":"<ol>\n<li>Loviai skirti ver\u0161eli\u0173, avi\u0173, o\u017ek\u0173 \u0161\u0117rimui tiek viduje, tiek lauke. Tinka biriems pa\u0161arams bei skystiems, supilstytiems \u012f kibir\u0117lius.<\/li>\n<li>Plotis: 36 cm x gylis 22 cm x auk\u0161tis ant reguliuojam\u0173 koj\u0173 31-46 cm<\/li>\n<\/ol>\n<p>&nbsp;<\/p>\n<ul>\n<li>Lovys pagamintas i\u0161 didelio tankio HDPE plastiko, atsparaus UV spinduliams. Gamintojas suteikia 5-eri\u0173 met\u0173 garantij\u0105 visiems gamykliniams defektams. Atspar\u016bs r\u016bg\u0161\u010diai ir lengvai sumontuojami.<\/li>\n<li>Cinkuoto metalo r\u0117mas su var\u017etais reguliuojamo auk\u0161\u010dio kojomis su sutvirtinimais per visa auk\u0161t\u012f.<\/li>\n<li>Skirtas 280 mm skersmens kibir\u0117liams.<\/li>\n<\/ul>\n<p>&nbsp;<\/p>\n<p><strong>\u00a0 \u00a0 \u00a0 \u00a0 \u00a0 Ref. Nr.\u00a0\u00a0\u00a0\u00a0\u00a0\u00a0\u00a0 Produktas<\/strong><\/p>\n<ul>\n<li><strong>D235 \u00a0\u00a0\u00a0\u00a0\u00a0\u00a0\u00a0\u00a0\u00a0\u00a0\u00a0\u00a0\u00a0Lovys 1,73 m \u2013 4 kibir\u0117liams<\/strong><\/li>\n<li><strong>D236 \u00a0\u00a0\u00a0\u00a0\u00a0\u00a0\u00a0\u00a0\u00a0\u00a0\u00a0\u00a0\u00a0Lovys 2,18 m \u2013 5 kibir\u0117liams<\/strong><\/li>\n<li><strong>D237 \u00a0\u00a0\u00a0\u00a0\u00a0\u00a0\u00a0\u00a0\u00a0\u00a0\u00a0\u00a0\u00a0Lovys 2,63 m \u2013 6 kibir\u0117liams<\/strong><\/li>\n<\/ul>\n<p>&nbsp;<\/p>\n","protected":false},"excerpt":{"rendered":"<p>Loviai skirti ver\u0161eli\u0173, avi\u0173, o\u017ek\u0173 \u0161\u0117rimui tiek viduje, tiek lauke. Tinka biriems pa\u0161arams bei skystiems, supilstytiems \u012f kibir\u0117lius. Plotis: 36 cm x gylis 22 cm x auk\u0161tis ant reguliuojam\u0173 koj\u0173 31-46 cm &nbsp; Lovys pagamintas i\u0161 didelio tankio HDPE plastiko, atsparaus UV spinduliams. Gamintojas suteikia 5-eri\u0173 met\u0173 garantij\u0105 visiems gamykliniams defektams. Atspar\u016bs r\u016bg\u0161\u010diai ir lengvai [&hellip;]<\/p>\n","protected":false},"featured_media":19274,"template":"","meta":{"_et_pb_use_builder":"","_et_pb_old_content":"","_et_gb_content_width":""},"product_brand":[],"product_cat":[114],"product_tag":[],"class_list":{"0":"post-8278","1":"product","2":"type-product","3":"status-publish","4":"has-post-thumbnail","6":"product_cat-soodakunad","8":"first","9":"instock","10":"shipping-taxable","11":"product-type-simple"},"yoast_head":"<!-- This site is optimized with the Yoast SEO plugin v26.4 - https:\/\/yoast.com\/wordpress\/plugins\/seo\/ -->\n<title>Pa\u0161ar\u0173 loviai ver\u0161eliams ir avims \/ o\u017ekoms - Specagra<\/title>\n<meta name=\"robots\" content=\"index, follow, max-snippet:-1, max-image-preview:large, max-video-preview:-1\" \/>\n<link rel=\"canonical\" href=\"https:\/\/www.specagra.ee\/?product=pasaru-loviai-verseliams-ir-avims-ozkoms\" \/>\n<meta property=\"og:locale\" content=\"et_EE\" \/>\n<meta property=\"og:type\" content=\"article\" \/>\n<meta property=\"og:title\" content=\"Pa\u0161ar\u0173 loviai ver\u0161eliams ir avims \/ o\u017ekoms - Specagra\" \/>\n<meta property=\"og:description\" content=\"Loviai skirti ver\u0161eli\u0173, avi\u0173, o\u017ek\u0173 \u0161\u0117rimui tiek viduje, tiek lauke. Tinka biriems pa\u0161arams bei skystiems, supilstytiems \u012f kibir\u0117lius. Plotis: 36 cm x gylis 22 cm x auk\u0161tis ant reguliuojam\u0173 koj\u0173 31-46 cm &nbsp; Lovys pagamintas i\u0161 didelio tankio HDPE plastiko, atsparaus UV spinduliams. Gamintojas suteikia 5-eri\u0173 met\u0173 garantij\u0105 visiems gamykliniams defektams. Atspar\u016bs r\u016bg\u0161\u010diai ir lengvai [&hellip;]\" \/>\n<meta property=\"og:url\" content=\"https:\/\/www.specagra.ee\/?product=pasaru-loviai-verseliams-ir-avims-ozkoms\" \/>\n<meta property=\"og:site_name\" content=\"Specagra\" \/>\n<meta property=\"article:modified_time\" content=\"2025-03-17T14:53:51+00:00\" \/>\n<meta property=\"og:image\" content=\"https:\/\/www.specagra.ee\/wp-content\/uploads\/2020\/08\/Untitled-design150.jpg\" \/>\n\t<meta property=\"og:image:width\" content=\"800\" \/>\n\t<meta property=\"og:image:height\" content=\"800\" \/>\n\t<meta property=\"og:image:type\" content=\"image\/jpeg\" \/>\n<meta name=\"twitter:card\" content=\"summary_large_image\" \/>\n<meta name=\"twitter:label1\" content=\"Est. reading time\" \/>\n\t<meta name=\"twitter:data1\" content=\"1 minut\" \/>\n<script type=\"application\/ld+json\" class=\"yoast-schema-graph\">{\"@context\":\"https:\/\/schema.org\",\"@graph\":[{\"@type\":\"WebPage\",\"@id\":\"https:\/\/www.specagra.ee\/?product=pasaru-loviai-verseliams-ir-avims-ozkoms\",\"url\":\"https:\/\/www.specagra.ee\/?product=pasaru-loviai-verseliams-ir-avims-ozkoms\",\"name\":\"Pa\u0161ar\u0173 loviai ver\u0161eliams ir avims \/ o\u017ekoms - Specagra\",\"isPartOf\":{\"@id\":\"https:\/\/www.specagra.ee\/#website\"},\"primaryImageOfPage\":{\"@id\":\"https:\/\/www.specagra.ee\/?product=pasaru-loviai-verseliams-ir-avims-ozkoms#primaryimage\"},\"image\":{\"@id\":\"https:\/\/www.specagra.ee\/?product=pasaru-loviai-verseliams-ir-avims-ozkoms#primaryimage\"},\"thumbnailUrl\":\"https:\/\/www.specagra.ee\/wp-content\/uploads\/2020\/08\/Untitled-design150.jpg\",\"datePublished\":\"2020-08-20T05:45:53+00:00\",\"dateModified\":\"2025-03-17T14:53:51+00:00\",\"breadcrumb\":{\"@id\":\"https:\/\/www.specagra.ee\/?product=pasaru-loviai-verseliams-ir-avims-ozkoms#breadcrumb\"},\"inLanguage\":\"et\",\"potentialAction\":[{\"@type\":\"ReadAction\",\"target\":[\"https:\/\/www.specagra.ee\/?product=pasaru-loviai-verseliams-ir-avims-ozkoms\"]}]},{\"@type\":\"ImageObject\",\"inLanguage\":\"et\",\"@id\":\"https:\/\/www.specagra.ee\/?product=pasaru-loviai-verseliams-ir-avims-ozkoms#primaryimage\",\"url\":\"https:\/\/www.specagra.ee\/wp-content\/uploads\/2020\/08\/Untitled-design150.jpg\",\"contentUrl\":\"https:\/\/www.specagra.ee\/wp-content\/uploads\/2020\/08\/Untitled-design150.jpg\",\"width\":800,\"height\":800,\"caption\":\"Pa\u0161ar\u0173 loviai ver\u0161eliams ir avims \/ o\u017ekoms\"},{\"@type\":\"BreadcrumbList\",\"@id\":\"https:\/\/www.specagra.ee\/?product=pasaru-loviai-verseliams-ir-avims-ozkoms#breadcrumb\",\"itemListElement\":[{\"@type\":\"ListItem\",\"position\":1,\"name\":\"Home\",\"item\":\"https:\/\/www.specagra.ee\/\"},{\"@type\":\"ListItem\",\"position\":2,\"name\":\"P\u00f5llumajandustehnika ja loomakasvatus\",\"item\":\"https:\/\/specagra.ee\/?page_id=18493\"},{\"@type\":\"ListItem\",\"position\":3,\"name\":\"Pa\u0161ar\u0173 loviai ver\u0161eliams ir avims \/ o\u017ekoms\"}]},{\"@type\":\"WebSite\",\"@id\":\"https:\/\/www.specagra.ee\/#website\",\"url\":\"https:\/\/www.specagra.ee\/\",\"name\":\"Specagra\",\"description\":\"P\u00f5llumajandustehnika ja varuosad\",\"publisher\":{\"@id\":\"https:\/\/www.specagra.ee\/#organization\"},\"potentialAction\":[{\"@type\":\"SearchAction\",\"target\":{\"@type\":\"EntryPoint\",\"urlTemplate\":\"https:\/\/www.specagra.ee\/?s={search_term_string}\"},\"query-input\":{\"@type\":\"PropertyValueSpecification\",\"valueRequired\":true,\"valueName\":\"search_term_string\"}}],\"inLanguage\":\"et\"},{\"@type\":\"Organization\",\"@id\":\"https:\/\/www.specagra.ee\/#organization\",\"name\":\"UAB Specagra\",\"url\":\"https:\/\/www.specagra.ee\/\",\"logo\":{\"@type\":\"ImageObject\",\"inLanguage\":\"et\",\"@id\":\"https:\/\/www.specagra.ee\/#\/schema\/logo\/image\/\",\"url\":\"http:\/\/www.specagra.ee\/wp-content\/uploads\/2022\/02\/SP-logo_naujas-scaled.jpg\",\"contentUrl\":\"http:\/\/www.specagra.ee\/wp-content\/uploads\/2022\/02\/SP-logo_naujas-scaled.jpg\",\"width\":2560,\"height\":326,\"caption\":\"UAB Specagra\"},\"image\":{\"@id\":\"https:\/\/www.specagra.ee\/#\/schema\/logo\/image\/\"}}]}<\/script>\n<!-- \/ Yoast SEO plugin. -->","yoast_head_json":{"title":"Pa\u0161ar\u0173 loviai ver\u0161eliams ir avims \/ o\u017ekoms - Specagra","robots":{"index":"index","follow":"follow","max-snippet":"max-snippet:-1","max-image-preview":"max-image-preview:large","max-video-preview":"max-video-preview:-1"},"canonical":"https:\/\/www.specagra.ee\/?product=pasaru-loviai-verseliams-ir-avims-ozkoms","og_locale":"et_EE","og_type":"article","og_title":"Pa\u0161ar\u0173 loviai ver\u0161eliams ir avims \/ o\u017ekoms - Specagra","og_description":"Loviai skirti ver\u0161eli\u0173, avi\u0173, o\u017ek\u0173 \u0161\u0117rimui tiek viduje, tiek lauke. Tinka biriems pa\u0161arams bei skystiems, supilstytiems \u012f kibir\u0117lius. Plotis: 36 cm x gylis 22 cm x auk\u0161tis ant reguliuojam\u0173 koj\u0173 31-46 cm &nbsp; Lovys pagamintas i\u0161 didelio tankio HDPE plastiko, atsparaus UV spinduliams. Gamintojas suteikia 5-eri\u0173 met\u0173 garantij\u0105 visiems gamykliniams defektams. Atspar\u016bs r\u016bg\u0161\u010diai ir lengvai [&hellip;]","og_url":"https:\/\/www.specagra.ee\/?product=pasaru-loviai-verseliams-ir-avims-ozkoms","og_site_name":"Specagra","article_modified_time":"2025-03-17T14:53:51+00:00","og_image":[{"width":800,"height":800,"url":"https:\/\/www.specagra.ee\/wp-content\/uploads\/2020\/08\/Untitled-design150.jpg","type":"image\/jpeg"}],"twitter_card":"summary_large_image","twitter_misc":{"Est. reading time":"1 minut"},"schema":{"@context":"https:\/\/schema.org","@graph":[{"@type":"WebPage","@id":"https:\/\/www.specagra.ee\/?product=pasaru-loviai-verseliams-ir-avims-ozkoms","url":"https:\/\/www.specagra.ee\/?product=pasaru-loviai-verseliams-ir-avims-ozkoms","name":"Pa\u0161ar\u0173 loviai ver\u0161eliams ir avims \/ o\u017ekoms - Specagra","isPartOf":{"@id":"https:\/\/www.specagra.ee\/#website"},"primaryImageOfPage":{"@id":"https:\/\/www.specagra.ee\/?product=pasaru-loviai-verseliams-ir-avims-ozkoms#primaryimage"},"image":{"@id":"https:\/\/www.specagra.ee\/?product=pasaru-loviai-verseliams-ir-avims-ozkoms#primaryimage"},"thumbnailUrl":"https:\/\/www.specagra.ee\/wp-content\/uploads\/2020\/08\/Untitled-design150.jpg","datePublished":"2020-08-20T05:45:53+00:00","dateModified":"2025-03-17T14:53:51+00:00","breadcrumb":{"@id":"https:\/\/www.specagra.ee\/?product=pasaru-loviai-verseliams-ir-avims-ozkoms#breadcrumb"},"inLanguage":"et","potentialAction":[{"@type":"ReadAction","target":["https:\/\/www.specagra.ee\/?product=pasaru-loviai-verseliams-ir-avims-ozkoms"]}]},{"@type":"ImageObject","inLanguage":"et","@id":"https:\/\/www.specagra.ee\/?product=pasaru-loviai-verseliams-ir-avims-ozkoms#primaryimage","url":"https:\/\/www.specagra.ee\/wp-content\/uploads\/2020\/08\/Untitled-design150.jpg","contentUrl":"https:\/\/www.specagra.ee\/wp-content\/uploads\/2020\/08\/Untitled-design150.jpg","width":800,"height":800,"caption":"Pa\u0161ar\u0173 loviai ver\u0161eliams ir avims \/ o\u017ekoms"},{"@type":"BreadcrumbList","@id":"https:\/\/www.specagra.ee\/?product=pasaru-loviai-verseliams-ir-avims-ozkoms#breadcrumb","itemListElement":[{"@type":"ListItem","position":1,"name":"Home","item":"https:\/\/www.specagra.ee\/"},{"@type":"ListItem","position":2,"name":"P\u00f5llumajandustehnika ja loomakasvatus","item":"https:\/\/specagra.ee\/?page_id=18493"},{"@type":"ListItem","position":3,"name":"Pa\u0161ar\u0173 loviai ver\u0161eliams ir avims \/ o\u017ekoms"}]},{"@type":"WebSite","@id":"https:\/\/www.specagra.ee\/#website","url":"https:\/\/www.specagra.ee\/","name":"Specagra","description":"P\u00f5llumajandustehnika ja varuosad","publisher":{"@id":"https:\/\/www.specagra.ee\/#organization"},"potentialAction":[{"@type":"SearchAction","target":{"@type":"EntryPoint","urlTemplate":"https:\/\/www.specagra.ee\/?s={search_term_string}"},"query-input":{"@type":"PropertyValueSpecification","valueRequired":true,"valueName":"search_term_string"}}],"inLanguage":"et"},{"@type":"Organization","@id":"https:\/\/www.specagra.ee\/#organization","name":"UAB Specagra","url":"https:\/\/www.specagra.ee\/","logo":{"@type":"ImageObject","inLanguage":"et","@id":"https:\/\/www.specagra.ee\/#\/schema\/logo\/image\/","url":"http:\/\/www.specagra.ee\/wp-content\/uploads\/2022\/02\/SP-logo_naujas-scaled.jpg","contentUrl":"http:\/\/www.specagra.ee\/wp-content\/uploads\/2022\/02\/SP-logo_naujas-scaled.jpg","width":2560,"height":326,"caption":"UAB Specagra"},"image":{"@id":"https:\/\/www.specagra.ee\/#\/schema\/logo\/image\/"}}]}},"_links":{"self":[{"href":"https:\/\/www.specagra.ee\/index.php?rest_route=\/wp\/v2\/product\/8278","targetHints":{"allow":["GET"]}}],"collection":[{"href":"https:\/\/www.specagra.ee\/index.php?rest_route=\/wp\/v2\/product"}],"about":[{"href":"https:\/\/www.specagra.ee\/index.php?rest_route=\/wp\/v2\/types\/product"}],"wp:featuredmedia":[{"embeddable":true,"href":"https:\/\/www.specagra.ee\/index.php?rest_route=\/wp\/v2\/media\/19274"}],"wp:attachment":[{"href":"https:\/\/www.specagra.ee\/index.php?rest_route=%2Fwp%2Fv2%2Fmedia&parent=8278"}],"wp:term":[{"taxonomy":"product_brand","embeddable":true,"href":"https:\/\/www.specagra.ee\/index.php?rest_route=%2Fwp%2Fv2%2Fproduct_brand&post=8278"},{"taxonomy":"product_cat","embeddable":true,"href":"https:\/\/www.specagra.ee\/index.php?rest_route=%2Fwp%2Fv2%2Fproduct_cat&post=8278"},{"taxonomy":"product_tag","embeddable":true,"href":"https:\/\/www.specagra.ee\/index.php?rest_route=%2Fwp%2Fv2%2Fproduct_tag&post=8278"}],"curies":[{"name":"wp","href":"https:\/\/api.w.org\/{rel}","templated":true}]}}