{"id":7885,"date":"2020-08-19T04:18:52","date_gmt":"2020-08-19T06:18:52","guid":{"rendered":"https:\/\/www.specagra.ee.nemokamossvetaines.hostingas.lt\/?post_type=product&#038;p=7885"},"modified":"2020-08-19T04:18:53","modified_gmt":"2020-08-19T06:18:53","slug":"stovas-srk-5-risamai-karvei","status":"publish","type":"product","link":"https:\/\/www.specagra.ee\/?product=stovas-srk-5-risamai-karvei","title":{"rendered":"Stovas SRK 5 ri\u0161amai karvei"},"content":{"rendered":"<p>BENDRAS APRA\u0160YMAS:<\/p>\n<ul>\n<li>Stovai SRK 5 skirti saitiniam galvij\u0173 laikymui.<\/li>\n<li>Saitinis kai galvijai laikomi priri\u0161ti ir ri\u0161ami saitu;<\/li>\n<li>Galvijai ri\u0161ami vienin\u0117se kreikiamose arba nekreikiamose perdaryn\u0117se;<\/li>\n<li>Perdaryni\u0173 pertvaros SRK 5 tarp greta stovin\u010di\u0173 galvij\u0173 \u012frengiamos prie stov\u0173 kas antra stov\u0117jimo vieta.<\/li>\n<\/ul>\n<p>Saitinis laikymo b\u016bdas. Taikant \u0161\u012f laikymo b\u016bd\u0105, karv\u0117s tvartuose yra ri\u0161amos. Taip laikomos karv\u0117s \u0161eriamos ir mel\u017eiamos stov\u0117jimo vietoje, tod\u0117l galima taupyti pa\u0161arus, tiksliai normuojant pagal kiekvieno gyvulio produktyvum\u0105. Be to, kiekviena karv\u0117 per vis\u0105 tvartin\u012f laikotarp\u012f turi pastovi\u0105, rami\u0105 \u0161\u0117rimo ir gul\u0117jimo viet\u0105 bei tas pa\u010dias kaimynes, d\u0117l to ji patiria ma\u017eiau streso.<\/p>\n","protected":false},"excerpt":{"rendered":"<p>BENDRAS APRA\u0160YMAS: Stovai SRK 5 skirti saitiniam galvij\u0173 laikymui. Saitinis kai galvijai laikomi priri\u0161ti ir ri\u0161ami saitu; Galvijai ri\u0161ami vienin\u0117se kreikiamose arba nekreikiamose perdaryn\u0117se; Perdaryni\u0173 pertvaros SRK 5 tarp greta stovin\u010di\u0173 galvij\u0173 \u012frengiamos prie stov\u0173 kas antra stov\u0117jimo vieta. Saitinis laikymo b\u016bdas. Taikant \u0161\u012f laikymo b\u016bd\u0105, karv\u0117s tvartuose yra ri\u0161amos. Taip laikomos karv\u0117s \u0161eriamos ir [&hellip;]<\/p>\n","protected":false},"featured_media":7886,"template":"","meta":{"_et_pb_use_builder":"","_et_pb_old_content":"","_et_gb_content_width":""},"product_brand":[],"product_cat":[137],"product_tag":[],"class_list":{"0":"post-7885","1":"product","2":"type-product","3":"status-publish","4":"has-post-thumbnail","6":"product_cat-vahepaneelid-aedikud-postid","8":"first","9":"instock","10":"shipping-taxable","11":"product-type-simple"},"yoast_head":"<!-- This site is optimized with the Yoast SEO plugin v26.4 - https:\/\/yoast.com\/wordpress\/plugins\/seo\/ -->\n<title>Stovas SRK 5 ri\u0161amai karvei - Specagra<\/title>\n<meta name=\"robots\" content=\"index, follow, max-snippet:-1, max-image-preview:large, max-video-preview:-1\" \/>\n<link rel=\"canonical\" href=\"https:\/\/www.specagra.ee\/?product=stovas-srk-5-risamai-karvei\" \/>\n<meta property=\"og:locale\" content=\"et_EE\" \/>\n<meta property=\"og:type\" content=\"article\" \/>\n<meta property=\"og:title\" content=\"Stovas SRK 5 ri\u0161amai karvei - Specagra\" \/>\n<meta property=\"og:description\" content=\"BENDRAS APRA\u0160YMAS: Stovai SRK 5 skirti saitiniam galvij\u0173 laikymui. Saitinis kai galvijai laikomi priri\u0161ti ir ri\u0161ami saitu; Galvijai ri\u0161ami vienin\u0117se kreikiamose arba nekreikiamose perdaryn\u0117se; Perdaryni\u0173 pertvaros SRK 5 tarp greta stovin\u010di\u0173 galvij\u0173 \u012frengiamos prie stov\u0173 kas antra stov\u0117jimo vieta. Saitinis laikymo b\u016bdas. Taikant \u0161\u012f laikymo b\u016bd\u0105, karv\u0117s tvartuose yra ri\u0161amos. Taip laikomos karv\u0117s \u0161eriamos ir [&hellip;]\" \/>\n<meta property=\"og:url\" content=\"https:\/\/www.specagra.ee\/?product=stovas-srk-5-risamai-karvei\" \/>\n<meta property=\"og:site_name\" content=\"Specagra\" \/>\n<meta property=\"article:modified_time\" content=\"2020-08-19T06:18:53+00:00\" \/>\n<meta property=\"og:image\" content=\"https:\/\/www.specagra.ee\/wp-content\/uploads\/2020\/08\/SRK-5-360x360-1.jpg\" \/>\n\t<meta property=\"og:image:width\" content=\"360\" \/>\n\t<meta property=\"og:image:height\" content=\"360\" \/>\n\t<meta property=\"og:image:type\" content=\"image\/jpeg\" \/>\n<meta name=\"twitter:card\" content=\"summary_large_image\" \/>\n<meta name=\"twitter:label1\" content=\"Est. reading time\" \/>\n\t<meta name=\"twitter:data1\" content=\"1 minut\" \/>\n<script type=\"application\/ld+json\" class=\"yoast-schema-graph\">{\"@context\":\"https:\/\/schema.org\",\"@graph\":[{\"@type\":\"WebPage\",\"@id\":\"https:\/\/www.specagra.ee\/?product=stovas-srk-5-risamai-karvei\",\"url\":\"https:\/\/www.specagra.ee\/?product=stovas-srk-5-risamai-karvei\",\"name\":\"Stovas SRK 5 ri\u0161amai karvei - Specagra\",\"isPartOf\":{\"@id\":\"https:\/\/www.specagra.ee\/#website\"},\"primaryImageOfPage\":{\"@id\":\"https:\/\/www.specagra.ee\/?product=stovas-srk-5-risamai-karvei#primaryimage\"},\"image\":{\"@id\":\"https:\/\/www.specagra.ee\/?product=stovas-srk-5-risamai-karvei#primaryimage\"},\"thumbnailUrl\":\"https:\/\/www.specagra.ee\/wp-content\/uploads\/2020\/08\/SRK-5-360x360-1.jpg\",\"datePublished\":\"2020-08-19T06:18:52+00:00\",\"dateModified\":\"2020-08-19T06:18:53+00:00\",\"breadcrumb\":{\"@id\":\"https:\/\/www.specagra.ee\/?product=stovas-srk-5-risamai-karvei#breadcrumb\"},\"inLanguage\":\"et\",\"potentialAction\":[{\"@type\":\"ReadAction\",\"target\":[\"https:\/\/www.specagra.ee\/?product=stovas-srk-5-risamai-karvei\"]}]},{\"@type\":\"ImageObject\",\"inLanguage\":\"et\",\"@id\":\"https:\/\/www.specagra.ee\/?product=stovas-srk-5-risamai-karvei#primaryimage\",\"url\":\"https:\/\/www.specagra.ee\/wp-content\/uploads\/2020\/08\/SRK-5-360x360-1.jpg\",\"contentUrl\":\"https:\/\/www.specagra.ee\/wp-content\/uploads\/2020\/08\/SRK-5-360x360-1.jpg\",\"width\":360,\"height\":360},{\"@type\":\"BreadcrumbList\",\"@id\":\"https:\/\/www.specagra.ee\/?product=stovas-srk-5-risamai-karvei#breadcrumb\",\"itemListElement\":[{\"@type\":\"ListItem\",\"position\":1,\"name\":\"Home\",\"item\":\"https:\/\/www.specagra.ee\/\"},{\"@type\":\"ListItem\",\"position\":2,\"name\":\"P\u00f5llumajandustehnika ja loomakasvatus\",\"item\":\"https:\/\/specagra.ee\/?page_id=18493\"},{\"@type\":\"ListItem\",\"position\":3,\"name\":\"Stovas SRK 5 ri\u0161amai karvei\"}]},{\"@type\":\"WebSite\",\"@id\":\"https:\/\/www.specagra.ee\/#website\",\"url\":\"https:\/\/www.specagra.ee\/\",\"name\":\"Specagra\",\"description\":\"P\u00f5llumajandustehnika ja varuosad\",\"publisher\":{\"@id\":\"https:\/\/www.specagra.ee\/#organization\"},\"potentialAction\":[{\"@type\":\"SearchAction\",\"target\":{\"@type\":\"EntryPoint\",\"urlTemplate\":\"https:\/\/www.specagra.ee\/?s={search_term_string}\"},\"query-input\":{\"@type\":\"PropertyValueSpecification\",\"valueRequired\":true,\"valueName\":\"search_term_string\"}}],\"inLanguage\":\"et\"},{\"@type\":\"Organization\",\"@id\":\"https:\/\/www.specagra.ee\/#organization\",\"name\":\"UAB Specagra\",\"url\":\"https:\/\/www.specagra.ee\/\",\"logo\":{\"@type\":\"ImageObject\",\"inLanguage\":\"et\",\"@id\":\"https:\/\/www.specagra.ee\/#\/schema\/logo\/image\/\",\"url\":\"http:\/\/www.specagra.ee\/wp-content\/uploads\/2022\/02\/SP-logo_naujas-scaled.jpg\",\"contentUrl\":\"http:\/\/www.specagra.ee\/wp-content\/uploads\/2022\/02\/SP-logo_naujas-scaled.jpg\",\"width\":2560,\"height\":326,\"caption\":\"UAB Specagra\"},\"image\":{\"@id\":\"https:\/\/www.specagra.ee\/#\/schema\/logo\/image\/\"}}]}<\/script>\n<!-- \/ Yoast SEO plugin. -->","yoast_head_json":{"title":"Stovas SRK 5 ri\u0161amai karvei - Specagra","robots":{"index":"index","follow":"follow","max-snippet":"max-snippet:-1","max-image-preview":"max-image-preview:large","max-video-preview":"max-video-preview:-1"},"canonical":"https:\/\/www.specagra.ee\/?product=stovas-srk-5-risamai-karvei","og_locale":"et_EE","og_type":"article","og_title":"Stovas SRK 5 ri\u0161amai karvei - Specagra","og_description":"BENDRAS APRA\u0160YMAS: Stovai SRK 5 skirti saitiniam galvij\u0173 laikymui. Saitinis kai galvijai laikomi priri\u0161ti ir ri\u0161ami saitu; Galvijai ri\u0161ami vienin\u0117se kreikiamose arba nekreikiamose perdaryn\u0117se; Perdaryni\u0173 pertvaros SRK 5 tarp greta stovin\u010di\u0173 galvij\u0173 \u012frengiamos prie stov\u0173 kas antra stov\u0117jimo vieta. Saitinis laikymo b\u016bdas. Taikant \u0161\u012f laikymo b\u016bd\u0105, karv\u0117s tvartuose yra ri\u0161amos. Taip laikomos karv\u0117s \u0161eriamos ir [&hellip;]","og_url":"https:\/\/www.specagra.ee\/?product=stovas-srk-5-risamai-karvei","og_site_name":"Specagra","article_modified_time":"2020-08-19T06:18:53+00:00","og_image":[{"width":360,"height":360,"url":"https:\/\/www.specagra.ee\/wp-content\/uploads\/2020\/08\/SRK-5-360x360-1.jpg","type":"image\/jpeg"}],"twitter_card":"summary_large_image","twitter_misc":{"Est. reading time":"1 minut"},"schema":{"@context":"https:\/\/schema.org","@graph":[{"@type":"WebPage","@id":"https:\/\/www.specagra.ee\/?product=stovas-srk-5-risamai-karvei","url":"https:\/\/www.specagra.ee\/?product=stovas-srk-5-risamai-karvei","name":"Stovas SRK 5 ri\u0161amai karvei - Specagra","isPartOf":{"@id":"https:\/\/www.specagra.ee\/#website"},"primaryImageOfPage":{"@id":"https:\/\/www.specagra.ee\/?product=stovas-srk-5-risamai-karvei#primaryimage"},"image":{"@id":"https:\/\/www.specagra.ee\/?product=stovas-srk-5-risamai-karvei#primaryimage"},"thumbnailUrl":"https:\/\/www.specagra.ee\/wp-content\/uploads\/2020\/08\/SRK-5-360x360-1.jpg","datePublished":"2020-08-19T06:18:52+00:00","dateModified":"2020-08-19T06:18:53+00:00","breadcrumb":{"@id":"https:\/\/www.specagra.ee\/?product=stovas-srk-5-risamai-karvei#breadcrumb"},"inLanguage":"et","potentialAction":[{"@type":"ReadAction","target":["https:\/\/www.specagra.ee\/?product=stovas-srk-5-risamai-karvei"]}]},{"@type":"ImageObject","inLanguage":"et","@id":"https:\/\/www.specagra.ee\/?product=stovas-srk-5-risamai-karvei#primaryimage","url":"https:\/\/www.specagra.ee\/wp-content\/uploads\/2020\/08\/SRK-5-360x360-1.jpg","contentUrl":"https:\/\/www.specagra.ee\/wp-content\/uploads\/2020\/08\/SRK-5-360x360-1.jpg","width":360,"height":360},{"@type":"BreadcrumbList","@id":"https:\/\/www.specagra.ee\/?product=stovas-srk-5-risamai-karvei#breadcrumb","itemListElement":[{"@type":"ListItem","position":1,"name":"Home","item":"https:\/\/www.specagra.ee\/"},{"@type":"ListItem","position":2,"name":"P\u00f5llumajandustehnika ja loomakasvatus","item":"https:\/\/specagra.ee\/?page_id=18493"},{"@type":"ListItem","position":3,"name":"Stovas SRK 5 ri\u0161amai karvei"}]},{"@type":"WebSite","@id":"https:\/\/www.specagra.ee\/#website","url":"https:\/\/www.specagra.ee\/","name":"Specagra","description":"P\u00f5llumajandustehnika ja varuosad","publisher":{"@id":"https:\/\/www.specagra.ee\/#organization"},"potentialAction":[{"@type":"SearchAction","target":{"@type":"EntryPoint","urlTemplate":"https:\/\/www.specagra.ee\/?s={search_term_string}"},"query-input":{"@type":"PropertyValueSpecification","valueRequired":true,"valueName":"search_term_string"}}],"inLanguage":"et"},{"@type":"Organization","@id":"https:\/\/www.specagra.ee\/#organization","name":"UAB Specagra","url":"https:\/\/www.specagra.ee\/","logo":{"@type":"ImageObject","inLanguage":"et","@id":"https:\/\/www.specagra.ee\/#\/schema\/logo\/image\/","url":"http:\/\/www.specagra.ee\/wp-content\/uploads\/2022\/02\/SP-logo_naujas-scaled.jpg","contentUrl":"http:\/\/www.specagra.ee\/wp-content\/uploads\/2022\/02\/SP-logo_naujas-scaled.jpg","width":2560,"height":326,"caption":"UAB Specagra"},"image":{"@id":"https:\/\/www.specagra.ee\/#\/schema\/logo\/image\/"}}]}},"_links":{"self":[{"href":"https:\/\/www.specagra.ee\/index.php?rest_route=\/wp\/v2\/product\/7885","targetHints":{"allow":["GET"]}}],"collection":[{"href":"https:\/\/www.specagra.ee\/index.php?rest_route=\/wp\/v2\/product"}],"about":[{"href":"https:\/\/www.specagra.ee\/index.php?rest_route=\/wp\/v2\/types\/product"}],"wp:featuredmedia":[{"embeddable":true,"href":"https:\/\/www.specagra.ee\/index.php?rest_route=\/wp\/v2\/media\/7886"}],"wp:attachment":[{"href":"https:\/\/www.specagra.ee\/index.php?rest_route=%2Fwp%2Fv2%2Fmedia&parent=7885"}],"wp:term":[{"taxonomy":"product_brand","embeddable":true,"href":"https:\/\/www.specagra.ee\/index.php?rest_route=%2Fwp%2Fv2%2Fproduct_brand&post=7885"},{"taxonomy":"product_cat","embeddable":true,"href":"https:\/\/www.specagra.ee\/index.php?rest_route=%2Fwp%2Fv2%2Fproduct_cat&post=7885"},{"taxonomy":"product_tag","embeddable":true,"href":"https:\/\/www.specagra.ee\/index.php?rest_route=%2Fwp%2Fv2%2Fproduct_tag&post=7885"}],"curies":[{"name":"wp","href":"https:\/\/api.w.org\/{rel}","templated":true}]}}