{"id":7204,"date":"2020-08-11T08:52:22","date_gmt":"2020-08-11T10:52:22","guid":{"rendered":"https:\/\/www.specagra.ee.nemokamossvetaines.hostingas.lt\/?post_type=product&#038;p=7204"},"modified":"2024-11-20T11:39:10","modified_gmt":"2024-11-20T13:39:10","slug":"grudines-puspriekabes-zemaitukas","status":"publish","type":"product","link":"https:\/\/www.specagra.ee\/?product=grudines-puspriekabes-zemaitukas","title":{"rendered":"Gr\u016bdin\u0117s puspriekab\u0117s \u017dEMAITUKAS"},"content":{"rendered":"<h5><strong>\u00a0\u017dEMAITUKAS\u00a0<\/strong><strong>LINIJOS GR\u016aD\u0172 PRIEKABOS BIRIEMS KROVINIAMS TRANSPORTUOTI:<\/strong><\/h5>\n<ul>\n<li>Savivert\u0117 traktorin\u0117 puspriekab\u0117\u00a0<strong>\u017dEMAITUKAS<\/strong>\u00a0skirta \u017eem\u0117s \u016bkio produkt\u0173 ir kit\u0173 krovini\u0173 perve\u017eimui. Puspriekab\u0117s\u00a0<strong>\u017dEMAITUKAS<\/strong>\u00a0yra i\u0161skirtini\u0173 savybi\u0173, auk\u0161\u010diausios kokyb\u0117s ir konkurencingos kainos. Joms b\u016bdinga didel\u0117 talpa, galimyb\u0117 va\u017eiuoti didelius atstumus nuo pasikrovimo iki i\u0161sikrovimo vietos.<\/li>\n<li>Auk\u0161tos kokyb\u0117s asortimente si\u016blomi 5 modeliai, kuri\u0173 talpa nuo 12,5 iki 30 kubini\u0173 metr\u0173, o su paauk\u0161tinamaisiais bortais nuo 17,1 iki 40,1 kubini\u0173 metr\u0173.<\/li>\n<li>Visoms \u0161ioms puspriekab\u0117ms b\u016bdingas naujausi\u0173 technologij\u0173 va\u017eiuokl\u0117s ir k\u0117bulo dizainas, \u012fskaitant visapusi\u0161k\u0105 itin tvirto plieno konstrukcijos element\u0173 panaudojim\u0105, siekiant u\u017etikrinti didesn\u0119 keliam\u0105j\u0105 gali\u0105 ir ma\u017eesn\u012f puspriekab\u0117s svor\u012f. \u00a0\u017dEMAITUKAS Z linijos gr\u016bd\u0173 priekabos biriems kroviniams transportuoti.<\/li>\n<\/ul>\n<h5><strong>KOMPLEKTACIJA:<\/strong><\/h5>\n<ul>\n<li>A\u0161ys\u00a0su bugniniais stabd\u017eiais<\/li>\n<li>Orini\u0173 stabd\u017ei\u0173 sistema su apkrovos vo\u017etuvu. Priklausomai nuo krovinio svorio, apkrovos vo\u017etuvas, padidina arba pama\u017eina stabd\u017ei\u0173 gali\u0105, taip ekonomi\u0161kiau ir efektyviau naudojami stabd\u017eiai, taupomos padangos, stabd\u017ei\u0173 dalys. Galima sumontuoti ir Hidraulinius arba dvigub\u0105 \u2013 Orin\u0119 ir Hidraulin\u0119 stabd\u017ei\u0173 sistem\u0105.<\/li>\n<li>Pusiau automatin\u0117s stabd\u017ei\u0173 terk\u0161l\u0117s. Besid\u0117vint stabd\u017ei\u0173 kalad\u0117l\u0117ms, lengva padidinti kalad\u0117li\u0173 prispaudim\u0105, lengvai sureguliuoti stabd\u017ei\u0173 gali\u0105. Tikrinti periodi\u0161kai. Automatin\u0117s stabd\u017ei\u0173 terk\u0161l\u0117s \u2013 papildomai<\/li>\n<li>Priekabos<strong> galinio borto apsauga nuo nety\u010dinio ar savaiminio atsidarymo.\u00a0<\/strong>Hidraulinis bortas atsidaro tik truput\u012f prik\u0117lus priekabos k\u0117bul\u0105<\/li>\n<li>Daugialak\u0161t\u0117 amortizuojanti lingin\u0117 pakaba<\/li>\n<li><strong>K\u0117bulo metalo storis<\/strong>\u2013 \u0161onai 4 mm, dugnas 4 mm. K\u0117bulo forma i\u0161gaubta, tai suteikia konstrukcinio tvirtumo be papildom\u0173 statrams\u010di\u0173, be papildomo svorio. Pageidaujant, galima montuoti storesn\u012f arba naudoti HARDOX 500 Tuf metal\u0105<\/li>\n<li>Gr\u0105\u017eulas su amortizuojan\u010dia linge \u2013 daugiau saugumo, suteikia komforto, sugeria apkrovas tempiant, sutrumpina stabdymo keli\u0105. Standartin\u0117je komplektacijoje modeliams Z-16 ir Z19<\/li>\n<li>Daugiapakopis i\u0161vertimo cilindras\u00a0\u2013\u00a0 geriausios kokyb\u0117s rinkoje itali\u0161ki\u00a0Di Natale \u2013 Bertelli,\u00a0pasi\u017eymi ilgaam\u017ei\u0161kumu, patvarumu, atsparumu trin\u010diai ir perkrovoms<\/li>\n<li>Modeli\u0173\u00a0<strong>Z-20S<\/strong>\u00a0ir\u00a0<strong>Z-22<\/strong>\u00a0standartinis<strong>\u00a0Gr\u0105\u017eulas su hidrauline amortizacijos sistema<\/strong> \u2013 prikelia va\u017eiuokl\u0119, prispaud\u017eia traktoriaus gal\u0105, padidina i\u0161vertimo kamp\u0105, amortizuoja tempiant krovin\u012f<\/li>\n<li>Galinio borto sandarinimas \u2013\u00a0dviguba gumin\u0117 sandarinimo juosta sumontuota ant galinio borto.\u00a0 U\u017erakto pagalba, bortas automati\u0161kai prispaud\u017eiamas prie k\u0117bulo, taip i\u0161vengiama bir\u0173 produkt\u0173 i\u0161byr\u0117jimo<\/li>\n<li>Nuimamas<strong> galinis bamperis<\/strong>. Nuimamo galinio bamperio tvirtinimo laikikliai prisukti bamper\u012f<\/li>\n<li>Guminiai purvasaugiai d\u0117\u017e\u0117s priekyje<\/li>\n<li>Suvyniojamas tentas \u2013 patogiai u\u017edengti ir atidengti gr\u016bd\u0173 priekabos k\u0117bul\u0105 per ypa\u010d trump\u0105 laik\u0105. Atidengimui suvyniojamas tentas su viduriniu vamzd\u017eiu, o u\u017etentavimui \u2013 u\u017etraukiamas<\/li>\n<li>Galin\u0117\u00a0<strong>tempimo kilpa<\/strong><\/li>\n<li>Aptarnavimo aik\u0161tel\u0117 k\u0117bulo priekyje \u2013 patogu u\u017elipti u\u017etentuoti ir nutentuoti k\u0117bul\u0105, o taip pat paimti m\u0117gin\u012f<\/li>\n<li>Nuimamos lengvos kopet\u0117l\u0117s. K\u0117bulo viduje \u2013 pakopos i\u0161lipti<\/li>\n<li><b>Standartiniai ratai:\u00a0<\/b><\/li>\n<li>Z-14 \u2013\u00a0<strong>Bandenmarkt Kargo Radial 400R22,5\u201c<\/strong>\u00a0restauruotos (400 mm plo\u010dio, 5400 kg)<\/li>\n<li>Z-16 \u2013\u00a0<strong>NOKIAN 500\/60R22.5\u2033<\/strong>\u00a0146D ELS TL (500 mm plo\u010dio, 4 080 kg\/40km\/val)<\/li>\n<li>Z-19 \u2013\u00a0<strong>NOKIAN 560\/60R22.5\u2033<\/strong>\u00a0152D Country King TL (560 mm plo\u010dio, 6 300 kg\/40km\/val)<\/li>\n<li>Z-20 \u2013\u00a0<strong>NOKIAN 710\/35R22.5\u2033<\/strong>\u00a0157D Country King TL (710 mm plo\u010dio, 5 620 kg\/40km\/val)<\/li>\n<li>Gr\u016bd\u0173 liukas galiniame borte<\/li>\n<li>Kieto storo plastiko\u00a0langas priekiniame k\u0117bulo borte su apsaugin\u0117mis grotel\u0117mis<\/li>\n<\/ul>\n<p>PAPILDOMI PRIEDAI:<\/p>\n<ul>\n<li>ABS &#8211; ABS stabd\u017ei\u0173 sistema (oriniams stabd\u017eiams)<\/li>\n<li>TK4,1 &#8211; Prisukama, rutulin\u0117 tempimo kilpa, Scharmuller tipo 4-6 t, K-81<\/li>\n<li>PB1 &#8211; Paauk\u0161tinamieji bortai (3mm metaliniai, auk\u0161tis 300mm)<\/li>\n<li>PB3 &#8211; Paauk\u0161tinamieji bortai \u017ealiai masei (tinklas, 500mm auk\u0161tis)<\/li>\n<li>PB4 &#8211; Paauk\u0161tinamieji bortai \u017ealiai masei (tinklas, 1000mm auk\u0161tis)<\/li>\n<li>PP1,6 &#8211; Greito k\u0117bulo nuleidimo sistema<\/li>\n<li>PP13,1 &#8211; Plastikiniai purvasaugiai (2vnt. ketvir\u010diai) (papildomi)<\/li>\n<li>PP14 &#8211; Metalin\u0117 d\u0117\u017e\u0117 \u012frankiams ir tvirtinimo dir\u017eams (u\u017erakinama)<\/li>\n<li>PP14,4 &#8211; Ner\u016bdyjan\u010dio plieno \u012franki\u0173 d\u0117\u017e\u0117 1000x500x500 (u\u017erakinama)<\/li>\n<li>ES5,1 &#8211; 2 vnt. Darbin\u0117s LED lempos priekyje 10-30V (modelis AR1028)<\/li>\n<li>PP1,4 &#8211; Papildoma hidraulin\u0117 jungtis gale (1 pora)<\/li>\n<li>GJ &#8211; Elektros ir stabd\u017ei\u0173 jungtys gale<\/li>\n<li>GD6.1 &#8211; Sraigtinis konvejeris (\u0161nekas) na\u0161umas 25 t. \/ val<\/li>\n<li>GD6.2 &#8211; Sraigtinis konvejeris (\u0161nekas) na\u0161umas 35 t. \/ val<\/li>\n<li>AK3 &#8211; Hidraulin\u0117 atramin\u0117 koja<\/li>\n<li>SP3 &#8211; Spalva pagal pageidavima<\/li>\n<\/ul>\n","protected":false},"excerpt":{"rendered":"<p>\u00a0\u017dEMAITUKAS\u00a0LINIJOS GR\u016aD\u0172 PRIEKABOS BIRIEMS KROVINIAMS TRANSPORTUOTI: Savivert\u0117 traktorin\u0117 puspriekab\u0117\u00a0\u017dEMAITUKAS\u00a0skirta \u017eem\u0117s \u016bkio produkt\u0173 ir kit\u0173 krovini\u0173 perve\u017eimui. Puspriekab\u0117s\u00a0\u017dEMAITUKAS\u00a0yra i\u0161skirtini\u0173 savybi\u0173, auk\u0161\u010diausios kokyb\u0117s ir konkurencingos kainos. Joms b\u016bdinga didel\u0117 talpa, galimyb\u0117 va\u017eiuoti didelius atstumus nuo pasikrovimo iki i\u0161sikrovimo vietos. Auk\u0161tos kokyb\u0117s asortimente si\u016blomi 5 modeliai, kuri\u0173 talpa nuo 12,5 iki 30 kubini\u0173 metr\u0173, o su paauk\u0161tinamaisiais bortais [&hellip;]<\/p>\n","protected":false},"featured_media":17943,"template":"","meta":{"_et_pb_use_builder":"","_et_pb_old_content":"","_et_gb_content_width":""},"product_brand":[],"product_cat":[95],"product_tag":[],"class_list":{"0":"post-7204","1":"product","2":"type-product","3":"status-publish","4":"has-post-thumbnail","6":"product_cat-traktorikarud-ja-poolhaagised","8":"first","9":"instock","10":"shipping-taxable","11":"product-type-simple"},"yoast_head":"<!-- This site is optimized with the Yoast SEO plugin v26.4 - https:\/\/yoast.com\/wordpress\/plugins\/seo\/ -->\n<title>Gr\u016bdin\u0117s puspriekab\u0117s \u017dEMAITUKAS - Specagra<\/title>\n<meta name=\"robots\" content=\"index, follow, max-snippet:-1, max-image-preview:large, max-video-preview:-1\" \/>\n<link rel=\"canonical\" href=\"https:\/\/www.specagra.ee\/?product=grudines-puspriekabes-zemaitukas\" \/>\n<meta property=\"og:locale\" content=\"et_EE\" \/>\n<meta property=\"og:type\" content=\"article\" \/>\n<meta property=\"og:title\" content=\"Gr\u016bdin\u0117s puspriekab\u0117s \u017dEMAITUKAS - Specagra\" \/>\n<meta property=\"og:description\" content=\"\u00a0\u017dEMAITUKAS\u00a0LINIJOS GR\u016aD\u0172 PRIEKABOS BIRIEMS KROVINIAMS TRANSPORTUOTI: Savivert\u0117 traktorin\u0117 puspriekab\u0117\u00a0\u017dEMAITUKAS\u00a0skirta \u017eem\u0117s \u016bkio produkt\u0173 ir kit\u0173 krovini\u0173 perve\u017eimui. Puspriekab\u0117s\u00a0\u017dEMAITUKAS\u00a0yra i\u0161skirtini\u0173 savybi\u0173, auk\u0161\u010diausios kokyb\u0117s ir konkurencingos kainos. Joms b\u016bdinga didel\u0117 talpa, galimyb\u0117 va\u017eiuoti didelius atstumus nuo pasikrovimo iki i\u0161sikrovimo vietos. Auk\u0161tos kokyb\u0117s asortimente si\u016blomi 5 modeliai, kuri\u0173 talpa nuo 12,5 iki 30 kubini\u0173 metr\u0173, o su paauk\u0161tinamaisiais bortais [&hellip;]\" \/>\n<meta property=\"og:url\" content=\"https:\/\/www.specagra.ee\/?product=grudines-puspriekabes-zemaitukas\" \/>\n<meta property=\"og:site_name\" content=\"Specagra\" \/>\n<meta property=\"article:modified_time\" content=\"2024-11-20T13:39:10+00:00\" \/>\n<meta property=\"og:image\" content=\"https:\/\/www.specagra.ee\/wp-content\/uploads\/2020\/08\/490-2-1.jpg\" \/>\n\t<meta property=\"og:image:width\" content=\"896\" \/>\n\t<meta property=\"og:image:height\" content=\"503\" \/>\n\t<meta property=\"og:image:type\" content=\"image\/jpeg\" \/>\n<meta name=\"twitter:card\" content=\"summary_large_image\" \/>\n<meta name=\"twitter:label1\" content=\"Est. reading time\" \/>\n\t<meta name=\"twitter:data1\" content=\"4 minutit\" \/>\n<script type=\"application\/ld+json\" class=\"yoast-schema-graph\">{\"@context\":\"https:\/\/schema.org\",\"@graph\":[{\"@type\":\"WebPage\",\"@id\":\"https:\/\/www.specagra.ee\/?product=grudines-puspriekabes-zemaitukas\",\"url\":\"https:\/\/www.specagra.ee\/?product=grudines-puspriekabes-zemaitukas\",\"name\":\"Gr\u016bdin\u0117s puspriekab\u0117s \u017dEMAITUKAS - Specagra\",\"isPartOf\":{\"@id\":\"https:\/\/www.specagra.ee\/#website\"},\"primaryImageOfPage\":{\"@id\":\"https:\/\/www.specagra.ee\/?product=grudines-puspriekabes-zemaitukas#primaryimage\"},\"image\":{\"@id\":\"https:\/\/www.specagra.ee\/?product=grudines-puspriekabes-zemaitukas#primaryimage\"},\"thumbnailUrl\":\"https:\/\/www.specagra.ee\/wp-content\/uploads\/2020\/08\/490-2-1.jpg\",\"datePublished\":\"2020-08-11T10:52:22+00:00\",\"dateModified\":\"2024-11-20T13:39:10+00:00\",\"breadcrumb\":{\"@id\":\"https:\/\/www.specagra.ee\/?product=grudines-puspriekabes-zemaitukas#breadcrumb\"},\"inLanguage\":\"et\",\"potentialAction\":[{\"@type\":\"ReadAction\",\"target\":[\"https:\/\/www.specagra.ee\/?product=grudines-puspriekabes-zemaitukas\"]}]},{\"@type\":\"ImageObject\",\"inLanguage\":\"et\",\"@id\":\"https:\/\/www.specagra.ee\/?product=grudines-puspriekabes-zemaitukas#primaryimage\",\"url\":\"https:\/\/www.specagra.ee\/wp-content\/uploads\/2020\/08\/490-2-1.jpg\",\"contentUrl\":\"https:\/\/www.specagra.ee\/wp-content\/uploads\/2020\/08\/490-2-1.jpg\",\"width\":896,\"height\":503,\"caption\":\"Gr\u016bdin\u0117s puspriekab\u0117s \u017dEMAITUKAS\"},{\"@type\":\"BreadcrumbList\",\"@id\":\"https:\/\/www.specagra.ee\/?product=grudines-puspriekabes-zemaitukas#breadcrumb\",\"itemListElement\":[{\"@type\":\"ListItem\",\"position\":1,\"name\":\"Home\",\"item\":\"https:\/\/www.specagra.ee\/\"},{\"@type\":\"ListItem\",\"position\":2,\"name\":\"P\u00f5llumajandustehnika ja loomakasvatus\",\"item\":\"https:\/\/specagra.ee\/?page_id=18493\"},{\"@type\":\"ListItem\",\"position\":3,\"name\":\"Gr\u016bdin\u0117s puspriekab\u0117s \u017dEMAITUKAS\"}]},{\"@type\":\"WebSite\",\"@id\":\"https:\/\/www.specagra.ee\/#website\",\"url\":\"https:\/\/www.specagra.ee\/\",\"name\":\"Specagra\",\"description\":\"P\u00f5llumajandustehnika ja varuosad\",\"publisher\":{\"@id\":\"https:\/\/www.specagra.ee\/#organization\"},\"potentialAction\":[{\"@type\":\"SearchAction\",\"target\":{\"@type\":\"EntryPoint\",\"urlTemplate\":\"https:\/\/www.specagra.ee\/?s={search_term_string}\"},\"query-input\":{\"@type\":\"PropertyValueSpecification\",\"valueRequired\":true,\"valueName\":\"search_term_string\"}}],\"inLanguage\":\"et\"},{\"@type\":\"Organization\",\"@id\":\"https:\/\/www.specagra.ee\/#organization\",\"name\":\"UAB Specagra\",\"url\":\"https:\/\/www.specagra.ee\/\",\"logo\":{\"@type\":\"ImageObject\",\"inLanguage\":\"et\",\"@id\":\"https:\/\/www.specagra.ee\/#\/schema\/logo\/image\/\",\"url\":\"http:\/\/www.specagra.ee\/wp-content\/uploads\/2022\/02\/SP-logo_naujas-scaled.jpg\",\"contentUrl\":\"http:\/\/www.specagra.ee\/wp-content\/uploads\/2022\/02\/SP-logo_naujas-scaled.jpg\",\"width\":2560,\"height\":326,\"caption\":\"UAB Specagra\"},\"image\":{\"@id\":\"https:\/\/www.specagra.ee\/#\/schema\/logo\/image\/\"}}]}<\/script>\n<!-- \/ Yoast SEO plugin. -->","yoast_head_json":{"title":"Gr\u016bdin\u0117s puspriekab\u0117s \u017dEMAITUKAS - Specagra","robots":{"index":"index","follow":"follow","max-snippet":"max-snippet:-1","max-image-preview":"max-image-preview:large","max-video-preview":"max-video-preview:-1"},"canonical":"https:\/\/www.specagra.ee\/?product=grudines-puspriekabes-zemaitukas","og_locale":"et_EE","og_type":"article","og_title":"Gr\u016bdin\u0117s puspriekab\u0117s \u017dEMAITUKAS - Specagra","og_description":"\u00a0\u017dEMAITUKAS\u00a0LINIJOS GR\u016aD\u0172 PRIEKABOS BIRIEMS KROVINIAMS TRANSPORTUOTI: Savivert\u0117 traktorin\u0117 puspriekab\u0117\u00a0\u017dEMAITUKAS\u00a0skirta \u017eem\u0117s \u016bkio produkt\u0173 ir kit\u0173 krovini\u0173 perve\u017eimui. Puspriekab\u0117s\u00a0\u017dEMAITUKAS\u00a0yra i\u0161skirtini\u0173 savybi\u0173, auk\u0161\u010diausios kokyb\u0117s ir konkurencingos kainos. Joms b\u016bdinga didel\u0117 talpa, galimyb\u0117 va\u017eiuoti didelius atstumus nuo pasikrovimo iki i\u0161sikrovimo vietos. Auk\u0161tos kokyb\u0117s asortimente si\u016blomi 5 modeliai, kuri\u0173 talpa nuo 12,5 iki 30 kubini\u0173 metr\u0173, o su paauk\u0161tinamaisiais bortais [&hellip;]","og_url":"https:\/\/www.specagra.ee\/?product=grudines-puspriekabes-zemaitukas","og_site_name":"Specagra","article_modified_time":"2024-11-20T13:39:10+00:00","og_image":[{"width":896,"height":503,"url":"https:\/\/www.specagra.ee\/wp-content\/uploads\/2020\/08\/490-2-1.jpg","type":"image\/jpeg"}],"twitter_card":"summary_large_image","twitter_misc":{"Est. reading time":"4 minutit"},"schema":{"@context":"https:\/\/schema.org","@graph":[{"@type":"WebPage","@id":"https:\/\/www.specagra.ee\/?product=grudines-puspriekabes-zemaitukas","url":"https:\/\/www.specagra.ee\/?product=grudines-puspriekabes-zemaitukas","name":"Gr\u016bdin\u0117s puspriekab\u0117s \u017dEMAITUKAS - Specagra","isPartOf":{"@id":"https:\/\/www.specagra.ee\/#website"},"primaryImageOfPage":{"@id":"https:\/\/www.specagra.ee\/?product=grudines-puspriekabes-zemaitukas#primaryimage"},"image":{"@id":"https:\/\/www.specagra.ee\/?product=grudines-puspriekabes-zemaitukas#primaryimage"},"thumbnailUrl":"https:\/\/www.specagra.ee\/wp-content\/uploads\/2020\/08\/490-2-1.jpg","datePublished":"2020-08-11T10:52:22+00:00","dateModified":"2024-11-20T13:39:10+00:00","breadcrumb":{"@id":"https:\/\/www.specagra.ee\/?product=grudines-puspriekabes-zemaitukas#breadcrumb"},"inLanguage":"et","potentialAction":[{"@type":"ReadAction","target":["https:\/\/www.specagra.ee\/?product=grudines-puspriekabes-zemaitukas"]}]},{"@type":"ImageObject","inLanguage":"et","@id":"https:\/\/www.specagra.ee\/?product=grudines-puspriekabes-zemaitukas#primaryimage","url":"https:\/\/www.specagra.ee\/wp-content\/uploads\/2020\/08\/490-2-1.jpg","contentUrl":"https:\/\/www.specagra.ee\/wp-content\/uploads\/2020\/08\/490-2-1.jpg","width":896,"height":503,"caption":"Gr\u016bdin\u0117s puspriekab\u0117s \u017dEMAITUKAS"},{"@type":"BreadcrumbList","@id":"https:\/\/www.specagra.ee\/?product=grudines-puspriekabes-zemaitukas#breadcrumb","itemListElement":[{"@type":"ListItem","position":1,"name":"Home","item":"https:\/\/www.specagra.ee\/"},{"@type":"ListItem","position":2,"name":"P\u00f5llumajandustehnika ja loomakasvatus","item":"https:\/\/specagra.ee\/?page_id=18493"},{"@type":"ListItem","position":3,"name":"Gr\u016bdin\u0117s puspriekab\u0117s \u017dEMAITUKAS"}]},{"@type":"WebSite","@id":"https:\/\/www.specagra.ee\/#website","url":"https:\/\/www.specagra.ee\/","name":"Specagra","description":"P\u00f5llumajandustehnika ja varuosad","publisher":{"@id":"https:\/\/www.specagra.ee\/#organization"},"potentialAction":[{"@type":"SearchAction","target":{"@type":"EntryPoint","urlTemplate":"https:\/\/www.specagra.ee\/?s={search_term_string}"},"query-input":{"@type":"PropertyValueSpecification","valueRequired":true,"valueName":"search_term_string"}}],"inLanguage":"et"},{"@type":"Organization","@id":"https:\/\/www.specagra.ee\/#organization","name":"UAB Specagra","url":"https:\/\/www.specagra.ee\/","logo":{"@type":"ImageObject","inLanguage":"et","@id":"https:\/\/www.specagra.ee\/#\/schema\/logo\/image\/","url":"http:\/\/www.specagra.ee\/wp-content\/uploads\/2022\/02\/SP-logo_naujas-scaled.jpg","contentUrl":"http:\/\/www.specagra.ee\/wp-content\/uploads\/2022\/02\/SP-logo_naujas-scaled.jpg","width":2560,"height":326,"caption":"UAB Specagra"},"image":{"@id":"https:\/\/www.specagra.ee\/#\/schema\/logo\/image\/"}}]}},"_links":{"self":[{"href":"https:\/\/www.specagra.ee\/index.php?rest_route=\/wp\/v2\/product\/7204","targetHints":{"allow":["GET"]}}],"collection":[{"href":"https:\/\/www.specagra.ee\/index.php?rest_route=\/wp\/v2\/product"}],"about":[{"href":"https:\/\/www.specagra.ee\/index.php?rest_route=\/wp\/v2\/types\/product"}],"wp:featuredmedia":[{"embeddable":true,"href":"https:\/\/www.specagra.ee\/index.php?rest_route=\/wp\/v2\/media\/17943"}],"wp:attachment":[{"href":"https:\/\/www.specagra.ee\/index.php?rest_route=%2Fwp%2Fv2%2Fmedia&parent=7204"}],"wp:term":[{"taxonomy":"product_brand","embeddable":true,"href":"https:\/\/www.specagra.ee\/index.php?rest_route=%2Fwp%2Fv2%2Fproduct_brand&post=7204"},{"taxonomy":"product_cat","embeddable":true,"href":"https:\/\/www.specagra.ee\/index.php?rest_route=%2Fwp%2Fv2%2Fproduct_cat&post=7204"},{"taxonomy":"product_tag","embeddable":true,"href":"https:\/\/www.specagra.ee\/index.php?rest_route=%2Fwp%2Fv2%2Fproduct_tag&post=7204"}],"curies":[{"name":"wp","href":"https:\/\/api.w.org\/{rel}","templated":true}]}}