{"id":6244,"date":"2020-08-03T06:03:01","date_gmt":"2020-08-03T08:03:01","guid":{"rendered":"https:\/\/www.specagra.ee.nemokamossvetaines.hostingas.lt\/?post_type=product&#038;p=6244"},"modified":"2022-11-21T05:48:13","modified_gmt":"2022-11-21T07:48:13","slug":"robotizuotas-aviu-ozku-serimas","status":"publish","type":"product","link":"https:\/\/www.specagra.ee\/?product=robotizuotas-aviu-ozku-serimas","title":{"rendered":"Robotizuotas avi\u0173 \/ o\u017ek\u0173 \u0161\u0117rimas"},"content":{"rendered":"<ul>\n<li><img loading=\"lazy\" decoding=\"async\" class=\"alignnone size-medium wp-image-6245\" src=\"http:\/\/www.specagra.ee\/wp-content\/uploads\/2020\/08\/stalle-3000-300x225.jpg\" alt=\"\" width=\"300\" height=\"225\" srcset=\"https:\/\/www.specagra.ee\/wp-content\/uploads\/2020\/08\/stalle-3000-300x225.jpg 300w, https:\/\/www.specagra.ee\/wp-content\/uploads\/2020\/08\/stalle-3000-768x576.jpg 768w, https:\/\/www.specagra.ee\/wp-content\/uploads\/2020\/08\/stalle-3000-510x382.jpg 510w, https:\/\/www.specagra.ee\/wp-content\/uploads\/2020\/08\/stalle-3000-480x360.jpg 480w, https:\/\/www.specagra.ee\/wp-content\/uploads\/2020\/08\/stalle-3000-100x75.jpg 100w, https:\/\/www.specagra.ee\/wp-content\/uploads\/2020\/08\/stalle-3000-600x450.jpg 600w, https:\/\/www.specagra.ee\/wp-content\/uploads\/2020\/08\/stalle-3000.jpg 800w\" sizes=\"(max-width: 300px) 100vw, 300px\" \/> Kaklo fiksacija suporuota su paleidimo vartais: atfiksavus kakl\u0105, atsidaro paleidimo vartai bandai<\/li>\n<li><img loading=\"lazy\" decoding=\"async\" class=\"alignnone size-medium wp-image-6246\" src=\"http:\/\/www.specagra.ee\/wp-content\/uploads\/2020\/08\/stalle-3000-1-300x200.jpg\" alt=\"\" width=\"300\" height=\"200\" srcset=\"https:\/\/www.specagra.ee\/wp-content\/uploads\/2020\/08\/stalle-3000-1-300x200.jpg 300w, https:\/\/www.specagra.ee\/wp-content\/uploads\/2020\/08\/stalle-3000-1-768x512.jpg 768w, https:\/\/www.specagra.ee\/wp-content\/uploads\/2020\/08\/stalle-3000-1-480x320.jpg 480w, https:\/\/www.specagra.ee\/wp-content\/uploads\/2020\/08\/stalle-3000-1-100x67.jpg 100w, https:\/\/www.specagra.ee\/wp-content\/uploads\/2020\/08\/stalle-3000-1-600x400.jpg 600w, https:\/\/www.specagra.ee\/wp-content\/uploads\/2020\/08\/stalle-3000-1.jpg 800w\" sizes=\"(max-width: 300px) 100vw, 300px\" \/> Ner\u016bdijan\u010dio plieno kra\u0161tas u\u017eapvalintas d\u0117l gyvuli\u0173 saugumo<\/li>\n<li><img loading=\"lazy\" decoding=\"async\" class=\"alignnone size-medium wp-image-6247\" src=\"http:\/\/www.specagra.ee\/wp-content\/uploads\/2020\/08\/stalle-3000-3-300x286.jpg\" alt=\"\" width=\"300\" height=\"286\" srcset=\"https:\/\/www.specagra.ee\/wp-content\/uploads\/2020\/08\/stalle-3000-3-300x286.jpg 300w, https:\/\/www.specagra.ee\/wp-content\/uploads\/2020\/08\/stalle-3000-3-768x732.jpg 768w, https:\/\/www.specagra.ee\/wp-content\/uploads\/2020\/08\/stalle-3000-3-480x458.jpg 480w, https:\/\/www.specagra.ee\/wp-content\/uploads\/2020\/08\/stalle-3000-3-100x95.jpg 100w, https:\/\/www.specagra.ee\/wp-content\/uploads\/2020\/08\/stalle-3000-3-600x572.jpg 600w, https:\/\/www.specagra.ee\/wp-content\/uploads\/2020\/08\/stalle-3000-3.jpg 800w\" sizes=\"(max-width: 300px) 100vw, 300px\" \/> Didelio tanko HDPE plastikiniai loviai<\/li>\n<li><img loading=\"lazy\" decoding=\"async\" class=\"alignnone size-medium wp-image-6248\" src=\"http:\/\/www.specagra.ee\/wp-content\/uploads\/2020\/08\/stalle-3000-2-200x300.jpg\" alt=\"\" width=\"200\" height=\"300\" srcset=\"https:\/\/www.specagra.ee\/wp-content\/uploads\/2020\/08\/stalle-3000-2-200x300.jpg 200w, https:\/\/www.specagra.ee\/wp-content\/uploads\/2020\/08\/stalle-3000-2-480x720.jpg 480w, https:\/\/www.specagra.ee\/wp-content\/uploads\/2020\/08\/stalle-3000-2-67x100.jpg 67w, https:\/\/www.specagra.ee\/wp-content\/uploads\/2020\/08\/stalle-3000-2.jpg 533w\" sizes=\"(max-width: 200px) 100vw, 200px\" \/> Pa\u0161ar\u0173 bunkeris 1 arba 2 \u0161\u0117rimams<\/li>\n<li><img loading=\"lazy\" decoding=\"async\" class=\"alignnone size-medium wp-image-6249\" src=\"http:\/\/www.specagra.ee\/wp-content\/uploads\/2020\/08\/stalle-3000-4-300x225.jpg\" alt=\"\" width=\"300\" height=\"225\" srcset=\"https:\/\/www.specagra.ee\/wp-content\/uploads\/2020\/08\/stalle-3000-4-300x225.jpg 300w, https:\/\/www.specagra.ee\/wp-content\/uploads\/2020\/08\/stalle-3000-4-768x576.jpg 768w, https:\/\/www.specagra.ee\/wp-content\/uploads\/2020\/08\/stalle-3000-4-510x382.jpg 510w, https:\/\/www.specagra.ee\/wp-content\/uploads\/2020\/08\/stalle-3000-4-480x360.jpg 480w, https:\/\/www.specagra.ee\/wp-content\/uploads\/2020\/08\/stalle-3000-4-100x75.jpg 100w, https:\/\/www.specagra.ee\/wp-content\/uploads\/2020\/08\/stalle-3000-4-600x450.jpg 600w, https:\/\/www.specagra.ee\/wp-content\/uploads\/2020\/08\/stalle-3000-4.jpg 800w\" sizes=\"(max-width: 300px) 100vw, 300px\" \/> Pa\u0161ar\u0173 bunkeris ant mobilaus ve\u017eim\u0117lio su pa\u0161ar\u0173 parinkimu (2 pa\u0161ar\u0173 r\u016b\u0161ys + 1 mineralas) ir u\u017epildymo \u012frenginiu<\/li>\n<\/ul>\n<p>&nbsp;<\/p>\n<p>&nbsp;<\/p>\n","protected":false},"excerpt":{"rendered":"<p>Kaklo fiksacija suporuota su paleidimo vartais: atfiksavus kakl\u0105, atsidaro paleidimo vartai bandai Ner\u016bdijan\u010dio plieno kra\u0161tas u\u017eapvalintas d\u0117l gyvuli\u0173 saugumo Didelio tanko HDPE plastikiniai loviai Pa\u0161ar\u0173 bunkeris 1 arba 2 \u0161\u0117rimams Pa\u0161ar\u0173 bunkeris ant mobilaus ve\u017eim\u0117lio su pa\u0161ar\u0173 parinkimu (2 pa\u0161ar\u0173 r\u016b\u0161ys + 1 mineralas) ir u\u017epildymo \u012frenginiu &nbsp; &nbsp;<\/p>\n","protected":false},"featured_media":19268,"template":"","meta":{"_et_pb_use_builder":"","_et_pb_old_content":"","_et_gb_content_width":""},"product_brand":[],"product_cat":[110],"product_tag":[],"class_list":{"0":"post-6244","1":"product","2":"type-product","3":"status-publish","4":"has-post-thumbnail","6":"product_cat-automaatsed-sooda-transportoorid","8":"first","9":"instock","10":"shipping-taxable","11":"product-type-simple"},"yoast_head":"<!-- This site is optimized with the Yoast SEO plugin v26.4 - https:\/\/yoast.com\/wordpress\/plugins\/seo\/ -->\n<title>Robotizuotas avi\u0173 \/ o\u017ek\u0173 \u0161\u0117rimas - Specagra<\/title>\n<meta name=\"robots\" content=\"index, follow, max-snippet:-1, max-image-preview:large, max-video-preview:-1\" \/>\n<link rel=\"canonical\" href=\"https:\/\/www.specagra.ee\/?product=robotizuotas-aviu-ozku-serimas\" \/>\n<meta property=\"og:locale\" content=\"et_EE\" \/>\n<meta property=\"og:type\" content=\"article\" \/>\n<meta property=\"og:title\" content=\"Robotizuotas avi\u0173 \/ o\u017ek\u0173 \u0161\u0117rimas - Specagra\" \/>\n<meta property=\"og:description\" content=\"Kaklo fiksacija suporuota su paleidimo vartais: atfiksavus kakl\u0105, atsidaro paleidimo vartai bandai Ner\u016bdijan\u010dio plieno kra\u0161tas u\u017eapvalintas d\u0117l gyvuli\u0173 saugumo Didelio tanko HDPE plastikiniai loviai Pa\u0161ar\u0173 bunkeris 1 arba 2 \u0161\u0117rimams Pa\u0161ar\u0173 bunkeris ant mobilaus ve\u017eim\u0117lio su pa\u0161ar\u0173 parinkimu (2 pa\u0161ar\u0173 r\u016b\u0161ys + 1 mineralas) ir u\u017epildymo \u012frenginiu &nbsp; &nbsp;\" \/>\n<meta property=\"og:url\" content=\"https:\/\/www.specagra.ee\/?product=robotizuotas-aviu-ozku-serimas\" \/>\n<meta property=\"og:site_name\" content=\"Specagra\" \/>\n<meta property=\"article:modified_time\" content=\"2022-11-21T07:48:13+00:00\" \/>\n<meta property=\"og:image\" content=\"https:\/\/specagra.ee\/wp-content\/uploads\/2020\/08\/Untitled-design1471.jpg\" \/>\n\t<meta property=\"og:image:width\" content=\"800\" \/>\n\t<meta property=\"og:image:height\" content=\"800\" \/>\n\t<meta property=\"og:image:type\" content=\"image\/jpeg\" \/>\n<meta name=\"twitter:card\" content=\"summary_large_image\" \/>\n<meta name=\"twitter:label1\" content=\"Est. reading time\" \/>\n\t<meta name=\"twitter:data1\" content=\"2 minutit\" \/>\n<script type=\"application\/ld+json\" class=\"yoast-schema-graph\">{\"@context\":\"https:\/\/schema.org\",\"@graph\":[{\"@type\":\"WebPage\",\"@id\":\"https:\/\/www.specagra.ee\/?product=robotizuotas-aviu-ozku-serimas\",\"url\":\"https:\/\/www.specagra.ee\/?product=robotizuotas-aviu-ozku-serimas\",\"name\":\"Robotizuotas avi\u0173 \/ o\u017ek\u0173 \u0161\u0117rimas - Specagra\",\"isPartOf\":{\"@id\":\"https:\/\/www.specagra.ee\/#website\"},\"primaryImageOfPage\":{\"@id\":\"https:\/\/www.specagra.ee\/?product=robotizuotas-aviu-ozku-serimas#primaryimage\"},\"image\":{\"@id\":\"https:\/\/www.specagra.ee\/?product=robotizuotas-aviu-ozku-serimas#primaryimage\"},\"thumbnailUrl\":\"https:\/\/www.specagra.ee\/wp-content\/uploads\/2020\/08\/Untitled-design1471.jpg\",\"datePublished\":\"2020-08-03T08:03:01+00:00\",\"dateModified\":\"2022-11-21T07:48:13+00:00\",\"breadcrumb\":{\"@id\":\"https:\/\/www.specagra.ee\/?product=robotizuotas-aviu-ozku-serimas#breadcrumb\"},\"inLanguage\":\"et\",\"potentialAction\":[{\"@type\":\"ReadAction\",\"target\":[\"https:\/\/www.specagra.ee\/?product=robotizuotas-aviu-ozku-serimas\"]}]},{\"@type\":\"ImageObject\",\"inLanguage\":\"et\",\"@id\":\"https:\/\/www.specagra.ee\/?product=robotizuotas-aviu-ozku-serimas#primaryimage\",\"url\":\"https:\/\/www.specagra.ee\/wp-content\/uploads\/2020\/08\/Untitled-design1471.jpg\",\"contentUrl\":\"https:\/\/www.specagra.ee\/wp-content\/uploads\/2020\/08\/Untitled-design1471.jpg\",\"width\":800,\"height\":800,\"caption\":\"Robotizuotas avi\u0173 \/ o\u017ek\u0173 \u0161\u0117rimas\"},{\"@type\":\"BreadcrumbList\",\"@id\":\"https:\/\/www.specagra.ee\/?product=robotizuotas-aviu-ozku-serimas#breadcrumb\",\"itemListElement\":[{\"@type\":\"ListItem\",\"position\":1,\"name\":\"Home\",\"item\":\"https:\/\/www.specagra.ee\/\"},{\"@type\":\"ListItem\",\"position\":2,\"name\":\"P\u00f5llumajandustehnika ja loomakasvatus\",\"item\":\"https:\/\/www.specagra.ee\/?page_id=18493\"},{\"@type\":\"ListItem\",\"position\":3,\"name\":\"Robotizuotas avi\u0173 \/ o\u017ek\u0173 \u0161\u0117rimas\"}]},{\"@type\":\"WebSite\",\"@id\":\"https:\/\/www.specagra.ee\/#website\",\"url\":\"https:\/\/www.specagra.ee\/\",\"name\":\"Specagra\",\"description\":\"P\u00f5llumajandustehnika ja varuosad\",\"publisher\":{\"@id\":\"https:\/\/www.specagra.ee\/#organization\"},\"potentialAction\":[{\"@type\":\"SearchAction\",\"target\":{\"@type\":\"EntryPoint\",\"urlTemplate\":\"https:\/\/www.specagra.ee\/?s={search_term_string}\"},\"query-input\":{\"@type\":\"PropertyValueSpecification\",\"valueRequired\":true,\"valueName\":\"search_term_string\"}}],\"inLanguage\":\"et\"},{\"@type\":\"Organization\",\"@id\":\"https:\/\/www.specagra.ee\/#organization\",\"name\":\"UAB Specagra\",\"url\":\"https:\/\/www.specagra.ee\/\",\"logo\":{\"@type\":\"ImageObject\",\"inLanguage\":\"et\",\"@id\":\"https:\/\/www.specagra.ee\/#\/schema\/logo\/image\/\",\"url\":\"http:\/\/www.specagra.ee\/wp-content\/uploads\/2022\/02\/SP-logo_naujas-scaled.jpg\",\"contentUrl\":\"http:\/\/www.specagra.ee\/wp-content\/uploads\/2022\/02\/SP-logo_naujas-scaled.jpg\",\"width\":2560,\"height\":326,\"caption\":\"UAB Specagra\"},\"image\":{\"@id\":\"https:\/\/www.specagra.ee\/#\/schema\/logo\/image\/\"}}]}<\/script>\n<!-- \/ Yoast SEO plugin. -->","yoast_head_json":{"title":"Robotizuotas avi\u0173 \/ o\u017ek\u0173 \u0161\u0117rimas - Specagra","robots":{"index":"index","follow":"follow","max-snippet":"max-snippet:-1","max-image-preview":"max-image-preview:large","max-video-preview":"max-video-preview:-1"},"canonical":"https:\/\/www.specagra.ee\/?product=robotizuotas-aviu-ozku-serimas","og_locale":"et_EE","og_type":"article","og_title":"Robotizuotas avi\u0173 \/ o\u017ek\u0173 \u0161\u0117rimas - Specagra","og_description":"Kaklo fiksacija suporuota su paleidimo vartais: atfiksavus kakl\u0105, atsidaro paleidimo vartai bandai Ner\u016bdijan\u010dio plieno kra\u0161tas u\u017eapvalintas d\u0117l gyvuli\u0173 saugumo Didelio tanko HDPE plastikiniai loviai Pa\u0161ar\u0173 bunkeris 1 arba 2 \u0161\u0117rimams Pa\u0161ar\u0173 bunkeris ant mobilaus ve\u017eim\u0117lio su pa\u0161ar\u0173 parinkimu (2 pa\u0161ar\u0173 r\u016b\u0161ys + 1 mineralas) ir u\u017epildymo \u012frenginiu &nbsp; &nbsp;","og_url":"https:\/\/www.specagra.ee\/?product=robotizuotas-aviu-ozku-serimas","og_site_name":"Specagra","article_modified_time":"2022-11-21T07:48:13+00:00","og_image":[{"width":800,"height":800,"url":"https:\/\/specagra.ee\/wp-content\/uploads\/2020\/08\/Untitled-design1471.jpg","type":"image\/jpeg"}],"twitter_card":"summary_large_image","twitter_misc":{"Est. reading time":"2 minutit"},"schema":{"@context":"https:\/\/schema.org","@graph":[{"@type":"WebPage","@id":"https:\/\/www.specagra.ee\/?product=robotizuotas-aviu-ozku-serimas","url":"https:\/\/www.specagra.ee\/?product=robotizuotas-aviu-ozku-serimas","name":"Robotizuotas avi\u0173 \/ o\u017ek\u0173 \u0161\u0117rimas - Specagra","isPartOf":{"@id":"https:\/\/www.specagra.ee\/#website"},"primaryImageOfPage":{"@id":"https:\/\/www.specagra.ee\/?product=robotizuotas-aviu-ozku-serimas#primaryimage"},"image":{"@id":"https:\/\/www.specagra.ee\/?product=robotizuotas-aviu-ozku-serimas#primaryimage"},"thumbnailUrl":"https:\/\/www.specagra.ee\/wp-content\/uploads\/2020\/08\/Untitled-design1471.jpg","datePublished":"2020-08-03T08:03:01+00:00","dateModified":"2022-11-21T07:48:13+00:00","breadcrumb":{"@id":"https:\/\/www.specagra.ee\/?product=robotizuotas-aviu-ozku-serimas#breadcrumb"},"inLanguage":"et","potentialAction":[{"@type":"ReadAction","target":["https:\/\/www.specagra.ee\/?product=robotizuotas-aviu-ozku-serimas"]}]},{"@type":"ImageObject","inLanguage":"et","@id":"https:\/\/www.specagra.ee\/?product=robotizuotas-aviu-ozku-serimas#primaryimage","url":"https:\/\/www.specagra.ee\/wp-content\/uploads\/2020\/08\/Untitled-design1471.jpg","contentUrl":"https:\/\/www.specagra.ee\/wp-content\/uploads\/2020\/08\/Untitled-design1471.jpg","width":800,"height":800,"caption":"Robotizuotas avi\u0173 \/ o\u017ek\u0173 \u0161\u0117rimas"},{"@type":"BreadcrumbList","@id":"https:\/\/www.specagra.ee\/?product=robotizuotas-aviu-ozku-serimas#breadcrumb","itemListElement":[{"@type":"ListItem","position":1,"name":"Home","item":"https:\/\/www.specagra.ee\/"},{"@type":"ListItem","position":2,"name":"P\u00f5llumajandustehnika ja loomakasvatus","item":"https:\/\/www.specagra.ee\/?page_id=18493"},{"@type":"ListItem","position":3,"name":"Robotizuotas avi\u0173 \/ o\u017ek\u0173 \u0161\u0117rimas"}]},{"@type":"WebSite","@id":"https:\/\/www.specagra.ee\/#website","url":"https:\/\/www.specagra.ee\/","name":"Specagra","description":"P\u00f5llumajandustehnika ja varuosad","publisher":{"@id":"https:\/\/www.specagra.ee\/#organization"},"potentialAction":[{"@type":"SearchAction","target":{"@type":"EntryPoint","urlTemplate":"https:\/\/www.specagra.ee\/?s={search_term_string}"},"query-input":{"@type":"PropertyValueSpecification","valueRequired":true,"valueName":"search_term_string"}}],"inLanguage":"et"},{"@type":"Organization","@id":"https:\/\/www.specagra.ee\/#organization","name":"UAB Specagra","url":"https:\/\/www.specagra.ee\/","logo":{"@type":"ImageObject","inLanguage":"et","@id":"https:\/\/www.specagra.ee\/#\/schema\/logo\/image\/","url":"http:\/\/www.specagra.ee\/wp-content\/uploads\/2022\/02\/SP-logo_naujas-scaled.jpg","contentUrl":"http:\/\/www.specagra.ee\/wp-content\/uploads\/2022\/02\/SP-logo_naujas-scaled.jpg","width":2560,"height":326,"caption":"UAB Specagra"},"image":{"@id":"https:\/\/www.specagra.ee\/#\/schema\/logo\/image\/"}}]}},"_links":{"self":[{"href":"https:\/\/www.specagra.ee\/index.php?rest_route=\/wp\/v2\/product\/6244","targetHints":{"allow":["GET"]}}],"collection":[{"href":"https:\/\/www.specagra.ee\/index.php?rest_route=\/wp\/v2\/product"}],"about":[{"href":"https:\/\/www.specagra.ee\/index.php?rest_route=\/wp\/v2\/types\/product"}],"wp:featuredmedia":[{"embeddable":true,"href":"https:\/\/www.specagra.ee\/index.php?rest_route=\/wp\/v2\/media\/19268"}],"wp:attachment":[{"href":"https:\/\/www.specagra.ee\/index.php?rest_route=%2Fwp%2Fv2%2Fmedia&parent=6244"}],"wp:term":[{"taxonomy":"product_brand","embeddable":true,"href":"https:\/\/www.specagra.ee\/index.php?rest_route=%2Fwp%2Fv2%2Fproduct_brand&post=6244"},{"taxonomy":"product_cat","embeddable":true,"href":"https:\/\/www.specagra.ee\/index.php?rest_route=%2Fwp%2Fv2%2Fproduct_cat&post=6244"},{"taxonomy":"product_tag","embeddable":true,"href":"https:\/\/www.specagra.ee\/index.php?rest_route=%2Fwp%2Fv2%2Fproduct_tag&post=6244"}],"curies":[{"name":"wp","href":"https:\/\/api.w.org\/{rel}","templated":true}]}}