{"id":6171,"date":"2020-07-31T04:23:19","date_gmt":"2020-07-31T06:23:19","guid":{"rendered":"https:\/\/www.specagra.ee.nemokamossvetaines.hostingas.lt\/?post_type=product&#038;p=6171"},"modified":"2023-07-19T09:35:14","modified_gmt":"2023-07-19T11:35:14","slug":"girdykla-aquamat-ii-nc","status":"publish","type":"product","link":"https:\/\/www.specagra.ee\/?product=girdykla-aquamat-ii-nc","title":{"rendered":"Girdykla AQUAMAT"},"content":{"rendered":"<h4><strong>AQUAMAT II NC:<\/strong><\/h4>\n<ul>\n<li>Nuspaud\u017eiama dalis apsaugo machenizm\u0105 nuo nelaiming\u0173 nutikim\u0173.<\/li>\n<li>Atpumpuoja vanden\u012f iki i\u0161 7 m gylio arba 70 m atstumu.<\/li>\n<li>Vo\u017etuvo u\u017epildymo greitis yra 0,5 l vienu nuspaudimu.<\/li>\n<li>Skland\u017eiai veikiantis mechanizmas.<\/li>\n<li>Lovelis yra pagamintas i\u0161 plastiko: atsparus r\u016bdijimui, UV spinduli\u0173 poveikiui ir yra nesulau\u017eomas.<\/li>\n<li>Patikimas ir tvirtas: 12 mm diametro a\u0161is.<\/li>\n<\/ul>\n<p>Su integruotu ma\u017eu loveliu ver\u0161eli\u0173 pagirdymui.<\/p>\n<ul>\n<li>Mokomasis lovelis yra skirtas ver\u0161eliams iki 10 m\u0117nesi\u0173 am\u017eiaus.<\/li>\n<li>Lovelis yra \u012fdiegtas taip, jog ver\u0161elio snukutis nepatekt\u0173 tarp spaud\u017eiamo mechanizmo.<\/li>\n<\/ul>\n<h4 class=\"product-title-h1\"><strong>AQUAMAT II:<\/strong><\/h4>\n<p>Girdyklos patikimumas buvo i\u0161bandytas ir testuotas per daugiau nei 20 met\u0173.<\/p>\n<ul>\n<li>Nuspaud\u017eiama dalis apsaugo machenizm\u0105 nuo nelaiming\u0173 nutikim\u0173.<\/li>\n<li>Atpumpuoja vanden\u012f iki i\u0161 7 m gylio arba 70 m atstumu.<\/li>\n<li>Vo\u017etuvo u\u017epildymo greitis yra 0,5 l vienu nuspaudimu.<\/li>\n<li>Skland\u017eiai veikiantis mechanizmas.<\/li>\n<li>Lovelis yra pagamintas i\u0161 plastiko: atsparus r\u016bdijimui, UV spinduli\u0173 poveikiui ir yra nesulau\u017eomas.<\/li>\n<li>Patikimas ir tvirtas: 12 mm diametro a\u0161is<\/li>\n<\/ul>\n","protected":false},"excerpt":{"rendered":"<p>AQUAMAT II NC: Nuspaud\u017eiama dalis apsaugo machenizm\u0105 nuo nelaiming\u0173 nutikim\u0173. Atpumpuoja vanden\u012f iki i\u0161 7 m gylio arba 70 m atstumu. Vo\u017etuvo u\u017epildymo greitis yra 0,5 l vienu nuspaudimu. Skland\u017eiai veikiantis mechanizmas. Lovelis yra pagamintas i\u0161 plastiko: atsparus r\u016bdijimui, UV spinduli\u0173 poveikiui ir yra nesulau\u017eomas. Patikimas ir tvirtas: 12 mm diametro a\u0161is. Su integruotu ma\u017eu [&hellip;]<\/p>\n","protected":false},"featured_media":8316,"template":"","meta":{"_et_pb_use_builder":"","_et_pb_old_content":"","_et_gb_content_width":""},"product_brand":[],"product_cat":[272],"product_tag":[],"class_list":{"0":"post-6171","1":"product","2":"type-product","3":"status-publish","4":"has-post-thumbnail","6":"product_cat-karjamaade-joogiseadmed-ja-veepumbad","8":"first","9":"instock","10":"shipping-taxable","11":"product-type-simple"},"yoast_head":"<!-- This site is optimized with the Yoast SEO plugin v26.4 - https:\/\/yoast.com\/wordpress\/plugins\/seo\/ -->\n<title>Girdykla AQUAMAT - Specagra<\/title>\n<meta name=\"robots\" content=\"index, follow, max-snippet:-1, max-image-preview:large, max-video-preview:-1\" \/>\n<link rel=\"canonical\" href=\"https:\/\/www.specagra.ee\/?product=girdykla-aquamat-ii-nc\" \/>\n<meta property=\"og:locale\" content=\"et_EE\" \/>\n<meta property=\"og:type\" content=\"article\" \/>\n<meta property=\"og:title\" content=\"Girdykla AQUAMAT - Specagra\" \/>\n<meta property=\"og:description\" content=\"AQUAMAT II NC: Nuspaud\u017eiama dalis apsaugo machenizm\u0105 nuo nelaiming\u0173 nutikim\u0173. Atpumpuoja vanden\u012f iki i\u0161 7 m gylio arba 70 m atstumu. Vo\u017etuvo u\u017epildymo greitis yra 0,5 l vienu nuspaudimu. Skland\u017eiai veikiantis mechanizmas. Lovelis yra pagamintas i\u0161 plastiko: atsparus r\u016bdijimui, UV spinduli\u0173 poveikiui ir yra nesulau\u017eomas. Patikimas ir tvirtas: 12 mm diametro a\u0161is. Su integruotu ma\u017eu [&hellip;]\" \/>\n<meta property=\"og:url\" content=\"https:\/\/www.specagra.ee\/?product=girdykla-aquamat-ii-nc\" \/>\n<meta property=\"og:site_name\" content=\"Specagra\" \/>\n<meta property=\"article:modified_time\" content=\"2023-07-19T11:35:14+00:00\" \/>\n<meta property=\"og:image\" content=\"https:\/\/www.specagra.ee\/wp-content\/uploads\/2020\/07\/Aquamat-II-NC_b.jpg\" \/>\n\t<meta property=\"og:image:width\" content=\"1772\" \/>\n\t<meta property=\"og:image:height\" content=\"1772\" \/>\n\t<meta property=\"og:image:type\" content=\"image\/jpeg\" \/>\n<meta name=\"twitter:card\" content=\"summary_large_image\" \/>\n<meta name=\"twitter:label1\" content=\"Est. reading time\" \/>\n\t<meta name=\"twitter:data1\" content=\"1 minut\" \/>\n<script type=\"application\/ld+json\" class=\"yoast-schema-graph\">{\"@context\":\"https:\/\/schema.org\",\"@graph\":[{\"@type\":\"WebPage\",\"@id\":\"https:\/\/www.specagra.ee\/?product=girdykla-aquamat-ii-nc\",\"url\":\"https:\/\/www.specagra.ee\/?product=girdykla-aquamat-ii-nc\",\"name\":\"Girdykla AQUAMAT - Specagra\",\"isPartOf\":{\"@id\":\"https:\/\/www.specagra.ee\/#website\"},\"primaryImageOfPage\":{\"@id\":\"https:\/\/www.specagra.ee\/?product=girdykla-aquamat-ii-nc#primaryimage\"},\"image\":{\"@id\":\"https:\/\/www.specagra.ee\/?product=girdykla-aquamat-ii-nc#primaryimage\"},\"thumbnailUrl\":\"https:\/\/www.specagra.ee\/wp-content\/uploads\/2020\/07\/Aquamat-II-NC_b.jpg\",\"datePublished\":\"2020-07-31T06:23:19+00:00\",\"dateModified\":\"2023-07-19T11:35:14+00:00\",\"breadcrumb\":{\"@id\":\"https:\/\/www.specagra.ee\/?product=girdykla-aquamat-ii-nc#breadcrumb\"},\"inLanguage\":\"et\",\"potentialAction\":[{\"@type\":\"ReadAction\",\"target\":[\"https:\/\/www.specagra.ee\/?product=girdykla-aquamat-ii-nc\"]}]},{\"@type\":\"ImageObject\",\"inLanguage\":\"et\",\"@id\":\"https:\/\/www.specagra.ee\/?product=girdykla-aquamat-ii-nc#primaryimage\",\"url\":\"https:\/\/www.specagra.ee\/wp-content\/uploads\/2020\/07\/Aquamat-II-NC_b.jpg\",\"contentUrl\":\"https:\/\/www.specagra.ee\/wp-content\/uploads\/2020\/07\/Aquamat-II-NC_b.jpg\",\"width\":1772,\"height\":1772},{\"@type\":\"BreadcrumbList\",\"@id\":\"https:\/\/www.specagra.ee\/?product=girdykla-aquamat-ii-nc#breadcrumb\",\"itemListElement\":[{\"@type\":\"ListItem\",\"position\":1,\"name\":\"Home\",\"item\":\"https:\/\/www.specagra.ee\/\"},{\"@type\":\"ListItem\",\"position\":2,\"name\":\"P\u00f5llumajandustehnika ja loomakasvatus\",\"item\":\"https:\/\/specagra.ee\/?page_id=18493\"},{\"@type\":\"ListItem\",\"position\":3,\"name\":\"Girdykla AQUAMAT\"}]},{\"@type\":\"WebSite\",\"@id\":\"https:\/\/www.specagra.ee\/#website\",\"url\":\"https:\/\/www.specagra.ee\/\",\"name\":\"Specagra\",\"description\":\"P\u00f5llumajandustehnika ja varuosad\",\"publisher\":{\"@id\":\"https:\/\/www.specagra.ee\/#organization\"},\"potentialAction\":[{\"@type\":\"SearchAction\",\"target\":{\"@type\":\"EntryPoint\",\"urlTemplate\":\"https:\/\/www.specagra.ee\/?s={search_term_string}\"},\"query-input\":{\"@type\":\"PropertyValueSpecification\",\"valueRequired\":true,\"valueName\":\"search_term_string\"}}],\"inLanguage\":\"et\"},{\"@type\":\"Organization\",\"@id\":\"https:\/\/www.specagra.ee\/#organization\",\"name\":\"UAB Specagra\",\"url\":\"https:\/\/www.specagra.ee\/\",\"logo\":{\"@type\":\"ImageObject\",\"inLanguage\":\"et\",\"@id\":\"https:\/\/www.specagra.ee\/#\/schema\/logo\/image\/\",\"url\":\"http:\/\/www.specagra.ee\/wp-content\/uploads\/2022\/02\/SP-logo_naujas-scaled.jpg\",\"contentUrl\":\"http:\/\/www.specagra.ee\/wp-content\/uploads\/2022\/02\/SP-logo_naujas-scaled.jpg\",\"width\":2560,\"height\":326,\"caption\":\"UAB Specagra\"},\"image\":{\"@id\":\"https:\/\/www.specagra.ee\/#\/schema\/logo\/image\/\"}}]}<\/script>\n<!-- \/ Yoast SEO plugin. -->","yoast_head_json":{"title":"Girdykla AQUAMAT - Specagra","robots":{"index":"index","follow":"follow","max-snippet":"max-snippet:-1","max-image-preview":"max-image-preview:large","max-video-preview":"max-video-preview:-1"},"canonical":"https:\/\/www.specagra.ee\/?product=girdykla-aquamat-ii-nc","og_locale":"et_EE","og_type":"article","og_title":"Girdykla AQUAMAT - Specagra","og_description":"AQUAMAT II NC: Nuspaud\u017eiama dalis apsaugo machenizm\u0105 nuo nelaiming\u0173 nutikim\u0173. Atpumpuoja vanden\u012f iki i\u0161 7 m gylio arba 70 m atstumu. Vo\u017etuvo u\u017epildymo greitis yra 0,5 l vienu nuspaudimu. Skland\u017eiai veikiantis mechanizmas. Lovelis yra pagamintas i\u0161 plastiko: atsparus r\u016bdijimui, UV spinduli\u0173 poveikiui ir yra nesulau\u017eomas. Patikimas ir tvirtas: 12 mm diametro a\u0161is. Su integruotu ma\u017eu [&hellip;]","og_url":"https:\/\/www.specagra.ee\/?product=girdykla-aquamat-ii-nc","og_site_name":"Specagra","article_modified_time":"2023-07-19T11:35:14+00:00","og_image":[{"width":1772,"height":1772,"url":"https:\/\/www.specagra.ee\/wp-content\/uploads\/2020\/07\/Aquamat-II-NC_b.jpg","type":"image\/jpeg"}],"twitter_card":"summary_large_image","twitter_misc":{"Est. reading time":"1 minut"},"schema":{"@context":"https:\/\/schema.org","@graph":[{"@type":"WebPage","@id":"https:\/\/www.specagra.ee\/?product=girdykla-aquamat-ii-nc","url":"https:\/\/www.specagra.ee\/?product=girdykla-aquamat-ii-nc","name":"Girdykla AQUAMAT - Specagra","isPartOf":{"@id":"https:\/\/www.specagra.ee\/#website"},"primaryImageOfPage":{"@id":"https:\/\/www.specagra.ee\/?product=girdykla-aquamat-ii-nc#primaryimage"},"image":{"@id":"https:\/\/www.specagra.ee\/?product=girdykla-aquamat-ii-nc#primaryimage"},"thumbnailUrl":"https:\/\/www.specagra.ee\/wp-content\/uploads\/2020\/07\/Aquamat-II-NC_b.jpg","datePublished":"2020-07-31T06:23:19+00:00","dateModified":"2023-07-19T11:35:14+00:00","breadcrumb":{"@id":"https:\/\/www.specagra.ee\/?product=girdykla-aquamat-ii-nc#breadcrumb"},"inLanguage":"et","potentialAction":[{"@type":"ReadAction","target":["https:\/\/www.specagra.ee\/?product=girdykla-aquamat-ii-nc"]}]},{"@type":"ImageObject","inLanguage":"et","@id":"https:\/\/www.specagra.ee\/?product=girdykla-aquamat-ii-nc#primaryimage","url":"https:\/\/www.specagra.ee\/wp-content\/uploads\/2020\/07\/Aquamat-II-NC_b.jpg","contentUrl":"https:\/\/www.specagra.ee\/wp-content\/uploads\/2020\/07\/Aquamat-II-NC_b.jpg","width":1772,"height":1772},{"@type":"BreadcrumbList","@id":"https:\/\/www.specagra.ee\/?product=girdykla-aquamat-ii-nc#breadcrumb","itemListElement":[{"@type":"ListItem","position":1,"name":"Home","item":"https:\/\/www.specagra.ee\/"},{"@type":"ListItem","position":2,"name":"P\u00f5llumajandustehnika ja loomakasvatus","item":"https:\/\/specagra.ee\/?page_id=18493"},{"@type":"ListItem","position":3,"name":"Girdykla AQUAMAT"}]},{"@type":"WebSite","@id":"https:\/\/www.specagra.ee\/#website","url":"https:\/\/www.specagra.ee\/","name":"Specagra","description":"P\u00f5llumajandustehnika ja varuosad","publisher":{"@id":"https:\/\/www.specagra.ee\/#organization"},"potentialAction":[{"@type":"SearchAction","target":{"@type":"EntryPoint","urlTemplate":"https:\/\/www.specagra.ee\/?s={search_term_string}"},"query-input":{"@type":"PropertyValueSpecification","valueRequired":true,"valueName":"search_term_string"}}],"inLanguage":"et"},{"@type":"Organization","@id":"https:\/\/www.specagra.ee\/#organization","name":"UAB Specagra","url":"https:\/\/www.specagra.ee\/","logo":{"@type":"ImageObject","inLanguage":"et","@id":"https:\/\/www.specagra.ee\/#\/schema\/logo\/image\/","url":"http:\/\/www.specagra.ee\/wp-content\/uploads\/2022\/02\/SP-logo_naujas-scaled.jpg","contentUrl":"http:\/\/www.specagra.ee\/wp-content\/uploads\/2022\/02\/SP-logo_naujas-scaled.jpg","width":2560,"height":326,"caption":"UAB Specagra"},"image":{"@id":"https:\/\/www.specagra.ee\/#\/schema\/logo\/image\/"}}]}},"_links":{"self":[{"href":"https:\/\/www.specagra.ee\/index.php?rest_route=\/wp\/v2\/product\/6171","targetHints":{"allow":["GET"]}}],"collection":[{"href":"https:\/\/www.specagra.ee\/index.php?rest_route=\/wp\/v2\/product"}],"about":[{"href":"https:\/\/www.specagra.ee\/index.php?rest_route=\/wp\/v2\/types\/product"}],"wp:featuredmedia":[{"embeddable":true,"href":"https:\/\/www.specagra.ee\/index.php?rest_route=\/wp\/v2\/media\/8316"}],"wp:attachment":[{"href":"https:\/\/www.specagra.ee\/index.php?rest_route=%2Fwp%2Fv2%2Fmedia&parent=6171"}],"wp:term":[{"taxonomy":"product_brand","embeddable":true,"href":"https:\/\/www.specagra.ee\/index.php?rest_route=%2Fwp%2Fv2%2Fproduct_brand&post=6171"},{"taxonomy":"product_cat","embeddable":true,"href":"https:\/\/www.specagra.ee\/index.php?rest_route=%2Fwp%2Fv2%2Fproduct_cat&post=6171"},{"taxonomy":"product_tag","embeddable":true,"href":"https:\/\/www.specagra.ee\/index.php?rest_route=%2Fwp%2Fv2%2Fproduct_tag&post=6171"}],"curies":[{"name":"wp","href":"https:\/\/api.w.org\/{rel}","templated":true}]}}