{"id":6133,"date":"2020-07-30T08:02:16","date_gmt":"2020-07-30T10:02:16","guid":{"rendered":"https:\/\/www.specagra.ee.nemokamossvetaines.hostingas.lt\/?post_type=product&#038;p=6133"},"modified":"2023-03-17T12:40:33","modified_gmt":"2023-03-17T14:40:33","slug":"srutu-siurbliai","status":"publish","type":"product","link":"https:\/\/www.specagra.ee\/?product=srutu-siurbliai","title":{"rendered":"Storth srut\u0173 siurbliai"},"content":{"rendered":"<p><strong>Srut\u0173 siurbimo \u012frenginiai:<\/strong><\/p>\n<ol>\n<li>Stacionar\u016bs<\/li>\n<li>2 jung\u010di\u0173<\/li>\n<li>3 jung\u010di\u0173<\/li>\n<li>elektriniai<\/li>\n<li>panardinami<\/li>\n<\/ol>\n<ul>\n<li><strong>Stacionar\u016bs STORTH srut\u0173 siurbliai<\/strong>\u00a0yra skirti srut\u0173 mai\u0161ymui ir siurbimui i\u0161 pri\u0117mimo rezervuaro. Kardaninio veleno varomi arba elektriniai srut\u0173 siurbliai gali b\u016bti naudojami ir kaip stacionar\u016bs modeliai. STORTH ple\u010dia gaminam\u0173 kardaniniu velenu varom\u0173 ir elektrini\u0173 stacionari\u0173 srut\u0173 siurbli\u0173 asortiment\u0105, kuriais galima permai\u0161yti arba i\u0161siurbti srutas i\u0161 pri\u0117mimo rezervuaro.<\/li>\n<li>Visi siurbliai esantys asortimente gali b\u016bti naudojami su arba be po pavir\u0161iniu mai\u0161ytuvu. Po pavir\u0161inis mai\u0161ytuvas yra idealus srut\u0173 permai\u0161ymui pri\u0117mimo rezervuare prie\u0161 i\u0161siurbiant jas \u012f srut\u0173 laikymo rezervuar\u0105, kadangi po pavir\u0161inis mai\u0161ytuvas gali b\u016bti tiek vertikaliai primontuotas, tiek pasuktas horizontaliai per pla\u010di\u0105 ark\u0105.<\/li>\n<\/ul>\n<p><strong>Techniniai siurbli\u0173 parametrai:<\/strong><\/p>\n<ol>\n<li>Viso siurblio pavir\u0161ius yra cinkuotas<\/li>\n<li>\u0160lyties var\u017eto apsauga tarp pavar\u0173 d\u0117\u017e\u0117s ir veleno<\/li>\n<li>Slankiojanti apsauga pagrindiniam vamzd\u017eiui<\/li>\n<li>Guma klostuotas guolis ant sparnuot\u0117s, reikalaujantis minimalios prie\u017ei\u016bros<\/li>\n<li>Papildomai galima prijungti po pavir\u0161in\u012f mai\u0161ytuv\u0105<\/li>\n<\/ol>\n<p><img loading=\"lazy\" decoding=\"async\" class=\"alignnone wp-image-6134\" src=\"http:\/\/www.specagra.ee\/wp-content\/uploads\/2020\/07\/srutusiurblys1-300x186.jpg\" alt=\"\" width=\"231\" height=\"143\" srcset=\"https:\/\/specagra.ee\/wp-content\/uploads\/2020\/07\/srutusiurblys1-300x186.jpg 300w, https:\/\/specagra.ee\/wp-content\/uploads\/2020\/07\/srutusiurblys1-400x250.jpg 400w, https:\/\/specagra.ee\/wp-content\/uploads\/2020\/07\/srutusiurblys1-510x318.jpg 510w, https:\/\/specagra.ee\/wp-content\/uploads\/2020\/07\/srutusiurblys1-480x298.jpg 480w, https:\/\/specagra.ee\/wp-content\/uploads\/2020\/07\/srutusiurblys1-100x62.jpg 100w, https:\/\/specagra.ee\/wp-content\/uploads\/2020\/07\/srutusiurblys1.jpg 513w\" sizes=\"(max-width: 231px) 100vw, 231px\" \/><img loading=\"lazy\" decoding=\"async\" class=\"alignnone wp-image-6135\" src=\"http:\/\/www.specagra.ee\/wp-content\/uploads\/2020\/07\/srutusiurblys2-300x163.jpg\" alt=\"\" width=\"263\" height=\"143\" srcset=\"https:\/\/specagra.ee\/wp-content\/uploads\/2020\/07\/srutusiurblys2-300x163.jpg 300w, https:\/\/specagra.ee\/wp-content\/uploads\/2020\/07\/srutusiurblys2-480x261.jpg 480w, https:\/\/specagra.ee\/wp-content\/uploads\/2020\/07\/srutusiurblys2-100x54.jpg 100w, https:\/\/specagra.ee\/wp-content\/uploads\/2020\/07\/srutusiurblys2-600x326.jpg 600w, https:\/\/specagra.ee\/wp-content\/uploads\/2020\/07\/srutusiurblys2.jpg 644w\" sizes=\"(max-width: 263px) 100vw, 263px\" \/><img loading=\"lazy\" decoding=\"async\" class=\"alignnone wp-image-6136\" src=\"http:\/\/www.specagra.ee\/wp-content\/uploads\/2020\/07\/srutusiurblys3-300x153.jpg\" alt=\"\" width=\"229\" height=\"117\" srcset=\"https:\/\/specagra.ee\/wp-content\/uploads\/2020\/07\/srutusiurblys3-300x153.jpg 300w, https:\/\/specagra.ee\/wp-content\/uploads\/2020\/07\/srutusiurblys3-480x244.jpg 480w, https:\/\/specagra.ee\/wp-content\/uploads\/2020\/07\/srutusiurblys3-100x51.jpg 100w, https:\/\/specagra.ee\/wp-content\/uploads\/2020\/07\/srutusiurblys3-600x305.jpg 600w, https:\/\/specagra.ee\/wp-content\/uploads\/2020\/07\/srutusiurblys3.jpg 649w\" sizes=\"(max-width: 229px) 100vw, 229px\" \/><\/p>\n<p><strong>2-j\u0173 jung\u010di\u0173 Superjet srut\u0173 siurbliai:<\/strong><\/p>\n<ul>\n<li>2-j\u0173 jung\u010di\u0173 kardaniniu velenu varomi srut\u0173 siurbliai, leid\u017eia srutas mai\u0161yti skirtingo gylio duob\u0117se dvejopai veikian\u010diu plun\u017eeriu su skirtingo gylio parinkties funkcija.<\/li>\n<li>Siurbliai yra transportuojami traktoriais, atjungus kardanin\u012f velen\u0105 (transportuojant 3-j\u0173 jung\u010di\u0173 siurblius, j\u0173 nereikia atjungti nuo kardaninio veleno), po to kardaninis velenas prijungiama ir galima t\u0119sti darb\u0105.<\/li>\n<\/ul>\n<table border=\"0\" cellspacing=\"0\" cellpadding=\"0\">\n<tbody>\n<tr>\n<td><strong>Techniniai 2-j\u0173 jung\u010di\u0173 srut\u0173 siurbli\u0173 parametrai:<\/strong><\/p>\n<ol>\n<li>80-100 AG reikia 125 mm siurbliui<\/li>\n<li>100-120 AG reikia 150 mm siurbliui<\/li>\n<li>Siurbimo atstumas 200 metr\u0173 tiek 125 mm, tiek 150 mm siurbliams<\/li>\n<li>Hidraulinis gylio reguliavimas plun\u017eeriu leid\u017eia jud\u0117jim\u0105 600 mm atstumu gelm\u0117je<\/li>\n<li>125 mm siurbliai permai\u0161o 13 500 litr\u0173 per minut\u0119<\/li>\n<li>150 mm siurbliai permai\u0161o 20 400 litr\u0173 per minut\u0119<\/li>\n<\/ol>\n<\/td>\n<\/tr>\n<\/tbody>\n<\/table>\n<p><img loading=\"lazy\" decoding=\"async\" class=\"alignnone wp-image-6137\" src=\"http:\/\/www.specagra.ee\/wp-content\/uploads\/2020\/07\/srutusiurblys4-300x170.jpg\" alt=\"\" width=\"249\" height=\"141\" srcset=\"https:\/\/specagra.ee\/wp-content\/uploads\/2020\/07\/srutusiurblys4-300x170.jpg 300w, https:\/\/specagra.ee\/wp-content\/uploads\/2020\/07\/srutusiurblys4-480x272.jpg 480w, https:\/\/specagra.ee\/wp-content\/uploads\/2020\/07\/srutusiurblys4-100x57.jpg 100w, https:\/\/specagra.ee\/wp-content\/uploads\/2020\/07\/srutusiurblys4.jpg 495w\" sizes=\"(max-width: 249px) 100vw, 249px\" \/><\/p>\n<p><strong>3-j\u0173 jung\u010di\u0173 srut\u0173 siurbliai-pritaikyti didesni\u0173 \u016bki\u0173 aptarnavimui:<\/strong><\/p>\n<ul>\n<li>\u0160io tipo siurbliai buvo sukurti paprastam j\u0173 naudojimui, perkeliant siurbl\u012f i\u0161 duob\u0117s \u012f duob\u0119, neatjungus kardaninio veleno. \u012erenginys turi gylio reguliavimo parinkt\u012f, leid\u017eian\u010di\u0105 lengvai pasiekti skyles ir nustatyti mai\u0161ymo antgal\u012f taip, kad jis b\u016bt\u0173 tinkamame ta\u0161ke kol mai\u0161oma.<\/li>\n<li>Siurblio konstrukcija u\u017etikrina neprilygstamus siurbimo paj\u0117gumus. Rankena, esanti siurblio vir\u0161uje, leid\u017eia labai lengvai pakeisti mai\u0161ymo funkcij\u0105 \u012f siurbimo funkcij\u0105. Cinkuoto plieno \u012frenginio konstrukcija garantuoja jo ilgaam\u017ei\u0161kum\u0105.<\/li>\n<\/ul>\n<table style=\"height: 246px;\" border=\"0\" width=\"696\" cellspacing=\"0\" cellpadding=\"0\">\n<tbody>\n<tr>\n<td style=\"width: 692px;\"><strong>Techniniai 3-j\u0173 jung\u010di\u0173 srut\u0173 siurbli\u0173 parametrai:<\/strong><\/p>\n<ol>\n<li>Tvirta cinkuoto plieno konstrukcija<\/li>\n<li>Plataus korpuso gr\u0119\u017eini\u0173 siurblys, didel\u0117 atvira sparnuot\u0117 bei \u012fleid\u017eiamas smulkintuvas, leid\u017eia iki minimumo suma\u017einti darbo trukd\u017ei\u0173 skai\u010di\u0173.<\/li>\n<li>80-100 AG reikia 125 mm siurbliui<\/li>\n<li>100-120 AG reikia 150 mm siurbliui<\/li>\n<li>540 apsuk\u0173 per minut\u0119 pavar\u0173 d\u0117\u017e\u0117<\/li>\n<li>Siurbimo atstumas 200 metr\u0173 tiek 125 mm, tiek 150 mm siurbliams<\/li>\n<li>Hidraulinis gylio reguliavimas plun\u017eeriu leid\u017eia jud\u0117jim\u0105 600 mm atstumu gelm\u0117je;<\/li>\n<li>125 mm siurbliai permai\u0161o 13 500 litr\u0173 per minut\u0119<\/li>\n<li>150 mm siurbliai permai\u0161o 20 400 litr\u0173 per minut\u0119<\/li>\n<\/ol>\n<\/td>\n<\/tr>\n<\/tbody>\n<\/table>\n<p><img loading=\"lazy\" decoding=\"async\" class=\"alignnone wp-image-6138\" src=\"http:\/\/www.specagra.ee\/wp-content\/uploads\/2020\/07\/srutusiurblys5-300x253.jpg\" alt=\"\" width=\"255\" height=\"215\" srcset=\"https:\/\/specagra.ee\/wp-content\/uploads\/2020\/07\/srutusiurblys5-300x253.jpg 300w, https:\/\/specagra.ee\/wp-content\/uploads\/2020\/07\/srutusiurblys5-480x405.jpg 480w, https:\/\/specagra.ee\/wp-content\/uploads\/2020\/07\/srutusiurblys5-100x84.jpg 100w, https:\/\/specagra.ee\/wp-content\/uploads\/2020\/07\/srutusiurblys5.jpg 529w\" sizes=\"(max-width: 255px) 100vw, 255px\" \/><\/p>\n<p><strong>Elektriniai srut\u0173 siurbliai: nuo 5 kW iki 22 kW:<\/strong><\/p>\n<ul>\n<li>Visi elektriniai siurbliai yra trifaziai, varikli\u0173 galingumas svyruoja nuo 5 iki 22 kW. Elektriniai srut\u0173 siurbliai gali b\u016bti montuojami prie pl\u016bdini\u0173 jungikli\u0173, leid\u017eian\u010di\u0173 automati\u0161kai paleisti\/ i\u0161jungti siurblius, kai srutos pasiekia atitinkam\u0105 lyg\u012f.<\/li>\n<li>Gamintojas naudoja guma klostuot\u0105 apatin\u012f guol\u012f, kuris nuolatos dr\u0117kinamas srutomis, vietoj \u012fprastos mechani\u0161kai i\u0161d\u0117styt\u0173 tarpini\u0173 eil\u0117s, kas pailgina guolio naudojimo trukm\u0119 bei palengvina \u012frenginio prie\u017ei\u016br\u0105. STORTH Turbo elektriniai siurbliai turi naujai sukurt\u0105 auk\u0161to sl\u0117gio sraigt\u0105.<\/li>\n<\/ul>\n<table border=\"0\" cellspacing=\"0\" cellpadding=\"0\">\n<tbody>\n<tr>\n<td><strong>Techniniai elektrini\u0173 siurbli\u0173 parametrai:\u00a0<\/strong><\/p>\n<ol>\n<li>100 mm i\u0161leidimo \u017earna<\/li>\n<li>Naudojami su arba be po pavir\u0161iniu mai\u0161ytuvu<\/li>\n<li>Guma klostuotas guolis sraigto apa\u010dioje<\/li>\n<li>\u00a0Cinkuotas pavir\u0161ius<\/li>\n<li>\u00a0Galimi auk\u0161to sl\u0117gio i\u0161lyd\u017eio Turbo modeliai<\/li>\n<\/ol>\n<\/td>\n<\/tr>\n<\/tbody>\n<\/table>\n<p><img loading=\"lazy\" decoding=\"async\" class=\"alignnone wp-image-6139\" src=\"http:\/\/www.specagra.ee\/wp-content\/uploads\/2020\/07\/srutusiurblys6-300x170.jpg\" alt=\"\" width=\"270\" height=\"153\" srcset=\"https:\/\/specagra.ee\/wp-content\/uploads\/2020\/07\/srutusiurblys6-300x170.jpg 300w, https:\/\/specagra.ee\/wp-content\/uploads\/2020\/07\/srutusiurblys6-100x57.jpg 100w, https:\/\/specagra.ee\/wp-content\/uploads\/2020\/07\/srutusiurblys6.jpg 354w\" sizes=\"(max-width: 270px) 100vw, 270px\" \/><\/p>\n<p><strong>Panardinami srut\u0173 siurbliai:<\/strong><\/p>\n<ol>\n<li>Tai geriausia alternatyva srut\u0173 siurbimui i\u0161 gyli\u0173 duobi\u0173<\/li>\n<li>Tai ekonomi\u0161kas srut\u0173 siurbimo b\u016bdas<\/li>\n<li>Tiesioginis energijos padavimas sraigto ment\u0117ms nuo variklio veleno. Nepaisant to apsiribojama minimaliais mechaniniais praradimais bei auk\u0161tu siurbimo na\u0161umu<\/li>\n<li>Suma\u017einama problem\u0173 atsiradimo rizika, keliama ilgo plau\u0161o med\u017eiag\u0173, aptinkam\u0173 srut\u0173 duob\u0117se, kadangi peiliai efektyviai jas susmulkina prie\u0161 nusileid\u017eiant<\/li>\n<\/ol>\n<p><img loading=\"lazy\" decoding=\"async\" class=\"alignnone wp-image-6140\" src=\"http:\/\/www.specagra.ee\/wp-content\/uploads\/2020\/07\/srutusiurblys7.jpg\" alt=\"\" width=\"226\" height=\"172\" srcset=\"https:\/\/specagra.ee\/wp-content\/uploads\/2020\/07\/srutusiurblys7.jpg 300w, https:\/\/specagra.ee\/wp-content\/uploads\/2020\/07\/srutusiurblys7-100x76.jpg 100w\" sizes=\"(max-width: 226px) 100vw, 226px\" \/><\/p>\n<p>&nbsp;<\/p>\n<p><strong>Kobra siurblys:<\/strong><\/p>\n<ul>\n<li>Gali variantai: 100 mm (4 &#8216;) arba 150 mm (6 &#8220;)<\/li>\n<li>Cinkuoto metalo gaminys, garantuoja prailgint\u0105 produkto eksploatavimo laik\u0105<\/li>\n<li>4 &#8220;coli\u0173 na\u0161umas 2600 l \/ min (570 gal \/ min), 0,75 bar (45 l \/ min tepalo srautas)<\/li>\n<li>6\u201d \u00a0coli\u0173 na\u0161umas 3500 l \/ min (770 gal \/ min), 1,1 bar (75 lt \/ min tepalo srautas)<\/li>\n<li>Didel\u0117 3\/4 &#8220;hidraulin\u0117 \u017earna, 8,5 m ilgio<\/li>\n<li>Trigubo sandariklio sistema (STSS) &#8211; siurblio apsaugai<\/li>\n<li>Itin efektyvi 4 a\u0161men\u0173 sparnuot\u0117<\/li>\n<\/ul>\n<p><img loading=\"lazy\" decoding=\"async\" class=\"\" src=\"https:\/\/storthmachinery.co.uk\/wp-content\/uploads\/2020\/07\/cobra.jpg\" width=\"481\" height=\"363\" \/><\/p>\n","protected":false},"excerpt":{"rendered":"<p>Srut\u0173 siurbimo \u012frenginiai: Stacionar\u016bs 2 jung\u010di\u0173 3 jung\u010di\u0173 elektriniai panardinami Stacionar\u016bs STORTH srut\u0173 siurbliai\u00a0yra skirti srut\u0173 mai\u0161ymui ir siurbimui i\u0161 pri\u0117mimo rezervuaro. Kardaninio veleno varomi arba elektriniai srut\u0173 siurbliai gali b\u016bti naudojami ir kaip stacionar\u016bs modeliai. STORTH ple\u010dia gaminam\u0173 kardaniniu velenu varom\u0173 ir elektrini\u0173 stacionari\u0173 srut\u0173 siurbli\u0173 asortiment\u0105, kuriais galima permai\u0161yti arba i\u0161siurbti srutas i\u0161 [&hellip;]<\/p>\n","protected":false},"featured_media":27683,"template":"","meta":{"_et_pb_use_builder":"","_et_pb_old_content":"","_et_gb_content_width":""},"product_brand":[],"product_cat":[130],"product_tag":[],"class_list":{"0":"post-6133","1":"product","2":"type-product","3":"status-publish","4":"has-post-thumbnail","6":"product_cat-lagapumbad","8":"first","9":"instock","10":"shipping-taxable","11":"product-type-simple"},"yoast_head":"<!-- This site is optimized with the Yoast SEO plugin v26.4 - https:\/\/yoast.com\/wordpress\/plugins\/seo\/ -->\n<title>Storth srut\u0173 siurbliai - Specagra<\/title>\n<meta name=\"robots\" content=\"index, follow, max-snippet:-1, max-image-preview:large, max-video-preview:-1\" \/>\n<link rel=\"canonical\" href=\"https:\/\/www.specagra.ee\/?product=srutu-siurbliai\" \/>\n<meta property=\"og:locale\" content=\"et_EE\" \/>\n<meta property=\"og:type\" content=\"article\" \/>\n<meta property=\"og:title\" content=\"Storth srut\u0173 siurbliai - Specagra\" \/>\n<meta property=\"og:description\" content=\"Srut\u0173 siurbimo \u012frenginiai: Stacionar\u016bs 2 jung\u010di\u0173 3 jung\u010di\u0173 elektriniai panardinami Stacionar\u016bs STORTH srut\u0173 siurbliai\u00a0yra skirti srut\u0173 mai\u0161ymui ir siurbimui i\u0161 pri\u0117mimo rezervuaro. Kardaninio veleno varomi arba elektriniai srut\u0173 siurbliai gali b\u016bti naudojami ir kaip stacionar\u016bs modeliai. STORTH ple\u010dia gaminam\u0173 kardaniniu velenu varom\u0173 ir elektrini\u0173 stacionari\u0173 srut\u0173 siurbli\u0173 asortiment\u0105, kuriais galima permai\u0161yti arba i\u0161siurbti srutas i\u0161 [&hellip;]\" \/>\n<meta property=\"og:url\" content=\"https:\/\/www.specagra.ee\/?product=srutu-siurbliai\" \/>\n<meta property=\"og:site_name\" content=\"Specagra\" \/>\n<meta property=\"article:modified_time\" content=\"2023-03-17T14:40:33+00:00\" \/>\n<meta property=\"og:image\" content=\"https:\/\/specagra.ee\/wp-content\/uploads\/2020\/07\/Untitled-design-14.jpg\" \/>\n\t<meta property=\"og:image:width\" content=\"800\" \/>\n\t<meta property=\"og:image:height\" content=\"800\" \/>\n\t<meta property=\"og:image:type\" content=\"image\/jpeg\" \/>\n<meta name=\"twitter:card\" content=\"summary_large_image\" \/>\n<meta name=\"twitter:label1\" content=\"Est. reading time\" \/>\n\t<meta name=\"twitter:data1\" content=\"6 minutit\" \/>\n<script type=\"application\/ld+json\" class=\"yoast-schema-graph\">{\"@context\":\"https:\/\/schema.org\",\"@graph\":[{\"@type\":\"WebPage\",\"@id\":\"https:\/\/www.specagra.ee\/?product=srutu-siurbliai\",\"url\":\"https:\/\/www.specagra.ee\/?product=srutu-siurbliai\",\"name\":\"Storth srut\u0173 siurbliai - Specagra\",\"isPartOf\":{\"@id\":\"https:\/\/www.specagra.ee\/#website\"},\"primaryImageOfPage\":{\"@id\":\"https:\/\/www.specagra.ee\/?product=srutu-siurbliai#primaryimage\"},\"image\":{\"@id\":\"https:\/\/www.specagra.ee\/?product=srutu-siurbliai#primaryimage\"},\"thumbnailUrl\":\"https:\/\/specagra.ee\/wp-content\/uploads\/2020\/07\/Untitled-design-14.jpg\",\"datePublished\":\"2020-07-30T10:02:16+00:00\",\"dateModified\":\"2023-03-17T14:40:33+00:00\",\"breadcrumb\":{\"@id\":\"https:\/\/www.specagra.ee\/?product=srutu-siurbliai#breadcrumb\"},\"inLanguage\":\"et\",\"potentialAction\":[{\"@type\":\"ReadAction\",\"target\":[\"https:\/\/www.specagra.ee\/?product=srutu-siurbliai\"]}]},{\"@type\":\"ImageObject\",\"inLanguage\":\"et\",\"@id\":\"https:\/\/www.specagra.ee\/?product=srutu-siurbliai#primaryimage\",\"url\":\"https:\/\/specagra.ee\/wp-content\/uploads\/2020\/07\/Untitled-design-14.jpg\",\"contentUrl\":\"https:\/\/specagra.ee\/wp-content\/uploads\/2020\/07\/Untitled-design-14.jpg\",\"width\":800,\"height\":800},{\"@type\":\"BreadcrumbList\",\"@id\":\"https:\/\/www.specagra.ee\/?product=srutu-siurbliai#breadcrumb\",\"itemListElement\":[{\"@type\":\"ListItem\",\"position\":1,\"name\":\"Home\",\"item\":\"https:\/\/www.specagra.ee\/\"},{\"@type\":\"ListItem\",\"position\":2,\"name\":\"P\u00f5llumajandustehnika ja loomakasvatus\",\"item\":\"https:\/\/specagra.ee\/?page_id=18493\"},{\"@type\":\"ListItem\",\"position\":3,\"name\":\"Storth srut\u0173 siurbliai\"}]},{\"@type\":\"WebSite\",\"@id\":\"https:\/\/www.specagra.ee\/#website\",\"url\":\"https:\/\/www.specagra.ee\/\",\"name\":\"Specagra\",\"description\":\"P\u00f5llumajandustehnika ja varuosad\",\"publisher\":{\"@id\":\"https:\/\/www.specagra.ee\/#organization\"},\"potentialAction\":[{\"@type\":\"SearchAction\",\"target\":{\"@type\":\"EntryPoint\",\"urlTemplate\":\"https:\/\/www.specagra.ee\/?s={search_term_string}\"},\"query-input\":{\"@type\":\"PropertyValueSpecification\",\"valueRequired\":true,\"valueName\":\"search_term_string\"}}],\"inLanguage\":\"et\"},{\"@type\":\"Organization\",\"@id\":\"https:\/\/www.specagra.ee\/#organization\",\"name\":\"UAB Specagra\",\"url\":\"https:\/\/www.specagra.ee\/\",\"logo\":{\"@type\":\"ImageObject\",\"inLanguage\":\"et\",\"@id\":\"https:\/\/www.specagra.ee\/#\/schema\/logo\/image\/\",\"url\":\"http:\/\/www.specagra.ee\/wp-content\/uploads\/2022\/02\/SP-logo_naujas-scaled.jpg\",\"contentUrl\":\"http:\/\/www.specagra.ee\/wp-content\/uploads\/2022\/02\/SP-logo_naujas-scaled.jpg\",\"width\":2560,\"height\":326,\"caption\":\"UAB Specagra\"},\"image\":{\"@id\":\"https:\/\/www.specagra.ee\/#\/schema\/logo\/image\/\"}}]}<\/script>\n<!-- \/ Yoast SEO plugin. -->","yoast_head_json":{"title":"Storth srut\u0173 siurbliai - Specagra","robots":{"index":"index","follow":"follow","max-snippet":"max-snippet:-1","max-image-preview":"max-image-preview:large","max-video-preview":"max-video-preview:-1"},"canonical":"https:\/\/www.specagra.ee\/?product=srutu-siurbliai","og_locale":"et_EE","og_type":"article","og_title":"Storth srut\u0173 siurbliai - Specagra","og_description":"Srut\u0173 siurbimo \u012frenginiai: Stacionar\u016bs 2 jung\u010di\u0173 3 jung\u010di\u0173 elektriniai panardinami Stacionar\u016bs STORTH srut\u0173 siurbliai\u00a0yra skirti srut\u0173 mai\u0161ymui ir siurbimui i\u0161 pri\u0117mimo rezervuaro. Kardaninio veleno varomi arba elektriniai srut\u0173 siurbliai gali b\u016bti naudojami ir kaip stacionar\u016bs modeliai. STORTH ple\u010dia gaminam\u0173 kardaniniu velenu varom\u0173 ir elektrini\u0173 stacionari\u0173 srut\u0173 siurbli\u0173 asortiment\u0105, kuriais galima permai\u0161yti arba i\u0161siurbti srutas i\u0161 [&hellip;]","og_url":"https:\/\/www.specagra.ee\/?product=srutu-siurbliai","og_site_name":"Specagra","article_modified_time":"2023-03-17T14:40:33+00:00","og_image":[{"width":800,"height":800,"url":"https:\/\/specagra.ee\/wp-content\/uploads\/2020\/07\/Untitled-design-14.jpg","type":"image\/jpeg"}],"twitter_card":"summary_large_image","twitter_misc":{"Est. reading time":"6 minutit"},"schema":{"@context":"https:\/\/schema.org","@graph":[{"@type":"WebPage","@id":"https:\/\/www.specagra.ee\/?product=srutu-siurbliai","url":"https:\/\/www.specagra.ee\/?product=srutu-siurbliai","name":"Storth srut\u0173 siurbliai - Specagra","isPartOf":{"@id":"https:\/\/www.specagra.ee\/#website"},"primaryImageOfPage":{"@id":"https:\/\/www.specagra.ee\/?product=srutu-siurbliai#primaryimage"},"image":{"@id":"https:\/\/www.specagra.ee\/?product=srutu-siurbliai#primaryimage"},"thumbnailUrl":"https:\/\/specagra.ee\/wp-content\/uploads\/2020\/07\/Untitled-design-14.jpg","datePublished":"2020-07-30T10:02:16+00:00","dateModified":"2023-03-17T14:40:33+00:00","breadcrumb":{"@id":"https:\/\/www.specagra.ee\/?product=srutu-siurbliai#breadcrumb"},"inLanguage":"et","potentialAction":[{"@type":"ReadAction","target":["https:\/\/www.specagra.ee\/?product=srutu-siurbliai"]}]},{"@type":"ImageObject","inLanguage":"et","@id":"https:\/\/www.specagra.ee\/?product=srutu-siurbliai#primaryimage","url":"https:\/\/specagra.ee\/wp-content\/uploads\/2020\/07\/Untitled-design-14.jpg","contentUrl":"https:\/\/specagra.ee\/wp-content\/uploads\/2020\/07\/Untitled-design-14.jpg","width":800,"height":800},{"@type":"BreadcrumbList","@id":"https:\/\/www.specagra.ee\/?product=srutu-siurbliai#breadcrumb","itemListElement":[{"@type":"ListItem","position":1,"name":"Home","item":"https:\/\/www.specagra.ee\/"},{"@type":"ListItem","position":2,"name":"P\u00f5llumajandustehnika ja loomakasvatus","item":"https:\/\/specagra.ee\/?page_id=18493"},{"@type":"ListItem","position":3,"name":"Storth srut\u0173 siurbliai"}]},{"@type":"WebSite","@id":"https:\/\/www.specagra.ee\/#website","url":"https:\/\/www.specagra.ee\/","name":"Specagra","description":"P\u00f5llumajandustehnika ja varuosad","publisher":{"@id":"https:\/\/www.specagra.ee\/#organization"},"potentialAction":[{"@type":"SearchAction","target":{"@type":"EntryPoint","urlTemplate":"https:\/\/www.specagra.ee\/?s={search_term_string}"},"query-input":{"@type":"PropertyValueSpecification","valueRequired":true,"valueName":"search_term_string"}}],"inLanguage":"et"},{"@type":"Organization","@id":"https:\/\/www.specagra.ee\/#organization","name":"UAB Specagra","url":"https:\/\/www.specagra.ee\/","logo":{"@type":"ImageObject","inLanguage":"et","@id":"https:\/\/www.specagra.ee\/#\/schema\/logo\/image\/","url":"http:\/\/www.specagra.ee\/wp-content\/uploads\/2022\/02\/SP-logo_naujas-scaled.jpg","contentUrl":"http:\/\/www.specagra.ee\/wp-content\/uploads\/2022\/02\/SP-logo_naujas-scaled.jpg","width":2560,"height":326,"caption":"UAB Specagra"},"image":{"@id":"https:\/\/www.specagra.ee\/#\/schema\/logo\/image\/"}}]}},"_links":{"self":[{"href":"https:\/\/www.specagra.ee\/index.php?rest_route=\/wp\/v2\/product\/6133","targetHints":{"allow":["GET"]}}],"collection":[{"href":"https:\/\/www.specagra.ee\/index.php?rest_route=\/wp\/v2\/product"}],"about":[{"href":"https:\/\/www.specagra.ee\/index.php?rest_route=\/wp\/v2\/types\/product"}],"wp:featuredmedia":[{"embeddable":true,"href":"https:\/\/www.specagra.ee\/index.php?rest_route=\/wp\/v2\/media\/27683"}],"wp:attachment":[{"href":"https:\/\/www.specagra.ee\/index.php?rest_route=%2Fwp%2Fv2%2Fmedia&parent=6133"}],"wp:term":[{"taxonomy":"product_brand","embeddable":true,"href":"https:\/\/www.specagra.ee\/index.php?rest_route=%2Fwp%2Fv2%2Fproduct_brand&post=6133"},{"taxonomy":"product_cat","embeddable":true,"href":"https:\/\/www.specagra.ee\/index.php?rest_route=%2Fwp%2Fv2%2Fproduct_cat&post=6133"},{"taxonomy":"product_tag","embeddable":true,"href":"https:\/\/www.specagra.ee\/index.php?rest_route=%2Fwp%2Fv2%2Fproduct_tag&post=6133"}],"curies":[{"name":"wp","href":"https:\/\/api.w.org\/{rel}","templated":true}]}}