{"id":6124,"date":"2020-07-30T06:44:11","date_gmt":"2020-07-30T08:44:11","guid":{"rendered":"https:\/\/www.specagra.ee.nemokamossvetaines.hostingas.lt\/?post_type=product&#038;p=6124"},"modified":"2023-03-17T12:47:08","modified_gmt":"2023-03-17T14:47:08","slug":"meslo-salinimo-transposteriai","status":"publish","type":"product","link":"https:\/\/www.specagra.ee\/?product=meslo-salinimo-transposteriai","title":{"rendered":"Me\u0161lo \u0161alinimo transposteriai"},"content":{"rendered":"<p>Bendrosios savyb\u0117s:<\/p>\n<ul>\n<li>M\u0117\u0161lo transporteriai yra skirti m\u0117\u0161lo \u0161alinimui i\u0161 priri\u0161to gyvuli\u0173 laikymo tipo tvart\u0173. Transporteriai naudojami m\u0117\u0161lo pa\u0161alinimui i\u0161 gyvuli\u0173 laikymo patalp\u0173 ir j\u0173 pakrovimui \u012f transporto priemon\u0119 ar specialiai tam pritaikyt\u0105 m\u0117\u0161lo kaupimo viet\u0105.<\/li>\n<li>Transporteriai gali b\u016bti sumontuoti \u012f tam tikslui pritaikytus m\u0117\u0161lo kanalus, b\u016btina kanaluose \u012fmontuoti juost\u0105, apsaugan\u010di\u0105 kanal\u0105 nuo prie\u0161laikinio susid\u0117v\u0117jimo, u\u017etikrinant kokybi\u0161kesn\u012f ir ilgesn\u012f transporteri\u0173 darb\u0105. Horizontalios m\u0117\u0161lo \u0161alinimo sistemos galimas kont\u016bro ilgis iki 160 m.<\/li>\n<\/ul>\n<table border=\"0\" cellspacing=\"0\" cellpadding=\"0\">\n<tbody>\n<tr>\n<td>Transporteris m\u0117\u0161lo pa\u0161alinimui i\u0161 gyvuli\u0173 laikymo patalp\u0173 komplektuojamas i\u0161:<\/p>\n<p>1. Horizontalaus transporterio<br \/>\n2. Nuo\u017eulnaus transporterio<br \/>\n3. Valdymo \u012frenginio<\/td>\n<\/tr>\n<\/tbody>\n<\/table>\n<p><img loading=\"lazy\" decoding=\"async\" class=\"wp-image-6125 alignnone\" src=\"http:\/\/www.specagra.ee\/wp-content\/uploads\/2020\/07\/transporteris-300x176.png\" alt=\"\" width=\"282\" height=\"165\" srcset=\"https:\/\/www.specagra.ee\/wp-content\/uploads\/2020\/07\/transporteris-300x176.png 300w, https:\/\/www.specagra.ee\/wp-content\/uploads\/2020\/07\/transporteris-480x282.png 480w, https:\/\/www.specagra.ee\/wp-content\/uploads\/2020\/07\/transporteris-100x59.png 100w, https:\/\/www.specagra.ee\/wp-content\/uploads\/2020\/07\/transporteris-600x352.png 600w, https:\/\/www.specagra.ee\/wp-content\/uploads\/2020\/07\/transporteris.png 632w\" sizes=\"(max-width: 282px) 100vw, 282px\" \/><\/p>\n<table style=\"height: 199px;\" border=\"0\" width=\"453\" cellspacing=\"0\" cellpadding=\"0\">\n<tbody>\n<tr>\n<td style=\"width: 449px;\">Horizontalaus transporterio sandara:<\/p>\n<p>1. El. variklis<br \/>\n2. \u012etempimo mechanizmas<br \/>\n3. Grandin\u0117 (grandikliai, \u012fvor\u0117s, kron\u0161teinai, segmentai grandin\u0117s sujungimui)<br \/>\n4. Pos\u016bkio mechanizmai<br \/>\n5. Reduktorius<br \/>\n6. R\u0117mas<br \/>\n7. \u017dvaig\u017edut\u0117<br \/>\n8. \u012etemp\u0117jas-amortizatorius<\/td>\n<\/tr>\n<\/tbody>\n<\/table>\n<p><img loading=\"lazy\" decoding=\"async\" class=\"alignnone wp-image-6126\" src=\"http:\/\/www.specagra.ee\/wp-content\/uploads\/2020\/07\/transporteris2-300x176.png\" alt=\"\" width=\"314\" height=\"184\" srcset=\"https:\/\/www.specagra.ee\/wp-content\/uploads\/2020\/07\/transporteris2-300x176.png 300w, https:\/\/www.specagra.ee\/wp-content\/uploads\/2020\/07\/transporteris2-480x282.png 480w, https:\/\/www.specagra.ee\/wp-content\/uploads\/2020\/07\/transporteris2-100x59.png 100w, https:\/\/www.specagra.ee\/wp-content\/uploads\/2020\/07\/transporteris2-600x352.png 600w, https:\/\/www.specagra.ee\/wp-content\/uploads\/2020\/07\/transporteris2.png 632w\" sizes=\"(max-width: 314px) 100vw, 314px\" \/><\/p>\n<table border=\"0\" cellspacing=\"0\" cellpadding=\"0\">\n<tbody>\n<tr>\n<td>Nuo\u017eulnaus transporterio sandara:<\/p>\n<p>1. Pos\u016bkio mechanizmas<br \/>\n2. Nuo\u017eulnus transporteris<br \/>\n3. Grandin\u0117 (grandikliai, \u012fvor\u0117s, kron\u0161teinai, segmentai grandin\u0117s sujungimui)<br \/>\n4. Pos\u016bkio mechanizmas<br \/>\n5. \u017dvaig\u017edut\u0117<br \/>\n6. Plok\u0161t\u0117<br \/>\n7. Var\u017etas<br \/>\n8. Ver\u017el\u0117<br \/>\n9. Elektrinis Variklis<\/td>\n<\/tr>\n<\/tbody>\n<\/table>\n<p><img loading=\"lazy\" decoding=\"async\" class=\"alignnone wp-image-6127\" src=\"http:\/\/www.specagra.ee\/wp-content\/uploads\/2020\/07\/transporteris3-300x240.jpg\" alt=\"\" width=\"265\" height=\"212\" srcset=\"https:\/\/www.specagra.ee\/wp-content\/uploads\/2020\/07\/transporteris3-300x240.jpg 300w, https:\/\/www.specagra.ee\/wp-content\/uploads\/2020\/07\/transporteris3-480x385.jpg 480w, https:\/\/www.specagra.ee\/wp-content\/uploads\/2020\/07\/transporteris3-100x80.jpg 100w, https:\/\/www.specagra.ee\/wp-content\/uploads\/2020\/07\/transporteris3.jpg 498w\" sizes=\"(max-width: 265px) 100vw, 265px\" \/><\/p>\n","protected":false},"excerpt":{"rendered":"<p>Bendrosios savyb\u0117s: M\u0117\u0161lo transporteriai yra skirti m\u0117\u0161lo \u0161alinimui i\u0161 priri\u0161to gyvuli\u0173 laikymo tipo tvart\u0173. Transporteriai naudojami m\u0117\u0161lo pa\u0161alinimui i\u0161 gyvuli\u0173 laikymo patalp\u0173 ir j\u0173 pakrovimui \u012f transporto priemon\u0119 ar specialiai tam pritaikyt\u0105 m\u0117\u0161lo kaupimo viet\u0105. Transporteriai gali b\u016bti sumontuoti \u012f tam tikslui pritaikytus m\u0117\u0161lo kanalus, b\u016btina kanaluose \u012fmontuoti juost\u0105, apsaugan\u010di\u0105 kanal\u0105 nuo prie\u0161laikinio susid\u0117v\u0117jimo, u\u017etikrinant [&hellip;]<\/p>\n","protected":false},"featured_media":27689,"template":"","meta":{"_et_pb_use_builder":"","_et_pb_old_content":"","_et_gb_content_width":""},"product_brand":[],"product_cat":[127],"product_tag":[],"class_list":{"0":"post-6124","1":"product","2":"type-product","3":"status-publish","4":"has-post-thumbnail","6":"product_cat-sonnikutransportoorid","8":"first","9":"instock","10":"shipping-taxable","11":"product-type-simple"},"yoast_head":"<!-- This site is optimized with the Yoast SEO plugin v26.4 - https:\/\/yoast.com\/wordpress\/plugins\/seo\/ -->\n<title>Me\u0161lo \u0161alinimo transposteriai - Specagra<\/title>\n<meta name=\"robots\" content=\"index, follow, max-snippet:-1, max-image-preview:large, max-video-preview:-1\" \/>\n<link rel=\"canonical\" href=\"https:\/\/www.specagra.ee\/?product=meslo-salinimo-transposteriai\" \/>\n<meta property=\"og:locale\" content=\"et_EE\" \/>\n<meta property=\"og:type\" content=\"article\" \/>\n<meta property=\"og:title\" content=\"Me\u0161lo \u0161alinimo transposteriai - Specagra\" \/>\n<meta property=\"og:description\" content=\"Bendrosios savyb\u0117s: M\u0117\u0161lo transporteriai yra skirti m\u0117\u0161lo \u0161alinimui i\u0161 priri\u0161to gyvuli\u0173 laikymo tipo tvart\u0173. Transporteriai naudojami m\u0117\u0161lo pa\u0161alinimui i\u0161 gyvuli\u0173 laikymo patalp\u0173 ir j\u0173 pakrovimui \u012f transporto priemon\u0119 ar specialiai tam pritaikyt\u0105 m\u0117\u0161lo kaupimo viet\u0105. Transporteriai gali b\u016bti sumontuoti \u012f tam tikslui pritaikytus m\u0117\u0161lo kanalus, b\u016btina kanaluose \u012fmontuoti juost\u0105, apsaugan\u010di\u0105 kanal\u0105 nuo prie\u0161laikinio susid\u0117v\u0117jimo, u\u017etikrinant [&hellip;]\" \/>\n<meta property=\"og:url\" content=\"https:\/\/www.specagra.ee\/?product=meslo-salinimo-transposteriai\" \/>\n<meta property=\"og:site_name\" content=\"Specagra\" \/>\n<meta property=\"article:modified_time\" content=\"2023-03-17T14:47:08+00:00\" \/>\n<meta property=\"og:image\" content=\"https:\/\/www.specagra.ee\/wp-content\/uploads\/2020\/07\/Untitled-design-18.jpg\" \/>\n\t<meta property=\"og:image:width\" content=\"800\" \/>\n\t<meta property=\"og:image:height\" content=\"800\" \/>\n\t<meta property=\"og:image:type\" content=\"image\/jpeg\" \/>\n<meta name=\"twitter:card\" content=\"summary_large_image\" \/>\n<meta name=\"twitter:label1\" content=\"Est. reading time\" \/>\n\t<meta name=\"twitter:data1\" content=\"2 minutit\" \/>\n<script type=\"application\/ld+json\" class=\"yoast-schema-graph\">{\"@context\":\"https:\/\/schema.org\",\"@graph\":[{\"@type\":\"WebPage\",\"@id\":\"https:\/\/www.specagra.ee\/?product=meslo-salinimo-transposteriai\",\"url\":\"https:\/\/www.specagra.ee\/?product=meslo-salinimo-transposteriai\",\"name\":\"Me\u0161lo \u0161alinimo transposteriai - Specagra\",\"isPartOf\":{\"@id\":\"https:\/\/www.specagra.ee\/#website\"},\"primaryImageOfPage\":{\"@id\":\"https:\/\/www.specagra.ee\/?product=meslo-salinimo-transposteriai#primaryimage\"},\"image\":{\"@id\":\"https:\/\/www.specagra.ee\/?product=meslo-salinimo-transposteriai#primaryimage\"},\"thumbnailUrl\":\"https:\/\/www.specagra.ee\/wp-content\/uploads\/2020\/07\/Untitled-design-18.jpg\",\"datePublished\":\"2020-07-30T08:44:11+00:00\",\"dateModified\":\"2023-03-17T14:47:08+00:00\",\"breadcrumb\":{\"@id\":\"https:\/\/www.specagra.ee\/?product=meslo-salinimo-transposteriai#breadcrumb\"},\"inLanguage\":\"et\",\"potentialAction\":[{\"@type\":\"ReadAction\",\"target\":[\"https:\/\/www.specagra.ee\/?product=meslo-salinimo-transposteriai\"]}]},{\"@type\":\"ImageObject\",\"inLanguage\":\"et\",\"@id\":\"https:\/\/www.specagra.ee\/?product=meslo-salinimo-transposteriai#primaryimage\",\"url\":\"https:\/\/www.specagra.ee\/wp-content\/uploads\/2020\/07\/Untitled-design-18.jpg\",\"contentUrl\":\"https:\/\/www.specagra.ee\/wp-content\/uploads\/2020\/07\/Untitled-design-18.jpg\",\"width\":800,\"height\":800},{\"@type\":\"BreadcrumbList\",\"@id\":\"https:\/\/www.specagra.ee\/?product=meslo-salinimo-transposteriai#breadcrumb\",\"itemListElement\":[{\"@type\":\"ListItem\",\"position\":1,\"name\":\"Home\",\"item\":\"https:\/\/www.specagra.ee\/\"},{\"@type\":\"ListItem\",\"position\":2,\"name\":\"P\u00f5llumajandustehnika ja loomakasvatus\",\"item\":\"https:\/\/specagra.ee\/?page_id=18493\"},{\"@type\":\"ListItem\",\"position\":3,\"name\":\"Me\u0161lo \u0161alinimo transposteriai\"}]},{\"@type\":\"WebSite\",\"@id\":\"https:\/\/www.specagra.ee\/#website\",\"url\":\"https:\/\/www.specagra.ee\/\",\"name\":\"Specagra\",\"description\":\"P\u00f5llumajandustehnika ja varuosad\",\"publisher\":{\"@id\":\"https:\/\/www.specagra.ee\/#organization\"},\"potentialAction\":[{\"@type\":\"SearchAction\",\"target\":{\"@type\":\"EntryPoint\",\"urlTemplate\":\"https:\/\/www.specagra.ee\/?s={search_term_string}\"},\"query-input\":{\"@type\":\"PropertyValueSpecification\",\"valueRequired\":true,\"valueName\":\"search_term_string\"}}],\"inLanguage\":\"et\"},{\"@type\":\"Organization\",\"@id\":\"https:\/\/www.specagra.ee\/#organization\",\"name\":\"UAB Specagra\",\"url\":\"https:\/\/www.specagra.ee\/\",\"logo\":{\"@type\":\"ImageObject\",\"inLanguage\":\"et\",\"@id\":\"https:\/\/www.specagra.ee\/#\/schema\/logo\/image\/\",\"url\":\"http:\/\/www.specagra.ee\/wp-content\/uploads\/2022\/02\/SP-logo_naujas-scaled.jpg\",\"contentUrl\":\"http:\/\/www.specagra.ee\/wp-content\/uploads\/2022\/02\/SP-logo_naujas-scaled.jpg\",\"width\":2560,\"height\":326,\"caption\":\"UAB Specagra\"},\"image\":{\"@id\":\"https:\/\/www.specagra.ee\/#\/schema\/logo\/image\/\"}}]}<\/script>\n<!-- \/ Yoast SEO plugin. -->","yoast_head_json":{"title":"Me\u0161lo \u0161alinimo transposteriai - Specagra","robots":{"index":"index","follow":"follow","max-snippet":"max-snippet:-1","max-image-preview":"max-image-preview:large","max-video-preview":"max-video-preview:-1"},"canonical":"https:\/\/www.specagra.ee\/?product=meslo-salinimo-transposteriai","og_locale":"et_EE","og_type":"article","og_title":"Me\u0161lo \u0161alinimo transposteriai - Specagra","og_description":"Bendrosios savyb\u0117s: M\u0117\u0161lo transporteriai yra skirti m\u0117\u0161lo \u0161alinimui i\u0161 priri\u0161to gyvuli\u0173 laikymo tipo tvart\u0173. Transporteriai naudojami m\u0117\u0161lo pa\u0161alinimui i\u0161 gyvuli\u0173 laikymo patalp\u0173 ir j\u0173 pakrovimui \u012f transporto priemon\u0119 ar specialiai tam pritaikyt\u0105 m\u0117\u0161lo kaupimo viet\u0105. Transporteriai gali b\u016bti sumontuoti \u012f tam tikslui pritaikytus m\u0117\u0161lo kanalus, b\u016btina kanaluose \u012fmontuoti juost\u0105, apsaugan\u010di\u0105 kanal\u0105 nuo prie\u0161laikinio susid\u0117v\u0117jimo, u\u017etikrinant [&hellip;]","og_url":"https:\/\/www.specagra.ee\/?product=meslo-salinimo-transposteriai","og_site_name":"Specagra","article_modified_time":"2023-03-17T14:47:08+00:00","og_image":[{"width":800,"height":800,"url":"https:\/\/www.specagra.ee\/wp-content\/uploads\/2020\/07\/Untitled-design-18.jpg","type":"image\/jpeg"}],"twitter_card":"summary_large_image","twitter_misc":{"Est. reading time":"2 minutit"},"schema":{"@context":"https:\/\/schema.org","@graph":[{"@type":"WebPage","@id":"https:\/\/www.specagra.ee\/?product=meslo-salinimo-transposteriai","url":"https:\/\/www.specagra.ee\/?product=meslo-salinimo-transposteriai","name":"Me\u0161lo \u0161alinimo transposteriai - Specagra","isPartOf":{"@id":"https:\/\/www.specagra.ee\/#website"},"primaryImageOfPage":{"@id":"https:\/\/www.specagra.ee\/?product=meslo-salinimo-transposteriai#primaryimage"},"image":{"@id":"https:\/\/www.specagra.ee\/?product=meslo-salinimo-transposteriai#primaryimage"},"thumbnailUrl":"https:\/\/www.specagra.ee\/wp-content\/uploads\/2020\/07\/Untitled-design-18.jpg","datePublished":"2020-07-30T08:44:11+00:00","dateModified":"2023-03-17T14:47:08+00:00","breadcrumb":{"@id":"https:\/\/www.specagra.ee\/?product=meslo-salinimo-transposteriai#breadcrumb"},"inLanguage":"et","potentialAction":[{"@type":"ReadAction","target":["https:\/\/www.specagra.ee\/?product=meslo-salinimo-transposteriai"]}]},{"@type":"ImageObject","inLanguage":"et","@id":"https:\/\/www.specagra.ee\/?product=meslo-salinimo-transposteriai#primaryimage","url":"https:\/\/www.specagra.ee\/wp-content\/uploads\/2020\/07\/Untitled-design-18.jpg","contentUrl":"https:\/\/www.specagra.ee\/wp-content\/uploads\/2020\/07\/Untitled-design-18.jpg","width":800,"height":800},{"@type":"BreadcrumbList","@id":"https:\/\/www.specagra.ee\/?product=meslo-salinimo-transposteriai#breadcrumb","itemListElement":[{"@type":"ListItem","position":1,"name":"Home","item":"https:\/\/www.specagra.ee\/"},{"@type":"ListItem","position":2,"name":"P\u00f5llumajandustehnika ja loomakasvatus","item":"https:\/\/specagra.ee\/?page_id=18493"},{"@type":"ListItem","position":3,"name":"Me\u0161lo \u0161alinimo transposteriai"}]},{"@type":"WebSite","@id":"https:\/\/www.specagra.ee\/#website","url":"https:\/\/www.specagra.ee\/","name":"Specagra","description":"P\u00f5llumajandustehnika ja varuosad","publisher":{"@id":"https:\/\/www.specagra.ee\/#organization"},"potentialAction":[{"@type":"SearchAction","target":{"@type":"EntryPoint","urlTemplate":"https:\/\/www.specagra.ee\/?s={search_term_string}"},"query-input":{"@type":"PropertyValueSpecification","valueRequired":true,"valueName":"search_term_string"}}],"inLanguage":"et"},{"@type":"Organization","@id":"https:\/\/www.specagra.ee\/#organization","name":"UAB Specagra","url":"https:\/\/www.specagra.ee\/","logo":{"@type":"ImageObject","inLanguage":"et","@id":"https:\/\/www.specagra.ee\/#\/schema\/logo\/image\/","url":"http:\/\/www.specagra.ee\/wp-content\/uploads\/2022\/02\/SP-logo_naujas-scaled.jpg","contentUrl":"http:\/\/www.specagra.ee\/wp-content\/uploads\/2022\/02\/SP-logo_naujas-scaled.jpg","width":2560,"height":326,"caption":"UAB Specagra"},"image":{"@id":"https:\/\/www.specagra.ee\/#\/schema\/logo\/image\/"}}]}},"_links":{"self":[{"href":"https:\/\/www.specagra.ee\/index.php?rest_route=\/wp\/v2\/product\/6124","targetHints":{"allow":["GET"]}}],"collection":[{"href":"https:\/\/www.specagra.ee\/index.php?rest_route=\/wp\/v2\/product"}],"about":[{"href":"https:\/\/www.specagra.ee\/index.php?rest_route=\/wp\/v2\/types\/product"}],"wp:featuredmedia":[{"embeddable":true,"href":"https:\/\/www.specagra.ee\/index.php?rest_route=\/wp\/v2\/media\/27689"}],"wp:attachment":[{"href":"https:\/\/www.specagra.ee\/index.php?rest_route=%2Fwp%2Fv2%2Fmedia&parent=6124"}],"wp:term":[{"taxonomy":"product_brand","embeddable":true,"href":"https:\/\/www.specagra.ee\/index.php?rest_route=%2Fwp%2Fv2%2Fproduct_brand&post=6124"},{"taxonomy":"product_cat","embeddable":true,"href":"https:\/\/www.specagra.ee\/index.php?rest_route=%2Fwp%2Fv2%2Fproduct_cat&post=6124"},{"taxonomy":"product_tag","embeddable":true,"href":"https:\/\/www.specagra.ee\/index.php?rest_route=%2Fwp%2Fv2%2Fproduct_tag&post=6124"}],"curies":[{"name":"wp","href":"https:\/\/api.w.org\/{rel}","templated":true}]}}