{"id":6118,"date":"2020-07-30T06:35:06","date_gmt":"2020-07-30T08:35:06","guid":{"rendered":"https:\/\/www.specagra.ee.nemokamossvetaines.hostingas.lt\/?post_type=product&#038;p=6118"},"modified":"2024-09-18T06:09:55","modified_gmt":"2024-09-18T08:09:55","slug":"srutu-kaupyklos","status":"publish","type":"product","link":"https:\/\/www.specagra.ee\/?product=srutu-kaupyklos","title":{"rendered":"Srut\u0173 kaupyklos STORTH"},"content":{"rendered":"<p>Bendrosios savyb\u0117s:<\/p>\n<ul>\n<li>Stiklo emal\u0117s danga yra puikus b\u016bdas sujungti stiklo ir plieno ger\u0105sias savybes \u012f vien\u0105 visum\u0105. 850 laipsni\u0173 Celsijaus kar\u0161tis padeda sukurti nauj\u0105 med\u017eiag\u0105- stiklo emale padengt\u0105 plien\u0105, i\u0161 kurio gaminamos STORTH srut\u0173 talpyklos.<\/li>\n<\/ul>\n<p>STORTH stiklo emale padengto plieno srut\u0173 talpykl\u0173 privalumai:<\/p>\n<ol>\n<li>\u00a0Ant\u017eemin\u0117s srut\u0173 talpyklos yra labai saugios \u017emon\u0117ms ir gyvuliams<\/li>\n<li>\u00a0Ant\u017eemin\u0117s srut\u0173 talpyklos ry\u0161kiai suma\u017eina po\u017eeminio vandens tar\u0161os rizik\u0105<\/li>\n<li>\u00a0Talpyklos gali b\u016bti projektuojamos pagal \u012fvairiausius kliento poreikius<\/li>\n<li>Ilgaam\u017e\u0117 konstrukcija<\/li>\n<li>\u00a0Lengva prie\u017ei\u016bra ir valymas<\/li>\n<li>Gali b\u016bti naudojami special\u016bs dang\u010diai, suma\u017einantys smarv\u0119<\/li>\n<\/ol>\n","protected":false},"excerpt":{"rendered":"<p>Bendrosios savyb\u0117s: Stiklo emal\u0117s danga yra puikus b\u016bdas sujungti stiklo ir plieno ger\u0105sias savybes \u012f vien\u0105 visum\u0105. 850 laipsni\u0173 Celsijaus kar\u0161tis padeda sukurti nauj\u0105 med\u017eiag\u0105- stiklo emale padengt\u0105 plien\u0105, i\u0161 kurio gaminamos STORTH srut\u0173 talpyklos. STORTH stiklo emale padengto plieno srut\u0173 talpykl\u0173 privalumai: \u00a0Ant\u017eemin\u0117s srut\u0173 talpyklos yra labai saugios \u017emon\u0117ms ir gyvuliams \u00a0Ant\u017eemin\u0117s srut\u0173 talpyklos [&hellip;]<\/p>\n","protected":false},"featured_media":43039,"template":"","meta":{"_et_pb_use_builder":"","_et_pb_old_content":"","_et_gb_content_width":""},"product_brand":[],"product_cat":[129],"product_tag":[],"class_list":{"0":"post-6118","1":"product","2":"type-product","3":"status-publish","4":"has-post-thumbnail","6":"product_cat-lagahoidlad","8":"first","9":"instock","10":"shipping-taxable","11":"product-type-simple"},"yoast_head":"<!-- This site is optimized with the Yoast SEO plugin v26.4 - https:\/\/yoast.com\/wordpress\/plugins\/seo\/ -->\n<title>Srut\u0173 kaupyklos STORTH - Specagra<\/title>\n<meta name=\"robots\" content=\"index, follow, max-snippet:-1, max-image-preview:large, max-video-preview:-1\" \/>\n<link rel=\"canonical\" href=\"https:\/\/www.specagra.ee\/?product=srutu-kaupyklos\" \/>\n<meta property=\"og:locale\" content=\"et_EE\" \/>\n<meta property=\"og:type\" content=\"article\" \/>\n<meta property=\"og:title\" content=\"Srut\u0173 kaupyklos STORTH - Specagra\" \/>\n<meta property=\"og:description\" content=\"Bendrosios savyb\u0117s: Stiklo emal\u0117s danga yra puikus b\u016bdas sujungti stiklo ir plieno ger\u0105sias savybes \u012f vien\u0105 visum\u0105. 850 laipsni\u0173 Celsijaus kar\u0161tis padeda sukurti nauj\u0105 med\u017eiag\u0105- stiklo emale padengt\u0105 plien\u0105, i\u0161 kurio gaminamos STORTH srut\u0173 talpyklos. STORTH stiklo emale padengto plieno srut\u0173 talpykl\u0173 privalumai: \u00a0Ant\u017eemin\u0117s srut\u0173 talpyklos yra labai saugios \u017emon\u0117ms ir gyvuliams \u00a0Ant\u017eemin\u0117s srut\u0173 talpyklos [&hellip;]\" \/>\n<meta property=\"og:url\" content=\"https:\/\/www.specagra.ee\/?product=srutu-kaupyklos\" \/>\n<meta property=\"og:site_name\" content=\"Specagra\" \/>\n<meta property=\"article:modified_time\" content=\"2024-09-18T08:09:55+00:00\" \/>\n<meta property=\"og:image\" content=\"https:\/\/www.specagra.ee\/wp-content\/uploads\/2020\/07\/Untitled-design3-2.jpg\" \/>\n\t<meta property=\"og:image:width\" content=\"900\" \/>\n\t<meta property=\"og:image:height\" content=\"900\" \/>\n\t<meta property=\"og:image:type\" content=\"image\/jpeg\" \/>\n<meta name=\"twitter:card\" content=\"summary_large_image\" \/>\n<meta name=\"twitter:label1\" content=\"Est. reading time\" \/>\n\t<meta name=\"twitter:data1\" content=\"1 minut\" \/>\n<script type=\"application\/ld+json\" class=\"yoast-schema-graph\">{\"@context\":\"https:\/\/schema.org\",\"@graph\":[{\"@type\":\"WebPage\",\"@id\":\"https:\/\/www.specagra.ee\/?product=srutu-kaupyklos\",\"url\":\"https:\/\/www.specagra.ee\/?product=srutu-kaupyklos\",\"name\":\"Srut\u0173 kaupyklos STORTH - Specagra\",\"isPartOf\":{\"@id\":\"https:\/\/www.specagra.ee\/#website\"},\"primaryImageOfPage\":{\"@id\":\"https:\/\/www.specagra.ee\/?product=srutu-kaupyklos#primaryimage\"},\"image\":{\"@id\":\"https:\/\/www.specagra.ee\/?product=srutu-kaupyklos#primaryimage\"},\"thumbnailUrl\":\"https:\/\/www.specagra.ee\/wp-content\/uploads\/2020\/07\/Untitled-design3-2.jpg\",\"datePublished\":\"2020-07-30T08:35:06+00:00\",\"dateModified\":\"2024-09-18T08:09:55+00:00\",\"breadcrumb\":{\"@id\":\"https:\/\/www.specagra.ee\/?product=srutu-kaupyklos#breadcrumb\"},\"inLanguage\":\"et\",\"potentialAction\":[{\"@type\":\"ReadAction\",\"target\":[\"https:\/\/www.specagra.ee\/?product=srutu-kaupyklos\"]}]},{\"@type\":\"ImageObject\",\"inLanguage\":\"et\",\"@id\":\"https:\/\/www.specagra.ee\/?product=srutu-kaupyklos#primaryimage\",\"url\":\"https:\/\/www.specagra.ee\/wp-content\/uploads\/2020\/07\/Untitled-design3-2.jpg\",\"contentUrl\":\"https:\/\/www.specagra.ee\/wp-content\/uploads\/2020\/07\/Untitled-design3-2.jpg\",\"width\":900,\"height\":900},{\"@type\":\"BreadcrumbList\",\"@id\":\"https:\/\/www.specagra.ee\/?product=srutu-kaupyklos#breadcrumb\",\"itemListElement\":[{\"@type\":\"ListItem\",\"position\":1,\"name\":\"Home\",\"item\":\"https:\/\/www.specagra.ee\/\"},{\"@type\":\"ListItem\",\"position\":2,\"name\":\"P\u00f5llumajandustehnika ja loomakasvatus\",\"item\":\"https:\/\/specagra.ee\/?page_id=18493\"},{\"@type\":\"ListItem\",\"position\":3,\"name\":\"Srut\u0173 kaupyklos STORTH\"}]},{\"@type\":\"WebSite\",\"@id\":\"https:\/\/www.specagra.ee\/#website\",\"url\":\"https:\/\/www.specagra.ee\/\",\"name\":\"Specagra\",\"description\":\"P\u00f5llumajandustehnika ja varuosad\",\"publisher\":{\"@id\":\"https:\/\/www.specagra.ee\/#organization\"},\"potentialAction\":[{\"@type\":\"SearchAction\",\"target\":{\"@type\":\"EntryPoint\",\"urlTemplate\":\"https:\/\/www.specagra.ee\/?s={search_term_string}\"},\"query-input\":{\"@type\":\"PropertyValueSpecification\",\"valueRequired\":true,\"valueName\":\"search_term_string\"}}],\"inLanguage\":\"et\"},{\"@type\":\"Organization\",\"@id\":\"https:\/\/www.specagra.ee\/#organization\",\"name\":\"UAB Specagra\",\"url\":\"https:\/\/www.specagra.ee\/\",\"logo\":{\"@type\":\"ImageObject\",\"inLanguage\":\"et\",\"@id\":\"https:\/\/www.specagra.ee\/#\/schema\/logo\/image\/\",\"url\":\"http:\/\/www.specagra.ee\/wp-content\/uploads\/2022\/02\/SP-logo_naujas-scaled.jpg\",\"contentUrl\":\"http:\/\/www.specagra.ee\/wp-content\/uploads\/2022\/02\/SP-logo_naujas-scaled.jpg\",\"width\":2560,\"height\":326,\"caption\":\"UAB Specagra\"},\"image\":{\"@id\":\"https:\/\/www.specagra.ee\/#\/schema\/logo\/image\/\"}}]}<\/script>\n<!-- \/ Yoast SEO plugin. -->","yoast_head_json":{"title":"Srut\u0173 kaupyklos STORTH - Specagra","robots":{"index":"index","follow":"follow","max-snippet":"max-snippet:-1","max-image-preview":"max-image-preview:large","max-video-preview":"max-video-preview:-1"},"canonical":"https:\/\/www.specagra.ee\/?product=srutu-kaupyklos","og_locale":"et_EE","og_type":"article","og_title":"Srut\u0173 kaupyklos STORTH - Specagra","og_description":"Bendrosios savyb\u0117s: Stiklo emal\u0117s danga yra puikus b\u016bdas sujungti stiklo ir plieno ger\u0105sias savybes \u012f vien\u0105 visum\u0105. 850 laipsni\u0173 Celsijaus kar\u0161tis padeda sukurti nauj\u0105 med\u017eiag\u0105- stiklo emale padengt\u0105 plien\u0105, i\u0161 kurio gaminamos STORTH srut\u0173 talpyklos. STORTH stiklo emale padengto plieno srut\u0173 talpykl\u0173 privalumai: \u00a0Ant\u017eemin\u0117s srut\u0173 talpyklos yra labai saugios \u017emon\u0117ms ir gyvuliams \u00a0Ant\u017eemin\u0117s srut\u0173 talpyklos [&hellip;]","og_url":"https:\/\/www.specagra.ee\/?product=srutu-kaupyklos","og_site_name":"Specagra","article_modified_time":"2024-09-18T08:09:55+00:00","og_image":[{"width":900,"height":900,"url":"https:\/\/www.specagra.ee\/wp-content\/uploads\/2020\/07\/Untitled-design3-2.jpg","type":"image\/jpeg"}],"twitter_card":"summary_large_image","twitter_misc":{"Est. reading time":"1 minut"},"schema":{"@context":"https:\/\/schema.org","@graph":[{"@type":"WebPage","@id":"https:\/\/www.specagra.ee\/?product=srutu-kaupyklos","url":"https:\/\/www.specagra.ee\/?product=srutu-kaupyklos","name":"Srut\u0173 kaupyklos STORTH - Specagra","isPartOf":{"@id":"https:\/\/www.specagra.ee\/#website"},"primaryImageOfPage":{"@id":"https:\/\/www.specagra.ee\/?product=srutu-kaupyklos#primaryimage"},"image":{"@id":"https:\/\/www.specagra.ee\/?product=srutu-kaupyklos#primaryimage"},"thumbnailUrl":"https:\/\/www.specagra.ee\/wp-content\/uploads\/2020\/07\/Untitled-design3-2.jpg","datePublished":"2020-07-30T08:35:06+00:00","dateModified":"2024-09-18T08:09:55+00:00","breadcrumb":{"@id":"https:\/\/www.specagra.ee\/?product=srutu-kaupyklos#breadcrumb"},"inLanguage":"et","potentialAction":[{"@type":"ReadAction","target":["https:\/\/www.specagra.ee\/?product=srutu-kaupyklos"]}]},{"@type":"ImageObject","inLanguage":"et","@id":"https:\/\/www.specagra.ee\/?product=srutu-kaupyklos#primaryimage","url":"https:\/\/www.specagra.ee\/wp-content\/uploads\/2020\/07\/Untitled-design3-2.jpg","contentUrl":"https:\/\/www.specagra.ee\/wp-content\/uploads\/2020\/07\/Untitled-design3-2.jpg","width":900,"height":900},{"@type":"BreadcrumbList","@id":"https:\/\/www.specagra.ee\/?product=srutu-kaupyklos#breadcrumb","itemListElement":[{"@type":"ListItem","position":1,"name":"Home","item":"https:\/\/www.specagra.ee\/"},{"@type":"ListItem","position":2,"name":"P\u00f5llumajandustehnika ja loomakasvatus","item":"https:\/\/specagra.ee\/?page_id=18493"},{"@type":"ListItem","position":3,"name":"Srut\u0173 kaupyklos STORTH"}]},{"@type":"WebSite","@id":"https:\/\/www.specagra.ee\/#website","url":"https:\/\/www.specagra.ee\/","name":"Specagra","description":"P\u00f5llumajandustehnika ja varuosad","publisher":{"@id":"https:\/\/www.specagra.ee\/#organization"},"potentialAction":[{"@type":"SearchAction","target":{"@type":"EntryPoint","urlTemplate":"https:\/\/www.specagra.ee\/?s={search_term_string}"},"query-input":{"@type":"PropertyValueSpecification","valueRequired":true,"valueName":"search_term_string"}}],"inLanguage":"et"},{"@type":"Organization","@id":"https:\/\/www.specagra.ee\/#organization","name":"UAB Specagra","url":"https:\/\/www.specagra.ee\/","logo":{"@type":"ImageObject","inLanguage":"et","@id":"https:\/\/www.specagra.ee\/#\/schema\/logo\/image\/","url":"http:\/\/www.specagra.ee\/wp-content\/uploads\/2022\/02\/SP-logo_naujas-scaled.jpg","contentUrl":"http:\/\/www.specagra.ee\/wp-content\/uploads\/2022\/02\/SP-logo_naujas-scaled.jpg","width":2560,"height":326,"caption":"UAB Specagra"},"image":{"@id":"https:\/\/www.specagra.ee\/#\/schema\/logo\/image\/"}}]}},"_links":{"self":[{"href":"https:\/\/www.specagra.ee\/index.php?rest_route=\/wp\/v2\/product\/6118","targetHints":{"allow":["GET"]}}],"collection":[{"href":"https:\/\/www.specagra.ee\/index.php?rest_route=\/wp\/v2\/product"}],"about":[{"href":"https:\/\/www.specagra.ee\/index.php?rest_route=\/wp\/v2\/types\/product"}],"wp:featuredmedia":[{"embeddable":true,"href":"https:\/\/www.specagra.ee\/index.php?rest_route=\/wp\/v2\/media\/43039"}],"wp:attachment":[{"href":"https:\/\/www.specagra.ee\/index.php?rest_route=%2Fwp%2Fv2%2Fmedia&parent=6118"}],"wp:term":[{"taxonomy":"product_brand","embeddable":true,"href":"https:\/\/www.specagra.ee\/index.php?rest_route=%2Fwp%2Fv2%2Fproduct_brand&post=6118"},{"taxonomy":"product_cat","embeddable":true,"href":"https:\/\/www.specagra.ee\/index.php?rest_route=%2Fwp%2Fv2%2Fproduct_cat&post=6118"},{"taxonomy":"product_tag","embeddable":true,"href":"https:\/\/www.specagra.ee\/index.php?rest_route=%2Fwp%2Fv2%2Fproduct_tag&post=6118"}],"curies":[{"name":"wp","href":"https:\/\/api.w.org\/{rel}","templated":true}]}}