{"id":6115,"date":"2020-07-30T06:31:10","date_gmt":"2020-07-30T08:31:10","guid":{"rendered":"https:\/\/www.specagra.ee.nemokamossvetaines.hostingas.lt\/?post_type=product&#038;p=6115"},"modified":"2023-04-14T06:26:15","modified_gmt":"2023-04-14T08:26:15","slug":"meslo-skreperiai","status":"publish","type":"product","link":"https:\/\/www.specagra.ee\/?product=meslo-skreperiai","title":{"rendered":"M\u0117\u0161lo \u0161alinimo skreperis"},"content":{"rendered":"<h4><\/h4>\n<h4><strong>1. Trosinis m\u0117\u0161lo \u0161alinimo skreperis:<\/strong><\/h4>\n<p><img loading=\"lazy\" decoding=\"async\" class=\"alignnone size-medium wp-image-7726\" src=\"http:\/\/www.specagra.ee\/wp-content\/uploads\/2020\/07\/Trosinis-skreperis-300x225.jpg\" alt=\"\" width=\"300\" height=\"225\" srcset=\"https:\/\/www.specagra.ee\/wp-content\/uploads\/2020\/07\/Trosinis-skreperis-300x225.jpg 300w, https:\/\/www.specagra.ee\/wp-content\/uploads\/2020\/07\/Trosinis-skreperis-768x577.jpg 768w, https:\/\/www.specagra.ee\/wp-content\/uploads\/2020\/07\/Trosinis-skreperis-510x382.jpg 510w, https:\/\/www.specagra.ee\/wp-content\/uploads\/2020\/07\/Trosinis-skreperis-480x361.jpg 480w, https:\/\/www.specagra.ee\/wp-content\/uploads\/2020\/07\/Trosinis-skreperis-100x75.jpg 100w, https:\/\/www.specagra.ee\/wp-content\/uploads\/2020\/07\/Trosinis-skreperis-600x451.jpg 600w, https:\/\/www.specagra.ee\/wp-content\/uploads\/2020\/07\/Trosinis-skreperis.jpg 800w\" sizes=\"(max-width: 300px) 100vw, 300px\" \/><\/p>\n<ul>\n<li>Priklausomai nuo pasirinkto pagrindo: galima valyti tvarto groteles arba betonines grindis. Mechanizmas varomas gerv\u0117mis, kurios gali b\u016bti \u012frengos ant \u017eem\u0117s arba i\u0161keltos auk\u0161tyn.<\/li>\n<li>Variklis parenkamas, priklausomai nuo valomo tako ilgio: 0.55 \/ 0.75 \/ 1.1 Kw<\/li>\n<\/ul>\n<p><img loading=\"lazy\" decoding=\"async\" class=\"alignnone size-medium wp-image-7698\" src=\"http:\/\/www.specagra.ee\/wp-content\/uploads\/2020\/07\/1-300x225.jpg\" alt=\"\" width=\"300\" height=\"225\" srcset=\"https:\/\/www.specagra.ee\/wp-content\/uploads\/2020\/07\/1-300x225.jpg 300w, https:\/\/www.specagra.ee\/wp-content\/uploads\/2020\/07\/1-100x75.jpg 100w, https:\/\/www.specagra.ee\/wp-content\/uploads\/2020\/07\/1.jpg 425w\" sizes=\"(max-width: 300px) 100vw, 300px\" \/><\/p>\n<p>Skreperio valdymo pultas:<\/p>\n<p><img loading=\"lazy\" decoding=\"async\" class=\"alignnone size-full wp-image-7702\" src=\"http:\/\/www.specagra.ee\/wp-content\/uploads\/2020\/07\/2-2.jpg\" alt=\"\" width=\"208\" height=\"154\" srcset=\"https:\/\/www.specagra.ee\/wp-content\/uploads\/2020\/07\/2-2.jpg 208w, https:\/\/www.specagra.ee\/wp-content\/uploads\/2020\/07\/2-2-100x74.jpg 100w\" sizes=\"(max-width: 208px) 100vw, 208px\" \/><\/p>\n<p>250 mm skersmens skriemuliai:<\/p>\n<p><img loading=\"lazy\" decoding=\"async\" class=\"alignnone size-medium wp-image-7703\" src=\"http:\/\/www.specagra.ee\/wp-content\/uploads\/2020\/07\/3-300x225.jpg\" alt=\"\" width=\"300\" height=\"225\" srcset=\"https:\/\/www.specagra.ee\/wp-content\/uploads\/2020\/07\/3-300x225.jpg 300w, https:\/\/www.specagra.ee\/wp-content\/uploads\/2020\/07\/3-768x576.jpg 768w, https:\/\/www.specagra.ee\/wp-content\/uploads\/2020\/07\/3-510x382.jpg 510w, https:\/\/www.specagra.ee\/wp-content\/uploads\/2020\/07\/3-480x360.jpg 480w, https:\/\/www.specagra.ee\/wp-content\/uploads\/2020\/07\/3-100x75.jpg 100w, https:\/\/www.specagra.ee\/wp-content\/uploads\/2020\/07\/3-600x450.jpg 600w, https:\/\/www.specagra.ee\/wp-content\/uploads\/2020\/07\/3.jpg 800w\" sizes=\"(max-width: 300px) 100vw, 300px\" \/><\/p>\n<p>Vertikalus skriemulys:<\/p>\n<p><img loading=\"lazy\" decoding=\"async\" class=\"alignnone size-medium wp-image-7705\" src=\"http:\/\/www.specagra.ee\/wp-content\/uploads\/2020\/07\/4-300x262.jpg\" alt=\"\" width=\"300\" height=\"262\" srcset=\"https:\/\/www.specagra.ee\/wp-content\/uploads\/2020\/07\/4-300x262.jpg 300w, https:\/\/www.specagra.ee\/wp-content\/uploads\/2020\/07\/4-768x670.jpg 768w, https:\/\/www.specagra.ee\/wp-content\/uploads\/2020\/07\/4-480x419.jpg 480w, https:\/\/www.specagra.ee\/wp-content\/uploads\/2020\/07\/4-100x87.jpg 100w, https:\/\/www.specagra.ee\/wp-content\/uploads\/2020\/07\/4-600x524.jpg 600w, https:\/\/www.specagra.ee\/wp-content\/uploads\/2020\/07\/4.jpg 800w\" sizes=\"(max-width: 300px) 100vw, 300px\" \/><\/p>\n<p>&nbsp;<\/p>\n<h4><strong>2. Grandininis skreperis:<\/strong><\/h4>\n<p><img loading=\"lazy\" decoding=\"async\" class=\"alignnone size-medium wp-image-7725\" src=\"http:\/\/www.specagra.ee\/wp-content\/uploads\/2020\/07\/Grandinis-skreperis-300x225.jpg\" alt=\"\" width=\"300\" height=\"225\" srcset=\"https:\/\/www.specagra.ee\/wp-content\/uploads\/2020\/07\/Grandinis-skreperis-300x225.jpg 300w, https:\/\/www.specagra.ee\/wp-content\/uploads\/2020\/07\/Grandinis-skreperis-768x576.jpg 768w, https:\/\/www.specagra.ee\/wp-content\/uploads\/2020\/07\/Grandinis-skreperis-510x382.jpg 510w, https:\/\/www.specagra.ee\/wp-content\/uploads\/2020\/07\/Grandinis-skreperis-480x360.jpg 480w, https:\/\/www.specagra.ee\/wp-content\/uploads\/2020\/07\/Grandinis-skreperis-100x75.jpg 100w, https:\/\/www.specagra.ee\/wp-content\/uploads\/2020\/07\/Grandinis-skreperis-600x450.jpg 600w, https:\/\/www.specagra.ee\/wp-content\/uploads\/2020\/07\/Grandinis-skreperis.jpg 800w\" sizes=\"(max-width: 300px) 100vw, 300px\" \/><\/p>\n<ul>\n<li>Pritaikoma \u012fvairiausios formos instaliacijoms (stov\u0173, guoliavie\u010di\u0173, kt)<\/li>\n<li>\u00a0Varoma 14&#215;50 arba kvadratine MI 115 j\u016breivi\u0161ka grandine, taigi plotis ir darbinis ilgis gali b\u016bti pritaikomi pagal instaliacij\u0105.<\/li>\n<li>Kartais b\u016bna ilgesni nei 200 m su skreperio valomu plo\u010diu nuo 2 iki 5 m.<\/li>\n<li>Tai valdymo pultu valdomas mechanizmas, kuriuo valdomi U arba V formos \u012frenginiai u\u017etikrins tinkam\u0105 m\u0117\u0161lo tako valym\u0105.<\/li>\n<\/ul>\n<p>Valdymo pultas:<\/p>\n<p><img loading=\"lazy\" decoding=\"async\" class=\"alignnone size-full wp-image-7707\" src=\"http:\/\/www.specagra.ee\/wp-content\/uploads\/2020\/07\/5.jpg\" alt=\"\" width=\"208\" height=\"154\" srcset=\"https:\/\/www.specagra.ee\/wp-content\/uploads\/2020\/07\/5.jpg 208w, https:\/\/www.specagra.ee\/wp-content\/uploads\/2020\/07\/5-100x74.jpg 100w\" sizes=\"(max-width: 208px) 100vw, 208px\" \/><\/p>\n<p>\u00d8 180 arba\u00a0 350 kampinis skriemulys su grandin\u0117s kreipiam\u0105ja<\/p>\n<p><img loading=\"lazy\" decoding=\"async\" class=\"alignnone size-medium wp-image-7708\" src=\"http:\/\/www.specagra.ee\/wp-content\/uploads\/2020\/07\/6-300x300.jpg\" alt=\"\" width=\"300\" height=\"300\" srcset=\"https:\/\/www.specagra.ee\/wp-content\/uploads\/2020\/07\/6-300x300.jpg 300w, https:\/\/www.specagra.ee\/wp-content\/uploads\/2020\/07\/6-150x150.jpg 150w, https:\/\/www.specagra.ee\/wp-content\/uploads\/2020\/07\/6-768x768.jpg 768w, https:\/\/www.specagra.ee\/wp-content\/uploads\/2020\/07\/6-480x480.jpg 480w, https:\/\/www.specagra.ee\/wp-content\/uploads\/2020\/07\/6-100x100.jpg 100w, https:\/\/www.specagra.ee\/wp-content\/uploads\/2020\/07\/6-600x600.jpg 600w, https:\/\/www.specagra.ee\/wp-content\/uploads\/2020\/07\/6.jpg 800w\" sizes=\"(max-width: 300px) 100vw, 300px\" \/><\/p>\n<p>&nbsp;<\/p>\n<h4><strong>3. Hidraulinis skreperis:<\/strong><\/h4>\n<p><img loading=\"lazy\" decoding=\"async\" class=\"alignnone size-medium wp-image-7724\" src=\"http:\/\/www.specagra.ee\/wp-content\/uploads\/2020\/07\/Hidraulinis-skreperis-300x225.jpg\" alt=\"\" width=\"300\" height=\"225\" srcset=\"https:\/\/www.specagra.ee\/wp-content\/uploads\/2020\/07\/Hidraulinis-skreperis-300x225.jpg 300w, https:\/\/www.specagra.ee\/wp-content\/uploads\/2020\/07\/Hidraulinis-skreperis-768x576.jpg 768w, https:\/\/www.specagra.ee\/wp-content\/uploads\/2020\/07\/Hidraulinis-skreperis-510x382.jpg 510w, https:\/\/www.specagra.ee\/wp-content\/uploads\/2020\/07\/Hidraulinis-skreperis-480x360.jpg 480w, https:\/\/www.specagra.ee\/wp-content\/uploads\/2020\/07\/Hidraulinis-skreperis-100x75.jpg 100w, https:\/\/www.specagra.ee\/wp-content\/uploads\/2020\/07\/Hidraulinis-skreperis-600x450.jpg 600w, https:\/\/www.specagra.ee\/wp-content\/uploads\/2020\/07\/Hidraulinis-skreperis.jpg 800w\" sizes=\"(max-width: 300px) 100vw, 300px\" \/><\/p>\n<ul>\n<li>Varomas 2,2 arba 4 kW stotel\u0117mis, priklausomai nuo ilgio.<\/li>\n<li>\u012erengiamas su keliomis saugos sistemomis (alyvos lygio \u012fsp\u0117jimu, sl\u0117gio ir filtro u\u017esikim\u0161imo matuokliu ir kt.).<\/li>\n<li>Model\u012f lengva naudoti ir pri\u017ei\u016br\u0117ti, derinant tvirtum\u0105 ir ilgalaik\u012f patikimum\u0105.<\/li>\n<\/ul>\n<p>2,2 arba 4 kW hidraulin\u0117 stotel\u0117:<\/p>\n<p><img loading=\"lazy\" decoding=\"async\" class=\"alignnone size-medium wp-image-7709\" src=\"http:\/\/www.specagra.ee\/wp-content\/uploads\/2020\/07\/7-300x300.jpg\" alt=\"\" width=\"300\" height=\"300\" srcset=\"https:\/\/www.specagra.ee\/wp-content\/uploads\/2020\/07\/7-300x300.jpg 300w, https:\/\/www.specagra.ee\/wp-content\/uploads\/2020\/07\/7-150x150.jpg 150w, https:\/\/www.specagra.ee\/wp-content\/uploads\/2020\/07\/7-768x768.jpg 768w, https:\/\/www.specagra.ee\/wp-content\/uploads\/2020\/07\/7-480x480.jpg 480w, https:\/\/www.specagra.ee\/wp-content\/uploads\/2020\/07\/7-100x100.jpg 100w, https:\/\/www.specagra.ee\/wp-content\/uploads\/2020\/07\/7-600x600.jpg 600w, https:\/\/www.specagra.ee\/wp-content\/uploads\/2020\/07\/7.jpg 800w\" sizes=\"(max-width: 300px) 100vw, 300px\" \/><\/p>\n<p>Valdymo stotel\u0117 su transformatoriumi, apsauga nuo u\u017e\u0161\u0105limo, kt:<\/p>\n<p><img loading=\"lazy\" decoding=\"async\" class=\"alignnone size-medium wp-image-7710\" src=\"http:\/\/www.specagra.ee\/wp-content\/uploads\/2020\/07\/8-300x300.jpg\" alt=\"\" width=\"300\" height=\"300\" srcset=\"https:\/\/www.specagra.ee\/wp-content\/uploads\/2020\/07\/8-300x300.jpg 300w, https:\/\/www.specagra.ee\/wp-content\/uploads\/2020\/07\/8-150x150.jpg 150w, https:\/\/www.specagra.ee\/wp-content\/uploads\/2020\/07\/8-768x768.jpg 768w, https:\/\/www.specagra.ee\/wp-content\/uploads\/2020\/07\/8-480x480.jpg 480w, https:\/\/www.specagra.ee\/wp-content\/uploads\/2020\/07\/8-100x100.jpg 100w, https:\/\/www.specagra.ee\/wp-content\/uploads\/2020\/07\/8-600x600.jpg 600w, https:\/\/www.specagra.ee\/wp-content\/uploads\/2020\/07\/8.jpg 800w\" sizes=\"(max-width: 300px) 100vw, 300px\" \/><\/p>\n<p>&nbsp;<\/p>\n<div style=\"width: 1080px;\" class=\"wp-video\"><!--[if lt IE 9]><script>document.createElement('video');<\/script><![endif]-->\n<video class=\"wp-video-shortcode\" id=\"video-6115-1\" width=\"1080\" height=\"608\" preload=\"metadata\" controls=\"controls\"><source type=\"video\/mp4\" src=\"http:\/\/www.specagra.ee\/wp-content\/uploads\/2020\/07\/Ck-Industries-skreperis.mp4?_=1\" \/><a href=\"http:\/\/www.specagra.ee\/wp-content\/uploads\/2020\/07\/Ck-Industries-skreperis.mp4\">http:\/\/www.specagra.ee\/wp-content\/uploads\/2020\/07\/Ck-Industries-skreperis.mp4<\/a><\/video><\/div>\n","protected":false},"excerpt":{"rendered":"<p>1. Trosinis m\u0117\u0161lo \u0161alinimo skreperis: Priklausomai nuo pasirinkto pagrindo: galima valyti tvarto groteles arba betonines grindis. Mechanizmas varomas gerv\u0117mis, kurios gali b\u016bti \u012frengos ant \u017eem\u0117s arba i\u0161keltos auk\u0161tyn. Variklis parenkamas, priklausomai nuo valomo tako ilgio: 0.55 \/ 0.75 \/ 1.1 Kw Skreperio valdymo pultas: 250 mm skersmens skriemuliai: Vertikalus skriemulys: &nbsp; 2. Grandininis skreperis: Pritaikoma [&hellip;]<\/p>\n","protected":false},"featured_media":7711,"template":"","meta":{"_et_pb_use_builder":"","_et_pb_old_content":"","_et_gb_content_width":""},"product_brand":[],"product_cat":[128],"product_tag":[],"class_list":{"0":"post-6115","1":"product","2":"type-product","3":"status-publish","4":"has-post-thumbnail","6":"product_cat-sonnikukraapurid","8":"first","9":"instock","10":"shipping-taxable","11":"product-type-simple"},"yoast_head":"<!-- This site is optimized with the Yoast SEO plugin v26.4 - https:\/\/yoast.com\/wordpress\/plugins\/seo\/ -->\n<title>M\u0117\u0161lo \u0161alinimo skreperis - Specagra<\/title>\n<meta name=\"robots\" content=\"index, follow, max-snippet:-1, max-image-preview:large, max-video-preview:-1\" \/>\n<link rel=\"canonical\" href=\"https:\/\/www.specagra.ee\/?product=meslo-skreperiai\" \/>\n<meta property=\"og:locale\" content=\"et_EE\" \/>\n<meta property=\"og:type\" content=\"article\" \/>\n<meta property=\"og:title\" content=\"M\u0117\u0161lo \u0161alinimo skreperis - Specagra\" \/>\n<meta property=\"og:description\" content=\"1. Trosinis m\u0117\u0161lo \u0161alinimo skreperis: Priklausomai nuo pasirinkto pagrindo: galima valyti tvarto groteles arba betonines grindis. Mechanizmas varomas gerv\u0117mis, kurios gali b\u016bti \u012frengos ant \u017eem\u0117s arba i\u0161keltos auk\u0161tyn. Variklis parenkamas, priklausomai nuo valomo tako ilgio: 0.55 \/ 0.75 \/ 1.1 Kw Skreperio valdymo pultas: 250 mm skersmens skriemuliai: Vertikalus skriemulys: &nbsp; 2. Grandininis skreperis: Pritaikoma [&hellip;]\" \/>\n<meta property=\"og:url\" content=\"https:\/\/www.specagra.ee\/?product=meslo-skreperiai\" \/>\n<meta property=\"og:site_name\" content=\"Specagra\" \/>\n<meta property=\"article:modified_time\" content=\"2023-04-14T08:26:15+00:00\" \/>\n<meta property=\"og:image\" content=\"https:\/\/www.specagra.ee\/wp-content\/uploads\/2020\/07\/Chai\u0302ne-marine-couloirs-identiques.webp\" \/>\n\t<meta property=\"og:image:width\" content=\"1280\" \/>\n\t<meta property=\"og:image:height\" content=\"960\" \/>\n\t<meta property=\"og:image:type\" content=\"image\/webp\" \/>\n<meta name=\"twitter:card\" content=\"summary_large_image\" \/>\n<meta name=\"twitter:label1\" content=\"Est. reading time\" \/>\n\t<meta name=\"twitter:data1\" content=\"4 minutit\" \/>\n<script type=\"application\/ld+json\" class=\"yoast-schema-graph\">{\"@context\":\"https:\/\/schema.org\",\"@graph\":[{\"@type\":\"WebPage\",\"@id\":\"https:\/\/www.specagra.ee\/?product=meslo-skreperiai\",\"url\":\"https:\/\/www.specagra.ee\/?product=meslo-skreperiai\",\"name\":\"M\u0117\u0161lo \u0161alinimo skreperis - Specagra\",\"isPartOf\":{\"@id\":\"https:\/\/www.specagra.ee\/#website\"},\"primaryImageOfPage\":{\"@id\":\"https:\/\/www.specagra.ee\/?product=meslo-skreperiai#primaryimage\"},\"image\":{\"@id\":\"https:\/\/www.specagra.ee\/?product=meslo-skreperiai#primaryimage\"},\"thumbnailUrl\":\"https:\/\/www.specagra.ee\/wp-content\/uploads\/2020\/07\/Chai\u0302ne-marine-couloirs-identiques.webp\",\"datePublished\":\"2020-07-30T08:31:10+00:00\",\"dateModified\":\"2023-04-14T08:26:15+00:00\",\"breadcrumb\":{\"@id\":\"https:\/\/www.specagra.ee\/?product=meslo-skreperiai#breadcrumb\"},\"inLanguage\":\"et\",\"potentialAction\":[{\"@type\":\"ReadAction\",\"target\":[\"https:\/\/www.specagra.ee\/?product=meslo-skreperiai\"]}]},{\"@type\":\"ImageObject\",\"inLanguage\":\"et\",\"@id\":\"https:\/\/www.specagra.ee\/?product=meslo-skreperiai#primaryimage\",\"url\":\"https:\/\/www.specagra.ee\/wp-content\/uploads\/2020\/07\/Chai\u0302ne-marine-couloirs-identiques.webp\",\"contentUrl\":\"https:\/\/www.specagra.ee\/wp-content\/uploads\/2020\/07\/Chai\u0302ne-marine-couloirs-identiques.webp\",\"width\":1280,\"height\":960},{\"@type\":\"BreadcrumbList\",\"@id\":\"https:\/\/www.specagra.ee\/?product=meslo-skreperiai#breadcrumb\",\"itemListElement\":[{\"@type\":\"ListItem\",\"position\":1,\"name\":\"Home\",\"item\":\"https:\/\/www.specagra.ee\/\"},{\"@type\":\"ListItem\",\"position\":2,\"name\":\"P\u00f5llumajandustehnika ja loomakasvatus\",\"item\":\"https:\/\/specagra.ee\/?page_id=18493\"},{\"@type\":\"ListItem\",\"position\":3,\"name\":\"M\u0117\u0161lo \u0161alinimo skreperis\"}]},{\"@type\":\"WebSite\",\"@id\":\"https:\/\/www.specagra.ee\/#website\",\"url\":\"https:\/\/www.specagra.ee\/\",\"name\":\"Specagra\",\"description\":\"P\u00f5llumajandustehnika ja varuosad\",\"publisher\":{\"@id\":\"https:\/\/www.specagra.ee\/#organization\"},\"potentialAction\":[{\"@type\":\"SearchAction\",\"target\":{\"@type\":\"EntryPoint\",\"urlTemplate\":\"https:\/\/www.specagra.ee\/?s={search_term_string}\"},\"query-input\":{\"@type\":\"PropertyValueSpecification\",\"valueRequired\":true,\"valueName\":\"search_term_string\"}}],\"inLanguage\":\"et\"},{\"@type\":\"Organization\",\"@id\":\"https:\/\/www.specagra.ee\/#organization\",\"name\":\"UAB Specagra\",\"url\":\"https:\/\/www.specagra.ee\/\",\"logo\":{\"@type\":\"ImageObject\",\"inLanguage\":\"et\",\"@id\":\"https:\/\/www.specagra.ee\/#\/schema\/logo\/image\/\",\"url\":\"http:\/\/www.specagra.ee\/wp-content\/uploads\/2022\/02\/SP-logo_naujas-scaled.jpg\",\"contentUrl\":\"http:\/\/www.specagra.ee\/wp-content\/uploads\/2022\/02\/SP-logo_naujas-scaled.jpg\",\"width\":2560,\"height\":326,\"caption\":\"UAB Specagra\"},\"image\":{\"@id\":\"https:\/\/www.specagra.ee\/#\/schema\/logo\/image\/\"}}]}<\/script>\n<!-- \/ Yoast SEO plugin. -->","yoast_head_json":{"title":"M\u0117\u0161lo \u0161alinimo skreperis - Specagra","robots":{"index":"index","follow":"follow","max-snippet":"max-snippet:-1","max-image-preview":"max-image-preview:large","max-video-preview":"max-video-preview:-1"},"canonical":"https:\/\/www.specagra.ee\/?product=meslo-skreperiai","og_locale":"et_EE","og_type":"article","og_title":"M\u0117\u0161lo \u0161alinimo skreperis - Specagra","og_description":"1. Trosinis m\u0117\u0161lo \u0161alinimo skreperis: Priklausomai nuo pasirinkto pagrindo: galima valyti tvarto groteles arba betonines grindis. Mechanizmas varomas gerv\u0117mis, kurios gali b\u016bti \u012frengos ant \u017eem\u0117s arba i\u0161keltos auk\u0161tyn. Variklis parenkamas, priklausomai nuo valomo tako ilgio: 0.55 \/ 0.75 \/ 1.1 Kw Skreperio valdymo pultas: 250 mm skersmens skriemuliai: Vertikalus skriemulys: &nbsp; 2. Grandininis skreperis: Pritaikoma [&hellip;]","og_url":"https:\/\/www.specagra.ee\/?product=meslo-skreperiai","og_site_name":"Specagra","article_modified_time":"2023-04-14T08:26:15+00:00","og_image":[{"width":1280,"height":960,"url":"https:\/\/www.specagra.ee\/wp-content\/uploads\/2020\/07\/Chai\u0302ne-marine-couloirs-identiques.webp","type":"image\/webp"}],"twitter_card":"summary_large_image","twitter_misc":{"Est. reading time":"4 minutit"},"schema":{"@context":"https:\/\/schema.org","@graph":[{"@type":"WebPage","@id":"https:\/\/www.specagra.ee\/?product=meslo-skreperiai","url":"https:\/\/www.specagra.ee\/?product=meslo-skreperiai","name":"M\u0117\u0161lo \u0161alinimo skreperis - Specagra","isPartOf":{"@id":"https:\/\/www.specagra.ee\/#website"},"primaryImageOfPage":{"@id":"https:\/\/www.specagra.ee\/?product=meslo-skreperiai#primaryimage"},"image":{"@id":"https:\/\/www.specagra.ee\/?product=meslo-skreperiai#primaryimage"},"thumbnailUrl":"https:\/\/www.specagra.ee\/wp-content\/uploads\/2020\/07\/Chai\u0302ne-marine-couloirs-identiques.webp","datePublished":"2020-07-30T08:31:10+00:00","dateModified":"2023-04-14T08:26:15+00:00","breadcrumb":{"@id":"https:\/\/www.specagra.ee\/?product=meslo-skreperiai#breadcrumb"},"inLanguage":"et","potentialAction":[{"@type":"ReadAction","target":["https:\/\/www.specagra.ee\/?product=meslo-skreperiai"]}]},{"@type":"ImageObject","inLanguage":"et","@id":"https:\/\/www.specagra.ee\/?product=meslo-skreperiai#primaryimage","url":"https:\/\/www.specagra.ee\/wp-content\/uploads\/2020\/07\/Chai\u0302ne-marine-couloirs-identiques.webp","contentUrl":"https:\/\/www.specagra.ee\/wp-content\/uploads\/2020\/07\/Chai\u0302ne-marine-couloirs-identiques.webp","width":1280,"height":960},{"@type":"BreadcrumbList","@id":"https:\/\/www.specagra.ee\/?product=meslo-skreperiai#breadcrumb","itemListElement":[{"@type":"ListItem","position":1,"name":"Home","item":"https:\/\/www.specagra.ee\/"},{"@type":"ListItem","position":2,"name":"P\u00f5llumajandustehnika ja loomakasvatus","item":"https:\/\/specagra.ee\/?page_id=18493"},{"@type":"ListItem","position":3,"name":"M\u0117\u0161lo \u0161alinimo skreperis"}]},{"@type":"WebSite","@id":"https:\/\/www.specagra.ee\/#website","url":"https:\/\/www.specagra.ee\/","name":"Specagra","description":"P\u00f5llumajandustehnika ja varuosad","publisher":{"@id":"https:\/\/www.specagra.ee\/#organization"},"potentialAction":[{"@type":"SearchAction","target":{"@type":"EntryPoint","urlTemplate":"https:\/\/www.specagra.ee\/?s={search_term_string}"},"query-input":{"@type":"PropertyValueSpecification","valueRequired":true,"valueName":"search_term_string"}}],"inLanguage":"et"},{"@type":"Organization","@id":"https:\/\/www.specagra.ee\/#organization","name":"UAB Specagra","url":"https:\/\/www.specagra.ee\/","logo":{"@type":"ImageObject","inLanguage":"et","@id":"https:\/\/www.specagra.ee\/#\/schema\/logo\/image\/","url":"http:\/\/www.specagra.ee\/wp-content\/uploads\/2022\/02\/SP-logo_naujas-scaled.jpg","contentUrl":"http:\/\/www.specagra.ee\/wp-content\/uploads\/2022\/02\/SP-logo_naujas-scaled.jpg","width":2560,"height":326,"caption":"UAB Specagra"},"image":{"@id":"https:\/\/www.specagra.ee\/#\/schema\/logo\/image\/"}}]}},"_links":{"self":[{"href":"https:\/\/www.specagra.ee\/index.php?rest_route=\/wp\/v2\/product\/6115","targetHints":{"allow":["GET"]}}],"collection":[{"href":"https:\/\/www.specagra.ee\/index.php?rest_route=\/wp\/v2\/product"}],"about":[{"href":"https:\/\/www.specagra.ee\/index.php?rest_route=\/wp\/v2\/types\/product"}],"wp:featuredmedia":[{"embeddable":true,"href":"https:\/\/www.specagra.ee\/index.php?rest_route=\/wp\/v2\/media\/7711"}],"wp:attachment":[{"href":"https:\/\/www.specagra.ee\/index.php?rest_route=%2Fwp%2Fv2%2Fmedia&parent=6115"}],"wp:term":[{"taxonomy":"product_brand","embeddable":true,"href":"https:\/\/www.specagra.ee\/index.php?rest_route=%2Fwp%2Fv2%2Fproduct_brand&post=6115"},{"taxonomy":"product_cat","embeddable":true,"href":"https:\/\/www.specagra.ee\/index.php?rest_route=%2Fwp%2Fv2%2Fproduct_cat&post=6115"},{"taxonomy":"product_tag","embeddable":true,"href":"https:\/\/www.specagra.ee\/index.php?rest_route=%2Fwp%2Fv2%2Fproduct_tag&post=6115"}],"curies":[{"name":"wp","href":"https:\/\/api.w.org\/{rel}","templated":true}]}}