{"id":6054,"date":"2020-07-29T08:21:23","date_gmt":"2020-07-29T10:21:23","guid":{"rendered":"https:\/\/www.specagra.ee.nemokamossvetaines.hostingas.lt\/?post_type=product&#038;p=6054"},"modified":"2023-03-17T12:41:44","modified_gmt":"2023-03-17T14:41:44","slug":"srutu-maisykles","status":"publish","type":"product","link":"https:\/\/www.specagra.ee\/?product=srutu-maisykles","title":{"rendered":"EYS srut\u0173 mai\u0161ykl\u0117s"},"content":{"rendered":"<p>Bendrasios savyb\u0117s:<\/p>\n<p>EYS si\u016blo \u012fsp\u016bdingo efektyvumo, prakti\u0161kumo bei lankstumo DK serijos srut\u0173 mai\u0161ykles, kurios patenkins reikliausius mai\u0161ymo poreikius.<\/p>\n<p>Nesvarbu, kokia j\u016bs\u0173 duob\u0117s forma ir matmenys. Mes turime tinkam\u0105 panardinam\u0105 (-as) mai\u0161ykl\u0119 (-es), atitinkan\u010di\u0105 (-\u010dias) j\u016bs\u0173 poreikius. Modeliai nuo 7,5 kW iki 18,5 kW.<\/p>\n","protected":false},"excerpt":{"rendered":"<p>Bendrasios savyb\u0117s: EYS si\u016blo \u012fsp\u016bdingo efektyvumo, prakti\u0161kumo bei lankstumo DK serijos srut\u0173 mai\u0161ykles, kurios patenkins reikliausius mai\u0161ymo poreikius. Nesvarbu, kokia j\u016bs\u0173 duob\u0117s forma ir matmenys. Mes turime tinkam\u0105 panardinam\u0105 (-as) mai\u0161ykl\u0119 (-es), atitinkan\u010di\u0105 (-\u010dias) j\u016bs\u0173 poreikius. Modeliai nuo 7,5 kW iki 18,5 kW.<\/p>\n","protected":false},"featured_media":27684,"template":"","meta":{"_et_pb_use_builder":"","_et_pb_old_content":"","_et_gb_content_width":""},"product_brand":[],"product_cat":[131],"product_tag":[],"class_list":{"0":"post-6054","1":"product","2":"type-product","3":"status-publish","4":"has-post-thumbnail","6":"product_cat-lagasegistid","8":"first","9":"instock","10":"shipping-taxable","11":"product-type-simple"},"yoast_head":"<!-- This site is optimized with the Yoast SEO plugin v26.4 - https:\/\/yoast.com\/wordpress\/plugins\/seo\/ -->\n<title>EYS srut\u0173 mai\u0161ykl\u0117s - Specagra<\/title>\n<meta name=\"robots\" content=\"index, follow, max-snippet:-1, max-image-preview:large, max-video-preview:-1\" \/>\n<link rel=\"canonical\" href=\"https:\/\/www.specagra.ee\/?product=srutu-maisykles\" \/>\n<meta property=\"og:locale\" content=\"et_EE\" \/>\n<meta property=\"og:type\" content=\"article\" \/>\n<meta property=\"og:title\" content=\"EYS srut\u0173 mai\u0161ykl\u0117s - Specagra\" \/>\n<meta property=\"og:description\" content=\"Bendrasios savyb\u0117s: EYS si\u016blo \u012fsp\u016bdingo efektyvumo, prakti\u0161kumo bei lankstumo DK serijos srut\u0173 mai\u0161ykles, kurios patenkins reikliausius mai\u0161ymo poreikius. Nesvarbu, kokia j\u016bs\u0173 duob\u0117s forma ir matmenys. Mes turime tinkam\u0105 panardinam\u0105 (-as) mai\u0161ykl\u0119 (-es), atitinkan\u010di\u0105 (-\u010dias) j\u016bs\u0173 poreikius. Modeliai nuo 7,5 kW iki 18,5 kW.\" \/>\n<meta property=\"og:url\" content=\"https:\/\/www.specagra.ee\/?product=srutu-maisykles\" \/>\n<meta property=\"og:site_name\" content=\"Specagra\" \/>\n<meta property=\"article:modified_time\" content=\"2023-03-17T14:41:44+00:00\" \/>\n<meta property=\"og:image\" content=\"https:\/\/specagra.ee\/wp-content\/uploads\/2020\/07\/Untitled-design-15.jpg\" \/>\n\t<meta property=\"og:image:width\" content=\"800\" \/>\n\t<meta property=\"og:image:height\" content=\"800\" \/>\n\t<meta property=\"og:image:type\" content=\"image\/jpeg\" \/>\n<meta name=\"twitter:card\" content=\"summary_large_image\" \/>\n<meta name=\"twitter:label1\" content=\"Est. reading time\" \/>\n\t<meta name=\"twitter:data1\" content=\"1 minut\" \/>\n<script type=\"application\/ld+json\" class=\"yoast-schema-graph\">{\"@context\":\"https:\/\/schema.org\",\"@graph\":[{\"@type\":\"WebPage\",\"@id\":\"https:\/\/www.specagra.ee\/?product=srutu-maisykles\",\"url\":\"https:\/\/www.specagra.ee\/?product=srutu-maisykles\",\"name\":\"EYS srut\u0173 mai\u0161ykl\u0117s - Specagra\",\"isPartOf\":{\"@id\":\"https:\/\/www.specagra.ee\/#website\"},\"primaryImageOfPage\":{\"@id\":\"https:\/\/www.specagra.ee\/?product=srutu-maisykles#primaryimage\"},\"image\":{\"@id\":\"https:\/\/www.specagra.ee\/?product=srutu-maisykles#primaryimage\"},\"thumbnailUrl\":\"https:\/\/www.specagra.ee\/wp-content\/uploads\/2020\/07\/Untitled-design-15.jpg\",\"datePublished\":\"2020-07-29T10:21:23+00:00\",\"dateModified\":\"2023-03-17T14:41:44+00:00\",\"breadcrumb\":{\"@id\":\"https:\/\/www.specagra.ee\/?product=srutu-maisykles#breadcrumb\"},\"inLanguage\":\"et\",\"potentialAction\":[{\"@type\":\"ReadAction\",\"target\":[\"https:\/\/www.specagra.ee\/?product=srutu-maisykles\"]}]},{\"@type\":\"ImageObject\",\"inLanguage\":\"et\",\"@id\":\"https:\/\/www.specagra.ee\/?product=srutu-maisykles#primaryimage\",\"url\":\"https:\/\/www.specagra.ee\/wp-content\/uploads\/2020\/07\/Untitled-design-15.jpg\",\"contentUrl\":\"https:\/\/www.specagra.ee\/wp-content\/uploads\/2020\/07\/Untitled-design-15.jpg\",\"width\":800,\"height\":800},{\"@type\":\"BreadcrumbList\",\"@id\":\"https:\/\/www.specagra.ee\/?product=srutu-maisykles#breadcrumb\",\"itemListElement\":[{\"@type\":\"ListItem\",\"position\":1,\"name\":\"Home\",\"item\":\"https:\/\/www.specagra.ee\/\"},{\"@type\":\"ListItem\",\"position\":2,\"name\":\"P\u00f5llumajandustehnika ja loomakasvatus\",\"item\":\"https:\/\/specagra.ee\/?page_id=18493\"},{\"@type\":\"ListItem\",\"position\":3,\"name\":\"EYS srut\u0173 mai\u0161ykl\u0117s\"}]},{\"@type\":\"WebSite\",\"@id\":\"https:\/\/www.specagra.ee\/#website\",\"url\":\"https:\/\/www.specagra.ee\/\",\"name\":\"Specagra\",\"description\":\"P\u00f5llumajandustehnika ja varuosad\",\"publisher\":{\"@id\":\"https:\/\/www.specagra.ee\/#organization\"},\"potentialAction\":[{\"@type\":\"SearchAction\",\"target\":{\"@type\":\"EntryPoint\",\"urlTemplate\":\"https:\/\/www.specagra.ee\/?s={search_term_string}\"},\"query-input\":{\"@type\":\"PropertyValueSpecification\",\"valueRequired\":true,\"valueName\":\"search_term_string\"}}],\"inLanguage\":\"et\"},{\"@type\":\"Organization\",\"@id\":\"https:\/\/www.specagra.ee\/#organization\",\"name\":\"UAB Specagra\",\"url\":\"https:\/\/www.specagra.ee\/\",\"logo\":{\"@type\":\"ImageObject\",\"inLanguage\":\"et\",\"@id\":\"https:\/\/www.specagra.ee\/#\/schema\/logo\/image\/\",\"url\":\"http:\/\/www.specagra.ee\/wp-content\/uploads\/2022\/02\/SP-logo_naujas-scaled.jpg\",\"contentUrl\":\"http:\/\/www.specagra.ee\/wp-content\/uploads\/2022\/02\/SP-logo_naujas-scaled.jpg\",\"width\":2560,\"height\":326,\"caption\":\"UAB Specagra\"},\"image\":{\"@id\":\"https:\/\/www.specagra.ee\/#\/schema\/logo\/image\/\"}}]}<\/script>\n<!-- \/ Yoast SEO plugin. -->","yoast_head_json":{"title":"EYS srut\u0173 mai\u0161ykl\u0117s - Specagra","robots":{"index":"index","follow":"follow","max-snippet":"max-snippet:-1","max-image-preview":"max-image-preview:large","max-video-preview":"max-video-preview:-1"},"canonical":"https:\/\/www.specagra.ee\/?product=srutu-maisykles","og_locale":"et_EE","og_type":"article","og_title":"EYS srut\u0173 mai\u0161ykl\u0117s - Specagra","og_description":"Bendrasios savyb\u0117s: EYS si\u016blo \u012fsp\u016bdingo efektyvumo, prakti\u0161kumo bei lankstumo DK serijos srut\u0173 mai\u0161ykles, kurios patenkins reikliausius mai\u0161ymo poreikius. Nesvarbu, kokia j\u016bs\u0173 duob\u0117s forma ir matmenys. Mes turime tinkam\u0105 panardinam\u0105 (-as) mai\u0161ykl\u0119 (-es), atitinkan\u010di\u0105 (-\u010dias) j\u016bs\u0173 poreikius. Modeliai nuo 7,5 kW iki 18,5 kW.","og_url":"https:\/\/www.specagra.ee\/?product=srutu-maisykles","og_site_name":"Specagra","article_modified_time":"2023-03-17T14:41:44+00:00","og_image":[{"width":800,"height":800,"url":"https:\/\/specagra.ee\/wp-content\/uploads\/2020\/07\/Untitled-design-15.jpg","type":"image\/jpeg"}],"twitter_card":"summary_large_image","twitter_misc":{"Est. reading time":"1 minut"},"schema":{"@context":"https:\/\/schema.org","@graph":[{"@type":"WebPage","@id":"https:\/\/www.specagra.ee\/?product=srutu-maisykles","url":"https:\/\/www.specagra.ee\/?product=srutu-maisykles","name":"EYS srut\u0173 mai\u0161ykl\u0117s - Specagra","isPartOf":{"@id":"https:\/\/www.specagra.ee\/#website"},"primaryImageOfPage":{"@id":"https:\/\/www.specagra.ee\/?product=srutu-maisykles#primaryimage"},"image":{"@id":"https:\/\/www.specagra.ee\/?product=srutu-maisykles#primaryimage"},"thumbnailUrl":"https:\/\/www.specagra.ee\/wp-content\/uploads\/2020\/07\/Untitled-design-15.jpg","datePublished":"2020-07-29T10:21:23+00:00","dateModified":"2023-03-17T14:41:44+00:00","breadcrumb":{"@id":"https:\/\/www.specagra.ee\/?product=srutu-maisykles#breadcrumb"},"inLanguage":"et","potentialAction":[{"@type":"ReadAction","target":["https:\/\/www.specagra.ee\/?product=srutu-maisykles"]}]},{"@type":"ImageObject","inLanguage":"et","@id":"https:\/\/www.specagra.ee\/?product=srutu-maisykles#primaryimage","url":"https:\/\/www.specagra.ee\/wp-content\/uploads\/2020\/07\/Untitled-design-15.jpg","contentUrl":"https:\/\/www.specagra.ee\/wp-content\/uploads\/2020\/07\/Untitled-design-15.jpg","width":800,"height":800},{"@type":"BreadcrumbList","@id":"https:\/\/www.specagra.ee\/?product=srutu-maisykles#breadcrumb","itemListElement":[{"@type":"ListItem","position":1,"name":"Home","item":"https:\/\/www.specagra.ee\/"},{"@type":"ListItem","position":2,"name":"P\u00f5llumajandustehnika ja loomakasvatus","item":"https:\/\/specagra.ee\/?page_id=18493"},{"@type":"ListItem","position":3,"name":"EYS srut\u0173 mai\u0161ykl\u0117s"}]},{"@type":"WebSite","@id":"https:\/\/www.specagra.ee\/#website","url":"https:\/\/www.specagra.ee\/","name":"Specagra","description":"P\u00f5llumajandustehnika ja varuosad","publisher":{"@id":"https:\/\/www.specagra.ee\/#organization"},"potentialAction":[{"@type":"SearchAction","target":{"@type":"EntryPoint","urlTemplate":"https:\/\/www.specagra.ee\/?s={search_term_string}"},"query-input":{"@type":"PropertyValueSpecification","valueRequired":true,"valueName":"search_term_string"}}],"inLanguage":"et"},{"@type":"Organization","@id":"https:\/\/www.specagra.ee\/#organization","name":"UAB Specagra","url":"https:\/\/www.specagra.ee\/","logo":{"@type":"ImageObject","inLanguage":"et","@id":"https:\/\/www.specagra.ee\/#\/schema\/logo\/image\/","url":"http:\/\/www.specagra.ee\/wp-content\/uploads\/2022\/02\/SP-logo_naujas-scaled.jpg","contentUrl":"http:\/\/www.specagra.ee\/wp-content\/uploads\/2022\/02\/SP-logo_naujas-scaled.jpg","width":2560,"height":326,"caption":"UAB Specagra"},"image":{"@id":"https:\/\/www.specagra.ee\/#\/schema\/logo\/image\/"}}]}},"_links":{"self":[{"href":"https:\/\/www.specagra.ee\/index.php?rest_route=\/wp\/v2\/product\/6054","targetHints":{"allow":["GET"]}}],"collection":[{"href":"https:\/\/www.specagra.ee\/index.php?rest_route=\/wp\/v2\/product"}],"about":[{"href":"https:\/\/www.specagra.ee\/index.php?rest_route=\/wp\/v2\/types\/product"}],"wp:featuredmedia":[{"embeddable":true,"href":"https:\/\/www.specagra.ee\/index.php?rest_route=\/wp\/v2\/media\/27684"}],"wp:attachment":[{"href":"https:\/\/www.specagra.ee\/index.php?rest_route=%2Fwp%2Fv2%2Fmedia&parent=6054"}],"wp:term":[{"taxonomy":"product_brand","embeddable":true,"href":"https:\/\/www.specagra.ee\/index.php?rest_route=%2Fwp%2Fv2%2Fproduct_brand&post=6054"},{"taxonomy":"product_cat","embeddable":true,"href":"https:\/\/www.specagra.ee\/index.php?rest_route=%2Fwp%2Fv2%2Fproduct_cat&post=6054"},{"taxonomy":"product_tag","embeddable":true,"href":"https:\/\/www.specagra.ee\/index.php?rest_route=%2Fwp%2Fv2%2Fproduct_tag&post=6054"}],"curies":[{"name":"wp","href":"https:\/\/api.w.org\/{rel}","templated":true}]}}