{"id":5748,"date":"2020-07-27T06:52:05","date_gmt":"2020-07-27T08:52:05","guid":{"rendered":"https:\/\/www.specagra.ee.nemokamossvetaines.hostingas.lt\/?post_type=product&#038;p=5748"},"modified":"2023-02-13T10:54:58","modified_gmt":"2023-02-13T12:54:58","slug":"melzimo-irangos-kompomentai-ir-atsargines-dalys","status":"publish","type":"product","link":"https:\/\/www.specagra.ee\/?product=melzimo-irangos-kompomentai-ir-atsargines-dalys","title":{"rendered":"Mel\u017eimo \u012frangos komponentai ir atsargin\u0117s dalys"},"content":{"rendered":"<p>&nbsp;<\/p>\n<ul>\n<li>mel\u017eikliai<\/li>\n<li>pieno ir vakuumo \u017earnos<\/li>\n<li>kolektori\u0173 ir pulsatori\u0173 atsargin\u0117s dalys<\/li>\n<li>adapteriai<\/li>\n<li>pieno skaitikliai<\/li>\n<li>automatiniai mel\u017eikli\u0173 nu\u0117m\u0117jai pieno linijai<\/li>\n<li>tvirtinimo elementai<\/li>\n<li>kibir\u0117liai ir kt.<\/li>\n<\/ul>\n","protected":false},"excerpt":{"rendered":"<p>&nbsp; mel\u017eikliai pieno ir vakuumo \u017earnos kolektori\u0173 ir pulsatori\u0173 atsargin\u0117s dalys adapteriai pieno skaitikliai automatiniai mel\u017eikli\u0173 nu\u0117m\u0117jai pieno linijai tvirtinimo elementai kibir\u0117liai ir kt.<\/p>\n","protected":false},"featured_media":19302,"template":"","meta":{"_et_pb_use_builder":"","_et_pb_old_content":"","_et_gb_content_width":""},"product_brand":[],"product_cat":[249],"product_tag":[],"class_list":{"0":"post-5748","1":"product","2":"type-product","3":"status-publish","4":"has-post-thumbnail","6":"product_cat-lupsiseadmete-varuosad","8":"first","9":"instock","10":"shipping-taxable","11":"product-type-simple"},"yoast_head":"<!-- This site is optimized with the Yoast SEO plugin v26.4 - https:\/\/yoast.com\/wordpress\/plugins\/seo\/ -->\n<title>Mel\u017eimo \u012frangos komponentai ir atsargin\u0117s dalys - Specagra<\/title>\n<meta name=\"robots\" content=\"index, follow, max-snippet:-1, max-image-preview:large, max-video-preview:-1\" \/>\n<link rel=\"canonical\" href=\"https:\/\/www.specagra.ee\/?product=melzimo-irangos-kompomentai-ir-atsargines-dalys\" \/>\n<meta property=\"og:locale\" content=\"et_EE\" \/>\n<meta property=\"og:type\" content=\"article\" \/>\n<meta property=\"og:title\" content=\"Mel\u017eimo \u012frangos komponentai ir atsargin\u0117s dalys - Specagra\" \/>\n<meta property=\"og:description\" content=\"&nbsp; mel\u017eikliai pieno ir vakuumo \u017earnos kolektori\u0173 ir pulsatori\u0173 atsargin\u0117s dalys adapteriai pieno skaitikliai automatiniai mel\u017eikli\u0173 nu\u0117m\u0117jai pieno linijai tvirtinimo elementai kibir\u0117liai ir kt.\" \/>\n<meta property=\"og:url\" content=\"https:\/\/www.specagra.ee\/?product=melzimo-irangos-kompomentai-ir-atsargines-dalys\" \/>\n<meta property=\"og:site_name\" content=\"Specagra\" \/>\n<meta property=\"article:modified_time\" content=\"2023-02-13T12:54:58+00:00\" \/>\n<meta property=\"og:image\" content=\"https:\/\/www.specagra.ee\/wp-content\/uploads\/2020\/07\/200000073752-2.jpg\" \/>\n\t<meta property=\"og:image:width\" content=\"800\" \/>\n\t<meta property=\"og:image:height\" content=\"800\" \/>\n\t<meta property=\"og:image:type\" content=\"image\/jpeg\" \/>\n<meta name=\"twitter:card\" content=\"summary_large_image\" \/>\n<meta name=\"twitter:label1\" content=\"Est. reading time\" \/>\n\t<meta name=\"twitter:data1\" content=\"1 minut\" \/>\n<script type=\"application\/ld+json\" class=\"yoast-schema-graph\">{\"@context\":\"https:\/\/schema.org\",\"@graph\":[{\"@type\":\"WebPage\",\"@id\":\"https:\/\/www.specagra.ee\/?product=melzimo-irangos-kompomentai-ir-atsargines-dalys\",\"url\":\"https:\/\/www.specagra.ee\/?product=melzimo-irangos-kompomentai-ir-atsargines-dalys\",\"name\":\"Mel\u017eimo \u012frangos komponentai ir atsargin\u0117s dalys - Specagra\",\"isPartOf\":{\"@id\":\"https:\/\/www.specagra.ee\/#website\"},\"primaryImageOfPage\":{\"@id\":\"https:\/\/www.specagra.ee\/?product=melzimo-irangos-kompomentai-ir-atsargines-dalys#primaryimage\"},\"image\":{\"@id\":\"https:\/\/www.specagra.ee\/?product=melzimo-irangos-kompomentai-ir-atsargines-dalys#primaryimage\"},\"thumbnailUrl\":\"https:\/\/www.specagra.ee\/wp-content\/uploads\/2020\/07\/200000073752-2.jpg\",\"datePublished\":\"2020-07-27T08:52:05+00:00\",\"dateModified\":\"2023-02-13T12:54:58+00:00\",\"breadcrumb\":{\"@id\":\"https:\/\/www.specagra.ee\/?product=melzimo-irangos-kompomentai-ir-atsargines-dalys#breadcrumb\"},\"inLanguage\":\"et\",\"potentialAction\":[{\"@type\":\"ReadAction\",\"target\":[\"https:\/\/www.specagra.ee\/?product=melzimo-irangos-kompomentai-ir-atsargines-dalys\"]}]},{\"@type\":\"ImageObject\",\"inLanguage\":\"et\",\"@id\":\"https:\/\/www.specagra.ee\/?product=melzimo-irangos-kompomentai-ir-atsargines-dalys#primaryimage\",\"url\":\"https:\/\/www.specagra.ee\/wp-content\/uploads\/2020\/07\/200000073752-2.jpg\",\"contentUrl\":\"https:\/\/www.specagra.ee\/wp-content\/uploads\/2020\/07\/200000073752-2.jpg\",\"width\":800,\"height\":800,\"caption\":\"Mel\u017eimo \u012frangos komponentai ir atsargin\u0117s dalys\"},{\"@type\":\"BreadcrumbList\",\"@id\":\"https:\/\/www.specagra.ee\/?product=melzimo-irangos-kompomentai-ir-atsargines-dalys#breadcrumb\",\"itemListElement\":[{\"@type\":\"ListItem\",\"position\":1,\"name\":\"Home\",\"item\":\"https:\/\/www.specagra.ee\/\"},{\"@type\":\"ListItem\",\"position\":2,\"name\":\"P\u00f5llumajandustehnika ja loomakasvatus\",\"item\":\"https:\/\/specagra.ee\/?page_id=18493\"},{\"@type\":\"ListItem\",\"position\":3,\"name\":\"Mel\u017eimo \u012frangos komponentai ir atsargin\u0117s dalys\"}]},{\"@type\":\"WebSite\",\"@id\":\"https:\/\/www.specagra.ee\/#website\",\"url\":\"https:\/\/www.specagra.ee\/\",\"name\":\"Specagra\",\"description\":\"P\u00f5llumajandustehnika ja varuosad\",\"publisher\":{\"@id\":\"https:\/\/www.specagra.ee\/#organization\"},\"potentialAction\":[{\"@type\":\"SearchAction\",\"target\":{\"@type\":\"EntryPoint\",\"urlTemplate\":\"https:\/\/www.specagra.ee\/?s={search_term_string}\"},\"query-input\":{\"@type\":\"PropertyValueSpecification\",\"valueRequired\":true,\"valueName\":\"search_term_string\"}}],\"inLanguage\":\"et\"},{\"@type\":\"Organization\",\"@id\":\"https:\/\/www.specagra.ee\/#organization\",\"name\":\"UAB Specagra\",\"url\":\"https:\/\/www.specagra.ee\/\",\"logo\":{\"@type\":\"ImageObject\",\"inLanguage\":\"et\",\"@id\":\"https:\/\/www.specagra.ee\/#\/schema\/logo\/image\/\",\"url\":\"http:\/\/www.specagra.ee\/wp-content\/uploads\/2022\/02\/SP-logo_naujas-scaled.jpg\",\"contentUrl\":\"http:\/\/www.specagra.ee\/wp-content\/uploads\/2022\/02\/SP-logo_naujas-scaled.jpg\",\"width\":2560,\"height\":326,\"caption\":\"UAB Specagra\"},\"image\":{\"@id\":\"https:\/\/www.specagra.ee\/#\/schema\/logo\/image\/\"}}]}<\/script>\n<!-- \/ Yoast SEO plugin. -->","yoast_head_json":{"title":"Mel\u017eimo \u012frangos komponentai ir atsargin\u0117s dalys - Specagra","robots":{"index":"index","follow":"follow","max-snippet":"max-snippet:-1","max-image-preview":"max-image-preview:large","max-video-preview":"max-video-preview:-1"},"canonical":"https:\/\/www.specagra.ee\/?product=melzimo-irangos-kompomentai-ir-atsargines-dalys","og_locale":"et_EE","og_type":"article","og_title":"Mel\u017eimo \u012frangos komponentai ir atsargin\u0117s dalys - Specagra","og_description":"&nbsp; mel\u017eikliai pieno ir vakuumo \u017earnos kolektori\u0173 ir pulsatori\u0173 atsargin\u0117s dalys adapteriai pieno skaitikliai automatiniai mel\u017eikli\u0173 nu\u0117m\u0117jai pieno linijai tvirtinimo elementai kibir\u0117liai ir kt.","og_url":"https:\/\/www.specagra.ee\/?product=melzimo-irangos-kompomentai-ir-atsargines-dalys","og_site_name":"Specagra","article_modified_time":"2023-02-13T12:54:58+00:00","og_image":[{"width":800,"height":800,"url":"https:\/\/www.specagra.ee\/wp-content\/uploads\/2020\/07\/200000073752-2.jpg","type":"image\/jpeg"}],"twitter_card":"summary_large_image","twitter_misc":{"Est. reading time":"1 minut"},"schema":{"@context":"https:\/\/schema.org","@graph":[{"@type":"WebPage","@id":"https:\/\/www.specagra.ee\/?product=melzimo-irangos-kompomentai-ir-atsargines-dalys","url":"https:\/\/www.specagra.ee\/?product=melzimo-irangos-kompomentai-ir-atsargines-dalys","name":"Mel\u017eimo \u012frangos komponentai ir atsargin\u0117s dalys - Specagra","isPartOf":{"@id":"https:\/\/www.specagra.ee\/#website"},"primaryImageOfPage":{"@id":"https:\/\/www.specagra.ee\/?product=melzimo-irangos-kompomentai-ir-atsargines-dalys#primaryimage"},"image":{"@id":"https:\/\/www.specagra.ee\/?product=melzimo-irangos-kompomentai-ir-atsargines-dalys#primaryimage"},"thumbnailUrl":"https:\/\/www.specagra.ee\/wp-content\/uploads\/2020\/07\/200000073752-2.jpg","datePublished":"2020-07-27T08:52:05+00:00","dateModified":"2023-02-13T12:54:58+00:00","breadcrumb":{"@id":"https:\/\/www.specagra.ee\/?product=melzimo-irangos-kompomentai-ir-atsargines-dalys#breadcrumb"},"inLanguage":"et","potentialAction":[{"@type":"ReadAction","target":["https:\/\/www.specagra.ee\/?product=melzimo-irangos-kompomentai-ir-atsargines-dalys"]}]},{"@type":"ImageObject","inLanguage":"et","@id":"https:\/\/www.specagra.ee\/?product=melzimo-irangos-kompomentai-ir-atsargines-dalys#primaryimage","url":"https:\/\/www.specagra.ee\/wp-content\/uploads\/2020\/07\/200000073752-2.jpg","contentUrl":"https:\/\/www.specagra.ee\/wp-content\/uploads\/2020\/07\/200000073752-2.jpg","width":800,"height":800,"caption":"Mel\u017eimo \u012frangos komponentai ir atsargin\u0117s dalys"},{"@type":"BreadcrumbList","@id":"https:\/\/www.specagra.ee\/?product=melzimo-irangos-kompomentai-ir-atsargines-dalys#breadcrumb","itemListElement":[{"@type":"ListItem","position":1,"name":"Home","item":"https:\/\/www.specagra.ee\/"},{"@type":"ListItem","position":2,"name":"P\u00f5llumajandustehnika ja loomakasvatus","item":"https:\/\/specagra.ee\/?page_id=18493"},{"@type":"ListItem","position":3,"name":"Mel\u017eimo \u012frangos komponentai ir atsargin\u0117s dalys"}]},{"@type":"WebSite","@id":"https:\/\/www.specagra.ee\/#website","url":"https:\/\/www.specagra.ee\/","name":"Specagra","description":"P\u00f5llumajandustehnika ja varuosad","publisher":{"@id":"https:\/\/www.specagra.ee\/#organization"},"potentialAction":[{"@type":"SearchAction","target":{"@type":"EntryPoint","urlTemplate":"https:\/\/www.specagra.ee\/?s={search_term_string}"},"query-input":{"@type":"PropertyValueSpecification","valueRequired":true,"valueName":"search_term_string"}}],"inLanguage":"et"},{"@type":"Organization","@id":"https:\/\/www.specagra.ee\/#organization","name":"UAB Specagra","url":"https:\/\/www.specagra.ee\/","logo":{"@type":"ImageObject","inLanguage":"et","@id":"https:\/\/www.specagra.ee\/#\/schema\/logo\/image\/","url":"http:\/\/www.specagra.ee\/wp-content\/uploads\/2022\/02\/SP-logo_naujas-scaled.jpg","contentUrl":"http:\/\/www.specagra.ee\/wp-content\/uploads\/2022\/02\/SP-logo_naujas-scaled.jpg","width":2560,"height":326,"caption":"UAB Specagra"},"image":{"@id":"https:\/\/www.specagra.ee\/#\/schema\/logo\/image\/"}}]}},"_links":{"self":[{"href":"https:\/\/www.specagra.ee\/index.php?rest_route=\/wp\/v2\/product\/5748","targetHints":{"allow":["GET"]}}],"collection":[{"href":"https:\/\/www.specagra.ee\/index.php?rest_route=\/wp\/v2\/product"}],"about":[{"href":"https:\/\/www.specagra.ee\/index.php?rest_route=\/wp\/v2\/types\/product"}],"wp:featuredmedia":[{"embeddable":true,"href":"https:\/\/www.specagra.ee\/index.php?rest_route=\/wp\/v2\/media\/19302"}],"wp:attachment":[{"href":"https:\/\/www.specagra.ee\/index.php?rest_route=%2Fwp%2Fv2%2Fmedia&parent=5748"}],"wp:term":[{"taxonomy":"product_brand","embeddable":true,"href":"https:\/\/www.specagra.ee\/index.php?rest_route=%2Fwp%2Fv2%2Fproduct_brand&post=5748"},{"taxonomy":"product_cat","embeddable":true,"href":"https:\/\/www.specagra.ee\/index.php?rest_route=%2Fwp%2Fv2%2Fproduct_cat&post=5748"},{"taxonomy":"product_tag","embeddable":true,"href":"https:\/\/www.specagra.ee\/index.php?rest_route=%2Fwp%2Fv2%2Fproduct_tag&post=5748"}],"curies":[{"name":"wp","href":"https:\/\/api.w.org\/{rel}","templated":true}]}}