{"id":4929,"date":"2020-07-20T04:06:13","date_gmt":"2020-07-20T06:06:13","guid":{"rendered":"https:\/\/www.specagra.ee.nemokamossvetaines.hostingas.lt\/?post_type=product&#038;p=4929"},"modified":"2023-03-10T11:29:31","modified_gmt":"2023-03-10T13:29:31","slug":"koncentratas-avicid","status":"publish","type":"product","link":"https:\/\/www.specagra.ee\/?product=koncentratas-avicid","title":{"rendered":"Koncentratas AVICID (r\u016bg\u0161tinis ploviklis)"},"content":{"rendered":"<p>Bendrosios savyb\u0117s:<\/p>\n<ul>\n<li>R\u016bg\u0161ties pagrindu pagamintas, neputojantis, koncentratas,\u00a0 skirtas plovimui bei dezinfekcijai.<\/li>\n<li>Pagamintas i\u0161 azoto bei forforo r\u016bg\u0161ties. Labai efektyvus \u0161alinant baltymus, riebalus bei pieno akmen\u012f.<\/li>\n<li>Plovimas turi b\u016bti atliekamas 15 minu\u010di\u0173 patalpoje, kurioje palaikoma auk\u0161tesn\u0117 temperat\u016bra, ta\u010diau ne auk\u0161tesn\u0117 nei +60 \u00b0C.<\/li>\n<li>Plaukite su 0,5% koncentracijos tirpalu drungnu vandeniu.<\/li>\n<\/ul>\n<p>2,4 kg \/ 6 kg \/ 12 kg \/ 25 kg<\/p>\n","protected":false},"excerpt":{"rendered":"<p>Bendrosios savyb\u0117s: R\u016bg\u0161ties pagrindu pagamintas, neputojantis, koncentratas,\u00a0 skirtas plovimui bei dezinfekcijai. Pagamintas i\u0161 azoto bei forforo r\u016bg\u0161ties. Labai efektyvus \u0161alinant baltymus, riebalus bei pieno akmen\u012f. Plovimas turi b\u016bti atliekamas 15 minu\u010di\u0173 patalpoje, kurioje palaikoma auk\u0161tesn\u0117 temperat\u016bra, ta\u010diau ne auk\u0161tesn\u0117 nei +60 \u00b0C. Plaukite su 0,5% koncentracijos tirpalu drungnu vandeniu. 2,4 kg \/ 6 kg \/ [&hellip;]<\/p>\n","protected":false},"featured_media":27412,"template":"","meta":{"_et_pb_use_builder":"","_et_pb_old_content":"","_et_gb_content_width":""},"product_brand":[],"product_cat":[167],"product_tag":[],"class_list":{"0":"post-4929","1":"product","2":"type-product","3":"status-publish","4":"has-post-thumbnail","6":"product_cat-puhastusvahendid-piimaliinidele-ja-seadmetele","8":"first","9":"instock","10":"shipping-taxable","11":"product-type-simple"},"yoast_head":"<!-- This site is optimized with the Yoast SEO plugin v26.4 - https:\/\/yoast.com\/wordpress\/plugins\/seo\/ -->\n<title>Koncentratas AVICID (r\u016bg\u0161tinis ploviklis) - Specagra<\/title>\n<meta name=\"robots\" content=\"index, follow, max-snippet:-1, max-image-preview:large, max-video-preview:-1\" \/>\n<link rel=\"canonical\" href=\"https:\/\/www.specagra.ee\/?product=koncentratas-avicid\" \/>\n<meta property=\"og:locale\" content=\"et_EE\" \/>\n<meta property=\"og:type\" content=\"article\" \/>\n<meta property=\"og:title\" content=\"Koncentratas AVICID (r\u016bg\u0161tinis ploviklis) - Specagra\" \/>\n<meta property=\"og:description\" content=\"Bendrosios savyb\u0117s: R\u016bg\u0161ties pagrindu pagamintas, neputojantis, koncentratas,\u00a0 skirtas plovimui bei dezinfekcijai. Pagamintas i\u0161 azoto bei forforo r\u016bg\u0161ties. Labai efektyvus \u0161alinant baltymus, riebalus bei pieno akmen\u012f. Plovimas turi b\u016bti atliekamas 15 minu\u010di\u0173 patalpoje, kurioje palaikoma auk\u0161tesn\u0117 temperat\u016bra, ta\u010diau ne auk\u0161tesn\u0117 nei +60 \u00b0C. Plaukite su 0,5% koncentracijos tirpalu drungnu vandeniu. 2,4 kg \/ 6 kg \/ [&hellip;]\" \/>\n<meta property=\"og:url\" content=\"https:\/\/www.specagra.ee\/?product=koncentratas-avicid\" \/>\n<meta property=\"og:site_name\" content=\"Specagra\" \/>\n<meta property=\"article:modified_time\" content=\"2023-03-10T13:29:31+00:00\" \/>\n<meta property=\"og:image\" content=\"https:\/\/www.specagra.ee\/wp-content\/uploads\/2020\/07\/Untitled-design-50-1.jpg\" \/>\n\t<meta property=\"og:image:width\" content=\"800\" \/>\n\t<meta property=\"og:image:height\" content=\"800\" \/>\n\t<meta property=\"og:image:type\" content=\"image\/jpeg\" \/>\n<meta name=\"twitter:card\" content=\"summary_large_image\" \/>\n<meta name=\"twitter:label1\" content=\"Est. reading time\" \/>\n\t<meta name=\"twitter:data1\" content=\"1 minut\" \/>\n<script type=\"application\/ld+json\" class=\"yoast-schema-graph\">{\"@context\":\"https:\/\/schema.org\",\"@graph\":[{\"@type\":\"WebPage\",\"@id\":\"https:\/\/www.specagra.ee\/?product=koncentratas-avicid\",\"url\":\"https:\/\/www.specagra.ee\/?product=koncentratas-avicid\",\"name\":\"Koncentratas AVICID (r\u016bg\u0161tinis ploviklis) - Specagra\",\"isPartOf\":{\"@id\":\"https:\/\/www.specagra.ee\/#website\"},\"primaryImageOfPage\":{\"@id\":\"https:\/\/www.specagra.ee\/?product=koncentratas-avicid#primaryimage\"},\"image\":{\"@id\":\"https:\/\/www.specagra.ee\/?product=koncentratas-avicid#primaryimage\"},\"thumbnailUrl\":\"https:\/\/www.specagra.ee\/wp-content\/uploads\/2020\/07\/Untitled-design-50-1.jpg\",\"datePublished\":\"2020-07-20T06:06:13+00:00\",\"dateModified\":\"2023-03-10T13:29:31+00:00\",\"breadcrumb\":{\"@id\":\"https:\/\/www.specagra.ee\/?product=koncentratas-avicid#breadcrumb\"},\"inLanguage\":\"et\",\"potentialAction\":[{\"@type\":\"ReadAction\",\"target\":[\"https:\/\/www.specagra.ee\/?product=koncentratas-avicid\"]}]},{\"@type\":\"ImageObject\",\"inLanguage\":\"et\",\"@id\":\"https:\/\/www.specagra.ee\/?product=koncentratas-avicid#primaryimage\",\"url\":\"https:\/\/www.specagra.ee\/wp-content\/uploads\/2020\/07\/Untitled-design-50-1.jpg\",\"contentUrl\":\"https:\/\/www.specagra.ee\/wp-content\/uploads\/2020\/07\/Untitled-design-50-1.jpg\",\"width\":800,\"height\":800},{\"@type\":\"BreadcrumbList\",\"@id\":\"https:\/\/www.specagra.ee\/?product=koncentratas-avicid#breadcrumb\",\"itemListElement\":[{\"@type\":\"ListItem\",\"position\":1,\"name\":\"Home\",\"item\":\"https:\/\/www.specagra.ee\/\"},{\"@type\":\"ListItem\",\"position\":2,\"name\":\"P\u00f5llumajandustehnika ja loomakasvatus\",\"item\":\"https:\/\/specagra.ee\/?page_id=18493\"},{\"@type\":\"ListItem\",\"position\":3,\"name\":\"Koncentratas AVICID (r\u016bg\u0161tinis ploviklis)\"}]},{\"@type\":\"WebSite\",\"@id\":\"https:\/\/www.specagra.ee\/#website\",\"url\":\"https:\/\/www.specagra.ee\/\",\"name\":\"Specagra\",\"description\":\"P\u00f5llumajandustehnika ja varuosad\",\"publisher\":{\"@id\":\"https:\/\/www.specagra.ee\/#organization\"},\"potentialAction\":[{\"@type\":\"SearchAction\",\"target\":{\"@type\":\"EntryPoint\",\"urlTemplate\":\"https:\/\/www.specagra.ee\/?s={search_term_string}\"},\"query-input\":{\"@type\":\"PropertyValueSpecification\",\"valueRequired\":true,\"valueName\":\"search_term_string\"}}],\"inLanguage\":\"et\"},{\"@type\":\"Organization\",\"@id\":\"https:\/\/www.specagra.ee\/#organization\",\"name\":\"UAB Specagra\",\"url\":\"https:\/\/www.specagra.ee\/\",\"logo\":{\"@type\":\"ImageObject\",\"inLanguage\":\"et\",\"@id\":\"https:\/\/www.specagra.ee\/#\/schema\/logo\/image\/\",\"url\":\"http:\/\/www.specagra.ee\/wp-content\/uploads\/2022\/02\/SP-logo_naujas-scaled.jpg\",\"contentUrl\":\"http:\/\/www.specagra.ee\/wp-content\/uploads\/2022\/02\/SP-logo_naujas-scaled.jpg\",\"width\":2560,\"height\":326,\"caption\":\"UAB Specagra\"},\"image\":{\"@id\":\"https:\/\/www.specagra.ee\/#\/schema\/logo\/image\/\"}}]}<\/script>\n<!-- \/ Yoast SEO plugin. -->","yoast_head_json":{"title":"Koncentratas AVICID (r\u016bg\u0161tinis ploviklis) - Specagra","robots":{"index":"index","follow":"follow","max-snippet":"max-snippet:-1","max-image-preview":"max-image-preview:large","max-video-preview":"max-video-preview:-1"},"canonical":"https:\/\/www.specagra.ee\/?product=koncentratas-avicid","og_locale":"et_EE","og_type":"article","og_title":"Koncentratas AVICID (r\u016bg\u0161tinis ploviklis) - Specagra","og_description":"Bendrosios savyb\u0117s: R\u016bg\u0161ties pagrindu pagamintas, neputojantis, koncentratas,\u00a0 skirtas plovimui bei dezinfekcijai. Pagamintas i\u0161 azoto bei forforo r\u016bg\u0161ties. Labai efektyvus \u0161alinant baltymus, riebalus bei pieno akmen\u012f. Plovimas turi b\u016bti atliekamas 15 minu\u010di\u0173 patalpoje, kurioje palaikoma auk\u0161tesn\u0117 temperat\u016bra, ta\u010diau ne auk\u0161tesn\u0117 nei +60 \u00b0C. Plaukite su 0,5% koncentracijos tirpalu drungnu vandeniu. 2,4 kg \/ 6 kg \/ [&hellip;]","og_url":"https:\/\/www.specagra.ee\/?product=koncentratas-avicid","og_site_name":"Specagra","article_modified_time":"2023-03-10T13:29:31+00:00","og_image":[{"width":800,"height":800,"url":"https:\/\/www.specagra.ee\/wp-content\/uploads\/2020\/07\/Untitled-design-50-1.jpg","type":"image\/jpeg"}],"twitter_card":"summary_large_image","twitter_misc":{"Est. reading time":"1 minut"},"schema":{"@context":"https:\/\/schema.org","@graph":[{"@type":"WebPage","@id":"https:\/\/www.specagra.ee\/?product=koncentratas-avicid","url":"https:\/\/www.specagra.ee\/?product=koncentratas-avicid","name":"Koncentratas AVICID (r\u016bg\u0161tinis ploviklis) - Specagra","isPartOf":{"@id":"https:\/\/www.specagra.ee\/#website"},"primaryImageOfPage":{"@id":"https:\/\/www.specagra.ee\/?product=koncentratas-avicid#primaryimage"},"image":{"@id":"https:\/\/www.specagra.ee\/?product=koncentratas-avicid#primaryimage"},"thumbnailUrl":"https:\/\/www.specagra.ee\/wp-content\/uploads\/2020\/07\/Untitled-design-50-1.jpg","datePublished":"2020-07-20T06:06:13+00:00","dateModified":"2023-03-10T13:29:31+00:00","breadcrumb":{"@id":"https:\/\/www.specagra.ee\/?product=koncentratas-avicid#breadcrumb"},"inLanguage":"et","potentialAction":[{"@type":"ReadAction","target":["https:\/\/www.specagra.ee\/?product=koncentratas-avicid"]}]},{"@type":"ImageObject","inLanguage":"et","@id":"https:\/\/www.specagra.ee\/?product=koncentratas-avicid#primaryimage","url":"https:\/\/www.specagra.ee\/wp-content\/uploads\/2020\/07\/Untitled-design-50-1.jpg","contentUrl":"https:\/\/www.specagra.ee\/wp-content\/uploads\/2020\/07\/Untitled-design-50-1.jpg","width":800,"height":800},{"@type":"BreadcrumbList","@id":"https:\/\/www.specagra.ee\/?product=koncentratas-avicid#breadcrumb","itemListElement":[{"@type":"ListItem","position":1,"name":"Home","item":"https:\/\/www.specagra.ee\/"},{"@type":"ListItem","position":2,"name":"P\u00f5llumajandustehnika ja loomakasvatus","item":"https:\/\/specagra.ee\/?page_id=18493"},{"@type":"ListItem","position":3,"name":"Koncentratas AVICID (r\u016bg\u0161tinis ploviklis)"}]},{"@type":"WebSite","@id":"https:\/\/www.specagra.ee\/#website","url":"https:\/\/www.specagra.ee\/","name":"Specagra","description":"P\u00f5llumajandustehnika ja varuosad","publisher":{"@id":"https:\/\/www.specagra.ee\/#organization"},"potentialAction":[{"@type":"SearchAction","target":{"@type":"EntryPoint","urlTemplate":"https:\/\/www.specagra.ee\/?s={search_term_string}"},"query-input":{"@type":"PropertyValueSpecification","valueRequired":true,"valueName":"search_term_string"}}],"inLanguage":"et"},{"@type":"Organization","@id":"https:\/\/www.specagra.ee\/#organization","name":"UAB Specagra","url":"https:\/\/www.specagra.ee\/","logo":{"@type":"ImageObject","inLanguage":"et","@id":"https:\/\/www.specagra.ee\/#\/schema\/logo\/image\/","url":"http:\/\/www.specagra.ee\/wp-content\/uploads\/2022\/02\/SP-logo_naujas-scaled.jpg","contentUrl":"http:\/\/www.specagra.ee\/wp-content\/uploads\/2022\/02\/SP-logo_naujas-scaled.jpg","width":2560,"height":326,"caption":"UAB Specagra"},"image":{"@id":"https:\/\/www.specagra.ee\/#\/schema\/logo\/image\/"}}]}},"_links":{"self":[{"href":"https:\/\/www.specagra.ee\/index.php?rest_route=\/wp\/v2\/product\/4929","targetHints":{"allow":["GET"]}}],"collection":[{"href":"https:\/\/www.specagra.ee\/index.php?rest_route=\/wp\/v2\/product"}],"about":[{"href":"https:\/\/www.specagra.ee\/index.php?rest_route=\/wp\/v2\/types\/product"}],"wp:featuredmedia":[{"embeddable":true,"href":"https:\/\/www.specagra.ee\/index.php?rest_route=\/wp\/v2\/media\/27412"}],"wp:attachment":[{"href":"https:\/\/www.specagra.ee\/index.php?rest_route=%2Fwp%2Fv2%2Fmedia&parent=4929"}],"wp:term":[{"taxonomy":"product_brand","embeddable":true,"href":"https:\/\/www.specagra.ee\/index.php?rest_route=%2Fwp%2Fv2%2Fproduct_brand&post=4929"},{"taxonomy":"product_cat","embeddable":true,"href":"https:\/\/www.specagra.ee\/index.php?rest_route=%2Fwp%2Fv2%2Fproduct_cat&post=4929"},{"taxonomy":"product_tag","embeddable":true,"href":"https:\/\/www.specagra.ee\/index.php?rest_route=%2Fwp%2Fv2%2Fproduct_tag&post=4929"}],"curies":[{"name":"wp","href":"https:\/\/api.w.org\/{rel}","templated":true}]}}