{"id":4927,"date":"2020-07-20T04:02:37","date_gmt":"2020-07-20T06:02:37","guid":{"rendered":"https:\/\/www.specagra.ee.nemokamossvetaines.hostingas.lt\/?post_type=product&#038;p=4927"},"modified":"2020-07-29T03:24:14","modified_gmt":"2020-07-29T05:24:14","slug":"koncentratas-avita-lod","status":"publish","type":"product","link":"https:\/\/www.specagra.ee\/?product=koncentratas-avita-lod","title":{"rendered":"Koncentratas AVITA IOD"},"content":{"rendered":"<p>Bendrosios savyb\u0117s:<\/p>\n<ul>\n<li>Koncentratas, jodo pagrindu, antibakterinis speni\u0173 prie\u017ei\u016bros bei dezinfekcijos\u00a0<em>mirkiklis po mel\u017eimo<\/em>.<\/li>\n<li>AvitaIod yra koncentras, kur\u012f sudaro aktyvus jodas (6\u00a0500 ppm) bei dr\u0117kinan\u010dios, maitinan\u010dios med\u017eiagos.<\/li>\n<li>Eleminuoja bakterij\u0173 sukeliamas infekcijas, apsaugo nuo nauj\u0173 infekcij\u0173 atsiradimo ir dehidratacijos bei maitina od\u0105.<\/li>\n<li>Atskiesti demineralizuotu vandeniu santykiu 1:4.<\/li>\n<\/ul>\n<p>1 kg \/ 5 kg \/ 10 kg \/ 20 kg.<\/p>\n","protected":false},"excerpt":{"rendered":"<p>Bendrosios savyb\u0117s: Koncentratas, jodo pagrindu, antibakterinis speni\u0173 prie\u017ei\u016bros bei dezinfekcijos\u00a0mirkiklis po mel\u017eimo. AvitaIod yra koncentras, kur\u012f sudaro aktyvus jodas (6\u00a0500 ppm) bei dr\u0117kinan\u010dios, maitinan\u010dios med\u017eiagos. Eleminuoja bakterij\u0173 sukeliamas infekcijas, apsaugo nuo nauj\u0173 infekcij\u0173 atsiradimo ir dehidratacijos bei maitina od\u0105. Atskiesti demineralizuotu vandeniu santykiu 1:4. 1 kg \/ 5 kg \/ 10 kg \/ 20 kg.<\/p>\n","protected":false},"featured_media":5557,"template":"","meta":{"_et_pb_use_builder":"","_et_pb_old_content":"","_et_gb_content_width":""},"product_brand":[],"product_cat":[166],"product_tag":[],"class_list":{"0":"post-4927","1":"product","2":"type-product","3":"status-publish","4":"has-post-thumbnail","6":"product_cat-udara-hooldus-enne-ja-parast-lupsmist","8":"first","9":"instock","10":"shipping-taxable","11":"product-type-simple"},"yoast_head":"<!-- This site is optimized with the Yoast SEO plugin v26.4 - https:\/\/yoast.com\/wordpress\/plugins\/seo\/ -->\n<title>Koncentratas AVITA IOD - Specagra<\/title>\n<meta name=\"robots\" content=\"index, follow, max-snippet:-1, max-image-preview:large, max-video-preview:-1\" \/>\n<link rel=\"canonical\" href=\"https:\/\/www.specagra.ee\/?product=koncentratas-avita-lod\" \/>\n<meta property=\"og:locale\" content=\"et_EE\" \/>\n<meta property=\"og:type\" content=\"article\" \/>\n<meta property=\"og:title\" content=\"Koncentratas AVITA IOD - Specagra\" \/>\n<meta property=\"og:description\" content=\"Bendrosios savyb\u0117s: Koncentratas, jodo pagrindu, antibakterinis speni\u0173 prie\u017ei\u016bros bei dezinfekcijos\u00a0mirkiklis po mel\u017eimo. AvitaIod yra koncentras, kur\u012f sudaro aktyvus jodas (6\u00a0500 ppm) bei dr\u0117kinan\u010dios, maitinan\u010dios med\u017eiagos. Eleminuoja bakterij\u0173 sukeliamas infekcijas, apsaugo nuo nauj\u0173 infekcij\u0173 atsiradimo ir dehidratacijos bei maitina od\u0105. Atskiesti demineralizuotu vandeniu santykiu 1:4. 1 kg \/ 5 kg \/ 10 kg \/ 20 kg.\" \/>\n<meta property=\"og:url\" content=\"https:\/\/www.specagra.ee\/?product=koncentratas-avita-lod\" \/>\n<meta property=\"og:site_name\" content=\"Specagra\" \/>\n<meta property=\"article:modified_time\" content=\"2020-07-29T05:24:14+00:00\" \/>\n<meta property=\"og:image\" content=\"https:\/\/www.specagra.ee\/wp-content\/uploads\/2020\/07\/avitaiod-10-kg-1.jpg\" \/>\n\t<meta property=\"og:image:width\" content=\"800\" \/>\n\t<meta property=\"og:image:height\" content=\"800\" \/>\n\t<meta property=\"og:image:type\" content=\"image\/jpeg\" \/>\n<meta name=\"twitter:card\" content=\"summary_large_image\" \/>\n<script type=\"application\/ld+json\" class=\"yoast-schema-graph\">{\"@context\":\"https:\/\/schema.org\",\"@graph\":[{\"@type\":\"WebPage\",\"@id\":\"https:\/\/www.specagra.ee\/?product=koncentratas-avita-lod\",\"url\":\"https:\/\/www.specagra.ee\/?product=koncentratas-avita-lod\",\"name\":\"Koncentratas AVITA IOD - Specagra\",\"isPartOf\":{\"@id\":\"https:\/\/www.specagra.ee\/#website\"},\"primaryImageOfPage\":{\"@id\":\"https:\/\/www.specagra.ee\/?product=koncentratas-avita-lod#primaryimage\"},\"image\":{\"@id\":\"https:\/\/www.specagra.ee\/?product=koncentratas-avita-lod#primaryimage\"},\"thumbnailUrl\":\"https:\/\/specagra.ee\/wp-content\/uploads\/2020\/07\/avitaiod-10-kg-1.jpg\",\"datePublished\":\"2020-07-20T06:02:37+00:00\",\"dateModified\":\"2020-07-29T05:24:14+00:00\",\"breadcrumb\":{\"@id\":\"https:\/\/www.specagra.ee\/?product=koncentratas-avita-lod#breadcrumb\"},\"inLanguage\":\"et\",\"potentialAction\":[{\"@type\":\"ReadAction\",\"target\":[\"https:\/\/www.specagra.ee\/?product=koncentratas-avita-lod\"]}]},{\"@type\":\"ImageObject\",\"inLanguage\":\"et\",\"@id\":\"https:\/\/www.specagra.ee\/?product=koncentratas-avita-lod#primaryimage\",\"url\":\"https:\/\/specagra.ee\/wp-content\/uploads\/2020\/07\/avitaiod-10-kg-1.jpg\",\"contentUrl\":\"https:\/\/specagra.ee\/wp-content\/uploads\/2020\/07\/avitaiod-10-kg-1.jpg\",\"width\":800,\"height\":800},{\"@type\":\"BreadcrumbList\",\"@id\":\"https:\/\/www.specagra.ee\/?product=koncentratas-avita-lod#breadcrumb\",\"itemListElement\":[{\"@type\":\"ListItem\",\"position\":1,\"name\":\"Home\",\"item\":\"https:\/\/www.specagra.ee\/\"},{\"@type\":\"ListItem\",\"position\":2,\"name\":\"P\u00f5llumajandustehnika ja loomakasvatus\",\"item\":\"https:\/\/specagra.ee\/?page_id=18493\"},{\"@type\":\"ListItem\",\"position\":3,\"name\":\"Koncentratas AVITA IOD\"}]},{\"@type\":\"WebSite\",\"@id\":\"https:\/\/www.specagra.ee\/#website\",\"url\":\"https:\/\/www.specagra.ee\/\",\"name\":\"Specagra\",\"description\":\"P\u00f5llumajandustehnika ja varuosad\",\"publisher\":{\"@id\":\"https:\/\/www.specagra.ee\/#organization\"},\"potentialAction\":[{\"@type\":\"SearchAction\",\"target\":{\"@type\":\"EntryPoint\",\"urlTemplate\":\"https:\/\/www.specagra.ee\/?s={search_term_string}\"},\"query-input\":{\"@type\":\"PropertyValueSpecification\",\"valueRequired\":true,\"valueName\":\"search_term_string\"}}],\"inLanguage\":\"et\"},{\"@type\":\"Organization\",\"@id\":\"https:\/\/www.specagra.ee\/#organization\",\"name\":\"UAB Specagra\",\"url\":\"https:\/\/www.specagra.ee\/\",\"logo\":{\"@type\":\"ImageObject\",\"inLanguage\":\"et\",\"@id\":\"https:\/\/www.specagra.ee\/#\/schema\/logo\/image\/\",\"url\":\"http:\/\/www.specagra.ee\/wp-content\/uploads\/2022\/02\/SP-logo_naujas-scaled.jpg\",\"contentUrl\":\"http:\/\/www.specagra.ee\/wp-content\/uploads\/2022\/02\/SP-logo_naujas-scaled.jpg\",\"width\":2560,\"height\":326,\"caption\":\"UAB Specagra\"},\"image\":{\"@id\":\"https:\/\/www.specagra.ee\/#\/schema\/logo\/image\/\"}}]}<\/script>\n<!-- \/ Yoast SEO plugin. -->","yoast_head_json":{"title":"Koncentratas AVITA IOD - Specagra","robots":{"index":"index","follow":"follow","max-snippet":"max-snippet:-1","max-image-preview":"max-image-preview:large","max-video-preview":"max-video-preview:-1"},"canonical":"https:\/\/www.specagra.ee\/?product=koncentratas-avita-lod","og_locale":"et_EE","og_type":"article","og_title":"Koncentratas AVITA IOD - Specagra","og_description":"Bendrosios savyb\u0117s: Koncentratas, jodo pagrindu, antibakterinis speni\u0173 prie\u017ei\u016bros bei dezinfekcijos\u00a0mirkiklis po mel\u017eimo. AvitaIod yra koncentras, kur\u012f sudaro aktyvus jodas (6\u00a0500 ppm) bei dr\u0117kinan\u010dios, maitinan\u010dios med\u017eiagos. Eleminuoja bakterij\u0173 sukeliamas infekcijas, apsaugo nuo nauj\u0173 infekcij\u0173 atsiradimo ir dehidratacijos bei maitina od\u0105. Atskiesti demineralizuotu vandeniu santykiu 1:4. 1 kg \/ 5 kg \/ 10 kg \/ 20 kg.","og_url":"https:\/\/www.specagra.ee\/?product=koncentratas-avita-lod","og_site_name":"Specagra","article_modified_time":"2020-07-29T05:24:14+00:00","og_image":[{"width":800,"height":800,"url":"https:\/\/www.specagra.ee\/wp-content\/uploads\/2020\/07\/avitaiod-10-kg-1.jpg","type":"image\/jpeg"}],"twitter_card":"summary_large_image","schema":{"@context":"https:\/\/schema.org","@graph":[{"@type":"WebPage","@id":"https:\/\/www.specagra.ee\/?product=koncentratas-avita-lod","url":"https:\/\/www.specagra.ee\/?product=koncentratas-avita-lod","name":"Koncentratas AVITA IOD - Specagra","isPartOf":{"@id":"https:\/\/www.specagra.ee\/#website"},"primaryImageOfPage":{"@id":"https:\/\/www.specagra.ee\/?product=koncentratas-avita-lod#primaryimage"},"image":{"@id":"https:\/\/www.specagra.ee\/?product=koncentratas-avita-lod#primaryimage"},"thumbnailUrl":"https:\/\/specagra.ee\/wp-content\/uploads\/2020\/07\/avitaiod-10-kg-1.jpg","datePublished":"2020-07-20T06:02:37+00:00","dateModified":"2020-07-29T05:24:14+00:00","breadcrumb":{"@id":"https:\/\/www.specagra.ee\/?product=koncentratas-avita-lod#breadcrumb"},"inLanguage":"et","potentialAction":[{"@type":"ReadAction","target":["https:\/\/www.specagra.ee\/?product=koncentratas-avita-lod"]}]},{"@type":"ImageObject","inLanguage":"et","@id":"https:\/\/www.specagra.ee\/?product=koncentratas-avita-lod#primaryimage","url":"https:\/\/specagra.ee\/wp-content\/uploads\/2020\/07\/avitaiod-10-kg-1.jpg","contentUrl":"https:\/\/specagra.ee\/wp-content\/uploads\/2020\/07\/avitaiod-10-kg-1.jpg","width":800,"height":800},{"@type":"BreadcrumbList","@id":"https:\/\/www.specagra.ee\/?product=koncentratas-avita-lod#breadcrumb","itemListElement":[{"@type":"ListItem","position":1,"name":"Home","item":"https:\/\/www.specagra.ee\/"},{"@type":"ListItem","position":2,"name":"P\u00f5llumajandustehnika ja loomakasvatus","item":"https:\/\/specagra.ee\/?page_id=18493"},{"@type":"ListItem","position":3,"name":"Koncentratas AVITA IOD"}]},{"@type":"WebSite","@id":"https:\/\/www.specagra.ee\/#website","url":"https:\/\/www.specagra.ee\/","name":"Specagra","description":"P\u00f5llumajandustehnika ja varuosad","publisher":{"@id":"https:\/\/www.specagra.ee\/#organization"},"potentialAction":[{"@type":"SearchAction","target":{"@type":"EntryPoint","urlTemplate":"https:\/\/www.specagra.ee\/?s={search_term_string}"},"query-input":{"@type":"PropertyValueSpecification","valueRequired":true,"valueName":"search_term_string"}}],"inLanguage":"et"},{"@type":"Organization","@id":"https:\/\/www.specagra.ee\/#organization","name":"UAB Specagra","url":"https:\/\/www.specagra.ee\/","logo":{"@type":"ImageObject","inLanguage":"et","@id":"https:\/\/www.specagra.ee\/#\/schema\/logo\/image\/","url":"http:\/\/www.specagra.ee\/wp-content\/uploads\/2022\/02\/SP-logo_naujas-scaled.jpg","contentUrl":"http:\/\/www.specagra.ee\/wp-content\/uploads\/2022\/02\/SP-logo_naujas-scaled.jpg","width":2560,"height":326,"caption":"UAB Specagra"},"image":{"@id":"https:\/\/www.specagra.ee\/#\/schema\/logo\/image\/"}}]}},"_links":{"self":[{"href":"https:\/\/www.specagra.ee\/index.php?rest_route=\/wp\/v2\/product\/4927","targetHints":{"allow":["GET"]}}],"collection":[{"href":"https:\/\/www.specagra.ee\/index.php?rest_route=\/wp\/v2\/product"}],"about":[{"href":"https:\/\/www.specagra.ee\/index.php?rest_route=\/wp\/v2\/types\/product"}],"wp:featuredmedia":[{"embeddable":true,"href":"https:\/\/www.specagra.ee\/index.php?rest_route=\/wp\/v2\/media\/5557"}],"wp:attachment":[{"href":"https:\/\/www.specagra.ee\/index.php?rest_route=%2Fwp%2Fv2%2Fmedia&parent=4927"}],"wp:term":[{"taxonomy":"product_brand","embeddable":true,"href":"https:\/\/www.specagra.ee\/index.php?rest_route=%2Fwp%2Fv2%2Fproduct_brand&post=4927"},{"taxonomy":"product_cat","embeddable":true,"href":"https:\/\/www.specagra.ee\/index.php?rest_route=%2Fwp%2Fv2%2Fproduct_cat&post=4927"},{"taxonomy":"product_tag","embeddable":true,"href":"https:\/\/www.specagra.ee\/index.php?rest_route=%2Fwp%2Fv2%2Fproduct_tag&post=4927"}],"curies":[{"name":"wp","href":"https:\/\/api.w.org\/{rel}","templated":true}]}}