{"id":4924,"date":"2020-07-20T04:00:57","date_gmt":"2020-07-20T06:00:57","guid":{"rendered":"https:\/\/www.specagra.ee.nemokamossvetaines.hostingas.lt\/?post_type=product&#038;p=4924"},"modified":"2020-07-29T03:22:54","modified_gmt":"2020-07-29T05:22:54","slug":"mirkiklis-avita-lod","status":"publish","type":"product","link":"https:\/\/www.specagra.ee\/?product=mirkiklis-avita-lod","title":{"rendered":"Mirkiklis AVITA IOD"},"content":{"rendered":"<p>Bendrosios savyb\u0117s:<\/p>\n<ul>\n<li>Tir\u0161tas, jodo pagrindu sukurtas mirkiklis.<\/li>\n<li>AvitaIod yra jodo: 2 500 ppm ir dr\u0117kinan\u010di\u0173 bei maitinan\u010di\u0173 med\u017eiag\u0173 junginys.<\/li>\n<li>AvitaIod pasi\u017eymi klampumu, d\u0117l ko ilgai i\u0161lieka ant speni\u0173, taip suformuodamas matom\u0105 apsaugin\u0119 pl\u0117vel\u0119, saugan\u010di\u0105 nuo infekcij\u0173 bei dehidratacijos, d\u0117l ko oda tampa elastingesn\u0117 ir grei\u010diau atsistato.<\/li>\n<li>Produktas yra paruo\u0161tas naudojimui.<\/li>\n<\/ul>\n<p>1 kg \/ 5 kg \/ 10 kg \/ 20 kg.<\/p>\n","protected":false},"excerpt":{"rendered":"<p>Bendrosios savyb\u0117s: Tir\u0161tas, jodo pagrindu sukurtas mirkiklis. AvitaIod yra jodo: 2 500 ppm ir dr\u0117kinan\u010di\u0173 bei maitinan\u010di\u0173 med\u017eiag\u0173 junginys. AvitaIod pasi\u017eymi klampumu, d\u0117l ko ilgai i\u0161lieka ant speni\u0173, taip suformuodamas matom\u0105 apsaugin\u0119 pl\u0117vel\u0119, saugan\u010di\u0105 nuo infekcij\u0173 bei dehidratacijos, d\u0117l ko oda tampa elastingesn\u0117 ir grei\u010diau atsistato. Produktas yra paruo\u0161tas naudojimui. 1 kg \/ 5 kg [&hellip;]<\/p>\n","protected":false},"featured_media":5558,"template":"","meta":{"_et_pb_use_builder":"","_et_pb_old_content":"","_et_gb_content_width":""},"product_brand":[],"product_cat":[166],"product_tag":[],"class_list":{"0":"post-4924","1":"product","2":"type-product","3":"status-publish","4":"has-post-thumbnail","6":"product_cat-udara-hooldus-enne-ja-parast-lupsmist","8":"first","9":"instock","10":"shipping-taxable","11":"product-type-simple"},"yoast_head":"<!-- This site is optimized with the Yoast SEO plugin v26.4 - https:\/\/yoast.com\/wordpress\/plugins\/seo\/ -->\n<title>Mirkiklis AVITA IOD - Specagra<\/title>\n<meta name=\"robots\" content=\"index, follow, max-snippet:-1, max-image-preview:large, max-video-preview:-1\" \/>\n<link rel=\"canonical\" href=\"https:\/\/www.specagra.ee\/?product=mirkiklis-avita-lod\" \/>\n<meta property=\"og:locale\" content=\"et_EE\" \/>\n<meta property=\"og:type\" content=\"article\" \/>\n<meta property=\"og:title\" content=\"Mirkiklis AVITA IOD - Specagra\" \/>\n<meta property=\"og:description\" content=\"Bendrosios savyb\u0117s: Tir\u0161tas, jodo pagrindu sukurtas mirkiklis. AvitaIod yra jodo: 2 500 ppm ir dr\u0117kinan\u010di\u0173 bei maitinan\u010di\u0173 med\u017eiag\u0173 junginys. AvitaIod pasi\u017eymi klampumu, d\u0117l ko ilgai i\u0161lieka ant speni\u0173, taip suformuodamas matom\u0105 apsaugin\u0119 pl\u0117vel\u0119, saugan\u010di\u0105 nuo infekcij\u0173 bei dehidratacijos, d\u0117l ko oda tampa elastingesn\u0117 ir grei\u010diau atsistato. Produktas yra paruo\u0161tas naudojimui. 1 kg \/ 5 kg [&hellip;]\" \/>\n<meta property=\"og:url\" content=\"https:\/\/www.specagra.ee\/?product=mirkiklis-avita-lod\" \/>\n<meta property=\"og:site_name\" content=\"Specagra\" \/>\n<meta property=\"article:modified_time\" content=\"2020-07-29T05:22:54+00:00\" \/>\n<meta property=\"og:image\" content=\"https:\/\/www.specagra.ee\/wp-content\/uploads\/2020\/07\/avitaiod-10-kg-2.jpg\" \/>\n\t<meta property=\"og:image:width\" content=\"800\" \/>\n\t<meta property=\"og:image:height\" content=\"800\" \/>\n\t<meta property=\"og:image:type\" content=\"image\/jpeg\" \/>\n<meta name=\"twitter:card\" content=\"summary_large_image\" \/>\n<script type=\"application\/ld+json\" class=\"yoast-schema-graph\">{\"@context\":\"https:\/\/schema.org\",\"@graph\":[{\"@type\":\"WebPage\",\"@id\":\"https:\/\/www.specagra.ee\/?product=mirkiklis-avita-lod\",\"url\":\"https:\/\/www.specagra.ee\/?product=mirkiklis-avita-lod\",\"name\":\"Mirkiklis AVITA IOD - Specagra\",\"isPartOf\":{\"@id\":\"https:\/\/www.specagra.ee\/#website\"},\"primaryImageOfPage\":{\"@id\":\"https:\/\/www.specagra.ee\/?product=mirkiklis-avita-lod#primaryimage\"},\"image\":{\"@id\":\"https:\/\/www.specagra.ee\/?product=mirkiklis-avita-lod#primaryimage\"},\"thumbnailUrl\":\"https:\/\/www.specagra.ee\/wp-content\/uploads\/2020\/07\/avitaiod-10-kg-2.jpg\",\"datePublished\":\"2020-07-20T06:00:57+00:00\",\"dateModified\":\"2020-07-29T05:22:54+00:00\",\"breadcrumb\":{\"@id\":\"https:\/\/www.specagra.ee\/?product=mirkiklis-avita-lod#breadcrumb\"},\"inLanguage\":\"et\",\"potentialAction\":[{\"@type\":\"ReadAction\",\"target\":[\"https:\/\/www.specagra.ee\/?product=mirkiklis-avita-lod\"]}]},{\"@type\":\"ImageObject\",\"inLanguage\":\"et\",\"@id\":\"https:\/\/www.specagra.ee\/?product=mirkiklis-avita-lod#primaryimage\",\"url\":\"https:\/\/www.specagra.ee\/wp-content\/uploads\/2020\/07\/avitaiod-10-kg-2.jpg\",\"contentUrl\":\"https:\/\/www.specagra.ee\/wp-content\/uploads\/2020\/07\/avitaiod-10-kg-2.jpg\",\"width\":800,\"height\":800},{\"@type\":\"BreadcrumbList\",\"@id\":\"https:\/\/www.specagra.ee\/?product=mirkiklis-avita-lod#breadcrumb\",\"itemListElement\":[{\"@type\":\"ListItem\",\"position\":1,\"name\":\"Home\",\"item\":\"https:\/\/www.specagra.ee\/\"},{\"@type\":\"ListItem\",\"position\":2,\"name\":\"P\u00f5llumajandustehnika ja loomakasvatus\",\"item\":\"https:\/\/specagra.ee\/?page_id=18493\"},{\"@type\":\"ListItem\",\"position\":3,\"name\":\"Mirkiklis AVITA IOD\"}]},{\"@type\":\"WebSite\",\"@id\":\"https:\/\/www.specagra.ee\/#website\",\"url\":\"https:\/\/www.specagra.ee\/\",\"name\":\"Specagra\",\"description\":\"P\u00f5llumajandustehnika ja varuosad\",\"publisher\":{\"@id\":\"https:\/\/www.specagra.ee\/#organization\"},\"potentialAction\":[{\"@type\":\"SearchAction\",\"target\":{\"@type\":\"EntryPoint\",\"urlTemplate\":\"https:\/\/www.specagra.ee\/?s={search_term_string}\"},\"query-input\":{\"@type\":\"PropertyValueSpecification\",\"valueRequired\":true,\"valueName\":\"search_term_string\"}}],\"inLanguage\":\"et\"},{\"@type\":\"Organization\",\"@id\":\"https:\/\/www.specagra.ee\/#organization\",\"name\":\"UAB Specagra\",\"url\":\"https:\/\/www.specagra.ee\/\",\"logo\":{\"@type\":\"ImageObject\",\"inLanguage\":\"et\",\"@id\":\"https:\/\/www.specagra.ee\/#\/schema\/logo\/image\/\",\"url\":\"http:\/\/www.specagra.ee\/wp-content\/uploads\/2022\/02\/SP-logo_naujas-scaled.jpg\",\"contentUrl\":\"http:\/\/www.specagra.ee\/wp-content\/uploads\/2022\/02\/SP-logo_naujas-scaled.jpg\",\"width\":2560,\"height\":326,\"caption\":\"UAB Specagra\"},\"image\":{\"@id\":\"https:\/\/www.specagra.ee\/#\/schema\/logo\/image\/\"}}]}<\/script>\n<!-- \/ Yoast SEO plugin. -->","yoast_head_json":{"title":"Mirkiklis AVITA IOD - Specagra","robots":{"index":"index","follow":"follow","max-snippet":"max-snippet:-1","max-image-preview":"max-image-preview:large","max-video-preview":"max-video-preview:-1"},"canonical":"https:\/\/www.specagra.ee\/?product=mirkiklis-avita-lod","og_locale":"et_EE","og_type":"article","og_title":"Mirkiklis AVITA IOD - Specagra","og_description":"Bendrosios savyb\u0117s: Tir\u0161tas, jodo pagrindu sukurtas mirkiklis. AvitaIod yra jodo: 2 500 ppm ir dr\u0117kinan\u010di\u0173 bei maitinan\u010di\u0173 med\u017eiag\u0173 junginys. AvitaIod pasi\u017eymi klampumu, d\u0117l ko ilgai i\u0161lieka ant speni\u0173, taip suformuodamas matom\u0105 apsaugin\u0119 pl\u0117vel\u0119, saugan\u010di\u0105 nuo infekcij\u0173 bei dehidratacijos, d\u0117l ko oda tampa elastingesn\u0117 ir grei\u010diau atsistato. Produktas yra paruo\u0161tas naudojimui. 1 kg \/ 5 kg [&hellip;]","og_url":"https:\/\/www.specagra.ee\/?product=mirkiklis-avita-lod","og_site_name":"Specagra","article_modified_time":"2020-07-29T05:22:54+00:00","og_image":[{"width":800,"height":800,"url":"https:\/\/www.specagra.ee\/wp-content\/uploads\/2020\/07\/avitaiod-10-kg-2.jpg","type":"image\/jpeg"}],"twitter_card":"summary_large_image","schema":{"@context":"https:\/\/schema.org","@graph":[{"@type":"WebPage","@id":"https:\/\/www.specagra.ee\/?product=mirkiklis-avita-lod","url":"https:\/\/www.specagra.ee\/?product=mirkiklis-avita-lod","name":"Mirkiklis AVITA IOD - Specagra","isPartOf":{"@id":"https:\/\/www.specagra.ee\/#website"},"primaryImageOfPage":{"@id":"https:\/\/www.specagra.ee\/?product=mirkiklis-avita-lod#primaryimage"},"image":{"@id":"https:\/\/www.specagra.ee\/?product=mirkiklis-avita-lod#primaryimage"},"thumbnailUrl":"https:\/\/www.specagra.ee\/wp-content\/uploads\/2020\/07\/avitaiod-10-kg-2.jpg","datePublished":"2020-07-20T06:00:57+00:00","dateModified":"2020-07-29T05:22:54+00:00","breadcrumb":{"@id":"https:\/\/www.specagra.ee\/?product=mirkiklis-avita-lod#breadcrumb"},"inLanguage":"et","potentialAction":[{"@type":"ReadAction","target":["https:\/\/www.specagra.ee\/?product=mirkiklis-avita-lod"]}]},{"@type":"ImageObject","inLanguage":"et","@id":"https:\/\/www.specagra.ee\/?product=mirkiklis-avita-lod#primaryimage","url":"https:\/\/www.specagra.ee\/wp-content\/uploads\/2020\/07\/avitaiod-10-kg-2.jpg","contentUrl":"https:\/\/www.specagra.ee\/wp-content\/uploads\/2020\/07\/avitaiod-10-kg-2.jpg","width":800,"height":800},{"@type":"BreadcrumbList","@id":"https:\/\/www.specagra.ee\/?product=mirkiklis-avita-lod#breadcrumb","itemListElement":[{"@type":"ListItem","position":1,"name":"Home","item":"https:\/\/www.specagra.ee\/"},{"@type":"ListItem","position":2,"name":"P\u00f5llumajandustehnika ja loomakasvatus","item":"https:\/\/specagra.ee\/?page_id=18493"},{"@type":"ListItem","position":3,"name":"Mirkiklis AVITA IOD"}]},{"@type":"WebSite","@id":"https:\/\/www.specagra.ee\/#website","url":"https:\/\/www.specagra.ee\/","name":"Specagra","description":"P\u00f5llumajandustehnika ja varuosad","publisher":{"@id":"https:\/\/www.specagra.ee\/#organization"},"potentialAction":[{"@type":"SearchAction","target":{"@type":"EntryPoint","urlTemplate":"https:\/\/www.specagra.ee\/?s={search_term_string}"},"query-input":{"@type":"PropertyValueSpecification","valueRequired":true,"valueName":"search_term_string"}}],"inLanguage":"et"},{"@type":"Organization","@id":"https:\/\/www.specagra.ee\/#organization","name":"UAB Specagra","url":"https:\/\/www.specagra.ee\/","logo":{"@type":"ImageObject","inLanguage":"et","@id":"https:\/\/www.specagra.ee\/#\/schema\/logo\/image\/","url":"http:\/\/www.specagra.ee\/wp-content\/uploads\/2022\/02\/SP-logo_naujas-scaled.jpg","contentUrl":"http:\/\/www.specagra.ee\/wp-content\/uploads\/2022\/02\/SP-logo_naujas-scaled.jpg","width":2560,"height":326,"caption":"UAB Specagra"},"image":{"@id":"https:\/\/www.specagra.ee\/#\/schema\/logo\/image\/"}}]}},"_links":{"self":[{"href":"https:\/\/www.specagra.ee\/index.php?rest_route=\/wp\/v2\/product\/4924","targetHints":{"allow":["GET"]}}],"collection":[{"href":"https:\/\/www.specagra.ee\/index.php?rest_route=\/wp\/v2\/product"}],"about":[{"href":"https:\/\/www.specagra.ee\/index.php?rest_route=\/wp\/v2\/types\/product"}],"wp:featuredmedia":[{"embeddable":true,"href":"https:\/\/www.specagra.ee\/index.php?rest_route=\/wp\/v2\/media\/5558"}],"wp:attachment":[{"href":"https:\/\/www.specagra.ee\/index.php?rest_route=%2Fwp%2Fv2%2Fmedia&parent=4924"}],"wp:term":[{"taxonomy":"product_brand","embeddable":true,"href":"https:\/\/www.specagra.ee\/index.php?rest_route=%2Fwp%2Fv2%2Fproduct_brand&post=4924"},{"taxonomy":"product_cat","embeddable":true,"href":"https:\/\/www.specagra.ee\/index.php?rest_route=%2Fwp%2Fv2%2Fproduct_cat&post=4924"},{"taxonomy":"product_tag","embeddable":true,"href":"https:\/\/www.specagra.ee\/index.php?rest_route=%2Fwp%2Fv2%2Fproduct_tag&post=4924"}],"curies":[{"name":"wp","href":"https:\/\/api.w.org\/{rel}","templated":true}]}}