{"id":4909,"date":"2020-07-20T03:47:49","date_gmt":"2020-07-20T05:47:49","guid":{"rendered":"https:\/\/www.specagra.ee.nemokamossvetaines.hostingas.lt\/?post_type=product&#038;p=4909"},"modified":"2020-08-26T09:28:16","modified_gmt":"2020-08-26T11:28:16","slug":"dezinfekantas-avita-dip","status":"publish","type":"product","link":"https:\/\/www.specagra.ee\/?product=dezinfekantas-avita-dip","title":{"rendered":"Mirkiklis AVITA DIP"},"content":{"rendered":"<p>Bendrosios savyb\u0117s:<\/p>\n<ul>\n<li>Tir\u0161tas, antibakterin\u0117mis savyb\u0117mis pasi\u017eymintis dezinfektantas, skirtas\u00a0<em>te\u0161mens prie\u017ei\u016brai po mel\u017eimo<\/em>, kurio pagrind\u0105 sudaro chlorheksidinas.<\/li>\n<li>D\u0117l puikiai subalansuotos produkto formul\u0117s, AVITADIP i\u0161silaiko ant speni\u0173 odos ilg\u0105 laik\u0105, suformuodamas apsaugin\u012f sluoksn\u012f, kurio d\u0117ka eliminuojamos bakterijos, sukelian\u010dios infekcijas, bei apsaugant\u012f nuo nauj\u0173 bakterij\u0173 atsiradimo, taip pat turin\u010dio mink\u0161tinant\u012f poveik\u012f atsinaujinan\u010diai te\u0161mens odai.<\/li>\n<li>Produktas yra paruo\u0161tas naudojimui.<\/li>\n<\/ul>\n<p>1 kg \/ 5 kg \/ 10 kg \/ 20 kg.<\/p>\n","protected":false},"excerpt":{"rendered":"<p>Bendrosios savyb\u0117s: Tir\u0161tas, antibakterin\u0117mis savyb\u0117mis pasi\u017eymintis dezinfektantas, skirtas\u00a0te\u0161mens prie\u017ei\u016brai po mel\u017eimo, kurio pagrind\u0105 sudaro chlorheksidinas. D\u0117l puikiai subalansuotos produkto formul\u0117s, AVITADIP i\u0161silaiko ant speni\u0173 odos ilg\u0105 laik\u0105, suformuodamas apsaugin\u012f sluoksn\u012f, kurio d\u0117ka eliminuojamos bakterijos, sukelian\u010dios infekcijas, bei apsaugant\u012f nuo nauj\u0173 bakterij\u0173 atsiradimo, taip pat turin\u010dio mink\u0161tinant\u012f poveik\u012f atsinaujinan\u010diai te\u0161mens odai. Produktas yra paruo\u0161tas naudojimui. 1 [&hellip;]<\/p>\n","protected":false},"featured_media":5566,"template":"","meta":{"_et_pb_use_builder":"","_et_pb_old_content":"","_et_gb_content_width":""},"product_brand":[],"product_cat":[166],"product_tag":[],"class_list":{"0":"post-4909","1":"product","2":"type-product","3":"status-publish","4":"has-post-thumbnail","6":"product_cat-udara-hooldus-enne-ja-parast-lupsmist","8":"first","9":"instock","10":"shipping-taxable","11":"product-type-simple"},"yoast_head":"<!-- This site is optimized with the Yoast SEO plugin v26.4 - https:\/\/yoast.com\/wordpress\/plugins\/seo\/ -->\n<title>Mirkiklis AVITA DIP - Specagra<\/title>\n<meta name=\"robots\" content=\"index, follow, max-snippet:-1, max-image-preview:large, max-video-preview:-1\" \/>\n<link rel=\"canonical\" href=\"https:\/\/www.specagra.ee\/?product=dezinfekantas-avita-dip\" \/>\n<meta property=\"og:locale\" content=\"et_EE\" \/>\n<meta property=\"og:type\" content=\"article\" \/>\n<meta property=\"og:title\" content=\"Mirkiklis AVITA DIP - Specagra\" \/>\n<meta property=\"og:description\" content=\"Bendrosios savyb\u0117s: Tir\u0161tas, antibakterin\u0117mis savyb\u0117mis pasi\u017eymintis dezinfektantas, skirtas\u00a0te\u0161mens prie\u017ei\u016brai po mel\u017eimo, kurio pagrind\u0105 sudaro chlorheksidinas. D\u0117l puikiai subalansuotos produkto formul\u0117s, AVITADIP i\u0161silaiko ant speni\u0173 odos ilg\u0105 laik\u0105, suformuodamas apsaugin\u012f sluoksn\u012f, kurio d\u0117ka eliminuojamos bakterijos, sukelian\u010dios infekcijas, bei apsaugant\u012f nuo nauj\u0173 bakterij\u0173 atsiradimo, taip pat turin\u010dio mink\u0161tinant\u012f poveik\u012f atsinaujinan\u010diai te\u0161mens odai. Produktas yra paruo\u0161tas naudojimui. 1 [&hellip;]\" \/>\n<meta property=\"og:url\" content=\"https:\/\/www.specagra.ee\/?product=dezinfekantas-avita-dip\" \/>\n<meta property=\"og:site_name\" content=\"Specagra\" \/>\n<meta property=\"article:modified_time\" content=\"2020-08-26T11:28:16+00:00\" \/>\n<meta property=\"og:image\" content=\"https:\/\/www.specagra.ee\/wp-content\/uploads\/2020\/07\/avitadip-plyn-do-dippingu-20-kg.jpg\" \/>\n\t<meta property=\"og:image:width\" content=\"800\" \/>\n\t<meta property=\"og:image:height\" content=\"800\" \/>\n\t<meta property=\"og:image:type\" content=\"image\/jpeg\" \/>\n<meta name=\"twitter:card\" content=\"summary_large_image\" \/>\n<script type=\"application\/ld+json\" class=\"yoast-schema-graph\">{\"@context\":\"https:\/\/schema.org\",\"@graph\":[{\"@type\":\"WebPage\",\"@id\":\"https:\/\/www.specagra.ee\/?product=dezinfekantas-avita-dip\",\"url\":\"https:\/\/www.specagra.ee\/?product=dezinfekantas-avita-dip\",\"name\":\"Mirkiklis AVITA DIP - Specagra\",\"isPartOf\":{\"@id\":\"https:\/\/www.specagra.ee\/#website\"},\"primaryImageOfPage\":{\"@id\":\"https:\/\/www.specagra.ee\/?product=dezinfekantas-avita-dip#primaryimage\"},\"image\":{\"@id\":\"https:\/\/www.specagra.ee\/?product=dezinfekantas-avita-dip#primaryimage\"},\"thumbnailUrl\":\"https:\/\/www.specagra.ee\/wp-content\/uploads\/2020\/07\/avitadip-plyn-do-dippingu-20-kg.jpg\",\"datePublished\":\"2020-07-20T05:47:49+00:00\",\"dateModified\":\"2020-08-26T11:28:16+00:00\",\"breadcrumb\":{\"@id\":\"https:\/\/www.specagra.ee\/?product=dezinfekantas-avita-dip#breadcrumb\"},\"inLanguage\":\"et\",\"potentialAction\":[{\"@type\":\"ReadAction\",\"target\":[\"https:\/\/www.specagra.ee\/?product=dezinfekantas-avita-dip\"]}]},{\"@type\":\"ImageObject\",\"inLanguage\":\"et\",\"@id\":\"https:\/\/www.specagra.ee\/?product=dezinfekantas-avita-dip#primaryimage\",\"url\":\"https:\/\/www.specagra.ee\/wp-content\/uploads\/2020\/07\/avitadip-plyn-do-dippingu-20-kg.jpg\",\"contentUrl\":\"https:\/\/www.specagra.ee\/wp-content\/uploads\/2020\/07\/avitadip-plyn-do-dippingu-20-kg.jpg\",\"width\":800,\"height\":800},{\"@type\":\"BreadcrumbList\",\"@id\":\"https:\/\/www.specagra.ee\/?product=dezinfekantas-avita-dip#breadcrumb\",\"itemListElement\":[{\"@type\":\"ListItem\",\"position\":1,\"name\":\"Home\",\"item\":\"https:\/\/www.specagra.ee\/\"},{\"@type\":\"ListItem\",\"position\":2,\"name\":\"P\u00f5llumajandustehnika ja loomakasvatus\",\"item\":\"https:\/\/specagra.ee\/?page_id=18493\"},{\"@type\":\"ListItem\",\"position\":3,\"name\":\"Mirkiklis AVITA DIP\"}]},{\"@type\":\"WebSite\",\"@id\":\"https:\/\/www.specagra.ee\/#website\",\"url\":\"https:\/\/www.specagra.ee\/\",\"name\":\"Specagra\",\"description\":\"P\u00f5llumajandustehnika ja varuosad\",\"publisher\":{\"@id\":\"https:\/\/www.specagra.ee\/#organization\"},\"potentialAction\":[{\"@type\":\"SearchAction\",\"target\":{\"@type\":\"EntryPoint\",\"urlTemplate\":\"https:\/\/www.specagra.ee\/?s={search_term_string}\"},\"query-input\":{\"@type\":\"PropertyValueSpecification\",\"valueRequired\":true,\"valueName\":\"search_term_string\"}}],\"inLanguage\":\"et\"},{\"@type\":\"Organization\",\"@id\":\"https:\/\/www.specagra.ee\/#organization\",\"name\":\"UAB Specagra\",\"url\":\"https:\/\/www.specagra.ee\/\",\"logo\":{\"@type\":\"ImageObject\",\"inLanguage\":\"et\",\"@id\":\"https:\/\/www.specagra.ee\/#\/schema\/logo\/image\/\",\"url\":\"http:\/\/www.specagra.ee\/wp-content\/uploads\/2022\/02\/SP-logo_naujas-scaled.jpg\",\"contentUrl\":\"http:\/\/www.specagra.ee\/wp-content\/uploads\/2022\/02\/SP-logo_naujas-scaled.jpg\",\"width\":2560,\"height\":326,\"caption\":\"UAB Specagra\"},\"image\":{\"@id\":\"https:\/\/www.specagra.ee\/#\/schema\/logo\/image\/\"}}]}<\/script>\n<!-- \/ Yoast SEO plugin. -->","yoast_head_json":{"title":"Mirkiklis AVITA DIP - Specagra","robots":{"index":"index","follow":"follow","max-snippet":"max-snippet:-1","max-image-preview":"max-image-preview:large","max-video-preview":"max-video-preview:-1"},"canonical":"https:\/\/www.specagra.ee\/?product=dezinfekantas-avita-dip","og_locale":"et_EE","og_type":"article","og_title":"Mirkiklis AVITA DIP - Specagra","og_description":"Bendrosios savyb\u0117s: Tir\u0161tas, antibakterin\u0117mis savyb\u0117mis pasi\u017eymintis dezinfektantas, skirtas\u00a0te\u0161mens prie\u017ei\u016brai po mel\u017eimo, kurio pagrind\u0105 sudaro chlorheksidinas. D\u0117l puikiai subalansuotos produkto formul\u0117s, AVITADIP i\u0161silaiko ant speni\u0173 odos ilg\u0105 laik\u0105, suformuodamas apsaugin\u012f sluoksn\u012f, kurio d\u0117ka eliminuojamos bakterijos, sukelian\u010dios infekcijas, bei apsaugant\u012f nuo nauj\u0173 bakterij\u0173 atsiradimo, taip pat turin\u010dio mink\u0161tinant\u012f poveik\u012f atsinaujinan\u010diai te\u0161mens odai. Produktas yra paruo\u0161tas naudojimui. 1 [&hellip;]","og_url":"https:\/\/www.specagra.ee\/?product=dezinfekantas-avita-dip","og_site_name":"Specagra","article_modified_time":"2020-08-26T11:28:16+00:00","og_image":[{"width":800,"height":800,"url":"https:\/\/www.specagra.ee\/wp-content\/uploads\/2020\/07\/avitadip-plyn-do-dippingu-20-kg.jpg","type":"image\/jpeg"}],"twitter_card":"summary_large_image","schema":{"@context":"https:\/\/schema.org","@graph":[{"@type":"WebPage","@id":"https:\/\/www.specagra.ee\/?product=dezinfekantas-avita-dip","url":"https:\/\/www.specagra.ee\/?product=dezinfekantas-avita-dip","name":"Mirkiklis AVITA DIP - Specagra","isPartOf":{"@id":"https:\/\/www.specagra.ee\/#website"},"primaryImageOfPage":{"@id":"https:\/\/www.specagra.ee\/?product=dezinfekantas-avita-dip#primaryimage"},"image":{"@id":"https:\/\/www.specagra.ee\/?product=dezinfekantas-avita-dip#primaryimage"},"thumbnailUrl":"https:\/\/www.specagra.ee\/wp-content\/uploads\/2020\/07\/avitadip-plyn-do-dippingu-20-kg.jpg","datePublished":"2020-07-20T05:47:49+00:00","dateModified":"2020-08-26T11:28:16+00:00","breadcrumb":{"@id":"https:\/\/www.specagra.ee\/?product=dezinfekantas-avita-dip#breadcrumb"},"inLanguage":"et","potentialAction":[{"@type":"ReadAction","target":["https:\/\/www.specagra.ee\/?product=dezinfekantas-avita-dip"]}]},{"@type":"ImageObject","inLanguage":"et","@id":"https:\/\/www.specagra.ee\/?product=dezinfekantas-avita-dip#primaryimage","url":"https:\/\/www.specagra.ee\/wp-content\/uploads\/2020\/07\/avitadip-plyn-do-dippingu-20-kg.jpg","contentUrl":"https:\/\/www.specagra.ee\/wp-content\/uploads\/2020\/07\/avitadip-plyn-do-dippingu-20-kg.jpg","width":800,"height":800},{"@type":"BreadcrumbList","@id":"https:\/\/www.specagra.ee\/?product=dezinfekantas-avita-dip#breadcrumb","itemListElement":[{"@type":"ListItem","position":1,"name":"Home","item":"https:\/\/www.specagra.ee\/"},{"@type":"ListItem","position":2,"name":"P\u00f5llumajandustehnika ja loomakasvatus","item":"https:\/\/specagra.ee\/?page_id=18493"},{"@type":"ListItem","position":3,"name":"Mirkiklis AVITA DIP"}]},{"@type":"WebSite","@id":"https:\/\/www.specagra.ee\/#website","url":"https:\/\/www.specagra.ee\/","name":"Specagra","description":"P\u00f5llumajandustehnika ja varuosad","publisher":{"@id":"https:\/\/www.specagra.ee\/#organization"},"potentialAction":[{"@type":"SearchAction","target":{"@type":"EntryPoint","urlTemplate":"https:\/\/www.specagra.ee\/?s={search_term_string}"},"query-input":{"@type":"PropertyValueSpecification","valueRequired":true,"valueName":"search_term_string"}}],"inLanguage":"et"},{"@type":"Organization","@id":"https:\/\/www.specagra.ee\/#organization","name":"UAB Specagra","url":"https:\/\/www.specagra.ee\/","logo":{"@type":"ImageObject","inLanguage":"et","@id":"https:\/\/www.specagra.ee\/#\/schema\/logo\/image\/","url":"http:\/\/www.specagra.ee\/wp-content\/uploads\/2022\/02\/SP-logo_naujas-scaled.jpg","contentUrl":"http:\/\/www.specagra.ee\/wp-content\/uploads\/2022\/02\/SP-logo_naujas-scaled.jpg","width":2560,"height":326,"caption":"UAB Specagra"},"image":{"@id":"https:\/\/www.specagra.ee\/#\/schema\/logo\/image\/"}}]}},"_links":{"self":[{"href":"https:\/\/www.specagra.ee\/index.php?rest_route=\/wp\/v2\/product\/4909","targetHints":{"allow":["GET"]}}],"collection":[{"href":"https:\/\/www.specagra.ee\/index.php?rest_route=\/wp\/v2\/product"}],"about":[{"href":"https:\/\/www.specagra.ee\/index.php?rest_route=\/wp\/v2\/types\/product"}],"wp:featuredmedia":[{"embeddable":true,"href":"https:\/\/www.specagra.ee\/index.php?rest_route=\/wp\/v2\/media\/5566"}],"wp:attachment":[{"href":"https:\/\/www.specagra.ee\/index.php?rest_route=%2Fwp%2Fv2%2Fmedia&parent=4909"}],"wp:term":[{"taxonomy":"product_brand","embeddable":true,"href":"https:\/\/www.specagra.ee\/index.php?rest_route=%2Fwp%2Fv2%2Fproduct_brand&post=4909"},{"taxonomy":"product_cat","embeddable":true,"href":"https:\/\/www.specagra.ee\/index.php?rest_route=%2Fwp%2Fv2%2Fproduct_cat&post=4909"},{"taxonomy":"product_tag","embeddable":true,"href":"https:\/\/www.specagra.ee\/index.php?rest_route=%2Fwp%2Fv2%2Fproduct_tag&post=4909"}],"curies":[{"name":"wp","href":"https:\/\/api.w.org\/{rel}","templated":true}]}}