{"id":4503,"date":"2020-07-09T03:49:38","date_gmt":"2020-07-09T05:49:38","guid":{"rendered":"https:\/\/www.specagra.ee.nemokamossvetaines.hostingas.lt\/?post_type=product&#038;p=4503"},"modified":"2020-08-26T10:47:08","modified_gmt":"2020-08-26T12:47:08","slug":"viengubas-automatinis-karviu-sepetys","status":"publish","type":"product","link":"https:\/\/www.specagra.ee\/?product=viengubas-automatinis-karviu-sepetys","title":{"rendered":"Viengubas automatinis karvi\u0173 \u0161epetys"},"content":{"rendered":"<p>Bendrosios savyb\u0117s:<\/p>\n<ul>\n<li>Puikus pagalbininkas karvi\u0173 sveikatos prie\u017ei\u016brai bei komfortabilumui.<\/li>\n<li>Pa\u0161alina parazitus, dulkes, purv\u0105 ir kt. i\u0161 kailio ir leid\u017eia odai laisvai kv\u0117puoti.<\/li>\n<li>Masa\u017einis \u0161epetys pagerina kraujo cirkuliacij\u0105 bei nuramina gyvulius.<\/li>\n<li>Pagerina kailio kokyb\u0119.<\/li>\n<li>Primil\u017eis padid\u0117ja iki 10%.<\/li>\n<li>Karvi\u0173 kasimosi \u0161epe\u010dio pagalba yra suma\u017einamas nelaiming\u0173 atsitikim\u0173 bei susi\u017eeidim\u0173 skai\u010dius, kadangi gyvuliai pasikaso \u0161epe\u010dio, o ne vienas kito, pagalba.<\/li>\n<li>Gyvulys lengvai pajudina lanks\u010dios konstrukcijos \u0161epet\u012f.<\/li>\n<\/ul>\n<p>Techniniai duomenys:<\/p>\n<ul>\n<li>Tvirta konstrukcija, lengvai valoma auk\u0161to sl\u0117gio srove.<\/li>\n<li>\u0160epetys yra 440 mm diametro ir 730 mm auk\u0161\u010dio, kurio \u0161eriai pagaminti i\u0161 polipropileno-nailono (150 mm ilgio ir 0,27 mm diametro).<\/li>\n<li>Ma\u017eos energijos s\u0105naudos, 0,18 kW, 220 V.<\/li>\n<li>Lengvai valomas bei tinkantis 40-50 gyvuli\u0173 bandai.<\/li>\n<\/ul>\n","protected":false},"excerpt":{"rendered":"<p>Bendrosios savyb\u0117s: Puikus pagalbininkas karvi\u0173 sveikatos prie\u017ei\u016brai bei komfortabilumui. Pa\u0161alina parazitus, dulkes, purv\u0105 ir kt. i\u0161 kailio ir leid\u017eia odai laisvai kv\u0117puoti. Masa\u017einis \u0161epetys pagerina kraujo cirkuliacij\u0105 bei nuramina gyvulius. Pagerina kailio kokyb\u0119. Primil\u017eis padid\u0117ja iki 10%. Karvi\u0173 kasimosi \u0161epe\u010dio pagalba yra suma\u017einamas nelaiming\u0173 atsitikim\u0173 bei susi\u017eeidim\u0173 skai\u010dius, kadangi gyvuliai pasikaso \u0161epe\u010dio, o ne vienas [&hellip;]<\/p>\n","protected":false},"featured_media":4504,"template":"","meta":{"_et_pb_use_builder":"","_et_pb_old_content":"","_et_gb_content_width":""},"product_brand":[],"product_cat":[150],"product_tag":[],"class_list":{"0":"post-4503","1":"product","2":"type-product","3":"status-publish","4":"has-post-thumbnail","6":"product_cat-harjad-veistele","8":"first","9":"instock","10":"shipping-taxable","11":"product-type-simple"},"yoast_head":"<!-- This site is optimized with the Yoast SEO plugin v26.4 - https:\/\/yoast.com\/wordpress\/plugins\/seo\/ -->\n<title>Viengubas automatinis karvi\u0173 \u0161epetys - Specagra<\/title>\n<meta name=\"robots\" content=\"index, follow, max-snippet:-1, max-image-preview:large, max-video-preview:-1\" \/>\n<link rel=\"canonical\" href=\"https:\/\/www.specagra.ee\/?product=viengubas-automatinis-karviu-sepetys\" \/>\n<meta property=\"og:locale\" content=\"et_EE\" \/>\n<meta property=\"og:type\" content=\"article\" \/>\n<meta property=\"og:title\" content=\"Viengubas automatinis karvi\u0173 \u0161epetys - Specagra\" \/>\n<meta property=\"og:description\" content=\"Bendrosios savyb\u0117s: Puikus pagalbininkas karvi\u0173 sveikatos prie\u017ei\u016brai bei komfortabilumui. Pa\u0161alina parazitus, dulkes, purv\u0105 ir kt. i\u0161 kailio ir leid\u017eia odai laisvai kv\u0117puoti. Masa\u017einis \u0161epetys pagerina kraujo cirkuliacij\u0105 bei nuramina gyvulius. Pagerina kailio kokyb\u0119. Primil\u017eis padid\u0117ja iki 10%. Karvi\u0173 kasimosi \u0161epe\u010dio pagalba yra suma\u017einamas nelaiming\u0173 atsitikim\u0173 bei susi\u017eeidim\u0173 skai\u010dius, kadangi gyvuliai pasikaso \u0161epe\u010dio, o ne vienas [&hellip;]\" \/>\n<meta property=\"og:url\" content=\"https:\/\/www.specagra.ee\/?product=viengubas-automatinis-karviu-sepetys\" \/>\n<meta property=\"og:site_name\" content=\"Specagra\" \/>\n<meta property=\"article:modified_time\" content=\"2020-08-26T12:47:08+00:00\" \/>\n<meta property=\"og:image\" content=\"https:\/\/www.specagra.ee\/wp-content\/uploads\/2020\/07\/sepetys2-500x500-1.jpg\" \/>\n\t<meta property=\"og:image:width\" content=\"500\" \/>\n\t<meta property=\"og:image:height\" content=\"500\" \/>\n\t<meta property=\"og:image:type\" content=\"image\/jpeg\" \/>\n<meta name=\"twitter:card\" content=\"summary_large_image\" \/>\n<meta name=\"twitter:label1\" content=\"Est. reading time\" \/>\n\t<meta name=\"twitter:data1\" content=\"1 minut\" \/>\n<script type=\"application\/ld+json\" class=\"yoast-schema-graph\">{\"@context\":\"https:\/\/schema.org\",\"@graph\":[{\"@type\":\"WebPage\",\"@id\":\"https:\/\/www.specagra.ee\/?product=viengubas-automatinis-karviu-sepetys\",\"url\":\"https:\/\/www.specagra.ee\/?product=viengubas-automatinis-karviu-sepetys\",\"name\":\"Viengubas automatinis karvi\u0173 \u0161epetys - Specagra\",\"isPartOf\":{\"@id\":\"https:\/\/www.specagra.ee\/#website\"},\"primaryImageOfPage\":{\"@id\":\"https:\/\/www.specagra.ee\/?product=viengubas-automatinis-karviu-sepetys#primaryimage\"},\"image\":{\"@id\":\"https:\/\/www.specagra.ee\/?product=viengubas-automatinis-karviu-sepetys#primaryimage\"},\"thumbnailUrl\":\"https:\/\/www.specagra.ee\/wp-content\/uploads\/2020\/07\/sepetys2-500x500-1.jpg\",\"datePublished\":\"2020-07-09T05:49:38+00:00\",\"dateModified\":\"2020-08-26T12:47:08+00:00\",\"breadcrumb\":{\"@id\":\"https:\/\/www.specagra.ee\/?product=viengubas-automatinis-karviu-sepetys#breadcrumb\"},\"inLanguage\":\"et\",\"potentialAction\":[{\"@type\":\"ReadAction\",\"target\":[\"https:\/\/www.specagra.ee\/?product=viengubas-automatinis-karviu-sepetys\"]}]},{\"@type\":\"ImageObject\",\"inLanguage\":\"et\",\"@id\":\"https:\/\/www.specagra.ee\/?product=viengubas-automatinis-karviu-sepetys#primaryimage\",\"url\":\"https:\/\/www.specagra.ee\/wp-content\/uploads\/2020\/07\/sepetys2-500x500-1.jpg\",\"contentUrl\":\"https:\/\/www.specagra.ee\/wp-content\/uploads\/2020\/07\/sepetys2-500x500-1.jpg\",\"width\":500,\"height\":500},{\"@type\":\"BreadcrumbList\",\"@id\":\"https:\/\/www.specagra.ee\/?product=viengubas-automatinis-karviu-sepetys#breadcrumb\",\"itemListElement\":[{\"@type\":\"ListItem\",\"position\":1,\"name\":\"Home\",\"item\":\"https:\/\/www.specagra.ee\/\"},{\"@type\":\"ListItem\",\"position\":2,\"name\":\"P\u00f5llumajandustehnika ja loomakasvatus\",\"item\":\"https:\/\/specagra.ee\/?page_id=18493\"},{\"@type\":\"ListItem\",\"position\":3,\"name\":\"Viengubas automatinis karvi\u0173 \u0161epetys\"}]},{\"@type\":\"WebSite\",\"@id\":\"https:\/\/www.specagra.ee\/#website\",\"url\":\"https:\/\/www.specagra.ee\/\",\"name\":\"Specagra\",\"description\":\"P\u00f5llumajandustehnika ja varuosad\",\"publisher\":{\"@id\":\"https:\/\/www.specagra.ee\/#organization\"},\"potentialAction\":[{\"@type\":\"SearchAction\",\"target\":{\"@type\":\"EntryPoint\",\"urlTemplate\":\"https:\/\/www.specagra.ee\/?s={search_term_string}\"},\"query-input\":{\"@type\":\"PropertyValueSpecification\",\"valueRequired\":true,\"valueName\":\"search_term_string\"}}],\"inLanguage\":\"et\"},{\"@type\":\"Organization\",\"@id\":\"https:\/\/www.specagra.ee\/#organization\",\"name\":\"UAB Specagra\",\"url\":\"https:\/\/www.specagra.ee\/\",\"logo\":{\"@type\":\"ImageObject\",\"inLanguage\":\"et\",\"@id\":\"https:\/\/www.specagra.ee\/#\/schema\/logo\/image\/\",\"url\":\"http:\/\/www.specagra.ee\/wp-content\/uploads\/2022\/02\/SP-logo_naujas-scaled.jpg\",\"contentUrl\":\"http:\/\/www.specagra.ee\/wp-content\/uploads\/2022\/02\/SP-logo_naujas-scaled.jpg\",\"width\":2560,\"height\":326,\"caption\":\"UAB Specagra\"},\"image\":{\"@id\":\"https:\/\/www.specagra.ee\/#\/schema\/logo\/image\/\"}}]}<\/script>\n<!-- \/ Yoast SEO plugin. -->","yoast_head_json":{"title":"Viengubas automatinis karvi\u0173 \u0161epetys - Specagra","robots":{"index":"index","follow":"follow","max-snippet":"max-snippet:-1","max-image-preview":"max-image-preview:large","max-video-preview":"max-video-preview:-1"},"canonical":"https:\/\/www.specagra.ee\/?product=viengubas-automatinis-karviu-sepetys","og_locale":"et_EE","og_type":"article","og_title":"Viengubas automatinis karvi\u0173 \u0161epetys - Specagra","og_description":"Bendrosios savyb\u0117s: Puikus pagalbininkas karvi\u0173 sveikatos prie\u017ei\u016brai bei komfortabilumui. Pa\u0161alina parazitus, dulkes, purv\u0105 ir kt. i\u0161 kailio ir leid\u017eia odai laisvai kv\u0117puoti. Masa\u017einis \u0161epetys pagerina kraujo cirkuliacij\u0105 bei nuramina gyvulius. Pagerina kailio kokyb\u0119. Primil\u017eis padid\u0117ja iki 10%. Karvi\u0173 kasimosi \u0161epe\u010dio pagalba yra suma\u017einamas nelaiming\u0173 atsitikim\u0173 bei susi\u017eeidim\u0173 skai\u010dius, kadangi gyvuliai pasikaso \u0161epe\u010dio, o ne vienas [&hellip;]","og_url":"https:\/\/www.specagra.ee\/?product=viengubas-automatinis-karviu-sepetys","og_site_name":"Specagra","article_modified_time":"2020-08-26T12:47:08+00:00","og_image":[{"width":500,"height":500,"url":"https:\/\/www.specagra.ee\/wp-content\/uploads\/2020\/07\/sepetys2-500x500-1.jpg","type":"image\/jpeg"}],"twitter_card":"summary_large_image","twitter_misc":{"Est. reading time":"1 minut"},"schema":{"@context":"https:\/\/schema.org","@graph":[{"@type":"WebPage","@id":"https:\/\/www.specagra.ee\/?product=viengubas-automatinis-karviu-sepetys","url":"https:\/\/www.specagra.ee\/?product=viengubas-automatinis-karviu-sepetys","name":"Viengubas automatinis karvi\u0173 \u0161epetys - Specagra","isPartOf":{"@id":"https:\/\/www.specagra.ee\/#website"},"primaryImageOfPage":{"@id":"https:\/\/www.specagra.ee\/?product=viengubas-automatinis-karviu-sepetys#primaryimage"},"image":{"@id":"https:\/\/www.specagra.ee\/?product=viengubas-automatinis-karviu-sepetys#primaryimage"},"thumbnailUrl":"https:\/\/www.specagra.ee\/wp-content\/uploads\/2020\/07\/sepetys2-500x500-1.jpg","datePublished":"2020-07-09T05:49:38+00:00","dateModified":"2020-08-26T12:47:08+00:00","breadcrumb":{"@id":"https:\/\/www.specagra.ee\/?product=viengubas-automatinis-karviu-sepetys#breadcrumb"},"inLanguage":"et","potentialAction":[{"@type":"ReadAction","target":["https:\/\/www.specagra.ee\/?product=viengubas-automatinis-karviu-sepetys"]}]},{"@type":"ImageObject","inLanguage":"et","@id":"https:\/\/www.specagra.ee\/?product=viengubas-automatinis-karviu-sepetys#primaryimage","url":"https:\/\/www.specagra.ee\/wp-content\/uploads\/2020\/07\/sepetys2-500x500-1.jpg","contentUrl":"https:\/\/www.specagra.ee\/wp-content\/uploads\/2020\/07\/sepetys2-500x500-1.jpg","width":500,"height":500},{"@type":"BreadcrumbList","@id":"https:\/\/www.specagra.ee\/?product=viengubas-automatinis-karviu-sepetys#breadcrumb","itemListElement":[{"@type":"ListItem","position":1,"name":"Home","item":"https:\/\/www.specagra.ee\/"},{"@type":"ListItem","position":2,"name":"P\u00f5llumajandustehnika ja loomakasvatus","item":"https:\/\/specagra.ee\/?page_id=18493"},{"@type":"ListItem","position":3,"name":"Viengubas automatinis karvi\u0173 \u0161epetys"}]},{"@type":"WebSite","@id":"https:\/\/www.specagra.ee\/#website","url":"https:\/\/www.specagra.ee\/","name":"Specagra","description":"P\u00f5llumajandustehnika ja varuosad","publisher":{"@id":"https:\/\/www.specagra.ee\/#organization"},"potentialAction":[{"@type":"SearchAction","target":{"@type":"EntryPoint","urlTemplate":"https:\/\/www.specagra.ee\/?s={search_term_string}"},"query-input":{"@type":"PropertyValueSpecification","valueRequired":true,"valueName":"search_term_string"}}],"inLanguage":"et"},{"@type":"Organization","@id":"https:\/\/www.specagra.ee\/#organization","name":"UAB Specagra","url":"https:\/\/www.specagra.ee\/","logo":{"@type":"ImageObject","inLanguage":"et","@id":"https:\/\/www.specagra.ee\/#\/schema\/logo\/image\/","url":"http:\/\/www.specagra.ee\/wp-content\/uploads\/2022\/02\/SP-logo_naujas-scaled.jpg","contentUrl":"http:\/\/www.specagra.ee\/wp-content\/uploads\/2022\/02\/SP-logo_naujas-scaled.jpg","width":2560,"height":326,"caption":"UAB Specagra"},"image":{"@id":"https:\/\/www.specagra.ee\/#\/schema\/logo\/image\/"}}]}},"_links":{"self":[{"href":"https:\/\/www.specagra.ee\/index.php?rest_route=\/wp\/v2\/product\/4503","targetHints":{"allow":["GET"]}}],"collection":[{"href":"https:\/\/www.specagra.ee\/index.php?rest_route=\/wp\/v2\/product"}],"about":[{"href":"https:\/\/www.specagra.ee\/index.php?rest_route=\/wp\/v2\/types\/product"}],"wp:featuredmedia":[{"embeddable":true,"href":"https:\/\/www.specagra.ee\/index.php?rest_route=\/wp\/v2\/media\/4504"}],"wp:attachment":[{"href":"https:\/\/www.specagra.ee\/index.php?rest_route=%2Fwp%2Fv2%2Fmedia&parent=4503"}],"wp:term":[{"taxonomy":"product_brand","embeddable":true,"href":"https:\/\/www.specagra.ee\/index.php?rest_route=%2Fwp%2Fv2%2Fproduct_brand&post=4503"},{"taxonomy":"product_cat","embeddable":true,"href":"https:\/\/www.specagra.ee\/index.php?rest_route=%2Fwp%2Fv2%2Fproduct_cat&post=4503"},{"taxonomy":"product_tag","embeddable":true,"href":"https:\/\/www.specagra.ee\/index.php?rest_route=%2Fwp%2Fv2%2Fproduct_tag&post=4503"}],"curies":[{"name":"wp","href":"https:\/\/api.w.org\/{rel}","templated":true}]}}