{"id":4495,"date":"2020-07-09T03:38:44","date_gmt":"2020-07-09T05:38:44","guid":{"rendered":"https:\/\/www.specagra.ee.nemokamossvetaines.hostingas.lt\/?post_type=product&#038;p=4495"},"modified":"2024-01-29T11:50:35","modified_gmt":"2024-01-29T13:50:35","slug":"talpos","status":"publish","type":"product","link":"https:\/\/www.specagra.ee\/?product=talpos","title":{"rendered":"Talpos Klaasplast"},"content":{"rendered":"<div class=\"cat-text\">\n<ul>\n<li>Talpa nuo 2 iki 35 m3<\/li>\n<li>Klijuoto daugiasluoksnio audinio su sutvirtinimais kas 60 cm<\/li>\n<li>Storis 12 \u2013 20 mm priklausomai nuo pasirinkto dyd\u017eio su vidin\u0117mis pertvaromis<\/li>\n<li>K\u0117limo kabliai, apatin\u0117s atramos<\/li>\n<li>U\u017epylimo vir\u0161utin\u0117 anga ir apatinis flan\u0161as<\/li>\n<li>Va\u017eiuokl\u0117 su 10 m3 talpa, b\u016bgniniai oriniai stabd\u017eiai su rankiniu apkrovos vo\u017etuvu.<br \/>\nSvirtin\u0117 pakaba, ratai 400R22,5 Kargo Radial (40 km\/h)<\/li>\n<\/ul>\n<\/div>\n<p>&nbsp;<\/p>\n","protected":false},"excerpt":{"rendered":"<p>Talpyklos tinka:\u00a0 chemijai, vandeniui, srutoms ir kitoms skystoms med\u017eiagoms.<br \/>\nGalima naudoti po \u017eeme arba lauke. Tinka sumontuoti ant va\u017eiuokl\u0117s.<br \/>\nGalima u\u017esisakyti individuali\u0105 komplektacij\u0105.<\/p>\n","protected":false},"featured_media":18170,"template":"","meta":{"_et_pb_use_builder":"","_et_pb_old_content":"","_et_gb_content_width":""},"product_brand":[],"product_cat":[103],"product_tag":[],"class_list":{"0":"post-4495","1":"product","2":"type-product","3":"status-publish","4":"has-post-thumbnail","6":"product_cat-mahutid","8":"first","9":"instock","10":"shipping-taxable","11":"product-type-simple"},"yoast_head":"<!-- This site is optimized with the Yoast SEO plugin v26.4 - https:\/\/yoast.com\/wordpress\/plugins\/seo\/ -->\n<title>Talpos Klaasplast - Specagra<\/title>\n<meta name=\"robots\" content=\"index, follow, max-snippet:-1, max-image-preview:large, max-video-preview:-1\" \/>\n<link rel=\"canonical\" href=\"https:\/\/www.specagra.ee\/?product=talpos\" \/>\n<meta property=\"og:locale\" content=\"et_EE\" \/>\n<meta property=\"og:type\" content=\"article\" \/>\n<meta property=\"og:title\" content=\"Talpos Klaasplast - Specagra\" \/>\n<meta property=\"og:description\" content=\"Talpyklos tinka:\u00a0 chemijai, vandeniui, srutoms ir kitoms skystoms med\u017eiagoms. Galima naudoti po \u017eeme arba lauke. Tinka sumontuoti ant va\u017eiuokl\u0117s. Galima u\u017esisakyti individuali\u0105 komplektacij\u0105.\" \/>\n<meta property=\"og:url\" content=\"https:\/\/www.specagra.ee\/?product=talpos\" \/>\n<meta property=\"og:site_name\" content=\"Specagra\" \/>\n<meta property=\"article:modified_time\" content=\"2024-01-29T13:50:35+00:00\" \/>\n<meta property=\"og:image\" content=\"https:\/\/www.specagra.ee\/wp-content\/uploads\/2020\/07\/Copy-of-0203139731-1280-\u00d7-720-px-896-\u00d7-503-px42.jpg\" \/>\n\t<meta property=\"og:image:width\" content=\"896\" \/>\n\t<meta property=\"og:image:height\" content=\"503\" \/>\n\t<meta property=\"og:image:type\" content=\"image\/jpeg\" \/>\n<meta name=\"twitter:card\" content=\"summary_large_image\" \/>\n<meta name=\"twitter:label1\" content=\"Est. reading time\" \/>\n\t<meta name=\"twitter:data1\" content=\"1 minut\" \/>\n<script type=\"application\/ld+json\" class=\"yoast-schema-graph\">{\"@context\":\"https:\/\/schema.org\",\"@graph\":[{\"@type\":\"WebPage\",\"@id\":\"https:\/\/www.specagra.ee\/?product=talpos\",\"url\":\"https:\/\/www.specagra.ee\/?product=talpos\",\"name\":\"Talpos Klaasplast - Specagra\",\"isPartOf\":{\"@id\":\"https:\/\/www.specagra.ee\/#website\"},\"primaryImageOfPage\":{\"@id\":\"https:\/\/www.specagra.ee\/?product=talpos#primaryimage\"},\"image\":{\"@id\":\"https:\/\/www.specagra.ee\/?product=talpos#primaryimage\"},\"thumbnailUrl\":\"https:\/\/www.specagra.ee\/wp-content\/uploads\/2020\/07\/Copy-of-0203139731-1280-\u00d7-720-px-896-\u00d7-503-px42.jpg\",\"datePublished\":\"2020-07-09T05:38:44+00:00\",\"dateModified\":\"2024-01-29T13:50:35+00:00\",\"breadcrumb\":{\"@id\":\"https:\/\/www.specagra.ee\/?product=talpos#breadcrumb\"},\"inLanguage\":\"et\",\"potentialAction\":[{\"@type\":\"ReadAction\",\"target\":[\"https:\/\/www.specagra.ee\/?product=talpos\"]}]},{\"@type\":\"ImageObject\",\"inLanguage\":\"et\",\"@id\":\"https:\/\/www.specagra.ee\/?product=talpos#primaryimage\",\"url\":\"https:\/\/www.specagra.ee\/wp-content\/uploads\/2020\/07\/Copy-of-0203139731-1280-\u00d7-720-px-896-\u00d7-503-px42.jpg\",\"contentUrl\":\"https:\/\/www.specagra.ee\/wp-content\/uploads\/2020\/07\/Copy-of-0203139731-1280-\u00d7-720-px-896-\u00d7-503-px42.jpg\",\"width\":896,\"height\":503,\"caption\":\"Talpos\"},{\"@type\":\"BreadcrumbList\",\"@id\":\"https:\/\/www.specagra.ee\/?product=talpos#breadcrumb\",\"itemListElement\":[{\"@type\":\"ListItem\",\"position\":1,\"name\":\"Home\",\"item\":\"https:\/\/www.specagra.ee\/\"},{\"@type\":\"ListItem\",\"position\":2,\"name\":\"P\u00f5llumajandustehnika ja loomakasvatus\",\"item\":\"https:\/\/specagra.ee\/?page_id=18493\"},{\"@type\":\"ListItem\",\"position\":3,\"name\":\"Talpos Klaasplast\"}]},{\"@type\":\"WebSite\",\"@id\":\"https:\/\/www.specagra.ee\/#website\",\"url\":\"https:\/\/www.specagra.ee\/\",\"name\":\"Specagra\",\"description\":\"P\u00f5llumajandustehnika ja varuosad\",\"publisher\":{\"@id\":\"https:\/\/www.specagra.ee\/#organization\"},\"potentialAction\":[{\"@type\":\"SearchAction\",\"target\":{\"@type\":\"EntryPoint\",\"urlTemplate\":\"https:\/\/www.specagra.ee\/?s={search_term_string}\"},\"query-input\":{\"@type\":\"PropertyValueSpecification\",\"valueRequired\":true,\"valueName\":\"search_term_string\"}}],\"inLanguage\":\"et\"},{\"@type\":\"Organization\",\"@id\":\"https:\/\/www.specagra.ee\/#organization\",\"name\":\"UAB Specagra\",\"url\":\"https:\/\/www.specagra.ee\/\",\"logo\":{\"@type\":\"ImageObject\",\"inLanguage\":\"et\",\"@id\":\"https:\/\/www.specagra.ee\/#\/schema\/logo\/image\/\",\"url\":\"http:\/\/www.specagra.ee\/wp-content\/uploads\/2022\/02\/SP-logo_naujas-scaled.jpg\",\"contentUrl\":\"http:\/\/www.specagra.ee\/wp-content\/uploads\/2022\/02\/SP-logo_naujas-scaled.jpg\",\"width\":2560,\"height\":326,\"caption\":\"UAB Specagra\"},\"image\":{\"@id\":\"https:\/\/www.specagra.ee\/#\/schema\/logo\/image\/\"}}]}<\/script>\n<!-- \/ Yoast SEO plugin. -->","yoast_head_json":{"title":"Talpos Klaasplast - Specagra","robots":{"index":"index","follow":"follow","max-snippet":"max-snippet:-1","max-image-preview":"max-image-preview:large","max-video-preview":"max-video-preview:-1"},"canonical":"https:\/\/www.specagra.ee\/?product=talpos","og_locale":"et_EE","og_type":"article","og_title":"Talpos Klaasplast - Specagra","og_description":"Talpyklos tinka:\u00a0 chemijai, vandeniui, srutoms ir kitoms skystoms med\u017eiagoms. Galima naudoti po \u017eeme arba lauke. Tinka sumontuoti ant va\u017eiuokl\u0117s. Galima u\u017esisakyti individuali\u0105 komplektacij\u0105.","og_url":"https:\/\/www.specagra.ee\/?product=talpos","og_site_name":"Specagra","article_modified_time":"2024-01-29T13:50:35+00:00","og_image":[{"width":896,"height":503,"url":"https:\/\/www.specagra.ee\/wp-content\/uploads\/2020\/07\/Copy-of-0203139731-1280-\u00d7-720-px-896-\u00d7-503-px42.jpg","type":"image\/jpeg"}],"twitter_card":"summary_large_image","twitter_misc":{"Est. reading time":"1 minut"},"schema":{"@context":"https:\/\/schema.org","@graph":[{"@type":"WebPage","@id":"https:\/\/www.specagra.ee\/?product=talpos","url":"https:\/\/www.specagra.ee\/?product=talpos","name":"Talpos Klaasplast - Specagra","isPartOf":{"@id":"https:\/\/www.specagra.ee\/#website"},"primaryImageOfPage":{"@id":"https:\/\/www.specagra.ee\/?product=talpos#primaryimage"},"image":{"@id":"https:\/\/www.specagra.ee\/?product=talpos#primaryimage"},"thumbnailUrl":"https:\/\/www.specagra.ee\/wp-content\/uploads\/2020\/07\/Copy-of-0203139731-1280-\u00d7-720-px-896-\u00d7-503-px42.jpg","datePublished":"2020-07-09T05:38:44+00:00","dateModified":"2024-01-29T13:50:35+00:00","breadcrumb":{"@id":"https:\/\/www.specagra.ee\/?product=talpos#breadcrumb"},"inLanguage":"et","potentialAction":[{"@type":"ReadAction","target":["https:\/\/www.specagra.ee\/?product=talpos"]}]},{"@type":"ImageObject","inLanguage":"et","@id":"https:\/\/www.specagra.ee\/?product=talpos#primaryimage","url":"https:\/\/www.specagra.ee\/wp-content\/uploads\/2020\/07\/Copy-of-0203139731-1280-\u00d7-720-px-896-\u00d7-503-px42.jpg","contentUrl":"https:\/\/www.specagra.ee\/wp-content\/uploads\/2020\/07\/Copy-of-0203139731-1280-\u00d7-720-px-896-\u00d7-503-px42.jpg","width":896,"height":503,"caption":"Talpos"},{"@type":"BreadcrumbList","@id":"https:\/\/www.specagra.ee\/?product=talpos#breadcrumb","itemListElement":[{"@type":"ListItem","position":1,"name":"Home","item":"https:\/\/www.specagra.ee\/"},{"@type":"ListItem","position":2,"name":"P\u00f5llumajandustehnika ja loomakasvatus","item":"https:\/\/specagra.ee\/?page_id=18493"},{"@type":"ListItem","position":3,"name":"Talpos Klaasplast"}]},{"@type":"WebSite","@id":"https:\/\/www.specagra.ee\/#website","url":"https:\/\/www.specagra.ee\/","name":"Specagra","description":"P\u00f5llumajandustehnika ja varuosad","publisher":{"@id":"https:\/\/www.specagra.ee\/#organization"},"potentialAction":[{"@type":"SearchAction","target":{"@type":"EntryPoint","urlTemplate":"https:\/\/www.specagra.ee\/?s={search_term_string}"},"query-input":{"@type":"PropertyValueSpecification","valueRequired":true,"valueName":"search_term_string"}}],"inLanguage":"et"},{"@type":"Organization","@id":"https:\/\/www.specagra.ee\/#organization","name":"UAB Specagra","url":"https:\/\/www.specagra.ee\/","logo":{"@type":"ImageObject","inLanguage":"et","@id":"https:\/\/www.specagra.ee\/#\/schema\/logo\/image\/","url":"http:\/\/www.specagra.ee\/wp-content\/uploads\/2022\/02\/SP-logo_naujas-scaled.jpg","contentUrl":"http:\/\/www.specagra.ee\/wp-content\/uploads\/2022\/02\/SP-logo_naujas-scaled.jpg","width":2560,"height":326,"caption":"UAB Specagra"},"image":{"@id":"https:\/\/www.specagra.ee\/#\/schema\/logo\/image\/"}}]}},"_links":{"self":[{"href":"https:\/\/www.specagra.ee\/index.php?rest_route=\/wp\/v2\/product\/4495","targetHints":{"allow":["GET"]}}],"collection":[{"href":"https:\/\/www.specagra.ee\/index.php?rest_route=\/wp\/v2\/product"}],"about":[{"href":"https:\/\/www.specagra.ee\/index.php?rest_route=\/wp\/v2\/types\/product"}],"wp:featuredmedia":[{"embeddable":true,"href":"https:\/\/www.specagra.ee\/index.php?rest_route=\/wp\/v2\/media\/18170"}],"wp:attachment":[{"href":"https:\/\/www.specagra.ee\/index.php?rest_route=%2Fwp%2Fv2%2Fmedia&parent=4495"}],"wp:term":[{"taxonomy":"product_brand","embeddable":true,"href":"https:\/\/www.specagra.ee\/index.php?rest_route=%2Fwp%2Fv2%2Fproduct_brand&post=4495"},{"taxonomy":"product_cat","embeddable":true,"href":"https:\/\/www.specagra.ee\/index.php?rest_route=%2Fwp%2Fv2%2Fproduct_cat&post=4495"},{"taxonomy":"product_tag","embeddable":true,"href":"https:\/\/www.specagra.ee\/index.php?rest_route=%2Fwp%2Fv2%2Fproduct_tag&post=4495"}],"curies":[{"name":"wp","href":"https:\/\/api.w.org\/{rel}","templated":true}]}}