{"id":44254,"date":"2025-04-23T04:56:28","date_gmt":"2025-04-23T06:56:28","guid":{"rendered":"https:\/\/www.specagra.ee\/?post_type=product&#038;p=44254"},"modified":"2025-06-01T16:54:08","modified_gmt":"2025-06-01T18:54:08","slug":"mobiilne-katusega-valisvari","status":"publish","type":"product","link":"https:\/\/www.specagra.ee\/?product=mobiilne-katusega-valisvari","title":{"rendered":"Mobiilne katusega v\u00e4lisvari"},"content":{"rendered":"<p>[et_pb_section fb_built=&#8221;1&#8243; _builder_version=&#8221;4.16&#8243; custom_padding=&#8221;0px||||false|false&#8221; global_colors_info=&#8221;{}&#8221;][et_pb_row _builder_version=&#8221;4.16&#8243; background_size=&#8221;initial&#8221; background_position=&#8221;top_left&#8221; background_repeat=&#8221;repeat&#8221; width=&#8221;100%&#8221; custom_padding=&#8221;0px||0px||false|false&#8221; global_colors_info=&#8221;{}&#8221;][et_pb_column type=&#8221;4_4&#8243; _builder_version=&#8221;4.16&#8243; custom_padding=&#8221;|||&#8221; global_colors_info=&#8221;{}&#8221; custom_padding__hover=&#8221;|||&#8221;][et_pb_wc_breadcrumb _builder_version=&#8221;4.16&#8243; global_colors_info=&#8221;{}&#8221;][\/et_pb_wc_breadcrumb][et_pb_wc_cart_notice _builder_version=&#8221;4.16&#8243; global_colors_info=&#8221;{}&#8221;][\/et_pb_wc_cart_notice][\/et_pb_column][\/et_pb_row][et_pb_row column_structure=&#8221;1_2,1_2&#8243; _builder_version=&#8221;4.16&#8243; background_size=&#8221;initial&#8221; background_position=&#8221;top_left&#8221; background_repeat=&#8221;repeat&#8221; width=&#8221;100%&#8221; custom_padding=&#8221;0px||||false|false&#8221; global_colors_info=&#8221;{}&#8221;][et_pb_column type=&#8221;1_2&#8243; _builder_version=&#8221;4.16&#8243; custom_padding=&#8221;|||&#8221; global_colors_info=&#8221;{}&#8221; custom_padding__hover=&#8221;|||&#8221;][et_pb_wc_images _builder_version=&#8221;4.16&#8243; global_colors_info=&#8221;{}&#8221;][\/et_pb_wc_images][\/et_pb_column][et_pb_column type=&#8221;1_2&#8243; _builder_version=&#8221;4.16&#8243; custom_padding=&#8221;|||&#8221; global_colors_info=&#8221;{}&#8221; custom_padding__hover=&#8221;|||&#8221;][et_pb_wc_title _builder_version=&#8221;4.16&#8243; global_colors_info=&#8221;{}&#8221;][\/et_pb_wc_title][et_pb_wc_rating _builder_version=&#8221;4.16&#8243; global_colors_info=&#8221;{}&#8221;][\/et_pb_wc_rating][et_pb_wc_price _builder_version=&#8221;4.16&#8243; global_colors_info=&#8221;{}&#8221;][\/et_pb_wc_price][et_pb_wc_description _builder_version=&#8221;4.16&#8243; global_colors_info=&#8221;{}&#8221;][\/et_pb_wc_description][et_pb_wc_add_to_cart _builder_version=&#8221;4.16&#8243; global_colors_info=&#8221;{}&#8221;][\/et_pb_wc_add_to_cart][et_pb_wc_meta _builder_version=&#8221;4.16&#8243; hover_enabled=&#8221;0&#8243; global_colors_info=&#8221;{}&#8221; sticky_enabled=&#8221;0&#8243;][\/et_pb_wc_meta][\/et_pb_column][\/et_pb_row][et_pb_row _builder_version=&#8221;4.16&#8243; background_size=&#8221;initial&#8221; background_position=&#8221;top_left&#8221; background_repeat=&#8221;repeat&#8221; width=&#8221;100%&#8221; global_colors_info=&#8221;{}&#8221;][et_pb_column type=&#8221;4_4&#8243; _builder_version=&#8221;4.16&#8243; custom_padding=&#8221;|||&#8221; global_colors_info=&#8221;{}&#8221; custom_padding__hover=&#8221;|||&#8221;][et_pb_wc_tabs _builder_version=&#8221;4.16&#8243; global_colors_info=&#8221;{}&#8221;]\t\t\t\t\t[\/et_pb_wc_tabs][et_pb_wc_upsells _builder_version=&#8221;4.16&#8243; global_colors_info=&#8221;{}&#8221;][\/et_pb_wc_upsells][et_pb_wc_related_products _builder_version=&#8221;4.16&#8243; global_colors_info=&#8221;{}&#8221;][\/et_pb_wc_related_products][\/et_pb_column][\/et_pb_row][\/et_pb_section]<\/p>\n","protected":false},"excerpt":{"rendered":"<p data-start=\"0\" data-end=\"341\">Mitmeaastase kasutuskogemusega mobiilsest vaheseinadest valmistatud v\u00e4lisvarjud on t\u00f5estanud oma praktilisust. Kattetaolised katused laiendavad nende kasutusv\u00f5imalusi ning pakuvad v\u00e4litingimustes hoitavatele loomadele kaitset vihma ja p\u00e4ikese eest. T\u00e4nu sellele on v\u00f5imalik luua avatud v\u00e4liala aedikuid ja mobiilseid varjendeid karjamaadele.<\/p>\n<p data-start=\"343\" data-end=\"362\">Varjualune koosneb:<\/p>\n<p data-start=\"364\" data-end=\"399\" data-is-last-node=\"\" data-is-only-node=\"\">6 m \u00d7 3,6 m suurusest varjualusest:<\/p>\n<p>&nbsp;<\/p>\n<p data-start=\"0\" data-end=\"96\">4 tk mobiilseid vaheseinu m\u00f5\u00f5tmetega 3 m pikk ja 1,7 m k\u00f5rge (kood 310400) varjualuse k\u00fclgedele.<\/p>\n<p data-start=\"98\" data-end=\"135\">3 m \u00d7 3,6 m suuruse varjualuse jaoks:<\/p>\n<p data-start=\"137\" data-end=\"233\" data-is-last-node=\"\" data-is-only-node=\"\">2 tk mobiilseid vaheseinu m\u00f5\u00f5tmetega 3 m pikk ja 1,7 m k\u00f5rge (kood 310400) varjualuse k\u00fclgedele.<\/p>\n<p>&nbsp;<\/p>\n<p><img loading=\"lazy\" decoding=\"async\" class=\"\" title=\"Panel Compact, height 1.70 m\" src=\"https:\/\/www.patura.com\/PIM\/Artikelgruppen\/Artikelbilder\/9456\/image-thumb__9456__productBigNoWatermark-02\/310400_Panel-Compact_IMG_0767.de70f728.webp\" alt=\"Panel Compact 3.00 m Height 1.70 m, galv. (1 central brace)\" width=\"502\" height=\"282\" \/><\/p>\n<p data-start=\"0\" data-end=\"54\">6 m \u00d7 3,6 m ja 3 m \u00d7 3,6 m suuruste varjualuste jaoks:<\/p>\n<p data-start=\"56\" data-end=\"206\" data-is-last-node=\"\" data-is-only-node=\"\">1 tk mobiilne vahesein m\u00f5\u00f5tmetega 3,6 m pikk ja 1,7 m k\u00f5rge (v\u00e4ravate juures 2,2 m k\u00f5rge), varustatud v\u00e4ravatega (kood 310408), varjualuse esik\u00fcljele.<\/p>\n<p>&nbsp;<\/p>\n<p><img loading=\"lazy\" decoding=\"async\" class=\"\" title=\"Panel Compact with gate, height 2.20 m\" src=\"https:\/\/www.patura.com\/PIM\/Artikelgruppen\/Artikelbilder\/5766\/image-thumb__5766__productBigNoWatermark-02\/310408_Panel-Compact-Tor_FW_00087.a6d9e582.webp\" alt=\"Panel with Gate, Compact 3.60 m Width 3.60 m, H = 2.20 m, galv.\" width=\"524\" height=\"322\" \/><\/p>\n<div class=\"flex max-w-full flex-col grow\">\n<div class=\"min-h-8 text-message relative flex w-full flex-col items-end gap-2 text-start break-words whitespace-normal [.text-message+&amp;]:mt-5\" dir=\"auto\" data-message-author-role=\"assistant\" data-message-id=\"a943462c-53d5-427e-be1e-6fa1aa03b188\" data-message-model-slug=\"gpt-4-1-mini\">\n<div class=\"flex w-full flex-col gap-1 empty:hidden first:pt-[3px]\">\n<div class=\"markdown prose dark:prose-invert w-full break-words light\">\n<p data-start=\"0\" data-end=\"54\">6 m \u00d7 3,6 m ja 3 m \u00d7 3,6 m suuruste varjualuste jaoks:<\/p>\n<p data-start=\"56\" data-end=\"154\" data-is-last-node=\"\" data-is-only-node=\"\">1 tk mobiilne vahesein m\u00f5\u00f5tmetega 3,6 m pikk ja 1,7 m k\u00f5rge (kood 310401), varjualuse tagak\u00fcljele.<\/p>\n<\/div>\n<\/div>\n<\/div>\n<\/div>\n<div class=\"flex justify-start\"><\/div>\n<p>&nbsp;<\/p>\n<p><span class=\"fw-bold\"><img loading=\"lazy\" decoding=\"async\" class=\"\" title=\"Panel Compact, height 1.70 m\" src=\"https:\/\/www.patura.com\/PIM\/Artikelgruppen\/Artikelbilder\/5764\/image-thumb__5764__productBigNoWatermark-02\/310401_Panel-Compact_FW_00088.fb059b4c.webp\" alt=\"Panel Compact 3.60 m Height 1.70 m, galv. (2 central braces)\" width=\"556\" height=\"264\" \/><\/span><\/p>\n<p>Katuse konstruktsioon ja brezent (kangas)<\/p>\n<p><img loading=\"lazy\" decoding=\"async\" class=\"\" title=\"Mobile Panel Shelters\" src=\"https:\/\/www.patura.com\/PIM\/Artikelgruppen\/Anwendungsbilder\/7901\/image-thumb__7901__productBigNoWatermark-02\/3130X2_Panel-Dach_1196-4333.7b4adab3.webp\" alt=\"Covered Mobile Panel Stall 3.0 x 3.6 m w\/o panels\" width=\"558\" height=\"373\" \/><\/p>\n","protected":false},"featured_media":44255,"template":"","meta":{"_et_pb_use_builder":"on","_et_pb_old_content":"","_et_gb_content_width":""},"product_brand":[],"product_cat":[293],"product_tag":[],"class_list":{"0":"post-44254","1":"product","2":"type-product","3":"status-publish","4":"has-post-thumbnail","6":"product_cat-seadmed-hobustele","8":"first","9":"instock","10":"shipping-taxable","11":"product-type-simple"},"yoast_head":"<!-- This site is optimized with the Yoast SEO plugin v26.4 - https:\/\/yoast.com\/wordpress\/plugins\/seo\/ -->\n<title>Mobiilne katusega v\u00e4lisvari - Specagra<\/title>\n<meta name=\"robots\" content=\"index, follow, max-snippet:-1, max-image-preview:large, max-video-preview:-1\" \/>\n<link rel=\"canonical\" href=\"https:\/\/www.specagra.ee\/?product=mobiilne-katusega-valisvari\" \/>\n<meta property=\"og:locale\" content=\"et_EE\" \/>\n<meta property=\"og:type\" content=\"article\" \/>\n<meta property=\"og:title\" content=\"Mobiilne katusega v\u00e4lisvari - Specagra\" \/>\n<meta property=\"og:description\" content=\"Mitmeaastase kasutuskogemusega mobiilsest vaheseinadest valmistatud v\u00e4lisvarjud on t\u00f5estanud oma praktilisust. Kattetaolised katused laiendavad nende kasutusv\u00f5imalusi ning pakuvad v\u00e4litingimustes hoitavatele loomadele kaitset vihma ja p\u00e4ikese eest. T\u00e4nu sellele on v\u00f5imalik luua avatud v\u00e4liala aedikuid ja mobiilseid varjendeid karjamaadele. Varjualune koosneb: 6 m \u00d7 3,6 m suurusest varjualusest: &nbsp; 4 tk mobiilseid vaheseinu m\u00f5\u00f5tmetega 3 m pikk ja 1,7 m k\u00f5rge (kood 310400) varjualuse k\u00fclgedele. 3 m \u00d7 3,6 m suuruse varjualuse jaoks: 2 tk mobiilseid vaheseinu m\u00f5\u00f5tmetega 3 m pikk ja 1,7 m k\u00f5rge (kood 310400) varjualuse k\u00fclgedele. &nbsp;   6 m \u00d7 3,6 m ja 3 m \u00d7 3,6 m suuruste varjualuste jaoks: 1 tk mobiilne vahesein m\u00f5\u00f5tmetega 3,6 m pikk ja 1,7 m k\u00f5rge (v\u00e4ravate juures 2,2 m k\u00f5rge), varustatud v\u00e4ravatega (kood 310408), varjualuse esik\u00fcljele. &nbsp;       6 m \u00d7 3,6 m ja 3 m \u00d7 3,6 m suuruste varjualuste jaoks: 1 tk mobiilne vahesein m\u00f5\u00f5tmetega 3,6 m pikk ja 1,7 m k\u00f5rge (kood 310401), varjualuse tagak\u00fcljele.       &nbsp;    Katuse konstruktsioon ja brezent (kangas)\" \/>\n<meta property=\"og:url\" content=\"https:\/\/www.specagra.ee\/?product=mobiilne-katusega-valisvari\" \/>\n<meta property=\"og:site_name\" content=\"Specagra\" \/>\n<meta property=\"article:modified_time\" content=\"2025-06-01T18:54:08+00:00\" \/>\n<meta property=\"og:image\" content=\"https:\/\/www.specagra.ee\/wp-content\/uploads\/2025\/04\/Untitled-design2-1.png\" \/>\n\t<meta property=\"og:image:width\" content=\"900\" \/>\n\t<meta property=\"og:image:height\" content=\"900\" \/>\n\t<meta property=\"og:image:type\" content=\"image\/png\" \/>\n<meta name=\"twitter:card\" content=\"summary_large_image\" \/>\n<meta name=\"twitter:label1\" content=\"Est. reading time\" \/>\n\t<meta name=\"twitter:data1\" content=\"4 minutit\" \/>\n<script type=\"application\/ld+json\" class=\"yoast-schema-graph\">{\"@context\":\"https:\/\/schema.org\",\"@graph\":[{\"@type\":\"WebPage\",\"@id\":\"https:\/\/www.specagra.ee\/?product=mobiilne-katusega-valisvari\",\"url\":\"https:\/\/www.specagra.ee\/?product=mobiilne-katusega-valisvari\",\"name\":\"Mobiilne katusega v\u00e4lisvari - Specagra\",\"isPartOf\":{\"@id\":\"https:\/\/www.specagra.ee\/#website\"},\"primaryImageOfPage\":{\"@id\":\"https:\/\/www.specagra.ee\/?product=mobiilne-katusega-valisvari#primaryimage\"},\"image\":{\"@id\":\"https:\/\/www.specagra.ee\/?product=mobiilne-katusega-valisvari#primaryimage\"},\"thumbnailUrl\":\"https:\/\/www.specagra.ee\/wp-content\/uploads\/2025\/04\/Untitled-design2-1.png\",\"datePublished\":\"2025-04-23T06:56:28+00:00\",\"dateModified\":\"2025-06-01T18:54:08+00:00\",\"breadcrumb\":{\"@id\":\"https:\/\/www.specagra.ee\/?product=mobiilne-katusega-valisvari#breadcrumb\"},\"inLanguage\":\"et\",\"potentialAction\":[{\"@type\":\"ReadAction\",\"target\":[\"https:\/\/www.specagra.ee\/?product=mobiilne-katusega-valisvari\"]}]},{\"@type\":\"ImageObject\",\"inLanguage\":\"et\",\"@id\":\"https:\/\/www.specagra.ee\/?product=mobiilne-katusega-valisvari#primaryimage\",\"url\":\"https:\/\/www.specagra.ee\/wp-content\/uploads\/2025\/04\/Untitled-design2-1.png\",\"contentUrl\":\"https:\/\/www.specagra.ee\/wp-content\/uploads\/2025\/04\/Untitled-design2-1.png\",\"width\":900,\"height\":900},{\"@type\":\"BreadcrumbList\",\"@id\":\"https:\/\/www.specagra.ee\/?product=mobiilne-katusega-valisvari#breadcrumb\",\"itemListElement\":[{\"@type\":\"ListItem\",\"position\":1,\"name\":\"Home\",\"item\":\"https:\/\/www.specagra.ee\/\"},{\"@type\":\"ListItem\",\"position\":2,\"name\":\"P\u00f5llumajandustehnika ja loomakasvatus\",\"item\":\"https:\/\/specagra.ee\/?page_id=18493\"},{\"@type\":\"ListItem\",\"position\":3,\"name\":\"Mobiilne katusega v\u00e4lisvari\"}]},{\"@type\":\"WebSite\",\"@id\":\"https:\/\/www.specagra.ee\/#website\",\"url\":\"https:\/\/www.specagra.ee\/\",\"name\":\"Specagra\",\"description\":\"P\u00f5llumajandustehnika ja varuosad\",\"publisher\":{\"@id\":\"https:\/\/www.specagra.ee\/#organization\"},\"potentialAction\":[{\"@type\":\"SearchAction\",\"target\":{\"@type\":\"EntryPoint\",\"urlTemplate\":\"https:\/\/www.specagra.ee\/?s={search_term_string}\"},\"query-input\":{\"@type\":\"PropertyValueSpecification\",\"valueRequired\":true,\"valueName\":\"search_term_string\"}}],\"inLanguage\":\"et\"},{\"@type\":\"Organization\",\"@id\":\"https:\/\/www.specagra.ee\/#organization\",\"name\":\"UAB Specagra\",\"url\":\"https:\/\/www.specagra.ee\/\",\"logo\":{\"@type\":\"ImageObject\",\"inLanguage\":\"et\",\"@id\":\"https:\/\/www.specagra.ee\/#\/schema\/logo\/image\/\",\"url\":\"http:\/\/www.specagra.ee\/wp-content\/uploads\/2022\/02\/SP-logo_naujas-scaled.jpg\",\"contentUrl\":\"http:\/\/www.specagra.ee\/wp-content\/uploads\/2022\/02\/SP-logo_naujas-scaled.jpg\",\"width\":2560,\"height\":326,\"caption\":\"UAB Specagra\"},\"image\":{\"@id\":\"https:\/\/www.specagra.ee\/#\/schema\/logo\/image\/\"}}]}<\/script>\n<!-- \/ Yoast SEO plugin. -->","yoast_head_json":{"title":"Mobiilne katusega v\u00e4lisvari - Specagra","robots":{"index":"index","follow":"follow","max-snippet":"max-snippet:-1","max-image-preview":"max-image-preview:large","max-video-preview":"max-video-preview:-1"},"canonical":"https:\/\/www.specagra.ee\/?product=mobiilne-katusega-valisvari","og_locale":"et_EE","og_type":"article","og_title":"Mobiilne katusega v\u00e4lisvari - Specagra","og_description":"Mitmeaastase kasutuskogemusega mobiilsest vaheseinadest valmistatud v\u00e4lisvarjud on t\u00f5estanud oma praktilisust. Kattetaolised katused laiendavad nende kasutusv\u00f5imalusi ning pakuvad v\u00e4litingimustes hoitavatele loomadele kaitset vihma ja p\u00e4ikese eest. T\u00e4nu sellele on v\u00f5imalik luua avatud v\u00e4liala aedikuid ja mobiilseid varjendeid karjamaadele. Varjualune koosneb: 6 m \u00d7 3,6 m suurusest varjualusest: &nbsp; 4 tk mobiilseid vaheseinu m\u00f5\u00f5tmetega 3 m pikk ja 1,7 m k\u00f5rge (kood 310400) varjualuse k\u00fclgedele. 3 m \u00d7 3,6 m suuruse varjualuse jaoks: 2 tk mobiilseid vaheseinu m\u00f5\u00f5tmetega 3 m pikk ja 1,7 m k\u00f5rge (kood 310400) varjualuse k\u00fclgedele. &nbsp;   6 m \u00d7 3,6 m ja 3 m \u00d7 3,6 m suuruste varjualuste jaoks: 1 tk mobiilne vahesein m\u00f5\u00f5tmetega 3,6 m pikk ja 1,7 m k\u00f5rge (v\u00e4ravate juures 2,2 m k\u00f5rge), varustatud v\u00e4ravatega (kood 310408), varjualuse esik\u00fcljele. &nbsp;       6 m \u00d7 3,6 m ja 3 m \u00d7 3,6 m suuruste varjualuste jaoks: 1 tk mobiilne vahesein m\u00f5\u00f5tmetega 3,6 m pikk ja 1,7 m k\u00f5rge (kood 310401), varjualuse tagak\u00fcljele.       &nbsp;    Katuse konstruktsioon ja brezent (kangas)","og_url":"https:\/\/www.specagra.ee\/?product=mobiilne-katusega-valisvari","og_site_name":"Specagra","article_modified_time":"2025-06-01T18:54:08+00:00","og_image":[{"width":900,"height":900,"url":"https:\/\/www.specagra.ee\/wp-content\/uploads\/2025\/04\/Untitled-design2-1.png","type":"image\/png"}],"twitter_card":"summary_large_image","twitter_misc":{"Est. reading time":"4 minutit"},"schema":{"@context":"https:\/\/schema.org","@graph":[{"@type":"WebPage","@id":"https:\/\/www.specagra.ee\/?product=mobiilne-katusega-valisvari","url":"https:\/\/www.specagra.ee\/?product=mobiilne-katusega-valisvari","name":"Mobiilne katusega v\u00e4lisvari - Specagra","isPartOf":{"@id":"https:\/\/www.specagra.ee\/#website"},"primaryImageOfPage":{"@id":"https:\/\/www.specagra.ee\/?product=mobiilne-katusega-valisvari#primaryimage"},"image":{"@id":"https:\/\/www.specagra.ee\/?product=mobiilne-katusega-valisvari#primaryimage"},"thumbnailUrl":"https:\/\/www.specagra.ee\/wp-content\/uploads\/2025\/04\/Untitled-design2-1.png","datePublished":"2025-04-23T06:56:28+00:00","dateModified":"2025-06-01T18:54:08+00:00","breadcrumb":{"@id":"https:\/\/www.specagra.ee\/?product=mobiilne-katusega-valisvari#breadcrumb"},"inLanguage":"et","potentialAction":[{"@type":"ReadAction","target":["https:\/\/www.specagra.ee\/?product=mobiilne-katusega-valisvari"]}]},{"@type":"ImageObject","inLanguage":"et","@id":"https:\/\/www.specagra.ee\/?product=mobiilne-katusega-valisvari#primaryimage","url":"https:\/\/www.specagra.ee\/wp-content\/uploads\/2025\/04\/Untitled-design2-1.png","contentUrl":"https:\/\/www.specagra.ee\/wp-content\/uploads\/2025\/04\/Untitled-design2-1.png","width":900,"height":900},{"@type":"BreadcrumbList","@id":"https:\/\/www.specagra.ee\/?product=mobiilne-katusega-valisvari#breadcrumb","itemListElement":[{"@type":"ListItem","position":1,"name":"Home","item":"https:\/\/www.specagra.ee\/"},{"@type":"ListItem","position":2,"name":"P\u00f5llumajandustehnika ja loomakasvatus","item":"https:\/\/specagra.ee\/?page_id=18493"},{"@type":"ListItem","position":3,"name":"Mobiilne katusega v\u00e4lisvari"}]},{"@type":"WebSite","@id":"https:\/\/www.specagra.ee\/#website","url":"https:\/\/www.specagra.ee\/","name":"Specagra","description":"P\u00f5llumajandustehnika ja varuosad","publisher":{"@id":"https:\/\/www.specagra.ee\/#organization"},"potentialAction":[{"@type":"SearchAction","target":{"@type":"EntryPoint","urlTemplate":"https:\/\/www.specagra.ee\/?s={search_term_string}"},"query-input":{"@type":"PropertyValueSpecification","valueRequired":true,"valueName":"search_term_string"}}],"inLanguage":"et"},{"@type":"Organization","@id":"https:\/\/www.specagra.ee\/#organization","name":"UAB Specagra","url":"https:\/\/www.specagra.ee\/","logo":{"@type":"ImageObject","inLanguage":"et","@id":"https:\/\/www.specagra.ee\/#\/schema\/logo\/image\/","url":"http:\/\/www.specagra.ee\/wp-content\/uploads\/2022\/02\/SP-logo_naujas-scaled.jpg","contentUrl":"http:\/\/www.specagra.ee\/wp-content\/uploads\/2022\/02\/SP-logo_naujas-scaled.jpg","width":2560,"height":326,"caption":"UAB Specagra"},"image":{"@id":"https:\/\/www.specagra.ee\/#\/schema\/logo\/image\/"}}]}},"_links":{"self":[{"href":"https:\/\/www.specagra.ee\/index.php?rest_route=\/wp\/v2\/product\/44254","targetHints":{"allow":["GET"]}}],"collection":[{"href":"https:\/\/www.specagra.ee\/index.php?rest_route=\/wp\/v2\/product"}],"about":[{"href":"https:\/\/www.specagra.ee\/index.php?rest_route=\/wp\/v2\/types\/product"}],"wp:featuredmedia":[{"embeddable":true,"href":"https:\/\/www.specagra.ee\/index.php?rest_route=\/wp\/v2\/media\/44255"}],"wp:attachment":[{"href":"https:\/\/www.specagra.ee\/index.php?rest_route=%2Fwp%2Fv2%2Fmedia&parent=44254"}],"wp:term":[{"taxonomy":"product_brand","embeddable":true,"href":"https:\/\/www.specagra.ee\/index.php?rest_route=%2Fwp%2Fv2%2Fproduct_brand&post=44254"},{"taxonomy":"product_cat","embeddable":true,"href":"https:\/\/www.specagra.ee\/index.php?rest_route=%2Fwp%2Fv2%2Fproduct_cat&post=44254"},{"taxonomy":"product_tag","embeddable":true,"href":"https:\/\/www.specagra.ee\/index.php?rest_route=%2Fwp%2Fv2%2Fproduct_tag&post=44254"}],"curies":[{"name":"wp","href":"https:\/\/api.w.org\/{rel}","templated":true}]}}