{"id":44218,"date":"2025-03-26T04:39:00","date_gmt":"2025-03-26T06:39:00","guid":{"rendered":"https:\/\/www.specagra.ee\/?post_type=product&#038;p=44218"},"modified":"2025-03-26T04:51:44","modified_gmt":"2025-03-26T06:51:44","slug":"priekaba-su-slydimo-sistema-metal-fac-lionpower","status":"publish","type":"product","link":"https:\/\/www.specagra.ee\/?product=priekaba-su-slydimo-sistema-metal-fac-lionpower","title":{"rendered":"Priekaba su slydimo sistema METAL-FAC LionPOWER"},"content":{"rendered":"<div class=\"cat-text\">\n<h4>Standartin\u0117 \u012franga<\/h4>\n<ul>\n<li>\u0160on\u0173 auk\u0161tis: 2000 mm<\/li>\n<li>CARGO t\u016brio tvirtinimas<\/li>\n<li>Hidrauli\u0161kai pakeltas galinis baga\u017ein\u0117s dangtis<\/li>\n<li>Automatin\u0117s galini\u0173 vart\u0173 spynos<\/li>\n<li>Ap\u017ei\u016bros langas priekin\u0117je sienoje<\/li>\n<li>Parabolin\u0117 pakaba su 4 lapais<\/li>\n<li>Pasukama a\u0161is, kurios matmenys 130x130mm<\/li>\n<li>Fiksuota sukabintuvo \u0105sa, kurios skersmuo \u03a640 mm<\/li>\n<li>Ratai: 560\/60 R22, 5<\/li>\n<li>Priekinis kablys su i\u0161ilgine spyruokline pakaba<\/li>\n<li>Dviej\u0173 grandini\u0173 pneumatiniai stabd\u017eiai su ALB (stabd\u017ei\u0173 antiblokavimo sistema)<\/li>\n<li>Pneumatinis stov\u0117jimo stabdys<\/li>\n<li>Hidraulinis \u017eirklinis k\u0117liklis<\/li>\n<li>Rat\u0173 kalad\u0117l\u0117s 2vnt.<\/li>\n<li>Vandens bakas su muilo talpykla<\/li>\n<li>Sulankstomas galinis buferis<\/li>\n<li>Hidraulin\u0117 sien\u0173 prailginimo sistema<\/li>\n<li>\u012eranki\u0173 d\u0117\u017e\u0117<\/li>\n<li>Galinis i\u0161leidimo dangtelis<\/li>\n<li>\u0160oninio sm\u016bgio apsauga<\/li>\n<li>LED lemput\u0117s<\/li>\n<\/ul>\n<h4>Papildoma \u012franga<\/h4>\n<ul>\n<li>Vertikalus 2 sraigt\u0173 adapteris VERTI su pla\u010diu kampu Bondioli &amp; Pavesi kardaniniu velenu<\/li>\n<li>Horizontalus 2 sraigt\u0173 adapteris ZENI su plataus kampo kardaniniu velenu i\u0161 Bondioli &amp; Pavesi<\/li>\n<li>Gr\u016bd\u0173 adapteris (sraigtinis konvejeris)<\/li>\n<li>Vairavimo a\u0161is 150\u00d7150 su Boogie pakaba<\/li>\n<li>Hidrauliniai-pneumatiniai stabd\u017eiai su ALB (be PL homologacijos)<\/li>\n<li>Ratai 650\/55 R26,5 \u2013 papildomas mokestis*<\/li>\n<li>Ratai 710\/50 R26,5 \u2013 papildomas mokestis*<\/li>\n<li>Gr\u0105\u017eulo kilpa \u03a650 mm \u2013 alternatyviai<\/li>\n<li>Rutulin\u0117 gr\u0105\u017eulo kilpa K80 \u2013 u\u017e papildom\u0105 mokest\u012f<\/li>\n<li>Priekinis gr\u0105\u017eulas su \u0105su fi 50mm, sukamasis<\/li>\n<li>Priekin\u0117 gr\u0105\u017eulo hidraulin\u0117 amortizacija \u2013 papildomas mokestis*<\/li>\n<li>Nuosavas hidraulika su GTV pompu ir konteineriu<\/li>\n<li>vyniojimas ekologiniu tirpikliu spauda ant polimerin\u0117s pl\u0117vel\u0117s (2 met\u0173 garantija UV spinduliuotei)<\/li>\n<li>Spalva kitokia nei standartin\u0117<\/li>\n<\/ul>\n<\/div>\n","protected":false},"excerpt":{"rendered":"<p>Standartin\u0117 \u012franga \u0160on\u0173 auk\u0161tis: 2000 mm CARGO t\u016brio tvirtinimas Hidrauli\u0161kai pakeltas galinis baga\u017ein\u0117s dangtis Automatin\u0117s galini\u0173 vart\u0173 spynos Ap\u017ei\u016bros langas priekin\u0117je sienoje Parabolin\u0117 pakaba su 4 lapais Pasukama a\u0161is, kurios matmenys 130x130mm Fiksuota sukabintuvo \u0105sa, kurios skersmuo \u03a640 mm Ratai: 560\/60 R22, 5 Priekinis kablys su i\u0161ilgine spyruokline pakaba Dviej\u0173 grandini\u0173 pneumatiniai stabd\u017eiai su ALB [&hellip;]<\/p>\n","protected":false},"featured_media":44219,"template":"","meta":{"_et_pb_use_builder":"","_et_pb_old_content":"","_et_gb_content_width":""},"product_brand":[],"product_cat":[95],"product_tag":[],"class_list":{"0":"post-44218","1":"product","2":"type-product","3":"status-publish","4":"has-post-thumbnail","6":"product_cat-traktorikarud-ja-poolhaagised","8":"first","9":"instock","10":"shipping-taxable","11":"product-type-simple"},"yoast_head":"<!-- This site is optimized with the Yoast SEO plugin v26.4 - https:\/\/yoast.com\/wordpress\/plugins\/seo\/ -->\n<title>Priekaba su slydimo sistema METAL-FAC LionPOWER - Specagra<\/title>\n<meta name=\"robots\" content=\"index, follow, max-snippet:-1, max-image-preview:large, max-video-preview:-1\" \/>\n<link rel=\"canonical\" href=\"https:\/\/www.specagra.ee\/?product=priekaba-su-slydimo-sistema-metal-fac-lionpower\" \/>\n<meta property=\"og:locale\" content=\"et_EE\" \/>\n<meta property=\"og:type\" content=\"article\" \/>\n<meta property=\"og:title\" content=\"Priekaba su slydimo sistema METAL-FAC LionPOWER - Specagra\" \/>\n<meta property=\"og:description\" content=\"Standartin\u0117 \u012franga \u0160on\u0173 auk\u0161tis: 2000 mm CARGO t\u016brio tvirtinimas Hidrauli\u0161kai pakeltas galinis baga\u017ein\u0117s dangtis Automatin\u0117s galini\u0173 vart\u0173 spynos Ap\u017ei\u016bros langas priekin\u0117je sienoje Parabolin\u0117 pakaba su 4 lapais Pasukama a\u0161is, kurios matmenys 130x130mm Fiksuota sukabintuvo \u0105sa, kurios skersmuo \u03a640 mm Ratai: 560\/60 R22, 5 Priekinis kablys su i\u0161ilgine spyruokline pakaba Dviej\u0173 grandini\u0173 pneumatiniai stabd\u017eiai su ALB [&hellip;]\" \/>\n<meta property=\"og:url\" content=\"https:\/\/www.specagra.ee\/?product=priekaba-su-slydimo-sistema-metal-fac-lionpower\" \/>\n<meta property=\"og:site_name\" content=\"Specagra\" \/>\n<meta property=\"article:modified_time\" content=\"2025-03-26T06:51:44+00:00\" \/>\n<meta property=\"og:image\" content=\"https:\/\/www.specagra.ee\/wp-content\/uploads\/2025\/03\/Priekaba-su-slydimo-sistema-METAL-FAC-LionPOWER.png\" \/>\n\t<meta property=\"og:image:width\" content=\"896\" \/>\n\t<meta property=\"og:image:height\" content=\"503\" \/>\n\t<meta property=\"og:image:type\" content=\"image\/png\" \/>\n<meta name=\"twitter:card\" content=\"summary_large_image\" \/>\n<meta name=\"twitter:label1\" content=\"Est. reading time\" \/>\n\t<meta name=\"twitter:data1\" content=\"2 minutit\" \/>\n<script type=\"application\/ld+json\" class=\"yoast-schema-graph\">{\"@context\":\"https:\/\/schema.org\",\"@graph\":[{\"@type\":\"WebPage\",\"@id\":\"https:\/\/www.specagra.ee\/?product=priekaba-su-slydimo-sistema-metal-fac-lionpower\",\"url\":\"https:\/\/www.specagra.ee\/?product=priekaba-su-slydimo-sistema-metal-fac-lionpower\",\"name\":\"Priekaba su slydimo sistema METAL-FAC LionPOWER - Specagra\",\"isPartOf\":{\"@id\":\"https:\/\/www.specagra.ee\/#website\"},\"primaryImageOfPage\":{\"@id\":\"https:\/\/www.specagra.ee\/?product=priekaba-su-slydimo-sistema-metal-fac-lionpower#primaryimage\"},\"image\":{\"@id\":\"https:\/\/www.specagra.ee\/?product=priekaba-su-slydimo-sistema-metal-fac-lionpower#primaryimage\"},\"thumbnailUrl\":\"https:\/\/www.specagra.ee\/wp-content\/uploads\/2025\/03\/Priekaba-su-slydimo-sistema-METAL-FAC-LionPOWER.png\",\"datePublished\":\"2025-03-26T06:39:00+00:00\",\"dateModified\":\"2025-03-26T06:51:44+00:00\",\"breadcrumb\":{\"@id\":\"https:\/\/www.specagra.ee\/?product=priekaba-su-slydimo-sistema-metal-fac-lionpower#breadcrumb\"},\"inLanguage\":\"et\",\"potentialAction\":[{\"@type\":\"ReadAction\",\"target\":[\"https:\/\/www.specagra.ee\/?product=priekaba-su-slydimo-sistema-metal-fac-lionpower\"]}]},{\"@type\":\"ImageObject\",\"inLanguage\":\"et\",\"@id\":\"https:\/\/www.specagra.ee\/?product=priekaba-su-slydimo-sistema-metal-fac-lionpower#primaryimage\",\"url\":\"https:\/\/www.specagra.ee\/wp-content\/uploads\/2025\/03\/Priekaba-su-slydimo-sistema-METAL-FAC-LionPOWER.png\",\"contentUrl\":\"https:\/\/www.specagra.ee\/wp-content\/uploads\/2025\/03\/Priekaba-su-slydimo-sistema-METAL-FAC-LionPOWER.png\",\"width\":896,\"height\":503},{\"@type\":\"BreadcrumbList\",\"@id\":\"https:\/\/www.specagra.ee\/?product=priekaba-su-slydimo-sistema-metal-fac-lionpower#breadcrumb\",\"itemListElement\":[{\"@type\":\"ListItem\",\"position\":1,\"name\":\"Home\",\"item\":\"https:\/\/www.specagra.ee\/\"},{\"@type\":\"ListItem\",\"position\":2,\"name\":\"P\u00f5llumajandustehnika ja loomakasvatus\",\"item\":\"https:\/\/specagra.ee\/?page_id=18493\"},{\"@type\":\"ListItem\",\"position\":3,\"name\":\"Priekaba su slydimo sistema METAL-FAC LionPOWER\"}]},{\"@type\":\"WebSite\",\"@id\":\"https:\/\/www.specagra.ee\/#website\",\"url\":\"https:\/\/www.specagra.ee\/\",\"name\":\"Specagra\",\"description\":\"P\u00f5llumajandustehnika ja varuosad\",\"publisher\":{\"@id\":\"https:\/\/www.specagra.ee\/#organization\"},\"potentialAction\":[{\"@type\":\"SearchAction\",\"target\":{\"@type\":\"EntryPoint\",\"urlTemplate\":\"https:\/\/www.specagra.ee\/?s={search_term_string}\"},\"query-input\":{\"@type\":\"PropertyValueSpecification\",\"valueRequired\":true,\"valueName\":\"search_term_string\"}}],\"inLanguage\":\"et\"},{\"@type\":\"Organization\",\"@id\":\"https:\/\/www.specagra.ee\/#organization\",\"name\":\"UAB Specagra\",\"url\":\"https:\/\/www.specagra.ee\/\",\"logo\":{\"@type\":\"ImageObject\",\"inLanguage\":\"et\",\"@id\":\"https:\/\/www.specagra.ee\/#\/schema\/logo\/image\/\",\"url\":\"http:\/\/www.specagra.ee\/wp-content\/uploads\/2022\/02\/SP-logo_naujas-scaled.jpg\",\"contentUrl\":\"http:\/\/www.specagra.ee\/wp-content\/uploads\/2022\/02\/SP-logo_naujas-scaled.jpg\",\"width\":2560,\"height\":326,\"caption\":\"UAB Specagra\"},\"image\":{\"@id\":\"https:\/\/www.specagra.ee\/#\/schema\/logo\/image\/\"}}]}<\/script>\n<!-- \/ Yoast SEO plugin. -->","yoast_head_json":{"title":"Priekaba su slydimo sistema METAL-FAC LionPOWER - Specagra","robots":{"index":"index","follow":"follow","max-snippet":"max-snippet:-1","max-image-preview":"max-image-preview:large","max-video-preview":"max-video-preview:-1"},"canonical":"https:\/\/www.specagra.ee\/?product=priekaba-su-slydimo-sistema-metal-fac-lionpower","og_locale":"et_EE","og_type":"article","og_title":"Priekaba su slydimo sistema METAL-FAC LionPOWER - Specagra","og_description":"Standartin\u0117 \u012franga \u0160on\u0173 auk\u0161tis: 2000 mm CARGO t\u016brio tvirtinimas Hidrauli\u0161kai pakeltas galinis baga\u017ein\u0117s dangtis Automatin\u0117s galini\u0173 vart\u0173 spynos Ap\u017ei\u016bros langas priekin\u0117je sienoje Parabolin\u0117 pakaba su 4 lapais Pasukama a\u0161is, kurios matmenys 130x130mm Fiksuota sukabintuvo \u0105sa, kurios skersmuo \u03a640 mm Ratai: 560\/60 R22, 5 Priekinis kablys su i\u0161ilgine spyruokline pakaba Dviej\u0173 grandini\u0173 pneumatiniai stabd\u017eiai su ALB [&hellip;]","og_url":"https:\/\/www.specagra.ee\/?product=priekaba-su-slydimo-sistema-metal-fac-lionpower","og_site_name":"Specagra","article_modified_time":"2025-03-26T06:51:44+00:00","og_image":[{"width":896,"height":503,"url":"https:\/\/www.specagra.ee\/wp-content\/uploads\/2025\/03\/Priekaba-su-slydimo-sistema-METAL-FAC-LionPOWER.png","type":"image\/png"}],"twitter_card":"summary_large_image","twitter_misc":{"Est. reading time":"2 minutit"},"schema":{"@context":"https:\/\/schema.org","@graph":[{"@type":"WebPage","@id":"https:\/\/www.specagra.ee\/?product=priekaba-su-slydimo-sistema-metal-fac-lionpower","url":"https:\/\/www.specagra.ee\/?product=priekaba-su-slydimo-sistema-metal-fac-lionpower","name":"Priekaba su slydimo sistema METAL-FAC LionPOWER - Specagra","isPartOf":{"@id":"https:\/\/www.specagra.ee\/#website"},"primaryImageOfPage":{"@id":"https:\/\/www.specagra.ee\/?product=priekaba-su-slydimo-sistema-metal-fac-lionpower#primaryimage"},"image":{"@id":"https:\/\/www.specagra.ee\/?product=priekaba-su-slydimo-sistema-metal-fac-lionpower#primaryimage"},"thumbnailUrl":"https:\/\/www.specagra.ee\/wp-content\/uploads\/2025\/03\/Priekaba-su-slydimo-sistema-METAL-FAC-LionPOWER.png","datePublished":"2025-03-26T06:39:00+00:00","dateModified":"2025-03-26T06:51:44+00:00","breadcrumb":{"@id":"https:\/\/www.specagra.ee\/?product=priekaba-su-slydimo-sistema-metal-fac-lionpower#breadcrumb"},"inLanguage":"et","potentialAction":[{"@type":"ReadAction","target":["https:\/\/www.specagra.ee\/?product=priekaba-su-slydimo-sistema-metal-fac-lionpower"]}]},{"@type":"ImageObject","inLanguage":"et","@id":"https:\/\/www.specagra.ee\/?product=priekaba-su-slydimo-sistema-metal-fac-lionpower#primaryimage","url":"https:\/\/www.specagra.ee\/wp-content\/uploads\/2025\/03\/Priekaba-su-slydimo-sistema-METAL-FAC-LionPOWER.png","contentUrl":"https:\/\/www.specagra.ee\/wp-content\/uploads\/2025\/03\/Priekaba-su-slydimo-sistema-METAL-FAC-LionPOWER.png","width":896,"height":503},{"@type":"BreadcrumbList","@id":"https:\/\/www.specagra.ee\/?product=priekaba-su-slydimo-sistema-metal-fac-lionpower#breadcrumb","itemListElement":[{"@type":"ListItem","position":1,"name":"Home","item":"https:\/\/www.specagra.ee\/"},{"@type":"ListItem","position":2,"name":"P\u00f5llumajandustehnika ja loomakasvatus","item":"https:\/\/specagra.ee\/?page_id=18493"},{"@type":"ListItem","position":3,"name":"Priekaba su slydimo sistema METAL-FAC LionPOWER"}]},{"@type":"WebSite","@id":"https:\/\/www.specagra.ee\/#website","url":"https:\/\/www.specagra.ee\/","name":"Specagra","description":"P\u00f5llumajandustehnika ja varuosad","publisher":{"@id":"https:\/\/www.specagra.ee\/#organization"},"potentialAction":[{"@type":"SearchAction","target":{"@type":"EntryPoint","urlTemplate":"https:\/\/www.specagra.ee\/?s={search_term_string}"},"query-input":{"@type":"PropertyValueSpecification","valueRequired":true,"valueName":"search_term_string"}}],"inLanguage":"et"},{"@type":"Organization","@id":"https:\/\/www.specagra.ee\/#organization","name":"UAB Specagra","url":"https:\/\/www.specagra.ee\/","logo":{"@type":"ImageObject","inLanguage":"et","@id":"https:\/\/www.specagra.ee\/#\/schema\/logo\/image\/","url":"http:\/\/www.specagra.ee\/wp-content\/uploads\/2022\/02\/SP-logo_naujas-scaled.jpg","contentUrl":"http:\/\/www.specagra.ee\/wp-content\/uploads\/2022\/02\/SP-logo_naujas-scaled.jpg","width":2560,"height":326,"caption":"UAB Specagra"},"image":{"@id":"https:\/\/www.specagra.ee\/#\/schema\/logo\/image\/"}}]}},"_links":{"self":[{"href":"https:\/\/www.specagra.ee\/index.php?rest_route=\/wp\/v2\/product\/44218","targetHints":{"allow":["GET"]}}],"collection":[{"href":"https:\/\/www.specagra.ee\/index.php?rest_route=\/wp\/v2\/product"}],"about":[{"href":"https:\/\/www.specagra.ee\/index.php?rest_route=\/wp\/v2\/types\/product"}],"wp:featuredmedia":[{"embeddable":true,"href":"https:\/\/www.specagra.ee\/index.php?rest_route=\/wp\/v2\/media\/44219"}],"wp:attachment":[{"href":"https:\/\/www.specagra.ee\/index.php?rest_route=%2Fwp%2Fv2%2Fmedia&parent=44218"}],"wp:term":[{"taxonomy":"product_brand","embeddable":true,"href":"https:\/\/www.specagra.ee\/index.php?rest_route=%2Fwp%2Fv2%2Fproduct_brand&post=44218"},{"taxonomy":"product_cat","embeddable":true,"href":"https:\/\/www.specagra.ee\/index.php?rest_route=%2Fwp%2Fv2%2Fproduct_cat&post=44218"},{"taxonomy":"product_tag","embeddable":true,"href":"https:\/\/www.specagra.ee\/index.php?rest_route=%2Fwp%2Fv2%2Fproduct_tag&post=44218"}],"curies":[{"name":"wp","href":"https:\/\/api.w.org\/{rel}","templated":true}]}}