{"id":44205,"date":"2025-03-25T08:09:24","date_gmt":"2025-03-25T10:09:24","guid":{"rendered":"https:\/\/www.specagra.ee\/?post_type=product&#038;p=44205"},"modified":"2025-03-27T05:43:00","modified_gmt":"2025-03-27T07:43:00","slug":"purkstuvas-unia-heron-4000","status":"publish","type":"product","link":"https:\/\/www.specagra.ee\/?product=purkstuvas-unia-heron-4000","title":{"rendered":"Purk\u0161tuvas UNIA HERON 4000"},"content":{"rendered":"<div class=\"cat-text\">\n<p class=\"\" data-start=\"29\" data-end=\"312\">Heron 4000 \u2013 pa\u017eangus purk\u0161tuvas, sukurtas tiksliai augal\u0173 apsaugai ir efektyviam darbui \u016bkyje. Jis turi Ynnowa modem\u0105, leid\u017eiant\u012f belaid\u017eiu b\u016bdu keistis duomenimis su \u016bkio valdymo sistemomis, ir yra suderinamas su ISOBUS, tod\u0117l lengvai integruojamas su kitomis valdymo sistemomis.<\/p>\n<p class=\"\" data-start=\"314\" data-end=\"601\">Dyna-Jet pur\u0161kimo technologija u\u017etikrina tiksl\u0173 skys\u010dio srauto ir la\u0161eli\u0173 dyd\u017eio valdym\u0105, leid\u017eiant\u012f reguliuoti pur\u0161kimo parametrus be purk\u0161tuk\u0173 keitimo. Section Control funkcija automati\u0161kai valdo atskir\u0173 darbo dali\u0173 ir purk\u0161tuk\u0173 \u012fjungim\u0105, taip suma\u017eindama chemini\u0173 med\u017eiag\u0173 s\u0105naudas.<\/p>\n<p class=\"\" data-start=\"603\" data-end=\"931\">Heron 4000 galima rinktis su \u012fvairiomis bako talpomis (nuo 3000 iki 6000 litr\u0173), o 300 l\/min siurblys gali b\u016bti varomas tiek traktoriaus hidraulika, tiek GTV. Naudojimo patogum\u0105 u\u017etikrina ai\u0161kiai su\u017eenklintas valdymas, 60 litr\u0173 talpos indukcinis bunkeris ir automatinis vandens tiekimo vo\u017etuvas, optimizuojantis pildymo proces\u0105.<\/p>\n<p>.Standartin\u0117 komplektacija:<\/p>\n<ul>\n<li>ISOBUS valdymo kompiuteris,<\/li>\n<li>Pneumatin\u0117 pakaba,<\/li>\n<li>LED sij\u0173 ap\u0161vietimas,<\/li>\n<li>60 litr\u0173 talpos.<\/li>\n<\/ul>\n<\/div>\n","protected":false},"excerpt":{"rendered":"<p>Heron 4000 \u2013 pa\u017eangus purk\u0161tuvas, sukurtas tiksliai augal\u0173 apsaugai ir efektyviam darbui \u016bkyje.<\/p>\n","protected":false},"featured_media":44222,"template":"","meta":{"_et_pb_use_builder":"","_et_pb_old_content":"","_et_gb_content_width":""},"product_brand":[],"product_cat":[58],"product_tag":[],"class_list":{"0":"post-44205","1":"product","2":"type-product","3":"status-publish","4":"has-post-thumbnail","6":"product_cat-pritsid","8":"first","9":"instock","10":"shipping-taxable","11":"product-type-simple"},"yoast_head":"<!-- This site is optimized with the Yoast SEO plugin v26.4 - https:\/\/yoast.com\/wordpress\/plugins\/seo\/ -->\n<title>Purk\u0161tuvas UNIA HERON 4000 - Specagra<\/title>\n<meta name=\"robots\" content=\"index, follow, max-snippet:-1, max-image-preview:large, max-video-preview:-1\" \/>\n<link rel=\"canonical\" href=\"https:\/\/www.specagra.ee\/?product=purkstuvas-unia-heron-4000\" \/>\n<meta property=\"og:locale\" content=\"et_EE\" \/>\n<meta property=\"og:type\" content=\"article\" \/>\n<meta property=\"og:title\" content=\"Purk\u0161tuvas UNIA HERON 4000 - Specagra\" \/>\n<meta property=\"og:description\" content=\"Heron 4000 \u2013 pa\u017eangus purk\u0161tuvas, sukurtas tiksliai augal\u0173 apsaugai ir efektyviam darbui \u016bkyje.\" \/>\n<meta property=\"og:url\" content=\"https:\/\/www.specagra.ee\/?product=purkstuvas-unia-heron-4000\" \/>\n<meta property=\"og:site_name\" content=\"Specagra\" \/>\n<meta property=\"article:modified_time\" content=\"2025-03-27T07:43:00+00:00\" \/>\n<meta property=\"og:image\" content=\"https:\/\/www.specagra.ee\/wp-content\/uploads\/2025\/03\/Prikabinamas-purkstuvas-UNIA-HERON-4000-2.jpg\" \/>\n\t<meta property=\"og:image:width\" content=\"896\" \/>\n\t<meta property=\"og:image:height\" content=\"503\" \/>\n\t<meta property=\"og:image:type\" content=\"image\/jpeg\" \/>\n<meta name=\"twitter:card\" content=\"summary_large_image\" \/>\n<meta name=\"twitter:label1\" content=\"Est. reading time\" \/>\n\t<meta name=\"twitter:data1\" content=\"1 minut\" \/>\n<script type=\"application\/ld+json\" class=\"yoast-schema-graph\">{\"@context\":\"https:\/\/schema.org\",\"@graph\":[{\"@type\":\"WebPage\",\"@id\":\"https:\/\/www.specagra.ee\/?product=purkstuvas-unia-heron-4000\",\"url\":\"https:\/\/www.specagra.ee\/?product=purkstuvas-unia-heron-4000\",\"name\":\"Purk\u0161tuvas UNIA HERON 4000 - Specagra\",\"isPartOf\":{\"@id\":\"https:\/\/www.specagra.ee\/#website\"},\"primaryImageOfPage\":{\"@id\":\"https:\/\/www.specagra.ee\/?product=purkstuvas-unia-heron-4000#primaryimage\"},\"image\":{\"@id\":\"https:\/\/www.specagra.ee\/?product=purkstuvas-unia-heron-4000#primaryimage\"},\"thumbnailUrl\":\"https:\/\/www.specagra.ee\/wp-content\/uploads\/2025\/03\/Prikabinamas-purkstuvas-UNIA-HERON-4000-2.jpg\",\"datePublished\":\"2025-03-25T10:09:24+00:00\",\"dateModified\":\"2025-03-27T07:43:00+00:00\",\"breadcrumb\":{\"@id\":\"https:\/\/www.specagra.ee\/?product=purkstuvas-unia-heron-4000#breadcrumb\"},\"inLanguage\":\"et\",\"potentialAction\":[{\"@type\":\"ReadAction\",\"target\":[\"https:\/\/www.specagra.ee\/?product=purkstuvas-unia-heron-4000\"]}]},{\"@type\":\"ImageObject\",\"inLanguage\":\"et\",\"@id\":\"https:\/\/www.specagra.ee\/?product=purkstuvas-unia-heron-4000#primaryimage\",\"url\":\"https:\/\/www.specagra.ee\/wp-content\/uploads\/2025\/03\/Prikabinamas-purkstuvas-UNIA-HERON-4000-2.jpg\",\"contentUrl\":\"https:\/\/www.specagra.ee\/wp-content\/uploads\/2025\/03\/Prikabinamas-purkstuvas-UNIA-HERON-4000-2.jpg\",\"width\":896,\"height\":503},{\"@type\":\"BreadcrumbList\",\"@id\":\"https:\/\/www.specagra.ee\/?product=purkstuvas-unia-heron-4000#breadcrumb\",\"itemListElement\":[{\"@type\":\"ListItem\",\"position\":1,\"name\":\"Home\",\"item\":\"https:\/\/www.specagra.ee\/\"},{\"@type\":\"ListItem\",\"position\":2,\"name\":\"P\u00f5llumajandustehnika ja loomakasvatus\",\"item\":\"https:\/\/specagra.ee\/?page_id=18493\"},{\"@type\":\"ListItem\",\"position\":3,\"name\":\"Purk\u0161tuvas UNIA HERON 4000\"}]},{\"@type\":\"WebSite\",\"@id\":\"https:\/\/www.specagra.ee\/#website\",\"url\":\"https:\/\/www.specagra.ee\/\",\"name\":\"Specagra\",\"description\":\"P\u00f5llumajandustehnika ja varuosad\",\"publisher\":{\"@id\":\"https:\/\/www.specagra.ee\/#organization\"},\"potentialAction\":[{\"@type\":\"SearchAction\",\"target\":{\"@type\":\"EntryPoint\",\"urlTemplate\":\"https:\/\/www.specagra.ee\/?s={search_term_string}\"},\"query-input\":{\"@type\":\"PropertyValueSpecification\",\"valueRequired\":true,\"valueName\":\"search_term_string\"}}],\"inLanguage\":\"et\"},{\"@type\":\"Organization\",\"@id\":\"https:\/\/www.specagra.ee\/#organization\",\"name\":\"UAB Specagra\",\"url\":\"https:\/\/www.specagra.ee\/\",\"logo\":{\"@type\":\"ImageObject\",\"inLanguage\":\"et\",\"@id\":\"https:\/\/www.specagra.ee\/#\/schema\/logo\/image\/\",\"url\":\"http:\/\/www.specagra.ee\/wp-content\/uploads\/2022\/02\/SP-logo_naujas-scaled.jpg\",\"contentUrl\":\"http:\/\/www.specagra.ee\/wp-content\/uploads\/2022\/02\/SP-logo_naujas-scaled.jpg\",\"width\":2560,\"height\":326,\"caption\":\"UAB Specagra\"},\"image\":{\"@id\":\"https:\/\/www.specagra.ee\/#\/schema\/logo\/image\/\"}}]}<\/script>\n<!-- \/ Yoast SEO plugin. -->","yoast_head_json":{"title":"Purk\u0161tuvas UNIA HERON 4000 - Specagra","robots":{"index":"index","follow":"follow","max-snippet":"max-snippet:-1","max-image-preview":"max-image-preview:large","max-video-preview":"max-video-preview:-1"},"canonical":"https:\/\/www.specagra.ee\/?product=purkstuvas-unia-heron-4000","og_locale":"et_EE","og_type":"article","og_title":"Purk\u0161tuvas UNIA HERON 4000 - Specagra","og_description":"Heron 4000 \u2013 pa\u017eangus purk\u0161tuvas, sukurtas tiksliai augal\u0173 apsaugai ir efektyviam darbui \u016bkyje.","og_url":"https:\/\/www.specagra.ee\/?product=purkstuvas-unia-heron-4000","og_site_name":"Specagra","article_modified_time":"2025-03-27T07:43:00+00:00","og_image":[{"width":896,"height":503,"url":"https:\/\/www.specagra.ee\/wp-content\/uploads\/2025\/03\/Prikabinamas-purkstuvas-UNIA-HERON-4000-2.jpg","type":"image\/jpeg"}],"twitter_card":"summary_large_image","twitter_misc":{"Est. reading time":"1 minut"},"schema":{"@context":"https:\/\/schema.org","@graph":[{"@type":"WebPage","@id":"https:\/\/www.specagra.ee\/?product=purkstuvas-unia-heron-4000","url":"https:\/\/www.specagra.ee\/?product=purkstuvas-unia-heron-4000","name":"Purk\u0161tuvas UNIA HERON 4000 - Specagra","isPartOf":{"@id":"https:\/\/www.specagra.ee\/#website"},"primaryImageOfPage":{"@id":"https:\/\/www.specagra.ee\/?product=purkstuvas-unia-heron-4000#primaryimage"},"image":{"@id":"https:\/\/www.specagra.ee\/?product=purkstuvas-unia-heron-4000#primaryimage"},"thumbnailUrl":"https:\/\/www.specagra.ee\/wp-content\/uploads\/2025\/03\/Prikabinamas-purkstuvas-UNIA-HERON-4000-2.jpg","datePublished":"2025-03-25T10:09:24+00:00","dateModified":"2025-03-27T07:43:00+00:00","breadcrumb":{"@id":"https:\/\/www.specagra.ee\/?product=purkstuvas-unia-heron-4000#breadcrumb"},"inLanguage":"et","potentialAction":[{"@type":"ReadAction","target":["https:\/\/www.specagra.ee\/?product=purkstuvas-unia-heron-4000"]}]},{"@type":"ImageObject","inLanguage":"et","@id":"https:\/\/www.specagra.ee\/?product=purkstuvas-unia-heron-4000#primaryimage","url":"https:\/\/www.specagra.ee\/wp-content\/uploads\/2025\/03\/Prikabinamas-purkstuvas-UNIA-HERON-4000-2.jpg","contentUrl":"https:\/\/www.specagra.ee\/wp-content\/uploads\/2025\/03\/Prikabinamas-purkstuvas-UNIA-HERON-4000-2.jpg","width":896,"height":503},{"@type":"BreadcrumbList","@id":"https:\/\/www.specagra.ee\/?product=purkstuvas-unia-heron-4000#breadcrumb","itemListElement":[{"@type":"ListItem","position":1,"name":"Home","item":"https:\/\/www.specagra.ee\/"},{"@type":"ListItem","position":2,"name":"P\u00f5llumajandustehnika ja loomakasvatus","item":"https:\/\/specagra.ee\/?page_id=18493"},{"@type":"ListItem","position":3,"name":"Purk\u0161tuvas UNIA HERON 4000"}]},{"@type":"WebSite","@id":"https:\/\/www.specagra.ee\/#website","url":"https:\/\/www.specagra.ee\/","name":"Specagra","description":"P\u00f5llumajandustehnika ja varuosad","publisher":{"@id":"https:\/\/www.specagra.ee\/#organization"},"potentialAction":[{"@type":"SearchAction","target":{"@type":"EntryPoint","urlTemplate":"https:\/\/www.specagra.ee\/?s={search_term_string}"},"query-input":{"@type":"PropertyValueSpecification","valueRequired":true,"valueName":"search_term_string"}}],"inLanguage":"et"},{"@type":"Organization","@id":"https:\/\/www.specagra.ee\/#organization","name":"UAB Specagra","url":"https:\/\/www.specagra.ee\/","logo":{"@type":"ImageObject","inLanguage":"et","@id":"https:\/\/www.specagra.ee\/#\/schema\/logo\/image\/","url":"http:\/\/www.specagra.ee\/wp-content\/uploads\/2022\/02\/SP-logo_naujas-scaled.jpg","contentUrl":"http:\/\/www.specagra.ee\/wp-content\/uploads\/2022\/02\/SP-logo_naujas-scaled.jpg","width":2560,"height":326,"caption":"UAB Specagra"},"image":{"@id":"https:\/\/www.specagra.ee\/#\/schema\/logo\/image\/"}}]}},"_links":{"self":[{"href":"https:\/\/www.specagra.ee\/index.php?rest_route=\/wp\/v2\/product\/44205","targetHints":{"allow":["GET"]}}],"collection":[{"href":"https:\/\/www.specagra.ee\/index.php?rest_route=\/wp\/v2\/product"}],"about":[{"href":"https:\/\/www.specagra.ee\/index.php?rest_route=\/wp\/v2\/types\/product"}],"wp:featuredmedia":[{"embeddable":true,"href":"https:\/\/www.specagra.ee\/index.php?rest_route=\/wp\/v2\/media\/44222"}],"wp:attachment":[{"href":"https:\/\/www.specagra.ee\/index.php?rest_route=%2Fwp%2Fv2%2Fmedia&parent=44205"}],"wp:term":[{"taxonomy":"product_brand","embeddable":true,"href":"https:\/\/www.specagra.ee\/index.php?rest_route=%2Fwp%2Fv2%2Fproduct_brand&post=44205"},{"taxonomy":"product_cat","embeddable":true,"href":"https:\/\/www.specagra.ee\/index.php?rest_route=%2Fwp%2Fv2%2Fproduct_cat&post=44205"},{"taxonomy":"product_tag","embeddable":true,"href":"https:\/\/www.specagra.ee\/index.php?rest_route=%2Fwp%2Fv2%2Fproduct_tag&post=44205"}],"curies":[{"name":"wp","href":"https:\/\/api.w.org\/{rel}","templated":true}]}}