{"id":44186,"date":"2025-03-21T11:53:28","date_gmt":"2025-03-21T13:53:28","guid":{"rendered":"https:\/\/www.specagra.ee\/?post_type=product&#038;p=44186"},"modified":"2025-03-25T07:43:09","modified_gmt":"2025-03-25T09:43:09","slug":"skutiklis-unia-ares-xm","status":"publish","type":"product","link":"https:\/\/specagra.ee\/?product=skutiklis-unia-ares-xm","title":{"rendered":"Skutiklis UNIA ARES XM"},"content":{"rendered":"<div class=\"cat-text\">\n<h4>Standartin\u0117 \u012franga<\/h4>\n<ul>\n<li>pusiau pakabinama a\u0161is 965\/\u00f836 mm<\/span><\/li>\n<li>2 eil\u0117s CLASSIC dantyt\u0173 disk\u0173 \u00f8560\/4 mm, pritvirtint\u0173 trikampiais guminiais amortizatoriais<br \/>\n<\/span><\/li>\n<li>kei\u010diamas, prie\u017ei\u016bros nereikalaujantis stebul\u0117<br \/>\n<\/span><\/li>\n<li>vamzdinis velenas \u00f8600 mm<br \/>\n<\/span><\/li>\n<li>spyruoklini\u0173 \u0161uk\u0173 eil\u0117 (nenaudojama su dvigubais voleliais)<br \/>\n<\/span><\/li>\n<li>mechaninis darbinio gylio reguliavimas<br \/>\n<\/span><\/li>\n<li>hidrauli\u0161kai sulankstomas r\u0117mas<br \/>\n<\/span><\/li>\n<li>transportavimo spyna integruota su sulankstymo sistema<br \/>\n<\/span><\/li>\n<li>va\u017eiuokl\u0117 su pneumatiniais stabd\u017eiais su ratais pilna 500\/50-17<\/span><\/li>\n<\/ul>\n<h4>\u012eranga u\u017e papildom\u0105 mokest\u012f<\/h4>\n<ul>\n<li>AGRESSIVE l\u0117k\u0161\u010di\u0173 rinkinys \u00f8560\/4 mm<\/li>\n<li>pilnas \u0161onini\u0173 deflektori\u0173 komplektas<\/li>\n<li>priekinis hidraulinis tempimas<\/li>\n<li>pjovimo velenas \u00f8400<\/li>\n<li>priekinis \u0161iaud\u0173 gr\u0117blys<\/li>\n<li>hidraulinis darbinio gylio reguliavimas<\/li>\n<li>hidraulinis darbinio gylio reguliavimas (parinktis privaloma dvigubiems volams)<\/li>\n<li>priekini\u0173 atramini\u0173 rat\u0173 (L ir R) komplektas su mechaniniu reguliavimu<\/li>\n<li>priekini\u0173 atramini\u0173 rat\u0173 (L ir R) komplektas su hidrauliniu reguliavimu<\/li>\n<li>\u012fsp\u0117jam\u0173j\u0173 \u017eenkl\u0173 komplektas su LED ap\u0161vietimu<\/li>\n<li>Galimyb\u0117 montuoti s\u0117jam\u0105j\u0105 FP 550<\/li>\n<\/ul>\n<\/div>\n","protected":false},"excerpt":{"rendered":"<p>Standartin\u0117 \u012franga pusiau pakabinama a\u0161is 965\/\u00f836 mm 2 eil\u0117s CLASSIC dantyt\u0173 disk\u0173 \u00f8560\/4 mm, pritvirtint\u0173 trikampiais guminiais amortizatoriais kei\u010diamas, prie\u017ei\u016bros nereikalaujantis stebul\u0117 vamzdinis velenas \u00f8600 mm spyruoklini\u0173 \u0161uk\u0173 eil\u0117 (nenaudojama su dvigubais voleliais) mechaninis darbinio gylio reguliavimas hidrauli\u0161kai sulankstomas r\u0117mas transportavimo spyna integruota su sulankstymo sistema va\u017eiuokl\u0117 su pneumatiniais stabd\u017eiais su ratais pilna 500\/50-17 \u012eranga [&hellip;]<\/p>\n","protected":false},"featured_media":44190,"template":"","meta":{"_et_pb_use_builder":"","_et_pb_old_content":"","_et_gb_content_width":""},"product_brand":[],"product_cat":[35,37,38],"product_tag":[],"class_list":{"0":"post-44186","1":"product","2":"type-product","3":"status-publish","4":"has-post-thumbnail","6":"product_cat-polluharimistehnika","7":"product_cat-kobestid","8":"product_cat-ketaskultivaator","10":"first","11":"instock","12":"shipping-taxable","13":"product-type-simple"},"yoast_head":"<!-- This site is optimized with the Yoast SEO plugin v26.4 - https:\/\/yoast.com\/wordpress\/plugins\/seo\/ -->\n<title>Skutiklis UNIA ARES XM - Specagra<\/title>\n<meta name=\"robots\" content=\"index, follow, max-snippet:-1, max-image-preview:large, max-video-preview:-1\" \/>\n<link rel=\"canonical\" href=\"https:\/\/specagra.ee\/?product=skutiklis-unia-ares-xm\" \/>\n<meta property=\"og:locale\" content=\"et_EE\" \/>\n<meta property=\"og:type\" content=\"article\" \/>\n<meta property=\"og:title\" content=\"Skutiklis UNIA ARES XM - Specagra\" \/>\n<meta property=\"og:description\" content=\"Standartin\u0117 \u012franga pusiau pakabinama a\u0161is 965\/\u00f836 mm 2 eil\u0117s CLASSIC dantyt\u0173 disk\u0173 \u00f8560\/4 mm, pritvirtint\u0173 trikampiais guminiais amortizatoriais kei\u010diamas, prie\u017ei\u016bros nereikalaujantis stebul\u0117 vamzdinis velenas \u00f8600 mm spyruoklini\u0173 \u0161uk\u0173 eil\u0117 (nenaudojama su dvigubais voleliais) mechaninis darbinio gylio reguliavimas hidrauli\u0161kai sulankstomas r\u0117mas transportavimo spyna integruota su sulankstymo sistema va\u017eiuokl\u0117 su pneumatiniais stabd\u017eiais su ratais pilna 500\/50-17 \u012eranga [&hellip;]\" \/>\n<meta property=\"og:url\" content=\"https:\/\/specagra.ee\/?product=skutiklis-unia-ares-xm\" \/>\n<meta property=\"og:site_name\" content=\"Specagra\" \/>\n<meta property=\"article:modified_time\" content=\"2025-03-25T09:43:09+00:00\" \/>\n<meta property=\"og:image\" content=\"https:\/\/specagra.ee\/wp-content\/uploads\/2025\/03\/Skutiklis-UNIA-ARES-XM.jpg\" \/>\n\t<meta property=\"og:image:width\" content=\"896\" \/>\n\t<meta property=\"og:image:height\" content=\"503\" \/>\n\t<meta property=\"og:image:type\" content=\"image\/jpeg\" \/>\n<meta name=\"twitter:card\" content=\"summary_large_image\" \/>\n<meta name=\"twitter:label1\" content=\"Est. reading time\" \/>\n\t<meta name=\"twitter:data1\" content=\"1 minut\" \/>\n<script type=\"application\/ld+json\" class=\"yoast-schema-graph\">{\"@context\":\"https:\/\/schema.org\",\"@graph\":[{\"@type\":\"WebPage\",\"@id\":\"https:\/\/specagra.ee\/?product=skutiklis-unia-ares-xm\",\"url\":\"https:\/\/specagra.ee\/?product=skutiklis-unia-ares-xm\",\"name\":\"Skutiklis UNIA ARES XM - Specagra\",\"isPartOf\":{\"@id\":\"https:\/\/specagra.ee\/#website\"},\"primaryImageOfPage\":{\"@id\":\"https:\/\/specagra.ee\/?product=skutiklis-unia-ares-xm#primaryimage\"},\"image\":{\"@id\":\"https:\/\/specagra.ee\/?product=skutiklis-unia-ares-xm#primaryimage\"},\"thumbnailUrl\":\"https:\/\/specagra.ee\/wp-content\/uploads\/2025\/03\/Skutiklis-UNIA-ARES-XM.jpg\",\"datePublished\":\"2025-03-21T13:53:28+00:00\",\"dateModified\":\"2025-03-25T09:43:09+00:00\",\"breadcrumb\":{\"@id\":\"https:\/\/specagra.ee\/?product=skutiklis-unia-ares-xm#breadcrumb\"},\"inLanguage\":\"et\",\"potentialAction\":[{\"@type\":\"ReadAction\",\"target\":[\"https:\/\/specagra.ee\/?product=skutiklis-unia-ares-xm\"]}]},{\"@type\":\"ImageObject\",\"inLanguage\":\"et\",\"@id\":\"https:\/\/specagra.ee\/?product=skutiklis-unia-ares-xm#primaryimage\",\"url\":\"https:\/\/specagra.ee\/wp-content\/uploads\/2025\/03\/Skutiklis-UNIA-ARES-XM.jpg\",\"contentUrl\":\"https:\/\/specagra.ee\/wp-content\/uploads\/2025\/03\/Skutiklis-UNIA-ARES-XM.jpg\",\"width\":896,\"height\":503},{\"@type\":\"BreadcrumbList\",\"@id\":\"https:\/\/specagra.ee\/?product=skutiklis-unia-ares-xm#breadcrumb\",\"itemListElement\":[{\"@type\":\"ListItem\",\"position\":1,\"name\":\"Home\",\"item\":\"https:\/\/www.specagra.ee\/\"},{\"@type\":\"ListItem\",\"position\":2,\"name\":\"P\u00f5llumajandustehnika ja loomakasvatus\",\"item\":\"https:\/\/specagra.ee\/?page_id=18493\"},{\"@type\":\"ListItem\",\"position\":3,\"name\":\"Skutiklis UNIA ARES XM\"}]},{\"@type\":\"WebSite\",\"@id\":\"https:\/\/specagra.ee\/#website\",\"url\":\"https:\/\/specagra.ee\/\",\"name\":\"Specagra\",\"description\":\"P\u00f5llumajandustehnika ja varuosad\",\"publisher\":{\"@id\":\"https:\/\/specagra.ee\/#organization\"},\"potentialAction\":[{\"@type\":\"SearchAction\",\"target\":{\"@type\":\"EntryPoint\",\"urlTemplate\":\"https:\/\/specagra.ee\/?s={search_term_string}\"},\"query-input\":{\"@type\":\"PropertyValueSpecification\",\"valueRequired\":true,\"valueName\":\"search_term_string\"}}],\"inLanguage\":\"et\"},{\"@type\":\"Organization\",\"@id\":\"https:\/\/specagra.ee\/#organization\",\"name\":\"UAB Specagra\",\"url\":\"https:\/\/specagra.ee\/\",\"logo\":{\"@type\":\"ImageObject\",\"inLanguage\":\"et\",\"@id\":\"https:\/\/specagra.ee\/#\/schema\/logo\/image\/\",\"url\":\"http:\/\/www.specagra.ee\/wp-content\/uploads\/2022\/02\/SP-logo_naujas-scaled.jpg\",\"contentUrl\":\"http:\/\/www.specagra.ee\/wp-content\/uploads\/2022\/02\/SP-logo_naujas-scaled.jpg\",\"width\":2560,\"height\":326,\"caption\":\"UAB Specagra\"},\"image\":{\"@id\":\"https:\/\/specagra.ee\/#\/schema\/logo\/image\/\"}}]}<\/script>\n<!-- \/ Yoast SEO plugin. -->","yoast_head_json":{"title":"Skutiklis UNIA ARES XM - Specagra","robots":{"index":"index","follow":"follow","max-snippet":"max-snippet:-1","max-image-preview":"max-image-preview:large","max-video-preview":"max-video-preview:-1"},"canonical":"https:\/\/specagra.ee\/?product=skutiklis-unia-ares-xm","og_locale":"et_EE","og_type":"article","og_title":"Skutiklis UNIA ARES XM - Specagra","og_description":"Standartin\u0117 \u012franga pusiau pakabinama a\u0161is 965\/\u00f836 mm 2 eil\u0117s CLASSIC dantyt\u0173 disk\u0173 \u00f8560\/4 mm, pritvirtint\u0173 trikampiais guminiais amortizatoriais kei\u010diamas, prie\u017ei\u016bros nereikalaujantis stebul\u0117 vamzdinis velenas \u00f8600 mm spyruoklini\u0173 \u0161uk\u0173 eil\u0117 (nenaudojama su dvigubais voleliais) mechaninis darbinio gylio reguliavimas hidrauli\u0161kai sulankstomas r\u0117mas transportavimo spyna integruota su sulankstymo sistema va\u017eiuokl\u0117 su pneumatiniais stabd\u017eiais su ratais pilna 500\/50-17 \u012eranga [&hellip;]","og_url":"https:\/\/specagra.ee\/?product=skutiklis-unia-ares-xm","og_site_name":"Specagra","article_modified_time":"2025-03-25T09:43:09+00:00","og_image":[{"width":896,"height":503,"url":"https:\/\/specagra.ee\/wp-content\/uploads\/2025\/03\/Skutiklis-UNIA-ARES-XM.jpg","type":"image\/jpeg"}],"twitter_card":"summary_large_image","twitter_misc":{"Est. reading time":"1 minut"},"schema":{"@context":"https:\/\/schema.org","@graph":[{"@type":"WebPage","@id":"https:\/\/specagra.ee\/?product=skutiklis-unia-ares-xm","url":"https:\/\/specagra.ee\/?product=skutiklis-unia-ares-xm","name":"Skutiklis UNIA ARES XM - Specagra","isPartOf":{"@id":"https:\/\/specagra.ee\/#website"},"primaryImageOfPage":{"@id":"https:\/\/specagra.ee\/?product=skutiklis-unia-ares-xm#primaryimage"},"image":{"@id":"https:\/\/specagra.ee\/?product=skutiklis-unia-ares-xm#primaryimage"},"thumbnailUrl":"https:\/\/specagra.ee\/wp-content\/uploads\/2025\/03\/Skutiklis-UNIA-ARES-XM.jpg","datePublished":"2025-03-21T13:53:28+00:00","dateModified":"2025-03-25T09:43:09+00:00","breadcrumb":{"@id":"https:\/\/specagra.ee\/?product=skutiklis-unia-ares-xm#breadcrumb"},"inLanguage":"et","potentialAction":[{"@type":"ReadAction","target":["https:\/\/specagra.ee\/?product=skutiklis-unia-ares-xm"]}]},{"@type":"ImageObject","inLanguage":"et","@id":"https:\/\/specagra.ee\/?product=skutiklis-unia-ares-xm#primaryimage","url":"https:\/\/specagra.ee\/wp-content\/uploads\/2025\/03\/Skutiklis-UNIA-ARES-XM.jpg","contentUrl":"https:\/\/specagra.ee\/wp-content\/uploads\/2025\/03\/Skutiklis-UNIA-ARES-XM.jpg","width":896,"height":503},{"@type":"BreadcrumbList","@id":"https:\/\/specagra.ee\/?product=skutiklis-unia-ares-xm#breadcrumb","itemListElement":[{"@type":"ListItem","position":1,"name":"Home","item":"https:\/\/www.specagra.ee\/"},{"@type":"ListItem","position":2,"name":"P\u00f5llumajandustehnika ja loomakasvatus","item":"https:\/\/specagra.ee\/?page_id=18493"},{"@type":"ListItem","position":3,"name":"Skutiklis UNIA ARES XM"}]},{"@type":"WebSite","@id":"https:\/\/specagra.ee\/#website","url":"https:\/\/specagra.ee\/","name":"Specagra","description":"P\u00f5llumajandustehnika ja varuosad","publisher":{"@id":"https:\/\/specagra.ee\/#organization"},"potentialAction":[{"@type":"SearchAction","target":{"@type":"EntryPoint","urlTemplate":"https:\/\/specagra.ee\/?s={search_term_string}"},"query-input":{"@type":"PropertyValueSpecification","valueRequired":true,"valueName":"search_term_string"}}],"inLanguage":"et"},{"@type":"Organization","@id":"https:\/\/specagra.ee\/#organization","name":"UAB Specagra","url":"https:\/\/specagra.ee\/","logo":{"@type":"ImageObject","inLanguage":"et","@id":"https:\/\/specagra.ee\/#\/schema\/logo\/image\/","url":"http:\/\/www.specagra.ee\/wp-content\/uploads\/2022\/02\/SP-logo_naujas-scaled.jpg","contentUrl":"http:\/\/www.specagra.ee\/wp-content\/uploads\/2022\/02\/SP-logo_naujas-scaled.jpg","width":2560,"height":326,"caption":"UAB Specagra"},"image":{"@id":"https:\/\/specagra.ee\/#\/schema\/logo\/image\/"}}]}},"_links":{"self":[{"href":"https:\/\/specagra.ee\/index.php?rest_route=\/wp\/v2\/product\/44186","targetHints":{"allow":["GET"]}}],"collection":[{"href":"https:\/\/specagra.ee\/index.php?rest_route=\/wp\/v2\/product"}],"about":[{"href":"https:\/\/specagra.ee\/index.php?rest_route=\/wp\/v2\/types\/product"}],"wp:featuredmedia":[{"embeddable":true,"href":"https:\/\/specagra.ee\/index.php?rest_route=\/wp\/v2\/media\/44190"}],"wp:attachment":[{"href":"https:\/\/specagra.ee\/index.php?rest_route=%2Fwp%2Fv2%2Fmedia&parent=44186"}],"wp:term":[{"taxonomy":"product_brand","embeddable":true,"href":"https:\/\/specagra.ee\/index.php?rest_route=%2Fwp%2Fv2%2Fproduct_brand&post=44186"},{"taxonomy":"product_cat","embeddable":true,"href":"https:\/\/specagra.ee\/index.php?rest_route=%2Fwp%2Fv2%2Fproduct_cat&post=44186"},{"taxonomy":"product_tag","embeddable":true,"href":"https:\/\/specagra.ee\/index.php?rest_route=%2Fwp%2Fv2%2Fproduct_tag&post=44186"}],"curies":[{"name":"wp","href":"https:\/\/api.w.org\/{rel}","templated":true}]}}