{"id":43449,"date":"2025-01-16T05:25:30","date_gmt":"2025-01-16T07:25:30","guid":{"rendered":"https:\/\/www.specagra.ee\/?post_type=product&#038;p=43449"},"modified":"2025-01-17T09:50:51","modified_gmt":"2025-01-17T11:50:51","slug":"moduliniai-gardeliai-cosnet-hygiene-pro-hdpe","status":"publish","type":"product","link":"https:\/\/www.specagra.ee\/?product=moduliniai-gardeliai-cosnet-hygiene-pro-hdpe","title":{"rendered":"Moduliniai gardeliai COSNET HYGIENE PRO HDPE"},"content":{"rendered":"<p>Visos ver\u0161eli\u0173 gardeli\u0173 sudedamosios dalys suprojektuotos taip, kad jas b\u016bt\u0173 galima sujungti \u012f tvirtus modulinius vienetus. Gardeliai sujungiami ki\u0161tukais, tod\u0117l juos itin lengva pastatyti ir i\u0161ardyti. Atskirus gardelius galima statyti eil\u0117mis arba vien\u0105 prie kito. Ypa\u010d tvirtos \u0161onin\u0117s ir galin\u0117s pertvaros, pagamintos i\u0161 vientiso rotacinio liejimo didelio tankio polietileno ir yra hermeti\u0161kai apsaugotos nuo purvo, kad b\u016bt\u0173 u\u017etikrinta optimali higiena ir gyvuli\u0173 gerov\u0117.<\/p>\n<p>Gardelius sudaro:<br \/>\n&#8211; varteliai priekyje su lengvai naudojama \u201eMVE\u201c vertikalaus u\u017erakto sistema, 2 i\u0161traukiamais 28 cm skersmens kibir\u0173 laikikliais, reguliuojamais vyriais ir skardos pagrindu. Varteliuose galima sumontuoti galvos fiksavimo groteles.<br \/>\n&#8211; HDPE \u0161onin\u0117s pertvaros su kai\u0161\u010diais, skirtos apsaugoti ver\u0161elius nuo kontakto \u017eemiau nei 900 mm nuo \u017eem\u0117s, laikantis Europos taisykli\u0173 ir \u017dem\u0117s \u016bkio rekomendacij\u0173.<\/p>\n<p>Ver\u0161eli\u0173 gardeliai skirti auginti patalpoje iki 2 m\u0117nesi\u0173 am\u017eiaus ver\u0161elius.<\/p>\n<p>&nbsp;<\/p>\n<p>Prijungiamoji gardelio dalis <span class=\"js-product-reference\">1123273<\/span> \/ Gardelis <span class=\"js-product-reference\">1123271<\/span>:<\/p>\n<p>Bendras plotis 1193 mm<br \/>\nBendras auk\u0161tis 1180 mm<br \/>\nBendrasis ilgis 1744 mm<br \/>\nPavir\u0161iaus plotas 1,82 m\u00b2<br \/>\nVidinis plotis 1093 mm<br \/>\nVidinis ilgis 1667 mm<br \/>\nVidinis auk\u0161tis 1096 mm<\/p>\n<p>&nbsp;<\/p>\n<p>&nbsp;<\/p>\n<p>&nbsp;<\/p>\n","protected":false},"excerpt":{"rendered":"<p>Visos ver\u0161eli\u0173 gardeli\u0173 sudedamosios dalys suprojektuotos taip, kad jas b\u016bt\u0173 galima sujungti \u012f tvirtus modulinius vienetus. Gardeliai sujungiami ki\u0161tukais, tod\u0117l juos itin lengva pastatyti ir i\u0161ardyti. Atskirus gardelius galima statyti eil\u0117mis arba vien\u0105 prie kito. Ypa\u010d tvirtos \u0161onin\u0117s ir galin\u0117s pertvaros, pagamintos i\u0161 vientiso rotacinio liejimo didelio tankio polietileno ir yra hermeti\u0161kai apsaugotos nuo purvo, [&hellip;]<\/p>\n","protected":false},"featured_media":43450,"template":"","meta":{"_et_pb_use_builder":"","_et_pb_old_content":"","_et_gb_content_width":""},"product_brand":[],"product_cat":[155],"product_tag":[],"class_list":{"0":"post-43449","1":"product","2":"type-product","3":"status-publish","4":"has-post-thumbnail","6":"product_cat-vasikate-varjualused-ja-aedikud","8":"first","9":"instock","10":"shipping-taxable","11":"product-type-simple"},"yoast_head":"<!-- This site is optimized with the Yoast SEO plugin v26.4 - https:\/\/yoast.com\/wordpress\/plugins\/seo\/ -->\n<title>Moduliniai gardeliai COSNET HYGIENE PRO HDPE - Specagra<\/title>\n<meta name=\"robots\" content=\"index, follow, max-snippet:-1, max-image-preview:large, max-video-preview:-1\" \/>\n<link rel=\"canonical\" href=\"https:\/\/www.specagra.ee\/?product=moduliniai-gardeliai-cosnet-hygiene-pro-hdpe\" \/>\n<meta property=\"og:locale\" content=\"et_EE\" \/>\n<meta property=\"og:type\" content=\"article\" \/>\n<meta property=\"og:title\" content=\"Moduliniai gardeliai COSNET HYGIENE PRO HDPE - Specagra\" \/>\n<meta property=\"og:description\" content=\"Visos ver\u0161eli\u0173 gardeli\u0173 sudedamosios dalys suprojektuotos taip, kad jas b\u016bt\u0173 galima sujungti \u012f tvirtus modulinius vienetus. Gardeliai sujungiami ki\u0161tukais, tod\u0117l juos itin lengva pastatyti ir i\u0161ardyti. Atskirus gardelius galima statyti eil\u0117mis arba vien\u0105 prie kito. Ypa\u010d tvirtos \u0161onin\u0117s ir galin\u0117s pertvaros, pagamintos i\u0161 vientiso rotacinio liejimo didelio tankio polietileno ir yra hermeti\u0161kai apsaugotos nuo purvo, [&hellip;]\" \/>\n<meta property=\"og:url\" content=\"https:\/\/www.specagra.ee\/?product=moduliniai-gardeliai-cosnet-hygiene-pro-hdpe\" \/>\n<meta property=\"og:site_name\" content=\"Specagra\" \/>\n<meta property=\"article:modified_time\" content=\"2025-01-17T11:50:51+00:00\" \/>\n<meta property=\"og:image\" content=\"https:\/\/www.specagra.ee\/wp-content\/uploads\/2025\/01\/Untitled-design-3.png\" \/>\n\t<meta property=\"og:image:width\" content=\"900\" \/>\n\t<meta property=\"og:image:height\" content=\"900\" \/>\n\t<meta property=\"og:image:type\" content=\"image\/png\" \/>\n<meta name=\"twitter:card\" content=\"summary_large_image\" \/>\n<meta name=\"twitter:label1\" content=\"Est. reading time\" \/>\n\t<meta name=\"twitter:data1\" content=\"2 minutit\" \/>\n<script type=\"application\/ld+json\" class=\"yoast-schema-graph\">{\"@context\":\"https:\/\/schema.org\",\"@graph\":[{\"@type\":\"WebPage\",\"@id\":\"https:\/\/www.specagra.ee\/?product=moduliniai-gardeliai-cosnet-hygiene-pro-hdpe\",\"url\":\"https:\/\/www.specagra.ee\/?product=moduliniai-gardeliai-cosnet-hygiene-pro-hdpe\",\"name\":\"Moduliniai gardeliai COSNET HYGIENE PRO HDPE - Specagra\",\"isPartOf\":{\"@id\":\"https:\/\/www.specagra.ee\/#website\"},\"primaryImageOfPage\":{\"@id\":\"https:\/\/www.specagra.ee\/?product=moduliniai-gardeliai-cosnet-hygiene-pro-hdpe#primaryimage\"},\"image\":{\"@id\":\"https:\/\/www.specagra.ee\/?product=moduliniai-gardeliai-cosnet-hygiene-pro-hdpe#primaryimage\"},\"thumbnailUrl\":\"https:\/\/www.specagra.ee\/wp-content\/uploads\/2025\/01\/Untitled-design-3.png\",\"datePublished\":\"2025-01-16T07:25:30+00:00\",\"dateModified\":\"2025-01-17T11:50:51+00:00\",\"breadcrumb\":{\"@id\":\"https:\/\/www.specagra.ee\/?product=moduliniai-gardeliai-cosnet-hygiene-pro-hdpe#breadcrumb\"},\"inLanguage\":\"et\",\"potentialAction\":[{\"@type\":\"ReadAction\",\"target\":[\"https:\/\/www.specagra.ee\/?product=moduliniai-gardeliai-cosnet-hygiene-pro-hdpe\"]}]},{\"@type\":\"ImageObject\",\"inLanguage\":\"et\",\"@id\":\"https:\/\/www.specagra.ee\/?product=moduliniai-gardeliai-cosnet-hygiene-pro-hdpe#primaryimage\",\"url\":\"https:\/\/www.specagra.ee\/wp-content\/uploads\/2025\/01\/Untitled-design-3.png\",\"contentUrl\":\"https:\/\/www.specagra.ee\/wp-content\/uploads\/2025\/01\/Untitled-design-3.png\",\"width\":900,\"height\":900},{\"@type\":\"BreadcrumbList\",\"@id\":\"https:\/\/www.specagra.ee\/?product=moduliniai-gardeliai-cosnet-hygiene-pro-hdpe#breadcrumb\",\"itemListElement\":[{\"@type\":\"ListItem\",\"position\":1,\"name\":\"Home\",\"item\":\"https:\/\/www.specagra.ee\/\"},{\"@type\":\"ListItem\",\"position\":2,\"name\":\"P\u00f5llumajandustehnika ja loomakasvatus\",\"item\":\"https:\/\/specagra.ee\/?page_id=18493\"},{\"@type\":\"ListItem\",\"position\":3,\"name\":\"Moduliniai gardeliai COSNET HYGIENE PRO HDPE\"}]},{\"@type\":\"WebSite\",\"@id\":\"https:\/\/www.specagra.ee\/#website\",\"url\":\"https:\/\/www.specagra.ee\/\",\"name\":\"Specagra\",\"description\":\"P\u00f5llumajandustehnika ja varuosad\",\"publisher\":{\"@id\":\"https:\/\/www.specagra.ee\/#organization\"},\"potentialAction\":[{\"@type\":\"SearchAction\",\"target\":{\"@type\":\"EntryPoint\",\"urlTemplate\":\"https:\/\/www.specagra.ee\/?s={search_term_string}\"},\"query-input\":{\"@type\":\"PropertyValueSpecification\",\"valueRequired\":true,\"valueName\":\"search_term_string\"}}],\"inLanguage\":\"et\"},{\"@type\":\"Organization\",\"@id\":\"https:\/\/www.specagra.ee\/#organization\",\"name\":\"UAB Specagra\",\"url\":\"https:\/\/www.specagra.ee\/\",\"logo\":{\"@type\":\"ImageObject\",\"inLanguage\":\"et\",\"@id\":\"https:\/\/www.specagra.ee\/#\/schema\/logo\/image\/\",\"url\":\"http:\/\/www.specagra.ee\/wp-content\/uploads\/2022\/02\/SP-logo_naujas-scaled.jpg\",\"contentUrl\":\"http:\/\/www.specagra.ee\/wp-content\/uploads\/2022\/02\/SP-logo_naujas-scaled.jpg\",\"width\":2560,\"height\":326,\"caption\":\"UAB Specagra\"},\"image\":{\"@id\":\"https:\/\/www.specagra.ee\/#\/schema\/logo\/image\/\"}}]}<\/script>\n<!-- \/ Yoast SEO plugin. -->","yoast_head_json":{"title":"Moduliniai gardeliai COSNET HYGIENE PRO HDPE - Specagra","robots":{"index":"index","follow":"follow","max-snippet":"max-snippet:-1","max-image-preview":"max-image-preview:large","max-video-preview":"max-video-preview:-1"},"canonical":"https:\/\/www.specagra.ee\/?product=moduliniai-gardeliai-cosnet-hygiene-pro-hdpe","og_locale":"et_EE","og_type":"article","og_title":"Moduliniai gardeliai COSNET HYGIENE PRO HDPE - Specagra","og_description":"Visos ver\u0161eli\u0173 gardeli\u0173 sudedamosios dalys suprojektuotos taip, kad jas b\u016bt\u0173 galima sujungti \u012f tvirtus modulinius vienetus. Gardeliai sujungiami ki\u0161tukais, tod\u0117l juos itin lengva pastatyti ir i\u0161ardyti. Atskirus gardelius galima statyti eil\u0117mis arba vien\u0105 prie kito. Ypa\u010d tvirtos \u0161onin\u0117s ir galin\u0117s pertvaros, pagamintos i\u0161 vientiso rotacinio liejimo didelio tankio polietileno ir yra hermeti\u0161kai apsaugotos nuo purvo, [&hellip;]","og_url":"https:\/\/www.specagra.ee\/?product=moduliniai-gardeliai-cosnet-hygiene-pro-hdpe","og_site_name":"Specagra","article_modified_time":"2025-01-17T11:50:51+00:00","og_image":[{"width":900,"height":900,"url":"https:\/\/www.specagra.ee\/wp-content\/uploads\/2025\/01\/Untitled-design-3.png","type":"image\/png"}],"twitter_card":"summary_large_image","twitter_misc":{"Est. reading time":"2 minutit"},"schema":{"@context":"https:\/\/schema.org","@graph":[{"@type":"WebPage","@id":"https:\/\/www.specagra.ee\/?product=moduliniai-gardeliai-cosnet-hygiene-pro-hdpe","url":"https:\/\/www.specagra.ee\/?product=moduliniai-gardeliai-cosnet-hygiene-pro-hdpe","name":"Moduliniai gardeliai COSNET HYGIENE PRO HDPE - Specagra","isPartOf":{"@id":"https:\/\/www.specagra.ee\/#website"},"primaryImageOfPage":{"@id":"https:\/\/www.specagra.ee\/?product=moduliniai-gardeliai-cosnet-hygiene-pro-hdpe#primaryimage"},"image":{"@id":"https:\/\/www.specagra.ee\/?product=moduliniai-gardeliai-cosnet-hygiene-pro-hdpe#primaryimage"},"thumbnailUrl":"https:\/\/www.specagra.ee\/wp-content\/uploads\/2025\/01\/Untitled-design-3.png","datePublished":"2025-01-16T07:25:30+00:00","dateModified":"2025-01-17T11:50:51+00:00","breadcrumb":{"@id":"https:\/\/www.specagra.ee\/?product=moduliniai-gardeliai-cosnet-hygiene-pro-hdpe#breadcrumb"},"inLanguage":"et","potentialAction":[{"@type":"ReadAction","target":["https:\/\/www.specagra.ee\/?product=moduliniai-gardeliai-cosnet-hygiene-pro-hdpe"]}]},{"@type":"ImageObject","inLanguage":"et","@id":"https:\/\/www.specagra.ee\/?product=moduliniai-gardeliai-cosnet-hygiene-pro-hdpe#primaryimage","url":"https:\/\/www.specagra.ee\/wp-content\/uploads\/2025\/01\/Untitled-design-3.png","contentUrl":"https:\/\/www.specagra.ee\/wp-content\/uploads\/2025\/01\/Untitled-design-3.png","width":900,"height":900},{"@type":"BreadcrumbList","@id":"https:\/\/www.specagra.ee\/?product=moduliniai-gardeliai-cosnet-hygiene-pro-hdpe#breadcrumb","itemListElement":[{"@type":"ListItem","position":1,"name":"Home","item":"https:\/\/www.specagra.ee\/"},{"@type":"ListItem","position":2,"name":"P\u00f5llumajandustehnika ja loomakasvatus","item":"https:\/\/specagra.ee\/?page_id=18493"},{"@type":"ListItem","position":3,"name":"Moduliniai gardeliai COSNET HYGIENE PRO HDPE"}]},{"@type":"WebSite","@id":"https:\/\/www.specagra.ee\/#website","url":"https:\/\/www.specagra.ee\/","name":"Specagra","description":"P\u00f5llumajandustehnika ja varuosad","publisher":{"@id":"https:\/\/www.specagra.ee\/#organization"},"potentialAction":[{"@type":"SearchAction","target":{"@type":"EntryPoint","urlTemplate":"https:\/\/www.specagra.ee\/?s={search_term_string}"},"query-input":{"@type":"PropertyValueSpecification","valueRequired":true,"valueName":"search_term_string"}}],"inLanguage":"et"},{"@type":"Organization","@id":"https:\/\/www.specagra.ee\/#organization","name":"UAB Specagra","url":"https:\/\/www.specagra.ee\/","logo":{"@type":"ImageObject","inLanguage":"et","@id":"https:\/\/www.specagra.ee\/#\/schema\/logo\/image\/","url":"http:\/\/www.specagra.ee\/wp-content\/uploads\/2022\/02\/SP-logo_naujas-scaled.jpg","contentUrl":"http:\/\/www.specagra.ee\/wp-content\/uploads\/2022\/02\/SP-logo_naujas-scaled.jpg","width":2560,"height":326,"caption":"UAB Specagra"},"image":{"@id":"https:\/\/www.specagra.ee\/#\/schema\/logo\/image\/"}}]}},"_links":{"self":[{"href":"https:\/\/www.specagra.ee\/index.php?rest_route=\/wp\/v2\/product\/43449","targetHints":{"allow":["GET"]}}],"collection":[{"href":"https:\/\/www.specagra.ee\/index.php?rest_route=\/wp\/v2\/product"}],"about":[{"href":"https:\/\/www.specagra.ee\/index.php?rest_route=\/wp\/v2\/types\/product"}],"wp:featuredmedia":[{"embeddable":true,"href":"https:\/\/www.specagra.ee\/index.php?rest_route=\/wp\/v2\/media\/43450"}],"wp:attachment":[{"href":"https:\/\/www.specagra.ee\/index.php?rest_route=%2Fwp%2Fv2%2Fmedia&parent=43449"}],"wp:term":[{"taxonomy":"product_brand","embeddable":true,"href":"https:\/\/www.specagra.ee\/index.php?rest_route=%2Fwp%2Fv2%2Fproduct_brand&post=43449"},{"taxonomy":"product_cat","embeddable":true,"href":"https:\/\/www.specagra.ee\/index.php?rest_route=%2Fwp%2Fv2%2Fproduct_cat&post=43449"},{"taxonomy":"product_tag","embeddable":true,"href":"https:\/\/www.specagra.ee\/index.php?rest_route=%2Fwp%2Fv2%2Fproduct_tag&post=43449"}],"curies":[{"name":"wp","href":"https:\/\/api.w.org\/{rel}","templated":true}]}}