{"id":43437,"date":"2025-01-15T11:39:59","date_gmt":"2025-01-15T13:39:59","guid":{"rendered":"https:\/\/www.specagra.ee\/?post_type=product&#038;p=43437"},"modified":"2025-01-17T10:04:14","modified_gmt":"2025-01-17T12:04:14","slug":"vienvietis-modulinis-namelis-su-ratukais-cosnet","status":"publish","type":"product","link":"https:\/\/www.specagra.ee\/?product=vienvietis-modulinis-namelis-su-ratukais-cosnet","title":{"rendered":"Vienvietis modulinis namelis su ratukai COSNET"},"content":{"rendered":"<p>Auk\u0161\u010diausios kokyb\u0117s ver\u0161eli\u0173 gardelis su ratukais. Skirtas auginti iki 2 m\u0117nesi\u0173 am\u017eiaus ver\u0161elius.<\/p>\n<p>Lengva perve\u017eti, nes gale yra fiksuoti ratai, o priekyje &#8211; i\u0161traukiamos rankenos (priekyje taip pat galima prisukti ratus).<\/p>\n<p>Var\u0161eli\u0173 gardel\u012f sudaro:<br \/>\n&#8211; kar\u0161tai cinkuotas metalinis r\u0117mas.<br \/>\n&#8211; priekin\u0117 plo\u0161t\u0117 su dviem vietomis galvai, kurioje \u012frengta \u201eMVE\u201c vertikalaus u\u017erakto sistema. Priekin\u0117 dalis su 2 i\u0161traukiamais 28 cm skersmens kibir\u0173 laikikliais, reguliuojamais vyriais ir metaliniu pagrindu. Pasirinktinai priekis gali b\u016bti su galvos fiksacija.<br \/>\n&#8211; 2 \u0161onin\u0117s ir galin\u0117 plok\u0161t\u0117s, atsparios dr\u0117gmei, puvimui, dezinfekacijos priemon\u0117ms, \u0161al\u010diui ir UV spinduliams. Pertvaros, apsaugan\u010dios nuo ver\u0161eli\u0173 kontakto \u017eemiau nei 900 mm nuo \u017eem\u0117s, laikantis Europos taisykli\u0173 ir \u017dem\u0117s \u016bkio rekomendacij\u0173.<br \/>\n&#8211; Fiksuotos neslid\u017eios grindys i\u0161 sintetin\u0117s med\u017eiagos, i\u0161 anksto \u012frengtos taip, kad b\u016bt\u0173 galima jas pakreipti automatinio pakreipimo mechanizmu.<br \/>\n&#8211; 2 fiksuoti \u00d8160 mm skersmens ratai gale ir 2 rankenos priekyje, skirtos transportuoti.<\/p>\n<p>Galimi modeliai:<\/p>\n<p>HYGIENE PRO &#8211; HDPE (<span class=\"js-product-reference\">1123251<\/span>)\u00a0 2 \u0161onin\u0117s ir galin\u0117 pertvaros pagamintos i\u0161 vientiso rotaciniu b\u016bdu suformuoto HDPE<\/p>\n<dl>\n<dt><strong>Modelis vienvietis<\/strong><\/dt>\n<dt><strong>Bendras plotis 1105 mm<\/strong><\/dt>\n<dt><strong>Bendras auk\u0161tis 1505 mm<\/strong><\/dt>\n<dt><strong>Bendras ilgis 1840 mm<\/strong><\/dt>\n<dt><strong>Pavir\u0161iaus plotas 1,73 m\u00b2<\/strong><\/dt>\n<dt><strong>Vidinis plotis 1005 mm<\/strong><\/dt>\n<dt><strong>Vidinis ilgis 1718 mm<\/strong><\/dt>\n<dt><strong>Vidinis auk\u0161tis 1108 mm<\/strong><\/dt>\n<\/dl>\n<p>STANDARD &#8211; PVC (<span class=\"js-product-reference\">1123257<\/span>) 2 \u0161onin\u0117s ir galin\u0117 pertvaros pagamintos i\u0161 PVC<\/p>\n<dl>\n<dt><\/dt>\n<dt>Modelis: vienvietis<\/dt>\n<dt>Bendras plotis: 1095 mm<\/dt>\n<dt>Bendras auk\u0161tis: 1505 mm<\/dt>\n<dt>Bendras ilgis: 1810 mm<\/dt>\n<dt>Pavir\u0161iaus plotas: 1,73 m\u00b2<\/dt>\n<dt>Vidinis plotis: 1005 mm<\/dt>\n<dt>Vidinis ilgis: 1678 mm<\/dt>\n<dt>Vidinis auk\u0161tis: 1108<\/dt>\n<\/dl>\n<p>&nbsp;<\/p>\n","protected":false},"excerpt":{"rendered":"<p>Auk\u0161\u010diausios kokyb\u0117s ver\u0161eli\u0173 gardelis su ratukais. Skirtas auginti iki 2 m\u0117nesi\u0173 am\u017eiaus ver\u0161elius. Lengva perve\u017eti, nes gale yra fiksuoti ratai, o priekyje &#8211; i\u0161traukiamos rankenos (priekyje taip pat galima prisukti ratus). Var\u0161eli\u0173 gardel\u012f sudaro: &#8211; kar\u0161tai cinkuotas metalinis r\u0117mas. &#8211; priekin\u0117 plo\u0161t\u0117 su dviem vietomis galvai, kurioje \u012frengta \u201eMVE\u201c vertikalaus u\u017erakto sistema. Priekin\u0117 dalis su [&hellip;]<\/p>\n","protected":false},"featured_media":43438,"template":"","meta":{"_et_pb_use_builder":"","_et_pb_old_content":"","_et_gb_content_width":""},"product_brand":[],"product_cat":[155],"product_tag":[],"class_list":{"0":"post-43437","1":"product","2":"type-product","3":"status-publish","4":"has-post-thumbnail","6":"product_cat-vasikate-varjualused-ja-aedikud","8":"first","9":"instock","10":"shipping-taxable","11":"product-type-simple"},"yoast_head":"<!-- This site is optimized with the Yoast SEO plugin v26.4 - https:\/\/yoast.com\/wordpress\/plugins\/seo\/ -->\n<title>Vienvietis modulinis namelis su ratukai COSNET - Specagra<\/title>\n<meta name=\"robots\" content=\"index, follow, max-snippet:-1, max-image-preview:large, max-video-preview:-1\" \/>\n<link rel=\"canonical\" href=\"https:\/\/www.specagra.ee\/?product=vienvietis-modulinis-namelis-su-ratukais-cosnet\" \/>\n<meta property=\"og:locale\" content=\"et_EE\" \/>\n<meta property=\"og:type\" content=\"article\" \/>\n<meta property=\"og:title\" content=\"Vienvietis modulinis namelis su ratukai COSNET - Specagra\" \/>\n<meta property=\"og:description\" content=\"Auk\u0161\u010diausios kokyb\u0117s ver\u0161eli\u0173 gardelis su ratukais. Skirtas auginti iki 2 m\u0117nesi\u0173 am\u017eiaus ver\u0161elius. Lengva perve\u017eti, nes gale yra fiksuoti ratai, o priekyje &#8211; i\u0161traukiamos rankenos (priekyje taip pat galima prisukti ratus). Var\u0161eli\u0173 gardel\u012f sudaro: &#8211; kar\u0161tai cinkuotas metalinis r\u0117mas. &#8211; priekin\u0117 plo\u0161t\u0117 su dviem vietomis galvai, kurioje \u012frengta \u201eMVE\u201c vertikalaus u\u017erakto sistema. Priekin\u0117 dalis su [&hellip;]\" \/>\n<meta property=\"og:url\" content=\"https:\/\/www.specagra.ee\/?product=vienvietis-modulinis-namelis-su-ratukais-cosnet\" \/>\n<meta property=\"og:site_name\" content=\"Specagra\" \/>\n<meta property=\"article:modified_time\" content=\"2025-01-17T12:04:14+00:00\" \/>\n<meta property=\"og:image\" content=\"https:\/\/www.specagra.ee\/wp-content\/uploads\/2025\/01\/Untitled-design1-1.png\" \/>\n\t<meta property=\"og:image:width\" content=\"900\" \/>\n\t<meta property=\"og:image:height\" content=\"900\" \/>\n\t<meta property=\"og:image:type\" content=\"image\/png\" \/>\n<meta name=\"twitter:card\" content=\"summary_large_image\" \/>\n<meta name=\"twitter:label1\" content=\"Est. reading time\" \/>\n\t<meta name=\"twitter:data1\" content=\"2 minutit\" \/>\n<script type=\"application\/ld+json\" class=\"yoast-schema-graph\">{\"@context\":\"https:\/\/schema.org\",\"@graph\":[{\"@type\":\"WebPage\",\"@id\":\"https:\/\/www.specagra.ee\/?product=vienvietis-modulinis-namelis-su-ratukais-cosnet\",\"url\":\"https:\/\/www.specagra.ee\/?product=vienvietis-modulinis-namelis-su-ratukais-cosnet\",\"name\":\"Vienvietis modulinis namelis su ratukai COSNET - Specagra\",\"isPartOf\":{\"@id\":\"https:\/\/www.specagra.ee\/#website\"},\"primaryImageOfPage\":{\"@id\":\"https:\/\/www.specagra.ee\/?product=vienvietis-modulinis-namelis-su-ratukais-cosnet#primaryimage\"},\"image\":{\"@id\":\"https:\/\/www.specagra.ee\/?product=vienvietis-modulinis-namelis-su-ratukais-cosnet#primaryimage\"},\"thumbnailUrl\":\"https:\/\/www.specagra.ee\/wp-content\/uploads\/2025\/01\/Untitled-design1-1.png\",\"datePublished\":\"2025-01-15T13:39:59+00:00\",\"dateModified\":\"2025-01-17T12:04:14+00:00\",\"breadcrumb\":{\"@id\":\"https:\/\/www.specagra.ee\/?product=vienvietis-modulinis-namelis-su-ratukais-cosnet#breadcrumb\"},\"inLanguage\":\"et\",\"potentialAction\":[{\"@type\":\"ReadAction\",\"target\":[\"https:\/\/www.specagra.ee\/?product=vienvietis-modulinis-namelis-su-ratukais-cosnet\"]}]},{\"@type\":\"ImageObject\",\"inLanguage\":\"et\",\"@id\":\"https:\/\/www.specagra.ee\/?product=vienvietis-modulinis-namelis-su-ratukais-cosnet#primaryimage\",\"url\":\"https:\/\/www.specagra.ee\/wp-content\/uploads\/2025\/01\/Untitled-design1-1.png\",\"contentUrl\":\"https:\/\/www.specagra.ee\/wp-content\/uploads\/2025\/01\/Untitled-design1-1.png\",\"width\":900,\"height\":900},{\"@type\":\"BreadcrumbList\",\"@id\":\"https:\/\/www.specagra.ee\/?product=vienvietis-modulinis-namelis-su-ratukais-cosnet#breadcrumb\",\"itemListElement\":[{\"@type\":\"ListItem\",\"position\":1,\"name\":\"Home\",\"item\":\"https:\/\/www.specagra.ee\/\"},{\"@type\":\"ListItem\",\"position\":2,\"name\":\"P\u00f5llumajandustehnika ja loomakasvatus\",\"item\":\"https:\/\/specagra.ee\/?page_id=18493\"},{\"@type\":\"ListItem\",\"position\":3,\"name\":\"Vienvietis modulinis namelis su ratukai COSNET\"}]},{\"@type\":\"WebSite\",\"@id\":\"https:\/\/www.specagra.ee\/#website\",\"url\":\"https:\/\/www.specagra.ee\/\",\"name\":\"Specagra\",\"description\":\"P\u00f5llumajandustehnika ja varuosad\",\"publisher\":{\"@id\":\"https:\/\/www.specagra.ee\/#organization\"},\"potentialAction\":[{\"@type\":\"SearchAction\",\"target\":{\"@type\":\"EntryPoint\",\"urlTemplate\":\"https:\/\/www.specagra.ee\/?s={search_term_string}\"},\"query-input\":{\"@type\":\"PropertyValueSpecification\",\"valueRequired\":true,\"valueName\":\"search_term_string\"}}],\"inLanguage\":\"et\"},{\"@type\":\"Organization\",\"@id\":\"https:\/\/www.specagra.ee\/#organization\",\"name\":\"UAB Specagra\",\"url\":\"https:\/\/www.specagra.ee\/\",\"logo\":{\"@type\":\"ImageObject\",\"inLanguage\":\"et\",\"@id\":\"https:\/\/www.specagra.ee\/#\/schema\/logo\/image\/\",\"url\":\"http:\/\/www.specagra.ee\/wp-content\/uploads\/2022\/02\/SP-logo_naujas-scaled.jpg\",\"contentUrl\":\"http:\/\/www.specagra.ee\/wp-content\/uploads\/2022\/02\/SP-logo_naujas-scaled.jpg\",\"width\":2560,\"height\":326,\"caption\":\"UAB Specagra\"},\"image\":{\"@id\":\"https:\/\/www.specagra.ee\/#\/schema\/logo\/image\/\"}}]}<\/script>\n<!-- \/ Yoast SEO plugin. -->","yoast_head_json":{"title":"Vienvietis modulinis namelis su ratukai COSNET - Specagra","robots":{"index":"index","follow":"follow","max-snippet":"max-snippet:-1","max-image-preview":"max-image-preview:large","max-video-preview":"max-video-preview:-1"},"canonical":"https:\/\/www.specagra.ee\/?product=vienvietis-modulinis-namelis-su-ratukais-cosnet","og_locale":"et_EE","og_type":"article","og_title":"Vienvietis modulinis namelis su ratukai COSNET - Specagra","og_description":"Auk\u0161\u010diausios kokyb\u0117s ver\u0161eli\u0173 gardelis su ratukais. Skirtas auginti iki 2 m\u0117nesi\u0173 am\u017eiaus ver\u0161elius. Lengva perve\u017eti, nes gale yra fiksuoti ratai, o priekyje &#8211; i\u0161traukiamos rankenos (priekyje taip pat galima prisukti ratus). Var\u0161eli\u0173 gardel\u012f sudaro: &#8211; kar\u0161tai cinkuotas metalinis r\u0117mas. &#8211; priekin\u0117 plo\u0161t\u0117 su dviem vietomis galvai, kurioje \u012frengta \u201eMVE\u201c vertikalaus u\u017erakto sistema. Priekin\u0117 dalis su [&hellip;]","og_url":"https:\/\/www.specagra.ee\/?product=vienvietis-modulinis-namelis-su-ratukais-cosnet","og_site_name":"Specagra","article_modified_time":"2025-01-17T12:04:14+00:00","og_image":[{"width":900,"height":900,"url":"https:\/\/www.specagra.ee\/wp-content\/uploads\/2025\/01\/Untitled-design1-1.png","type":"image\/png"}],"twitter_card":"summary_large_image","twitter_misc":{"Est. reading time":"2 minutit"},"schema":{"@context":"https:\/\/schema.org","@graph":[{"@type":"WebPage","@id":"https:\/\/www.specagra.ee\/?product=vienvietis-modulinis-namelis-su-ratukais-cosnet","url":"https:\/\/www.specagra.ee\/?product=vienvietis-modulinis-namelis-su-ratukais-cosnet","name":"Vienvietis modulinis namelis su ratukai COSNET - Specagra","isPartOf":{"@id":"https:\/\/www.specagra.ee\/#website"},"primaryImageOfPage":{"@id":"https:\/\/www.specagra.ee\/?product=vienvietis-modulinis-namelis-su-ratukais-cosnet#primaryimage"},"image":{"@id":"https:\/\/www.specagra.ee\/?product=vienvietis-modulinis-namelis-su-ratukais-cosnet#primaryimage"},"thumbnailUrl":"https:\/\/www.specagra.ee\/wp-content\/uploads\/2025\/01\/Untitled-design1-1.png","datePublished":"2025-01-15T13:39:59+00:00","dateModified":"2025-01-17T12:04:14+00:00","breadcrumb":{"@id":"https:\/\/www.specagra.ee\/?product=vienvietis-modulinis-namelis-su-ratukais-cosnet#breadcrumb"},"inLanguage":"et","potentialAction":[{"@type":"ReadAction","target":["https:\/\/www.specagra.ee\/?product=vienvietis-modulinis-namelis-su-ratukais-cosnet"]}]},{"@type":"ImageObject","inLanguage":"et","@id":"https:\/\/www.specagra.ee\/?product=vienvietis-modulinis-namelis-su-ratukais-cosnet#primaryimage","url":"https:\/\/www.specagra.ee\/wp-content\/uploads\/2025\/01\/Untitled-design1-1.png","contentUrl":"https:\/\/www.specagra.ee\/wp-content\/uploads\/2025\/01\/Untitled-design1-1.png","width":900,"height":900},{"@type":"BreadcrumbList","@id":"https:\/\/www.specagra.ee\/?product=vienvietis-modulinis-namelis-su-ratukais-cosnet#breadcrumb","itemListElement":[{"@type":"ListItem","position":1,"name":"Home","item":"https:\/\/www.specagra.ee\/"},{"@type":"ListItem","position":2,"name":"P\u00f5llumajandustehnika ja loomakasvatus","item":"https:\/\/specagra.ee\/?page_id=18493"},{"@type":"ListItem","position":3,"name":"Vienvietis modulinis namelis su ratukai COSNET"}]},{"@type":"WebSite","@id":"https:\/\/www.specagra.ee\/#website","url":"https:\/\/www.specagra.ee\/","name":"Specagra","description":"P\u00f5llumajandustehnika ja varuosad","publisher":{"@id":"https:\/\/www.specagra.ee\/#organization"},"potentialAction":[{"@type":"SearchAction","target":{"@type":"EntryPoint","urlTemplate":"https:\/\/www.specagra.ee\/?s={search_term_string}"},"query-input":{"@type":"PropertyValueSpecification","valueRequired":true,"valueName":"search_term_string"}}],"inLanguage":"et"},{"@type":"Organization","@id":"https:\/\/www.specagra.ee\/#organization","name":"UAB Specagra","url":"https:\/\/www.specagra.ee\/","logo":{"@type":"ImageObject","inLanguage":"et","@id":"https:\/\/www.specagra.ee\/#\/schema\/logo\/image\/","url":"http:\/\/www.specagra.ee\/wp-content\/uploads\/2022\/02\/SP-logo_naujas-scaled.jpg","contentUrl":"http:\/\/www.specagra.ee\/wp-content\/uploads\/2022\/02\/SP-logo_naujas-scaled.jpg","width":2560,"height":326,"caption":"UAB Specagra"},"image":{"@id":"https:\/\/www.specagra.ee\/#\/schema\/logo\/image\/"}}]}},"_links":{"self":[{"href":"https:\/\/www.specagra.ee\/index.php?rest_route=\/wp\/v2\/product\/43437","targetHints":{"allow":["GET"]}}],"collection":[{"href":"https:\/\/www.specagra.ee\/index.php?rest_route=\/wp\/v2\/product"}],"about":[{"href":"https:\/\/www.specagra.ee\/index.php?rest_route=\/wp\/v2\/types\/product"}],"wp:featuredmedia":[{"embeddable":true,"href":"https:\/\/www.specagra.ee\/index.php?rest_route=\/wp\/v2\/media\/43438"}],"wp:attachment":[{"href":"https:\/\/www.specagra.ee\/index.php?rest_route=%2Fwp%2Fv2%2Fmedia&parent=43437"}],"wp:term":[{"taxonomy":"product_brand","embeddable":true,"href":"https:\/\/www.specagra.ee\/index.php?rest_route=%2Fwp%2Fv2%2Fproduct_brand&post=43437"},{"taxonomy":"product_cat","embeddable":true,"href":"https:\/\/www.specagra.ee\/index.php?rest_route=%2Fwp%2Fv2%2Fproduct_cat&post=43437"},{"taxonomy":"product_tag","embeddable":true,"href":"https:\/\/www.specagra.ee\/index.php?rest_route=%2Fwp%2Fv2%2Fproduct_tag&post=43437"}],"curies":[{"name":"wp","href":"https:\/\/api.w.org\/{rel}","templated":true}]}}