{"id":43428,"date":"2025-01-15T05:44:16","date_gmt":"2025-01-15T07:44:16","guid":{"rendered":"https:\/\/www.specagra.ee\/?post_type=product&#038;p=43428"},"modified":"2025-01-15T05:57:45","modified_gmt":"2025-01-15T07:57:45","slug":"verseliu-girdykla-milknroll-one","status":"publish","type":"product","link":"https:\/\/www.specagra.ee\/?product=verseliu-girdykla-milknroll-one","title":{"rendered":"Ver\u0161eli\u0173 girdykla MilknRoll One"},"content":{"rendered":"<p>Milk&#8217;n&#8217;Roll One ver\u0161eli\u0173 girdykloje ruo\u0161iamas ne tik pienas, bet ir pieno pakaitalas.<\/p>\n<p>Milk&#8217;n&#8217;Roll One \u012frengta \u0161ildymo technologija, kuri tolygiai pasiskirsto rezervuaro dugne. Kitaip nei panardinamieji \u0161ildytuvai, \u0161i technologija neleid\u017eia susidaryti kar\u0161tiems ta\u0161kams, kuriuose pienas gali sudegti ir prilipti prie talpyklos. Taip u\u017etikrinamas greitas pieno pa\u0161ildymas ir i\u0161laikoma jo kokyb\u0117. Apie faktin\u0119 pieno temperat\u016br\u0105 \u0161ildymo metu informuojama valdymo skydelyje. \u0160ildymo proceso metu turite laiko kitiems \u016bkio darbams, nes girdykla palaiko norim\u0105 pieno temperat\u016br\u0105.<\/p>\n<p>Mai\u0161ymo greit\u012f galima reguliuoti: pien\u0105 rekomenduojama mai\u0161yti l\u0117tai, pieno pakaital\u0105 &#8211; didesniu grei\u010diu, kad mi\u0161inys b\u016bt\u0173 be gumul\u0117li\u0173. Paskutin\u012f kart\u0105 sureguliuotas mai\u0161ytuvo greitis bus i\u0161saugotas atmintyje.<\/p>\n<p>Girdykla i\u0161saugo 9 reikiamus dozavimo lygius, kuriuos galite nustatyti valdymo skydelyje kiekvienai skirtingai ver\u0161eli\u0173 grupei \u016bkyje. Greitojo perjungimo mygtukai leid\u017eia lengviau keisti dozavimo lygius, o pieno srautas automati\u0161kai sustoja, kai pasiekiamas u\u017eprogramuotas kiekis.<\/p>\n<p>Milk&#8217;n&#8217;Roll One ver\u0161eli\u0173 girdykla su 3 rat\u0173 va\u017eiuokle suteikia 360\u00b0 jud\u0117jimo laisv\u0119. Didel\u0117s priekin\u0117s padangos lengvai \u012fveikia snieg\u0105, \u017evyr\u0105 ir net laiptus. Tod\u0117l ver\u0161elius pasieksite kiekviename girdymo ta\u0161ke. Mechaninis stov\u0117jimo stabdis leid\u017eia girdykl\u0105 saugiai pastatyti net ir nuokaln\u0117se.<\/p>\n<p>Pagamintas i\u0161 auk\u0161tos kokyb\u0117s med\u017eiag\u0173, komponentai suprojektuoti ir sukurti taip, kad atlaikyt\u0173 sud\u0117tingas aplinkos s\u0105lygas. Auk\u0161tos kokyb\u0117s ner\u016bdijan\u010diojo plieno pavir\u0161ius lengva valyti ir yra patvar\u016bs.<\/p>\n<p>Geriausias b\u016bdas maitinti ver\u0161elius &#8211; pasterizuotas ver\u0161eli\u0173 pienas. Milk&#8217;n&#8217;Roll One leid\u017eia ekonomi\u0161kai pasterizuoti pien\u0105. Pasterizuojant pien\u0105 65 \u00b0C temperat\u016broje per 30 minu\u010di\u0173 \u017e\u016bsta 99,5 % kenksming\u0173 lig\u0173 suk\u0117l\u0117j\u0173.<\/p>\n<p>Ver\u0161eli\u0173 pieno pasterizatorius turi galing\u0105 \u0161ildytuv\u0105 ir efektyvi\u0105 au\u0161inimo sistem\u0105. Pasterizuojant ver\u0161eli\u0173 pien\u0105 mai\u0161ykl\u0117 \u0161velniai mai\u0161ys pien\u0105. Taip u\u017etikrinama nuolatin\u0117 ir visi\u0161ka pieno cirkuliacija rezervuare. \u0160velniai mai\u0161ant ver\u0161eli\u0173 pien\u0105 taip pat i\u0161vengiama pieno putojimo, kuris gali b\u016bti netinkamo ver\u0161eli\u0173 pieno pasterizavimo prie\u017eastis. Pasibaigus pasterizavimo procesui, Milk&#8217;n&#8217;Roll One atv\u0117sina ver\u0161eli\u0173 pien\u0105 iki norimos i\u0161pilstymo temperat\u016bros ir ji yra i\u0161laikoma iki girdymo prad\u017eios.<\/p>\n<p>Milk&#8217;n&#8217;Roll One ver\u0161eli\u0173 girdykla greitai i\u0161valoma cirkuliuojant minimaliam vandens kiekiui. Tokiu b\u016bdu visi su pienu besilie\u010diantys pavir\u0161iai, \u012fskaitant siurbl\u012f ir \u017earnas, nuvalomi nuo pieno liku\u010di\u0173.<\/p>\n<ul>\n<li>Maitinimo \u0161altini: 230 V<\/li>\n<li>\u0160ildymo sistema: 4.5 kW \/ 230 V<\/li>\n<li>Dozavimo siurblys: 25 l\/min<\/li>\n<li>Mai\u0161ytuvo galia: 370 W<\/li>\n<\/ul>\n","protected":false},"excerpt":{"rendered":"<p>Milk&#8217;n&#8217;Roll One ver\u0161eli\u0173 girdykloje ruo\u0161iamas ne tik pienas, bet ir pieno pakaitalas. Milk&#8217;n&#8217;Roll One \u012frengta \u0161ildymo technologija, kuri tolygiai pasiskirsto rezervuaro dugne. Kitaip nei panardinamieji \u0161ildytuvai, \u0161i technologija neleid\u017eia susidaryti kar\u0161tiems ta\u0161kams, kuriuose pienas gali sudegti ir prilipti prie talpyklos. Taip u\u017etikrinamas greitas pieno pa\u0161ildymas ir i\u0161laikoma jo kokyb\u0117. Apie faktin\u0119 pieno temperat\u016br\u0105 \u0161ildymo metu [&hellip;]<\/p>\n","protected":false},"featured_media":43429,"template":"","meta":{"_acf_changed":false},"product_brand":[],"product_cat":[183],"product_tag":[],"class_list":{"0":"post-43428","1":"product","2":"type-product","3":"status-publish","4":"has-post-thumbnail","6":"product_cat-mobiilsed-vasikate-jooginiplid","8":"first","9":"instock","10":"shipping-taxable","11":"product-type-simple"},"acf":[],"yoast_head":"<!-- This site is optimized with the Yoast SEO plugin v27.4 - https:\/\/yoast.com\/product\/yoast-seo-wordpress\/ -->\n<title>Ver\u0161eli\u0173 girdykla MilknRoll One - Specagra<\/title>\n<meta name=\"robots\" content=\"index, follow, max-snippet:-1, max-image-preview:large, max-video-preview:-1\" \/>\n<link rel=\"canonical\" href=\"https:\/\/www.specagra.ee\/?product=verseliu-girdykla-milknroll-one\" \/>\n<meta property=\"og:locale\" content=\"et_EE\" \/>\n<meta property=\"og:type\" content=\"article\" \/>\n<meta property=\"og:title\" content=\"Ver\u0161eli\u0173 girdykla MilknRoll One - Specagra\" \/>\n<meta property=\"og:description\" content=\"Milk&#8217;n&#8217;Roll One ver\u0161eli\u0173 girdykloje ruo\u0161iamas ne tik pienas, bet ir pieno pakaitalas. Milk&#8217;n&#8217;Roll One \u012frengta \u0161ildymo technologija, kuri tolygiai pasiskirsto rezervuaro dugne. Kitaip nei panardinamieji \u0161ildytuvai, \u0161i technologija neleid\u017eia susidaryti kar\u0161tiems ta\u0161kams, kuriuose pienas gali sudegti ir prilipti prie talpyklos. Taip u\u017etikrinamas greitas pieno pa\u0161ildymas ir i\u0161laikoma jo kokyb\u0117. Apie faktin\u0119 pieno temperat\u016br\u0105 \u0161ildymo metu [&hellip;]\" \/>\n<meta property=\"og:url\" content=\"https:\/\/www.specagra.ee\/?product=verseliu-girdykla-milknroll-one\" \/>\n<meta property=\"og:site_name\" content=\"Specagra\" \/>\n<meta property=\"article:modified_time\" content=\"2025-01-15T07:57:45+00:00\" \/>\n<meta property=\"og:image\" content=\"https:\/\/www.specagra.ee\/wp-content\/uploads\/2025\/01\/Untitled-design-1.png\" \/>\n\t<meta property=\"og:image:width\" content=\"900\" \/>\n\t<meta property=\"og:image:height\" content=\"900\" \/>\n\t<meta property=\"og:image:type\" content=\"image\/png\" \/>\n<meta name=\"twitter:card\" content=\"summary_large_image\" \/>\n<meta name=\"twitter:label1\" content=\"Est. reading time\" \/>\n\t<meta name=\"twitter:data1\" content=\"2 minutit\" \/>\n<script type=\"application\/ld+json\" class=\"yoast-schema-graph\">{\"@context\":\"https:\\\/\\\/schema.org\",\"@graph\":[{\"@type\":\"WebPage\",\"@id\":\"https:\\\/\\\/www.specagra.ee\\\/?product=verseliu-girdykla-milknroll-one\",\"url\":\"https:\\\/\\\/www.specagra.ee\\\/?product=verseliu-girdykla-milknroll-one\",\"name\":\"Ver\u0161eli\u0173 girdykla MilknRoll One - Specagra\",\"isPartOf\":{\"@id\":\"https:\\\/\\\/www.specagra.ee\\\/#website\"},\"primaryImageOfPage\":{\"@id\":\"https:\\\/\\\/www.specagra.ee\\\/?product=verseliu-girdykla-milknroll-one#primaryimage\"},\"image\":{\"@id\":\"https:\\\/\\\/www.specagra.ee\\\/?product=verseliu-girdykla-milknroll-one#primaryimage\"},\"thumbnailUrl\":\"https:\\\/\\\/www.specagra.ee\\\/wp-content\\\/uploads\\\/2025\\\/01\\\/Untitled-design-1.png\",\"datePublished\":\"2025-01-15T07:44:16+00:00\",\"dateModified\":\"2025-01-15T07:57:45+00:00\",\"breadcrumb\":{\"@id\":\"https:\\\/\\\/www.specagra.ee\\\/?product=verseliu-girdykla-milknroll-one#breadcrumb\"},\"inLanguage\":\"et\",\"potentialAction\":[{\"@type\":\"ReadAction\",\"target\":[\"https:\\\/\\\/www.specagra.ee\\\/?product=verseliu-girdykla-milknroll-one\"]}]},{\"@type\":\"ImageObject\",\"inLanguage\":\"et\",\"@id\":\"https:\\\/\\\/www.specagra.ee\\\/?product=verseliu-girdykla-milknroll-one#primaryimage\",\"url\":\"https:\\\/\\\/www.specagra.ee\\\/wp-content\\\/uploads\\\/2025\\\/01\\\/Untitled-design-1.png\",\"contentUrl\":\"https:\\\/\\\/www.specagra.ee\\\/wp-content\\\/uploads\\\/2025\\\/01\\\/Untitled-design-1.png\",\"width\":900,\"height\":900},{\"@type\":\"BreadcrumbList\",\"@id\":\"https:\\\/\\\/www.specagra.ee\\\/?product=verseliu-girdykla-milknroll-one#breadcrumb\",\"itemListElement\":[{\"@type\":\"ListItem\",\"position\":1,\"name\":\"Home\",\"item\":\"https:\\\/\\\/www.specagra.ee\\\/\"},{\"@type\":\"ListItem\",\"position\":2,\"name\":\"P\u00f5llumajandustehnika ja loomakasvatus\",\"item\":\"https:\\\/\\\/www.specagra.ee\\\/?page_id=18493\"},{\"@type\":\"ListItem\",\"position\":3,\"name\":\"Ver\u0161eli\u0173 girdykla MilknRoll One\"}]},{\"@type\":\"WebSite\",\"@id\":\"https:\\\/\\\/www.specagra.ee\\\/#website\",\"url\":\"https:\\\/\\\/www.specagra.ee\\\/\",\"name\":\"Specagra\",\"description\":\"P\u00f5llumajandustehnika ja varuosad\",\"publisher\":{\"@id\":\"https:\\\/\\\/www.specagra.ee\\\/#organization\"},\"potentialAction\":[{\"@type\":\"SearchAction\",\"target\":{\"@type\":\"EntryPoint\",\"urlTemplate\":\"https:\\\/\\\/www.specagra.ee\\\/?s={search_term_string}\"},\"query-input\":{\"@type\":\"PropertyValueSpecification\",\"valueRequired\":true,\"valueName\":\"search_term_string\"}}],\"inLanguage\":\"et\"},{\"@type\":\"Organization\",\"@id\":\"https:\\\/\\\/www.specagra.ee\\\/#organization\",\"name\":\"UAB Specagra\",\"url\":\"https:\\\/\\\/www.specagra.ee\\\/\",\"logo\":{\"@type\":\"ImageObject\",\"inLanguage\":\"et\",\"@id\":\"https:\\\/\\\/www.specagra.ee\\\/#\\\/schema\\\/logo\\\/image\\\/\",\"url\":\"http:\\\/\\\/www.specagra.ee\\\/wp-content\\\/uploads\\\/2022\\\/02\\\/SP-logo_naujas-scaled.jpg\",\"contentUrl\":\"http:\\\/\\\/www.specagra.ee\\\/wp-content\\\/uploads\\\/2022\\\/02\\\/SP-logo_naujas-scaled.jpg\",\"width\":2560,\"height\":326,\"caption\":\"UAB Specagra\"},\"image\":{\"@id\":\"https:\\\/\\\/www.specagra.ee\\\/#\\\/schema\\\/logo\\\/image\\\/\"}}]}<\/script>\n<!-- \/ Yoast SEO plugin. -->","yoast_head_json":{"title":"Ver\u0161eli\u0173 girdykla MilknRoll One - Specagra","robots":{"index":"index","follow":"follow","max-snippet":"max-snippet:-1","max-image-preview":"max-image-preview:large","max-video-preview":"max-video-preview:-1"},"canonical":"https:\/\/www.specagra.ee\/?product=verseliu-girdykla-milknroll-one","og_locale":"et_EE","og_type":"article","og_title":"Ver\u0161eli\u0173 girdykla MilknRoll One - Specagra","og_description":"Milk&#8217;n&#8217;Roll One ver\u0161eli\u0173 girdykloje ruo\u0161iamas ne tik pienas, bet ir pieno pakaitalas. Milk&#8217;n&#8217;Roll One \u012frengta \u0161ildymo technologija, kuri tolygiai pasiskirsto rezervuaro dugne. Kitaip nei panardinamieji \u0161ildytuvai, \u0161i technologija neleid\u017eia susidaryti kar\u0161tiems ta\u0161kams, kuriuose pienas gali sudegti ir prilipti prie talpyklos. Taip u\u017etikrinamas greitas pieno pa\u0161ildymas ir i\u0161laikoma jo kokyb\u0117. Apie faktin\u0119 pieno temperat\u016br\u0105 \u0161ildymo metu [&hellip;]","og_url":"https:\/\/www.specagra.ee\/?product=verseliu-girdykla-milknroll-one","og_site_name":"Specagra","article_modified_time":"2025-01-15T07:57:45+00:00","og_image":[{"width":900,"height":900,"url":"https:\/\/www.specagra.ee\/wp-content\/uploads\/2025\/01\/Untitled-design-1.png","type":"image\/png"}],"twitter_card":"summary_large_image","twitter_misc":{"Est. reading time":"2 minutit"},"schema":{"@context":"https:\/\/schema.org","@graph":[{"@type":"WebPage","@id":"https:\/\/www.specagra.ee\/?product=verseliu-girdykla-milknroll-one","url":"https:\/\/www.specagra.ee\/?product=verseliu-girdykla-milknroll-one","name":"Ver\u0161eli\u0173 girdykla MilknRoll One - Specagra","isPartOf":{"@id":"https:\/\/www.specagra.ee\/#website"},"primaryImageOfPage":{"@id":"https:\/\/www.specagra.ee\/?product=verseliu-girdykla-milknroll-one#primaryimage"},"image":{"@id":"https:\/\/www.specagra.ee\/?product=verseliu-girdykla-milknroll-one#primaryimage"},"thumbnailUrl":"https:\/\/www.specagra.ee\/wp-content\/uploads\/2025\/01\/Untitled-design-1.png","datePublished":"2025-01-15T07:44:16+00:00","dateModified":"2025-01-15T07:57:45+00:00","breadcrumb":{"@id":"https:\/\/www.specagra.ee\/?product=verseliu-girdykla-milknroll-one#breadcrumb"},"inLanguage":"et","potentialAction":[{"@type":"ReadAction","target":["https:\/\/www.specagra.ee\/?product=verseliu-girdykla-milknroll-one"]}]},{"@type":"ImageObject","inLanguage":"et","@id":"https:\/\/www.specagra.ee\/?product=verseliu-girdykla-milknroll-one#primaryimage","url":"https:\/\/www.specagra.ee\/wp-content\/uploads\/2025\/01\/Untitled-design-1.png","contentUrl":"https:\/\/www.specagra.ee\/wp-content\/uploads\/2025\/01\/Untitled-design-1.png","width":900,"height":900},{"@type":"BreadcrumbList","@id":"https:\/\/www.specagra.ee\/?product=verseliu-girdykla-milknroll-one#breadcrumb","itemListElement":[{"@type":"ListItem","position":1,"name":"Home","item":"https:\/\/www.specagra.ee\/"},{"@type":"ListItem","position":2,"name":"P\u00f5llumajandustehnika ja loomakasvatus","item":"https:\/\/www.specagra.ee\/?page_id=18493"},{"@type":"ListItem","position":3,"name":"Ver\u0161eli\u0173 girdykla MilknRoll One"}]},{"@type":"WebSite","@id":"https:\/\/www.specagra.ee\/#website","url":"https:\/\/www.specagra.ee\/","name":"Specagra","description":"P\u00f5llumajandustehnika ja varuosad","publisher":{"@id":"https:\/\/www.specagra.ee\/#organization"},"potentialAction":[{"@type":"SearchAction","target":{"@type":"EntryPoint","urlTemplate":"https:\/\/www.specagra.ee\/?s={search_term_string}"},"query-input":{"@type":"PropertyValueSpecification","valueRequired":true,"valueName":"search_term_string"}}],"inLanguage":"et"},{"@type":"Organization","@id":"https:\/\/www.specagra.ee\/#organization","name":"UAB Specagra","url":"https:\/\/www.specagra.ee\/","logo":{"@type":"ImageObject","inLanguage":"et","@id":"https:\/\/www.specagra.ee\/#\/schema\/logo\/image\/","url":"http:\/\/www.specagra.ee\/wp-content\/uploads\/2022\/02\/SP-logo_naujas-scaled.jpg","contentUrl":"http:\/\/www.specagra.ee\/wp-content\/uploads\/2022\/02\/SP-logo_naujas-scaled.jpg","width":2560,"height":326,"caption":"UAB Specagra"},"image":{"@id":"https:\/\/www.specagra.ee\/#\/schema\/logo\/image\/"}}]}},"_links":{"self":[{"href":"https:\/\/www.specagra.ee\/index.php?rest_route=\/wp\/v2\/product\/43428","targetHints":{"allow":["GET"]}}],"collection":[{"href":"https:\/\/www.specagra.ee\/index.php?rest_route=\/wp\/v2\/product"}],"about":[{"href":"https:\/\/www.specagra.ee\/index.php?rest_route=\/wp\/v2\/types\/product"}],"wp:featuredmedia":[{"embeddable":true,"href":"https:\/\/www.specagra.ee\/index.php?rest_route=\/wp\/v2\/media\/43429"}],"wp:attachment":[{"href":"https:\/\/www.specagra.ee\/index.php?rest_route=%2Fwp%2Fv2%2Fmedia&parent=43428"}],"wp:term":[{"taxonomy":"product_brand","embeddable":true,"href":"https:\/\/www.specagra.ee\/index.php?rest_route=%2Fwp%2Fv2%2Fproduct_brand&post=43428"},{"taxonomy":"product_cat","embeddable":true,"href":"https:\/\/www.specagra.ee\/index.php?rest_route=%2Fwp%2Fv2%2Fproduct_cat&post=43428"},{"taxonomy":"product_tag","embeddable":true,"href":"https:\/\/www.specagra.ee\/index.php?rest_route=%2Fwp%2Fv2%2Fproduct_tag&post=43428"}],"curies":[{"name":"wp","href":"https:\/\/api.w.org\/{rel}","templated":true}]}}