{"id":4338,"date":"2020-07-07T09:49:28","date_gmt":"2020-07-07T11:49:28","guid":{"rendered":"https:\/\/www.specagra.ee.nemokamossvetaines.hostingas.lt\/?post_type=product&#038;p=4338"},"modified":"2022-06-16T06:28:12","modified_gmt":"2022-06-16T08:28:12","slug":"rankinis-dangteliu-uzdarymo-irenginys","status":"publish","type":"product","link":"https:\/\/www.specagra.ee\/?product=rankinis-dangteliu-uzdarymo-irenginys","title":{"rendered":"Rankinis dangteli\u0173 u\u017edarymo \u012frenginys"},"content":{"rendered":"<p>Bendrosios savyb\u0117s:<\/p>\n<ul>\n<li>Kaitinimo elementas 2x250W. \u012erenginys, skirtas indeliams, kuri\u0173 standartinis diametras 75 mm arba \/ ir 95 mm ( papildoma kaina u\u017e galimyb\u0119 tur\u0117ti 2 parinktis).<\/li>\n<li>Folijavimo temperat\u016bra priklauso nuo plastikinio indelio storio ir svyruoja nuo 165\u00b0C iki 180 \u00b0C ir spaudimo laikas svyruoja nuo 2-3 sekund\u017ei\u0173.<\/li>\n<li>Darbo na\u0161umas: 250 u\u017edarym\u0173 per valand\u0105 (priklausomai nuo \u017emogaus, kuris atlieka operacij\u0105).<\/li>\n<\/ul>\n<p>&nbsp;<\/p>\n<p>&nbsp;<\/p>\n<p>&nbsp;<\/p>\n<p>&nbsp;<\/p>\n","protected":false},"excerpt":{"rendered":"<p>Bendrosios savyb\u0117s: Kaitinimo elementas 2x250W. \u012erenginys, skirtas indeliams, kuri\u0173 standartinis diametras 75 mm arba \/ ir 95 mm ( papildoma kaina u\u017e galimyb\u0119 tur\u0117ti 2 parinktis). Folijavimo temperat\u016bra priklauso nuo plastikinio indelio storio ir svyruoja nuo 165\u00b0C iki 180 \u00b0C ir spaudimo laikas svyruoja nuo 2-3 sekund\u017ei\u0173. Darbo na\u0161umas: 250 u\u017edarym\u0173 per valand\u0105 (priklausomai nuo [&hellip;]<\/p>\n","protected":false},"featured_media":5950,"template":"","meta":{"_et_pb_use_builder":"","_et_pb_old_content":"","_et_gb_content_width":""},"product_brand":[],"product_cat":[211],"product_tag":[],"class_list":{"0":"post-4338","1":"product","2":"type-product","3":"status-publish","4":"has-post-thumbnail","6":"product_cat-juustutootmise-ja-muud-lahendused","8":"first","9":"instock","10":"shipping-taxable","11":"product-type-simple"},"yoast_head":"<!-- This site is optimized with the Yoast SEO plugin v26.4 - https:\/\/yoast.com\/wordpress\/plugins\/seo\/ -->\n<title>Rankinis dangteli\u0173 u\u017edarymo \u012frenginys - Specagra<\/title>\n<meta name=\"robots\" content=\"index, follow, max-snippet:-1, max-image-preview:large, max-video-preview:-1\" \/>\n<link rel=\"canonical\" href=\"https:\/\/www.specagra.ee\/?product=rankinis-dangteliu-uzdarymo-irenginys\" \/>\n<meta property=\"og:locale\" content=\"et_EE\" \/>\n<meta property=\"og:type\" content=\"article\" \/>\n<meta property=\"og:title\" content=\"Rankinis dangteli\u0173 u\u017edarymo \u012frenginys - Specagra\" \/>\n<meta property=\"og:description\" content=\"Bendrosios savyb\u0117s: Kaitinimo elementas 2x250W. \u012erenginys, skirtas indeliams, kuri\u0173 standartinis diametras 75 mm arba \/ ir 95 mm ( papildoma kaina u\u017e galimyb\u0119 tur\u0117ti 2 parinktis). Folijavimo temperat\u016bra priklauso nuo plastikinio indelio storio ir svyruoja nuo 165\u00b0C iki 180 \u00b0C ir spaudimo laikas svyruoja nuo 2-3 sekund\u017ei\u0173. Darbo na\u0161umas: 250 u\u017edarym\u0173 per valand\u0105 (priklausomai nuo [&hellip;]\" \/>\n<meta property=\"og:url\" content=\"https:\/\/www.specagra.ee\/?product=rankinis-dangteliu-uzdarymo-irenginys\" \/>\n<meta property=\"og:site_name\" content=\"Specagra\" \/>\n<meta property=\"article:modified_time\" content=\"2022-06-16T08:28:12+00:00\" \/>\n<meta property=\"og:image\" content=\"https:\/\/www.specagra.ee\/wp-content\/uploads\/2020\/07\/17605.jpg\" \/>\n\t<meta property=\"og:image:width\" content=\"1280\" \/>\n\t<meta property=\"og:image:height\" content=\"1280\" \/>\n\t<meta property=\"og:image:type\" content=\"image\/jpeg\" \/>\n<meta name=\"twitter:card\" content=\"summary_large_image\" \/>\n<script type=\"application\/ld+json\" class=\"yoast-schema-graph\">{\"@context\":\"https:\/\/schema.org\",\"@graph\":[{\"@type\":\"WebPage\",\"@id\":\"https:\/\/www.specagra.ee\/?product=rankinis-dangteliu-uzdarymo-irenginys\",\"url\":\"https:\/\/www.specagra.ee\/?product=rankinis-dangteliu-uzdarymo-irenginys\",\"name\":\"Rankinis dangteli\u0173 u\u017edarymo \u012frenginys - Specagra\",\"isPartOf\":{\"@id\":\"https:\/\/www.specagra.ee\/#website\"},\"primaryImageOfPage\":{\"@id\":\"https:\/\/www.specagra.ee\/?product=rankinis-dangteliu-uzdarymo-irenginys#primaryimage\"},\"image\":{\"@id\":\"https:\/\/www.specagra.ee\/?product=rankinis-dangteliu-uzdarymo-irenginys#primaryimage\"},\"thumbnailUrl\":\"https:\/\/www.specagra.ee\/wp-content\/uploads\/2020\/07\/17605.jpg\",\"datePublished\":\"2020-07-07T11:49:28+00:00\",\"dateModified\":\"2022-06-16T08:28:12+00:00\",\"breadcrumb\":{\"@id\":\"https:\/\/www.specagra.ee\/?product=rankinis-dangteliu-uzdarymo-irenginys#breadcrumb\"},\"inLanguage\":\"et\",\"potentialAction\":[{\"@type\":\"ReadAction\",\"target\":[\"https:\/\/www.specagra.ee\/?product=rankinis-dangteliu-uzdarymo-irenginys\"]}]},{\"@type\":\"ImageObject\",\"inLanguage\":\"et\",\"@id\":\"https:\/\/www.specagra.ee\/?product=rankinis-dangteliu-uzdarymo-irenginys#primaryimage\",\"url\":\"https:\/\/www.specagra.ee\/wp-content\/uploads\/2020\/07\/17605.jpg\",\"contentUrl\":\"https:\/\/www.specagra.ee\/wp-content\/uploads\/2020\/07\/17605.jpg\",\"width\":1280,\"height\":1280},{\"@type\":\"BreadcrumbList\",\"@id\":\"https:\/\/www.specagra.ee\/?product=rankinis-dangteliu-uzdarymo-irenginys#breadcrumb\",\"itemListElement\":[{\"@type\":\"ListItem\",\"position\":1,\"name\":\"Home\",\"item\":\"https:\/\/www.specagra.ee\/\"},{\"@type\":\"ListItem\",\"position\":2,\"name\":\"P\u00f5llumajandustehnika ja loomakasvatus\",\"item\":\"https:\/\/specagra.ee\/?page_id=18493\"},{\"@type\":\"ListItem\",\"position\":3,\"name\":\"Rankinis dangteli\u0173 u\u017edarymo \u012frenginys\"}]},{\"@type\":\"WebSite\",\"@id\":\"https:\/\/www.specagra.ee\/#website\",\"url\":\"https:\/\/www.specagra.ee\/\",\"name\":\"Specagra\",\"description\":\"P\u00f5llumajandustehnika ja varuosad\",\"publisher\":{\"@id\":\"https:\/\/www.specagra.ee\/#organization\"},\"potentialAction\":[{\"@type\":\"SearchAction\",\"target\":{\"@type\":\"EntryPoint\",\"urlTemplate\":\"https:\/\/www.specagra.ee\/?s={search_term_string}\"},\"query-input\":{\"@type\":\"PropertyValueSpecification\",\"valueRequired\":true,\"valueName\":\"search_term_string\"}}],\"inLanguage\":\"et\"},{\"@type\":\"Organization\",\"@id\":\"https:\/\/www.specagra.ee\/#organization\",\"name\":\"UAB Specagra\",\"url\":\"https:\/\/www.specagra.ee\/\",\"logo\":{\"@type\":\"ImageObject\",\"inLanguage\":\"et\",\"@id\":\"https:\/\/www.specagra.ee\/#\/schema\/logo\/image\/\",\"url\":\"http:\/\/www.specagra.ee\/wp-content\/uploads\/2022\/02\/SP-logo_naujas-scaled.jpg\",\"contentUrl\":\"http:\/\/www.specagra.ee\/wp-content\/uploads\/2022\/02\/SP-logo_naujas-scaled.jpg\",\"width\":2560,\"height\":326,\"caption\":\"UAB Specagra\"},\"image\":{\"@id\":\"https:\/\/www.specagra.ee\/#\/schema\/logo\/image\/\"}}]}<\/script>\n<!-- \/ Yoast SEO plugin. -->","yoast_head_json":{"title":"Rankinis dangteli\u0173 u\u017edarymo \u012frenginys - Specagra","robots":{"index":"index","follow":"follow","max-snippet":"max-snippet:-1","max-image-preview":"max-image-preview:large","max-video-preview":"max-video-preview:-1"},"canonical":"https:\/\/www.specagra.ee\/?product=rankinis-dangteliu-uzdarymo-irenginys","og_locale":"et_EE","og_type":"article","og_title":"Rankinis dangteli\u0173 u\u017edarymo \u012frenginys - Specagra","og_description":"Bendrosios savyb\u0117s: Kaitinimo elementas 2x250W. \u012erenginys, skirtas indeliams, kuri\u0173 standartinis diametras 75 mm arba \/ ir 95 mm ( papildoma kaina u\u017e galimyb\u0119 tur\u0117ti 2 parinktis). Folijavimo temperat\u016bra priklauso nuo plastikinio indelio storio ir svyruoja nuo 165\u00b0C iki 180 \u00b0C ir spaudimo laikas svyruoja nuo 2-3 sekund\u017ei\u0173. Darbo na\u0161umas: 250 u\u017edarym\u0173 per valand\u0105 (priklausomai nuo [&hellip;]","og_url":"https:\/\/www.specagra.ee\/?product=rankinis-dangteliu-uzdarymo-irenginys","og_site_name":"Specagra","article_modified_time":"2022-06-16T08:28:12+00:00","og_image":[{"width":1280,"height":1280,"url":"https:\/\/www.specagra.ee\/wp-content\/uploads\/2020\/07\/17605.jpg","type":"image\/jpeg"}],"twitter_card":"summary_large_image","schema":{"@context":"https:\/\/schema.org","@graph":[{"@type":"WebPage","@id":"https:\/\/www.specagra.ee\/?product=rankinis-dangteliu-uzdarymo-irenginys","url":"https:\/\/www.specagra.ee\/?product=rankinis-dangteliu-uzdarymo-irenginys","name":"Rankinis dangteli\u0173 u\u017edarymo \u012frenginys - Specagra","isPartOf":{"@id":"https:\/\/www.specagra.ee\/#website"},"primaryImageOfPage":{"@id":"https:\/\/www.specagra.ee\/?product=rankinis-dangteliu-uzdarymo-irenginys#primaryimage"},"image":{"@id":"https:\/\/www.specagra.ee\/?product=rankinis-dangteliu-uzdarymo-irenginys#primaryimage"},"thumbnailUrl":"https:\/\/www.specagra.ee\/wp-content\/uploads\/2020\/07\/17605.jpg","datePublished":"2020-07-07T11:49:28+00:00","dateModified":"2022-06-16T08:28:12+00:00","breadcrumb":{"@id":"https:\/\/www.specagra.ee\/?product=rankinis-dangteliu-uzdarymo-irenginys#breadcrumb"},"inLanguage":"et","potentialAction":[{"@type":"ReadAction","target":["https:\/\/www.specagra.ee\/?product=rankinis-dangteliu-uzdarymo-irenginys"]}]},{"@type":"ImageObject","inLanguage":"et","@id":"https:\/\/www.specagra.ee\/?product=rankinis-dangteliu-uzdarymo-irenginys#primaryimage","url":"https:\/\/www.specagra.ee\/wp-content\/uploads\/2020\/07\/17605.jpg","contentUrl":"https:\/\/www.specagra.ee\/wp-content\/uploads\/2020\/07\/17605.jpg","width":1280,"height":1280},{"@type":"BreadcrumbList","@id":"https:\/\/www.specagra.ee\/?product=rankinis-dangteliu-uzdarymo-irenginys#breadcrumb","itemListElement":[{"@type":"ListItem","position":1,"name":"Home","item":"https:\/\/www.specagra.ee\/"},{"@type":"ListItem","position":2,"name":"P\u00f5llumajandustehnika ja loomakasvatus","item":"https:\/\/specagra.ee\/?page_id=18493"},{"@type":"ListItem","position":3,"name":"Rankinis dangteli\u0173 u\u017edarymo \u012frenginys"}]},{"@type":"WebSite","@id":"https:\/\/www.specagra.ee\/#website","url":"https:\/\/www.specagra.ee\/","name":"Specagra","description":"P\u00f5llumajandustehnika ja varuosad","publisher":{"@id":"https:\/\/www.specagra.ee\/#organization"},"potentialAction":[{"@type":"SearchAction","target":{"@type":"EntryPoint","urlTemplate":"https:\/\/www.specagra.ee\/?s={search_term_string}"},"query-input":{"@type":"PropertyValueSpecification","valueRequired":true,"valueName":"search_term_string"}}],"inLanguage":"et"},{"@type":"Organization","@id":"https:\/\/www.specagra.ee\/#organization","name":"UAB Specagra","url":"https:\/\/www.specagra.ee\/","logo":{"@type":"ImageObject","inLanguage":"et","@id":"https:\/\/www.specagra.ee\/#\/schema\/logo\/image\/","url":"http:\/\/www.specagra.ee\/wp-content\/uploads\/2022\/02\/SP-logo_naujas-scaled.jpg","contentUrl":"http:\/\/www.specagra.ee\/wp-content\/uploads\/2022\/02\/SP-logo_naujas-scaled.jpg","width":2560,"height":326,"caption":"UAB Specagra"},"image":{"@id":"https:\/\/www.specagra.ee\/#\/schema\/logo\/image\/"}}]}},"_links":{"self":[{"href":"https:\/\/www.specagra.ee\/index.php?rest_route=\/wp\/v2\/product\/4338","targetHints":{"allow":["GET"]}}],"collection":[{"href":"https:\/\/www.specagra.ee\/index.php?rest_route=\/wp\/v2\/product"}],"about":[{"href":"https:\/\/www.specagra.ee\/index.php?rest_route=\/wp\/v2\/types\/product"}],"wp:featuredmedia":[{"embeddable":true,"href":"https:\/\/www.specagra.ee\/index.php?rest_route=\/wp\/v2\/media\/5950"}],"wp:attachment":[{"href":"https:\/\/www.specagra.ee\/index.php?rest_route=%2Fwp%2Fv2%2Fmedia&parent=4338"}],"wp:term":[{"taxonomy":"product_brand","embeddable":true,"href":"https:\/\/www.specagra.ee\/index.php?rest_route=%2Fwp%2Fv2%2Fproduct_brand&post=4338"},{"taxonomy":"product_cat","embeddable":true,"href":"https:\/\/www.specagra.ee\/index.php?rest_route=%2Fwp%2Fv2%2Fproduct_cat&post=4338"},{"taxonomy":"product_tag","embeddable":true,"href":"https:\/\/www.specagra.ee\/index.php?rest_route=%2Fwp%2Fv2%2Fproduct_tag&post=4338"}],"curies":[{"name":"wp","href":"https:\/\/api.w.org\/{rel}","templated":true}]}}