{"id":43325,"date":"2024-11-29T05:12:10","date_gmt":"2024-11-29T07:12:10","guid":{"rendered":"https:\/\/www.specagra.ee\/?post_type=product&#038;p=43325"},"modified":"2024-11-29T05:13:13","modified_gmt":"2024-11-29T07:13:13","slug":"43325","status":"publish","type":"product","link":"https:\/\/www.specagra.ee\/?product=43325","title":{"rendered":"Prispaudimo dir\u017eas siloso tran\u0161\u0117joms \u201eSTRAPS &#038; CLICK\u201c"},"content":{"rendered":"","protected":false},"excerpt":{"rendered":"<p>\u201eSTRAPS &amp; CLICK\u201c yra alternatyva \u201aSilobags\u00ae\u2018 naudojimui siloso tran\u0161\u0117joms. Apdoroti UV spinduliais, tvirti ir ilgaam\u017eiai.<br \/>\nDir\u017eai puikiai tinka norint supaprastinti apsaug\u0173 ir siloso pl\u0117vel\u0117s sandarum\u0105 visame siloso tran\u0161\u0117jos pavir\u0161iuje.<br \/>\nTai priedas, su kuriuo labai malonu dirbti d\u0117l jo lengvumo, lankstumo ir pritaikomumo.<br \/>\nJuostas galima pagaminti pagal norim\u0105 dyd\u012f ir siloso tran\u0161\u0117jos tip\u0105. Si\u016blome 2 u\u017erakt\u0173 versijas ir kelias tvirtinimo galimybes<\/p>\n<p>&nbsp;<\/p>\n<p>Standartiniai dyd\u017eiai:<\/p>\n<ul>\n<li>50 mm x 40 m<\/li>\n<li>50 mm x 20 m<\/li>\n<li>50 mm x 36 m<\/li>\n<\/ul>\n","protected":false},"featured_media":43326,"template":"","meta":{"_et_pb_use_builder":"","_et_pb_old_content":"","_et_gb_content_width":""},"product_brand":[],"product_cat":[291],"product_tag":[],"class_list":{"0":"post-43325","1":"product","2":"type-product","3":"status-publish","4":"has-post-thumbnail","6":"product_cat-kaitsekatete-tarvikud","8":"first","9":"instock","10":"shipping-taxable","11":"product-type-simple"},"yoast_head":"<!-- This site is optimized with the Yoast SEO plugin v26.4 - https:\/\/yoast.com\/wordpress\/plugins\/seo\/ -->\n<title>Prispaudimo dir\u017eas siloso tran\u0161\u0117joms \u201eSTRAPS &amp; CLICK\u201c - Specagra<\/title>\n<meta name=\"robots\" content=\"index, follow, max-snippet:-1, max-image-preview:large, max-video-preview:-1\" \/>\n<link rel=\"canonical\" href=\"https:\/\/www.specagra.ee\/?product=43325\" \/>\n<meta property=\"og:locale\" content=\"et_EE\" \/>\n<meta property=\"og:type\" content=\"article\" \/>\n<meta property=\"og:title\" content=\"Prispaudimo dir\u017eas siloso tran\u0161\u0117joms \u201eSTRAPS &amp; CLICK\u201c - Specagra\" \/>\n<meta property=\"og:description\" content=\"\u201eSTRAPS &amp; CLICK\u201c yra alternatyva \u201aSilobags\u00ae\u2018 naudojimui siloso tran\u0161\u0117joms. Apdoroti UV spinduliais, tvirti ir ilgaam\u017eiai. Dir\u017eai puikiai tinka norint supaprastinti apsaug\u0173 ir siloso pl\u0117vel\u0117s sandarum\u0105 visame siloso tran\u0161\u0117jos pavir\u0161iuje. Tai priedas, su kuriuo labai malonu dirbti d\u0117l jo lengvumo, lankstumo ir pritaikomumo. Juostas galima pagaminti pagal norim\u0105 dyd\u012f ir siloso tran\u0161\u0117jos tip\u0105. Si\u016blome 2 u\u017erakt\u0173 versijas ir kelias tvirtinimo galimybes  &nbsp;  Standartiniai dyd\u017eiai:   50 mm x 40 m  50 mm x 20 m  50 mm x 36 m\" \/>\n<meta property=\"og:url\" content=\"https:\/\/www.specagra.ee\/?product=43325\" \/>\n<meta property=\"og:site_name\" content=\"Specagra\" \/>\n<meta property=\"article:modified_time\" content=\"2024-11-29T07:13:13+00:00\" \/>\n<meta property=\"og:image\" content=\"https:\/\/www.specagra.ee\/wp-content\/uploads\/2024\/11\/Untitled-design1-9.jpg\" \/>\n\t<meta property=\"og:image:width\" content=\"900\" \/>\n\t<meta property=\"og:image:height\" content=\"900\" \/>\n\t<meta property=\"og:image:type\" content=\"image\/jpeg\" \/>\n<meta name=\"twitter:card\" content=\"summary_large_image\" \/>\n<meta name=\"twitter:label1\" content=\"Est. reading time\" \/>\n\t<meta name=\"twitter:data1\" content=\"1 minut\" \/>\n<script type=\"application\/ld+json\" class=\"yoast-schema-graph\">{\"@context\":\"https:\/\/schema.org\",\"@graph\":[{\"@type\":\"WebPage\",\"@id\":\"https:\/\/www.specagra.ee\/?product=43325\",\"url\":\"https:\/\/www.specagra.ee\/?product=43325\",\"name\":\"Prispaudimo dir\u017eas siloso tran\u0161\u0117joms \u201eSTRAPS & CLICK\u201c - Specagra\",\"isPartOf\":{\"@id\":\"https:\/\/www.specagra.ee\/#website\"},\"primaryImageOfPage\":{\"@id\":\"https:\/\/www.specagra.ee\/?product=43325#primaryimage\"},\"image\":{\"@id\":\"https:\/\/www.specagra.ee\/?product=43325#primaryimage\"},\"thumbnailUrl\":\"https:\/\/www.specagra.ee\/wp-content\/uploads\/2024\/11\/Untitled-design1-9.jpg\",\"datePublished\":\"2024-11-29T07:12:10+00:00\",\"dateModified\":\"2024-11-29T07:13:13+00:00\",\"breadcrumb\":{\"@id\":\"https:\/\/www.specagra.ee\/?product=43325#breadcrumb\"},\"inLanguage\":\"et\",\"potentialAction\":[{\"@type\":\"ReadAction\",\"target\":[\"https:\/\/www.specagra.ee\/?product=43325\"]}]},{\"@type\":\"ImageObject\",\"inLanguage\":\"et\",\"@id\":\"https:\/\/www.specagra.ee\/?product=43325#primaryimage\",\"url\":\"https:\/\/www.specagra.ee\/wp-content\/uploads\/2024\/11\/Untitled-design1-9.jpg\",\"contentUrl\":\"https:\/\/www.specagra.ee\/wp-content\/uploads\/2024\/11\/Untitled-design1-9.jpg\",\"width\":900,\"height\":900},{\"@type\":\"BreadcrumbList\",\"@id\":\"https:\/\/www.specagra.ee\/?product=43325#breadcrumb\",\"itemListElement\":[{\"@type\":\"ListItem\",\"position\":1,\"name\":\"Home\",\"item\":\"https:\/\/www.specagra.ee\/\"},{\"@type\":\"ListItem\",\"position\":2,\"name\":\"P\u00f5llumajandustehnika ja loomakasvatus\",\"item\":\"https:\/\/specagra.ee\/?page_id=18493\"},{\"@type\":\"ListItem\",\"position\":3,\"name\":\"Prispaudimo dir\u017eas siloso tran\u0161\u0117joms \u201eSTRAPS &#038; CLICK\u201c\"}]},{\"@type\":\"WebSite\",\"@id\":\"https:\/\/www.specagra.ee\/#website\",\"url\":\"https:\/\/www.specagra.ee\/\",\"name\":\"Specagra\",\"description\":\"P\u00f5llumajandustehnika ja varuosad\",\"publisher\":{\"@id\":\"https:\/\/www.specagra.ee\/#organization\"},\"potentialAction\":[{\"@type\":\"SearchAction\",\"target\":{\"@type\":\"EntryPoint\",\"urlTemplate\":\"https:\/\/www.specagra.ee\/?s={search_term_string}\"},\"query-input\":{\"@type\":\"PropertyValueSpecification\",\"valueRequired\":true,\"valueName\":\"search_term_string\"}}],\"inLanguage\":\"et\"},{\"@type\":\"Organization\",\"@id\":\"https:\/\/www.specagra.ee\/#organization\",\"name\":\"UAB Specagra\",\"url\":\"https:\/\/www.specagra.ee\/\",\"logo\":{\"@type\":\"ImageObject\",\"inLanguage\":\"et\",\"@id\":\"https:\/\/www.specagra.ee\/#\/schema\/logo\/image\/\",\"url\":\"http:\/\/www.specagra.ee\/wp-content\/uploads\/2022\/02\/SP-logo_naujas-scaled.jpg\",\"contentUrl\":\"http:\/\/www.specagra.ee\/wp-content\/uploads\/2022\/02\/SP-logo_naujas-scaled.jpg\",\"width\":2560,\"height\":326,\"caption\":\"UAB Specagra\"},\"image\":{\"@id\":\"https:\/\/www.specagra.ee\/#\/schema\/logo\/image\/\"}}]}<\/script>\n<!-- \/ Yoast SEO plugin. -->","yoast_head_json":{"title":"Prispaudimo dir\u017eas siloso tran\u0161\u0117joms \u201eSTRAPS & CLICK\u201c - Specagra","robots":{"index":"index","follow":"follow","max-snippet":"max-snippet:-1","max-image-preview":"max-image-preview:large","max-video-preview":"max-video-preview:-1"},"canonical":"https:\/\/www.specagra.ee\/?product=43325","og_locale":"et_EE","og_type":"article","og_title":"Prispaudimo dir\u017eas siloso tran\u0161\u0117joms \u201eSTRAPS & CLICK\u201c - Specagra","og_description":"\u201eSTRAPS &amp; CLICK\u201c yra alternatyva \u201aSilobags\u00ae\u2018 naudojimui siloso tran\u0161\u0117joms. Apdoroti UV spinduliais, tvirti ir ilgaam\u017eiai. Dir\u017eai puikiai tinka norint supaprastinti apsaug\u0173 ir siloso pl\u0117vel\u0117s sandarum\u0105 visame siloso tran\u0161\u0117jos pavir\u0161iuje. Tai priedas, su kuriuo labai malonu dirbti d\u0117l jo lengvumo, lankstumo ir pritaikomumo. Juostas galima pagaminti pagal norim\u0105 dyd\u012f ir siloso tran\u0161\u0117jos tip\u0105. Si\u016blome 2 u\u017erakt\u0173 versijas ir kelias tvirtinimo galimybes  &nbsp;  Standartiniai dyd\u017eiai:   50 mm x 40 m  50 mm x 20 m  50 mm x 36 m","og_url":"https:\/\/www.specagra.ee\/?product=43325","og_site_name":"Specagra","article_modified_time":"2024-11-29T07:13:13+00:00","og_image":[{"width":900,"height":900,"url":"https:\/\/www.specagra.ee\/wp-content\/uploads\/2024\/11\/Untitled-design1-9.jpg","type":"image\/jpeg"}],"twitter_card":"summary_large_image","twitter_misc":{"Est. reading time":"1 minut"},"schema":{"@context":"https:\/\/schema.org","@graph":[{"@type":"WebPage","@id":"https:\/\/www.specagra.ee\/?product=43325","url":"https:\/\/www.specagra.ee\/?product=43325","name":"Prispaudimo dir\u017eas siloso tran\u0161\u0117joms \u201eSTRAPS & CLICK\u201c - Specagra","isPartOf":{"@id":"https:\/\/www.specagra.ee\/#website"},"primaryImageOfPage":{"@id":"https:\/\/www.specagra.ee\/?product=43325#primaryimage"},"image":{"@id":"https:\/\/www.specagra.ee\/?product=43325#primaryimage"},"thumbnailUrl":"https:\/\/www.specagra.ee\/wp-content\/uploads\/2024\/11\/Untitled-design1-9.jpg","datePublished":"2024-11-29T07:12:10+00:00","dateModified":"2024-11-29T07:13:13+00:00","breadcrumb":{"@id":"https:\/\/www.specagra.ee\/?product=43325#breadcrumb"},"inLanguage":"et","potentialAction":[{"@type":"ReadAction","target":["https:\/\/www.specagra.ee\/?product=43325"]}]},{"@type":"ImageObject","inLanguage":"et","@id":"https:\/\/www.specagra.ee\/?product=43325#primaryimage","url":"https:\/\/www.specagra.ee\/wp-content\/uploads\/2024\/11\/Untitled-design1-9.jpg","contentUrl":"https:\/\/www.specagra.ee\/wp-content\/uploads\/2024\/11\/Untitled-design1-9.jpg","width":900,"height":900},{"@type":"BreadcrumbList","@id":"https:\/\/www.specagra.ee\/?product=43325#breadcrumb","itemListElement":[{"@type":"ListItem","position":1,"name":"Home","item":"https:\/\/www.specagra.ee\/"},{"@type":"ListItem","position":2,"name":"P\u00f5llumajandustehnika ja loomakasvatus","item":"https:\/\/specagra.ee\/?page_id=18493"},{"@type":"ListItem","position":3,"name":"Prispaudimo dir\u017eas siloso tran\u0161\u0117joms \u201eSTRAPS &#038; CLICK\u201c"}]},{"@type":"WebSite","@id":"https:\/\/www.specagra.ee\/#website","url":"https:\/\/www.specagra.ee\/","name":"Specagra","description":"P\u00f5llumajandustehnika ja varuosad","publisher":{"@id":"https:\/\/www.specagra.ee\/#organization"},"potentialAction":[{"@type":"SearchAction","target":{"@type":"EntryPoint","urlTemplate":"https:\/\/www.specagra.ee\/?s={search_term_string}"},"query-input":{"@type":"PropertyValueSpecification","valueRequired":true,"valueName":"search_term_string"}}],"inLanguage":"et"},{"@type":"Organization","@id":"https:\/\/www.specagra.ee\/#organization","name":"UAB Specagra","url":"https:\/\/www.specagra.ee\/","logo":{"@type":"ImageObject","inLanguage":"et","@id":"https:\/\/www.specagra.ee\/#\/schema\/logo\/image\/","url":"http:\/\/www.specagra.ee\/wp-content\/uploads\/2022\/02\/SP-logo_naujas-scaled.jpg","contentUrl":"http:\/\/www.specagra.ee\/wp-content\/uploads\/2022\/02\/SP-logo_naujas-scaled.jpg","width":2560,"height":326,"caption":"UAB Specagra"},"image":{"@id":"https:\/\/www.specagra.ee\/#\/schema\/logo\/image\/"}}]}},"_links":{"self":[{"href":"https:\/\/www.specagra.ee\/index.php?rest_route=\/wp\/v2\/product\/43325","targetHints":{"allow":["GET"]}}],"collection":[{"href":"https:\/\/www.specagra.ee\/index.php?rest_route=\/wp\/v2\/product"}],"about":[{"href":"https:\/\/www.specagra.ee\/index.php?rest_route=\/wp\/v2\/types\/product"}],"wp:featuredmedia":[{"embeddable":true,"href":"https:\/\/www.specagra.ee\/index.php?rest_route=\/wp\/v2\/media\/43326"}],"wp:attachment":[{"href":"https:\/\/www.specagra.ee\/index.php?rest_route=%2Fwp%2Fv2%2Fmedia&parent=43325"}],"wp:term":[{"taxonomy":"product_brand","embeddable":true,"href":"https:\/\/www.specagra.ee\/index.php?rest_route=%2Fwp%2Fv2%2Fproduct_brand&post=43325"},{"taxonomy":"product_cat","embeddable":true,"href":"https:\/\/www.specagra.ee\/index.php?rest_route=%2Fwp%2Fv2%2Fproduct_cat&post=43325"},{"taxonomy":"product_tag","embeddable":true,"href":"https:\/\/www.specagra.ee\/index.php?rest_route=%2Fwp%2Fv2%2Fproduct_tag&post=43325"}],"curies":[{"name":"wp","href":"https:\/\/api.w.org\/{rel}","templated":true}]}}