{"id":43321,"date":"2024-11-28T08:23:49","date_gmt":"2024-11-28T10:23:49","guid":{"rendered":"https:\/\/www.specagra.ee\/?post_type=product&#038;p=43321"},"modified":"2024-11-28T08:25:41","modified_gmt":"2024-11-28T10:25:41","slug":"sandeliavimo-lentyna-smelio-maisams-rakasilo","status":"publish","type":"product","link":"https:\/\/www.specagra.ee\/?product=sandeliavimo-lentyna-smelio-maisams-rakasilo","title":{"rendered":"Sand\u0117liavimo lentyna sm\u0117lio mai\u0161ams \u201eRakasilo&#8221;"},"content":{"rendered":"","protected":false},"excerpt":{"rendered":"<p>Sm\u0117lio mai\u0161\u0173 tarnavimo laikas priklauso nuo to, kaip jie laikomi ir naudojami. RAKASILO sand\u0117liavmo lentynos gaminamos i\u0161 pirmo plieno, v\u0117liau cinkuojami. Jie yra stabil\u016bs ir gali b\u016bti kraunami vienas ant kito.<br \/>\nTaip siekiama sutaupyti laiko ir i\u0161saugoti \u201eSilobags \u00ae\u201c ilgaam\u017ei\u0161kum\u0105.<\/p>\n<p>Cinkuota pilka spalva<\/p>\n<p>Dydis: 1,2 x 1,2 m<\/p>\n","protected":false},"featured_media":43322,"template":"","meta":{"_et_pb_use_builder":"","_et_pb_old_content":"","_et_gb_content_width":""},"product_brand":[],"product_cat":[291],"product_tag":[],"class_list":{"0":"post-43321","1":"product","2":"type-product","3":"status-publish","4":"has-post-thumbnail","6":"product_cat-kaitsekatete-tarvikud","8":"first","9":"instock","10":"shipping-taxable","11":"product-type-simple"},"yoast_head":"<!-- This site is optimized with the Yoast SEO plugin v26.4 - https:\/\/yoast.com\/wordpress\/plugins\/seo\/ -->\n<title>Sand\u0117liavimo lentyna sm\u0117lio mai\u0161ams \u201eRakasilo&quot; - Specagra<\/title>\n<meta name=\"robots\" content=\"index, follow, max-snippet:-1, max-image-preview:large, max-video-preview:-1\" \/>\n<link rel=\"canonical\" href=\"https:\/\/www.specagra.ee\/?product=sandeliavimo-lentyna-smelio-maisams-rakasilo\" \/>\n<meta property=\"og:locale\" content=\"et_EE\" \/>\n<meta property=\"og:type\" content=\"article\" \/>\n<meta property=\"og:title\" content=\"Sand\u0117liavimo lentyna sm\u0117lio mai\u0161ams \u201eRakasilo&quot; - Specagra\" \/>\n<meta property=\"og:description\" content=\"Sm\u0117lio mai\u0161\u0173 tarnavimo laikas priklauso nuo to, kaip jie laikomi ir naudojami. RAKASILO sand\u0117liavmo lentynos gaminamos i\u0161 pirmo plieno, v\u0117liau cinkuojami. Jie yra stabil\u016bs ir gali b\u016bti kraunami vienas ant kito. Taip siekiama sutaupyti laiko ir i\u0161saugoti \u201eSilobags \u00ae\u201c ilgaam\u017ei\u0161kum\u0105.  Cinkuota pilka spalva  Dydis: 1,2 x 1,2 m\" \/>\n<meta property=\"og:url\" content=\"https:\/\/www.specagra.ee\/?product=sandeliavimo-lentyna-smelio-maisams-rakasilo\" \/>\n<meta property=\"og:site_name\" content=\"Specagra\" \/>\n<meta property=\"article:modified_time\" content=\"2024-11-28T10:25:41+00:00\" \/>\n<meta property=\"og:image\" content=\"https:\/\/www.specagra.ee\/wp-content\/uploads\/2024\/11\/Untitled-design-17.jpg\" \/>\n\t<meta property=\"og:image:width\" content=\"900\" \/>\n\t<meta property=\"og:image:height\" content=\"900\" \/>\n\t<meta property=\"og:image:type\" content=\"image\/jpeg\" \/>\n<meta name=\"twitter:card\" content=\"summary_large_image\" \/>\n<meta name=\"twitter:label1\" content=\"Est. reading time\" \/>\n\t<meta name=\"twitter:data1\" content=\"1 minut\" \/>\n<script type=\"application\/ld+json\" class=\"yoast-schema-graph\">{\"@context\":\"https:\/\/schema.org\",\"@graph\":[{\"@type\":\"WebPage\",\"@id\":\"https:\/\/www.specagra.ee\/?product=sandeliavimo-lentyna-smelio-maisams-rakasilo\",\"url\":\"https:\/\/www.specagra.ee\/?product=sandeliavimo-lentyna-smelio-maisams-rakasilo\",\"name\":\"Sand\u0117liavimo lentyna sm\u0117lio mai\u0161ams \u201eRakasilo\\\" - Specagra\",\"isPartOf\":{\"@id\":\"https:\/\/www.specagra.ee\/#website\"},\"primaryImageOfPage\":{\"@id\":\"https:\/\/www.specagra.ee\/?product=sandeliavimo-lentyna-smelio-maisams-rakasilo#primaryimage\"},\"image\":{\"@id\":\"https:\/\/www.specagra.ee\/?product=sandeliavimo-lentyna-smelio-maisams-rakasilo#primaryimage\"},\"thumbnailUrl\":\"https:\/\/www.specagra.ee\/wp-content\/uploads\/2024\/11\/Untitled-design-17.jpg\",\"datePublished\":\"2024-11-28T10:23:49+00:00\",\"dateModified\":\"2024-11-28T10:25:41+00:00\",\"breadcrumb\":{\"@id\":\"https:\/\/www.specagra.ee\/?product=sandeliavimo-lentyna-smelio-maisams-rakasilo#breadcrumb\"},\"inLanguage\":\"et\",\"potentialAction\":[{\"@type\":\"ReadAction\",\"target\":[\"https:\/\/www.specagra.ee\/?product=sandeliavimo-lentyna-smelio-maisams-rakasilo\"]}]},{\"@type\":\"ImageObject\",\"inLanguage\":\"et\",\"@id\":\"https:\/\/www.specagra.ee\/?product=sandeliavimo-lentyna-smelio-maisams-rakasilo#primaryimage\",\"url\":\"https:\/\/www.specagra.ee\/wp-content\/uploads\/2024\/11\/Untitled-design-17.jpg\",\"contentUrl\":\"https:\/\/www.specagra.ee\/wp-content\/uploads\/2024\/11\/Untitled-design-17.jpg\",\"width\":900,\"height\":900},{\"@type\":\"BreadcrumbList\",\"@id\":\"https:\/\/www.specagra.ee\/?product=sandeliavimo-lentyna-smelio-maisams-rakasilo#breadcrumb\",\"itemListElement\":[{\"@type\":\"ListItem\",\"position\":1,\"name\":\"Home\",\"item\":\"https:\/\/www.specagra.ee\/\"},{\"@type\":\"ListItem\",\"position\":2,\"name\":\"P\u00f5llumajandustehnika ja loomakasvatus\",\"item\":\"https:\/\/specagra.ee\/?page_id=18493\"},{\"@type\":\"ListItem\",\"position\":3,\"name\":\"Sand\u0117liavimo lentyna sm\u0117lio mai\u0161ams \u201eRakasilo&#8221;\"}]},{\"@type\":\"WebSite\",\"@id\":\"https:\/\/www.specagra.ee\/#website\",\"url\":\"https:\/\/www.specagra.ee\/\",\"name\":\"Specagra\",\"description\":\"P\u00f5llumajandustehnika ja varuosad\",\"publisher\":{\"@id\":\"https:\/\/www.specagra.ee\/#organization\"},\"potentialAction\":[{\"@type\":\"SearchAction\",\"target\":{\"@type\":\"EntryPoint\",\"urlTemplate\":\"https:\/\/www.specagra.ee\/?s={search_term_string}\"},\"query-input\":{\"@type\":\"PropertyValueSpecification\",\"valueRequired\":true,\"valueName\":\"search_term_string\"}}],\"inLanguage\":\"et\"},{\"@type\":\"Organization\",\"@id\":\"https:\/\/www.specagra.ee\/#organization\",\"name\":\"UAB Specagra\",\"url\":\"https:\/\/www.specagra.ee\/\",\"logo\":{\"@type\":\"ImageObject\",\"inLanguage\":\"et\",\"@id\":\"https:\/\/www.specagra.ee\/#\/schema\/logo\/image\/\",\"url\":\"http:\/\/www.specagra.ee\/wp-content\/uploads\/2022\/02\/SP-logo_naujas-scaled.jpg\",\"contentUrl\":\"http:\/\/www.specagra.ee\/wp-content\/uploads\/2022\/02\/SP-logo_naujas-scaled.jpg\",\"width\":2560,\"height\":326,\"caption\":\"UAB Specagra\"},\"image\":{\"@id\":\"https:\/\/www.specagra.ee\/#\/schema\/logo\/image\/\"}}]}<\/script>\n<!-- \/ Yoast SEO plugin. -->","yoast_head_json":{"title":"Sand\u0117liavimo lentyna sm\u0117lio mai\u0161ams \u201eRakasilo\" - Specagra","robots":{"index":"index","follow":"follow","max-snippet":"max-snippet:-1","max-image-preview":"max-image-preview:large","max-video-preview":"max-video-preview:-1"},"canonical":"https:\/\/www.specagra.ee\/?product=sandeliavimo-lentyna-smelio-maisams-rakasilo","og_locale":"et_EE","og_type":"article","og_title":"Sand\u0117liavimo lentyna sm\u0117lio mai\u0161ams \u201eRakasilo\" - Specagra","og_description":"Sm\u0117lio mai\u0161\u0173 tarnavimo laikas priklauso nuo to, kaip jie laikomi ir naudojami. RAKASILO sand\u0117liavmo lentynos gaminamos i\u0161 pirmo plieno, v\u0117liau cinkuojami. Jie yra stabil\u016bs ir gali b\u016bti kraunami vienas ant kito. Taip siekiama sutaupyti laiko ir i\u0161saugoti \u201eSilobags \u00ae\u201c ilgaam\u017ei\u0161kum\u0105.  Cinkuota pilka spalva  Dydis: 1,2 x 1,2 m","og_url":"https:\/\/www.specagra.ee\/?product=sandeliavimo-lentyna-smelio-maisams-rakasilo","og_site_name":"Specagra","article_modified_time":"2024-11-28T10:25:41+00:00","og_image":[{"width":900,"height":900,"url":"https:\/\/www.specagra.ee\/wp-content\/uploads\/2024\/11\/Untitled-design-17.jpg","type":"image\/jpeg"}],"twitter_card":"summary_large_image","twitter_misc":{"Est. reading time":"1 minut"},"schema":{"@context":"https:\/\/schema.org","@graph":[{"@type":"WebPage","@id":"https:\/\/www.specagra.ee\/?product=sandeliavimo-lentyna-smelio-maisams-rakasilo","url":"https:\/\/www.specagra.ee\/?product=sandeliavimo-lentyna-smelio-maisams-rakasilo","name":"Sand\u0117liavimo lentyna sm\u0117lio mai\u0161ams \u201eRakasilo\" - Specagra","isPartOf":{"@id":"https:\/\/www.specagra.ee\/#website"},"primaryImageOfPage":{"@id":"https:\/\/www.specagra.ee\/?product=sandeliavimo-lentyna-smelio-maisams-rakasilo#primaryimage"},"image":{"@id":"https:\/\/www.specagra.ee\/?product=sandeliavimo-lentyna-smelio-maisams-rakasilo#primaryimage"},"thumbnailUrl":"https:\/\/www.specagra.ee\/wp-content\/uploads\/2024\/11\/Untitled-design-17.jpg","datePublished":"2024-11-28T10:23:49+00:00","dateModified":"2024-11-28T10:25:41+00:00","breadcrumb":{"@id":"https:\/\/www.specagra.ee\/?product=sandeliavimo-lentyna-smelio-maisams-rakasilo#breadcrumb"},"inLanguage":"et","potentialAction":[{"@type":"ReadAction","target":["https:\/\/www.specagra.ee\/?product=sandeliavimo-lentyna-smelio-maisams-rakasilo"]}]},{"@type":"ImageObject","inLanguage":"et","@id":"https:\/\/www.specagra.ee\/?product=sandeliavimo-lentyna-smelio-maisams-rakasilo#primaryimage","url":"https:\/\/www.specagra.ee\/wp-content\/uploads\/2024\/11\/Untitled-design-17.jpg","contentUrl":"https:\/\/www.specagra.ee\/wp-content\/uploads\/2024\/11\/Untitled-design-17.jpg","width":900,"height":900},{"@type":"BreadcrumbList","@id":"https:\/\/www.specagra.ee\/?product=sandeliavimo-lentyna-smelio-maisams-rakasilo#breadcrumb","itemListElement":[{"@type":"ListItem","position":1,"name":"Home","item":"https:\/\/www.specagra.ee\/"},{"@type":"ListItem","position":2,"name":"P\u00f5llumajandustehnika ja loomakasvatus","item":"https:\/\/specagra.ee\/?page_id=18493"},{"@type":"ListItem","position":3,"name":"Sand\u0117liavimo lentyna sm\u0117lio mai\u0161ams \u201eRakasilo&#8221;"}]},{"@type":"WebSite","@id":"https:\/\/www.specagra.ee\/#website","url":"https:\/\/www.specagra.ee\/","name":"Specagra","description":"P\u00f5llumajandustehnika ja varuosad","publisher":{"@id":"https:\/\/www.specagra.ee\/#organization"},"potentialAction":[{"@type":"SearchAction","target":{"@type":"EntryPoint","urlTemplate":"https:\/\/www.specagra.ee\/?s={search_term_string}"},"query-input":{"@type":"PropertyValueSpecification","valueRequired":true,"valueName":"search_term_string"}}],"inLanguage":"et"},{"@type":"Organization","@id":"https:\/\/www.specagra.ee\/#organization","name":"UAB Specagra","url":"https:\/\/www.specagra.ee\/","logo":{"@type":"ImageObject","inLanguage":"et","@id":"https:\/\/www.specagra.ee\/#\/schema\/logo\/image\/","url":"http:\/\/www.specagra.ee\/wp-content\/uploads\/2022\/02\/SP-logo_naujas-scaled.jpg","contentUrl":"http:\/\/www.specagra.ee\/wp-content\/uploads\/2022\/02\/SP-logo_naujas-scaled.jpg","width":2560,"height":326,"caption":"UAB Specagra"},"image":{"@id":"https:\/\/www.specagra.ee\/#\/schema\/logo\/image\/"}}]}},"_links":{"self":[{"href":"https:\/\/www.specagra.ee\/index.php?rest_route=\/wp\/v2\/product\/43321","targetHints":{"allow":["GET"]}}],"collection":[{"href":"https:\/\/www.specagra.ee\/index.php?rest_route=\/wp\/v2\/product"}],"about":[{"href":"https:\/\/www.specagra.ee\/index.php?rest_route=\/wp\/v2\/types\/product"}],"wp:featuredmedia":[{"embeddable":true,"href":"https:\/\/www.specagra.ee\/index.php?rest_route=\/wp\/v2\/media\/43322"}],"wp:attachment":[{"href":"https:\/\/www.specagra.ee\/index.php?rest_route=%2Fwp%2Fv2%2Fmedia&parent=43321"}],"wp:term":[{"taxonomy":"product_brand","embeddable":true,"href":"https:\/\/www.specagra.ee\/index.php?rest_route=%2Fwp%2Fv2%2Fproduct_brand&post=43321"},{"taxonomy":"product_cat","embeddable":true,"href":"https:\/\/www.specagra.ee\/index.php?rest_route=%2Fwp%2Fv2%2Fproduct_cat&post=43321"},{"taxonomy":"product_tag","embeddable":true,"href":"https:\/\/www.specagra.ee\/index.php?rest_route=%2Fwp%2Fv2%2Fproduct_tag&post=43321"}],"curies":[{"name":"wp","href":"https:\/\/api.w.org\/{rel}","templated":true}]}}