{"id":43219,"date":"2024-11-08T06:32:00","date_gmt":"2024-11-08T08:32:00","guid":{"rendered":"https:\/\/www.specagra.ee\/?post_type=product&#038;p=43219"},"modified":"2024-11-22T06:35:41","modified_gmt":"2024-11-22T08:35:41","slug":"jaunu-augalu-apsauga-safetub","status":"publish","type":"product","link":"https:\/\/www.specagra.ee\/?product=jaunu-augalu-apsauga-safetub","title":{"rendered":"Jaun\u0173 augal\u0173 apsauga SAFETUB"},"content":{"rendered":"<p>SAFETUB rankov\u0117s skirtos jauniems augalams apsaugoti. Pagamintos i\u0161 sm\u0117lio spalvos laminuotos polipropilenin\u0117s tekstil\u0117s, jos veiksmingai apsaugo nuo grau\u017eik\u0173, i\u0161orinio poveikio, galim\u0173 herbicid\u0173 ir yra naudingos jauno augalo vystymuisi.<\/p>\n<p>Med\u017eiaga ir spalv\u0173 derinys praleid\u017eia \u0161vies\u0105 geram jauno augalo vystymuisi, tuo pa\u010diu skatina grei\u010diau \u012fsitvirtinti ir augti. Didelio mechaninio atsparumo, stand\u016bs, lengvai ir greitai montuojami.<\/p>\n<p><b>Standartiniai dyd\u017eiai sand\u0117lyje<\/b><\/p>\n<p>40 cm x 35 cm | 50 cm x 35 cm<\/p>\n<p><b>Spalva<\/b><\/p>\n<p>\u0160viesios sm\u0117lio spalvos<\/p>\n<p>Apsaugota nuo UV spinduli\u0173<\/p>\n<p><b>Svoris<\/b><\/p>\n<p>Apie 60 g \/ vnt.<\/p>\n","protected":false},"excerpt":{"rendered":"<p>SAFETUB rankov\u0117s skirtos jauniems augalams apsaugoti. Pagamintos i\u0161 sm\u0117lio spalvos laminuotos polipropilenin\u0117s tekstil\u0117s, jos veiksmingai apsaugo nuo grau\u017eik\u0173, i\u0161orinio poveikio, galim\u0173 herbicid\u0173 ir yra naudingos jauno augalo vystymuisi. Med\u017eiaga ir spalv\u0173 derinys praleid\u017eia \u0161vies\u0105 geram jauno augalo vystymuisi, tuo pa\u010diu skatina grei\u010diau \u012fsitvirtinti ir augti. Didelio mechaninio atsparumo, stand\u016bs, lengvai ir greitai montuojami. Standartiniai dyd\u017eiai [&hellip;]<\/p>\n","protected":false},"featured_media":43220,"template":"","meta":{"_et_pb_use_builder":"","_et_pb_old_content":"","_et_gb_content_width":""},"product_brand":[],"product_cat":[290,123],"product_tag":[],"class_list":{"0":"post-43219","1":"product","2":"type-product","3":"status-publish","4":"has-post-thumbnail","6":"product_cat-kaitsekatted","7":"product_cat-kaitsekatted-ja-tarvikud","9":"first","10":"instock","11":"shipping-taxable","12":"product-type-simple"},"yoast_head":"<!-- This site is optimized with the Yoast SEO plugin v26.4 - https:\/\/yoast.com\/wordpress\/plugins\/seo\/ -->\n<title>Jaun\u0173 augal\u0173 apsauga SAFETUB - Specagra<\/title>\n<meta name=\"robots\" content=\"index, follow, max-snippet:-1, max-image-preview:large, max-video-preview:-1\" \/>\n<link rel=\"canonical\" href=\"https:\/\/www.specagra.ee\/?product=jaunu-augalu-apsauga-safetub\" \/>\n<meta property=\"og:locale\" content=\"et_EE\" \/>\n<meta property=\"og:type\" content=\"article\" \/>\n<meta property=\"og:title\" content=\"Jaun\u0173 augal\u0173 apsauga SAFETUB - Specagra\" \/>\n<meta property=\"og:description\" content=\"SAFETUB rankov\u0117s skirtos jauniems augalams apsaugoti. Pagamintos i\u0161 sm\u0117lio spalvos laminuotos polipropilenin\u0117s tekstil\u0117s, jos veiksmingai apsaugo nuo grau\u017eik\u0173, i\u0161orinio poveikio, galim\u0173 herbicid\u0173 ir yra naudingos jauno augalo vystymuisi. Med\u017eiaga ir spalv\u0173 derinys praleid\u017eia \u0161vies\u0105 geram jauno augalo vystymuisi, tuo pa\u010diu skatina grei\u010diau \u012fsitvirtinti ir augti. Didelio mechaninio atsparumo, stand\u016bs, lengvai ir greitai montuojami. Standartiniai dyd\u017eiai [&hellip;]\" \/>\n<meta property=\"og:url\" content=\"https:\/\/www.specagra.ee\/?product=jaunu-augalu-apsauga-safetub\" \/>\n<meta property=\"og:site_name\" content=\"Specagra\" \/>\n<meta property=\"article:modified_time\" content=\"2024-11-22T08:35:41+00:00\" \/>\n<meta property=\"og:image\" content=\"https:\/\/www.specagra.ee\/wp-content\/uploads\/2024\/11\/Untitled-design7.jpg\" \/>\n\t<meta property=\"og:image:width\" content=\"900\" \/>\n\t<meta property=\"og:image:height\" content=\"900\" \/>\n\t<meta property=\"og:image:type\" content=\"image\/jpeg\" \/>\n<meta name=\"twitter:card\" content=\"summary_large_image\" \/>\n<meta name=\"twitter:label1\" content=\"Est. reading time\" \/>\n\t<meta name=\"twitter:data1\" content=\"1 minut\" \/>\n<script type=\"application\/ld+json\" class=\"yoast-schema-graph\">{\"@context\":\"https:\/\/schema.org\",\"@graph\":[{\"@type\":\"WebPage\",\"@id\":\"https:\/\/www.specagra.ee\/?product=jaunu-augalu-apsauga-safetub\",\"url\":\"https:\/\/www.specagra.ee\/?product=jaunu-augalu-apsauga-safetub\",\"name\":\"Jaun\u0173 augal\u0173 apsauga SAFETUB - Specagra\",\"isPartOf\":{\"@id\":\"https:\/\/www.specagra.ee\/#website\"},\"primaryImageOfPage\":{\"@id\":\"https:\/\/www.specagra.ee\/?product=jaunu-augalu-apsauga-safetub#primaryimage\"},\"image\":{\"@id\":\"https:\/\/www.specagra.ee\/?product=jaunu-augalu-apsauga-safetub#primaryimage\"},\"thumbnailUrl\":\"https:\/\/www.specagra.ee\/wp-content\/uploads\/2024\/11\/Untitled-design7.jpg\",\"datePublished\":\"2024-11-08T08:32:00+00:00\",\"dateModified\":\"2024-11-22T08:35:41+00:00\",\"breadcrumb\":{\"@id\":\"https:\/\/www.specagra.ee\/?product=jaunu-augalu-apsauga-safetub#breadcrumb\"},\"inLanguage\":\"et\",\"potentialAction\":[{\"@type\":\"ReadAction\",\"target\":[\"https:\/\/www.specagra.ee\/?product=jaunu-augalu-apsauga-safetub\"]}]},{\"@type\":\"ImageObject\",\"inLanguage\":\"et\",\"@id\":\"https:\/\/www.specagra.ee\/?product=jaunu-augalu-apsauga-safetub#primaryimage\",\"url\":\"https:\/\/www.specagra.ee\/wp-content\/uploads\/2024\/11\/Untitled-design7.jpg\",\"contentUrl\":\"https:\/\/www.specagra.ee\/wp-content\/uploads\/2024\/11\/Untitled-design7.jpg\",\"width\":900,\"height\":900},{\"@type\":\"BreadcrumbList\",\"@id\":\"https:\/\/www.specagra.ee\/?product=jaunu-augalu-apsauga-safetub#breadcrumb\",\"itemListElement\":[{\"@type\":\"ListItem\",\"position\":1,\"name\":\"Home\",\"item\":\"https:\/\/www.specagra.ee\/\"},{\"@type\":\"ListItem\",\"position\":2,\"name\":\"P\u00f5llumajandustehnika ja loomakasvatus\",\"item\":\"https:\/\/specagra.ee\/?page_id=18493\"},{\"@type\":\"ListItem\",\"position\":3,\"name\":\"Jaun\u0173 augal\u0173 apsauga SAFETUB\"}]},{\"@type\":\"WebSite\",\"@id\":\"https:\/\/www.specagra.ee\/#website\",\"url\":\"https:\/\/www.specagra.ee\/\",\"name\":\"Specagra\",\"description\":\"P\u00f5llumajandustehnika ja varuosad\",\"publisher\":{\"@id\":\"https:\/\/www.specagra.ee\/#organization\"},\"potentialAction\":[{\"@type\":\"SearchAction\",\"target\":{\"@type\":\"EntryPoint\",\"urlTemplate\":\"https:\/\/www.specagra.ee\/?s={search_term_string}\"},\"query-input\":{\"@type\":\"PropertyValueSpecification\",\"valueRequired\":true,\"valueName\":\"search_term_string\"}}],\"inLanguage\":\"et\"},{\"@type\":\"Organization\",\"@id\":\"https:\/\/www.specagra.ee\/#organization\",\"name\":\"UAB Specagra\",\"url\":\"https:\/\/www.specagra.ee\/\",\"logo\":{\"@type\":\"ImageObject\",\"inLanguage\":\"et\",\"@id\":\"https:\/\/www.specagra.ee\/#\/schema\/logo\/image\/\",\"url\":\"http:\/\/www.specagra.ee\/wp-content\/uploads\/2022\/02\/SP-logo_naujas-scaled.jpg\",\"contentUrl\":\"http:\/\/www.specagra.ee\/wp-content\/uploads\/2022\/02\/SP-logo_naujas-scaled.jpg\",\"width\":2560,\"height\":326,\"caption\":\"UAB Specagra\"},\"image\":{\"@id\":\"https:\/\/www.specagra.ee\/#\/schema\/logo\/image\/\"}}]}<\/script>\n<!-- \/ Yoast SEO plugin. -->","yoast_head_json":{"title":"Jaun\u0173 augal\u0173 apsauga SAFETUB - Specagra","robots":{"index":"index","follow":"follow","max-snippet":"max-snippet:-1","max-image-preview":"max-image-preview:large","max-video-preview":"max-video-preview:-1"},"canonical":"https:\/\/www.specagra.ee\/?product=jaunu-augalu-apsauga-safetub","og_locale":"et_EE","og_type":"article","og_title":"Jaun\u0173 augal\u0173 apsauga SAFETUB - Specagra","og_description":"SAFETUB rankov\u0117s skirtos jauniems augalams apsaugoti. Pagamintos i\u0161 sm\u0117lio spalvos laminuotos polipropilenin\u0117s tekstil\u0117s, jos veiksmingai apsaugo nuo grau\u017eik\u0173, i\u0161orinio poveikio, galim\u0173 herbicid\u0173 ir yra naudingos jauno augalo vystymuisi. Med\u017eiaga ir spalv\u0173 derinys praleid\u017eia \u0161vies\u0105 geram jauno augalo vystymuisi, tuo pa\u010diu skatina grei\u010diau \u012fsitvirtinti ir augti. Didelio mechaninio atsparumo, stand\u016bs, lengvai ir greitai montuojami. Standartiniai dyd\u017eiai [&hellip;]","og_url":"https:\/\/www.specagra.ee\/?product=jaunu-augalu-apsauga-safetub","og_site_name":"Specagra","article_modified_time":"2024-11-22T08:35:41+00:00","og_image":[{"width":900,"height":900,"url":"https:\/\/www.specagra.ee\/wp-content\/uploads\/2024\/11\/Untitled-design7.jpg","type":"image\/jpeg"}],"twitter_card":"summary_large_image","twitter_misc":{"Est. reading time":"1 minut"},"schema":{"@context":"https:\/\/schema.org","@graph":[{"@type":"WebPage","@id":"https:\/\/www.specagra.ee\/?product=jaunu-augalu-apsauga-safetub","url":"https:\/\/www.specagra.ee\/?product=jaunu-augalu-apsauga-safetub","name":"Jaun\u0173 augal\u0173 apsauga SAFETUB - Specagra","isPartOf":{"@id":"https:\/\/www.specagra.ee\/#website"},"primaryImageOfPage":{"@id":"https:\/\/www.specagra.ee\/?product=jaunu-augalu-apsauga-safetub#primaryimage"},"image":{"@id":"https:\/\/www.specagra.ee\/?product=jaunu-augalu-apsauga-safetub#primaryimage"},"thumbnailUrl":"https:\/\/www.specagra.ee\/wp-content\/uploads\/2024\/11\/Untitled-design7.jpg","datePublished":"2024-11-08T08:32:00+00:00","dateModified":"2024-11-22T08:35:41+00:00","breadcrumb":{"@id":"https:\/\/www.specagra.ee\/?product=jaunu-augalu-apsauga-safetub#breadcrumb"},"inLanguage":"et","potentialAction":[{"@type":"ReadAction","target":["https:\/\/www.specagra.ee\/?product=jaunu-augalu-apsauga-safetub"]}]},{"@type":"ImageObject","inLanguage":"et","@id":"https:\/\/www.specagra.ee\/?product=jaunu-augalu-apsauga-safetub#primaryimage","url":"https:\/\/www.specagra.ee\/wp-content\/uploads\/2024\/11\/Untitled-design7.jpg","contentUrl":"https:\/\/www.specagra.ee\/wp-content\/uploads\/2024\/11\/Untitled-design7.jpg","width":900,"height":900},{"@type":"BreadcrumbList","@id":"https:\/\/www.specagra.ee\/?product=jaunu-augalu-apsauga-safetub#breadcrumb","itemListElement":[{"@type":"ListItem","position":1,"name":"Home","item":"https:\/\/www.specagra.ee\/"},{"@type":"ListItem","position":2,"name":"P\u00f5llumajandustehnika ja loomakasvatus","item":"https:\/\/specagra.ee\/?page_id=18493"},{"@type":"ListItem","position":3,"name":"Jaun\u0173 augal\u0173 apsauga SAFETUB"}]},{"@type":"WebSite","@id":"https:\/\/www.specagra.ee\/#website","url":"https:\/\/www.specagra.ee\/","name":"Specagra","description":"P\u00f5llumajandustehnika ja varuosad","publisher":{"@id":"https:\/\/www.specagra.ee\/#organization"},"potentialAction":[{"@type":"SearchAction","target":{"@type":"EntryPoint","urlTemplate":"https:\/\/www.specagra.ee\/?s={search_term_string}"},"query-input":{"@type":"PropertyValueSpecification","valueRequired":true,"valueName":"search_term_string"}}],"inLanguage":"et"},{"@type":"Organization","@id":"https:\/\/www.specagra.ee\/#organization","name":"UAB Specagra","url":"https:\/\/www.specagra.ee\/","logo":{"@type":"ImageObject","inLanguage":"et","@id":"https:\/\/www.specagra.ee\/#\/schema\/logo\/image\/","url":"http:\/\/www.specagra.ee\/wp-content\/uploads\/2022\/02\/SP-logo_naujas-scaled.jpg","contentUrl":"http:\/\/www.specagra.ee\/wp-content\/uploads\/2022\/02\/SP-logo_naujas-scaled.jpg","width":2560,"height":326,"caption":"UAB Specagra"},"image":{"@id":"https:\/\/www.specagra.ee\/#\/schema\/logo\/image\/"}}]}},"_links":{"self":[{"href":"https:\/\/www.specagra.ee\/index.php?rest_route=\/wp\/v2\/product\/43219","targetHints":{"allow":["GET"]}}],"collection":[{"href":"https:\/\/www.specagra.ee\/index.php?rest_route=\/wp\/v2\/product"}],"about":[{"href":"https:\/\/www.specagra.ee\/index.php?rest_route=\/wp\/v2\/types\/product"}],"wp:featuredmedia":[{"embeddable":true,"href":"https:\/\/www.specagra.ee\/index.php?rest_route=\/wp\/v2\/media\/43220"}],"wp:attachment":[{"href":"https:\/\/www.specagra.ee\/index.php?rest_route=%2Fwp%2Fv2%2Fmedia&parent=43219"}],"wp:term":[{"taxonomy":"product_brand","embeddable":true,"href":"https:\/\/www.specagra.ee\/index.php?rest_route=%2Fwp%2Fv2%2Fproduct_brand&post=43219"},{"taxonomy":"product_cat","embeddable":true,"href":"https:\/\/www.specagra.ee\/index.php?rest_route=%2Fwp%2Fv2%2Fproduct_cat&post=43219"},{"taxonomy":"product_tag","embeddable":true,"href":"https:\/\/www.specagra.ee\/index.php?rest_route=%2Fwp%2Fv2%2Fproduct_tag&post=43219"}],"curies":[{"name":"wp","href":"https:\/\/api.w.org\/{rel}","templated":true}]}}