{"id":43214,"date":"2024-11-08T06:23:20","date_gmt":"2024-11-08T08:23:20","guid":{"rendered":"https:\/\/www.specagra.ee\/?post_type=product&#038;p=43214"},"modified":"2024-11-22T06:35:42","modified_gmt":"2024-11-22T08:35:42","slug":"danga-zemei-horsol","status":"publish","type":"product","link":"https:\/\/www.specagra.ee\/?product=danga-zemei-horsol","title":{"rendered":"Danga \u017eemei HORSOL"},"content":{"rendered":"<p>HORSOL &#8211; tai produktas, naudojamas dirvo\u017eemiui apsaugoti nuo pikt\u017eoli\u0173 augimo ir terminio \u0161oko.<\/p>\n<p>HORSOL \u017eem\u0117s danga idealiai tinka norint i\u0161vengti chemini\u0173 med\u017eiag\u0173 (pavyzd\u017eiui, pikt\u017eoli\u0173 naikinimo priemoni\u0173) naudojimo, tod\u0117l galite r\u016bpintis ir savo teritorija, ir aplinka.<\/p>\n<p>Gaminys yra pralaidus vandeniui ir orui, pasi\u017eymi dideliu atsparumu ply\u0161imui ir prad\u016brimui, tod\u0117l jo tarnavimo laikas yra ilgesnis. HORSOL taip pat leid\u017eia pri\u017ei\u016br\u0117ti pylimus ir griovius nuokaln\u0117se.<\/p>\n<p><b>Standartiniai dyd\u017eiai\u00a0<\/b><\/p>\n<p>1,5 x 100 m | 2 x 100 m | 3 x 100 m | Galimi u\u017esakomieji u\u017esakymai<\/p>\n<p><b>Spalvos<\/b><\/p>\n<p>Galimos tamsiai \u017ealios, juodos arba rudos spalvos<\/p>\n<p>Apsaugota nuo UV spinduli\u0173<\/p>\n<p><b>Svoris<\/b><\/p>\n<p>90 g\/m2 | 100 g\/m2 | 130 g\/m2<\/p>\n<p>&nbsp;<\/p>\n","protected":false},"excerpt":{"rendered":"<p>HORSOL &#8211; tai produktas, naudojamas dirvo\u017eemiui apsaugoti nuo pikt\u017eoli\u0173 augimo ir terminio \u0161oko. HORSOL \u017eem\u0117s danga idealiai tinka norint i\u0161vengti chemini\u0173 med\u017eiag\u0173 (pavyzd\u017eiui, pikt\u017eoli\u0173 naikinimo priemoni\u0173) naudojimo, tod\u0117l galite r\u016bpintis ir savo teritorija, ir aplinka. Gaminys yra pralaidus vandeniui ir orui, pasi\u017eymi dideliu atsparumu ply\u0161imui ir prad\u016brimui, tod\u0117l jo tarnavimo laikas yra ilgesnis. HORSOL taip [&hellip;]<\/p>\n","protected":false},"featured_media":43215,"template":"","meta":{"_et_pb_use_builder":"","_et_pb_old_content":"","_et_gb_content_width":""},"product_brand":[],"product_cat":[290,123],"product_tag":[],"class_list":{"0":"post-43214","1":"product","2":"type-product","3":"status-publish","4":"has-post-thumbnail","6":"product_cat-kaitsekatted","7":"product_cat-kaitsekatted-ja-tarvikud","9":"first","10":"instock","11":"shipping-taxable","12":"product-type-simple"},"yoast_head":"<!-- This site is optimized with the Yoast SEO plugin v26.4 - https:\/\/yoast.com\/wordpress\/plugins\/seo\/ -->\n<title>Danga \u017eemei HORSOL - Specagra<\/title>\n<meta name=\"robots\" content=\"index, follow, max-snippet:-1, max-image-preview:large, max-video-preview:-1\" \/>\n<link rel=\"canonical\" href=\"https:\/\/www.specagra.ee\/?product=danga-zemei-horsol\" \/>\n<meta property=\"og:locale\" content=\"et_EE\" \/>\n<meta property=\"og:type\" content=\"article\" \/>\n<meta property=\"og:title\" content=\"Danga \u017eemei HORSOL - Specagra\" \/>\n<meta property=\"og:description\" content=\"HORSOL &#8211; tai produktas, naudojamas dirvo\u017eemiui apsaugoti nuo pikt\u017eoli\u0173 augimo ir terminio \u0161oko. HORSOL \u017eem\u0117s danga idealiai tinka norint i\u0161vengti chemini\u0173 med\u017eiag\u0173 (pavyzd\u017eiui, pikt\u017eoli\u0173 naikinimo priemoni\u0173) naudojimo, tod\u0117l galite r\u016bpintis ir savo teritorija, ir aplinka. Gaminys yra pralaidus vandeniui ir orui, pasi\u017eymi dideliu atsparumu ply\u0161imui ir prad\u016brimui, tod\u0117l jo tarnavimo laikas yra ilgesnis. HORSOL taip [&hellip;]\" \/>\n<meta property=\"og:url\" content=\"https:\/\/www.specagra.ee\/?product=danga-zemei-horsol\" \/>\n<meta property=\"og:site_name\" content=\"Specagra\" \/>\n<meta property=\"article:modified_time\" content=\"2024-11-22T08:35:42+00:00\" \/>\n<meta property=\"og:image\" content=\"https:\/\/specagra.ee\/wp-content\/uploads\/2024\/11\/Untitled-design3-3.jpg\" \/>\n\t<meta property=\"og:image:width\" content=\"900\" \/>\n\t<meta property=\"og:image:height\" content=\"900\" \/>\n\t<meta property=\"og:image:type\" content=\"image\/jpeg\" \/>\n<meta name=\"twitter:card\" content=\"summary_large_image\" \/>\n<meta name=\"twitter:label1\" content=\"Est. reading time\" \/>\n\t<meta name=\"twitter:data1\" content=\"1 minut\" \/>\n<script type=\"application\/ld+json\" class=\"yoast-schema-graph\">{\"@context\":\"https:\/\/schema.org\",\"@graph\":[{\"@type\":\"WebPage\",\"@id\":\"https:\/\/www.specagra.ee\/?product=danga-zemei-horsol\",\"url\":\"https:\/\/www.specagra.ee\/?product=danga-zemei-horsol\",\"name\":\"Danga \u017eemei HORSOL - Specagra\",\"isPartOf\":{\"@id\":\"https:\/\/www.specagra.ee\/#website\"},\"primaryImageOfPage\":{\"@id\":\"https:\/\/www.specagra.ee\/?product=danga-zemei-horsol#primaryimage\"},\"image\":{\"@id\":\"https:\/\/www.specagra.ee\/?product=danga-zemei-horsol#primaryimage\"},\"thumbnailUrl\":\"https:\/\/www.specagra.ee\/wp-content\/uploads\/2024\/11\/Untitled-design3-3.jpg\",\"datePublished\":\"2024-11-08T08:23:20+00:00\",\"dateModified\":\"2024-11-22T08:35:42+00:00\",\"breadcrumb\":{\"@id\":\"https:\/\/www.specagra.ee\/?product=danga-zemei-horsol#breadcrumb\"},\"inLanguage\":\"et\",\"potentialAction\":[{\"@type\":\"ReadAction\",\"target\":[\"https:\/\/www.specagra.ee\/?product=danga-zemei-horsol\"]}]},{\"@type\":\"ImageObject\",\"inLanguage\":\"et\",\"@id\":\"https:\/\/www.specagra.ee\/?product=danga-zemei-horsol#primaryimage\",\"url\":\"https:\/\/www.specagra.ee\/wp-content\/uploads\/2024\/11\/Untitled-design3-3.jpg\",\"contentUrl\":\"https:\/\/www.specagra.ee\/wp-content\/uploads\/2024\/11\/Untitled-design3-3.jpg\",\"width\":900,\"height\":900},{\"@type\":\"BreadcrumbList\",\"@id\":\"https:\/\/www.specagra.ee\/?product=danga-zemei-horsol#breadcrumb\",\"itemListElement\":[{\"@type\":\"ListItem\",\"position\":1,\"name\":\"Home\",\"item\":\"https:\/\/www.specagra.ee\/\"},{\"@type\":\"ListItem\",\"position\":2,\"name\":\"P\u00f5llumajandustehnika ja loomakasvatus\",\"item\":\"https:\/\/specagra.ee\/?page_id=18493\"},{\"@type\":\"ListItem\",\"position\":3,\"name\":\"Danga \u017eemei HORSOL\"}]},{\"@type\":\"WebSite\",\"@id\":\"https:\/\/www.specagra.ee\/#website\",\"url\":\"https:\/\/www.specagra.ee\/\",\"name\":\"Specagra\",\"description\":\"P\u00f5llumajandustehnika ja varuosad\",\"publisher\":{\"@id\":\"https:\/\/www.specagra.ee\/#organization\"},\"potentialAction\":[{\"@type\":\"SearchAction\",\"target\":{\"@type\":\"EntryPoint\",\"urlTemplate\":\"https:\/\/www.specagra.ee\/?s={search_term_string}\"},\"query-input\":{\"@type\":\"PropertyValueSpecification\",\"valueRequired\":true,\"valueName\":\"search_term_string\"}}],\"inLanguage\":\"et\"},{\"@type\":\"Organization\",\"@id\":\"https:\/\/www.specagra.ee\/#organization\",\"name\":\"UAB Specagra\",\"url\":\"https:\/\/www.specagra.ee\/\",\"logo\":{\"@type\":\"ImageObject\",\"inLanguage\":\"et\",\"@id\":\"https:\/\/www.specagra.ee\/#\/schema\/logo\/image\/\",\"url\":\"http:\/\/www.specagra.ee\/wp-content\/uploads\/2022\/02\/SP-logo_naujas-scaled.jpg\",\"contentUrl\":\"http:\/\/www.specagra.ee\/wp-content\/uploads\/2022\/02\/SP-logo_naujas-scaled.jpg\",\"width\":2560,\"height\":326,\"caption\":\"UAB Specagra\"},\"image\":{\"@id\":\"https:\/\/www.specagra.ee\/#\/schema\/logo\/image\/\"}}]}<\/script>\n<!-- \/ Yoast SEO plugin. -->","yoast_head_json":{"title":"Danga \u017eemei HORSOL - Specagra","robots":{"index":"index","follow":"follow","max-snippet":"max-snippet:-1","max-image-preview":"max-image-preview:large","max-video-preview":"max-video-preview:-1"},"canonical":"https:\/\/www.specagra.ee\/?product=danga-zemei-horsol","og_locale":"et_EE","og_type":"article","og_title":"Danga \u017eemei HORSOL - Specagra","og_description":"HORSOL &#8211; tai produktas, naudojamas dirvo\u017eemiui apsaugoti nuo pikt\u017eoli\u0173 augimo ir terminio \u0161oko. HORSOL \u017eem\u0117s danga idealiai tinka norint i\u0161vengti chemini\u0173 med\u017eiag\u0173 (pavyzd\u017eiui, pikt\u017eoli\u0173 naikinimo priemoni\u0173) naudojimo, tod\u0117l galite r\u016bpintis ir savo teritorija, ir aplinka. Gaminys yra pralaidus vandeniui ir orui, pasi\u017eymi dideliu atsparumu ply\u0161imui ir prad\u016brimui, tod\u0117l jo tarnavimo laikas yra ilgesnis. HORSOL taip [&hellip;]","og_url":"https:\/\/www.specagra.ee\/?product=danga-zemei-horsol","og_site_name":"Specagra","article_modified_time":"2024-11-22T08:35:42+00:00","og_image":[{"width":900,"height":900,"url":"https:\/\/specagra.ee\/wp-content\/uploads\/2024\/11\/Untitled-design3-3.jpg","type":"image\/jpeg"}],"twitter_card":"summary_large_image","twitter_misc":{"Est. reading time":"1 minut"},"schema":{"@context":"https:\/\/schema.org","@graph":[{"@type":"WebPage","@id":"https:\/\/www.specagra.ee\/?product=danga-zemei-horsol","url":"https:\/\/www.specagra.ee\/?product=danga-zemei-horsol","name":"Danga \u017eemei HORSOL - Specagra","isPartOf":{"@id":"https:\/\/www.specagra.ee\/#website"},"primaryImageOfPage":{"@id":"https:\/\/www.specagra.ee\/?product=danga-zemei-horsol#primaryimage"},"image":{"@id":"https:\/\/www.specagra.ee\/?product=danga-zemei-horsol#primaryimage"},"thumbnailUrl":"https:\/\/www.specagra.ee\/wp-content\/uploads\/2024\/11\/Untitled-design3-3.jpg","datePublished":"2024-11-08T08:23:20+00:00","dateModified":"2024-11-22T08:35:42+00:00","breadcrumb":{"@id":"https:\/\/www.specagra.ee\/?product=danga-zemei-horsol#breadcrumb"},"inLanguage":"et","potentialAction":[{"@type":"ReadAction","target":["https:\/\/www.specagra.ee\/?product=danga-zemei-horsol"]}]},{"@type":"ImageObject","inLanguage":"et","@id":"https:\/\/www.specagra.ee\/?product=danga-zemei-horsol#primaryimage","url":"https:\/\/www.specagra.ee\/wp-content\/uploads\/2024\/11\/Untitled-design3-3.jpg","contentUrl":"https:\/\/www.specagra.ee\/wp-content\/uploads\/2024\/11\/Untitled-design3-3.jpg","width":900,"height":900},{"@type":"BreadcrumbList","@id":"https:\/\/www.specagra.ee\/?product=danga-zemei-horsol#breadcrumb","itemListElement":[{"@type":"ListItem","position":1,"name":"Home","item":"https:\/\/www.specagra.ee\/"},{"@type":"ListItem","position":2,"name":"P\u00f5llumajandustehnika ja loomakasvatus","item":"https:\/\/specagra.ee\/?page_id=18493"},{"@type":"ListItem","position":3,"name":"Danga \u017eemei HORSOL"}]},{"@type":"WebSite","@id":"https:\/\/www.specagra.ee\/#website","url":"https:\/\/www.specagra.ee\/","name":"Specagra","description":"P\u00f5llumajandustehnika ja varuosad","publisher":{"@id":"https:\/\/www.specagra.ee\/#organization"},"potentialAction":[{"@type":"SearchAction","target":{"@type":"EntryPoint","urlTemplate":"https:\/\/www.specagra.ee\/?s={search_term_string}"},"query-input":{"@type":"PropertyValueSpecification","valueRequired":true,"valueName":"search_term_string"}}],"inLanguage":"et"},{"@type":"Organization","@id":"https:\/\/www.specagra.ee\/#organization","name":"UAB Specagra","url":"https:\/\/www.specagra.ee\/","logo":{"@type":"ImageObject","inLanguage":"et","@id":"https:\/\/www.specagra.ee\/#\/schema\/logo\/image\/","url":"http:\/\/www.specagra.ee\/wp-content\/uploads\/2022\/02\/SP-logo_naujas-scaled.jpg","contentUrl":"http:\/\/www.specagra.ee\/wp-content\/uploads\/2022\/02\/SP-logo_naujas-scaled.jpg","width":2560,"height":326,"caption":"UAB Specagra"},"image":{"@id":"https:\/\/www.specagra.ee\/#\/schema\/logo\/image\/"}}]}},"_links":{"self":[{"href":"https:\/\/www.specagra.ee\/index.php?rest_route=\/wp\/v2\/product\/43214","targetHints":{"allow":["GET"]}}],"collection":[{"href":"https:\/\/www.specagra.ee\/index.php?rest_route=\/wp\/v2\/product"}],"about":[{"href":"https:\/\/www.specagra.ee\/index.php?rest_route=\/wp\/v2\/types\/product"}],"wp:featuredmedia":[{"embeddable":true,"href":"https:\/\/www.specagra.ee\/index.php?rest_route=\/wp\/v2\/media\/43215"}],"wp:attachment":[{"href":"https:\/\/www.specagra.ee\/index.php?rest_route=%2Fwp%2Fv2%2Fmedia&parent=43214"}],"wp:term":[{"taxonomy":"product_brand","embeddable":true,"href":"https:\/\/www.specagra.ee\/index.php?rest_route=%2Fwp%2Fv2%2Fproduct_brand&post=43214"},{"taxonomy":"product_cat","embeddable":true,"href":"https:\/\/www.specagra.ee\/index.php?rest_route=%2Fwp%2Fv2%2Fproduct_cat&post=43214"},{"taxonomy":"product_tag","embeddable":true,"href":"https:\/\/www.specagra.ee\/index.php?rest_route=%2Fwp%2Fv2%2Fproduct_tag&post=43214"}],"curies":[{"name":"wp","href":"https:\/\/api.w.org\/{rel}","templated":true}]}}