{"id":43177,"date":"2024-11-06T07:37:28","date_gmt":"2024-11-06T09:37:28","guid":{"rendered":"https:\/\/www.specagra.ee\/?post_type=product&#038;p=43177"},"modified":"2025-01-14T06:09:11","modified_gmt":"2025-01-14T08:09:11","slug":"minkymo-irenginys-typ","status":"publish","type":"product","link":"https:\/\/www.specagra.ee\/?product=minkymo-irenginys-typ","title":{"rendered":"Minkymo \u012frenginys Typ"},"content":{"rendered":"<p>&nbsp;<\/p>\n<p>&nbsp;<\/p>\n","protected":false},"excerpt":{"rendered":"<p><strong>Typ 40:<\/strong><\/p>\n<p>Svoris: 30 kg<br \/>\nRekomenduojama mai\u0161ymo trukm\u0117:15 min.<br \/>\nTalpa: 40 l<br \/>\nVariklio galia: 0,9 kW<br \/>\nDid\u017eiausia mas\u0117: 25 kg<br \/>\n\u012etampa: 230 V<\/p>\n<p>&nbsp;<\/p>\n<p><strong>Typ 70:<\/strong><\/p>\n<p>Svoris: 40 kg<br \/>\nRekomenduojama mai\u0161ymo trukm\u0117:15 min.<br \/>\nTalpa: 70 l<br \/>\nVariklio galia: 1 kW<br \/>\nDid\u017eiausia mas\u0117 40 kg<\/p>\n<p>\u012etampa: 400 V<\/p>\n<p>&nbsp;<\/p>\n<p><strong>Typ 120:<\/strong><\/p>\n<p>Svoris: 48 kg<br \/>\nRekomenduojama mai\u0161ymo trukm\u0117:15 min.<br \/>\nTalpa: 120 l<br \/>\nVariklio galia: 1 kW<br \/>\nDid\u017eiausia mas\u0117: 65 kg<br \/>\n\u012etampa: 400 V<\/p>\n","protected":false},"featured_media":43410,"template":"","meta":{"_et_pb_use_builder":"","_et_pb_old_content":"","_et_gb_content_width":""},"product_brand":[],"product_cat":[287],"product_tag":[],"class_list":{"0":"post-43177","1":"product","2":"type-product","3":"status-publish","4":"has-post-thumbnail","6":"product_cat-liha-segamisseade","8":"first","9":"instock","10":"shipping-taxable","11":"product-type-simple"},"yoast_head":"<!-- This site is optimized with the Yoast SEO plugin v26.4 - https:\/\/yoast.com\/wordpress\/plugins\/seo\/ -->\n<title>Minkymo \u012frenginys Typ - Specagra<\/title>\n<meta name=\"robots\" content=\"index, follow, max-snippet:-1, max-image-preview:large, max-video-preview:-1\" \/>\n<link rel=\"canonical\" href=\"https:\/\/www.specagra.ee\/?product=minkymo-irenginys-typ\" \/>\n<meta property=\"og:locale\" content=\"et_EE\" \/>\n<meta property=\"og:type\" content=\"article\" \/>\n<meta property=\"og:title\" content=\"Minkymo \u012frenginys Typ - Specagra\" \/>\n<meta property=\"og:description\" content=\"Typ 40:  Svoris: 30 kg Rekomenduojama mai\u0161ymo trukm\u0117:15 min. Talpa: 40 l Variklio galia: 0,9 kW Did\u017eiausia mas\u0117: 25 kg \u012etampa: 230 V  &nbsp;  Typ 70:  Svoris: 40 kg Rekomenduojama mai\u0161ymo trukm\u0117:15 min. Talpa: 70 l Variklio galia: 1 kW Did\u017eiausia mas\u0117 40 kg  \u012etampa: 400 V  &nbsp;  Typ 120:  Svoris: 48 kg Rekomenduojama mai\u0161ymo trukm\u0117:15 min. Talpa: 120 l Variklio galia: 1 kW Did\u017eiausia mas\u0117: 65 kg \u012etampa: 400 V\" \/>\n<meta property=\"og:url\" content=\"https:\/\/www.specagra.ee\/?product=minkymo-irenginys-typ\" \/>\n<meta property=\"og:site_name\" content=\"Specagra\" \/>\n<meta property=\"article:modified_time\" content=\"2025-01-14T08:09:11+00:00\" \/>\n<meta property=\"og:image\" content=\"https:\/\/specagra.ee\/wp-content\/uploads\/2024\/11\/Knetmaschinen.png\" \/>\n\t<meta property=\"og:image:width\" content=\"517\" \/>\n\t<meta property=\"og:image:height\" content=\"550\" \/>\n\t<meta property=\"og:image:type\" content=\"image\/png\" \/>\n<meta name=\"twitter:card\" content=\"summary_large_image\" \/>\n<meta name=\"twitter:label1\" content=\"Est. reading time\" \/>\n\t<meta name=\"twitter:data1\" content=\"1 minut\" \/>\n<script type=\"application\/ld+json\" class=\"yoast-schema-graph\">{\"@context\":\"https:\/\/schema.org\",\"@graph\":[{\"@type\":\"WebPage\",\"@id\":\"https:\/\/www.specagra.ee\/?product=minkymo-irenginys-typ\",\"url\":\"https:\/\/www.specagra.ee\/?product=minkymo-irenginys-typ\",\"name\":\"Minkymo \u012frenginys Typ - Specagra\",\"isPartOf\":{\"@id\":\"https:\/\/www.specagra.ee\/#website\"},\"primaryImageOfPage\":{\"@id\":\"https:\/\/www.specagra.ee\/?product=minkymo-irenginys-typ#primaryimage\"},\"image\":{\"@id\":\"https:\/\/www.specagra.ee\/?product=minkymo-irenginys-typ#primaryimage\"},\"thumbnailUrl\":\"https:\/\/www.specagra.ee\/wp-content\/uploads\/2024\/11\/Knetmaschinen.png\",\"datePublished\":\"2024-11-06T09:37:28+00:00\",\"dateModified\":\"2025-01-14T08:09:11+00:00\",\"breadcrumb\":{\"@id\":\"https:\/\/www.specagra.ee\/?product=minkymo-irenginys-typ#breadcrumb\"},\"inLanguage\":\"et\",\"potentialAction\":[{\"@type\":\"ReadAction\",\"target\":[\"https:\/\/www.specagra.ee\/?product=minkymo-irenginys-typ\"]}]},{\"@type\":\"ImageObject\",\"inLanguage\":\"et\",\"@id\":\"https:\/\/www.specagra.ee\/?product=minkymo-irenginys-typ#primaryimage\",\"url\":\"https:\/\/www.specagra.ee\/wp-content\/uploads\/2024\/11\/Knetmaschinen.png\",\"contentUrl\":\"https:\/\/www.specagra.ee\/wp-content\/uploads\/2024\/11\/Knetmaschinen.png\",\"width\":517,\"height\":550},{\"@type\":\"BreadcrumbList\",\"@id\":\"https:\/\/www.specagra.ee\/?product=minkymo-irenginys-typ#breadcrumb\",\"itemListElement\":[{\"@type\":\"ListItem\",\"position\":1,\"name\":\"Home\",\"item\":\"https:\/\/www.specagra.ee\/\"},{\"@type\":\"ListItem\",\"position\":2,\"name\":\"P\u00f5llumajandustehnika ja loomakasvatus\",\"item\":\"https:\/\/specagra.ee\/?page_id=18493\"},{\"@type\":\"ListItem\",\"position\":3,\"name\":\"Minkymo \u012frenginys Typ\"}]},{\"@type\":\"WebSite\",\"@id\":\"https:\/\/www.specagra.ee\/#website\",\"url\":\"https:\/\/www.specagra.ee\/\",\"name\":\"Specagra\",\"description\":\"P\u00f5llumajandustehnika ja varuosad\",\"publisher\":{\"@id\":\"https:\/\/www.specagra.ee\/#organization\"},\"potentialAction\":[{\"@type\":\"SearchAction\",\"target\":{\"@type\":\"EntryPoint\",\"urlTemplate\":\"https:\/\/www.specagra.ee\/?s={search_term_string}\"},\"query-input\":{\"@type\":\"PropertyValueSpecification\",\"valueRequired\":true,\"valueName\":\"search_term_string\"}}],\"inLanguage\":\"et\"},{\"@type\":\"Organization\",\"@id\":\"https:\/\/www.specagra.ee\/#organization\",\"name\":\"UAB Specagra\",\"url\":\"https:\/\/www.specagra.ee\/\",\"logo\":{\"@type\":\"ImageObject\",\"inLanguage\":\"et\",\"@id\":\"https:\/\/www.specagra.ee\/#\/schema\/logo\/image\/\",\"url\":\"http:\/\/www.specagra.ee\/wp-content\/uploads\/2022\/02\/SP-logo_naujas-scaled.jpg\",\"contentUrl\":\"http:\/\/www.specagra.ee\/wp-content\/uploads\/2022\/02\/SP-logo_naujas-scaled.jpg\",\"width\":2560,\"height\":326,\"caption\":\"UAB Specagra\"},\"image\":{\"@id\":\"https:\/\/www.specagra.ee\/#\/schema\/logo\/image\/\"}}]}<\/script>\n<!-- \/ Yoast SEO plugin. -->","yoast_head_json":{"title":"Minkymo \u012frenginys Typ - Specagra","robots":{"index":"index","follow":"follow","max-snippet":"max-snippet:-1","max-image-preview":"max-image-preview:large","max-video-preview":"max-video-preview:-1"},"canonical":"https:\/\/www.specagra.ee\/?product=minkymo-irenginys-typ","og_locale":"et_EE","og_type":"article","og_title":"Minkymo \u012frenginys Typ - Specagra","og_description":"Typ 40:  Svoris: 30 kg Rekomenduojama mai\u0161ymo trukm\u0117:15 min. Talpa: 40 l Variklio galia: 0,9 kW Did\u017eiausia mas\u0117: 25 kg \u012etampa: 230 V  &nbsp;  Typ 70:  Svoris: 40 kg Rekomenduojama mai\u0161ymo trukm\u0117:15 min. Talpa: 70 l Variklio galia: 1 kW Did\u017eiausia mas\u0117 40 kg  \u012etampa: 400 V  &nbsp;  Typ 120:  Svoris: 48 kg Rekomenduojama mai\u0161ymo trukm\u0117:15 min. Talpa: 120 l Variklio galia: 1 kW Did\u017eiausia mas\u0117: 65 kg \u012etampa: 400 V","og_url":"https:\/\/www.specagra.ee\/?product=minkymo-irenginys-typ","og_site_name":"Specagra","article_modified_time":"2025-01-14T08:09:11+00:00","og_image":[{"width":517,"height":550,"url":"https:\/\/specagra.ee\/wp-content\/uploads\/2024\/11\/Knetmaschinen.png","type":"image\/png"}],"twitter_card":"summary_large_image","twitter_misc":{"Est. reading time":"1 minut"},"schema":{"@context":"https:\/\/schema.org","@graph":[{"@type":"WebPage","@id":"https:\/\/www.specagra.ee\/?product=minkymo-irenginys-typ","url":"https:\/\/www.specagra.ee\/?product=minkymo-irenginys-typ","name":"Minkymo \u012frenginys Typ - Specagra","isPartOf":{"@id":"https:\/\/www.specagra.ee\/#website"},"primaryImageOfPage":{"@id":"https:\/\/www.specagra.ee\/?product=minkymo-irenginys-typ#primaryimage"},"image":{"@id":"https:\/\/www.specagra.ee\/?product=minkymo-irenginys-typ#primaryimage"},"thumbnailUrl":"https:\/\/www.specagra.ee\/wp-content\/uploads\/2024\/11\/Knetmaschinen.png","datePublished":"2024-11-06T09:37:28+00:00","dateModified":"2025-01-14T08:09:11+00:00","breadcrumb":{"@id":"https:\/\/www.specagra.ee\/?product=minkymo-irenginys-typ#breadcrumb"},"inLanguage":"et","potentialAction":[{"@type":"ReadAction","target":["https:\/\/www.specagra.ee\/?product=minkymo-irenginys-typ"]}]},{"@type":"ImageObject","inLanguage":"et","@id":"https:\/\/www.specagra.ee\/?product=minkymo-irenginys-typ#primaryimage","url":"https:\/\/www.specagra.ee\/wp-content\/uploads\/2024\/11\/Knetmaschinen.png","contentUrl":"https:\/\/www.specagra.ee\/wp-content\/uploads\/2024\/11\/Knetmaschinen.png","width":517,"height":550},{"@type":"BreadcrumbList","@id":"https:\/\/www.specagra.ee\/?product=minkymo-irenginys-typ#breadcrumb","itemListElement":[{"@type":"ListItem","position":1,"name":"Home","item":"https:\/\/www.specagra.ee\/"},{"@type":"ListItem","position":2,"name":"P\u00f5llumajandustehnika ja loomakasvatus","item":"https:\/\/specagra.ee\/?page_id=18493"},{"@type":"ListItem","position":3,"name":"Minkymo \u012frenginys Typ"}]},{"@type":"WebSite","@id":"https:\/\/www.specagra.ee\/#website","url":"https:\/\/www.specagra.ee\/","name":"Specagra","description":"P\u00f5llumajandustehnika ja varuosad","publisher":{"@id":"https:\/\/www.specagra.ee\/#organization"},"potentialAction":[{"@type":"SearchAction","target":{"@type":"EntryPoint","urlTemplate":"https:\/\/www.specagra.ee\/?s={search_term_string}"},"query-input":{"@type":"PropertyValueSpecification","valueRequired":true,"valueName":"search_term_string"}}],"inLanguage":"et"},{"@type":"Organization","@id":"https:\/\/www.specagra.ee\/#organization","name":"UAB Specagra","url":"https:\/\/www.specagra.ee\/","logo":{"@type":"ImageObject","inLanguage":"et","@id":"https:\/\/www.specagra.ee\/#\/schema\/logo\/image\/","url":"http:\/\/www.specagra.ee\/wp-content\/uploads\/2022\/02\/SP-logo_naujas-scaled.jpg","contentUrl":"http:\/\/www.specagra.ee\/wp-content\/uploads\/2022\/02\/SP-logo_naujas-scaled.jpg","width":2560,"height":326,"caption":"UAB Specagra"},"image":{"@id":"https:\/\/www.specagra.ee\/#\/schema\/logo\/image\/"}}]}},"_links":{"self":[{"href":"https:\/\/www.specagra.ee\/index.php?rest_route=\/wp\/v2\/product\/43177","targetHints":{"allow":["GET"]}}],"collection":[{"href":"https:\/\/www.specagra.ee\/index.php?rest_route=\/wp\/v2\/product"}],"about":[{"href":"https:\/\/www.specagra.ee\/index.php?rest_route=\/wp\/v2\/types\/product"}],"wp:featuredmedia":[{"embeddable":true,"href":"https:\/\/www.specagra.ee\/index.php?rest_route=\/wp\/v2\/media\/43410"}],"wp:attachment":[{"href":"https:\/\/www.specagra.ee\/index.php?rest_route=%2Fwp%2Fv2%2Fmedia&parent=43177"}],"wp:term":[{"taxonomy":"product_brand","embeddable":true,"href":"https:\/\/www.specagra.ee\/index.php?rest_route=%2Fwp%2Fv2%2Fproduct_brand&post=43177"},{"taxonomy":"product_cat","embeddable":true,"href":"https:\/\/www.specagra.ee\/index.php?rest_route=%2Fwp%2Fv2%2Fproduct_cat&post=43177"},{"taxonomy":"product_tag","embeddable":true,"href":"https:\/\/www.specagra.ee\/index.php?rest_route=%2Fwp%2Fv2%2Fproduct_tag&post=43177"}],"curies":[{"name":"wp","href":"https:\/\/api.w.org\/{rel}","templated":true}]}}