{"id":43173,"date":"2024-11-06T07:10:25","date_gmt":"2024-11-06T09:10:25","guid":{"rendered":"https:\/\/www.specagra.ee\/?post_type=product&#038;p=43173"},"modified":"2024-11-07T12:41:51","modified_gmt":"2024-11-07T14:41:51","slug":"mesos-pjaustykle-lusso-22-gs-ce","status":"publish","type":"product","link":"https:\/\/www.specagra.ee\/?product=mesos-pjaustykle-lusso-22-gs-ce","title":{"rendered":"M\u0117sos pjaustykl\u0117 LUSSO 22 GS CE"},"content":{"rendered":"","protected":false},"excerpt":{"rendered":"<p>Variklis su ventiliatoriumi<br \/>\nPagrindasI\u0161 lakuoto aliuminio<br \/>\nSpecial\u016bs a\u0161menys gr\u016bdinti, gal\u0105sti ir padengti kietu chromu<br \/>\nGele\u017et\u0117s laikiklio velenas sumontuotas ant dvigubo rutulinio guolio<br \/>\nSpaudimo \u012ftaisas pagamintas i\u0161 anoduoto aliuminio<br \/>\nFiksuotas \u0161lifavimo aparatas<br \/>\nPeilio skersmuo: 22 cm<br \/>\nVariklio galia: 140 W<br \/>\nDid\u017eiausias pj\u016bvio storis: 15 mm<br \/>\nPjovimo ilgis: 22,5 cm<br \/>\nSvoris: 13 kg<\/p>\n","protected":false},"featured_media":43207,"template":"","meta":{"_et_pb_use_builder":"","_et_pb_old_content":"","_et_gb_content_width":""},"product_brand":[],"product_cat":[286],"product_tag":[],"class_list":{"0":"post-43173","1":"product","2":"type-product","3":"status-publish","4":"has-post-thumbnail","6":"product_cat-lihaloikamismasinad","8":"first","9":"instock","10":"shipping-taxable","11":"product-type-simple"},"yoast_head":"<!-- This site is optimized with the Yoast SEO plugin v26.4 - https:\/\/yoast.com\/wordpress\/plugins\/seo\/ -->\n<title>M\u0117sos pjaustykl\u0117 LUSSO 22 GS CE - Specagra<\/title>\n<meta name=\"robots\" content=\"index, follow, max-snippet:-1, max-image-preview:large, max-video-preview:-1\" \/>\n<link rel=\"canonical\" href=\"https:\/\/www.specagra.ee\/?product=mesos-pjaustykle-lusso-22-gs-ce\" \/>\n<meta property=\"og:locale\" content=\"et_EE\" \/>\n<meta property=\"og:type\" content=\"article\" \/>\n<meta property=\"og:title\" content=\"M\u0117sos pjaustykl\u0117 LUSSO 22 GS CE - Specagra\" \/>\n<meta property=\"og:description\" content=\"Variklis su ventiliatoriumi PagrindasI\u0161 lakuoto aliuminio Special\u016bs a\u0161menys gr\u016bdinti, gal\u0105sti ir padengti kietu chromu Gele\u017et\u0117s laikiklio velenas sumontuotas ant dvigubo rutulinio guolio Spaudimo \u012ftaisas pagamintas i\u0161 anoduoto aliuminio Fiksuotas \u0161lifavimo aparatas Peilio skersmuo: 22 cm Variklio galia: 140 W Did\u017eiausias pj\u016bvio storis: 15 mm Pjovimo ilgis: 22,5 cm Svoris: 13 kg\" \/>\n<meta property=\"og:url\" content=\"https:\/\/www.specagra.ee\/?product=mesos-pjaustykle-lusso-22-gs-ce\" \/>\n<meta property=\"og:site_name\" content=\"Specagra\" \/>\n<meta property=\"article:modified_time\" content=\"2024-11-07T14:41:51+00:00\" \/>\n<meta property=\"og:image\" content=\"https:\/\/www.specagra.ee\/wp-content\/uploads\/2024\/11\/Untitled-design-8.jpg\" \/>\n\t<meta property=\"og:image:width\" content=\"900\" \/>\n\t<meta property=\"og:image:height\" content=\"900\" \/>\n\t<meta property=\"og:image:type\" content=\"image\/jpeg\" \/>\n<meta name=\"twitter:card\" content=\"summary_large_image\" \/>\n<meta name=\"twitter:label1\" content=\"Est. reading time\" \/>\n\t<meta name=\"twitter:data1\" content=\"1 minut\" \/>\n<script type=\"application\/ld+json\" class=\"yoast-schema-graph\">{\"@context\":\"https:\/\/schema.org\",\"@graph\":[{\"@type\":\"WebPage\",\"@id\":\"https:\/\/www.specagra.ee\/?product=mesos-pjaustykle-lusso-22-gs-ce\",\"url\":\"https:\/\/www.specagra.ee\/?product=mesos-pjaustykle-lusso-22-gs-ce\",\"name\":\"M\u0117sos pjaustykl\u0117 LUSSO 22 GS CE - Specagra\",\"isPartOf\":{\"@id\":\"https:\/\/www.specagra.ee\/#website\"},\"primaryImageOfPage\":{\"@id\":\"https:\/\/www.specagra.ee\/?product=mesos-pjaustykle-lusso-22-gs-ce#primaryimage\"},\"image\":{\"@id\":\"https:\/\/www.specagra.ee\/?product=mesos-pjaustykle-lusso-22-gs-ce#primaryimage\"},\"thumbnailUrl\":\"https:\/\/specagra.ee\/wp-content\/uploads\/2024\/11\/Untitled-design-8.jpg\",\"datePublished\":\"2024-11-06T09:10:25+00:00\",\"dateModified\":\"2024-11-07T14:41:51+00:00\",\"breadcrumb\":{\"@id\":\"https:\/\/www.specagra.ee\/?product=mesos-pjaustykle-lusso-22-gs-ce#breadcrumb\"},\"inLanguage\":\"et\",\"potentialAction\":[{\"@type\":\"ReadAction\",\"target\":[\"https:\/\/www.specagra.ee\/?product=mesos-pjaustykle-lusso-22-gs-ce\"]}]},{\"@type\":\"ImageObject\",\"inLanguage\":\"et\",\"@id\":\"https:\/\/www.specagra.ee\/?product=mesos-pjaustykle-lusso-22-gs-ce#primaryimage\",\"url\":\"https:\/\/specagra.ee\/wp-content\/uploads\/2024\/11\/Untitled-design-8.jpg\",\"contentUrl\":\"https:\/\/specagra.ee\/wp-content\/uploads\/2024\/11\/Untitled-design-8.jpg\",\"width\":900,\"height\":900},{\"@type\":\"BreadcrumbList\",\"@id\":\"https:\/\/www.specagra.ee\/?product=mesos-pjaustykle-lusso-22-gs-ce#breadcrumb\",\"itemListElement\":[{\"@type\":\"ListItem\",\"position\":1,\"name\":\"Home\",\"item\":\"https:\/\/www.specagra.ee\/\"},{\"@type\":\"ListItem\",\"position\":2,\"name\":\"P\u00f5llumajandustehnika ja loomakasvatus\",\"item\":\"https:\/\/specagra.ee\/?page_id=18493\"},{\"@type\":\"ListItem\",\"position\":3,\"name\":\"M\u0117sos pjaustykl\u0117 LUSSO 22 GS CE\"}]},{\"@type\":\"WebSite\",\"@id\":\"https:\/\/www.specagra.ee\/#website\",\"url\":\"https:\/\/www.specagra.ee\/\",\"name\":\"Specagra\",\"description\":\"P\u00f5llumajandustehnika ja varuosad\",\"publisher\":{\"@id\":\"https:\/\/www.specagra.ee\/#organization\"},\"potentialAction\":[{\"@type\":\"SearchAction\",\"target\":{\"@type\":\"EntryPoint\",\"urlTemplate\":\"https:\/\/www.specagra.ee\/?s={search_term_string}\"},\"query-input\":{\"@type\":\"PropertyValueSpecification\",\"valueRequired\":true,\"valueName\":\"search_term_string\"}}],\"inLanguage\":\"et\"},{\"@type\":\"Organization\",\"@id\":\"https:\/\/www.specagra.ee\/#organization\",\"name\":\"UAB Specagra\",\"url\":\"https:\/\/www.specagra.ee\/\",\"logo\":{\"@type\":\"ImageObject\",\"inLanguage\":\"et\",\"@id\":\"https:\/\/www.specagra.ee\/#\/schema\/logo\/image\/\",\"url\":\"http:\/\/www.specagra.ee\/wp-content\/uploads\/2022\/02\/SP-logo_naujas-scaled.jpg\",\"contentUrl\":\"http:\/\/www.specagra.ee\/wp-content\/uploads\/2022\/02\/SP-logo_naujas-scaled.jpg\",\"width\":2560,\"height\":326,\"caption\":\"UAB Specagra\"},\"image\":{\"@id\":\"https:\/\/www.specagra.ee\/#\/schema\/logo\/image\/\"}}]}<\/script>\n<!-- \/ Yoast SEO plugin. -->","yoast_head_json":{"title":"M\u0117sos pjaustykl\u0117 LUSSO 22 GS CE - Specagra","robots":{"index":"index","follow":"follow","max-snippet":"max-snippet:-1","max-image-preview":"max-image-preview:large","max-video-preview":"max-video-preview:-1"},"canonical":"https:\/\/www.specagra.ee\/?product=mesos-pjaustykle-lusso-22-gs-ce","og_locale":"et_EE","og_type":"article","og_title":"M\u0117sos pjaustykl\u0117 LUSSO 22 GS CE - Specagra","og_description":"Variklis su ventiliatoriumi PagrindasI\u0161 lakuoto aliuminio Special\u016bs a\u0161menys gr\u016bdinti, gal\u0105sti ir padengti kietu chromu Gele\u017et\u0117s laikiklio velenas sumontuotas ant dvigubo rutulinio guolio Spaudimo \u012ftaisas pagamintas i\u0161 anoduoto aliuminio Fiksuotas \u0161lifavimo aparatas Peilio skersmuo: 22 cm Variklio galia: 140 W Did\u017eiausias pj\u016bvio storis: 15 mm Pjovimo ilgis: 22,5 cm Svoris: 13 kg","og_url":"https:\/\/www.specagra.ee\/?product=mesos-pjaustykle-lusso-22-gs-ce","og_site_name":"Specagra","article_modified_time":"2024-11-07T14:41:51+00:00","og_image":[{"width":900,"height":900,"url":"https:\/\/www.specagra.ee\/wp-content\/uploads\/2024\/11\/Untitled-design-8.jpg","type":"image\/jpeg"}],"twitter_card":"summary_large_image","twitter_misc":{"Est. reading time":"1 minut"},"schema":{"@context":"https:\/\/schema.org","@graph":[{"@type":"WebPage","@id":"https:\/\/www.specagra.ee\/?product=mesos-pjaustykle-lusso-22-gs-ce","url":"https:\/\/www.specagra.ee\/?product=mesos-pjaustykle-lusso-22-gs-ce","name":"M\u0117sos pjaustykl\u0117 LUSSO 22 GS CE - Specagra","isPartOf":{"@id":"https:\/\/www.specagra.ee\/#website"},"primaryImageOfPage":{"@id":"https:\/\/www.specagra.ee\/?product=mesos-pjaustykle-lusso-22-gs-ce#primaryimage"},"image":{"@id":"https:\/\/www.specagra.ee\/?product=mesos-pjaustykle-lusso-22-gs-ce#primaryimage"},"thumbnailUrl":"https:\/\/specagra.ee\/wp-content\/uploads\/2024\/11\/Untitled-design-8.jpg","datePublished":"2024-11-06T09:10:25+00:00","dateModified":"2024-11-07T14:41:51+00:00","breadcrumb":{"@id":"https:\/\/www.specagra.ee\/?product=mesos-pjaustykle-lusso-22-gs-ce#breadcrumb"},"inLanguage":"et","potentialAction":[{"@type":"ReadAction","target":["https:\/\/www.specagra.ee\/?product=mesos-pjaustykle-lusso-22-gs-ce"]}]},{"@type":"ImageObject","inLanguage":"et","@id":"https:\/\/www.specagra.ee\/?product=mesos-pjaustykle-lusso-22-gs-ce#primaryimage","url":"https:\/\/specagra.ee\/wp-content\/uploads\/2024\/11\/Untitled-design-8.jpg","contentUrl":"https:\/\/specagra.ee\/wp-content\/uploads\/2024\/11\/Untitled-design-8.jpg","width":900,"height":900},{"@type":"BreadcrumbList","@id":"https:\/\/www.specagra.ee\/?product=mesos-pjaustykle-lusso-22-gs-ce#breadcrumb","itemListElement":[{"@type":"ListItem","position":1,"name":"Home","item":"https:\/\/www.specagra.ee\/"},{"@type":"ListItem","position":2,"name":"P\u00f5llumajandustehnika ja loomakasvatus","item":"https:\/\/specagra.ee\/?page_id=18493"},{"@type":"ListItem","position":3,"name":"M\u0117sos pjaustykl\u0117 LUSSO 22 GS CE"}]},{"@type":"WebSite","@id":"https:\/\/www.specagra.ee\/#website","url":"https:\/\/www.specagra.ee\/","name":"Specagra","description":"P\u00f5llumajandustehnika ja varuosad","publisher":{"@id":"https:\/\/www.specagra.ee\/#organization"},"potentialAction":[{"@type":"SearchAction","target":{"@type":"EntryPoint","urlTemplate":"https:\/\/www.specagra.ee\/?s={search_term_string}"},"query-input":{"@type":"PropertyValueSpecification","valueRequired":true,"valueName":"search_term_string"}}],"inLanguage":"et"},{"@type":"Organization","@id":"https:\/\/www.specagra.ee\/#organization","name":"UAB Specagra","url":"https:\/\/www.specagra.ee\/","logo":{"@type":"ImageObject","inLanguage":"et","@id":"https:\/\/www.specagra.ee\/#\/schema\/logo\/image\/","url":"http:\/\/www.specagra.ee\/wp-content\/uploads\/2022\/02\/SP-logo_naujas-scaled.jpg","contentUrl":"http:\/\/www.specagra.ee\/wp-content\/uploads\/2022\/02\/SP-logo_naujas-scaled.jpg","width":2560,"height":326,"caption":"UAB Specagra"},"image":{"@id":"https:\/\/www.specagra.ee\/#\/schema\/logo\/image\/"}}]}},"_links":{"self":[{"href":"https:\/\/www.specagra.ee\/index.php?rest_route=\/wp\/v2\/product\/43173","targetHints":{"allow":["GET"]}}],"collection":[{"href":"https:\/\/www.specagra.ee\/index.php?rest_route=\/wp\/v2\/product"}],"about":[{"href":"https:\/\/www.specagra.ee\/index.php?rest_route=\/wp\/v2\/types\/product"}],"wp:featuredmedia":[{"embeddable":true,"href":"https:\/\/www.specagra.ee\/index.php?rest_route=\/wp\/v2\/media\/43207"}],"wp:attachment":[{"href":"https:\/\/www.specagra.ee\/index.php?rest_route=%2Fwp%2Fv2%2Fmedia&parent=43173"}],"wp:term":[{"taxonomy":"product_brand","embeddable":true,"href":"https:\/\/www.specagra.ee\/index.php?rest_route=%2Fwp%2Fv2%2Fproduct_brand&post=43173"},{"taxonomy":"product_cat","embeddable":true,"href":"https:\/\/www.specagra.ee\/index.php?rest_route=%2Fwp%2Fv2%2Fproduct_cat&post=43173"},{"taxonomy":"product_tag","embeddable":true,"href":"https:\/\/www.specagra.ee\/index.php?rest_route=%2Fwp%2Fv2%2Fproduct_tag&post=43173"}],"curies":[{"name":"wp","href":"https:\/\/api.w.org\/{rel}","templated":true}]}}