{"id":43160,"date":"2024-11-05T11:51:32","date_gmt":"2024-11-05T13:51:32","guid":{"rendered":"https:\/\/www.specagra.ee\/?post_type=product&#038;p=43160"},"modified":"2025-01-17T08:25:27","modified_gmt":"2025-01-17T10:25:27","slug":"mesmale-s-12-inox","status":"publish","type":"product","link":"https:\/\/www.specagra.ee\/?product=mesmale-s-12-inox","title":{"rendered":"M\u0117smal\u0117 TS 22 Inox"},"content":{"rendered":"","protected":false},"excerpt":{"rendered":"<p>M\u0117smal\u0117 i\u0161 auk\u0161tos kokyb\u0117s liejamo aliuminio lydinio<br \/>\nKorpusas, sliekin\u0117s pavaros dangtelio ver\u017el\u0117, piltuv\u0117lio vamzdelis ir variklio korpusas i\u0161 ner\u016bdijan\u010dio plieno<br \/>\nSavaime galandantys ner\u016bdijan\u010dio plieno a\u0161menys<br \/>\nAsinchroninis indukcinis variklis su ventiliatoriaus ratuku<br \/>\nCE normos<br \/>\nSvoris: 24 kg<br \/>\nMatmenys: 44 x 24 x 51 cm<br \/>\nMaitinimas: 380 V \/ 50 Hz<br \/>\nSukimosi da\u017enis: 140 aps\/min.<br \/>\nNa\u0161umas: 300 kg\/val.<\/p>\n","protected":false},"featured_media":43954,"template":"","meta":{"_et_pb_use_builder":"","_et_pb_old_content":"","_et_gb_content_width":""},"product_brand":[],"product_cat":[285],"product_tag":[],"class_list":{"0":"post-43160","1":"product","2":"type-product","3":"status-publish","4":"has-post-thumbnail","6":"product_cat-lihaveski","8":"first","9":"instock","10":"shipping-taxable","11":"product-type-simple"},"yoast_head":"<!-- This site is optimized with the Yoast SEO plugin v26.4 - https:\/\/yoast.com\/wordpress\/plugins\/seo\/ -->\n<title>M\u0117smal\u0117 TS 22 Inox - Specagra<\/title>\n<meta name=\"robots\" content=\"index, follow, max-snippet:-1, max-image-preview:large, max-video-preview:-1\" \/>\n<link rel=\"canonical\" href=\"https:\/\/www.specagra.ee\/?product=mesmale-s-12-inox\" \/>\n<meta property=\"og:locale\" content=\"et_EE\" \/>\n<meta property=\"og:type\" content=\"article\" \/>\n<meta property=\"og:title\" content=\"M\u0117smal\u0117 TS 22 Inox - Specagra\" \/>\n<meta property=\"og:description\" content=\"M\u0117smal\u0117 i\u0161 auk\u0161tos kokyb\u0117s liejamo aliuminio lydinio Korpusas, sliekin\u0117s pavaros dangtelio ver\u017el\u0117, piltuv\u0117lio vamzdelis ir variklio korpusas i\u0161 ner\u016bdijan\u010dio plieno Savaime galandantys ner\u016bdijan\u010dio plieno a\u0161menys Asinchroninis indukcinis variklis su ventiliatoriaus ratuku CE normos Svoris: 24 kg Matmenys: 44 x 24 x 51 cm Maitinimas: 380 V \/ 50 Hz Sukimosi da\u017enis: 140 aps\/min. Na\u0161umas: 300 kg\/val.\" \/>\n<meta property=\"og:url\" content=\"https:\/\/www.specagra.ee\/?product=mesmale-s-12-inox\" \/>\n<meta property=\"og:site_name\" content=\"Specagra\" \/>\n<meta property=\"article:modified_time\" content=\"2025-01-17T10:25:27+00:00\" \/>\n<meta property=\"og:image\" content=\"https:\/\/www.specagra.ee\/wp-content\/uploads\/2024\/11\/Untitled-design4.png\" \/>\n\t<meta property=\"og:image:width\" content=\"900\" \/>\n\t<meta property=\"og:image:height\" content=\"900\" \/>\n\t<meta property=\"og:image:type\" content=\"image\/png\" \/>\n<meta name=\"twitter:card\" content=\"summary_large_image\" \/>\n<meta name=\"twitter:label1\" content=\"Est. reading time\" \/>\n\t<meta name=\"twitter:data1\" content=\"1 minut\" \/>\n<script type=\"application\/ld+json\" class=\"yoast-schema-graph\">{\"@context\":\"https:\/\/schema.org\",\"@graph\":[{\"@type\":\"WebPage\",\"@id\":\"https:\/\/www.specagra.ee\/?product=mesmale-s-12-inox\",\"url\":\"https:\/\/www.specagra.ee\/?product=mesmale-s-12-inox\",\"name\":\"M\u0117smal\u0117 TS 22 Inox - Specagra\",\"isPartOf\":{\"@id\":\"https:\/\/www.specagra.ee\/#website\"},\"primaryImageOfPage\":{\"@id\":\"https:\/\/www.specagra.ee\/?product=mesmale-s-12-inox#primaryimage\"},\"image\":{\"@id\":\"https:\/\/www.specagra.ee\/?product=mesmale-s-12-inox#primaryimage\"},\"thumbnailUrl\":\"https:\/\/www.specagra.ee\/wp-content\/uploads\/2024\/11\/Untitled-design4.png\",\"datePublished\":\"2024-11-05T13:51:32+00:00\",\"dateModified\":\"2025-01-17T10:25:27+00:00\",\"breadcrumb\":{\"@id\":\"https:\/\/www.specagra.ee\/?product=mesmale-s-12-inox#breadcrumb\"},\"inLanguage\":\"et\",\"potentialAction\":[{\"@type\":\"ReadAction\",\"target\":[\"https:\/\/www.specagra.ee\/?product=mesmale-s-12-inox\"]}]},{\"@type\":\"ImageObject\",\"inLanguage\":\"et\",\"@id\":\"https:\/\/www.specagra.ee\/?product=mesmale-s-12-inox#primaryimage\",\"url\":\"https:\/\/www.specagra.ee\/wp-content\/uploads\/2024\/11\/Untitled-design4.png\",\"contentUrl\":\"https:\/\/www.specagra.ee\/wp-content\/uploads\/2024\/11\/Untitled-design4.png\",\"width\":900,\"height\":900},{\"@type\":\"BreadcrumbList\",\"@id\":\"https:\/\/www.specagra.ee\/?product=mesmale-s-12-inox#breadcrumb\",\"itemListElement\":[{\"@type\":\"ListItem\",\"position\":1,\"name\":\"Home\",\"item\":\"https:\/\/www.specagra.ee\/\"},{\"@type\":\"ListItem\",\"position\":2,\"name\":\"P\u00f5llumajandustehnika ja loomakasvatus\",\"item\":\"https:\/\/specagra.ee\/?page_id=18493\"},{\"@type\":\"ListItem\",\"position\":3,\"name\":\"M\u0117smal\u0117 TS 22 Inox\"}]},{\"@type\":\"WebSite\",\"@id\":\"https:\/\/www.specagra.ee\/#website\",\"url\":\"https:\/\/www.specagra.ee\/\",\"name\":\"Specagra\",\"description\":\"P\u00f5llumajandustehnika ja varuosad\",\"publisher\":{\"@id\":\"https:\/\/www.specagra.ee\/#organization\"},\"potentialAction\":[{\"@type\":\"SearchAction\",\"target\":{\"@type\":\"EntryPoint\",\"urlTemplate\":\"https:\/\/www.specagra.ee\/?s={search_term_string}\"},\"query-input\":{\"@type\":\"PropertyValueSpecification\",\"valueRequired\":true,\"valueName\":\"search_term_string\"}}],\"inLanguage\":\"et\"},{\"@type\":\"Organization\",\"@id\":\"https:\/\/www.specagra.ee\/#organization\",\"name\":\"UAB Specagra\",\"url\":\"https:\/\/www.specagra.ee\/\",\"logo\":{\"@type\":\"ImageObject\",\"inLanguage\":\"et\",\"@id\":\"https:\/\/www.specagra.ee\/#\/schema\/logo\/image\/\",\"url\":\"http:\/\/www.specagra.ee\/wp-content\/uploads\/2022\/02\/SP-logo_naujas-scaled.jpg\",\"contentUrl\":\"http:\/\/www.specagra.ee\/wp-content\/uploads\/2022\/02\/SP-logo_naujas-scaled.jpg\",\"width\":2560,\"height\":326,\"caption\":\"UAB Specagra\"},\"image\":{\"@id\":\"https:\/\/www.specagra.ee\/#\/schema\/logo\/image\/\"}}]}<\/script>\n<!-- \/ Yoast SEO plugin. -->","yoast_head_json":{"title":"M\u0117smal\u0117 TS 22 Inox - Specagra","robots":{"index":"index","follow":"follow","max-snippet":"max-snippet:-1","max-image-preview":"max-image-preview:large","max-video-preview":"max-video-preview:-1"},"canonical":"https:\/\/www.specagra.ee\/?product=mesmale-s-12-inox","og_locale":"et_EE","og_type":"article","og_title":"M\u0117smal\u0117 TS 22 Inox - Specagra","og_description":"M\u0117smal\u0117 i\u0161 auk\u0161tos kokyb\u0117s liejamo aliuminio lydinio Korpusas, sliekin\u0117s pavaros dangtelio ver\u017el\u0117, piltuv\u0117lio vamzdelis ir variklio korpusas i\u0161 ner\u016bdijan\u010dio plieno Savaime galandantys ner\u016bdijan\u010dio plieno a\u0161menys Asinchroninis indukcinis variklis su ventiliatoriaus ratuku CE normos Svoris: 24 kg Matmenys: 44 x 24 x 51 cm Maitinimas: 380 V \/ 50 Hz Sukimosi da\u017enis: 140 aps\/min. Na\u0161umas: 300 kg\/val.","og_url":"https:\/\/www.specagra.ee\/?product=mesmale-s-12-inox","og_site_name":"Specagra","article_modified_time":"2025-01-17T10:25:27+00:00","og_image":[{"width":900,"height":900,"url":"https:\/\/www.specagra.ee\/wp-content\/uploads\/2024\/11\/Untitled-design4.png","type":"image\/png"}],"twitter_card":"summary_large_image","twitter_misc":{"Est. reading time":"1 minut"},"schema":{"@context":"https:\/\/schema.org","@graph":[{"@type":"WebPage","@id":"https:\/\/www.specagra.ee\/?product=mesmale-s-12-inox","url":"https:\/\/www.specagra.ee\/?product=mesmale-s-12-inox","name":"M\u0117smal\u0117 TS 22 Inox - Specagra","isPartOf":{"@id":"https:\/\/www.specagra.ee\/#website"},"primaryImageOfPage":{"@id":"https:\/\/www.specagra.ee\/?product=mesmale-s-12-inox#primaryimage"},"image":{"@id":"https:\/\/www.specagra.ee\/?product=mesmale-s-12-inox#primaryimage"},"thumbnailUrl":"https:\/\/www.specagra.ee\/wp-content\/uploads\/2024\/11\/Untitled-design4.png","datePublished":"2024-11-05T13:51:32+00:00","dateModified":"2025-01-17T10:25:27+00:00","breadcrumb":{"@id":"https:\/\/www.specagra.ee\/?product=mesmale-s-12-inox#breadcrumb"},"inLanguage":"et","potentialAction":[{"@type":"ReadAction","target":["https:\/\/www.specagra.ee\/?product=mesmale-s-12-inox"]}]},{"@type":"ImageObject","inLanguage":"et","@id":"https:\/\/www.specagra.ee\/?product=mesmale-s-12-inox#primaryimage","url":"https:\/\/www.specagra.ee\/wp-content\/uploads\/2024\/11\/Untitled-design4.png","contentUrl":"https:\/\/www.specagra.ee\/wp-content\/uploads\/2024\/11\/Untitled-design4.png","width":900,"height":900},{"@type":"BreadcrumbList","@id":"https:\/\/www.specagra.ee\/?product=mesmale-s-12-inox#breadcrumb","itemListElement":[{"@type":"ListItem","position":1,"name":"Home","item":"https:\/\/www.specagra.ee\/"},{"@type":"ListItem","position":2,"name":"P\u00f5llumajandustehnika ja loomakasvatus","item":"https:\/\/specagra.ee\/?page_id=18493"},{"@type":"ListItem","position":3,"name":"M\u0117smal\u0117 TS 22 Inox"}]},{"@type":"WebSite","@id":"https:\/\/www.specagra.ee\/#website","url":"https:\/\/www.specagra.ee\/","name":"Specagra","description":"P\u00f5llumajandustehnika ja varuosad","publisher":{"@id":"https:\/\/www.specagra.ee\/#organization"},"potentialAction":[{"@type":"SearchAction","target":{"@type":"EntryPoint","urlTemplate":"https:\/\/www.specagra.ee\/?s={search_term_string}"},"query-input":{"@type":"PropertyValueSpecification","valueRequired":true,"valueName":"search_term_string"}}],"inLanguage":"et"},{"@type":"Organization","@id":"https:\/\/www.specagra.ee\/#organization","name":"UAB Specagra","url":"https:\/\/www.specagra.ee\/","logo":{"@type":"ImageObject","inLanguage":"et","@id":"https:\/\/www.specagra.ee\/#\/schema\/logo\/image\/","url":"http:\/\/www.specagra.ee\/wp-content\/uploads\/2022\/02\/SP-logo_naujas-scaled.jpg","contentUrl":"http:\/\/www.specagra.ee\/wp-content\/uploads\/2022\/02\/SP-logo_naujas-scaled.jpg","width":2560,"height":326,"caption":"UAB Specagra"},"image":{"@id":"https:\/\/www.specagra.ee\/#\/schema\/logo\/image\/"}}]}},"_links":{"self":[{"href":"https:\/\/www.specagra.ee\/index.php?rest_route=\/wp\/v2\/product\/43160","targetHints":{"allow":["GET"]}}],"collection":[{"href":"https:\/\/www.specagra.ee\/index.php?rest_route=\/wp\/v2\/product"}],"about":[{"href":"https:\/\/www.specagra.ee\/index.php?rest_route=\/wp\/v2\/types\/product"}],"wp:featuredmedia":[{"embeddable":true,"href":"https:\/\/www.specagra.ee\/index.php?rest_route=\/wp\/v2\/media\/43954"}],"wp:attachment":[{"href":"https:\/\/www.specagra.ee\/index.php?rest_route=%2Fwp%2Fv2%2Fmedia&parent=43160"}],"wp:term":[{"taxonomy":"product_brand","embeddable":true,"href":"https:\/\/www.specagra.ee\/index.php?rest_route=%2Fwp%2Fv2%2Fproduct_brand&post=43160"},{"taxonomy":"product_cat","embeddable":true,"href":"https:\/\/www.specagra.ee\/index.php?rest_route=%2Fwp%2Fv2%2Fproduct_cat&post=43160"},{"taxonomy":"product_tag","embeddable":true,"href":"https:\/\/www.specagra.ee\/index.php?rest_route=%2Fwp%2Fv2%2Fproduct_tag&post=43160"}],"curies":[{"name":"wp","href":"https:\/\/api.w.org\/{rel}","templated":true}]}}