{"id":43060,"date":"2024-10-08T05:00:59","date_gmt":"2024-10-08T07:00:59","guid":{"rendered":"https:\/\/www.specagra.ee\/?post_type=product&#038;p=43060"},"modified":"2024-10-08T05:25:22","modified_gmt":"2024-10-08T07:25:22","slug":"generatorius-gallagher-m5000i","status":"publish","type":"product","link":"https:\/\/www.specagra.ee\/?product=generatorius-gallagher-m5000i","title":{"rendered":"Generatorius Gallagher M5000i"},"content":{"rendered":"<p>Galingiausias Gallagher el impuls\u0173 generatorius Europoje M5000i, tinkantis keliems sujungtiems aptvarams iki 100 km perimetro.<\/p>\n<p>I\u0161skirtinis i serijos energijos tiekimo \u012frengini\u0173 aspektas yra i\u0161orinis ekranas, kuriame visa informacija apie elektrin\u0119 tvor\u0105 (pvz., \u012ftampa, gedimai ir gedimo vieta) rodoma patogioje vietoje iki *50 metr\u0173 nuo energijos tiekimo \u012frenginio. *(3 m ilgio laidas pridedamas)<\/p>\n<p>El. impuls\u0173 generatori\u0173 taip pat galima valdyti ir \u012fjungti\/i\u0161jungti i\u0161 i\u0161orinio ekrano, be to, i\u0161 karto gausite prane\u0161im\u0105 apie elektros energijos tiekimo sutrikimus, pvz., jei ant tvoros nukrito \u0161aka arba buvo nutrauktas laidas.<\/p>\n<p>Gallagher M5000i galima papildyti \u012fvairiais i serijos priedais:<\/p>\n<p><strong>Nuotolinio valdymo pultas<\/strong> &#8211;\u00a0 tiksliai matuoja tvoros \u012ftamp\u0105 ir srov\u0119 bei greitai ir lengvai nustato tiksli\u0105 tvoros gedimo viet\u0105. Nusta\u010dius gedimo viet\u0105, energijos tiekimo \u012frengin\u012f galima i\u0161jungti ir \u012fjungti nuotoliniu b\u016bdu. Nuotolinio valdymo pultas yra tvirtas ir patikimas, jo korpusas atsparus vandeniui.<\/p>\n<p><strong>Aptvaro monitorius<\/strong> &#8211; prie i serijos tvoros sistemos galite prijungti iki \u0161e\u0161i\u0173 monitori\u0173, kad ji tapt\u0173 visi\u0161kai stebima ir i\u0161oriniame ekrane nuolat b\u016bt\u0173 pateikiama naujausia informacija apie tvoros veikim\u0105. Monitorius nustato, kada bet kurioje zonoje \u012fvyksta gedimas, ir prane\u0161a apie pavojaus signalus \u012f energijos tiekimo \u012frengin\u012f, i\u0161orin\u012f ekran\u0105 ir (pasirinktinai) SMS \u017einute.<\/p>\n<p><strong>Monitorius su saul\u0117s panele<\/strong> &#8211; leid\u017eia steb\u0117ti atskir\u0105 tvoros zon\u0105. Sugedus tvorai, \u012fsp\u0117jim\u0105 gausite i\u0161oriniame \u201ei Series\u201c \u012frenginio ekrane arba per program\u0117l\u0119. I\u0161 viso prie vieno maitinimo \u0161altinio galima prijungti 6 tvoros monitorius. \u0160\u012f prietais\u0105 maitina saul\u0117s baterija.<\/p>\n<p><strong>Wi-Fi modemo valdiklis<\/strong> &#8211; lengvai sujungia energijos tiekimo \u012frengin\u012f su i\u0161maniuoju telefonu per \u201aWiFi\u2018 arba \u201aBluetooth\u2018. Naudodamiesi nemokama \u201eGallagher Ag Devices\u201c program\u0117le galite lengvai patikrinti savo tvoros b\u016bsen\u0105 ir gauti prane\u0161im\u0105, kai \u012fvyksta gedimas. Be to, naudodamiesi program\u0117le galite \u012fjungti ir i\u0161jungti energijos tiekimo \u012frengin\u012f. Naudodami pa\u010diame valdiklyje esan\u010dias kontrolines lemputes galite i\u0161 karto patikrinti el. tvoros b\u016bkl\u0119.<\/p>\n<p><strong>Persp\u0117jimo \/ signalizavimo sistema<\/strong> &#8211; leid\u017eia steb\u0117ti el. tvoros b\u016bkl\u0119: jei grandin\u0117 nutr\u016bksta, \u012fjungiamos lemput\u0117s ir (arba) sirena, pvz.kai atsidaro vartai arba nukerpamas laidas.<\/p>\n<p><strong>Sirena<\/strong> &#8211; garsiai skambanti sirena nedelsiant prane\u0161 apie nutr\u016bkusi\u0105 grandin\u0119, pvz., ant tvoros nukritusi\u0105 \u0161ak\u0105 arba nutraukt\u0105 laid\u0105.<\/p>\n<p>&nbsp;<\/p>\n<p>&nbsp;<\/p>\n<p>&nbsp;<\/p>\n","protected":false},"excerpt":{"rendered":"<p>Galingiausias Gallagher el impuls\u0173 generatorius Europoje M5000i, tinkantis keliems sujungtiems aptvarams iki 100 km perimetro. I\u0161skirtinis i serijos energijos tiekimo \u012frengini\u0173 aspektas yra i\u0161orinis ekranas, kuriame visa informacija apie elektrin\u0119 tvor\u0105 (pvz., \u012ftampa, gedimai ir gedimo vieta) rodoma patogioje vietoje iki *50 metr\u0173 nuo energijos tiekimo \u012frenginio. *(3 m ilgio laidas pridedamas) El. impuls\u0173 generatori\u0173 [&hellip;]<\/p>\n","protected":false},"featured_media":43061,"template":"","meta":{"_et_pb_use_builder":"","_et_pb_old_content":"","_et_gb_content_width":""},"product_brand":[],"product_cat":[174],"product_tag":[],"class_list":{"0":"post-43060","1":"product","2":"type-product","3":"status-publish","4":"has-post-thumbnail","6":"product_cat-230v","8":"first","9":"instock","10":"shipping-taxable","11":"product-type-simple"},"yoast_head":"<!-- This site is optimized with the Yoast SEO plugin v26.4 - https:\/\/yoast.com\/wordpress\/plugins\/seo\/ -->\n<title>Generatorius Gallagher M5000i - Specagra<\/title>\n<meta name=\"robots\" content=\"index, follow, max-snippet:-1, max-image-preview:large, max-video-preview:-1\" \/>\n<link rel=\"canonical\" href=\"https:\/\/www.specagra.ee\/?product=generatorius-gallagher-m5000i\" \/>\n<meta property=\"og:locale\" content=\"et_EE\" \/>\n<meta property=\"og:type\" content=\"article\" \/>\n<meta property=\"og:title\" content=\"Generatorius Gallagher M5000i - Specagra\" \/>\n<meta property=\"og:description\" content=\"Galingiausias Gallagher el impuls\u0173 generatorius Europoje M5000i, tinkantis keliems sujungtiems aptvarams iki 100 km perimetro. I\u0161skirtinis i serijos energijos tiekimo \u012frengini\u0173 aspektas yra i\u0161orinis ekranas, kuriame visa informacija apie elektrin\u0119 tvor\u0105 (pvz., \u012ftampa, gedimai ir gedimo vieta) rodoma patogioje vietoje iki *50 metr\u0173 nuo energijos tiekimo \u012frenginio. *(3 m ilgio laidas pridedamas) El. impuls\u0173 generatori\u0173 [&hellip;]\" \/>\n<meta property=\"og:url\" content=\"https:\/\/www.specagra.ee\/?product=generatorius-gallagher-m5000i\" \/>\n<meta property=\"og:site_name\" content=\"Specagra\" \/>\n<meta property=\"article:modified_time\" content=\"2024-10-08T07:25:22+00:00\" \/>\n<meta property=\"og:image\" content=\"https:\/\/www.specagra.ee\/wp-content\/uploads\/2024\/10\/Untitled-design1.jpg\" \/>\n\t<meta property=\"og:image:width\" content=\"900\" \/>\n\t<meta property=\"og:image:height\" content=\"900\" \/>\n\t<meta property=\"og:image:type\" content=\"image\/jpeg\" \/>\n<meta name=\"twitter:card\" content=\"summary_large_image\" \/>\n<meta name=\"twitter:label1\" content=\"Est. reading time\" \/>\n\t<meta name=\"twitter:data1\" content=\"2 minutit\" \/>\n<script type=\"application\/ld+json\" class=\"yoast-schema-graph\">{\"@context\":\"https:\/\/schema.org\",\"@graph\":[{\"@type\":\"WebPage\",\"@id\":\"https:\/\/www.specagra.ee\/?product=generatorius-gallagher-m5000i\",\"url\":\"https:\/\/www.specagra.ee\/?product=generatorius-gallagher-m5000i\",\"name\":\"Generatorius Gallagher M5000i - Specagra\",\"isPartOf\":{\"@id\":\"https:\/\/www.specagra.ee\/#website\"},\"primaryImageOfPage\":{\"@id\":\"https:\/\/www.specagra.ee\/?product=generatorius-gallagher-m5000i#primaryimage\"},\"image\":{\"@id\":\"https:\/\/www.specagra.ee\/?product=generatorius-gallagher-m5000i#primaryimage\"},\"thumbnailUrl\":\"https:\/\/www.specagra.ee\/wp-content\/uploads\/2024\/10\/Untitled-design1.jpg\",\"datePublished\":\"2024-10-08T07:00:59+00:00\",\"dateModified\":\"2024-10-08T07:25:22+00:00\",\"breadcrumb\":{\"@id\":\"https:\/\/www.specagra.ee\/?product=generatorius-gallagher-m5000i#breadcrumb\"},\"inLanguage\":\"et\",\"potentialAction\":[{\"@type\":\"ReadAction\",\"target\":[\"https:\/\/www.specagra.ee\/?product=generatorius-gallagher-m5000i\"]}]},{\"@type\":\"ImageObject\",\"inLanguage\":\"et\",\"@id\":\"https:\/\/www.specagra.ee\/?product=generatorius-gallagher-m5000i#primaryimage\",\"url\":\"https:\/\/www.specagra.ee\/wp-content\/uploads\/2024\/10\/Untitled-design1.jpg\",\"contentUrl\":\"https:\/\/www.specagra.ee\/wp-content\/uploads\/2024\/10\/Untitled-design1.jpg\",\"width\":900,\"height\":900},{\"@type\":\"BreadcrumbList\",\"@id\":\"https:\/\/www.specagra.ee\/?product=generatorius-gallagher-m5000i#breadcrumb\",\"itemListElement\":[{\"@type\":\"ListItem\",\"position\":1,\"name\":\"Home\",\"item\":\"https:\/\/www.specagra.ee\/\"},{\"@type\":\"ListItem\",\"position\":2,\"name\":\"P\u00f5llumajandustehnika ja loomakasvatus\",\"item\":\"https:\/\/specagra.ee\/?page_id=18493\"},{\"@type\":\"ListItem\",\"position\":3,\"name\":\"Generatorius Gallagher M5000i\"}]},{\"@type\":\"WebSite\",\"@id\":\"https:\/\/www.specagra.ee\/#website\",\"url\":\"https:\/\/www.specagra.ee\/\",\"name\":\"Specagra\",\"description\":\"P\u00f5llumajandustehnika ja varuosad\",\"publisher\":{\"@id\":\"https:\/\/www.specagra.ee\/#organization\"},\"potentialAction\":[{\"@type\":\"SearchAction\",\"target\":{\"@type\":\"EntryPoint\",\"urlTemplate\":\"https:\/\/www.specagra.ee\/?s={search_term_string}\"},\"query-input\":{\"@type\":\"PropertyValueSpecification\",\"valueRequired\":true,\"valueName\":\"search_term_string\"}}],\"inLanguage\":\"et\"},{\"@type\":\"Organization\",\"@id\":\"https:\/\/www.specagra.ee\/#organization\",\"name\":\"UAB Specagra\",\"url\":\"https:\/\/www.specagra.ee\/\",\"logo\":{\"@type\":\"ImageObject\",\"inLanguage\":\"et\",\"@id\":\"https:\/\/www.specagra.ee\/#\/schema\/logo\/image\/\",\"url\":\"http:\/\/www.specagra.ee\/wp-content\/uploads\/2022\/02\/SP-logo_naujas-scaled.jpg\",\"contentUrl\":\"http:\/\/www.specagra.ee\/wp-content\/uploads\/2022\/02\/SP-logo_naujas-scaled.jpg\",\"width\":2560,\"height\":326,\"caption\":\"UAB Specagra\"},\"image\":{\"@id\":\"https:\/\/www.specagra.ee\/#\/schema\/logo\/image\/\"}}]}<\/script>\n<!-- \/ Yoast SEO plugin. -->","yoast_head_json":{"title":"Generatorius Gallagher M5000i - Specagra","robots":{"index":"index","follow":"follow","max-snippet":"max-snippet:-1","max-image-preview":"max-image-preview:large","max-video-preview":"max-video-preview:-1"},"canonical":"https:\/\/www.specagra.ee\/?product=generatorius-gallagher-m5000i","og_locale":"et_EE","og_type":"article","og_title":"Generatorius Gallagher M5000i - Specagra","og_description":"Galingiausias Gallagher el impuls\u0173 generatorius Europoje M5000i, tinkantis keliems sujungtiems aptvarams iki 100 km perimetro. I\u0161skirtinis i serijos energijos tiekimo \u012frengini\u0173 aspektas yra i\u0161orinis ekranas, kuriame visa informacija apie elektrin\u0119 tvor\u0105 (pvz., \u012ftampa, gedimai ir gedimo vieta) rodoma patogioje vietoje iki *50 metr\u0173 nuo energijos tiekimo \u012frenginio. *(3 m ilgio laidas pridedamas) El. impuls\u0173 generatori\u0173 [&hellip;]","og_url":"https:\/\/www.specagra.ee\/?product=generatorius-gallagher-m5000i","og_site_name":"Specagra","article_modified_time":"2024-10-08T07:25:22+00:00","og_image":[{"width":900,"height":900,"url":"https:\/\/www.specagra.ee\/wp-content\/uploads\/2024\/10\/Untitled-design1.jpg","type":"image\/jpeg"}],"twitter_card":"summary_large_image","twitter_misc":{"Est. reading time":"2 minutit"},"schema":{"@context":"https:\/\/schema.org","@graph":[{"@type":"WebPage","@id":"https:\/\/www.specagra.ee\/?product=generatorius-gallagher-m5000i","url":"https:\/\/www.specagra.ee\/?product=generatorius-gallagher-m5000i","name":"Generatorius Gallagher M5000i - Specagra","isPartOf":{"@id":"https:\/\/www.specagra.ee\/#website"},"primaryImageOfPage":{"@id":"https:\/\/www.specagra.ee\/?product=generatorius-gallagher-m5000i#primaryimage"},"image":{"@id":"https:\/\/www.specagra.ee\/?product=generatorius-gallagher-m5000i#primaryimage"},"thumbnailUrl":"https:\/\/www.specagra.ee\/wp-content\/uploads\/2024\/10\/Untitled-design1.jpg","datePublished":"2024-10-08T07:00:59+00:00","dateModified":"2024-10-08T07:25:22+00:00","breadcrumb":{"@id":"https:\/\/www.specagra.ee\/?product=generatorius-gallagher-m5000i#breadcrumb"},"inLanguage":"et","potentialAction":[{"@type":"ReadAction","target":["https:\/\/www.specagra.ee\/?product=generatorius-gallagher-m5000i"]}]},{"@type":"ImageObject","inLanguage":"et","@id":"https:\/\/www.specagra.ee\/?product=generatorius-gallagher-m5000i#primaryimage","url":"https:\/\/www.specagra.ee\/wp-content\/uploads\/2024\/10\/Untitled-design1.jpg","contentUrl":"https:\/\/www.specagra.ee\/wp-content\/uploads\/2024\/10\/Untitled-design1.jpg","width":900,"height":900},{"@type":"BreadcrumbList","@id":"https:\/\/www.specagra.ee\/?product=generatorius-gallagher-m5000i#breadcrumb","itemListElement":[{"@type":"ListItem","position":1,"name":"Home","item":"https:\/\/www.specagra.ee\/"},{"@type":"ListItem","position":2,"name":"P\u00f5llumajandustehnika ja loomakasvatus","item":"https:\/\/specagra.ee\/?page_id=18493"},{"@type":"ListItem","position":3,"name":"Generatorius Gallagher M5000i"}]},{"@type":"WebSite","@id":"https:\/\/www.specagra.ee\/#website","url":"https:\/\/www.specagra.ee\/","name":"Specagra","description":"P\u00f5llumajandustehnika ja varuosad","publisher":{"@id":"https:\/\/www.specagra.ee\/#organization"},"potentialAction":[{"@type":"SearchAction","target":{"@type":"EntryPoint","urlTemplate":"https:\/\/www.specagra.ee\/?s={search_term_string}"},"query-input":{"@type":"PropertyValueSpecification","valueRequired":true,"valueName":"search_term_string"}}],"inLanguage":"et"},{"@type":"Organization","@id":"https:\/\/www.specagra.ee\/#organization","name":"UAB Specagra","url":"https:\/\/www.specagra.ee\/","logo":{"@type":"ImageObject","inLanguage":"et","@id":"https:\/\/www.specagra.ee\/#\/schema\/logo\/image\/","url":"http:\/\/www.specagra.ee\/wp-content\/uploads\/2022\/02\/SP-logo_naujas-scaled.jpg","contentUrl":"http:\/\/www.specagra.ee\/wp-content\/uploads\/2022\/02\/SP-logo_naujas-scaled.jpg","width":2560,"height":326,"caption":"UAB Specagra"},"image":{"@id":"https:\/\/www.specagra.ee\/#\/schema\/logo\/image\/"}}]}},"_links":{"self":[{"href":"https:\/\/www.specagra.ee\/index.php?rest_route=\/wp\/v2\/product\/43060","targetHints":{"allow":["GET"]}}],"collection":[{"href":"https:\/\/www.specagra.ee\/index.php?rest_route=\/wp\/v2\/product"}],"about":[{"href":"https:\/\/www.specagra.ee\/index.php?rest_route=\/wp\/v2\/types\/product"}],"wp:featuredmedia":[{"embeddable":true,"href":"https:\/\/www.specagra.ee\/index.php?rest_route=\/wp\/v2\/media\/43061"}],"wp:attachment":[{"href":"https:\/\/www.specagra.ee\/index.php?rest_route=%2Fwp%2Fv2%2Fmedia&parent=43060"}],"wp:term":[{"taxonomy":"product_brand","embeddable":true,"href":"https:\/\/www.specagra.ee\/index.php?rest_route=%2Fwp%2Fv2%2Fproduct_brand&post=43060"},{"taxonomy":"product_cat","embeddable":true,"href":"https:\/\/www.specagra.ee\/index.php?rest_route=%2Fwp%2Fv2%2Fproduct_cat&post=43060"},{"taxonomy":"product_tag","embeddable":true,"href":"https:\/\/www.specagra.ee\/index.php?rest_route=%2Fwp%2Fv2%2Fproduct_tag&post=43060"}],"curies":[{"name":"wp","href":"https:\/\/api.w.org\/{rel}","templated":true}]}}