{"id":4303,"date":"2020-07-07T08:39:00","date_gmt":"2020-07-07T10:39:00","guid":{"rendered":"https:\/\/www.specagra.ee.nemokamossvetaines.hostingas.lt\/?post_type=product&#038;p=4303"},"modified":"2024-11-05T09:15:18","modified_gmt":"2024-11-05T11:15:18","slug":"daugiafunkcinis-katilas-milky-fj-50","status":"publish","type":"product","link":"https:\/\/www.specagra.ee\/?product=daugiafunkcinis-katilas-milky-fj-50","title":{"rendered":"Daugiafunkcinis katilas MILKY FJ 50 PF"},"content":{"rendered":"<ul>\n<li>Trij\u0173 sieneli\u0173 50 litr\u0173 talpos daugiafunkcinis katilas<\/li>\n<li>Pasterizatorius, s\u016brio gamyba, jogurto gamyba<\/li>\n<li>319 mm auk\u0161\u010dio pagrindo r\u0117mas geresniam valdymui<\/li>\n<li>Pagrindo r\u0117mas su ratukais arba be j\u0173<\/li>\n<li>Katilas, i\u0161leidimo anga ir pagrindo r\u0117mas pagaminti i\u0161 ner\u016bdijan\u010dio plieno<\/li>\n<li>Itin geras \u0161ilumos perdavimas i\u0161 \u0161ildymo vandens \u012f terp\u0119<\/li>\n<li>Lengvas valdymas naudojant valdymo blok\u0105 arba MILKY APP<\/li>\n<li>4 skirtingi ciklai (temperat\u016bra ir laikas)<\/li>\n<li>Valdymo bloke galima i\u0161saugoti iki 4 program\u0173 nustatym\u0173<\/li>\n<li>Automatinis au\u0161inimas<\/li>\n<li>Automatin\u0117 mai\u0161ykl\u0117 i\u0161 ner\u016bdijan\u010dio plieno<\/li>\n<li>I\u0161jungimo jungiklis<\/li>\n<li>Atitinka higienos standartus (HACCP)<\/li>\n<\/ul>\n","protected":false},"excerpt":{"rendered":"<p>Trij\u0173 sieneli\u0173 50 litr\u0173 talpos daugiafunkcinis katilas Pasterizatorius, s\u016brio gamyba, jogurto gamyba 319 mm auk\u0161\u010dio pagrindo r\u0117mas geresniam valdymui Pagrindo r\u0117mas su ratukais arba be j\u0173 Katilas, i\u0161leidimo anga ir pagrindo r\u0117mas pagaminti i\u0161 ner\u016bdijan\u010dio plieno Itin geras \u0161ilumos perdavimas i\u0161 \u0161ildymo vandens \u012f terp\u0119 Lengvas valdymas naudojant valdymo blok\u0105 arba MILKY APP 4 skirtingi [&hellip;]<\/p>\n","protected":false},"featured_media":5926,"template":"","meta":{"_et_pb_use_builder":"","_et_pb_old_content":"","_et_gb_content_width":""},"product_brand":[],"product_cat":[246],"product_tag":[],"class_list":{"0":"post-4303","1":"product","2":"type-product","3":"status-publish","4":"has-post-thumbnail","6":"product_cat-pastoriseerijad","8":"first","9":"instock","10":"shipping-taxable","11":"product-type-simple"},"yoast_head":"<!-- This site is optimized with the Yoast SEO plugin v26.4 - https:\/\/yoast.com\/wordpress\/plugins\/seo\/ -->\n<title>Daugiafunkcinis katilas MILKY FJ 50 PF - Specagra<\/title>\n<meta name=\"robots\" content=\"index, follow, max-snippet:-1, max-image-preview:large, max-video-preview:-1\" \/>\n<link rel=\"canonical\" href=\"https:\/\/www.specagra.ee\/?product=daugiafunkcinis-katilas-milky-fj-50\" \/>\n<meta property=\"og:locale\" content=\"et_EE\" \/>\n<meta property=\"og:type\" content=\"article\" \/>\n<meta property=\"og:title\" content=\"Daugiafunkcinis katilas MILKY FJ 50 PF - Specagra\" \/>\n<meta property=\"og:description\" content=\"Trij\u0173 sieneli\u0173 50 litr\u0173 talpos daugiafunkcinis katilas Pasterizatorius, s\u016brio gamyba, jogurto gamyba 319 mm auk\u0161\u010dio pagrindo r\u0117mas geresniam valdymui Pagrindo r\u0117mas su ratukais arba be j\u0173 Katilas, i\u0161leidimo anga ir pagrindo r\u0117mas pagaminti i\u0161 ner\u016bdijan\u010dio plieno Itin geras \u0161ilumos perdavimas i\u0161 \u0161ildymo vandens \u012f terp\u0119 Lengvas valdymas naudojant valdymo blok\u0105 arba MILKY APP 4 skirtingi [&hellip;]\" \/>\n<meta property=\"og:url\" content=\"https:\/\/www.specagra.ee\/?product=daugiafunkcinis-katilas-milky-fj-50\" \/>\n<meta property=\"og:site_name\" content=\"Specagra\" \/>\n<meta property=\"article:modified_time\" content=\"2024-11-05T11:15:18+00:00\" \/>\n<meta property=\"og:image\" content=\"https:\/\/www.specagra.ee\/wp-content\/uploads\/2020\/07\/FJ-50-PF_neu1-2.jpg\" \/>\n\t<meta property=\"og:image:width\" content=\"1280\" \/>\n\t<meta property=\"og:image:height\" content=\"1280\" \/>\n\t<meta property=\"og:image:type\" content=\"image\/jpeg\" \/>\n<meta name=\"twitter:card\" content=\"summary_large_image\" \/>\n<meta name=\"twitter:label1\" content=\"Est. reading time\" \/>\n\t<meta name=\"twitter:data1\" content=\"1 minut\" \/>\n<script type=\"application\/ld+json\" class=\"yoast-schema-graph\">{\"@context\":\"https:\/\/schema.org\",\"@graph\":[{\"@type\":\"WebPage\",\"@id\":\"https:\/\/www.specagra.ee\/?product=daugiafunkcinis-katilas-milky-fj-50\",\"url\":\"https:\/\/www.specagra.ee\/?product=daugiafunkcinis-katilas-milky-fj-50\",\"name\":\"Daugiafunkcinis katilas MILKY FJ 50 PF - Specagra\",\"isPartOf\":{\"@id\":\"https:\/\/www.specagra.ee\/#website\"},\"primaryImageOfPage\":{\"@id\":\"https:\/\/www.specagra.ee\/?product=daugiafunkcinis-katilas-milky-fj-50#primaryimage\"},\"image\":{\"@id\":\"https:\/\/www.specagra.ee\/?product=daugiafunkcinis-katilas-milky-fj-50#primaryimage\"},\"thumbnailUrl\":\"https:\/\/www.specagra.ee\/wp-content\/uploads\/2020\/07\/FJ-50-PF_neu1-2.jpg\",\"datePublished\":\"2020-07-07T10:39:00+00:00\",\"dateModified\":\"2024-11-05T11:15:18+00:00\",\"breadcrumb\":{\"@id\":\"https:\/\/www.specagra.ee\/?product=daugiafunkcinis-katilas-milky-fj-50#breadcrumb\"},\"inLanguage\":\"et\",\"potentialAction\":[{\"@type\":\"ReadAction\",\"target\":[\"https:\/\/www.specagra.ee\/?product=daugiafunkcinis-katilas-milky-fj-50\"]}]},{\"@type\":\"ImageObject\",\"inLanguage\":\"et\",\"@id\":\"https:\/\/www.specagra.ee\/?product=daugiafunkcinis-katilas-milky-fj-50#primaryimage\",\"url\":\"https:\/\/www.specagra.ee\/wp-content\/uploads\/2020\/07\/FJ-50-PF_neu1-2.jpg\",\"contentUrl\":\"https:\/\/www.specagra.ee\/wp-content\/uploads\/2020\/07\/FJ-50-PF_neu1-2.jpg\",\"width\":1280,\"height\":1280},{\"@type\":\"BreadcrumbList\",\"@id\":\"https:\/\/www.specagra.ee\/?product=daugiafunkcinis-katilas-milky-fj-50#breadcrumb\",\"itemListElement\":[{\"@type\":\"ListItem\",\"position\":1,\"name\":\"Home\",\"item\":\"https:\/\/www.specagra.ee\/\"},{\"@type\":\"ListItem\",\"position\":2,\"name\":\"P\u00f5llumajandustehnika ja loomakasvatus\",\"item\":\"https:\/\/specagra.ee\/?page_id=18493\"},{\"@type\":\"ListItem\",\"position\":3,\"name\":\"Daugiafunkcinis katilas MILKY FJ 50 PF\"}]},{\"@type\":\"WebSite\",\"@id\":\"https:\/\/www.specagra.ee\/#website\",\"url\":\"https:\/\/www.specagra.ee\/\",\"name\":\"Specagra\",\"description\":\"P\u00f5llumajandustehnika ja varuosad\",\"publisher\":{\"@id\":\"https:\/\/www.specagra.ee\/#organization\"},\"potentialAction\":[{\"@type\":\"SearchAction\",\"target\":{\"@type\":\"EntryPoint\",\"urlTemplate\":\"https:\/\/www.specagra.ee\/?s={search_term_string}\"},\"query-input\":{\"@type\":\"PropertyValueSpecification\",\"valueRequired\":true,\"valueName\":\"search_term_string\"}}],\"inLanguage\":\"et\"},{\"@type\":\"Organization\",\"@id\":\"https:\/\/www.specagra.ee\/#organization\",\"name\":\"UAB Specagra\",\"url\":\"https:\/\/www.specagra.ee\/\",\"logo\":{\"@type\":\"ImageObject\",\"inLanguage\":\"et\",\"@id\":\"https:\/\/www.specagra.ee\/#\/schema\/logo\/image\/\",\"url\":\"http:\/\/www.specagra.ee\/wp-content\/uploads\/2022\/02\/SP-logo_naujas-scaled.jpg\",\"contentUrl\":\"http:\/\/www.specagra.ee\/wp-content\/uploads\/2022\/02\/SP-logo_naujas-scaled.jpg\",\"width\":2560,\"height\":326,\"caption\":\"UAB Specagra\"},\"image\":{\"@id\":\"https:\/\/www.specagra.ee\/#\/schema\/logo\/image\/\"}}]}<\/script>\n<!-- \/ Yoast SEO plugin. -->","yoast_head_json":{"title":"Daugiafunkcinis katilas MILKY FJ 50 PF - Specagra","robots":{"index":"index","follow":"follow","max-snippet":"max-snippet:-1","max-image-preview":"max-image-preview:large","max-video-preview":"max-video-preview:-1"},"canonical":"https:\/\/www.specagra.ee\/?product=daugiafunkcinis-katilas-milky-fj-50","og_locale":"et_EE","og_type":"article","og_title":"Daugiafunkcinis katilas MILKY FJ 50 PF - Specagra","og_description":"Trij\u0173 sieneli\u0173 50 litr\u0173 talpos daugiafunkcinis katilas Pasterizatorius, s\u016brio gamyba, jogurto gamyba 319 mm auk\u0161\u010dio pagrindo r\u0117mas geresniam valdymui Pagrindo r\u0117mas su ratukais arba be j\u0173 Katilas, i\u0161leidimo anga ir pagrindo r\u0117mas pagaminti i\u0161 ner\u016bdijan\u010dio plieno Itin geras \u0161ilumos perdavimas i\u0161 \u0161ildymo vandens \u012f terp\u0119 Lengvas valdymas naudojant valdymo blok\u0105 arba MILKY APP 4 skirtingi [&hellip;]","og_url":"https:\/\/www.specagra.ee\/?product=daugiafunkcinis-katilas-milky-fj-50","og_site_name":"Specagra","article_modified_time":"2024-11-05T11:15:18+00:00","og_image":[{"width":1280,"height":1280,"url":"https:\/\/www.specagra.ee\/wp-content\/uploads\/2020\/07\/FJ-50-PF_neu1-2.jpg","type":"image\/jpeg"}],"twitter_card":"summary_large_image","twitter_misc":{"Est. reading time":"1 minut"},"schema":{"@context":"https:\/\/schema.org","@graph":[{"@type":"WebPage","@id":"https:\/\/www.specagra.ee\/?product=daugiafunkcinis-katilas-milky-fj-50","url":"https:\/\/www.specagra.ee\/?product=daugiafunkcinis-katilas-milky-fj-50","name":"Daugiafunkcinis katilas MILKY FJ 50 PF - Specagra","isPartOf":{"@id":"https:\/\/www.specagra.ee\/#website"},"primaryImageOfPage":{"@id":"https:\/\/www.specagra.ee\/?product=daugiafunkcinis-katilas-milky-fj-50#primaryimage"},"image":{"@id":"https:\/\/www.specagra.ee\/?product=daugiafunkcinis-katilas-milky-fj-50#primaryimage"},"thumbnailUrl":"https:\/\/www.specagra.ee\/wp-content\/uploads\/2020\/07\/FJ-50-PF_neu1-2.jpg","datePublished":"2020-07-07T10:39:00+00:00","dateModified":"2024-11-05T11:15:18+00:00","breadcrumb":{"@id":"https:\/\/www.specagra.ee\/?product=daugiafunkcinis-katilas-milky-fj-50#breadcrumb"},"inLanguage":"et","potentialAction":[{"@type":"ReadAction","target":["https:\/\/www.specagra.ee\/?product=daugiafunkcinis-katilas-milky-fj-50"]}]},{"@type":"ImageObject","inLanguage":"et","@id":"https:\/\/www.specagra.ee\/?product=daugiafunkcinis-katilas-milky-fj-50#primaryimage","url":"https:\/\/www.specagra.ee\/wp-content\/uploads\/2020\/07\/FJ-50-PF_neu1-2.jpg","contentUrl":"https:\/\/www.specagra.ee\/wp-content\/uploads\/2020\/07\/FJ-50-PF_neu1-2.jpg","width":1280,"height":1280},{"@type":"BreadcrumbList","@id":"https:\/\/www.specagra.ee\/?product=daugiafunkcinis-katilas-milky-fj-50#breadcrumb","itemListElement":[{"@type":"ListItem","position":1,"name":"Home","item":"https:\/\/www.specagra.ee\/"},{"@type":"ListItem","position":2,"name":"P\u00f5llumajandustehnika ja loomakasvatus","item":"https:\/\/specagra.ee\/?page_id=18493"},{"@type":"ListItem","position":3,"name":"Daugiafunkcinis katilas MILKY FJ 50 PF"}]},{"@type":"WebSite","@id":"https:\/\/www.specagra.ee\/#website","url":"https:\/\/www.specagra.ee\/","name":"Specagra","description":"P\u00f5llumajandustehnika ja varuosad","publisher":{"@id":"https:\/\/www.specagra.ee\/#organization"},"potentialAction":[{"@type":"SearchAction","target":{"@type":"EntryPoint","urlTemplate":"https:\/\/www.specagra.ee\/?s={search_term_string}"},"query-input":{"@type":"PropertyValueSpecification","valueRequired":true,"valueName":"search_term_string"}}],"inLanguage":"et"},{"@type":"Organization","@id":"https:\/\/www.specagra.ee\/#organization","name":"UAB Specagra","url":"https:\/\/www.specagra.ee\/","logo":{"@type":"ImageObject","inLanguage":"et","@id":"https:\/\/www.specagra.ee\/#\/schema\/logo\/image\/","url":"http:\/\/www.specagra.ee\/wp-content\/uploads\/2022\/02\/SP-logo_naujas-scaled.jpg","contentUrl":"http:\/\/www.specagra.ee\/wp-content\/uploads\/2022\/02\/SP-logo_naujas-scaled.jpg","width":2560,"height":326,"caption":"UAB Specagra"},"image":{"@id":"https:\/\/www.specagra.ee\/#\/schema\/logo\/image\/"}}]}},"_links":{"self":[{"href":"https:\/\/www.specagra.ee\/index.php?rest_route=\/wp\/v2\/product\/4303","targetHints":{"allow":["GET"]}}],"collection":[{"href":"https:\/\/www.specagra.ee\/index.php?rest_route=\/wp\/v2\/product"}],"about":[{"href":"https:\/\/www.specagra.ee\/index.php?rest_route=\/wp\/v2\/types\/product"}],"wp:featuredmedia":[{"embeddable":true,"href":"https:\/\/www.specagra.ee\/index.php?rest_route=\/wp\/v2\/media\/5926"}],"wp:attachment":[{"href":"https:\/\/www.specagra.ee\/index.php?rest_route=%2Fwp%2Fv2%2Fmedia&parent=4303"}],"wp:term":[{"taxonomy":"product_brand","embeddable":true,"href":"https:\/\/www.specagra.ee\/index.php?rest_route=%2Fwp%2Fv2%2Fproduct_brand&post=4303"},{"taxonomy":"product_cat","embeddable":true,"href":"https:\/\/www.specagra.ee\/index.php?rest_route=%2Fwp%2Fv2%2Fproduct_cat&post=4303"},{"taxonomy":"product_tag","embeddable":true,"href":"https:\/\/www.specagra.ee\/index.php?rest_route=%2Fwp%2Fv2%2Fproduct_tag&post=4303"}],"curies":[{"name":"wp","href":"https:\/\/api.w.org\/{rel}","templated":true}]}}