{"id":43026,"date":"2024-09-13T08:36:41","date_gmt":"2024-09-13T10:36:41","guid":{"rendered":"https:\/\/www.specagra.ee\/?post_type=product&#038;p=43026"},"modified":"2025-03-06T05:01:42","modified_gmt":"2025-03-06T07:01:42","slug":"serykla-su-tinklu","status":"publish","type":"product","link":"https:\/\/www.specagra.ee\/?product=serykla-su-tinklu","title":{"rendered":"\u0160\u0117rykla su tinklu"},"content":{"rendered":"<p>\u0160\u0117rykla skirta avims \u0161erti stambiais ir koncentruotais pa\u0161arais tvarte. Atskirus modulius galima sujungti tarpusavyje. Naudojant reguliuojamo auk\u0161\u010dio kojeles, taip pat galima pritaikyti prie gyvulio dyd\u017eio.<\/p>\n<p>Svoris 75,00 kg<br \/>\nIlgis 2,46 m<br \/>\nPlotis 0,68 m<br \/>\nAuk\u0161tis 1,05 m<\/p>\n<p>Tinklo aki\u0173 dydis 7 cm<\/p>\n<p>&nbsp;<\/p>\n<p><span class=\"fw-bold\">Ref. 376020<\/span><\/p>\n","protected":false},"excerpt":{"rendered":"<p>\u0160\u0117rykla skirta avims \u0161erti stambiais ir koncentruotais pa\u0161arais tvarte. Atskirus modulius galima sujungti tarpusavyje. Naudojant reguliuojamo auk\u0161\u010dio kojeles, taip pat galima pritaikyti prie gyvulio dyd\u017eio. Svoris 75,00 kg Ilgis 2,46 m Plotis 0,68 m Auk\u0161tis 1,05 m Tinklo aki\u0173 dydis 7 cm &nbsp; Ref. 376020<\/p>\n","protected":false},"featured_media":43027,"template":"","meta":{"_et_pb_use_builder":"","_et_pb_old_content":"","_et_gb_content_width":""},"product_brand":[],"product_cat":[154],"product_tag":[],"class_list":{"0":"post-43026","1":"product","2":"type-product","3":"status-publish","4":"has-post-thumbnail","6":"product_cat-kontsentreeritud-sooda-sootjad","8":"first","9":"instock","10":"shipping-taxable","11":"product-type-simple"},"yoast_head":"<!-- This site is optimized with the Yoast SEO plugin v26.4 - https:\/\/yoast.com\/wordpress\/plugins\/seo\/ -->\n<title>\u0160\u0117rykla su tinklu - Specagra<\/title>\n<meta name=\"robots\" content=\"index, follow, max-snippet:-1, max-image-preview:large, max-video-preview:-1\" \/>\n<link rel=\"canonical\" href=\"https:\/\/www.specagra.ee\/?product=serykla-su-tinklu\" \/>\n<meta property=\"og:locale\" content=\"et_EE\" \/>\n<meta property=\"og:type\" content=\"article\" \/>\n<meta property=\"og:title\" content=\"\u0160\u0117rykla su tinklu - Specagra\" \/>\n<meta property=\"og:description\" content=\"\u0160\u0117rykla skirta avims \u0161erti stambiais ir koncentruotais pa\u0161arais tvarte. Atskirus modulius galima sujungti tarpusavyje. Naudojant reguliuojamo auk\u0161\u010dio kojeles, taip pat galima pritaikyti prie gyvulio dyd\u017eio. Svoris 75,00 kg Ilgis 2,46 m Plotis 0,68 m Auk\u0161tis 1,05 m Tinklo aki\u0173 dydis 7 cm &nbsp; Ref. 376020\" \/>\n<meta property=\"og:url\" content=\"https:\/\/www.specagra.ee\/?product=serykla-su-tinklu\" \/>\n<meta property=\"og:site_name\" content=\"Specagra\" \/>\n<meta property=\"article:modified_time\" content=\"2025-03-06T07:01:42+00:00\" \/>\n<meta property=\"og:image\" content=\"https:\/\/www.specagra.ee\/wp-content\/uploads\/2024\/09\/Untitled-design2.jpg\" \/>\n\t<meta property=\"og:image:width\" content=\"900\" \/>\n\t<meta property=\"og:image:height\" content=\"900\" \/>\n\t<meta property=\"og:image:type\" content=\"image\/jpeg\" \/>\n<meta name=\"twitter:card\" content=\"summary_large_image\" \/>\n<meta name=\"twitter:label1\" content=\"Est. reading time\" \/>\n\t<meta name=\"twitter:data1\" content=\"1 minut\" \/>\n<script type=\"application\/ld+json\" class=\"yoast-schema-graph\">{\"@context\":\"https:\/\/schema.org\",\"@graph\":[{\"@type\":\"WebPage\",\"@id\":\"https:\/\/www.specagra.ee\/?product=serykla-su-tinklu\",\"url\":\"https:\/\/www.specagra.ee\/?product=serykla-su-tinklu\",\"name\":\"\u0160\u0117rykla su tinklu - Specagra\",\"isPartOf\":{\"@id\":\"https:\/\/www.specagra.ee\/#website\"},\"primaryImageOfPage\":{\"@id\":\"https:\/\/www.specagra.ee\/?product=serykla-su-tinklu#primaryimage\"},\"image\":{\"@id\":\"https:\/\/www.specagra.ee\/?product=serykla-su-tinklu#primaryimage\"},\"thumbnailUrl\":\"https:\/\/specagra.ee\/wp-content\/uploads\/2024\/09\/Untitled-design2.jpg\",\"datePublished\":\"2024-09-13T10:36:41+00:00\",\"dateModified\":\"2025-03-06T07:01:42+00:00\",\"breadcrumb\":{\"@id\":\"https:\/\/www.specagra.ee\/?product=serykla-su-tinklu#breadcrumb\"},\"inLanguage\":\"et\",\"potentialAction\":[{\"@type\":\"ReadAction\",\"target\":[\"https:\/\/www.specagra.ee\/?product=serykla-su-tinklu\"]}]},{\"@type\":\"ImageObject\",\"inLanguage\":\"et\",\"@id\":\"https:\/\/www.specagra.ee\/?product=serykla-su-tinklu#primaryimage\",\"url\":\"https:\/\/specagra.ee\/wp-content\/uploads\/2024\/09\/Untitled-design2.jpg\",\"contentUrl\":\"https:\/\/specagra.ee\/wp-content\/uploads\/2024\/09\/Untitled-design2.jpg\",\"width\":900,\"height\":900},{\"@type\":\"BreadcrumbList\",\"@id\":\"https:\/\/www.specagra.ee\/?product=serykla-su-tinklu#breadcrumb\",\"itemListElement\":[{\"@type\":\"ListItem\",\"position\":1,\"name\":\"Home\",\"item\":\"https:\/\/www.specagra.ee\/\"},{\"@type\":\"ListItem\",\"position\":2,\"name\":\"P\u00f5llumajandustehnika ja loomakasvatus\",\"item\":\"https:\/\/specagra.ee\/?page_id=18493\"},{\"@type\":\"ListItem\",\"position\":3,\"name\":\"\u0160\u0117rykla su tinklu\"}]},{\"@type\":\"WebSite\",\"@id\":\"https:\/\/www.specagra.ee\/#website\",\"url\":\"https:\/\/www.specagra.ee\/\",\"name\":\"Specagra\",\"description\":\"P\u00f5llumajandustehnika ja varuosad\",\"publisher\":{\"@id\":\"https:\/\/www.specagra.ee\/#organization\"},\"potentialAction\":[{\"@type\":\"SearchAction\",\"target\":{\"@type\":\"EntryPoint\",\"urlTemplate\":\"https:\/\/www.specagra.ee\/?s={search_term_string}\"},\"query-input\":{\"@type\":\"PropertyValueSpecification\",\"valueRequired\":true,\"valueName\":\"search_term_string\"}}],\"inLanguage\":\"et\"},{\"@type\":\"Organization\",\"@id\":\"https:\/\/www.specagra.ee\/#organization\",\"name\":\"UAB Specagra\",\"url\":\"https:\/\/www.specagra.ee\/\",\"logo\":{\"@type\":\"ImageObject\",\"inLanguage\":\"et\",\"@id\":\"https:\/\/www.specagra.ee\/#\/schema\/logo\/image\/\",\"url\":\"http:\/\/www.specagra.ee\/wp-content\/uploads\/2022\/02\/SP-logo_naujas-scaled.jpg\",\"contentUrl\":\"http:\/\/www.specagra.ee\/wp-content\/uploads\/2022\/02\/SP-logo_naujas-scaled.jpg\",\"width\":2560,\"height\":326,\"caption\":\"UAB Specagra\"},\"image\":{\"@id\":\"https:\/\/www.specagra.ee\/#\/schema\/logo\/image\/\"}}]}<\/script>\n<!-- \/ Yoast SEO plugin. -->","yoast_head_json":{"title":"\u0160\u0117rykla su tinklu - Specagra","robots":{"index":"index","follow":"follow","max-snippet":"max-snippet:-1","max-image-preview":"max-image-preview:large","max-video-preview":"max-video-preview:-1"},"canonical":"https:\/\/www.specagra.ee\/?product=serykla-su-tinklu","og_locale":"et_EE","og_type":"article","og_title":"\u0160\u0117rykla su tinklu - Specagra","og_description":"\u0160\u0117rykla skirta avims \u0161erti stambiais ir koncentruotais pa\u0161arais tvarte. Atskirus modulius galima sujungti tarpusavyje. Naudojant reguliuojamo auk\u0161\u010dio kojeles, taip pat galima pritaikyti prie gyvulio dyd\u017eio. Svoris 75,00 kg Ilgis 2,46 m Plotis 0,68 m Auk\u0161tis 1,05 m Tinklo aki\u0173 dydis 7 cm &nbsp; Ref. 376020","og_url":"https:\/\/www.specagra.ee\/?product=serykla-su-tinklu","og_site_name":"Specagra","article_modified_time":"2025-03-06T07:01:42+00:00","og_image":[{"width":900,"height":900,"url":"https:\/\/www.specagra.ee\/wp-content\/uploads\/2024\/09\/Untitled-design2.jpg","type":"image\/jpeg"}],"twitter_card":"summary_large_image","twitter_misc":{"Est. reading time":"1 minut"},"schema":{"@context":"https:\/\/schema.org","@graph":[{"@type":"WebPage","@id":"https:\/\/www.specagra.ee\/?product=serykla-su-tinklu","url":"https:\/\/www.specagra.ee\/?product=serykla-su-tinklu","name":"\u0160\u0117rykla su tinklu - Specagra","isPartOf":{"@id":"https:\/\/www.specagra.ee\/#website"},"primaryImageOfPage":{"@id":"https:\/\/www.specagra.ee\/?product=serykla-su-tinklu#primaryimage"},"image":{"@id":"https:\/\/www.specagra.ee\/?product=serykla-su-tinklu#primaryimage"},"thumbnailUrl":"https:\/\/specagra.ee\/wp-content\/uploads\/2024\/09\/Untitled-design2.jpg","datePublished":"2024-09-13T10:36:41+00:00","dateModified":"2025-03-06T07:01:42+00:00","breadcrumb":{"@id":"https:\/\/www.specagra.ee\/?product=serykla-su-tinklu#breadcrumb"},"inLanguage":"et","potentialAction":[{"@type":"ReadAction","target":["https:\/\/www.specagra.ee\/?product=serykla-su-tinklu"]}]},{"@type":"ImageObject","inLanguage":"et","@id":"https:\/\/www.specagra.ee\/?product=serykla-su-tinklu#primaryimage","url":"https:\/\/specagra.ee\/wp-content\/uploads\/2024\/09\/Untitled-design2.jpg","contentUrl":"https:\/\/specagra.ee\/wp-content\/uploads\/2024\/09\/Untitled-design2.jpg","width":900,"height":900},{"@type":"BreadcrumbList","@id":"https:\/\/www.specagra.ee\/?product=serykla-su-tinklu#breadcrumb","itemListElement":[{"@type":"ListItem","position":1,"name":"Home","item":"https:\/\/www.specagra.ee\/"},{"@type":"ListItem","position":2,"name":"P\u00f5llumajandustehnika ja loomakasvatus","item":"https:\/\/specagra.ee\/?page_id=18493"},{"@type":"ListItem","position":3,"name":"\u0160\u0117rykla su tinklu"}]},{"@type":"WebSite","@id":"https:\/\/www.specagra.ee\/#website","url":"https:\/\/www.specagra.ee\/","name":"Specagra","description":"P\u00f5llumajandustehnika ja varuosad","publisher":{"@id":"https:\/\/www.specagra.ee\/#organization"},"potentialAction":[{"@type":"SearchAction","target":{"@type":"EntryPoint","urlTemplate":"https:\/\/www.specagra.ee\/?s={search_term_string}"},"query-input":{"@type":"PropertyValueSpecification","valueRequired":true,"valueName":"search_term_string"}}],"inLanguage":"et"},{"@type":"Organization","@id":"https:\/\/www.specagra.ee\/#organization","name":"UAB Specagra","url":"https:\/\/www.specagra.ee\/","logo":{"@type":"ImageObject","inLanguage":"et","@id":"https:\/\/www.specagra.ee\/#\/schema\/logo\/image\/","url":"http:\/\/www.specagra.ee\/wp-content\/uploads\/2022\/02\/SP-logo_naujas-scaled.jpg","contentUrl":"http:\/\/www.specagra.ee\/wp-content\/uploads\/2022\/02\/SP-logo_naujas-scaled.jpg","width":2560,"height":326,"caption":"UAB Specagra"},"image":{"@id":"https:\/\/www.specagra.ee\/#\/schema\/logo\/image\/"}}]}},"_links":{"self":[{"href":"https:\/\/www.specagra.ee\/index.php?rest_route=\/wp\/v2\/product\/43026","targetHints":{"allow":["GET"]}}],"collection":[{"href":"https:\/\/www.specagra.ee\/index.php?rest_route=\/wp\/v2\/product"}],"about":[{"href":"https:\/\/www.specagra.ee\/index.php?rest_route=\/wp\/v2\/types\/product"}],"wp:featuredmedia":[{"embeddable":true,"href":"https:\/\/www.specagra.ee\/index.php?rest_route=\/wp\/v2\/media\/43027"}],"wp:attachment":[{"href":"https:\/\/www.specagra.ee\/index.php?rest_route=%2Fwp%2Fv2%2Fmedia&parent=43026"}],"wp:term":[{"taxonomy":"product_brand","embeddable":true,"href":"https:\/\/www.specagra.ee\/index.php?rest_route=%2Fwp%2Fv2%2Fproduct_brand&post=43026"},{"taxonomy":"product_cat","embeddable":true,"href":"https:\/\/www.specagra.ee\/index.php?rest_route=%2Fwp%2Fv2%2Fproduct_cat&post=43026"},{"taxonomy":"product_tag","embeddable":true,"href":"https:\/\/www.specagra.ee\/index.php?rest_route=%2Fwp%2Fv2%2Fproduct_tag&post=43026"}],"curies":[{"name":"wp","href":"https:\/\/api.w.org\/{rel}","templated":true}]}}