{"id":4275,"date":"2020-07-07T08:09:47","date_gmt":"2020-07-07T10:09:47","guid":{"rendered":"https:\/\/www.specagra.ee.nemokamossvetaines.hostingas.lt\/?post_type=product&#038;p=4275"},"modified":"2023-01-23T10:53:52","modified_gmt":"2023-01-23T12:53:52","slug":"pieno-separatorius-milky-fj-600-ear-longlife","status":"publish","type":"product","link":"https:\/\/www.specagra.ee\/?product=pieno-separatorius-milky-fj-600-ear-longlife","title":{"rendered":"Pieno separatorius MILKY FJ 600 EAR LONGLIFE"},"content":{"rendered":"<p>Bendrosios savyb\u0117s:<\/p>\n<ul>\n<li>\u0160io modelio i\u0161skirtinumas atsklaid\u017eiamas s\u0105voka \u201cLonglife\u201d.<\/li>\n<li>\u012e u\u017edar\u0105 motor\u0105 nepatenka vanduo.<\/li>\n<li>Motoras neturi \u0161epet\u0117li\u0173, tod\u0117l jo veikimas prakti\u0161kai am\u017einas.<\/li>\n<li>I\u0161orinis grei\u010dio reguliatorius turi b\u016bti prijungiamas, kad b\u016bt\u0173 galima palaipsniui keisti greit\u012f (6000-7500\/min).<\/li>\n<li>Tai padeda skirtingai dirbti su skirtingo riebumo pienu ir taip pasiekti auk\u0161\u010diausius darbo rezultatus.<\/li>\n<li>Per 30 sekund\u017ei\u0173 yra pasiekiamas pilnas darbinis greitis su 600 litr\u0173 talpa per valand\u0105, kas yra pasiekiama elektroninio SLOW START pagalba.<\/li>\n<li>Visos separatoriaus dalys, turin\u010dios s\u0105ly\u010dio su pienu (i\u0161skyrus vir\u0161utin\u012f duben\u012f, kuris pagamintas i\u0161 saugaus s\u0105ly\u010diui su maistu aliuminio) nesilie\u010dia su ner\u016bdijan\u010diu plienu.<\/li>\n<li>50 litr\u0173 talpos konteineris su laikikliais.<\/li>\n<li>Stabilios gumin\u0117s kojel\u0117s suteikia stabilumo ir i\u0161skirtinai tyl\u0173 veikim\u0105. 150 W \/ 230 W.<\/li>\n<\/ul>\n","protected":false},"excerpt":{"rendered":"<p>Bendrosios savyb\u0117s: \u0160io modelio i\u0161skirtinumas atsklaid\u017eiamas s\u0105voka \u201cLonglife\u201d. \u012e u\u017edar\u0105 motor\u0105 nepatenka vanduo. Motoras neturi \u0161epet\u0117li\u0173, tod\u0117l jo veikimas prakti\u0161kai am\u017einas. I\u0161orinis grei\u010dio reguliatorius turi b\u016bti prijungiamas, kad b\u016bt\u0173 galima palaipsniui keisti greit\u012f (6000-7500\/min). Tai padeda skirtingai dirbti su skirtingo riebumo pienu ir taip pasiekti auk\u0161\u010diausius darbo rezultatus. Per 30 sekund\u017ei\u0173 yra pasiekiamas pilnas darbinis [&hellip;]<\/p>\n","protected":false},"featured_media":21387,"template":"","meta":{"_et_pb_use_builder":"","_et_pb_old_content":"","_et_gb_content_width":""},"product_brand":[],"product_cat":[188],"product_tag":[],"class_list":{"0":"post-4275","1":"product","2":"type-product","3":"status-publish","4":"has-post-thumbnail","6":"product_cat-piima-separaatorid","8":"first","9":"instock","10":"shipping-taxable","11":"product-type-simple"},"yoast_head":"<!-- This site is optimized with the Yoast SEO plugin v26.4 - https:\/\/yoast.com\/wordpress\/plugins\/seo\/ -->\n<title>Pieno separatorius MILKY FJ 600 EAR LONGLIFE - Specagra<\/title>\n<meta name=\"robots\" content=\"index, follow, max-snippet:-1, max-image-preview:large, max-video-preview:-1\" \/>\n<link rel=\"canonical\" href=\"https:\/\/www.specagra.ee\/?product=pieno-separatorius-milky-fj-600-ear-longlife\" \/>\n<meta property=\"og:locale\" content=\"et_EE\" \/>\n<meta property=\"og:type\" content=\"article\" \/>\n<meta property=\"og:title\" content=\"Pieno separatorius MILKY FJ 600 EAR LONGLIFE - Specagra\" \/>\n<meta property=\"og:description\" content=\"Bendrosios savyb\u0117s: \u0160io modelio i\u0161skirtinumas atsklaid\u017eiamas s\u0105voka \u201cLonglife\u201d. \u012e u\u017edar\u0105 motor\u0105 nepatenka vanduo. Motoras neturi \u0161epet\u0117li\u0173, tod\u0117l jo veikimas prakti\u0161kai am\u017einas. I\u0161orinis grei\u010dio reguliatorius turi b\u016bti prijungiamas, kad b\u016bt\u0173 galima palaipsniui keisti greit\u012f (6000-7500\/min). Tai padeda skirtingai dirbti su skirtingo riebumo pienu ir taip pasiekti auk\u0161\u010diausius darbo rezultatus. Per 30 sekund\u017ei\u0173 yra pasiekiamas pilnas darbinis [&hellip;]\" \/>\n<meta property=\"og:url\" content=\"https:\/\/www.specagra.ee\/?product=pieno-separatorius-milky-fj-600-ear-longlife\" \/>\n<meta property=\"og:site_name\" content=\"Specagra\" \/>\n<meta property=\"article:modified_time\" content=\"2023-01-23T12:53:52+00:00\" \/>\n<meta property=\"og:image\" content=\"https:\/\/specagra.ee\/wp-content\/uploads\/2020\/07\/Untitled-design-3.jpg\" \/>\n\t<meta property=\"og:image:width\" content=\"800\" \/>\n\t<meta property=\"og:image:height\" content=\"800\" \/>\n\t<meta property=\"og:image:type\" content=\"image\/jpeg\" \/>\n<meta name=\"twitter:card\" content=\"summary_large_image\" \/>\n<meta name=\"twitter:label1\" content=\"Est. reading time\" \/>\n\t<meta name=\"twitter:data1\" content=\"1 minut\" \/>\n<script type=\"application\/ld+json\" class=\"yoast-schema-graph\">{\"@context\":\"https:\/\/schema.org\",\"@graph\":[{\"@type\":\"WebPage\",\"@id\":\"https:\/\/www.specagra.ee\/?product=pieno-separatorius-milky-fj-600-ear-longlife\",\"url\":\"https:\/\/www.specagra.ee\/?product=pieno-separatorius-milky-fj-600-ear-longlife\",\"name\":\"Pieno separatorius MILKY FJ 600 EAR LONGLIFE - Specagra\",\"isPartOf\":{\"@id\":\"https:\/\/www.specagra.ee\/#website\"},\"primaryImageOfPage\":{\"@id\":\"https:\/\/www.specagra.ee\/?product=pieno-separatorius-milky-fj-600-ear-longlife#primaryimage\"},\"image\":{\"@id\":\"https:\/\/www.specagra.ee\/?product=pieno-separatorius-milky-fj-600-ear-longlife#primaryimage\"},\"thumbnailUrl\":\"https:\/\/www.specagra.ee\/wp-content\/uploads\/2020\/07\/Untitled-design-3.jpg\",\"datePublished\":\"2020-07-07T10:09:47+00:00\",\"dateModified\":\"2023-01-23T12:53:52+00:00\",\"breadcrumb\":{\"@id\":\"https:\/\/www.specagra.ee\/?product=pieno-separatorius-milky-fj-600-ear-longlife#breadcrumb\"},\"inLanguage\":\"et\",\"potentialAction\":[{\"@type\":\"ReadAction\",\"target\":[\"https:\/\/www.specagra.ee\/?product=pieno-separatorius-milky-fj-600-ear-longlife\"]}]},{\"@type\":\"ImageObject\",\"inLanguage\":\"et\",\"@id\":\"https:\/\/www.specagra.ee\/?product=pieno-separatorius-milky-fj-600-ear-longlife#primaryimage\",\"url\":\"https:\/\/www.specagra.ee\/wp-content\/uploads\/2020\/07\/Untitled-design-3.jpg\",\"contentUrl\":\"https:\/\/www.specagra.ee\/wp-content\/uploads\/2020\/07\/Untitled-design-3.jpg\",\"width\":800,\"height\":800},{\"@type\":\"BreadcrumbList\",\"@id\":\"https:\/\/www.specagra.ee\/?product=pieno-separatorius-milky-fj-600-ear-longlife#breadcrumb\",\"itemListElement\":[{\"@type\":\"ListItem\",\"position\":1,\"name\":\"Home\",\"item\":\"https:\/\/www.specagra.ee\/\"},{\"@type\":\"ListItem\",\"position\":2,\"name\":\"P\u00f5llumajandustehnika ja loomakasvatus\",\"item\":\"https:\/\/specagra.ee\/?page_id=18493\"},{\"@type\":\"ListItem\",\"position\":3,\"name\":\"Pieno separatorius MILKY FJ 600 EAR LONGLIFE\"}]},{\"@type\":\"WebSite\",\"@id\":\"https:\/\/www.specagra.ee\/#website\",\"url\":\"https:\/\/www.specagra.ee\/\",\"name\":\"Specagra\",\"description\":\"P\u00f5llumajandustehnika ja varuosad\",\"publisher\":{\"@id\":\"https:\/\/www.specagra.ee\/#organization\"},\"potentialAction\":[{\"@type\":\"SearchAction\",\"target\":{\"@type\":\"EntryPoint\",\"urlTemplate\":\"https:\/\/www.specagra.ee\/?s={search_term_string}\"},\"query-input\":{\"@type\":\"PropertyValueSpecification\",\"valueRequired\":true,\"valueName\":\"search_term_string\"}}],\"inLanguage\":\"et\"},{\"@type\":\"Organization\",\"@id\":\"https:\/\/www.specagra.ee\/#organization\",\"name\":\"UAB Specagra\",\"url\":\"https:\/\/www.specagra.ee\/\",\"logo\":{\"@type\":\"ImageObject\",\"inLanguage\":\"et\",\"@id\":\"https:\/\/www.specagra.ee\/#\/schema\/logo\/image\/\",\"url\":\"http:\/\/www.specagra.ee\/wp-content\/uploads\/2022\/02\/SP-logo_naujas-scaled.jpg\",\"contentUrl\":\"http:\/\/www.specagra.ee\/wp-content\/uploads\/2022\/02\/SP-logo_naujas-scaled.jpg\",\"width\":2560,\"height\":326,\"caption\":\"UAB Specagra\"},\"image\":{\"@id\":\"https:\/\/www.specagra.ee\/#\/schema\/logo\/image\/\"}}]}<\/script>\n<!-- \/ Yoast SEO plugin. -->","yoast_head_json":{"title":"Pieno separatorius MILKY FJ 600 EAR LONGLIFE - Specagra","robots":{"index":"index","follow":"follow","max-snippet":"max-snippet:-1","max-image-preview":"max-image-preview:large","max-video-preview":"max-video-preview:-1"},"canonical":"https:\/\/www.specagra.ee\/?product=pieno-separatorius-milky-fj-600-ear-longlife","og_locale":"et_EE","og_type":"article","og_title":"Pieno separatorius MILKY FJ 600 EAR LONGLIFE - Specagra","og_description":"Bendrosios savyb\u0117s: \u0160io modelio i\u0161skirtinumas atsklaid\u017eiamas s\u0105voka \u201cLonglife\u201d. \u012e u\u017edar\u0105 motor\u0105 nepatenka vanduo. Motoras neturi \u0161epet\u0117li\u0173, tod\u0117l jo veikimas prakti\u0161kai am\u017einas. I\u0161orinis grei\u010dio reguliatorius turi b\u016bti prijungiamas, kad b\u016bt\u0173 galima palaipsniui keisti greit\u012f (6000-7500\/min). Tai padeda skirtingai dirbti su skirtingo riebumo pienu ir taip pasiekti auk\u0161\u010diausius darbo rezultatus. Per 30 sekund\u017ei\u0173 yra pasiekiamas pilnas darbinis [&hellip;]","og_url":"https:\/\/www.specagra.ee\/?product=pieno-separatorius-milky-fj-600-ear-longlife","og_site_name":"Specagra","article_modified_time":"2023-01-23T12:53:52+00:00","og_image":[{"width":800,"height":800,"url":"https:\/\/specagra.ee\/wp-content\/uploads\/2020\/07\/Untitled-design-3.jpg","type":"image\/jpeg"}],"twitter_card":"summary_large_image","twitter_misc":{"Est. reading time":"1 minut"},"schema":{"@context":"https:\/\/schema.org","@graph":[{"@type":"WebPage","@id":"https:\/\/www.specagra.ee\/?product=pieno-separatorius-milky-fj-600-ear-longlife","url":"https:\/\/www.specagra.ee\/?product=pieno-separatorius-milky-fj-600-ear-longlife","name":"Pieno separatorius MILKY FJ 600 EAR LONGLIFE - Specagra","isPartOf":{"@id":"https:\/\/www.specagra.ee\/#website"},"primaryImageOfPage":{"@id":"https:\/\/www.specagra.ee\/?product=pieno-separatorius-milky-fj-600-ear-longlife#primaryimage"},"image":{"@id":"https:\/\/www.specagra.ee\/?product=pieno-separatorius-milky-fj-600-ear-longlife#primaryimage"},"thumbnailUrl":"https:\/\/www.specagra.ee\/wp-content\/uploads\/2020\/07\/Untitled-design-3.jpg","datePublished":"2020-07-07T10:09:47+00:00","dateModified":"2023-01-23T12:53:52+00:00","breadcrumb":{"@id":"https:\/\/www.specagra.ee\/?product=pieno-separatorius-milky-fj-600-ear-longlife#breadcrumb"},"inLanguage":"et","potentialAction":[{"@type":"ReadAction","target":["https:\/\/www.specagra.ee\/?product=pieno-separatorius-milky-fj-600-ear-longlife"]}]},{"@type":"ImageObject","inLanguage":"et","@id":"https:\/\/www.specagra.ee\/?product=pieno-separatorius-milky-fj-600-ear-longlife#primaryimage","url":"https:\/\/www.specagra.ee\/wp-content\/uploads\/2020\/07\/Untitled-design-3.jpg","contentUrl":"https:\/\/www.specagra.ee\/wp-content\/uploads\/2020\/07\/Untitled-design-3.jpg","width":800,"height":800},{"@type":"BreadcrumbList","@id":"https:\/\/www.specagra.ee\/?product=pieno-separatorius-milky-fj-600-ear-longlife#breadcrumb","itemListElement":[{"@type":"ListItem","position":1,"name":"Home","item":"https:\/\/www.specagra.ee\/"},{"@type":"ListItem","position":2,"name":"P\u00f5llumajandustehnika ja loomakasvatus","item":"https:\/\/specagra.ee\/?page_id=18493"},{"@type":"ListItem","position":3,"name":"Pieno separatorius MILKY FJ 600 EAR LONGLIFE"}]},{"@type":"WebSite","@id":"https:\/\/www.specagra.ee\/#website","url":"https:\/\/www.specagra.ee\/","name":"Specagra","description":"P\u00f5llumajandustehnika ja varuosad","publisher":{"@id":"https:\/\/www.specagra.ee\/#organization"},"potentialAction":[{"@type":"SearchAction","target":{"@type":"EntryPoint","urlTemplate":"https:\/\/www.specagra.ee\/?s={search_term_string}"},"query-input":{"@type":"PropertyValueSpecification","valueRequired":true,"valueName":"search_term_string"}}],"inLanguage":"et"},{"@type":"Organization","@id":"https:\/\/www.specagra.ee\/#organization","name":"UAB Specagra","url":"https:\/\/www.specagra.ee\/","logo":{"@type":"ImageObject","inLanguage":"et","@id":"https:\/\/www.specagra.ee\/#\/schema\/logo\/image\/","url":"http:\/\/www.specagra.ee\/wp-content\/uploads\/2022\/02\/SP-logo_naujas-scaled.jpg","contentUrl":"http:\/\/www.specagra.ee\/wp-content\/uploads\/2022\/02\/SP-logo_naujas-scaled.jpg","width":2560,"height":326,"caption":"UAB Specagra"},"image":{"@id":"https:\/\/www.specagra.ee\/#\/schema\/logo\/image\/"}}]}},"_links":{"self":[{"href":"https:\/\/www.specagra.ee\/index.php?rest_route=\/wp\/v2\/product\/4275","targetHints":{"allow":["GET"]}}],"collection":[{"href":"https:\/\/www.specagra.ee\/index.php?rest_route=\/wp\/v2\/product"}],"about":[{"href":"https:\/\/www.specagra.ee\/index.php?rest_route=\/wp\/v2\/types\/product"}],"wp:featuredmedia":[{"embeddable":true,"href":"https:\/\/www.specagra.ee\/index.php?rest_route=\/wp\/v2\/media\/21387"}],"wp:attachment":[{"href":"https:\/\/www.specagra.ee\/index.php?rest_route=%2Fwp%2Fv2%2Fmedia&parent=4275"}],"wp:term":[{"taxonomy":"product_brand","embeddable":true,"href":"https:\/\/www.specagra.ee\/index.php?rest_route=%2Fwp%2Fv2%2Fproduct_brand&post=4275"},{"taxonomy":"product_cat","embeddable":true,"href":"https:\/\/www.specagra.ee\/index.php?rest_route=%2Fwp%2Fv2%2Fproduct_cat&post=4275"},{"taxonomy":"product_tag","embeddable":true,"href":"https:\/\/www.specagra.ee\/index.php?rest_route=%2Fwp%2Fv2%2Fproduct_tag&post=4275"}],"curies":[{"name":"wp","href":"https:\/\/api.w.org\/{rel}","templated":true}]}}