{"id":4269,"date":"2020-07-07T08:02:55","date_gmt":"2020-07-07T10:02:55","guid":{"rendered":"https:\/\/www.specagra.ee.nemokamossvetaines.hostingas.lt\/?post_type=product&#038;p=4269"},"modified":"2023-01-23T11:46:05","modified_gmt":"2023-01-23T13:46:05","slug":"4269","status":"publish","type":"product","link":"https:\/\/www.specagra.ee\/?product=4269","title":{"rendered":"Pieno separatorius MILKY FJ 350 EAR"},"content":{"rendered":"<p>Bendrosios savyb\u0117s:<\/p>\n<ul>\n<li>Unikalus vidutinio dyd\u017eio pieno separatoriaus modelis, galintis perdirbti 350 litr\u0173 pieno per valand\u0105, kuris pasi\u017eymi daugybe privalum\u0173.<\/li>\n<li>22 litr\u0173 talpos ner\u016bdijan\u010dio plieno rezervuaras su laikikliais u\u017etikrina, kad ne\u012fvykt\u0173 pieno i\u0161siliejimai.<\/li>\n<li>Galingas motoras (250 W) su elektronine \u201cSLOW START\u201d sistema u\u017etikrina tyl\u0173 separatoriaus veikim\u0105.<\/li>\n<li>Stabilum\u0105 priduodan\u010dios gumin\u0117s kojel\u0117s.<\/li>\n<li>Visos separatoriaus dalys, kurios turi s\u0105ly\u010dio su maistu, neprisilie\u010dia prie ner\u016bdijan\u010dio plieno, i\u0161skyrus vir\u0161utin\u012f separatoriaus duben\u012f. 230 V.<\/li>\n<\/ul>\n","protected":false},"excerpt":{"rendered":"<p>Bendrosios savyb\u0117s: Unikalus vidutinio dyd\u017eio pieno separatoriaus modelis, galintis perdirbti 350 litr\u0173 pieno per valand\u0105, kuris pasi\u017eymi daugybe privalum\u0173. 22 litr\u0173 talpos ner\u016bdijan\u010dio plieno rezervuaras su laikikliais u\u017etikrina, kad ne\u012fvykt\u0173 pieno i\u0161siliejimai. Galingas motoras (250 W) su elektronine \u201cSLOW START\u201d sistema u\u017etikrina tyl\u0173 separatoriaus veikim\u0105. Stabilum\u0105 priduodan\u010dios gumin\u0117s kojel\u0117s. Visos separatoriaus dalys, kurios turi s\u0105ly\u010dio [&hellip;]<\/p>\n","protected":false},"featured_media":21389,"template":"","meta":{"_et_pb_use_builder":"","_et_pb_old_content":"","_et_gb_content_width":""},"product_brand":[],"product_cat":[188],"product_tag":[],"class_list":{"0":"post-4269","1":"product","2":"type-product","3":"status-publish","4":"has-post-thumbnail","6":"product_cat-piima-separaatorid","8":"first","9":"instock","10":"shipping-taxable","11":"product-type-simple"},"yoast_head":"<!-- This site is optimized with the Yoast SEO plugin v26.4 - https:\/\/yoast.com\/wordpress\/plugins\/seo\/ -->\n<title>Pieno separatorius MILKY FJ 350 EAR - Specagra<\/title>\n<meta name=\"robots\" content=\"index, follow, max-snippet:-1, max-image-preview:large, max-video-preview:-1\" \/>\n<link rel=\"canonical\" href=\"https:\/\/www.specagra.ee\/?product=4269\" \/>\n<meta property=\"og:locale\" content=\"et_EE\" \/>\n<meta property=\"og:type\" content=\"article\" \/>\n<meta property=\"og:title\" content=\"Pieno separatorius MILKY FJ 350 EAR - Specagra\" \/>\n<meta property=\"og:description\" content=\"Bendrosios savyb\u0117s: Unikalus vidutinio dyd\u017eio pieno separatoriaus modelis, galintis perdirbti 350 litr\u0173 pieno per valand\u0105, kuris pasi\u017eymi daugybe privalum\u0173. 22 litr\u0173 talpos ner\u016bdijan\u010dio plieno rezervuaras su laikikliais u\u017etikrina, kad ne\u012fvykt\u0173 pieno i\u0161siliejimai. Galingas motoras (250 W) su elektronine \u201cSLOW START\u201d sistema u\u017etikrina tyl\u0173 separatoriaus veikim\u0105. Stabilum\u0105 priduodan\u010dios gumin\u0117s kojel\u0117s. Visos separatoriaus dalys, kurios turi s\u0105ly\u010dio [&hellip;]\" \/>\n<meta property=\"og:url\" content=\"https:\/\/www.specagra.ee\/?product=4269\" \/>\n<meta property=\"og:site_name\" content=\"Specagra\" \/>\n<meta property=\"article:modified_time\" content=\"2023-01-23T13:46:05+00:00\" \/>\n<meta property=\"og:image\" content=\"https:\/\/specagra.ee\/wp-content\/uploads\/2020\/07\/Untitled-design-4.jpg\" \/>\n\t<meta property=\"og:image:width\" content=\"800\" \/>\n\t<meta property=\"og:image:height\" content=\"800\" \/>\n\t<meta property=\"og:image:type\" content=\"image\/jpeg\" \/>\n<meta name=\"twitter:card\" content=\"summary_large_image\" \/>\n<meta name=\"twitter:label1\" content=\"Est. reading time\" \/>\n\t<meta name=\"twitter:data1\" content=\"1 minut\" \/>\n<script type=\"application\/ld+json\" class=\"yoast-schema-graph\">{\"@context\":\"https:\/\/schema.org\",\"@graph\":[{\"@type\":\"WebPage\",\"@id\":\"https:\/\/www.specagra.ee\/?product=4269\",\"url\":\"https:\/\/www.specagra.ee\/?product=4269\",\"name\":\"Pieno separatorius MILKY FJ 350 EAR - Specagra\",\"isPartOf\":{\"@id\":\"https:\/\/www.specagra.ee\/#website\"},\"primaryImageOfPage\":{\"@id\":\"https:\/\/www.specagra.ee\/?product=4269#primaryimage\"},\"image\":{\"@id\":\"https:\/\/www.specagra.ee\/?product=4269#primaryimage\"},\"thumbnailUrl\":\"https:\/\/www.specagra.ee\/wp-content\/uploads\/2020\/07\/Untitled-design-4.jpg\",\"datePublished\":\"2020-07-07T10:02:55+00:00\",\"dateModified\":\"2023-01-23T13:46:05+00:00\",\"breadcrumb\":{\"@id\":\"https:\/\/www.specagra.ee\/?product=4269#breadcrumb\"},\"inLanguage\":\"et\",\"potentialAction\":[{\"@type\":\"ReadAction\",\"target\":[\"https:\/\/www.specagra.ee\/?product=4269\"]}]},{\"@type\":\"ImageObject\",\"inLanguage\":\"et\",\"@id\":\"https:\/\/www.specagra.ee\/?product=4269#primaryimage\",\"url\":\"https:\/\/www.specagra.ee\/wp-content\/uploads\/2020\/07\/Untitled-design-4.jpg\",\"contentUrl\":\"https:\/\/www.specagra.ee\/wp-content\/uploads\/2020\/07\/Untitled-design-4.jpg\",\"width\":800,\"height\":800},{\"@type\":\"BreadcrumbList\",\"@id\":\"https:\/\/www.specagra.ee\/?product=4269#breadcrumb\",\"itemListElement\":[{\"@type\":\"ListItem\",\"position\":1,\"name\":\"Home\",\"item\":\"https:\/\/www.specagra.ee\/\"},{\"@type\":\"ListItem\",\"position\":2,\"name\":\"P\u00f5llumajandustehnika ja loomakasvatus\",\"item\":\"https:\/\/specagra.ee\/?page_id=18493\"},{\"@type\":\"ListItem\",\"position\":3,\"name\":\"Pieno separatorius MILKY FJ 350 EAR\"}]},{\"@type\":\"WebSite\",\"@id\":\"https:\/\/www.specagra.ee\/#website\",\"url\":\"https:\/\/www.specagra.ee\/\",\"name\":\"Specagra\",\"description\":\"P\u00f5llumajandustehnika ja varuosad\",\"publisher\":{\"@id\":\"https:\/\/www.specagra.ee\/#organization\"},\"potentialAction\":[{\"@type\":\"SearchAction\",\"target\":{\"@type\":\"EntryPoint\",\"urlTemplate\":\"https:\/\/www.specagra.ee\/?s={search_term_string}\"},\"query-input\":{\"@type\":\"PropertyValueSpecification\",\"valueRequired\":true,\"valueName\":\"search_term_string\"}}],\"inLanguage\":\"et\"},{\"@type\":\"Organization\",\"@id\":\"https:\/\/www.specagra.ee\/#organization\",\"name\":\"UAB Specagra\",\"url\":\"https:\/\/www.specagra.ee\/\",\"logo\":{\"@type\":\"ImageObject\",\"inLanguage\":\"et\",\"@id\":\"https:\/\/www.specagra.ee\/#\/schema\/logo\/image\/\",\"url\":\"http:\/\/www.specagra.ee\/wp-content\/uploads\/2022\/02\/SP-logo_naujas-scaled.jpg\",\"contentUrl\":\"http:\/\/www.specagra.ee\/wp-content\/uploads\/2022\/02\/SP-logo_naujas-scaled.jpg\",\"width\":2560,\"height\":326,\"caption\":\"UAB Specagra\"},\"image\":{\"@id\":\"https:\/\/www.specagra.ee\/#\/schema\/logo\/image\/\"}}]}<\/script>\n<!-- \/ Yoast SEO plugin. -->","yoast_head_json":{"title":"Pieno separatorius MILKY FJ 350 EAR - Specagra","robots":{"index":"index","follow":"follow","max-snippet":"max-snippet:-1","max-image-preview":"max-image-preview:large","max-video-preview":"max-video-preview:-1"},"canonical":"https:\/\/www.specagra.ee\/?product=4269","og_locale":"et_EE","og_type":"article","og_title":"Pieno separatorius MILKY FJ 350 EAR - Specagra","og_description":"Bendrosios savyb\u0117s: Unikalus vidutinio dyd\u017eio pieno separatoriaus modelis, galintis perdirbti 350 litr\u0173 pieno per valand\u0105, kuris pasi\u017eymi daugybe privalum\u0173. 22 litr\u0173 talpos ner\u016bdijan\u010dio plieno rezervuaras su laikikliais u\u017etikrina, kad ne\u012fvykt\u0173 pieno i\u0161siliejimai. Galingas motoras (250 W) su elektronine \u201cSLOW START\u201d sistema u\u017etikrina tyl\u0173 separatoriaus veikim\u0105. Stabilum\u0105 priduodan\u010dios gumin\u0117s kojel\u0117s. Visos separatoriaus dalys, kurios turi s\u0105ly\u010dio [&hellip;]","og_url":"https:\/\/www.specagra.ee\/?product=4269","og_site_name":"Specagra","article_modified_time":"2023-01-23T13:46:05+00:00","og_image":[{"width":800,"height":800,"url":"https:\/\/specagra.ee\/wp-content\/uploads\/2020\/07\/Untitled-design-4.jpg","type":"image\/jpeg"}],"twitter_card":"summary_large_image","twitter_misc":{"Est. reading time":"1 minut"},"schema":{"@context":"https:\/\/schema.org","@graph":[{"@type":"WebPage","@id":"https:\/\/www.specagra.ee\/?product=4269","url":"https:\/\/www.specagra.ee\/?product=4269","name":"Pieno separatorius MILKY FJ 350 EAR - Specagra","isPartOf":{"@id":"https:\/\/www.specagra.ee\/#website"},"primaryImageOfPage":{"@id":"https:\/\/www.specagra.ee\/?product=4269#primaryimage"},"image":{"@id":"https:\/\/www.specagra.ee\/?product=4269#primaryimage"},"thumbnailUrl":"https:\/\/www.specagra.ee\/wp-content\/uploads\/2020\/07\/Untitled-design-4.jpg","datePublished":"2020-07-07T10:02:55+00:00","dateModified":"2023-01-23T13:46:05+00:00","breadcrumb":{"@id":"https:\/\/www.specagra.ee\/?product=4269#breadcrumb"},"inLanguage":"et","potentialAction":[{"@type":"ReadAction","target":["https:\/\/www.specagra.ee\/?product=4269"]}]},{"@type":"ImageObject","inLanguage":"et","@id":"https:\/\/www.specagra.ee\/?product=4269#primaryimage","url":"https:\/\/www.specagra.ee\/wp-content\/uploads\/2020\/07\/Untitled-design-4.jpg","contentUrl":"https:\/\/www.specagra.ee\/wp-content\/uploads\/2020\/07\/Untitled-design-4.jpg","width":800,"height":800},{"@type":"BreadcrumbList","@id":"https:\/\/www.specagra.ee\/?product=4269#breadcrumb","itemListElement":[{"@type":"ListItem","position":1,"name":"Home","item":"https:\/\/www.specagra.ee\/"},{"@type":"ListItem","position":2,"name":"P\u00f5llumajandustehnika ja loomakasvatus","item":"https:\/\/specagra.ee\/?page_id=18493"},{"@type":"ListItem","position":3,"name":"Pieno separatorius MILKY FJ 350 EAR"}]},{"@type":"WebSite","@id":"https:\/\/www.specagra.ee\/#website","url":"https:\/\/www.specagra.ee\/","name":"Specagra","description":"P\u00f5llumajandustehnika ja varuosad","publisher":{"@id":"https:\/\/www.specagra.ee\/#organization"},"potentialAction":[{"@type":"SearchAction","target":{"@type":"EntryPoint","urlTemplate":"https:\/\/www.specagra.ee\/?s={search_term_string}"},"query-input":{"@type":"PropertyValueSpecification","valueRequired":true,"valueName":"search_term_string"}}],"inLanguage":"et"},{"@type":"Organization","@id":"https:\/\/www.specagra.ee\/#organization","name":"UAB Specagra","url":"https:\/\/www.specagra.ee\/","logo":{"@type":"ImageObject","inLanguage":"et","@id":"https:\/\/www.specagra.ee\/#\/schema\/logo\/image\/","url":"http:\/\/www.specagra.ee\/wp-content\/uploads\/2022\/02\/SP-logo_naujas-scaled.jpg","contentUrl":"http:\/\/www.specagra.ee\/wp-content\/uploads\/2022\/02\/SP-logo_naujas-scaled.jpg","width":2560,"height":326,"caption":"UAB Specagra"},"image":{"@id":"https:\/\/www.specagra.ee\/#\/schema\/logo\/image\/"}}]}},"_links":{"self":[{"href":"https:\/\/www.specagra.ee\/index.php?rest_route=\/wp\/v2\/product\/4269","targetHints":{"allow":["GET"]}}],"collection":[{"href":"https:\/\/www.specagra.ee\/index.php?rest_route=\/wp\/v2\/product"}],"about":[{"href":"https:\/\/www.specagra.ee\/index.php?rest_route=\/wp\/v2\/types\/product"}],"wp:featuredmedia":[{"embeddable":true,"href":"https:\/\/www.specagra.ee\/index.php?rest_route=\/wp\/v2\/media\/21389"}],"wp:attachment":[{"href":"https:\/\/www.specagra.ee\/index.php?rest_route=%2Fwp%2Fv2%2Fmedia&parent=4269"}],"wp:term":[{"taxonomy":"product_brand","embeddable":true,"href":"https:\/\/www.specagra.ee\/index.php?rest_route=%2Fwp%2Fv2%2Fproduct_brand&post=4269"},{"taxonomy":"product_cat","embeddable":true,"href":"https:\/\/www.specagra.ee\/index.php?rest_route=%2Fwp%2Fv2%2Fproduct_cat&post=4269"},{"taxonomy":"product_tag","embeddable":true,"href":"https:\/\/www.specagra.ee\/index.php?rest_route=%2Fwp%2Fv2%2Fproduct_tag&post=4269"}],"curies":[{"name":"wp","href":"https:\/\/api.w.org\/{rel}","templated":true}]}}