{"id":4246,"date":"2020-07-07T06:10:30","date_gmt":"2020-07-07T08:10:30","guid":{"rendered":"https:\/\/www.specagra.ee.nemokamossvetaines.hostingas.lt\/?post_type=product&#038;p=4246"},"modified":"2023-06-29T10:45:07","modified_gmt":"2023-06-29T12:45:07","slug":"pieno-separatorius-milky-fj-130-epr","status":"publish","type":"product","link":"https:\/\/www.specagra.ee\/?product=pieno-separatorius-milky-fj-130-epr","title":{"rendered":"Pieno separatorius MILKY FJ 130 EPR"},"content":{"rendered":"<p>Bendrosios savyb\u0117s:<\/p>\n<ul>\n<li>Naujas pieno separatorius FJ 130, sujungiantis inovatyvum\u0105 ir tradicijas.<\/li>\n<li>Separatorius skirtas pusiau profesionaliam arba profesionaliam naudojimui.<\/li>\n<li>Ilgaam\u017eis tvirtas motoras.<\/li>\n<li>Nauja kontrol\u0117s sistema u\u017etikrina nuolatin\u012f 8500 apsisukim\u0173 per minut\u0119 darb\u0105.<\/li>\n<li>Plastikinis korpusas; pieno ir grietin\u0117s nuolyd\u017eiai bei 10 l \u012fleid\u017eiama talpa pagaminti\u00a0<em>i\u0161 plastiko<\/em>; pilnai elektrizuotas valdymas; vir\u0161utinis separatoriaus dubuo pagamintas i\u0161 saugaus s\u0105ly\u010diui su maistu aliuminio; stabilum\u0105 suteikian\u010dios gumin\u0117s kojel\u0117s kartu u\u017etikrina ir separatoriaus darb\u0105 be vibracijos.130 l\/h; 230 V.<\/li>\n<\/ul>\n","protected":false},"excerpt":{"rendered":"<p>Bendrosios savyb\u0117s: Naujas pieno separatorius FJ 130, sujungiantis inovatyvum\u0105 ir tradicijas. Separatorius skirtas pusiau profesionaliam arba profesionaliam naudojimui. Ilgaam\u017eis tvirtas motoras. Nauja kontrol\u0117s sistema u\u017etikrina nuolatin\u012f 8500 apsisukim\u0173 per minut\u0119 darb\u0105. Plastikinis korpusas; pieno ir grietin\u0117s nuolyd\u017eiai bei 10 l \u012fleid\u017eiama talpa pagaminti\u00a0i\u0161 plastiko; pilnai elektrizuotas valdymas; vir\u0161utinis separatoriaus dubuo pagamintas i\u0161 saugaus s\u0105ly\u010diui su [&hellip;]<\/p>\n","protected":false},"featured_media":21393,"template":"","meta":{"_et_pb_use_builder":"","_et_pb_old_content":"","_et_gb_content_width":""},"product_brand":[],"product_cat":[188],"product_tag":[],"class_list":{"0":"post-4246","1":"product","2":"type-product","3":"status-publish","4":"has-post-thumbnail","6":"product_cat-piima-separaatorid","8":"first","9":"instock","10":"shipping-taxable","11":"product-type-simple"},"yoast_head":"<!-- This site is optimized with the Yoast SEO plugin v26.4 - https:\/\/yoast.com\/wordpress\/plugins\/seo\/ -->\n<title>Pieno separatorius MILKY FJ 130 EPR - Specagra<\/title>\n<meta name=\"robots\" content=\"index, follow, max-snippet:-1, max-image-preview:large, max-video-preview:-1\" \/>\n<link rel=\"canonical\" href=\"https:\/\/www.specagra.ee\/?product=pieno-separatorius-milky-fj-130-epr\" \/>\n<meta property=\"og:locale\" content=\"et_EE\" \/>\n<meta property=\"og:type\" content=\"article\" \/>\n<meta property=\"og:title\" content=\"Pieno separatorius MILKY FJ 130 EPR - Specagra\" \/>\n<meta property=\"og:description\" content=\"Bendrosios savyb\u0117s: Naujas pieno separatorius FJ 130, sujungiantis inovatyvum\u0105 ir tradicijas. Separatorius skirtas pusiau profesionaliam arba profesionaliam naudojimui. Ilgaam\u017eis tvirtas motoras. Nauja kontrol\u0117s sistema u\u017etikrina nuolatin\u012f 8500 apsisukim\u0173 per minut\u0119 darb\u0105. Plastikinis korpusas; pieno ir grietin\u0117s nuolyd\u017eiai bei 10 l \u012fleid\u017eiama talpa pagaminti\u00a0i\u0161 plastiko; pilnai elektrizuotas valdymas; vir\u0161utinis separatoriaus dubuo pagamintas i\u0161 saugaus s\u0105ly\u010diui su [&hellip;]\" \/>\n<meta property=\"og:url\" content=\"https:\/\/www.specagra.ee\/?product=pieno-separatorius-milky-fj-130-epr\" \/>\n<meta property=\"og:site_name\" content=\"Specagra\" \/>\n<meta property=\"article:modified_time\" content=\"2023-06-29T12:45:07+00:00\" \/>\n<meta property=\"og:image\" content=\"https:\/\/specagra.ee\/wp-content\/uploads\/2020\/07\/Untitled-design-7.jpg\" \/>\n\t<meta property=\"og:image:width\" content=\"800\" \/>\n\t<meta property=\"og:image:height\" content=\"800\" \/>\n\t<meta property=\"og:image:type\" content=\"image\/jpeg\" \/>\n<meta name=\"twitter:card\" content=\"summary_large_image\" \/>\n<meta name=\"twitter:label1\" content=\"Est. reading time\" \/>\n\t<meta name=\"twitter:data1\" content=\"1 minut\" \/>\n<script type=\"application\/ld+json\" class=\"yoast-schema-graph\">{\"@context\":\"https:\/\/schema.org\",\"@graph\":[{\"@type\":\"WebPage\",\"@id\":\"https:\/\/www.specagra.ee\/?product=pieno-separatorius-milky-fj-130-epr\",\"url\":\"https:\/\/www.specagra.ee\/?product=pieno-separatorius-milky-fj-130-epr\",\"name\":\"Pieno separatorius MILKY FJ 130 EPR - Specagra\",\"isPartOf\":{\"@id\":\"https:\/\/www.specagra.ee\/#website\"},\"primaryImageOfPage\":{\"@id\":\"https:\/\/www.specagra.ee\/?product=pieno-separatorius-milky-fj-130-epr#primaryimage\"},\"image\":{\"@id\":\"https:\/\/www.specagra.ee\/?product=pieno-separatorius-milky-fj-130-epr#primaryimage\"},\"thumbnailUrl\":\"https:\/\/www.specagra.ee\/wp-content\/uploads\/2020\/07\/Untitled-design-7.jpg\",\"datePublished\":\"2020-07-07T08:10:30+00:00\",\"dateModified\":\"2023-06-29T12:45:07+00:00\",\"breadcrumb\":{\"@id\":\"https:\/\/www.specagra.ee\/?product=pieno-separatorius-milky-fj-130-epr#breadcrumb\"},\"inLanguage\":\"et\",\"potentialAction\":[{\"@type\":\"ReadAction\",\"target\":[\"https:\/\/www.specagra.ee\/?product=pieno-separatorius-milky-fj-130-epr\"]}]},{\"@type\":\"ImageObject\",\"inLanguage\":\"et\",\"@id\":\"https:\/\/www.specagra.ee\/?product=pieno-separatorius-milky-fj-130-epr#primaryimage\",\"url\":\"https:\/\/www.specagra.ee\/wp-content\/uploads\/2020\/07\/Untitled-design-7.jpg\",\"contentUrl\":\"https:\/\/www.specagra.ee\/wp-content\/uploads\/2020\/07\/Untitled-design-7.jpg\",\"width\":800,\"height\":800},{\"@type\":\"BreadcrumbList\",\"@id\":\"https:\/\/www.specagra.ee\/?product=pieno-separatorius-milky-fj-130-epr#breadcrumb\",\"itemListElement\":[{\"@type\":\"ListItem\",\"position\":1,\"name\":\"Home\",\"item\":\"https:\/\/www.specagra.ee\/\"},{\"@type\":\"ListItem\",\"position\":2,\"name\":\"P\u00f5llumajandustehnika ja loomakasvatus\",\"item\":\"https:\/\/specagra.ee\/?page_id=18493\"},{\"@type\":\"ListItem\",\"position\":3,\"name\":\"Pieno separatorius MILKY FJ 130 EPR\"}]},{\"@type\":\"WebSite\",\"@id\":\"https:\/\/www.specagra.ee\/#website\",\"url\":\"https:\/\/www.specagra.ee\/\",\"name\":\"Specagra\",\"description\":\"P\u00f5llumajandustehnika ja varuosad\",\"publisher\":{\"@id\":\"https:\/\/www.specagra.ee\/#organization\"},\"potentialAction\":[{\"@type\":\"SearchAction\",\"target\":{\"@type\":\"EntryPoint\",\"urlTemplate\":\"https:\/\/www.specagra.ee\/?s={search_term_string}\"},\"query-input\":{\"@type\":\"PropertyValueSpecification\",\"valueRequired\":true,\"valueName\":\"search_term_string\"}}],\"inLanguage\":\"et\"},{\"@type\":\"Organization\",\"@id\":\"https:\/\/www.specagra.ee\/#organization\",\"name\":\"UAB Specagra\",\"url\":\"https:\/\/www.specagra.ee\/\",\"logo\":{\"@type\":\"ImageObject\",\"inLanguage\":\"et\",\"@id\":\"https:\/\/www.specagra.ee\/#\/schema\/logo\/image\/\",\"url\":\"http:\/\/www.specagra.ee\/wp-content\/uploads\/2022\/02\/SP-logo_naujas-scaled.jpg\",\"contentUrl\":\"http:\/\/www.specagra.ee\/wp-content\/uploads\/2022\/02\/SP-logo_naujas-scaled.jpg\",\"width\":2560,\"height\":326,\"caption\":\"UAB Specagra\"},\"image\":{\"@id\":\"https:\/\/www.specagra.ee\/#\/schema\/logo\/image\/\"}}]}<\/script>\n<!-- \/ Yoast SEO plugin. -->","yoast_head_json":{"title":"Pieno separatorius MILKY FJ 130 EPR - Specagra","robots":{"index":"index","follow":"follow","max-snippet":"max-snippet:-1","max-image-preview":"max-image-preview:large","max-video-preview":"max-video-preview:-1"},"canonical":"https:\/\/www.specagra.ee\/?product=pieno-separatorius-milky-fj-130-epr","og_locale":"et_EE","og_type":"article","og_title":"Pieno separatorius MILKY FJ 130 EPR - Specagra","og_description":"Bendrosios savyb\u0117s: Naujas pieno separatorius FJ 130, sujungiantis inovatyvum\u0105 ir tradicijas. Separatorius skirtas pusiau profesionaliam arba profesionaliam naudojimui. Ilgaam\u017eis tvirtas motoras. Nauja kontrol\u0117s sistema u\u017etikrina nuolatin\u012f 8500 apsisukim\u0173 per minut\u0119 darb\u0105. Plastikinis korpusas; pieno ir grietin\u0117s nuolyd\u017eiai bei 10 l \u012fleid\u017eiama talpa pagaminti\u00a0i\u0161 plastiko; pilnai elektrizuotas valdymas; vir\u0161utinis separatoriaus dubuo pagamintas i\u0161 saugaus s\u0105ly\u010diui su [&hellip;]","og_url":"https:\/\/www.specagra.ee\/?product=pieno-separatorius-milky-fj-130-epr","og_site_name":"Specagra","article_modified_time":"2023-06-29T12:45:07+00:00","og_image":[{"width":800,"height":800,"url":"https:\/\/specagra.ee\/wp-content\/uploads\/2020\/07\/Untitled-design-7.jpg","type":"image\/jpeg"}],"twitter_card":"summary_large_image","twitter_misc":{"Est. reading time":"1 minut"},"schema":{"@context":"https:\/\/schema.org","@graph":[{"@type":"WebPage","@id":"https:\/\/www.specagra.ee\/?product=pieno-separatorius-milky-fj-130-epr","url":"https:\/\/www.specagra.ee\/?product=pieno-separatorius-milky-fj-130-epr","name":"Pieno separatorius MILKY FJ 130 EPR - Specagra","isPartOf":{"@id":"https:\/\/www.specagra.ee\/#website"},"primaryImageOfPage":{"@id":"https:\/\/www.specagra.ee\/?product=pieno-separatorius-milky-fj-130-epr#primaryimage"},"image":{"@id":"https:\/\/www.specagra.ee\/?product=pieno-separatorius-milky-fj-130-epr#primaryimage"},"thumbnailUrl":"https:\/\/www.specagra.ee\/wp-content\/uploads\/2020\/07\/Untitled-design-7.jpg","datePublished":"2020-07-07T08:10:30+00:00","dateModified":"2023-06-29T12:45:07+00:00","breadcrumb":{"@id":"https:\/\/www.specagra.ee\/?product=pieno-separatorius-milky-fj-130-epr#breadcrumb"},"inLanguage":"et","potentialAction":[{"@type":"ReadAction","target":["https:\/\/www.specagra.ee\/?product=pieno-separatorius-milky-fj-130-epr"]}]},{"@type":"ImageObject","inLanguage":"et","@id":"https:\/\/www.specagra.ee\/?product=pieno-separatorius-milky-fj-130-epr#primaryimage","url":"https:\/\/www.specagra.ee\/wp-content\/uploads\/2020\/07\/Untitled-design-7.jpg","contentUrl":"https:\/\/www.specagra.ee\/wp-content\/uploads\/2020\/07\/Untitled-design-7.jpg","width":800,"height":800},{"@type":"BreadcrumbList","@id":"https:\/\/www.specagra.ee\/?product=pieno-separatorius-milky-fj-130-epr#breadcrumb","itemListElement":[{"@type":"ListItem","position":1,"name":"Home","item":"https:\/\/www.specagra.ee\/"},{"@type":"ListItem","position":2,"name":"P\u00f5llumajandustehnika ja loomakasvatus","item":"https:\/\/specagra.ee\/?page_id=18493"},{"@type":"ListItem","position":3,"name":"Pieno separatorius MILKY FJ 130 EPR"}]},{"@type":"WebSite","@id":"https:\/\/www.specagra.ee\/#website","url":"https:\/\/www.specagra.ee\/","name":"Specagra","description":"P\u00f5llumajandustehnika ja varuosad","publisher":{"@id":"https:\/\/www.specagra.ee\/#organization"},"potentialAction":[{"@type":"SearchAction","target":{"@type":"EntryPoint","urlTemplate":"https:\/\/www.specagra.ee\/?s={search_term_string}"},"query-input":{"@type":"PropertyValueSpecification","valueRequired":true,"valueName":"search_term_string"}}],"inLanguage":"et"},{"@type":"Organization","@id":"https:\/\/www.specagra.ee\/#organization","name":"UAB Specagra","url":"https:\/\/www.specagra.ee\/","logo":{"@type":"ImageObject","inLanguage":"et","@id":"https:\/\/www.specagra.ee\/#\/schema\/logo\/image\/","url":"http:\/\/www.specagra.ee\/wp-content\/uploads\/2022\/02\/SP-logo_naujas-scaled.jpg","contentUrl":"http:\/\/www.specagra.ee\/wp-content\/uploads\/2022\/02\/SP-logo_naujas-scaled.jpg","width":2560,"height":326,"caption":"UAB Specagra"},"image":{"@id":"https:\/\/www.specagra.ee\/#\/schema\/logo\/image\/"}}]}},"_links":{"self":[{"href":"https:\/\/www.specagra.ee\/index.php?rest_route=\/wp\/v2\/product\/4246","targetHints":{"allow":["GET"]}}],"collection":[{"href":"https:\/\/www.specagra.ee\/index.php?rest_route=\/wp\/v2\/product"}],"about":[{"href":"https:\/\/www.specagra.ee\/index.php?rest_route=\/wp\/v2\/types\/product"}],"wp:featuredmedia":[{"embeddable":true,"href":"https:\/\/www.specagra.ee\/index.php?rest_route=\/wp\/v2\/media\/21393"}],"wp:attachment":[{"href":"https:\/\/www.specagra.ee\/index.php?rest_route=%2Fwp%2Fv2%2Fmedia&parent=4246"}],"wp:term":[{"taxonomy":"product_brand","embeddable":true,"href":"https:\/\/www.specagra.ee\/index.php?rest_route=%2Fwp%2Fv2%2Fproduct_brand&post=4246"},{"taxonomy":"product_cat","embeddable":true,"href":"https:\/\/www.specagra.ee\/index.php?rest_route=%2Fwp%2Fv2%2Fproduct_cat&post=4246"},{"taxonomy":"product_tag","embeddable":true,"href":"https:\/\/www.specagra.ee\/index.php?rest_route=%2Fwp%2Fv2%2Fproduct_tag&post=4246"}],"curies":[{"name":"wp","href":"https:\/\/api.w.org\/{rel}","templated":true}]}}