{"id":4239,"date":"2020-07-07T05:57:47","date_gmt":"2020-07-07T07:57:47","guid":{"rendered":"https:\/\/www.specagra.ee.nemokamossvetaines.hostingas.lt\/?post_type=product&#038;p=4239"},"modified":"2024-09-24T08:41:50","modified_gmt":"2024-09-24T10:41:50","slug":"la-buvette-solar-flow-900-l-girdykla-su-1-baterija","status":"publish","type":"product","link":"https:\/\/www.specagra.ee\/?product=la-buvette-solar-flow-900-l-girdykla-su-1-baterija","title":{"rendered":"SOLAR-FLOW 900 L girdykla su 1 baterija"},"content":{"rendered":"<p>Girdykla su akumuliatoriumi ir viena saules baterija. \u00a0Akumuliatorius , kur\u012f \u012fkrauna saul\u0117s baterija \u012fjungi\u0105 siurbl\u012f, tokiu b\u016bdu girdykla pripildoma \u0161vie\u017eio vandens.<\/p>\n<p>Bendras auk\u0161tis: 3 m. \u012emontuota apsaugos nuo vagyst\u0117s sistema. Tinka 15-20 gyv\u016bn\u0173. Taip pat galima \u012fsigyti saul\u0117s siurbli\u0173 rinkini\u0173 be lovio.<\/p>\n<p>Solar \u2013 Flow sistemos privalumai:<\/p>\n<ul>\n<li>Patikimumas: La Buvette b\u016bdama pradininke saul\u0117s baterijomis energija apr\u016bpinam\u0173 girdymo sistem\u0173, skai\u010diuoja daugiau nei 10 met\u0173 patirties \u0161ioje srityje.<\/li>\n<li>\u201cViskas viename\u201d arba modulin\u0117 sistema.<\/li>\n<li>Specialist\u0173 konsultacijos prie\u0161 ir po instaliacijos.<\/li>\n<li>Ma\u017eiau prie\u017ei\u016bros: panardinamas siurblys reikalauja technin\u0117s prie\u017ei\u016bros tik kas 2-5 metus, priklausomai nuo vandens kokyb\u0117s gr\u0119\u017einyje.<\/li>\n<li>Sistema neleid\u017eianti pavogti: savaime sul\u016b\u017etantys var\u017etai + papildomi u\u017eraktai.<\/li>\n<li>Teikiamas subsidijavimas i\u0161 agent\u016br\u0173, d\u0117l upi\u0173 ir vandens telkini\u0173 apsaugos.<\/li>\n<li>Greitas inversticij\u0173 gr\u012f\u017etamumas.<\/li>\n<li>Srauto greitis: 160-360 l\/val.<\/li>\n<li>\u00a01 vnt akumuliatorius 12 V .<\/li>\n<li>Jei n\u0117ra saul\u0117s, akumuliatoriaus veikimas &#8211; 10 dien\u0173, o dienos s\u0105naudos &#8211; 1200 l per dien\u0105.<\/li>\n<li>Su \u012fkrovimo ir i\u0161krovimo reguliatoriumi.<\/li>\n<\/ul>\n<p>Bendrosios savyb\u0117s:<\/p>\n<ul>\n<li>2201 pilnas komplektas \u2013 siurblys 2 vnt.<\/li>\n<li>450 litr\u0173 loviai (viso 900 litr\u0173)<\/li>\n<li>viena 12V baterija<\/li>\n<li>saul\u0117s panel\u0117 80 Wp<\/li>\n<\/ul>\n","protected":false},"excerpt":{"rendered":"<p>Girdykla su akumuliatoriumi ir viena saules baterija. \u00a0Akumuliatorius , kur\u012f \u012fkrauna saul\u0117s baterija \u012fjungi\u0105 siurbl\u012f, tokiu b\u016bdu girdykla pripildoma \u0161vie\u017eio vandens. Bendras auk\u0161tis: 3 m. \u012emontuota apsaugos nuo vagyst\u0117s sistema. Tinka 15-20 gyv\u016bn\u0173. Taip pat galima \u012fsigyti saul\u0117s siurbli\u0173 rinkini\u0173 be lovio. Solar \u2013 Flow sistemos privalumai: Patikimumas: La Buvette b\u016bdama pradininke saul\u0117s baterijomis energija [&hellip;]<\/p>\n","protected":false},"featured_media":24418,"template":"","meta":{"_et_pb_use_builder":"","_et_pb_old_content":"","_et_gb_content_width":""},"product_brand":[],"product_cat":[146],"product_tag":[],"class_list":{"0":"post-4239","1":"product","2":"type-product","3":"status-publish","4":"has-post-thumbnail","6":"product_cat-joogisusteemid-paikesepaneelidega","8":"first","9":"instock","10":"shipping-taxable","11":"product-type-simple"},"yoast_head":"<!-- This site is optimized with the Yoast SEO plugin v26.4 - https:\/\/yoast.com\/wordpress\/plugins\/seo\/ -->\n<title>SOLAR-FLOW 900 L girdykla su 1 baterija - Specagra<\/title>\n<meta name=\"robots\" content=\"index, follow, max-snippet:-1, max-image-preview:large, max-video-preview:-1\" \/>\n<link rel=\"canonical\" href=\"https:\/\/www.specagra.ee\/?product=la-buvette-solar-flow-900-l-girdykla-su-1-baterija\" \/>\n<meta property=\"og:locale\" content=\"et_EE\" \/>\n<meta property=\"og:type\" content=\"article\" \/>\n<meta property=\"og:title\" content=\"SOLAR-FLOW 900 L girdykla su 1 baterija - Specagra\" \/>\n<meta property=\"og:description\" content=\"Girdykla su akumuliatoriumi ir viena saules baterija. \u00a0Akumuliatorius , kur\u012f \u012fkrauna saul\u0117s baterija \u012fjungi\u0105 siurbl\u012f, tokiu b\u016bdu girdykla pripildoma \u0161vie\u017eio vandens. Bendras auk\u0161tis: 3 m. \u012emontuota apsaugos nuo vagyst\u0117s sistema. Tinka 15-20 gyv\u016bn\u0173. Taip pat galima \u012fsigyti saul\u0117s siurbli\u0173 rinkini\u0173 be lovio. Solar \u2013 Flow sistemos privalumai: Patikimumas: La Buvette b\u016bdama pradininke saul\u0117s baterijomis energija [&hellip;]\" \/>\n<meta property=\"og:url\" content=\"https:\/\/www.specagra.ee\/?product=la-buvette-solar-flow-900-l-girdykla-su-1-baterija\" \/>\n<meta property=\"og:site_name\" content=\"Specagra\" \/>\n<meta property=\"article:modified_time\" content=\"2024-09-24T10:41:50+00:00\" \/>\n<meta property=\"og:image\" content=\"https:\/\/www.specagra.ee\/wp-content\/uploads\/2020\/07\/Untitled-design-56.jpg\" \/>\n\t<meta property=\"og:image:width\" content=\"800\" \/>\n\t<meta property=\"og:image:height\" content=\"800\" \/>\n\t<meta property=\"og:image:type\" content=\"image\/jpeg\" \/>\n<meta name=\"twitter:card\" content=\"summary_large_image\" \/>\n<meta name=\"twitter:label1\" content=\"Est. reading time\" \/>\n\t<meta name=\"twitter:data1\" content=\"2 minutit\" \/>\n<script type=\"application\/ld+json\" class=\"yoast-schema-graph\">{\"@context\":\"https:\/\/schema.org\",\"@graph\":[{\"@type\":\"WebPage\",\"@id\":\"https:\/\/www.specagra.ee\/?product=la-buvette-solar-flow-900-l-girdykla-su-1-baterija\",\"url\":\"https:\/\/www.specagra.ee\/?product=la-buvette-solar-flow-900-l-girdykla-su-1-baterija\",\"name\":\"SOLAR-FLOW 900 L girdykla su 1 baterija - Specagra\",\"isPartOf\":{\"@id\":\"https:\/\/www.specagra.ee\/#website\"},\"primaryImageOfPage\":{\"@id\":\"https:\/\/www.specagra.ee\/?product=la-buvette-solar-flow-900-l-girdykla-su-1-baterija#primaryimage\"},\"image\":{\"@id\":\"https:\/\/www.specagra.ee\/?product=la-buvette-solar-flow-900-l-girdykla-su-1-baterija#primaryimage\"},\"thumbnailUrl\":\"https:\/\/specagra.ee\/wp-content\/uploads\/2020\/07\/Untitled-design-56.jpg\",\"datePublished\":\"2020-07-07T07:57:47+00:00\",\"dateModified\":\"2024-09-24T10:41:50+00:00\",\"breadcrumb\":{\"@id\":\"https:\/\/www.specagra.ee\/?product=la-buvette-solar-flow-900-l-girdykla-su-1-baterija#breadcrumb\"},\"inLanguage\":\"et\",\"potentialAction\":[{\"@type\":\"ReadAction\",\"target\":[\"https:\/\/www.specagra.ee\/?product=la-buvette-solar-flow-900-l-girdykla-su-1-baterija\"]}]},{\"@type\":\"ImageObject\",\"inLanguage\":\"et\",\"@id\":\"https:\/\/www.specagra.ee\/?product=la-buvette-solar-flow-900-l-girdykla-su-1-baterija#primaryimage\",\"url\":\"https:\/\/specagra.ee\/wp-content\/uploads\/2020\/07\/Untitled-design-56.jpg\",\"contentUrl\":\"https:\/\/specagra.ee\/wp-content\/uploads\/2020\/07\/Untitled-design-56.jpg\",\"width\":800,\"height\":800},{\"@type\":\"BreadcrumbList\",\"@id\":\"https:\/\/www.specagra.ee\/?product=la-buvette-solar-flow-900-l-girdykla-su-1-baterija#breadcrumb\",\"itemListElement\":[{\"@type\":\"ListItem\",\"position\":1,\"name\":\"Home\",\"item\":\"https:\/\/www.specagra.ee\/\"},{\"@type\":\"ListItem\",\"position\":2,\"name\":\"P\u00f5llumajandustehnika ja loomakasvatus\",\"item\":\"https:\/\/specagra.ee\/?page_id=18493\"},{\"@type\":\"ListItem\",\"position\":3,\"name\":\"SOLAR-FLOW 900 L girdykla su 1 baterija\"}]},{\"@type\":\"WebSite\",\"@id\":\"https:\/\/www.specagra.ee\/#website\",\"url\":\"https:\/\/www.specagra.ee\/\",\"name\":\"Specagra\",\"description\":\"P\u00f5llumajandustehnika ja varuosad\",\"publisher\":{\"@id\":\"https:\/\/www.specagra.ee\/#organization\"},\"potentialAction\":[{\"@type\":\"SearchAction\",\"target\":{\"@type\":\"EntryPoint\",\"urlTemplate\":\"https:\/\/www.specagra.ee\/?s={search_term_string}\"},\"query-input\":{\"@type\":\"PropertyValueSpecification\",\"valueRequired\":true,\"valueName\":\"search_term_string\"}}],\"inLanguage\":\"et\"},{\"@type\":\"Organization\",\"@id\":\"https:\/\/www.specagra.ee\/#organization\",\"name\":\"UAB Specagra\",\"url\":\"https:\/\/www.specagra.ee\/\",\"logo\":{\"@type\":\"ImageObject\",\"inLanguage\":\"et\",\"@id\":\"https:\/\/www.specagra.ee\/#\/schema\/logo\/image\/\",\"url\":\"http:\/\/www.specagra.ee\/wp-content\/uploads\/2022\/02\/SP-logo_naujas-scaled.jpg\",\"contentUrl\":\"http:\/\/www.specagra.ee\/wp-content\/uploads\/2022\/02\/SP-logo_naujas-scaled.jpg\",\"width\":2560,\"height\":326,\"caption\":\"UAB Specagra\"},\"image\":{\"@id\":\"https:\/\/www.specagra.ee\/#\/schema\/logo\/image\/\"}}]}<\/script>\n<!-- \/ Yoast SEO plugin. -->","yoast_head_json":{"title":"SOLAR-FLOW 900 L girdykla su 1 baterija - Specagra","robots":{"index":"index","follow":"follow","max-snippet":"max-snippet:-1","max-image-preview":"max-image-preview:large","max-video-preview":"max-video-preview:-1"},"canonical":"https:\/\/www.specagra.ee\/?product=la-buvette-solar-flow-900-l-girdykla-su-1-baterija","og_locale":"et_EE","og_type":"article","og_title":"SOLAR-FLOW 900 L girdykla su 1 baterija - Specagra","og_description":"Girdykla su akumuliatoriumi ir viena saules baterija. \u00a0Akumuliatorius , kur\u012f \u012fkrauna saul\u0117s baterija \u012fjungi\u0105 siurbl\u012f, tokiu b\u016bdu girdykla pripildoma \u0161vie\u017eio vandens. Bendras auk\u0161tis: 3 m. \u012emontuota apsaugos nuo vagyst\u0117s sistema. Tinka 15-20 gyv\u016bn\u0173. Taip pat galima \u012fsigyti saul\u0117s siurbli\u0173 rinkini\u0173 be lovio. Solar \u2013 Flow sistemos privalumai: Patikimumas: La Buvette b\u016bdama pradininke saul\u0117s baterijomis energija [&hellip;]","og_url":"https:\/\/www.specagra.ee\/?product=la-buvette-solar-flow-900-l-girdykla-su-1-baterija","og_site_name":"Specagra","article_modified_time":"2024-09-24T10:41:50+00:00","og_image":[{"width":800,"height":800,"url":"https:\/\/www.specagra.ee\/wp-content\/uploads\/2020\/07\/Untitled-design-56.jpg","type":"image\/jpeg"}],"twitter_card":"summary_large_image","twitter_misc":{"Est. reading time":"2 minutit"},"schema":{"@context":"https:\/\/schema.org","@graph":[{"@type":"WebPage","@id":"https:\/\/www.specagra.ee\/?product=la-buvette-solar-flow-900-l-girdykla-su-1-baterija","url":"https:\/\/www.specagra.ee\/?product=la-buvette-solar-flow-900-l-girdykla-su-1-baterija","name":"SOLAR-FLOW 900 L girdykla su 1 baterija - Specagra","isPartOf":{"@id":"https:\/\/www.specagra.ee\/#website"},"primaryImageOfPage":{"@id":"https:\/\/www.specagra.ee\/?product=la-buvette-solar-flow-900-l-girdykla-su-1-baterija#primaryimage"},"image":{"@id":"https:\/\/www.specagra.ee\/?product=la-buvette-solar-flow-900-l-girdykla-su-1-baterija#primaryimage"},"thumbnailUrl":"https:\/\/specagra.ee\/wp-content\/uploads\/2020\/07\/Untitled-design-56.jpg","datePublished":"2020-07-07T07:57:47+00:00","dateModified":"2024-09-24T10:41:50+00:00","breadcrumb":{"@id":"https:\/\/www.specagra.ee\/?product=la-buvette-solar-flow-900-l-girdykla-su-1-baterija#breadcrumb"},"inLanguage":"et","potentialAction":[{"@type":"ReadAction","target":["https:\/\/www.specagra.ee\/?product=la-buvette-solar-flow-900-l-girdykla-su-1-baterija"]}]},{"@type":"ImageObject","inLanguage":"et","@id":"https:\/\/www.specagra.ee\/?product=la-buvette-solar-flow-900-l-girdykla-su-1-baterija#primaryimage","url":"https:\/\/specagra.ee\/wp-content\/uploads\/2020\/07\/Untitled-design-56.jpg","contentUrl":"https:\/\/specagra.ee\/wp-content\/uploads\/2020\/07\/Untitled-design-56.jpg","width":800,"height":800},{"@type":"BreadcrumbList","@id":"https:\/\/www.specagra.ee\/?product=la-buvette-solar-flow-900-l-girdykla-su-1-baterija#breadcrumb","itemListElement":[{"@type":"ListItem","position":1,"name":"Home","item":"https:\/\/www.specagra.ee\/"},{"@type":"ListItem","position":2,"name":"P\u00f5llumajandustehnika ja loomakasvatus","item":"https:\/\/specagra.ee\/?page_id=18493"},{"@type":"ListItem","position":3,"name":"SOLAR-FLOW 900 L girdykla su 1 baterija"}]},{"@type":"WebSite","@id":"https:\/\/www.specagra.ee\/#website","url":"https:\/\/www.specagra.ee\/","name":"Specagra","description":"P\u00f5llumajandustehnika ja varuosad","publisher":{"@id":"https:\/\/www.specagra.ee\/#organization"},"potentialAction":[{"@type":"SearchAction","target":{"@type":"EntryPoint","urlTemplate":"https:\/\/www.specagra.ee\/?s={search_term_string}"},"query-input":{"@type":"PropertyValueSpecification","valueRequired":true,"valueName":"search_term_string"}}],"inLanguage":"et"},{"@type":"Organization","@id":"https:\/\/www.specagra.ee\/#organization","name":"UAB Specagra","url":"https:\/\/www.specagra.ee\/","logo":{"@type":"ImageObject","inLanguage":"et","@id":"https:\/\/www.specagra.ee\/#\/schema\/logo\/image\/","url":"http:\/\/www.specagra.ee\/wp-content\/uploads\/2022\/02\/SP-logo_naujas-scaled.jpg","contentUrl":"http:\/\/www.specagra.ee\/wp-content\/uploads\/2022\/02\/SP-logo_naujas-scaled.jpg","width":2560,"height":326,"caption":"UAB Specagra"},"image":{"@id":"https:\/\/www.specagra.ee\/#\/schema\/logo\/image\/"}}]}},"_links":{"self":[{"href":"https:\/\/www.specagra.ee\/index.php?rest_route=\/wp\/v2\/product\/4239","targetHints":{"allow":["GET"]}}],"collection":[{"href":"https:\/\/www.specagra.ee\/index.php?rest_route=\/wp\/v2\/product"}],"about":[{"href":"https:\/\/www.specagra.ee\/index.php?rest_route=\/wp\/v2\/types\/product"}],"wp:featuredmedia":[{"embeddable":true,"href":"https:\/\/www.specagra.ee\/index.php?rest_route=\/wp\/v2\/media\/24418"}],"wp:attachment":[{"href":"https:\/\/www.specagra.ee\/index.php?rest_route=%2Fwp%2Fv2%2Fmedia&parent=4239"}],"wp:term":[{"taxonomy":"product_brand","embeddable":true,"href":"https:\/\/www.specagra.ee\/index.php?rest_route=%2Fwp%2Fv2%2Fproduct_brand&post=4239"},{"taxonomy":"product_cat","embeddable":true,"href":"https:\/\/www.specagra.ee\/index.php?rest_route=%2Fwp%2Fv2%2Fproduct_cat&post=4239"},{"taxonomy":"product_tag","embeddable":true,"href":"https:\/\/www.specagra.ee\/index.php?rest_route=%2Fwp%2Fv2%2Fproduct_tag&post=4239"}],"curies":[{"name":"wp","href":"https:\/\/api.w.org\/{rel}","templated":true}]}}