{"id":41852,"date":"2024-09-03T05:58:20","date_gmt":"2024-09-03T07:58:20","guid":{"rendered":"https:\/\/www.specagra.ee\/?post_type=product&#038;p=41852"},"modified":"2024-10-18T06:18:36","modified_gmt":"2024-10-18T08:18:36","slug":"aviu-vartymo-stakles-marechalle-pm-400","status":"publish","type":"product","link":"https:\/\/www.specagra.ee\/?product=aviu-vartymo-stakles-marechalle-pm-400","title":{"rendered":"Avi\u0173 vartymo stakl\u0117s MARECHALLE PM 400"},"content":{"rendered":"<p>D\u0117l reguliuojamo auk\u0161\u010dio ir atram\u0173 po kr\u016btine stakl\u0117s pritaikytos \u012fvairaus dyd\u017eio ir am\u017eiaus avims. Lengvas, greitas ir saugus dyd\u017eio reguliavimas.<br \/>\nOptimizuotas gyvulio \u012fleidimas ir i\u0161leidimas d\u0117l priekini\u0173 ir galini\u0173 giljotinini\u0173 dureli\u0173.<br \/>\nGreitas ir paprastas fiksavimas naudojant keturis hidraulinius valdiklius.<br \/>\nGyvulys pakeliamas ir nuleid\u017eiamas dviem cilindrais ir dviem prie\u017ei\u016bros nereikalaujan\u010diomis slankiojimo sistemomis (nereikia tepti).<br \/>\nLengva ir greita prieiga prie narvo vidaus d\u0117l va\u017eiuokl\u0117s i\u0161pjovos: palengvina valym\u0105, prie\u017ei\u016br\u0105 ir kanop\u0173 apipjaustym\u0105 stovint veidu \u012f gyvul\u012f.<\/p>\n<p>Lengva stakli\u0173 prie\u017ei\u016bra ir transportavimas.<br \/>\n\u012eranki\u0173 ir eksploatacini\u0173 med\u017eiag\u0173 laikymo d\u0117\u017e\u0117s.<br \/>\nGyvuliui atsistojus ant koj\u0173, i\u0161\u0117jimo durys turi b\u016bti atidarytos, kad b\u016bt\u0173 u\u017etikrintas nepertraukiamas ir efektyvus jud\u0117jimas.<br \/>\nGyv\u016bn\u0105 galima pastatyti ant koj\u0173 vienu valdikliu.<\/p>\n<p>Su ve\u017eim\u0117liu, leid\u017eian\u010diu hidraulin\u012f siurbl\u012f pastatyti tam tikru atstumu.<br \/>\nTrys hidrauliniai valdikliai narvo priekyje:<br \/>\n1 valdymas: po kr\u016btine esan\u010di\u0173 atram\u0173 atidarymas ir u\u017edarymas<br \/>\n2 valdiklis: atbulin\u0117s eigos stabdymas<br \/>\n3 valdymas: gyvulio sukimasis<br \/>\nVienas hidraulinis valdymas narvo gale: 4 valdymas: auk\u0161\u010dio reguliavimas<\/p>\n<p>Gyvulio patekimas pro giljotinines duris (rankinis valdymas)<\/p>\n","protected":false},"excerpt":{"rendered":"<p>D\u0117l reguliuojamo auk\u0161\u010dio ir atram\u0173 po kr\u016btine stakl\u0117s pritaikytos \u012fvairaus dyd\u017eio ir am\u017eiaus avims. Lengvas, greitas ir saugus dyd\u017eio reguliavimas. Optimizuotas gyvulio \u012fleidimas ir i\u0161leidimas d\u0117l priekini\u0173 ir galini\u0173 giljotinini\u0173 dureli\u0173. Greitas ir paprastas fiksavimas naudojant keturis hidraulinius valdiklius. Gyvulys pakeliamas ir nuleid\u017eiamas dviem cilindrais ir dviem prie\u017ei\u016bros nereikalaujan\u010diomis slankiojimo sistemomis (nereikia tepti). Lengva ir [&hellip;]<\/p>\n","protected":false},"featured_media":43113,"template":"","meta":{"_et_pb_use_builder":"","_et_pb_old_content":"","_et_gb_content_width":""},"product_brand":[],"product_cat":[157],"product_tag":[],"class_list":{"0":"post-41852","1":"product","2":"type-product","3":"status-publish","4":"has-post-thumbnail","6":"product_cat-lamba-keeramis-voi-keerutusseadmed","8":"first","9":"instock","10":"shipping-taxable","11":"product-type-simple"},"yoast_head":"<!-- This site is optimized with the Yoast SEO plugin v26.4 - https:\/\/yoast.com\/wordpress\/plugins\/seo\/ -->\n<title>Avi\u0173 vartymo stakl\u0117s MARECHALLE PM 400 - Specagra<\/title>\n<meta name=\"robots\" content=\"index, follow, max-snippet:-1, max-image-preview:large, max-video-preview:-1\" \/>\n<link rel=\"canonical\" href=\"https:\/\/www.specagra.ee\/?product=aviu-vartymo-stakles-marechalle-pm-400\" \/>\n<meta property=\"og:locale\" content=\"et_EE\" \/>\n<meta property=\"og:type\" content=\"article\" \/>\n<meta property=\"og:title\" content=\"Avi\u0173 vartymo stakl\u0117s MARECHALLE PM 400 - Specagra\" \/>\n<meta property=\"og:description\" content=\"D\u0117l reguliuojamo auk\u0161\u010dio ir atram\u0173 po kr\u016btine stakl\u0117s pritaikytos \u012fvairaus dyd\u017eio ir am\u017eiaus avims. Lengvas, greitas ir saugus dyd\u017eio reguliavimas. Optimizuotas gyvulio \u012fleidimas ir i\u0161leidimas d\u0117l priekini\u0173 ir galini\u0173 giljotinini\u0173 dureli\u0173. Greitas ir paprastas fiksavimas naudojant keturis hidraulinius valdiklius. Gyvulys pakeliamas ir nuleid\u017eiamas dviem cilindrais ir dviem prie\u017ei\u016bros nereikalaujan\u010diomis slankiojimo sistemomis (nereikia tepti). Lengva ir [&hellip;]\" \/>\n<meta property=\"og:url\" content=\"https:\/\/www.specagra.ee\/?product=aviu-vartymo-stakles-marechalle-pm-400\" \/>\n<meta property=\"og:site_name\" content=\"Specagra\" \/>\n<meta property=\"article:modified_time\" content=\"2024-10-18T08:18:36+00:00\" \/>\n<meta property=\"og:image\" content=\"https:\/\/www.specagra.ee\/wp-content\/uploads\/2024\/09\/Untitled-design-5.jpg\" \/>\n\t<meta property=\"og:image:width\" content=\"900\" \/>\n\t<meta property=\"og:image:height\" content=\"900\" \/>\n\t<meta property=\"og:image:type\" content=\"image\/jpeg\" \/>\n<meta name=\"twitter:card\" content=\"summary_large_image\" \/>\n<meta name=\"twitter:label1\" content=\"Est. reading time\" \/>\n\t<meta name=\"twitter:data1\" content=\"2 minutit\" \/>\n<script type=\"application\/ld+json\" class=\"yoast-schema-graph\">{\"@context\":\"https:\/\/schema.org\",\"@graph\":[{\"@type\":\"WebPage\",\"@id\":\"https:\/\/www.specagra.ee\/?product=aviu-vartymo-stakles-marechalle-pm-400\",\"url\":\"https:\/\/www.specagra.ee\/?product=aviu-vartymo-stakles-marechalle-pm-400\",\"name\":\"Avi\u0173 vartymo stakl\u0117s MARECHALLE PM 400 - Specagra\",\"isPartOf\":{\"@id\":\"https:\/\/www.specagra.ee\/#website\"},\"primaryImageOfPage\":{\"@id\":\"https:\/\/www.specagra.ee\/?product=aviu-vartymo-stakles-marechalle-pm-400#primaryimage\"},\"image\":{\"@id\":\"https:\/\/www.specagra.ee\/?product=aviu-vartymo-stakles-marechalle-pm-400#primaryimage\"},\"thumbnailUrl\":\"https:\/\/www.specagra.ee\/wp-content\/uploads\/2024\/09\/Untitled-design-5.jpg\",\"datePublished\":\"2024-09-03T07:58:20+00:00\",\"dateModified\":\"2024-10-18T08:18:36+00:00\",\"breadcrumb\":{\"@id\":\"https:\/\/www.specagra.ee\/?product=aviu-vartymo-stakles-marechalle-pm-400#breadcrumb\"},\"inLanguage\":\"et\",\"potentialAction\":[{\"@type\":\"ReadAction\",\"target\":[\"https:\/\/www.specagra.ee\/?product=aviu-vartymo-stakles-marechalle-pm-400\"]}]},{\"@type\":\"ImageObject\",\"inLanguage\":\"et\",\"@id\":\"https:\/\/www.specagra.ee\/?product=aviu-vartymo-stakles-marechalle-pm-400#primaryimage\",\"url\":\"https:\/\/www.specagra.ee\/wp-content\/uploads\/2024\/09\/Untitled-design-5.jpg\",\"contentUrl\":\"https:\/\/www.specagra.ee\/wp-content\/uploads\/2024\/09\/Untitled-design-5.jpg\",\"width\":900,\"height\":900},{\"@type\":\"BreadcrumbList\",\"@id\":\"https:\/\/www.specagra.ee\/?product=aviu-vartymo-stakles-marechalle-pm-400#breadcrumb\",\"itemListElement\":[{\"@type\":\"ListItem\",\"position\":1,\"name\":\"Home\",\"item\":\"https:\/\/www.specagra.ee\/\"},{\"@type\":\"ListItem\",\"position\":2,\"name\":\"P\u00f5llumajandustehnika ja loomakasvatus\",\"item\":\"https:\/\/specagra.ee\/?page_id=18493\"},{\"@type\":\"ListItem\",\"position\":3,\"name\":\"Avi\u0173 vartymo stakl\u0117s MARECHALLE PM 400\"}]},{\"@type\":\"WebSite\",\"@id\":\"https:\/\/www.specagra.ee\/#website\",\"url\":\"https:\/\/www.specagra.ee\/\",\"name\":\"Specagra\",\"description\":\"P\u00f5llumajandustehnika ja varuosad\",\"publisher\":{\"@id\":\"https:\/\/www.specagra.ee\/#organization\"},\"potentialAction\":[{\"@type\":\"SearchAction\",\"target\":{\"@type\":\"EntryPoint\",\"urlTemplate\":\"https:\/\/www.specagra.ee\/?s={search_term_string}\"},\"query-input\":{\"@type\":\"PropertyValueSpecification\",\"valueRequired\":true,\"valueName\":\"search_term_string\"}}],\"inLanguage\":\"et\"},{\"@type\":\"Organization\",\"@id\":\"https:\/\/www.specagra.ee\/#organization\",\"name\":\"UAB Specagra\",\"url\":\"https:\/\/www.specagra.ee\/\",\"logo\":{\"@type\":\"ImageObject\",\"inLanguage\":\"et\",\"@id\":\"https:\/\/www.specagra.ee\/#\/schema\/logo\/image\/\",\"url\":\"http:\/\/www.specagra.ee\/wp-content\/uploads\/2022\/02\/SP-logo_naujas-scaled.jpg\",\"contentUrl\":\"http:\/\/www.specagra.ee\/wp-content\/uploads\/2022\/02\/SP-logo_naujas-scaled.jpg\",\"width\":2560,\"height\":326,\"caption\":\"UAB Specagra\"},\"image\":{\"@id\":\"https:\/\/www.specagra.ee\/#\/schema\/logo\/image\/\"}}]}<\/script>\n<!-- \/ Yoast SEO plugin. -->","yoast_head_json":{"title":"Avi\u0173 vartymo stakl\u0117s MARECHALLE PM 400 - Specagra","robots":{"index":"index","follow":"follow","max-snippet":"max-snippet:-1","max-image-preview":"max-image-preview:large","max-video-preview":"max-video-preview:-1"},"canonical":"https:\/\/www.specagra.ee\/?product=aviu-vartymo-stakles-marechalle-pm-400","og_locale":"et_EE","og_type":"article","og_title":"Avi\u0173 vartymo stakl\u0117s MARECHALLE PM 400 - Specagra","og_description":"D\u0117l reguliuojamo auk\u0161\u010dio ir atram\u0173 po kr\u016btine stakl\u0117s pritaikytos \u012fvairaus dyd\u017eio ir am\u017eiaus avims. Lengvas, greitas ir saugus dyd\u017eio reguliavimas. Optimizuotas gyvulio \u012fleidimas ir i\u0161leidimas d\u0117l priekini\u0173 ir galini\u0173 giljotinini\u0173 dureli\u0173. Greitas ir paprastas fiksavimas naudojant keturis hidraulinius valdiklius. Gyvulys pakeliamas ir nuleid\u017eiamas dviem cilindrais ir dviem prie\u017ei\u016bros nereikalaujan\u010diomis slankiojimo sistemomis (nereikia tepti). Lengva ir [&hellip;]","og_url":"https:\/\/www.specagra.ee\/?product=aviu-vartymo-stakles-marechalle-pm-400","og_site_name":"Specagra","article_modified_time":"2024-10-18T08:18:36+00:00","og_image":[{"width":900,"height":900,"url":"https:\/\/www.specagra.ee\/wp-content\/uploads\/2024\/09\/Untitled-design-5.jpg","type":"image\/jpeg"}],"twitter_card":"summary_large_image","twitter_misc":{"Est. reading time":"2 minutit"},"schema":{"@context":"https:\/\/schema.org","@graph":[{"@type":"WebPage","@id":"https:\/\/www.specagra.ee\/?product=aviu-vartymo-stakles-marechalle-pm-400","url":"https:\/\/www.specagra.ee\/?product=aviu-vartymo-stakles-marechalle-pm-400","name":"Avi\u0173 vartymo stakl\u0117s MARECHALLE PM 400 - Specagra","isPartOf":{"@id":"https:\/\/www.specagra.ee\/#website"},"primaryImageOfPage":{"@id":"https:\/\/www.specagra.ee\/?product=aviu-vartymo-stakles-marechalle-pm-400#primaryimage"},"image":{"@id":"https:\/\/www.specagra.ee\/?product=aviu-vartymo-stakles-marechalle-pm-400#primaryimage"},"thumbnailUrl":"https:\/\/www.specagra.ee\/wp-content\/uploads\/2024\/09\/Untitled-design-5.jpg","datePublished":"2024-09-03T07:58:20+00:00","dateModified":"2024-10-18T08:18:36+00:00","breadcrumb":{"@id":"https:\/\/www.specagra.ee\/?product=aviu-vartymo-stakles-marechalle-pm-400#breadcrumb"},"inLanguage":"et","potentialAction":[{"@type":"ReadAction","target":["https:\/\/www.specagra.ee\/?product=aviu-vartymo-stakles-marechalle-pm-400"]}]},{"@type":"ImageObject","inLanguage":"et","@id":"https:\/\/www.specagra.ee\/?product=aviu-vartymo-stakles-marechalle-pm-400#primaryimage","url":"https:\/\/www.specagra.ee\/wp-content\/uploads\/2024\/09\/Untitled-design-5.jpg","contentUrl":"https:\/\/www.specagra.ee\/wp-content\/uploads\/2024\/09\/Untitled-design-5.jpg","width":900,"height":900},{"@type":"BreadcrumbList","@id":"https:\/\/www.specagra.ee\/?product=aviu-vartymo-stakles-marechalle-pm-400#breadcrumb","itemListElement":[{"@type":"ListItem","position":1,"name":"Home","item":"https:\/\/www.specagra.ee\/"},{"@type":"ListItem","position":2,"name":"P\u00f5llumajandustehnika ja loomakasvatus","item":"https:\/\/specagra.ee\/?page_id=18493"},{"@type":"ListItem","position":3,"name":"Avi\u0173 vartymo stakl\u0117s MARECHALLE PM 400"}]},{"@type":"WebSite","@id":"https:\/\/www.specagra.ee\/#website","url":"https:\/\/www.specagra.ee\/","name":"Specagra","description":"P\u00f5llumajandustehnika ja varuosad","publisher":{"@id":"https:\/\/www.specagra.ee\/#organization"},"potentialAction":[{"@type":"SearchAction","target":{"@type":"EntryPoint","urlTemplate":"https:\/\/www.specagra.ee\/?s={search_term_string}"},"query-input":{"@type":"PropertyValueSpecification","valueRequired":true,"valueName":"search_term_string"}}],"inLanguage":"et"},{"@type":"Organization","@id":"https:\/\/www.specagra.ee\/#organization","name":"UAB Specagra","url":"https:\/\/www.specagra.ee\/","logo":{"@type":"ImageObject","inLanguage":"et","@id":"https:\/\/www.specagra.ee\/#\/schema\/logo\/image\/","url":"http:\/\/www.specagra.ee\/wp-content\/uploads\/2022\/02\/SP-logo_naujas-scaled.jpg","contentUrl":"http:\/\/www.specagra.ee\/wp-content\/uploads\/2022\/02\/SP-logo_naujas-scaled.jpg","width":2560,"height":326,"caption":"UAB Specagra"},"image":{"@id":"https:\/\/www.specagra.ee\/#\/schema\/logo\/image\/"}}]}},"_links":{"self":[{"href":"https:\/\/www.specagra.ee\/index.php?rest_route=\/wp\/v2\/product\/41852","targetHints":{"allow":["GET"]}}],"collection":[{"href":"https:\/\/www.specagra.ee\/index.php?rest_route=\/wp\/v2\/product"}],"about":[{"href":"https:\/\/www.specagra.ee\/index.php?rest_route=\/wp\/v2\/types\/product"}],"wp:featuredmedia":[{"embeddable":true,"href":"https:\/\/www.specagra.ee\/index.php?rest_route=\/wp\/v2\/media\/43113"}],"wp:attachment":[{"href":"https:\/\/www.specagra.ee\/index.php?rest_route=%2Fwp%2Fv2%2Fmedia&parent=41852"}],"wp:term":[{"taxonomy":"product_brand","embeddable":true,"href":"https:\/\/www.specagra.ee\/index.php?rest_route=%2Fwp%2Fv2%2Fproduct_brand&post=41852"},{"taxonomy":"product_cat","embeddable":true,"href":"https:\/\/www.specagra.ee\/index.php?rest_route=%2Fwp%2Fv2%2Fproduct_cat&post=41852"},{"taxonomy":"product_tag","embeddable":true,"href":"https:\/\/www.specagra.ee\/index.php?rest_route=%2Fwp%2Fv2%2Fproduct_tag&post=41852"}],"curies":[{"name":"wp","href":"https:\/\/api.w.org\/{rel}","templated":true}]}}