{"id":41823,"date":"2024-08-30T11:33:45","date_gmt":"2024-08-30T13:33:45","guid":{"rendered":"https:\/\/www.specagra.ee\/?post_type=product&#038;p=41823"},"modified":"2024-09-13T05:01:48","modified_gmt":"2024-09-13T07:01:48","slug":"kasimosi-danga","status":"publish","type":"product","link":"https:\/\/www.specagra.ee\/?product=kasimosi-danga","title":{"rendered":"Kasimosi danga"},"content":{"rendered":"<p>Kasimosi danga padidina komfort\u0105 gyvuli\u0173 laikymo patalpose. J\u012f galima pritvirtinti beveik prie bet kokios betonin\u0117s sienos ar pagrindo.<\/p>\n<p>Kasimosi danga gali pad\u0117ti suma\u017einti gyvuli\u0173 streso lyg\u012f.<\/p>\n<p>Apatin\u0117 dangos dalis yra be antgali\u0173, kad apsaugot\u0173 kojas.<\/p>\n<p>&nbsp;<\/p>\n<ul>\n<li>Montavimo reikmenys \u012ftraukti<\/li>\n<li>I\u0161matavimai: 150 x 50 x 3,2 cm<\/li>\n<li>Svoris: 14,5 kg<\/li>\n<\/ul>\n<p>&nbsp;<\/p>\n<p><span class=\"fw-bold\">Ref. 334045<\/span><\/p>\n","protected":false},"excerpt":{"rendered":"<p>Kasimosi danga padidina komfort\u0105 gyvuli\u0173 laikymo patalpose. J\u012f galima pritvirtinti beveik prie bet kokios betonin\u0117s sienos ar pagrindo. Kasimosi danga gali pad\u0117ti suma\u017einti gyvuli\u0173 streso lyg\u012f. Apatin\u0117 dangos dalis yra be antgali\u0173, kad apsaugot\u0173 kojas. &nbsp; Montavimo reikmenys \u012ftraukti I\u0161matavimai: 150 x 50 x 3,2 cm Svoris: 14,5 kg &nbsp; Ref. 334045<\/p>\n","protected":false},"featured_media":42989,"template":"","meta":{"_et_pb_use_builder":"","_et_pb_old_content":"","_et_gb_content_width":""},"product_brand":[],"product_cat":[150],"product_tag":[],"class_list":{"0":"post-41823","1":"product","2":"type-product","3":"status-publish","4":"has-post-thumbnail","6":"product_cat-harjad-veistele","8":"first","9":"instock","10":"shipping-taxable","11":"product-type-simple"},"yoast_head":"<!-- This site is optimized with the Yoast SEO plugin v26.4 - https:\/\/yoast.com\/wordpress\/plugins\/seo\/ -->\n<title>Kasimosi danga - Specagra<\/title>\n<meta name=\"robots\" content=\"index, follow, max-snippet:-1, max-image-preview:large, max-video-preview:-1\" \/>\n<link rel=\"canonical\" href=\"https:\/\/www.specagra.ee\/?product=kasimosi-danga\" \/>\n<meta property=\"og:locale\" content=\"et_EE\" \/>\n<meta property=\"og:type\" content=\"article\" \/>\n<meta property=\"og:title\" content=\"Kasimosi danga - Specagra\" \/>\n<meta property=\"og:description\" content=\"Kasimosi danga padidina komfort\u0105 gyvuli\u0173 laikymo patalpose. J\u012f galima pritvirtinti beveik prie bet kokios betonin\u0117s sienos ar pagrindo. Kasimosi danga gali pad\u0117ti suma\u017einti gyvuli\u0173 streso lyg\u012f. Apatin\u0117 dangos dalis yra be antgali\u0173, kad apsaugot\u0173 kojas. &nbsp; Montavimo reikmenys \u012ftraukti I\u0161matavimai: 150 x 50 x 3,2 cm Svoris: 14,5 kg &nbsp; Ref. 334045\" \/>\n<meta property=\"og:url\" content=\"https:\/\/www.specagra.ee\/?product=kasimosi-danga\" \/>\n<meta property=\"og:site_name\" content=\"Specagra\" \/>\n<meta property=\"article:modified_time\" content=\"2024-09-13T07:01:48+00:00\" \/>\n<meta property=\"og:image\" content=\"https:\/\/www.specagra.ee\/wp-content\/uploads\/2024\/08\/Untitled-design1-7.jpg\" \/>\n\t<meta property=\"og:image:width\" content=\"900\" \/>\n\t<meta property=\"og:image:height\" content=\"900\" \/>\n\t<meta property=\"og:image:type\" content=\"image\/jpeg\" \/>\n<meta name=\"twitter:card\" content=\"summary_large_image\" \/>\n<meta name=\"twitter:label1\" content=\"Est. reading time\" \/>\n\t<meta name=\"twitter:data1\" content=\"1 minut\" \/>\n<script type=\"application\/ld+json\" class=\"yoast-schema-graph\">{\"@context\":\"https:\/\/schema.org\",\"@graph\":[{\"@type\":\"WebPage\",\"@id\":\"https:\/\/www.specagra.ee\/?product=kasimosi-danga\",\"url\":\"https:\/\/www.specagra.ee\/?product=kasimosi-danga\",\"name\":\"Kasimosi danga - Specagra\",\"isPartOf\":{\"@id\":\"https:\/\/www.specagra.ee\/#website\"},\"primaryImageOfPage\":{\"@id\":\"https:\/\/www.specagra.ee\/?product=kasimosi-danga#primaryimage\"},\"image\":{\"@id\":\"https:\/\/www.specagra.ee\/?product=kasimosi-danga#primaryimage\"},\"thumbnailUrl\":\"https:\/\/www.specagra.ee\/wp-content\/uploads\/2024\/08\/Untitled-design1-7.jpg\",\"datePublished\":\"2024-08-30T13:33:45+00:00\",\"dateModified\":\"2024-09-13T07:01:48+00:00\",\"breadcrumb\":{\"@id\":\"https:\/\/www.specagra.ee\/?product=kasimosi-danga#breadcrumb\"},\"inLanguage\":\"et\",\"potentialAction\":[{\"@type\":\"ReadAction\",\"target\":[\"https:\/\/www.specagra.ee\/?product=kasimosi-danga\"]}]},{\"@type\":\"ImageObject\",\"inLanguage\":\"et\",\"@id\":\"https:\/\/www.specagra.ee\/?product=kasimosi-danga#primaryimage\",\"url\":\"https:\/\/www.specagra.ee\/wp-content\/uploads\/2024\/08\/Untitled-design1-7.jpg\",\"contentUrl\":\"https:\/\/www.specagra.ee\/wp-content\/uploads\/2024\/08\/Untitled-design1-7.jpg\",\"width\":900,\"height\":900},{\"@type\":\"BreadcrumbList\",\"@id\":\"https:\/\/www.specagra.ee\/?product=kasimosi-danga#breadcrumb\",\"itemListElement\":[{\"@type\":\"ListItem\",\"position\":1,\"name\":\"Home\",\"item\":\"https:\/\/www.specagra.ee\/\"},{\"@type\":\"ListItem\",\"position\":2,\"name\":\"P\u00f5llumajandustehnika ja loomakasvatus\",\"item\":\"https:\/\/specagra.ee\/?page_id=18493\"},{\"@type\":\"ListItem\",\"position\":3,\"name\":\"Kasimosi danga\"}]},{\"@type\":\"WebSite\",\"@id\":\"https:\/\/www.specagra.ee\/#website\",\"url\":\"https:\/\/www.specagra.ee\/\",\"name\":\"Specagra\",\"description\":\"P\u00f5llumajandustehnika ja varuosad\",\"publisher\":{\"@id\":\"https:\/\/www.specagra.ee\/#organization\"},\"potentialAction\":[{\"@type\":\"SearchAction\",\"target\":{\"@type\":\"EntryPoint\",\"urlTemplate\":\"https:\/\/www.specagra.ee\/?s={search_term_string}\"},\"query-input\":{\"@type\":\"PropertyValueSpecification\",\"valueRequired\":true,\"valueName\":\"search_term_string\"}}],\"inLanguage\":\"et\"},{\"@type\":\"Organization\",\"@id\":\"https:\/\/www.specagra.ee\/#organization\",\"name\":\"UAB Specagra\",\"url\":\"https:\/\/www.specagra.ee\/\",\"logo\":{\"@type\":\"ImageObject\",\"inLanguage\":\"et\",\"@id\":\"https:\/\/www.specagra.ee\/#\/schema\/logo\/image\/\",\"url\":\"http:\/\/www.specagra.ee\/wp-content\/uploads\/2022\/02\/SP-logo_naujas-scaled.jpg\",\"contentUrl\":\"http:\/\/www.specagra.ee\/wp-content\/uploads\/2022\/02\/SP-logo_naujas-scaled.jpg\",\"width\":2560,\"height\":326,\"caption\":\"UAB Specagra\"},\"image\":{\"@id\":\"https:\/\/www.specagra.ee\/#\/schema\/logo\/image\/\"}}]}<\/script>\n<!-- \/ Yoast SEO plugin. -->","yoast_head_json":{"title":"Kasimosi danga - Specagra","robots":{"index":"index","follow":"follow","max-snippet":"max-snippet:-1","max-image-preview":"max-image-preview:large","max-video-preview":"max-video-preview:-1"},"canonical":"https:\/\/www.specagra.ee\/?product=kasimosi-danga","og_locale":"et_EE","og_type":"article","og_title":"Kasimosi danga - Specagra","og_description":"Kasimosi danga padidina komfort\u0105 gyvuli\u0173 laikymo patalpose. J\u012f galima pritvirtinti beveik prie bet kokios betonin\u0117s sienos ar pagrindo. Kasimosi danga gali pad\u0117ti suma\u017einti gyvuli\u0173 streso lyg\u012f. Apatin\u0117 dangos dalis yra be antgali\u0173, kad apsaugot\u0173 kojas. &nbsp; Montavimo reikmenys \u012ftraukti I\u0161matavimai: 150 x 50 x 3,2 cm Svoris: 14,5 kg &nbsp; Ref. 334045","og_url":"https:\/\/www.specagra.ee\/?product=kasimosi-danga","og_site_name":"Specagra","article_modified_time":"2024-09-13T07:01:48+00:00","og_image":[{"width":900,"height":900,"url":"https:\/\/www.specagra.ee\/wp-content\/uploads\/2024\/08\/Untitled-design1-7.jpg","type":"image\/jpeg"}],"twitter_card":"summary_large_image","twitter_misc":{"Est. reading time":"1 minut"},"schema":{"@context":"https:\/\/schema.org","@graph":[{"@type":"WebPage","@id":"https:\/\/www.specagra.ee\/?product=kasimosi-danga","url":"https:\/\/www.specagra.ee\/?product=kasimosi-danga","name":"Kasimosi danga - Specagra","isPartOf":{"@id":"https:\/\/www.specagra.ee\/#website"},"primaryImageOfPage":{"@id":"https:\/\/www.specagra.ee\/?product=kasimosi-danga#primaryimage"},"image":{"@id":"https:\/\/www.specagra.ee\/?product=kasimosi-danga#primaryimage"},"thumbnailUrl":"https:\/\/www.specagra.ee\/wp-content\/uploads\/2024\/08\/Untitled-design1-7.jpg","datePublished":"2024-08-30T13:33:45+00:00","dateModified":"2024-09-13T07:01:48+00:00","breadcrumb":{"@id":"https:\/\/www.specagra.ee\/?product=kasimosi-danga#breadcrumb"},"inLanguage":"et","potentialAction":[{"@type":"ReadAction","target":["https:\/\/www.specagra.ee\/?product=kasimosi-danga"]}]},{"@type":"ImageObject","inLanguage":"et","@id":"https:\/\/www.specagra.ee\/?product=kasimosi-danga#primaryimage","url":"https:\/\/www.specagra.ee\/wp-content\/uploads\/2024\/08\/Untitled-design1-7.jpg","contentUrl":"https:\/\/www.specagra.ee\/wp-content\/uploads\/2024\/08\/Untitled-design1-7.jpg","width":900,"height":900},{"@type":"BreadcrumbList","@id":"https:\/\/www.specagra.ee\/?product=kasimosi-danga#breadcrumb","itemListElement":[{"@type":"ListItem","position":1,"name":"Home","item":"https:\/\/www.specagra.ee\/"},{"@type":"ListItem","position":2,"name":"P\u00f5llumajandustehnika ja loomakasvatus","item":"https:\/\/specagra.ee\/?page_id=18493"},{"@type":"ListItem","position":3,"name":"Kasimosi danga"}]},{"@type":"WebSite","@id":"https:\/\/www.specagra.ee\/#website","url":"https:\/\/www.specagra.ee\/","name":"Specagra","description":"P\u00f5llumajandustehnika ja varuosad","publisher":{"@id":"https:\/\/www.specagra.ee\/#organization"},"potentialAction":[{"@type":"SearchAction","target":{"@type":"EntryPoint","urlTemplate":"https:\/\/www.specagra.ee\/?s={search_term_string}"},"query-input":{"@type":"PropertyValueSpecification","valueRequired":true,"valueName":"search_term_string"}}],"inLanguage":"et"},{"@type":"Organization","@id":"https:\/\/www.specagra.ee\/#organization","name":"UAB Specagra","url":"https:\/\/www.specagra.ee\/","logo":{"@type":"ImageObject","inLanguage":"et","@id":"https:\/\/www.specagra.ee\/#\/schema\/logo\/image\/","url":"http:\/\/www.specagra.ee\/wp-content\/uploads\/2022\/02\/SP-logo_naujas-scaled.jpg","contentUrl":"http:\/\/www.specagra.ee\/wp-content\/uploads\/2022\/02\/SP-logo_naujas-scaled.jpg","width":2560,"height":326,"caption":"UAB Specagra"},"image":{"@id":"https:\/\/www.specagra.ee\/#\/schema\/logo\/image\/"}}]}},"_links":{"self":[{"href":"https:\/\/www.specagra.ee\/index.php?rest_route=\/wp\/v2\/product\/41823","targetHints":{"allow":["GET"]}}],"collection":[{"href":"https:\/\/www.specagra.ee\/index.php?rest_route=\/wp\/v2\/product"}],"about":[{"href":"https:\/\/www.specagra.ee\/index.php?rest_route=\/wp\/v2\/types\/product"}],"wp:featuredmedia":[{"embeddable":true,"href":"https:\/\/www.specagra.ee\/index.php?rest_route=\/wp\/v2\/media\/42989"}],"wp:attachment":[{"href":"https:\/\/www.specagra.ee\/index.php?rest_route=%2Fwp%2Fv2%2Fmedia&parent=41823"}],"wp:term":[{"taxonomy":"product_brand","embeddable":true,"href":"https:\/\/www.specagra.ee\/index.php?rest_route=%2Fwp%2Fv2%2Fproduct_brand&post=41823"},{"taxonomy":"product_cat","embeddable":true,"href":"https:\/\/www.specagra.ee\/index.php?rest_route=%2Fwp%2Fv2%2Fproduct_cat&post=41823"},{"taxonomy":"product_tag","embeddable":true,"href":"https:\/\/www.specagra.ee\/index.php?rest_route=%2Fwp%2Fv2%2Fproduct_tag&post=41823"}],"curies":[{"name":"wp","href":"https:\/\/api.w.org\/{rel}","templated":true}]}}