{"id":41794,"date":"2024-08-30T09:00:34","date_gmt":"2024-08-30T11:00:34","guid":{"rendered":"https:\/\/www.specagra.ee\/?post_type=product&#038;p=41794"},"modified":"2024-09-12T09:01:26","modified_gmt":"2024-09-12T11:01:26","slug":"greitas-laikinu-el-tvoru-irengimas-tornado-master-5-0","status":"publish","type":"product","link":"https:\/\/www.specagra.ee\/?product=greitas-laikinu-el-tvoru-irengimas-tornado-master-5-0","title":{"rendered":"Greitas laikin\u0173 el. tvor\u0173 \u012frengimas Tornado Master 5.0"},"content":{"rendered":"<p>Tornado Master 5.0 buvo sukurtas specialiai tam, kad laikin\u0173 tvor\u0173 sistemos b\u016bt\u0173 \u012frengtos kuo grei\u010diau ir efektyviau.<\/p>\n<p>Vienu va\u017eiavimu galima \u012frengti iki penki\u0173 eili\u0173.<\/p>\n<p>Norint \u012frengti tvoras, rit\u0117s \u012ftempiamos laisvai reguliuojamu stabd\u017eiu.<\/p>\n<p>Tvor\u0105 taip pat galima nuimti vienu va\u017eiavimu. Virv\u0117 ar juosta suvyniojama saugiai ir tolygiai.<\/p>\n<p>Kei\u010diamame d\u0117kle galima \u012fd\u0117ti iki 400 vnt. stulpeli\u0173.<\/p>\n","protected":false},"excerpt":{"rendered":"<p>Tornado Master 5.0 buvo sukurtas specialiai tam, kad laikin\u0173 tvor\u0173 sistemos b\u016bt\u0173 \u012frengtos kuo grei\u010diau ir efektyviau. Vienu va\u017eiavimu galima \u012frengti iki penki\u0173 eili\u0173. Norint \u012frengti tvoras, rit\u0117s \u012ftempiamos laisvai reguliuojamu stabd\u017eiu. Tvor\u0105 taip pat galima nuimti vienu va\u017eiavimu. Virv\u0117 ar juosta suvyniojama saugiai ir tolygiai. Kei\u010diamame d\u0117kle galima \u012fd\u0117ti iki 400 vnt. stulpeli\u0173.<\/p>\n","protected":false},"featured_media":42976,"template":"","meta":{"_et_pb_use_builder":"","_et_pb_old_content":"","_et_gb_content_width":""},"product_brand":[],"product_cat":[177,179,178],"product_tag":[],"class_list":{"0":"post-41794","1":"product","2":"type-product","3":"status-publish","4":"has-post-thumbnail","6":"product_cat-elektrikarjuse-lindid","7":"product_cat-elektrikarjuse-postid","8":"product_cat-elektrikarjuse-noorid","10":"first","11":"instock","12":"shipping-taxable","13":"product-type-simple"},"yoast_head":"<!-- This site is optimized with the Yoast SEO plugin v26.4 - https:\/\/yoast.com\/wordpress\/plugins\/seo\/ -->\n<title>Greitas laikin\u0173 el. tvor\u0173 \u012frengimas Tornado Master 5.0 - Specagra<\/title>\n<meta name=\"robots\" content=\"index, follow, max-snippet:-1, max-image-preview:large, max-video-preview:-1\" \/>\n<link rel=\"canonical\" href=\"https:\/\/www.specagra.ee\/?product=greitas-laikinu-el-tvoru-irengimas-tornado-master-5-0\" \/>\n<meta property=\"og:locale\" content=\"et_EE\" \/>\n<meta property=\"og:type\" content=\"article\" \/>\n<meta property=\"og:title\" content=\"Greitas laikin\u0173 el. tvor\u0173 \u012frengimas Tornado Master 5.0 - Specagra\" \/>\n<meta property=\"og:description\" content=\"Tornado Master 5.0 buvo sukurtas specialiai tam, kad laikin\u0173 tvor\u0173 sistemos b\u016bt\u0173 \u012frengtos kuo grei\u010diau ir efektyviau. Vienu va\u017eiavimu galima \u012frengti iki penki\u0173 eili\u0173. Norint \u012frengti tvoras, rit\u0117s \u012ftempiamos laisvai reguliuojamu stabd\u017eiu. Tvor\u0105 taip pat galima nuimti vienu va\u017eiavimu. Virv\u0117 ar juosta suvyniojama saugiai ir tolygiai. Kei\u010diamame d\u0117kle galima \u012fd\u0117ti iki 400 vnt. stulpeli\u0173.\" \/>\n<meta property=\"og:url\" content=\"https:\/\/www.specagra.ee\/?product=greitas-laikinu-el-tvoru-irengimas-tornado-master-5-0\" \/>\n<meta property=\"og:site_name\" content=\"Specagra\" \/>\n<meta property=\"article:modified_time\" content=\"2024-09-12T11:01:26+00:00\" \/>\n<meta property=\"og:image\" content=\"https:\/\/specagra.ee\/wp-content\/uploads\/2024\/08\/Untitled-design-10.jpg\" \/>\n\t<meta property=\"og:image:width\" content=\"900\" \/>\n\t<meta property=\"og:image:height\" content=\"900\" \/>\n\t<meta property=\"og:image:type\" content=\"image\/jpeg\" \/>\n<meta name=\"twitter:card\" content=\"summary_large_image\" \/>\n<meta name=\"twitter:label1\" content=\"Est. reading time\" \/>\n\t<meta name=\"twitter:data1\" content=\"1 minut\" \/>\n<script type=\"application\/ld+json\" class=\"yoast-schema-graph\">{\"@context\":\"https:\/\/schema.org\",\"@graph\":[{\"@type\":\"WebPage\",\"@id\":\"https:\/\/www.specagra.ee\/?product=greitas-laikinu-el-tvoru-irengimas-tornado-master-5-0\",\"url\":\"https:\/\/www.specagra.ee\/?product=greitas-laikinu-el-tvoru-irengimas-tornado-master-5-0\",\"name\":\"Greitas laikin\u0173 el. tvor\u0173 \u012frengimas Tornado Master 5.0 - Specagra\",\"isPartOf\":{\"@id\":\"https:\/\/www.specagra.ee\/#website\"},\"primaryImageOfPage\":{\"@id\":\"https:\/\/www.specagra.ee\/?product=greitas-laikinu-el-tvoru-irengimas-tornado-master-5-0#primaryimage\"},\"image\":{\"@id\":\"https:\/\/www.specagra.ee\/?product=greitas-laikinu-el-tvoru-irengimas-tornado-master-5-0#primaryimage\"},\"thumbnailUrl\":\"https:\/\/www.specagra.ee\/wp-content\/uploads\/2024\/08\/Untitled-design-10.jpg\",\"datePublished\":\"2024-08-30T11:00:34+00:00\",\"dateModified\":\"2024-09-12T11:01:26+00:00\",\"breadcrumb\":{\"@id\":\"https:\/\/www.specagra.ee\/?product=greitas-laikinu-el-tvoru-irengimas-tornado-master-5-0#breadcrumb\"},\"inLanguage\":\"et\",\"potentialAction\":[{\"@type\":\"ReadAction\",\"target\":[\"https:\/\/www.specagra.ee\/?product=greitas-laikinu-el-tvoru-irengimas-tornado-master-5-0\"]}]},{\"@type\":\"ImageObject\",\"inLanguage\":\"et\",\"@id\":\"https:\/\/www.specagra.ee\/?product=greitas-laikinu-el-tvoru-irengimas-tornado-master-5-0#primaryimage\",\"url\":\"https:\/\/www.specagra.ee\/wp-content\/uploads\/2024\/08\/Untitled-design-10.jpg\",\"contentUrl\":\"https:\/\/www.specagra.ee\/wp-content\/uploads\/2024\/08\/Untitled-design-10.jpg\",\"width\":900,\"height\":900},{\"@type\":\"BreadcrumbList\",\"@id\":\"https:\/\/www.specagra.ee\/?product=greitas-laikinu-el-tvoru-irengimas-tornado-master-5-0#breadcrumb\",\"itemListElement\":[{\"@type\":\"ListItem\",\"position\":1,\"name\":\"Home\",\"item\":\"https:\/\/www.specagra.ee\/\"},{\"@type\":\"ListItem\",\"position\":2,\"name\":\"P\u00f5llumajandustehnika ja loomakasvatus\",\"item\":\"https:\/\/specagra.ee\/?page_id=18493\"},{\"@type\":\"ListItem\",\"position\":3,\"name\":\"Greitas laikin\u0173 el. tvor\u0173 \u012frengimas Tornado Master 5.0\"}]},{\"@type\":\"WebSite\",\"@id\":\"https:\/\/www.specagra.ee\/#website\",\"url\":\"https:\/\/www.specagra.ee\/\",\"name\":\"Specagra\",\"description\":\"P\u00f5llumajandustehnika ja varuosad\",\"publisher\":{\"@id\":\"https:\/\/www.specagra.ee\/#organization\"},\"potentialAction\":[{\"@type\":\"SearchAction\",\"target\":{\"@type\":\"EntryPoint\",\"urlTemplate\":\"https:\/\/www.specagra.ee\/?s={search_term_string}\"},\"query-input\":{\"@type\":\"PropertyValueSpecification\",\"valueRequired\":true,\"valueName\":\"search_term_string\"}}],\"inLanguage\":\"et\"},{\"@type\":\"Organization\",\"@id\":\"https:\/\/www.specagra.ee\/#organization\",\"name\":\"UAB Specagra\",\"url\":\"https:\/\/www.specagra.ee\/\",\"logo\":{\"@type\":\"ImageObject\",\"inLanguage\":\"et\",\"@id\":\"https:\/\/www.specagra.ee\/#\/schema\/logo\/image\/\",\"url\":\"http:\/\/www.specagra.ee\/wp-content\/uploads\/2022\/02\/SP-logo_naujas-scaled.jpg\",\"contentUrl\":\"http:\/\/www.specagra.ee\/wp-content\/uploads\/2022\/02\/SP-logo_naujas-scaled.jpg\",\"width\":2560,\"height\":326,\"caption\":\"UAB Specagra\"},\"image\":{\"@id\":\"https:\/\/www.specagra.ee\/#\/schema\/logo\/image\/\"}}]}<\/script>\n<!-- \/ Yoast SEO plugin. -->","yoast_head_json":{"title":"Greitas laikin\u0173 el. tvor\u0173 \u012frengimas Tornado Master 5.0 - Specagra","robots":{"index":"index","follow":"follow","max-snippet":"max-snippet:-1","max-image-preview":"max-image-preview:large","max-video-preview":"max-video-preview:-1"},"canonical":"https:\/\/www.specagra.ee\/?product=greitas-laikinu-el-tvoru-irengimas-tornado-master-5-0","og_locale":"et_EE","og_type":"article","og_title":"Greitas laikin\u0173 el. tvor\u0173 \u012frengimas Tornado Master 5.0 - Specagra","og_description":"Tornado Master 5.0 buvo sukurtas specialiai tam, kad laikin\u0173 tvor\u0173 sistemos b\u016bt\u0173 \u012frengtos kuo grei\u010diau ir efektyviau. Vienu va\u017eiavimu galima \u012frengti iki penki\u0173 eili\u0173. Norint \u012frengti tvoras, rit\u0117s \u012ftempiamos laisvai reguliuojamu stabd\u017eiu. Tvor\u0105 taip pat galima nuimti vienu va\u017eiavimu. Virv\u0117 ar juosta suvyniojama saugiai ir tolygiai. Kei\u010diamame d\u0117kle galima \u012fd\u0117ti iki 400 vnt. stulpeli\u0173.","og_url":"https:\/\/www.specagra.ee\/?product=greitas-laikinu-el-tvoru-irengimas-tornado-master-5-0","og_site_name":"Specagra","article_modified_time":"2024-09-12T11:01:26+00:00","og_image":[{"width":900,"height":900,"url":"https:\/\/specagra.ee\/wp-content\/uploads\/2024\/08\/Untitled-design-10.jpg","type":"image\/jpeg"}],"twitter_card":"summary_large_image","twitter_misc":{"Est. reading time":"1 minut"},"schema":{"@context":"https:\/\/schema.org","@graph":[{"@type":"WebPage","@id":"https:\/\/www.specagra.ee\/?product=greitas-laikinu-el-tvoru-irengimas-tornado-master-5-0","url":"https:\/\/www.specagra.ee\/?product=greitas-laikinu-el-tvoru-irengimas-tornado-master-5-0","name":"Greitas laikin\u0173 el. tvor\u0173 \u012frengimas Tornado Master 5.0 - Specagra","isPartOf":{"@id":"https:\/\/www.specagra.ee\/#website"},"primaryImageOfPage":{"@id":"https:\/\/www.specagra.ee\/?product=greitas-laikinu-el-tvoru-irengimas-tornado-master-5-0#primaryimage"},"image":{"@id":"https:\/\/www.specagra.ee\/?product=greitas-laikinu-el-tvoru-irengimas-tornado-master-5-0#primaryimage"},"thumbnailUrl":"https:\/\/www.specagra.ee\/wp-content\/uploads\/2024\/08\/Untitled-design-10.jpg","datePublished":"2024-08-30T11:00:34+00:00","dateModified":"2024-09-12T11:01:26+00:00","breadcrumb":{"@id":"https:\/\/www.specagra.ee\/?product=greitas-laikinu-el-tvoru-irengimas-tornado-master-5-0#breadcrumb"},"inLanguage":"et","potentialAction":[{"@type":"ReadAction","target":["https:\/\/www.specagra.ee\/?product=greitas-laikinu-el-tvoru-irengimas-tornado-master-5-0"]}]},{"@type":"ImageObject","inLanguage":"et","@id":"https:\/\/www.specagra.ee\/?product=greitas-laikinu-el-tvoru-irengimas-tornado-master-5-0#primaryimage","url":"https:\/\/www.specagra.ee\/wp-content\/uploads\/2024\/08\/Untitled-design-10.jpg","contentUrl":"https:\/\/www.specagra.ee\/wp-content\/uploads\/2024\/08\/Untitled-design-10.jpg","width":900,"height":900},{"@type":"BreadcrumbList","@id":"https:\/\/www.specagra.ee\/?product=greitas-laikinu-el-tvoru-irengimas-tornado-master-5-0#breadcrumb","itemListElement":[{"@type":"ListItem","position":1,"name":"Home","item":"https:\/\/www.specagra.ee\/"},{"@type":"ListItem","position":2,"name":"P\u00f5llumajandustehnika ja loomakasvatus","item":"https:\/\/specagra.ee\/?page_id=18493"},{"@type":"ListItem","position":3,"name":"Greitas laikin\u0173 el. tvor\u0173 \u012frengimas Tornado Master 5.0"}]},{"@type":"WebSite","@id":"https:\/\/www.specagra.ee\/#website","url":"https:\/\/www.specagra.ee\/","name":"Specagra","description":"P\u00f5llumajandustehnika ja varuosad","publisher":{"@id":"https:\/\/www.specagra.ee\/#organization"},"potentialAction":[{"@type":"SearchAction","target":{"@type":"EntryPoint","urlTemplate":"https:\/\/www.specagra.ee\/?s={search_term_string}"},"query-input":{"@type":"PropertyValueSpecification","valueRequired":true,"valueName":"search_term_string"}}],"inLanguage":"et"},{"@type":"Organization","@id":"https:\/\/www.specagra.ee\/#organization","name":"UAB Specagra","url":"https:\/\/www.specagra.ee\/","logo":{"@type":"ImageObject","inLanguage":"et","@id":"https:\/\/www.specagra.ee\/#\/schema\/logo\/image\/","url":"http:\/\/www.specagra.ee\/wp-content\/uploads\/2022\/02\/SP-logo_naujas-scaled.jpg","contentUrl":"http:\/\/www.specagra.ee\/wp-content\/uploads\/2022\/02\/SP-logo_naujas-scaled.jpg","width":2560,"height":326,"caption":"UAB Specagra"},"image":{"@id":"https:\/\/www.specagra.ee\/#\/schema\/logo\/image\/"}}]}},"_links":{"self":[{"href":"https:\/\/www.specagra.ee\/index.php?rest_route=\/wp\/v2\/product\/41794","targetHints":{"allow":["GET"]}}],"collection":[{"href":"https:\/\/www.specagra.ee\/index.php?rest_route=\/wp\/v2\/product"}],"about":[{"href":"https:\/\/www.specagra.ee\/index.php?rest_route=\/wp\/v2\/types\/product"}],"wp:featuredmedia":[{"embeddable":true,"href":"https:\/\/www.specagra.ee\/index.php?rest_route=\/wp\/v2\/media\/42976"}],"wp:attachment":[{"href":"https:\/\/www.specagra.ee\/index.php?rest_route=%2Fwp%2Fv2%2Fmedia&parent=41794"}],"wp:term":[{"taxonomy":"product_brand","embeddable":true,"href":"https:\/\/www.specagra.ee\/index.php?rest_route=%2Fwp%2Fv2%2Fproduct_brand&post=41794"},{"taxonomy":"product_cat","embeddable":true,"href":"https:\/\/www.specagra.ee\/index.php?rest_route=%2Fwp%2Fv2%2Fproduct_cat&post=41794"},{"taxonomy":"product_tag","embeddable":true,"href":"https:\/\/www.specagra.ee\/index.php?rest_route=%2Fwp%2Fv2%2Fproduct_tag&post=41794"}],"curies":[{"name":"wp","href":"https:\/\/api.w.org\/{rel}","templated":true}]}}