{"id":41489,"date":"2024-07-08T05:43:12","date_gmt":"2024-07-08T07:43:12","guid":{"rendered":"https:\/\/www.specagra.ee\/?post_type=product&#038;p=41489"},"modified":"2025-01-17T11:28:59","modified_gmt":"2025-01-17T13:28:59","slug":"generatorius-an1500-d","status":"publish","type":"product","link":"https:\/\/www.specagra.ee\/?product=generatorius-an1500-d","title":{"rendered":"Generatorius AN1500-D"},"content":{"rendered":"<p>Naudodami program\u0117l\u0119 galite valdyti elektrin\u0119 tvor\u0105 savo i\u0161maniajame telefone. Nemokam\u0105 program\u0117l\u0119 galima rasti &#8220;Google Play Store&#8221; \/ &#8220;Apple Store&#8221; parduotuv\u0117je.<\/p>\n<p>Generatorius AN1500-D gali b\u016bti maitinamas i\u0161 230 V elektros tinklo, 12 V akumuliatoriaus ir saul\u0117s baterijos.<\/p>\n<p>WIFI funkcijos:<\/p>\n<ul>\n<li>Paprastas \u012fjungimas ir i\u0161jungimas<\/li>\n<li>Keli\u0173 \u012frengini\u0173 valdymas: i\u0161 vienos centrin\u0117s vietos steb\u0117kite kelis tvoros energijos tiekimo \u012frenginius<\/li>\n<li>Tvoros b\u016bkl\u0117s steb\u0117jimas: program\u0117l\u0117je realiuoju laiku tikrinkite tvoros b\u016bsen\u0105 ir gaukite naujienas apie bet kokius trikd\u017eius ar problemas<\/li>\n<li>Akumuliatoriaus b\u016bkl\u0117s tikrinimas: steb\u0117kite akumuliatoriaus \u012fkrovos b\u016bkl\u0119, kad u\u017etikrintum\u0117te, jog j\u016bs\u0173 tvoros maitinimo \u012frenginys visada tinkamas naudoti<\/li>\n<li>Tvoros \u012ftampos kontrol\u0117: gaukite tikslius tvoros \u012ftampos matavimus, kad u\u017etikrintum\u0117te efektyvum\u0105<\/li>\n<\/ul>\n<p>Siekiant u\u017etikrinti didesn\u012f \u017emoni\u0173 ir gyv\u016bn\u0173 saugum\u0105, funkcija &#8220;Impuls\u0173 kontrol\u0117&#8221; i\u0161jungia elektrinio aptvaro maitinimo \u012frengin\u012f arba suma\u017eina i\u0161\u0117jimo energij\u0105, jei impuls\u0173 i\u0161\u0117jimas yra per greitas (pvz., d\u0117l techninio gedimo). D\u0117l 2 pakop\u0173 technologijos, esant gedimams, pavyzd\u017eiui, \u0161vie\u017eiai augmenijai arba nukritus vart\u0173 rankenai, po 55 sekund\u017ei\u0173 saugos atsargos \u012f tvor\u0105 tiekiama didesn\u0117 energija, tod\u0117l j\u016bs\u0173 gyvuliai ganykloje bus saug\u016bs net ir esant gedimams.<\/p>\n<p>Auk\u0161tos kokyb\u0117s 2 spalv\u0173 LED kontrolinis ekranas ai\u0161kiai rodo akumuliatoriaus \u012fkrovim\u0105 ir prietaiso aktyvum\u0105. Lemput\u0117 mirksi kartu su impulso indikacija, tai leid\u017eia atpa\u017einti prietaiso aktyvum\u0105 i\u0161 tolo.<\/p>\n<p>Elektrin\u0117s tvoros maitinimo \u012ftaisas tinka iki 28 km ilgio tvoroms (esant vidutinei apkrovai)<\/p>\n","protected":false},"excerpt":{"rendered":"<p>Naudodami program\u0117l\u0119 galite valdyti elektrin\u0119 tvor\u0105 savo i\u0161maniajame telefone. Nemokam\u0105 program\u0117l\u0119 galima rasti &#8220;Google Play Store&#8221; \/ &#8220;Apple Store&#8221; parduotuv\u0117je. Generatorius AN1500-D gali b\u016bti maitinamas i\u0161 230 V elektros tinklo, 12 V akumuliatoriaus ir saul\u0117s baterijos. WIFI funkcijos: Paprastas \u012fjungimas ir i\u0161jungimas Keli\u0173 \u012frengini\u0173 valdymas: i\u0161 vienos centrin\u0117s vietos steb\u0117kite kelis tvoros energijos tiekimo \u012frenginius [&hellip;]<\/p>\n","protected":false},"featured_media":43971,"template":"","meta":{"_et_pb_use_builder":"","_et_pb_old_content":"","_et_gb_content_width":""},"product_brand":[],"product_cat":[175],"product_tag":[],"class_list":{"0":"post-41489","1":"product","2":"type-product","3":"status-publish","4":"has-post-thumbnail","6":"product_cat-12-230v","8":"first","9":"instock","10":"shipping-taxable","11":"product-type-simple"},"yoast_head":"<!-- This site is optimized with the Yoast SEO plugin v26.4 - https:\/\/yoast.com\/wordpress\/plugins\/seo\/ -->\n<title>Generatorius AN1500-D - Specagra<\/title>\n<meta name=\"robots\" content=\"index, follow, max-snippet:-1, max-image-preview:large, max-video-preview:-1\" \/>\n<link rel=\"canonical\" href=\"https:\/\/www.specagra.ee\/?product=generatorius-an1500-d\" \/>\n<meta property=\"og:locale\" content=\"et_EE\" \/>\n<meta property=\"og:type\" content=\"article\" \/>\n<meta property=\"og:title\" content=\"Generatorius AN1500-D - Specagra\" \/>\n<meta property=\"og:description\" content=\"Naudodami program\u0117l\u0119 galite valdyti elektrin\u0119 tvor\u0105 savo i\u0161maniajame telefone. Nemokam\u0105 program\u0117l\u0119 galima rasti &#8220;Google Play Store&#8221; \/ &#8220;Apple Store&#8221; parduotuv\u0117je. Generatorius AN1500-D gali b\u016bti maitinamas i\u0161 230 V elektros tinklo, 12 V akumuliatoriaus ir saul\u0117s baterijos. WIFI funkcijos: Paprastas \u012fjungimas ir i\u0161jungimas Keli\u0173 \u012frengini\u0173 valdymas: i\u0161 vienos centrin\u0117s vietos steb\u0117kite kelis tvoros energijos tiekimo \u012frenginius [&hellip;]\" \/>\n<meta property=\"og:url\" content=\"https:\/\/www.specagra.ee\/?product=generatorius-an1500-d\" \/>\n<meta property=\"og:site_name\" content=\"Specagra\" \/>\n<meta property=\"article:modified_time\" content=\"2025-01-17T13:28:59+00:00\" \/>\n<meta property=\"og:image\" content=\"https:\/\/www.specagra.ee\/wp-content\/uploads\/2024\/07\/Untitled-design.png\" \/>\n\t<meta property=\"og:image:width\" content=\"900\" \/>\n\t<meta property=\"og:image:height\" content=\"900\" \/>\n\t<meta property=\"og:image:type\" content=\"image\/png\" \/>\n<meta name=\"twitter:card\" content=\"summary_large_image\" \/>\n<meta name=\"twitter:label1\" content=\"Est. reading time\" \/>\n\t<meta name=\"twitter:data1\" content=\"2 minutit\" \/>\n<script type=\"application\/ld+json\" class=\"yoast-schema-graph\">{\"@context\":\"https:\/\/schema.org\",\"@graph\":[{\"@type\":\"WebPage\",\"@id\":\"https:\/\/www.specagra.ee\/?product=generatorius-an1500-d\",\"url\":\"https:\/\/www.specagra.ee\/?product=generatorius-an1500-d\",\"name\":\"Generatorius AN1500-D - Specagra\",\"isPartOf\":{\"@id\":\"https:\/\/www.specagra.ee\/#website\"},\"primaryImageOfPage\":{\"@id\":\"https:\/\/www.specagra.ee\/?product=generatorius-an1500-d#primaryimage\"},\"image\":{\"@id\":\"https:\/\/www.specagra.ee\/?product=generatorius-an1500-d#primaryimage\"},\"thumbnailUrl\":\"https:\/\/www.specagra.ee\/wp-content\/uploads\/2024\/07\/Untitled-design.png\",\"datePublished\":\"2024-07-08T07:43:12+00:00\",\"dateModified\":\"2025-01-17T13:28:59+00:00\",\"breadcrumb\":{\"@id\":\"https:\/\/www.specagra.ee\/?product=generatorius-an1500-d#breadcrumb\"},\"inLanguage\":\"et\",\"potentialAction\":[{\"@type\":\"ReadAction\",\"target\":[\"https:\/\/www.specagra.ee\/?product=generatorius-an1500-d\"]}]},{\"@type\":\"ImageObject\",\"inLanguage\":\"et\",\"@id\":\"https:\/\/www.specagra.ee\/?product=generatorius-an1500-d#primaryimage\",\"url\":\"https:\/\/www.specagra.ee\/wp-content\/uploads\/2024\/07\/Untitled-design.png\",\"contentUrl\":\"https:\/\/www.specagra.ee\/wp-content\/uploads\/2024\/07\/Untitled-design.png\",\"width\":900,\"height\":900},{\"@type\":\"BreadcrumbList\",\"@id\":\"https:\/\/www.specagra.ee\/?product=generatorius-an1500-d#breadcrumb\",\"itemListElement\":[{\"@type\":\"ListItem\",\"position\":1,\"name\":\"Home\",\"item\":\"https:\/\/www.specagra.ee\/\"},{\"@type\":\"ListItem\",\"position\":2,\"name\":\"P\u00f5llumajandustehnika ja loomakasvatus\",\"item\":\"https:\/\/specagra.ee\/?page_id=18493\"},{\"@type\":\"ListItem\",\"position\":3,\"name\":\"Generatorius AN1500-D\"}]},{\"@type\":\"WebSite\",\"@id\":\"https:\/\/www.specagra.ee\/#website\",\"url\":\"https:\/\/www.specagra.ee\/\",\"name\":\"Specagra\",\"description\":\"P\u00f5llumajandustehnika ja varuosad\",\"publisher\":{\"@id\":\"https:\/\/www.specagra.ee\/#organization\"},\"potentialAction\":[{\"@type\":\"SearchAction\",\"target\":{\"@type\":\"EntryPoint\",\"urlTemplate\":\"https:\/\/www.specagra.ee\/?s={search_term_string}\"},\"query-input\":{\"@type\":\"PropertyValueSpecification\",\"valueRequired\":true,\"valueName\":\"search_term_string\"}}],\"inLanguage\":\"et\"},{\"@type\":\"Organization\",\"@id\":\"https:\/\/www.specagra.ee\/#organization\",\"name\":\"UAB Specagra\",\"url\":\"https:\/\/www.specagra.ee\/\",\"logo\":{\"@type\":\"ImageObject\",\"inLanguage\":\"et\",\"@id\":\"https:\/\/www.specagra.ee\/#\/schema\/logo\/image\/\",\"url\":\"http:\/\/www.specagra.ee\/wp-content\/uploads\/2022\/02\/SP-logo_naujas-scaled.jpg\",\"contentUrl\":\"http:\/\/www.specagra.ee\/wp-content\/uploads\/2022\/02\/SP-logo_naujas-scaled.jpg\",\"width\":2560,\"height\":326,\"caption\":\"UAB Specagra\"},\"image\":{\"@id\":\"https:\/\/www.specagra.ee\/#\/schema\/logo\/image\/\"}}]}<\/script>\n<!-- \/ Yoast SEO plugin. -->","yoast_head_json":{"title":"Generatorius AN1500-D - Specagra","robots":{"index":"index","follow":"follow","max-snippet":"max-snippet:-1","max-image-preview":"max-image-preview:large","max-video-preview":"max-video-preview:-1"},"canonical":"https:\/\/www.specagra.ee\/?product=generatorius-an1500-d","og_locale":"et_EE","og_type":"article","og_title":"Generatorius AN1500-D - Specagra","og_description":"Naudodami program\u0117l\u0119 galite valdyti elektrin\u0119 tvor\u0105 savo i\u0161maniajame telefone. Nemokam\u0105 program\u0117l\u0119 galima rasti &#8220;Google Play Store&#8221; \/ &#8220;Apple Store&#8221; parduotuv\u0117je. Generatorius AN1500-D gali b\u016bti maitinamas i\u0161 230 V elektros tinklo, 12 V akumuliatoriaus ir saul\u0117s baterijos. WIFI funkcijos: Paprastas \u012fjungimas ir i\u0161jungimas Keli\u0173 \u012frengini\u0173 valdymas: i\u0161 vienos centrin\u0117s vietos steb\u0117kite kelis tvoros energijos tiekimo \u012frenginius [&hellip;]","og_url":"https:\/\/www.specagra.ee\/?product=generatorius-an1500-d","og_site_name":"Specagra","article_modified_time":"2025-01-17T13:28:59+00:00","og_image":[{"width":900,"height":900,"url":"https:\/\/www.specagra.ee\/wp-content\/uploads\/2024\/07\/Untitled-design.png","type":"image\/png"}],"twitter_card":"summary_large_image","twitter_misc":{"Est. reading time":"2 minutit"},"schema":{"@context":"https:\/\/schema.org","@graph":[{"@type":"WebPage","@id":"https:\/\/www.specagra.ee\/?product=generatorius-an1500-d","url":"https:\/\/www.specagra.ee\/?product=generatorius-an1500-d","name":"Generatorius AN1500-D - Specagra","isPartOf":{"@id":"https:\/\/www.specagra.ee\/#website"},"primaryImageOfPage":{"@id":"https:\/\/www.specagra.ee\/?product=generatorius-an1500-d#primaryimage"},"image":{"@id":"https:\/\/www.specagra.ee\/?product=generatorius-an1500-d#primaryimage"},"thumbnailUrl":"https:\/\/www.specagra.ee\/wp-content\/uploads\/2024\/07\/Untitled-design.png","datePublished":"2024-07-08T07:43:12+00:00","dateModified":"2025-01-17T13:28:59+00:00","breadcrumb":{"@id":"https:\/\/www.specagra.ee\/?product=generatorius-an1500-d#breadcrumb"},"inLanguage":"et","potentialAction":[{"@type":"ReadAction","target":["https:\/\/www.specagra.ee\/?product=generatorius-an1500-d"]}]},{"@type":"ImageObject","inLanguage":"et","@id":"https:\/\/www.specagra.ee\/?product=generatorius-an1500-d#primaryimage","url":"https:\/\/www.specagra.ee\/wp-content\/uploads\/2024\/07\/Untitled-design.png","contentUrl":"https:\/\/www.specagra.ee\/wp-content\/uploads\/2024\/07\/Untitled-design.png","width":900,"height":900},{"@type":"BreadcrumbList","@id":"https:\/\/www.specagra.ee\/?product=generatorius-an1500-d#breadcrumb","itemListElement":[{"@type":"ListItem","position":1,"name":"Home","item":"https:\/\/www.specagra.ee\/"},{"@type":"ListItem","position":2,"name":"P\u00f5llumajandustehnika ja loomakasvatus","item":"https:\/\/specagra.ee\/?page_id=18493"},{"@type":"ListItem","position":3,"name":"Generatorius AN1500-D"}]},{"@type":"WebSite","@id":"https:\/\/www.specagra.ee\/#website","url":"https:\/\/www.specagra.ee\/","name":"Specagra","description":"P\u00f5llumajandustehnika ja varuosad","publisher":{"@id":"https:\/\/www.specagra.ee\/#organization"},"potentialAction":[{"@type":"SearchAction","target":{"@type":"EntryPoint","urlTemplate":"https:\/\/www.specagra.ee\/?s={search_term_string}"},"query-input":{"@type":"PropertyValueSpecification","valueRequired":true,"valueName":"search_term_string"}}],"inLanguage":"et"},{"@type":"Organization","@id":"https:\/\/www.specagra.ee\/#organization","name":"UAB Specagra","url":"https:\/\/www.specagra.ee\/","logo":{"@type":"ImageObject","inLanguage":"et","@id":"https:\/\/www.specagra.ee\/#\/schema\/logo\/image\/","url":"http:\/\/www.specagra.ee\/wp-content\/uploads\/2022\/02\/SP-logo_naujas-scaled.jpg","contentUrl":"http:\/\/www.specagra.ee\/wp-content\/uploads\/2022\/02\/SP-logo_naujas-scaled.jpg","width":2560,"height":326,"caption":"UAB Specagra"},"image":{"@id":"https:\/\/www.specagra.ee\/#\/schema\/logo\/image\/"}}]}},"_links":{"self":[{"href":"https:\/\/www.specagra.ee\/index.php?rest_route=\/wp\/v2\/product\/41489","targetHints":{"allow":["GET"]}}],"collection":[{"href":"https:\/\/www.specagra.ee\/index.php?rest_route=\/wp\/v2\/product"}],"about":[{"href":"https:\/\/www.specagra.ee\/index.php?rest_route=\/wp\/v2\/types\/product"}],"wp:featuredmedia":[{"embeddable":true,"href":"https:\/\/www.specagra.ee\/index.php?rest_route=\/wp\/v2\/media\/43971"}],"wp:attachment":[{"href":"https:\/\/www.specagra.ee\/index.php?rest_route=%2Fwp%2Fv2%2Fmedia&parent=41489"}],"wp:term":[{"taxonomy":"product_brand","embeddable":true,"href":"https:\/\/www.specagra.ee\/index.php?rest_route=%2Fwp%2Fv2%2Fproduct_brand&post=41489"},{"taxonomy":"product_cat","embeddable":true,"href":"https:\/\/www.specagra.ee\/index.php?rest_route=%2Fwp%2Fv2%2Fproduct_cat&post=41489"},{"taxonomy":"product_tag","embeddable":true,"href":"https:\/\/www.specagra.ee\/index.php?rest_route=%2Fwp%2Fv2%2Fproduct_tag&post=41489"}],"curies":[{"name":"wp","href":"https:\/\/api.w.org\/{rel}","templated":true}]}}