{"id":41440,"date":"2024-06-13T11:46:33","date_gmt":"2024-06-13T13:46:33","guid":{"rendered":"https:\/\/www.specagra.ee\/?post_type=product&#038;p=41440"},"modified":"2024-09-18T06:12:28","modified_gmt":"2024-09-18T08:12:28","slug":"srutu-rezervuaras","status":"publish","type":"product","link":"https:\/\/www.specagra.ee\/?product=srutu-rezervuaras","title":{"rendered":"Srut\u0173 rezervuaras"},"content":{"rendered":"<ul>\n<li>Srut\u0173 rezervuar\u0173 stogai pagaminti i\u0161 specialios HSPO polietilenu sutvirtintos pl\u0117vel\u0117s, atsparios organin\u0117ms ir chemin\u0117ms med\u017eiagoms bei UV spinduliams<\/li>\n<li>Srut\u0173 \u012fpur\u0161kimo ir siurbimo sistema, pagaminta pagal DIN 11622-Z ir AwSV<\/li>\n<li>Sertifikuota gamykla<\/li>\n<li>Vidin\u0117 ir i\u0161orin\u0117 saugos ir kokyb\u0117s kontrol\u0117<\/li>\n<li>Ilgalaikis naudojimas<\/li>\n<\/ul>\n<p>4,02 m auk\u0161\u010dio rezervuar\u0173 talpa: nuo 354 m\u00b3 iki 2 599 m\u00b33<\/p>\n<p>5,02 m auk\u0161\u010dio rezervuar\u0173 talpa: nuo 536\u00b3 iki 4 007 m\u00b3<\/p>\n<p>6,02 m auk\u0161\u010dio rezervuar\u0173 talpa: nuo 1 043 m\u00b3 iki 7 511 m\u00b3<\/p>\n<p>8,02 m auk\u0161\u010dio rezervuar\u0173 talpa: nuo 1 390 m\u00b3 iki 10 006 m\u00b3<\/p>\n","protected":false},"excerpt":{"rendered":"<p>Srut\u0173 rezervuar\u0173 stogai pagaminti i\u0161 specialios HSPO polietilenu sutvirtintos pl\u0117vel\u0117s, atsparios organin\u0117ms ir chemin\u0117ms med\u017eiagoms bei UV spinduliams Srut\u0173 \u012fpur\u0161kimo ir siurbimo sistema, pagaminta pagal DIN 11622-Z ir AwSV Sertifikuota gamykla Vidin\u0117 ir i\u0161orin\u0117 saugos ir kokyb\u0117s kontrol\u0117 Ilgalaikis naudojimas 4,02 m auk\u0161\u010dio rezervuar\u0173 talpa: nuo 354 m\u00b3 iki 2 599 m\u00b33 5,02 m auk\u0161\u010dio [&hellip;]<\/p>\n","protected":false},"featured_media":43040,"template":"","meta":{"_et_pb_use_builder":"","_et_pb_old_content":"","_et_gb_content_width":""},"product_brand":[],"product_cat":[129],"product_tag":[],"class_list":{"0":"post-41440","1":"product","2":"type-product","3":"status-publish","4":"has-post-thumbnail","6":"product_cat-lagahoidlad","8":"first","9":"instock","10":"shipping-taxable","11":"product-type-simple"},"yoast_head":"<!-- This site is optimized with the Yoast SEO plugin v26.4 - https:\/\/yoast.com\/wordpress\/plugins\/seo\/ -->\n<title>Srut\u0173 rezervuaras - Specagra<\/title>\n<meta name=\"robots\" content=\"index, follow, max-snippet:-1, max-image-preview:large, max-video-preview:-1\" \/>\n<link rel=\"canonical\" href=\"https:\/\/www.specagra.ee\/?product=srutu-rezervuaras\" \/>\n<meta property=\"og:locale\" content=\"et_EE\" \/>\n<meta property=\"og:type\" content=\"article\" \/>\n<meta property=\"og:title\" content=\"Srut\u0173 rezervuaras - Specagra\" \/>\n<meta property=\"og:description\" content=\"Srut\u0173 rezervuar\u0173 stogai pagaminti i\u0161 specialios HSPO polietilenu sutvirtintos pl\u0117vel\u0117s, atsparios organin\u0117ms ir chemin\u0117ms med\u017eiagoms bei UV spinduliams Srut\u0173 \u012fpur\u0161kimo ir siurbimo sistema, pagaminta pagal DIN 11622-Z ir AwSV Sertifikuota gamykla Vidin\u0117 ir i\u0161orin\u0117 saugos ir kokyb\u0117s kontrol\u0117 Ilgalaikis naudojimas 4,02 m auk\u0161\u010dio rezervuar\u0173 talpa: nuo 354 m\u00b3 iki 2 599 m\u00b33 5,02 m auk\u0161\u010dio [&hellip;]\" \/>\n<meta property=\"og:url\" content=\"https:\/\/www.specagra.ee\/?product=srutu-rezervuaras\" \/>\n<meta property=\"og:site_name\" content=\"Specagra\" \/>\n<meta property=\"article:modified_time\" content=\"2024-09-18T08:12:28+00:00\" \/>\n<meta property=\"og:image\" content=\"https:\/\/www.specagra.ee\/wp-content\/uploads\/2024\/06\/Untitled-design-2.jpg\" \/>\n\t<meta property=\"og:image:width\" content=\"900\" \/>\n\t<meta property=\"og:image:height\" content=\"900\" \/>\n\t<meta property=\"og:image:type\" content=\"image\/jpeg\" \/>\n<meta name=\"twitter:card\" content=\"summary_large_image\" \/>\n<meta name=\"twitter:label1\" content=\"Est. reading time\" \/>\n\t<meta name=\"twitter:data1\" content=\"1 minut\" \/>\n<script type=\"application\/ld+json\" class=\"yoast-schema-graph\">{\"@context\":\"https:\/\/schema.org\",\"@graph\":[{\"@type\":\"WebPage\",\"@id\":\"https:\/\/www.specagra.ee\/?product=srutu-rezervuaras\",\"url\":\"https:\/\/www.specagra.ee\/?product=srutu-rezervuaras\",\"name\":\"Srut\u0173 rezervuaras - Specagra\",\"isPartOf\":{\"@id\":\"https:\/\/www.specagra.ee\/#website\"},\"primaryImageOfPage\":{\"@id\":\"https:\/\/www.specagra.ee\/?product=srutu-rezervuaras#primaryimage\"},\"image\":{\"@id\":\"https:\/\/www.specagra.ee\/?product=srutu-rezervuaras#primaryimage\"},\"thumbnailUrl\":\"https:\/\/www.specagra.ee\/wp-content\/uploads\/2024\/06\/Untitled-design-2.jpg\",\"datePublished\":\"2024-06-13T13:46:33+00:00\",\"dateModified\":\"2024-09-18T08:12:28+00:00\",\"breadcrumb\":{\"@id\":\"https:\/\/www.specagra.ee\/?product=srutu-rezervuaras#breadcrumb\"},\"inLanguage\":\"et\",\"potentialAction\":[{\"@type\":\"ReadAction\",\"target\":[\"https:\/\/www.specagra.ee\/?product=srutu-rezervuaras\"]}]},{\"@type\":\"ImageObject\",\"inLanguage\":\"et\",\"@id\":\"https:\/\/www.specagra.ee\/?product=srutu-rezervuaras#primaryimage\",\"url\":\"https:\/\/www.specagra.ee\/wp-content\/uploads\/2024\/06\/Untitled-design-2.jpg\",\"contentUrl\":\"https:\/\/www.specagra.ee\/wp-content\/uploads\/2024\/06\/Untitled-design-2.jpg\",\"width\":900,\"height\":900},{\"@type\":\"BreadcrumbList\",\"@id\":\"https:\/\/www.specagra.ee\/?product=srutu-rezervuaras#breadcrumb\",\"itemListElement\":[{\"@type\":\"ListItem\",\"position\":1,\"name\":\"Home\",\"item\":\"https:\/\/www.specagra.ee\/\"},{\"@type\":\"ListItem\",\"position\":2,\"name\":\"P\u00f5llumajandustehnika ja loomakasvatus\",\"item\":\"https:\/\/specagra.ee\/?page_id=18493\"},{\"@type\":\"ListItem\",\"position\":3,\"name\":\"Srut\u0173 rezervuaras\"}]},{\"@type\":\"WebSite\",\"@id\":\"https:\/\/www.specagra.ee\/#website\",\"url\":\"https:\/\/www.specagra.ee\/\",\"name\":\"Specagra\",\"description\":\"P\u00f5llumajandustehnika ja varuosad\",\"publisher\":{\"@id\":\"https:\/\/www.specagra.ee\/#organization\"},\"potentialAction\":[{\"@type\":\"SearchAction\",\"target\":{\"@type\":\"EntryPoint\",\"urlTemplate\":\"https:\/\/www.specagra.ee\/?s={search_term_string}\"},\"query-input\":{\"@type\":\"PropertyValueSpecification\",\"valueRequired\":true,\"valueName\":\"search_term_string\"}}],\"inLanguage\":\"et\"},{\"@type\":\"Organization\",\"@id\":\"https:\/\/www.specagra.ee\/#organization\",\"name\":\"UAB Specagra\",\"url\":\"https:\/\/www.specagra.ee\/\",\"logo\":{\"@type\":\"ImageObject\",\"inLanguage\":\"et\",\"@id\":\"https:\/\/www.specagra.ee\/#\/schema\/logo\/image\/\",\"url\":\"http:\/\/www.specagra.ee\/wp-content\/uploads\/2022\/02\/SP-logo_naujas-scaled.jpg\",\"contentUrl\":\"http:\/\/www.specagra.ee\/wp-content\/uploads\/2022\/02\/SP-logo_naujas-scaled.jpg\",\"width\":2560,\"height\":326,\"caption\":\"UAB Specagra\"},\"image\":{\"@id\":\"https:\/\/www.specagra.ee\/#\/schema\/logo\/image\/\"}}]}<\/script>\n<!-- \/ Yoast SEO plugin. -->","yoast_head_json":{"title":"Srut\u0173 rezervuaras - Specagra","robots":{"index":"index","follow":"follow","max-snippet":"max-snippet:-1","max-image-preview":"max-image-preview:large","max-video-preview":"max-video-preview:-1"},"canonical":"https:\/\/www.specagra.ee\/?product=srutu-rezervuaras","og_locale":"et_EE","og_type":"article","og_title":"Srut\u0173 rezervuaras - Specagra","og_description":"Srut\u0173 rezervuar\u0173 stogai pagaminti i\u0161 specialios HSPO polietilenu sutvirtintos pl\u0117vel\u0117s, atsparios organin\u0117ms ir chemin\u0117ms med\u017eiagoms bei UV spinduliams Srut\u0173 \u012fpur\u0161kimo ir siurbimo sistema, pagaminta pagal DIN 11622-Z ir AwSV Sertifikuota gamykla Vidin\u0117 ir i\u0161orin\u0117 saugos ir kokyb\u0117s kontrol\u0117 Ilgalaikis naudojimas 4,02 m auk\u0161\u010dio rezervuar\u0173 talpa: nuo 354 m\u00b3 iki 2 599 m\u00b33 5,02 m auk\u0161\u010dio [&hellip;]","og_url":"https:\/\/www.specagra.ee\/?product=srutu-rezervuaras","og_site_name":"Specagra","article_modified_time":"2024-09-18T08:12:28+00:00","og_image":[{"width":900,"height":900,"url":"https:\/\/www.specagra.ee\/wp-content\/uploads\/2024\/06\/Untitled-design-2.jpg","type":"image\/jpeg"}],"twitter_card":"summary_large_image","twitter_misc":{"Est. reading time":"1 minut"},"schema":{"@context":"https:\/\/schema.org","@graph":[{"@type":"WebPage","@id":"https:\/\/www.specagra.ee\/?product=srutu-rezervuaras","url":"https:\/\/www.specagra.ee\/?product=srutu-rezervuaras","name":"Srut\u0173 rezervuaras - Specagra","isPartOf":{"@id":"https:\/\/www.specagra.ee\/#website"},"primaryImageOfPage":{"@id":"https:\/\/www.specagra.ee\/?product=srutu-rezervuaras#primaryimage"},"image":{"@id":"https:\/\/www.specagra.ee\/?product=srutu-rezervuaras#primaryimage"},"thumbnailUrl":"https:\/\/www.specagra.ee\/wp-content\/uploads\/2024\/06\/Untitled-design-2.jpg","datePublished":"2024-06-13T13:46:33+00:00","dateModified":"2024-09-18T08:12:28+00:00","breadcrumb":{"@id":"https:\/\/www.specagra.ee\/?product=srutu-rezervuaras#breadcrumb"},"inLanguage":"et","potentialAction":[{"@type":"ReadAction","target":["https:\/\/www.specagra.ee\/?product=srutu-rezervuaras"]}]},{"@type":"ImageObject","inLanguage":"et","@id":"https:\/\/www.specagra.ee\/?product=srutu-rezervuaras#primaryimage","url":"https:\/\/www.specagra.ee\/wp-content\/uploads\/2024\/06\/Untitled-design-2.jpg","contentUrl":"https:\/\/www.specagra.ee\/wp-content\/uploads\/2024\/06\/Untitled-design-2.jpg","width":900,"height":900},{"@type":"BreadcrumbList","@id":"https:\/\/www.specagra.ee\/?product=srutu-rezervuaras#breadcrumb","itemListElement":[{"@type":"ListItem","position":1,"name":"Home","item":"https:\/\/www.specagra.ee\/"},{"@type":"ListItem","position":2,"name":"P\u00f5llumajandustehnika ja loomakasvatus","item":"https:\/\/specagra.ee\/?page_id=18493"},{"@type":"ListItem","position":3,"name":"Srut\u0173 rezervuaras"}]},{"@type":"WebSite","@id":"https:\/\/www.specagra.ee\/#website","url":"https:\/\/www.specagra.ee\/","name":"Specagra","description":"P\u00f5llumajandustehnika ja varuosad","publisher":{"@id":"https:\/\/www.specagra.ee\/#organization"},"potentialAction":[{"@type":"SearchAction","target":{"@type":"EntryPoint","urlTemplate":"https:\/\/www.specagra.ee\/?s={search_term_string}"},"query-input":{"@type":"PropertyValueSpecification","valueRequired":true,"valueName":"search_term_string"}}],"inLanguage":"et"},{"@type":"Organization","@id":"https:\/\/www.specagra.ee\/#organization","name":"UAB Specagra","url":"https:\/\/www.specagra.ee\/","logo":{"@type":"ImageObject","inLanguage":"et","@id":"https:\/\/www.specagra.ee\/#\/schema\/logo\/image\/","url":"http:\/\/www.specagra.ee\/wp-content\/uploads\/2022\/02\/SP-logo_naujas-scaled.jpg","contentUrl":"http:\/\/www.specagra.ee\/wp-content\/uploads\/2022\/02\/SP-logo_naujas-scaled.jpg","width":2560,"height":326,"caption":"UAB Specagra"},"image":{"@id":"https:\/\/www.specagra.ee\/#\/schema\/logo\/image\/"}}]}},"_links":{"self":[{"href":"https:\/\/www.specagra.ee\/index.php?rest_route=\/wp\/v2\/product\/41440","targetHints":{"allow":["GET"]}}],"collection":[{"href":"https:\/\/www.specagra.ee\/index.php?rest_route=\/wp\/v2\/product"}],"about":[{"href":"https:\/\/www.specagra.ee\/index.php?rest_route=\/wp\/v2\/types\/product"}],"wp:featuredmedia":[{"embeddable":true,"href":"https:\/\/www.specagra.ee\/index.php?rest_route=\/wp\/v2\/media\/43040"}],"wp:attachment":[{"href":"https:\/\/www.specagra.ee\/index.php?rest_route=%2Fwp%2Fv2%2Fmedia&parent=41440"}],"wp:term":[{"taxonomy":"product_brand","embeddable":true,"href":"https:\/\/www.specagra.ee\/index.php?rest_route=%2Fwp%2Fv2%2Fproduct_brand&post=41440"},{"taxonomy":"product_cat","embeddable":true,"href":"https:\/\/www.specagra.ee\/index.php?rest_route=%2Fwp%2Fv2%2Fproduct_cat&post=41440"},{"taxonomy":"product_tag","embeddable":true,"href":"https:\/\/www.specagra.ee\/index.php?rest_route=%2Fwp%2Fv2%2Fproduct_tag&post=41440"}],"curies":[{"name":"wp","href":"https:\/\/api.w.org\/{rel}","templated":true}]}}