{"id":41180,"date":"2024-05-28T06:19:48","date_gmt":"2024-05-28T08:19:48","guid":{"rendered":"https:\/\/www.specagra.ee\/?post_type=product&#038;p=41180"},"modified":"2024-05-28T06:23:04","modified_gmt":"2024-05-28T08:23:04","slug":"naminiu-pauksciu-lakta","status":"publish","type":"product","link":"https:\/\/www.specagra.ee\/?product=naminiu-pauksciu-lakta","title":{"rendered":"Namini\u0173 pauk\u0161\u010di\u0173 lakta"},"content":{"rendered":"<p>Lakta yra labai svarbi namini\u0173 pauk\u0161\u010di\u0173 gerovei u\u017etikrinti. Auk\u0161t\u012f galima reguliuoti iki rekomenduojamo 230 mm atstumo tarp statrams\u010di\u0173.<\/p>\n<p>\u012e komplekt\u0105 \u012feina:<\/p>\n<p>&#8211; Aliuminio strypai \u00d830 mm<\/p>\n<p>&#8211; 4 sta\u010diakampiai statrams\u010diai 40 x 20 mm<\/p>\n<p>&#8211; 1 grandin\u0117l\u0117 (240 mm ilgio), skirta atstumams nustatyti<\/p>\n","protected":false},"excerpt":{"rendered":"<p>Lakta yra labai svarbi namini\u0173 pauk\u0161\u010di\u0173 gerovei u\u017etikrinti. Auk\u0161t\u012f galima reguliuoti iki rekomenduojamo 230 mm atstumo tarp statrams\u010di\u0173. \u012e komplekt\u0105 \u012feina: &#8211; Aliuminio strypai \u00d830 mm &#8211; 4 sta\u010diakampiai statrams\u010diai 40 x 20 mm &#8211; 1 grandin\u0117l\u0117 (240 mm ilgio), skirta atstumams nustatyti<\/p>\n","protected":false},"featured_media":41181,"template":"","meta":{"_et_pb_use_builder":"","_et_pb_old_content":"","_et_gb_content_width":""},"product_brand":[],"product_cat":[137],"product_tag":[],"class_list":{"0":"post-41180","1":"product","2":"type-product","3":"status-publish","4":"has-post-thumbnail","6":"product_cat-vahepaneelid-aedikud-postid","8":"first","9":"instock","10":"shipping-taxable","11":"product-type-simple"},"yoast_head":"<!-- This site is optimized with the Yoast SEO plugin v26.4 - https:\/\/yoast.com\/wordpress\/plugins\/seo\/ -->\n<title>Namini\u0173 pauk\u0161\u010di\u0173 lakta - Specagra<\/title>\n<meta name=\"robots\" content=\"index, follow, max-snippet:-1, max-image-preview:large, max-video-preview:-1\" \/>\n<link rel=\"canonical\" href=\"https:\/\/www.specagra.ee\/?product=naminiu-pauksciu-lakta\" \/>\n<meta property=\"og:locale\" content=\"et_EE\" \/>\n<meta property=\"og:type\" content=\"article\" \/>\n<meta property=\"og:title\" content=\"Namini\u0173 pauk\u0161\u010di\u0173 lakta - Specagra\" \/>\n<meta property=\"og:description\" content=\"Lakta yra labai svarbi namini\u0173 pauk\u0161\u010di\u0173 gerovei u\u017etikrinti. Auk\u0161t\u012f galima reguliuoti iki rekomenduojamo 230 mm atstumo tarp statrams\u010di\u0173. \u012e komplekt\u0105 \u012feina: &#8211; Aliuminio strypai \u00d830 mm &#8211; 4 sta\u010diakampiai statrams\u010diai 40 x 20 mm &#8211; 1 grandin\u0117l\u0117 (240 mm ilgio), skirta atstumams nustatyti\" \/>\n<meta property=\"og:url\" content=\"https:\/\/www.specagra.ee\/?product=naminiu-pauksciu-lakta\" \/>\n<meta property=\"og:site_name\" content=\"Specagra\" \/>\n<meta property=\"article:modified_time\" content=\"2024-05-28T08:23:04+00:00\" \/>\n<meta property=\"og:image\" content=\"https:\/\/www.specagra.ee\/wp-content\/uploads\/2024\/05\/poultry-perch-length-150-m.webp\" \/>\n\t<meta property=\"og:image:width\" content=\"800\" \/>\n\t<meta property=\"og:image:height\" content=\"800\" \/>\n\t<meta property=\"og:image:type\" content=\"image\/webp\" \/>\n<meta name=\"twitter:card\" content=\"summary_large_image\" \/>\n<meta name=\"twitter:label1\" content=\"Est. reading time\" \/>\n\t<meta name=\"twitter:data1\" content=\"1 minut\" \/>\n<script type=\"application\/ld+json\" class=\"yoast-schema-graph\">{\"@context\":\"https:\/\/schema.org\",\"@graph\":[{\"@type\":\"WebPage\",\"@id\":\"https:\/\/www.specagra.ee\/?product=naminiu-pauksciu-lakta\",\"url\":\"https:\/\/www.specagra.ee\/?product=naminiu-pauksciu-lakta\",\"name\":\"Namini\u0173 pauk\u0161\u010di\u0173 lakta - Specagra\",\"isPartOf\":{\"@id\":\"https:\/\/www.specagra.ee\/#website\"},\"primaryImageOfPage\":{\"@id\":\"https:\/\/www.specagra.ee\/?product=naminiu-pauksciu-lakta#primaryimage\"},\"image\":{\"@id\":\"https:\/\/www.specagra.ee\/?product=naminiu-pauksciu-lakta#primaryimage\"},\"thumbnailUrl\":\"https:\/\/www.specagra.ee\/wp-content\/uploads\/2024\/05\/poultry-perch-length-150-m.webp\",\"datePublished\":\"2024-05-28T08:19:48+00:00\",\"dateModified\":\"2024-05-28T08:23:04+00:00\",\"breadcrumb\":{\"@id\":\"https:\/\/www.specagra.ee\/?product=naminiu-pauksciu-lakta#breadcrumb\"},\"inLanguage\":\"et\",\"potentialAction\":[{\"@type\":\"ReadAction\",\"target\":[\"https:\/\/www.specagra.ee\/?product=naminiu-pauksciu-lakta\"]}]},{\"@type\":\"ImageObject\",\"inLanguage\":\"et\",\"@id\":\"https:\/\/www.specagra.ee\/?product=naminiu-pauksciu-lakta#primaryimage\",\"url\":\"https:\/\/www.specagra.ee\/wp-content\/uploads\/2024\/05\/poultry-perch-length-150-m.webp\",\"contentUrl\":\"https:\/\/www.specagra.ee\/wp-content\/uploads\/2024\/05\/poultry-perch-length-150-m.webp\",\"width\":800,\"height\":800},{\"@type\":\"BreadcrumbList\",\"@id\":\"https:\/\/www.specagra.ee\/?product=naminiu-pauksciu-lakta#breadcrumb\",\"itemListElement\":[{\"@type\":\"ListItem\",\"position\":1,\"name\":\"Home\",\"item\":\"https:\/\/www.specagra.ee\/\"},{\"@type\":\"ListItem\",\"position\":2,\"name\":\"P\u00f5llumajandustehnika ja loomakasvatus\",\"item\":\"https:\/\/specagra.ee\/?page_id=18493\"},{\"@type\":\"ListItem\",\"position\":3,\"name\":\"Namini\u0173 pauk\u0161\u010di\u0173 lakta\"}]},{\"@type\":\"WebSite\",\"@id\":\"https:\/\/www.specagra.ee\/#website\",\"url\":\"https:\/\/www.specagra.ee\/\",\"name\":\"Specagra\",\"description\":\"P\u00f5llumajandustehnika ja varuosad\",\"publisher\":{\"@id\":\"https:\/\/www.specagra.ee\/#organization\"},\"potentialAction\":[{\"@type\":\"SearchAction\",\"target\":{\"@type\":\"EntryPoint\",\"urlTemplate\":\"https:\/\/www.specagra.ee\/?s={search_term_string}\"},\"query-input\":{\"@type\":\"PropertyValueSpecification\",\"valueRequired\":true,\"valueName\":\"search_term_string\"}}],\"inLanguage\":\"et\"},{\"@type\":\"Organization\",\"@id\":\"https:\/\/www.specagra.ee\/#organization\",\"name\":\"UAB Specagra\",\"url\":\"https:\/\/www.specagra.ee\/\",\"logo\":{\"@type\":\"ImageObject\",\"inLanguage\":\"et\",\"@id\":\"https:\/\/www.specagra.ee\/#\/schema\/logo\/image\/\",\"url\":\"http:\/\/www.specagra.ee\/wp-content\/uploads\/2022\/02\/SP-logo_naujas-scaled.jpg\",\"contentUrl\":\"http:\/\/www.specagra.ee\/wp-content\/uploads\/2022\/02\/SP-logo_naujas-scaled.jpg\",\"width\":2560,\"height\":326,\"caption\":\"UAB Specagra\"},\"image\":{\"@id\":\"https:\/\/www.specagra.ee\/#\/schema\/logo\/image\/\"}}]}<\/script>\n<!-- \/ Yoast SEO plugin. -->","yoast_head_json":{"title":"Namini\u0173 pauk\u0161\u010di\u0173 lakta - Specagra","robots":{"index":"index","follow":"follow","max-snippet":"max-snippet:-1","max-image-preview":"max-image-preview:large","max-video-preview":"max-video-preview:-1"},"canonical":"https:\/\/www.specagra.ee\/?product=naminiu-pauksciu-lakta","og_locale":"et_EE","og_type":"article","og_title":"Namini\u0173 pauk\u0161\u010di\u0173 lakta - Specagra","og_description":"Lakta yra labai svarbi namini\u0173 pauk\u0161\u010di\u0173 gerovei u\u017etikrinti. Auk\u0161t\u012f galima reguliuoti iki rekomenduojamo 230 mm atstumo tarp statrams\u010di\u0173. \u012e komplekt\u0105 \u012feina: &#8211; Aliuminio strypai \u00d830 mm &#8211; 4 sta\u010diakampiai statrams\u010diai 40 x 20 mm &#8211; 1 grandin\u0117l\u0117 (240 mm ilgio), skirta atstumams nustatyti","og_url":"https:\/\/www.specagra.ee\/?product=naminiu-pauksciu-lakta","og_site_name":"Specagra","article_modified_time":"2024-05-28T08:23:04+00:00","og_image":[{"width":800,"height":800,"url":"https:\/\/www.specagra.ee\/wp-content\/uploads\/2024\/05\/poultry-perch-length-150-m.webp","type":"image\/webp"}],"twitter_card":"summary_large_image","twitter_misc":{"Est. reading time":"1 minut"},"schema":{"@context":"https:\/\/schema.org","@graph":[{"@type":"WebPage","@id":"https:\/\/www.specagra.ee\/?product=naminiu-pauksciu-lakta","url":"https:\/\/www.specagra.ee\/?product=naminiu-pauksciu-lakta","name":"Namini\u0173 pauk\u0161\u010di\u0173 lakta - Specagra","isPartOf":{"@id":"https:\/\/www.specagra.ee\/#website"},"primaryImageOfPage":{"@id":"https:\/\/www.specagra.ee\/?product=naminiu-pauksciu-lakta#primaryimage"},"image":{"@id":"https:\/\/www.specagra.ee\/?product=naminiu-pauksciu-lakta#primaryimage"},"thumbnailUrl":"https:\/\/www.specagra.ee\/wp-content\/uploads\/2024\/05\/poultry-perch-length-150-m.webp","datePublished":"2024-05-28T08:19:48+00:00","dateModified":"2024-05-28T08:23:04+00:00","breadcrumb":{"@id":"https:\/\/www.specagra.ee\/?product=naminiu-pauksciu-lakta#breadcrumb"},"inLanguage":"et","potentialAction":[{"@type":"ReadAction","target":["https:\/\/www.specagra.ee\/?product=naminiu-pauksciu-lakta"]}]},{"@type":"ImageObject","inLanguage":"et","@id":"https:\/\/www.specagra.ee\/?product=naminiu-pauksciu-lakta#primaryimage","url":"https:\/\/www.specagra.ee\/wp-content\/uploads\/2024\/05\/poultry-perch-length-150-m.webp","contentUrl":"https:\/\/www.specagra.ee\/wp-content\/uploads\/2024\/05\/poultry-perch-length-150-m.webp","width":800,"height":800},{"@type":"BreadcrumbList","@id":"https:\/\/www.specagra.ee\/?product=naminiu-pauksciu-lakta#breadcrumb","itemListElement":[{"@type":"ListItem","position":1,"name":"Home","item":"https:\/\/www.specagra.ee\/"},{"@type":"ListItem","position":2,"name":"P\u00f5llumajandustehnika ja loomakasvatus","item":"https:\/\/specagra.ee\/?page_id=18493"},{"@type":"ListItem","position":3,"name":"Namini\u0173 pauk\u0161\u010di\u0173 lakta"}]},{"@type":"WebSite","@id":"https:\/\/www.specagra.ee\/#website","url":"https:\/\/www.specagra.ee\/","name":"Specagra","description":"P\u00f5llumajandustehnika ja varuosad","publisher":{"@id":"https:\/\/www.specagra.ee\/#organization"},"potentialAction":[{"@type":"SearchAction","target":{"@type":"EntryPoint","urlTemplate":"https:\/\/www.specagra.ee\/?s={search_term_string}"},"query-input":{"@type":"PropertyValueSpecification","valueRequired":true,"valueName":"search_term_string"}}],"inLanguage":"et"},{"@type":"Organization","@id":"https:\/\/www.specagra.ee\/#organization","name":"UAB Specagra","url":"https:\/\/www.specagra.ee\/","logo":{"@type":"ImageObject","inLanguage":"et","@id":"https:\/\/www.specagra.ee\/#\/schema\/logo\/image\/","url":"http:\/\/www.specagra.ee\/wp-content\/uploads\/2022\/02\/SP-logo_naujas-scaled.jpg","contentUrl":"http:\/\/www.specagra.ee\/wp-content\/uploads\/2022\/02\/SP-logo_naujas-scaled.jpg","width":2560,"height":326,"caption":"UAB Specagra"},"image":{"@id":"https:\/\/www.specagra.ee\/#\/schema\/logo\/image\/"}}]}},"_links":{"self":[{"href":"https:\/\/www.specagra.ee\/index.php?rest_route=\/wp\/v2\/product\/41180","targetHints":{"allow":["GET"]}}],"collection":[{"href":"https:\/\/www.specagra.ee\/index.php?rest_route=\/wp\/v2\/product"}],"about":[{"href":"https:\/\/www.specagra.ee\/index.php?rest_route=\/wp\/v2\/types\/product"}],"wp:featuredmedia":[{"embeddable":true,"href":"https:\/\/www.specagra.ee\/index.php?rest_route=\/wp\/v2\/media\/41181"}],"wp:attachment":[{"href":"https:\/\/www.specagra.ee\/index.php?rest_route=%2Fwp%2Fv2%2Fmedia&parent=41180"}],"wp:term":[{"taxonomy":"product_brand","embeddable":true,"href":"https:\/\/www.specagra.ee\/index.php?rest_route=%2Fwp%2Fv2%2Fproduct_brand&post=41180"},{"taxonomy":"product_cat","embeddable":true,"href":"https:\/\/www.specagra.ee\/index.php?rest_route=%2Fwp%2Fv2%2Fproduct_cat&post=41180"},{"taxonomy":"product_tag","embeddable":true,"href":"https:\/\/www.specagra.ee\/index.php?rest_route=%2Fwp%2Fv2%2Fproduct_tag&post=41180"}],"curies":[{"name":"wp","href":"https:\/\/api.w.org\/{rel}","templated":true}]}}