{"id":41151,"date":"2024-05-27T11:52:11","date_gmt":"2024-05-27T13:52:11","guid":{"rendered":"https:\/\/www.specagra.ee\/?post_type=product&#038;p=41151"},"modified":"2024-05-28T03:50:02","modified_gmt":"2024-05-28T05:50:02","slug":"vandens-talpykla-su-kojomis","status":"publish","type":"product","link":"https:\/\/www.specagra.ee\/?product=vandens-talpykla-su-kojomis","title":{"rendered":"Vandens talpykla su kojomis"},"content":{"rendered":"<p>Vienguba konstrukcija, suvirinta si\u016bl\u0117mis, kad b\u016bt\u0173 u\u017etikrintas tvirtumas ir sandarumas.<\/p>\n<p>\u012erengta:<\/p>\n<p>&#8211; Viena &#8220;bang\u0173 slopinimo&#8221; pl\u016bd\u0117 3200 ir 4400 litr\u0173 talpykloms ir dvi &#8220;bang\u0173 slopinimo&#8221; pl\u016bd\u0117s 5200-8000 litr\u0173 talpykloms.<\/p>\n<p>&#8211; Varstomas \u0161ulinio dangtis<\/p>\n<p>&#8211; Orlaid\u0117 \u00d842 mm 500-1100 litr\u0173 modeliams ir \u00d860 mm 1500-8000 litr\u0173 modeliams<\/p>\n<p>&#8211; Pagrindinis galinis i\u0161leidimas \u00d880 mm ant plok\u0161tel\u0117s su 4 skyl\u0117mis, skirtas \u012fvairiems vo\u017etuvams tvirtinti \u00a0ir \u00d820\/27 mm vidinis srieginis i\u0161leidimas<\/p>\n<p>&#8211; Pla\u010dios kojos su 4 mm storio sutvirtinimo plok\u0161tele<\/p>\n","protected":false},"excerpt":{"rendered":"<p>Vienguba konstrukcija, suvirinta si\u016bl\u0117mis, kad b\u016bt\u0173 u\u017etikrintas tvirtumas ir sandarumas. \u012erengta: &#8211; Viena &#8220;bang\u0173 slopinimo&#8221; pl\u016bd\u0117 3200 ir 4400 litr\u0173 talpykloms ir dvi &#8220;bang\u0173 slopinimo&#8221; pl\u016bd\u0117s 5200-8000 litr\u0173 talpykloms. &#8211; Varstomas \u0161ulinio dangtis &#8211; Orlaid\u0117 \u00d842 mm 500-1100 litr\u0173 modeliams ir \u00d860 mm 1500-8000 litr\u0173 modeliams &#8211; Pagrindinis galinis i\u0161leidimas \u00d880 mm ant plok\u0161tel\u0117s su [&hellip;]<\/p>\n","protected":false},"featured_media":41152,"template":"","meta":{"_et_pb_use_builder":"","_et_pb_old_content":"","_et_gb_content_width":""},"product_brand":[],"product_cat":[269],"product_tag":[],"class_list":{"0":"post-41151","1":"product","2":"type-product","3":"status-publish","4":"has-post-thumbnail","6":"product_cat-veekogumismahutid","8":"first","9":"instock","10":"shipping-taxable","11":"product-type-simple"},"yoast_head":"<!-- This site is optimized with the Yoast SEO plugin v26.4 - https:\/\/yoast.com\/wordpress\/plugins\/seo\/ -->\n<title>Vandens talpykla su kojomis - Specagra<\/title>\n<meta name=\"robots\" content=\"index, follow, max-snippet:-1, max-image-preview:large, max-video-preview:-1\" \/>\n<link rel=\"canonical\" href=\"https:\/\/www.specagra.ee\/?product=vandens-talpykla-su-kojomis\" \/>\n<meta property=\"og:locale\" content=\"et_EE\" \/>\n<meta property=\"og:type\" content=\"article\" \/>\n<meta property=\"og:title\" content=\"Vandens talpykla su kojomis - Specagra\" \/>\n<meta property=\"og:description\" content=\"Vienguba konstrukcija, suvirinta si\u016bl\u0117mis, kad b\u016bt\u0173 u\u017etikrintas tvirtumas ir sandarumas. \u012erengta: &#8211; Viena &#8220;bang\u0173 slopinimo&#8221; pl\u016bd\u0117 3200 ir 4400 litr\u0173 talpykloms ir dvi &#8220;bang\u0173 slopinimo&#8221; pl\u016bd\u0117s 5200-8000 litr\u0173 talpykloms. &#8211; Varstomas \u0161ulinio dangtis &#8211; Orlaid\u0117 \u00d842 mm 500-1100 litr\u0173 modeliams ir \u00d860 mm 1500-8000 litr\u0173 modeliams &#8211; Pagrindinis galinis i\u0161leidimas \u00d880 mm ant plok\u0161tel\u0117s su [&hellip;]\" \/>\n<meta property=\"og:url\" content=\"https:\/\/www.specagra.ee\/?product=vandens-talpykla-su-kojomis\" \/>\n<meta property=\"og:site_name\" content=\"Specagra\" \/>\n<meta property=\"article:modified_time\" content=\"2024-05-28T05:50:02+00:00\" \/>\n<meta property=\"og:image\" content=\"https:\/\/www.specagra.ee\/wp-content\/uploads\/2024\/05\/water-tanks-on-legs-1500-l.webp\" \/>\n\t<meta property=\"og:image:width\" content=\"800\" \/>\n\t<meta property=\"og:image:height\" content=\"800\" \/>\n\t<meta property=\"og:image:type\" content=\"image\/webp\" \/>\n<meta name=\"twitter:card\" content=\"summary_large_image\" \/>\n<meta name=\"twitter:label1\" content=\"Est. reading time\" \/>\n\t<meta name=\"twitter:data1\" content=\"1 minut\" \/>\n<script type=\"application\/ld+json\" class=\"yoast-schema-graph\">{\"@context\":\"https:\/\/schema.org\",\"@graph\":[{\"@type\":\"WebPage\",\"@id\":\"https:\/\/www.specagra.ee\/?product=vandens-talpykla-su-kojomis\",\"url\":\"https:\/\/www.specagra.ee\/?product=vandens-talpykla-su-kojomis\",\"name\":\"Vandens talpykla su kojomis - Specagra\",\"isPartOf\":{\"@id\":\"https:\/\/www.specagra.ee\/#website\"},\"primaryImageOfPage\":{\"@id\":\"https:\/\/www.specagra.ee\/?product=vandens-talpykla-su-kojomis#primaryimage\"},\"image\":{\"@id\":\"https:\/\/www.specagra.ee\/?product=vandens-talpykla-su-kojomis#primaryimage\"},\"thumbnailUrl\":\"https:\/\/www.specagra.ee\/wp-content\/uploads\/2024\/05\/water-tanks-on-legs-1500-l.webp\",\"datePublished\":\"2024-05-27T13:52:11+00:00\",\"dateModified\":\"2024-05-28T05:50:02+00:00\",\"breadcrumb\":{\"@id\":\"https:\/\/www.specagra.ee\/?product=vandens-talpykla-su-kojomis#breadcrumb\"},\"inLanguage\":\"et\",\"potentialAction\":[{\"@type\":\"ReadAction\",\"target\":[\"https:\/\/www.specagra.ee\/?product=vandens-talpykla-su-kojomis\"]}]},{\"@type\":\"ImageObject\",\"inLanguage\":\"et\",\"@id\":\"https:\/\/www.specagra.ee\/?product=vandens-talpykla-su-kojomis#primaryimage\",\"url\":\"https:\/\/www.specagra.ee\/wp-content\/uploads\/2024\/05\/water-tanks-on-legs-1500-l.webp\",\"contentUrl\":\"https:\/\/www.specagra.ee\/wp-content\/uploads\/2024\/05\/water-tanks-on-legs-1500-l.webp\",\"width\":800,\"height\":800},{\"@type\":\"BreadcrumbList\",\"@id\":\"https:\/\/www.specagra.ee\/?product=vandens-talpykla-su-kojomis#breadcrumb\",\"itemListElement\":[{\"@type\":\"ListItem\",\"position\":1,\"name\":\"Home\",\"item\":\"https:\/\/www.specagra.ee\/\"},{\"@type\":\"ListItem\",\"position\":2,\"name\":\"P\u00f5llumajandustehnika ja loomakasvatus\",\"item\":\"https:\/\/specagra.ee\/?page_id=18493\"},{\"@type\":\"ListItem\",\"position\":3,\"name\":\"Vandens talpykla su kojomis\"}]},{\"@type\":\"WebSite\",\"@id\":\"https:\/\/www.specagra.ee\/#website\",\"url\":\"https:\/\/www.specagra.ee\/\",\"name\":\"Specagra\",\"description\":\"P\u00f5llumajandustehnika ja varuosad\",\"publisher\":{\"@id\":\"https:\/\/www.specagra.ee\/#organization\"},\"potentialAction\":[{\"@type\":\"SearchAction\",\"target\":{\"@type\":\"EntryPoint\",\"urlTemplate\":\"https:\/\/www.specagra.ee\/?s={search_term_string}\"},\"query-input\":{\"@type\":\"PropertyValueSpecification\",\"valueRequired\":true,\"valueName\":\"search_term_string\"}}],\"inLanguage\":\"et\"},{\"@type\":\"Organization\",\"@id\":\"https:\/\/www.specagra.ee\/#organization\",\"name\":\"UAB Specagra\",\"url\":\"https:\/\/www.specagra.ee\/\",\"logo\":{\"@type\":\"ImageObject\",\"inLanguage\":\"et\",\"@id\":\"https:\/\/www.specagra.ee\/#\/schema\/logo\/image\/\",\"url\":\"http:\/\/www.specagra.ee\/wp-content\/uploads\/2022\/02\/SP-logo_naujas-scaled.jpg\",\"contentUrl\":\"http:\/\/www.specagra.ee\/wp-content\/uploads\/2022\/02\/SP-logo_naujas-scaled.jpg\",\"width\":2560,\"height\":326,\"caption\":\"UAB Specagra\"},\"image\":{\"@id\":\"https:\/\/www.specagra.ee\/#\/schema\/logo\/image\/\"}}]}<\/script>\n<!-- \/ Yoast SEO plugin. -->","yoast_head_json":{"title":"Vandens talpykla su kojomis - Specagra","robots":{"index":"index","follow":"follow","max-snippet":"max-snippet:-1","max-image-preview":"max-image-preview:large","max-video-preview":"max-video-preview:-1"},"canonical":"https:\/\/www.specagra.ee\/?product=vandens-talpykla-su-kojomis","og_locale":"et_EE","og_type":"article","og_title":"Vandens talpykla su kojomis - Specagra","og_description":"Vienguba konstrukcija, suvirinta si\u016bl\u0117mis, kad b\u016bt\u0173 u\u017etikrintas tvirtumas ir sandarumas. \u012erengta: &#8211; Viena &#8220;bang\u0173 slopinimo&#8221; pl\u016bd\u0117 3200 ir 4400 litr\u0173 talpykloms ir dvi &#8220;bang\u0173 slopinimo&#8221; pl\u016bd\u0117s 5200-8000 litr\u0173 talpykloms. &#8211; Varstomas \u0161ulinio dangtis &#8211; Orlaid\u0117 \u00d842 mm 500-1100 litr\u0173 modeliams ir \u00d860 mm 1500-8000 litr\u0173 modeliams &#8211; Pagrindinis galinis i\u0161leidimas \u00d880 mm ant plok\u0161tel\u0117s su [&hellip;]","og_url":"https:\/\/www.specagra.ee\/?product=vandens-talpykla-su-kojomis","og_site_name":"Specagra","article_modified_time":"2024-05-28T05:50:02+00:00","og_image":[{"width":800,"height":800,"url":"https:\/\/www.specagra.ee\/wp-content\/uploads\/2024\/05\/water-tanks-on-legs-1500-l.webp","type":"image\/webp"}],"twitter_card":"summary_large_image","twitter_misc":{"Est. reading time":"1 minut"},"schema":{"@context":"https:\/\/schema.org","@graph":[{"@type":"WebPage","@id":"https:\/\/www.specagra.ee\/?product=vandens-talpykla-su-kojomis","url":"https:\/\/www.specagra.ee\/?product=vandens-talpykla-su-kojomis","name":"Vandens talpykla su kojomis - Specagra","isPartOf":{"@id":"https:\/\/www.specagra.ee\/#website"},"primaryImageOfPage":{"@id":"https:\/\/www.specagra.ee\/?product=vandens-talpykla-su-kojomis#primaryimage"},"image":{"@id":"https:\/\/www.specagra.ee\/?product=vandens-talpykla-su-kojomis#primaryimage"},"thumbnailUrl":"https:\/\/www.specagra.ee\/wp-content\/uploads\/2024\/05\/water-tanks-on-legs-1500-l.webp","datePublished":"2024-05-27T13:52:11+00:00","dateModified":"2024-05-28T05:50:02+00:00","breadcrumb":{"@id":"https:\/\/www.specagra.ee\/?product=vandens-talpykla-su-kojomis#breadcrumb"},"inLanguage":"et","potentialAction":[{"@type":"ReadAction","target":["https:\/\/www.specagra.ee\/?product=vandens-talpykla-su-kojomis"]}]},{"@type":"ImageObject","inLanguage":"et","@id":"https:\/\/www.specagra.ee\/?product=vandens-talpykla-su-kojomis#primaryimage","url":"https:\/\/www.specagra.ee\/wp-content\/uploads\/2024\/05\/water-tanks-on-legs-1500-l.webp","contentUrl":"https:\/\/www.specagra.ee\/wp-content\/uploads\/2024\/05\/water-tanks-on-legs-1500-l.webp","width":800,"height":800},{"@type":"BreadcrumbList","@id":"https:\/\/www.specagra.ee\/?product=vandens-talpykla-su-kojomis#breadcrumb","itemListElement":[{"@type":"ListItem","position":1,"name":"Home","item":"https:\/\/www.specagra.ee\/"},{"@type":"ListItem","position":2,"name":"P\u00f5llumajandustehnika ja loomakasvatus","item":"https:\/\/specagra.ee\/?page_id=18493"},{"@type":"ListItem","position":3,"name":"Vandens talpykla su kojomis"}]},{"@type":"WebSite","@id":"https:\/\/www.specagra.ee\/#website","url":"https:\/\/www.specagra.ee\/","name":"Specagra","description":"P\u00f5llumajandustehnika ja varuosad","publisher":{"@id":"https:\/\/www.specagra.ee\/#organization"},"potentialAction":[{"@type":"SearchAction","target":{"@type":"EntryPoint","urlTemplate":"https:\/\/www.specagra.ee\/?s={search_term_string}"},"query-input":{"@type":"PropertyValueSpecification","valueRequired":true,"valueName":"search_term_string"}}],"inLanguage":"et"},{"@type":"Organization","@id":"https:\/\/www.specagra.ee\/#organization","name":"UAB Specagra","url":"https:\/\/www.specagra.ee\/","logo":{"@type":"ImageObject","inLanguage":"et","@id":"https:\/\/www.specagra.ee\/#\/schema\/logo\/image\/","url":"http:\/\/www.specagra.ee\/wp-content\/uploads\/2022\/02\/SP-logo_naujas-scaled.jpg","contentUrl":"http:\/\/www.specagra.ee\/wp-content\/uploads\/2022\/02\/SP-logo_naujas-scaled.jpg","width":2560,"height":326,"caption":"UAB Specagra"},"image":{"@id":"https:\/\/www.specagra.ee\/#\/schema\/logo\/image\/"}}]}},"_links":{"self":[{"href":"https:\/\/www.specagra.ee\/index.php?rest_route=\/wp\/v2\/product\/41151","targetHints":{"allow":["GET"]}}],"collection":[{"href":"https:\/\/www.specagra.ee\/index.php?rest_route=\/wp\/v2\/product"}],"about":[{"href":"https:\/\/www.specagra.ee\/index.php?rest_route=\/wp\/v2\/types\/product"}],"wp:featuredmedia":[{"embeddable":true,"href":"https:\/\/www.specagra.ee\/index.php?rest_route=\/wp\/v2\/media\/41152"}],"wp:attachment":[{"href":"https:\/\/www.specagra.ee\/index.php?rest_route=%2Fwp%2Fv2%2Fmedia&parent=41151"}],"wp:term":[{"taxonomy":"product_brand","embeddable":true,"href":"https:\/\/www.specagra.ee\/index.php?rest_route=%2Fwp%2Fv2%2Fproduct_brand&post=41151"},{"taxonomy":"product_cat","embeddable":true,"href":"https:\/\/www.specagra.ee\/index.php?rest_route=%2Fwp%2Fv2%2Fproduct_cat&post=41151"},{"taxonomy":"product_tag","embeddable":true,"href":"https:\/\/www.specagra.ee\/index.php?rest_route=%2Fwp%2Fv2%2Fproduct_tag&post=41151"}],"curies":[{"name":"wp","href":"https:\/\/api.w.org\/{rel}","templated":true}]}}