{"id":41049,"date":"2024-04-23T05:59:02","date_gmt":"2024-04-23T07:59:02","guid":{"rendered":"https:\/\/www.specagra.ee\/?post_type=product&#038;p=41049"},"modified":"2024-04-23T06:49:10","modified_gmt":"2024-04-23T08:49:10","slug":"aviu-vartymo-stakles-3","status":"publish","type":"product","link":"https:\/\/www.specagra.ee\/?product=aviu-vartymo-stakles-3","title":{"rendered":"Avi\u0173 vartymo stakl\u0117s"},"content":{"rendered":"<p>Reikia minimali\u0173 pastang\u0173. Paspaudus stakli\u0173 \u0161one esant\u012f pedal\u0105, vis\u0105 \u012frengin\u012f galima lengvai pasukti, kad b\u016bt\u0173 galima prieiti prie vis\u0173 gyv\u016bno k\u016bno dali\u0173.<\/p>\n<p>Stakl\u0117s pagamintos i\u0161 kar\u0161tai cinkuoto metalo, tvirtos, patvarios ir lengvai pri\u017ei\u016brimos.<\/p>\n<p>&#8211; Dviej\u0173 var\u010di\u0173 priekin\u0117s ir galin\u0117s durys, valdomos rankena su spyruokliniu u\u017eraktu, apsaugan\u010diu nuo atsidarymo.<\/p>\n<p>&#8211; \u0160oninis skydelis su kilnojamu avi\u0173 blokavimo atitvaru.<\/p>\n<p>&#8211; Naudojant jung\u010di\u0173 sistem\u0105, galima greitai sureguliuoti pagal kiekvieno gyvulio dyd\u012f.<\/p>\n<p>\u012erenginyje yra:<\/p>\n<p>&#8211; 2 strypai avims fiksuoti, kuri\u0173 plotis reguliuojamas pagal j\u0173 dyd\u012f.<\/p>\n<p>&#8211; 2 atramos galvai.<\/p>\n<p>&#8211; 1 fiksavimo ir galvos laikymo strypas, kuris gali b\u016bti naudojamas kair\u0117je arba de\u0161in\u0117je.<\/p>\n<p>&#8211; V formos dugnas geresniam i\u0161mat\u0173 \u0161alinimui, su suvirintais neslystan\u010diais \u017eiedais.<\/p>\n<p>&#8211; i\u0161traukiama perne\u0161imo rankena.<\/p>\n<p>&#8211; sulankstomi, kietos gumos ratai.<\/p>\n<p>&nbsp;<\/p>\n<ul>\n<li>Auk\u0161tis: 0,985 m<\/li>\n<li>Ilgis: 1,73 m<\/li>\n<li>Plotis: 0,92 m<\/li>\n<li>Veikimas: rankiniu b\u016bdu<\/li>\n<li>Prieiga prie gyvulio: pilnas pri\u0117jimas<\/li>\n<\/ul>\n","protected":false},"excerpt":{"rendered":"<p>Reikia minimali\u0173 pastang\u0173. Paspaudus stakli\u0173 \u0161one esant\u012f pedal\u0105, vis\u0105 \u012frengin\u012f galima lengvai pasukti, kad b\u016bt\u0173 galima prieiti prie vis\u0173 gyv\u016bno k\u016bno dali\u0173. Stakl\u0117s pagamintos i\u0161 kar\u0161tai cinkuoto metalo, tvirtos, patvarios ir lengvai pri\u017ei\u016brimos. &#8211; Dviej\u0173 var\u010di\u0173 priekin\u0117s ir galin\u0117s durys, valdomos rankena su spyruokliniu u\u017eraktu, apsaugan\u010diu nuo atsidarymo. &#8211; \u0160oninis skydelis su kilnojamu avi\u0173 blokavimo [&hellip;]<\/p>\n","protected":false},"featured_media":41050,"template":"","meta":{"_et_pb_use_builder":"","_et_pb_old_content":"","_et_gb_content_width":""},"product_brand":[],"product_cat":[157],"product_tag":[],"class_list":{"0":"post-41049","1":"product","2":"type-product","3":"status-publish","4":"has-post-thumbnail","6":"product_cat-lamba-keeramis-voi-keerutusseadmed","8":"first","9":"instock","10":"shipping-taxable","11":"product-type-simple"},"yoast_head":"<!-- This site is optimized with the Yoast SEO plugin v26.4 - https:\/\/yoast.com\/wordpress\/plugins\/seo\/ -->\n<title>Avi\u0173 vartymo stakl\u0117s - Specagra<\/title>\n<meta name=\"robots\" content=\"index, follow, max-snippet:-1, max-image-preview:large, max-video-preview:-1\" \/>\n<link rel=\"canonical\" href=\"https:\/\/www.specagra.ee\/?product=aviu-vartymo-stakles-3\" \/>\n<meta property=\"og:locale\" content=\"et_EE\" \/>\n<meta property=\"og:type\" content=\"article\" \/>\n<meta property=\"og:title\" content=\"Avi\u0173 vartymo stakl\u0117s - Specagra\" \/>\n<meta property=\"og:description\" content=\"Reikia minimali\u0173 pastang\u0173. Paspaudus stakli\u0173 \u0161one esant\u012f pedal\u0105, vis\u0105 \u012frengin\u012f galima lengvai pasukti, kad b\u016bt\u0173 galima prieiti prie vis\u0173 gyv\u016bno k\u016bno dali\u0173. Stakl\u0117s pagamintos i\u0161 kar\u0161tai cinkuoto metalo, tvirtos, patvarios ir lengvai pri\u017ei\u016brimos. &#8211; Dviej\u0173 var\u010di\u0173 priekin\u0117s ir galin\u0117s durys, valdomos rankena su spyruokliniu u\u017eraktu, apsaugan\u010diu nuo atsidarymo. &#8211; \u0160oninis skydelis su kilnojamu avi\u0173 blokavimo [&hellip;]\" \/>\n<meta property=\"og:url\" content=\"https:\/\/www.specagra.ee\/?product=aviu-vartymo-stakles-3\" \/>\n<meta property=\"og:site_name\" content=\"Specagra\" \/>\n<meta property=\"article:modified_time\" content=\"2024-04-23T08:49:10+00:00\" \/>\n<meta property=\"og:image\" content=\"https:\/\/www.specagra.ee\/wp-content\/uploads\/2024\/04\/1-2.jpg\" \/>\n\t<meta property=\"og:image:width\" content=\"800\" \/>\n\t<meta property=\"og:image:height\" content=\"800\" \/>\n\t<meta property=\"og:image:type\" content=\"image\/jpeg\" \/>\n<meta name=\"twitter:card\" content=\"summary_large_image\" \/>\n<meta name=\"twitter:label1\" content=\"Est. reading time\" \/>\n\t<meta name=\"twitter:data1\" content=\"1 minut\" \/>\n<script type=\"application\/ld+json\" class=\"yoast-schema-graph\">{\"@context\":\"https:\/\/schema.org\",\"@graph\":[{\"@type\":\"WebPage\",\"@id\":\"https:\/\/www.specagra.ee\/?product=aviu-vartymo-stakles-3\",\"url\":\"https:\/\/www.specagra.ee\/?product=aviu-vartymo-stakles-3\",\"name\":\"Avi\u0173 vartymo stakl\u0117s - Specagra\",\"isPartOf\":{\"@id\":\"https:\/\/www.specagra.ee\/#website\"},\"primaryImageOfPage\":{\"@id\":\"https:\/\/www.specagra.ee\/?product=aviu-vartymo-stakles-3#primaryimage\"},\"image\":{\"@id\":\"https:\/\/www.specagra.ee\/?product=aviu-vartymo-stakles-3#primaryimage\"},\"thumbnailUrl\":\"https:\/\/www.specagra.ee\/wp-content\/uploads\/2024\/04\/1-2.jpg\",\"datePublished\":\"2024-04-23T07:59:02+00:00\",\"dateModified\":\"2024-04-23T08:49:10+00:00\",\"breadcrumb\":{\"@id\":\"https:\/\/www.specagra.ee\/?product=aviu-vartymo-stakles-3#breadcrumb\"},\"inLanguage\":\"et\",\"potentialAction\":[{\"@type\":\"ReadAction\",\"target\":[\"https:\/\/www.specagra.ee\/?product=aviu-vartymo-stakles-3\"]}]},{\"@type\":\"ImageObject\",\"inLanguage\":\"et\",\"@id\":\"https:\/\/www.specagra.ee\/?product=aviu-vartymo-stakles-3#primaryimage\",\"url\":\"https:\/\/www.specagra.ee\/wp-content\/uploads\/2024\/04\/1-2.jpg\",\"contentUrl\":\"https:\/\/www.specagra.ee\/wp-content\/uploads\/2024\/04\/1-2.jpg\",\"width\":800,\"height\":800},{\"@type\":\"BreadcrumbList\",\"@id\":\"https:\/\/www.specagra.ee\/?product=aviu-vartymo-stakles-3#breadcrumb\",\"itemListElement\":[{\"@type\":\"ListItem\",\"position\":1,\"name\":\"Home\",\"item\":\"https:\/\/www.specagra.ee\/\"},{\"@type\":\"ListItem\",\"position\":2,\"name\":\"P\u00f5llumajandustehnika ja loomakasvatus\",\"item\":\"https:\/\/specagra.ee\/?page_id=18493\"},{\"@type\":\"ListItem\",\"position\":3,\"name\":\"Avi\u0173 vartymo stakl\u0117s\"}]},{\"@type\":\"WebSite\",\"@id\":\"https:\/\/www.specagra.ee\/#website\",\"url\":\"https:\/\/www.specagra.ee\/\",\"name\":\"Specagra\",\"description\":\"P\u00f5llumajandustehnika ja varuosad\",\"publisher\":{\"@id\":\"https:\/\/www.specagra.ee\/#organization\"},\"potentialAction\":[{\"@type\":\"SearchAction\",\"target\":{\"@type\":\"EntryPoint\",\"urlTemplate\":\"https:\/\/www.specagra.ee\/?s={search_term_string}\"},\"query-input\":{\"@type\":\"PropertyValueSpecification\",\"valueRequired\":true,\"valueName\":\"search_term_string\"}}],\"inLanguage\":\"et\"},{\"@type\":\"Organization\",\"@id\":\"https:\/\/www.specagra.ee\/#organization\",\"name\":\"UAB Specagra\",\"url\":\"https:\/\/www.specagra.ee\/\",\"logo\":{\"@type\":\"ImageObject\",\"inLanguage\":\"et\",\"@id\":\"https:\/\/www.specagra.ee\/#\/schema\/logo\/image\/\",\"url\":\"http:\/\/www.specagra.ee\/wp-content\/uploads\/2022\/02\/SP-logo_naujas-scaled.jpg\",\"contentUrl\":\"http:\/\/www.specagra.ee\/wp-content\/uploads\/2022\/02\/SP-logo_naujas-scaled.jpg\",\"width\":2560,\"height\":326,\"caption\":\"UAB Specagra\"},\"image\":{\"@id\":\"https:\/\/www.specagra.ee\/#\/schema\/logo\/image\/\"}}]}<\/script>\n<!-- \/ Yoast SEO plugin. -->","yoast_head_json":{"title":"Avi\u0173 vartymo stakl\u0117s - Specagra","robots":{"index":"index","follow":"follow","max-snippet":"max-snippet:-1","max-image-preview":"max-image-preview:large","max-video-preview":"max-video-preview:-1"},"canonical":"https:\/\/www.specagra.ee\/?product=aviu-vartymo-stakles-3","og_locale":"et_EE","og_type":"article","og_title":"Avi\u0173 vartymo stakl\u0117s - Specagra","og_description":"Reikia minimali\u0173 pastang\u0173. Paspaudus stakli\u0173 \u0161one esant\u012f pedal\u0105, vis\u0105 \u012frengin\u012f galima lengvai pasukti, kad b\u016bt\u0173 galima prieiti prie vis\u0173 gyv\u016bno k\u016bno dali\u0173. Stakl\u0117s pagamintos i\u0161 kar\u0161tai cinkuoto metalo, tvirtos, patvarios ir lengvai pri\u017ei\u016brimos. &#8211; Dviej\u0173 var\u010di\u0173 priekin\u0117s ir galin\u0117s durys, valdomos rankena su spyruokliniu u\u017eraktu, apsaugan\u010diu nuo atsidarymo. &#8211; \u0160oninis skydelis su kilnojamu avi\u0173 blokavimo [&hellip;]","og_url":"https:\/\/www.specagra.ee\/?product=aviu-vartymo-stakles-3","og_site_name":"Specagra","article_modified_time":"2024-04-23T08:49:10+00:00","og_image":[{"width":800,"height":800,"url":"https:\/\/www.specagra.ee\/wp-content\/uploads\/2024\/04\/1-2.jpg","type":"image\/jpeg"}],"twitter_card":"summary_large_image","twitter_misc":{"Est. reading time":"1 minut"},"schema":{"@context":"https:\/\/schema.org","@graph":[{"@type":"WebPage","@id":"https:\/\/www.specagra.ee\/?product=aviu-vartymo-stakles-3","url":"https:\/\/www.specagra.ee\/?product=aviu-vartymo-stakles-3","name":"Avi\u0173 vartymo stakl\u0117s - Specagra","isPartOf":{"@id":"https:\/\/www.specagra.ee\/#website"},"primaryImageOfPage":{"@id":"https:\/\/www.specagra.ee\/?product=aviu-vartymo-stakles-3#primaryimage"},"image":{"@id":"https:\/\/www.specagra.ee\/?product=aviu-vartymo-stakles-3#primaryimage"},"thumbnailUrl":"https:\/\/www.specagra.ee\/wp-content\/uploads\/2024\/04\/1-2.jpg","datePublished":"2024-04-23T07:59:02+00:00","dateModified":"2024-04-23T08:49:10+00:00","breadcrumb":{"@id":"https:\/\/www.specagra.ee\/?product=aviu-vartymo-stakles-3#breadcrumb"},"inLanguage":"et","potentialAction":[{"@type":"ReadAction","target":["https:\/\/www.specagra.ee\/?product=aviu-vartymo-stakles-3"]}]},{"@type":"ImageObject","inLanguage":"et","@id":"https:\/\/www.specagra.ee\/?product=aviu-vartymo-stakles-3#primaryimage","url":"https:\/\/www.specagra.ee\/wp-content\/uploads\/2024\/04\/1-2.jpg","contentUrl":"https:\/\/www.specagra.ee\/wp-content\/uploads\/2024\/04\/1-2.jpg","width":800,"height":800},{"@type":"BreadcrumbList","@id":"https:\/\/www.specagra.ee\/?product=aviu-vartymo-stakles-3#breadcrumb","itemListElement":[{"@type":"ListItem","position":1,"name":"Home","item":"https:\/\/www.specagra.ee\/"},{"@type":"ListItem","position":2,"name":"P\u00f5llumajandustehnika ja loomakasvatus","item":"https:\/\/specagra.ee\/?page_id=18493"},{"@type":"ListItem","position":3,"name":"Avi\u0173 vartymo stakl\u0117s"}]},{"@type":"WebSite","@id":"https:\/\/www.specagra.ee\/#website","url":"https:\/\/www.specagra.ee\/","name":"Specagra","description":"P\u00f5llumajandustehnika ja varuosad","publisher":{"@id":"https:\/\/www.specagra.ee\/#organization"},"potentialAction":[{"@type":"SearchAction","target":{"@type":"EntryPoint","urlTemplate":"https:\/\/www.specagra.ee\/?s={search_term_string}"},"query-input":{"@type":"PropertyValueSpecification","valueRequired":true,"valueName":"search_term_string"}}],"inLanguage":"et"},{"@type":"Organization","@id":"https:\/\/www.specagra.ee\/#organization","name":"UAB Specagra","url":"https:\/\/www.specagra.ee\/","logo":{"@type":"ImageObject","inLanguage":"et","@id":"https:\/\/www.specagra.ee\/#\/schema\/logo\/image\/","url":"http:\/\/www.specagra.ee\/wp-content\/uploads\/2022\/02\/SP-logo_naujas-scaled.jpg","contentUrl":"http:\/\/www.specagra.ee\/wp-content\/uploads\/2022\/02\/SP-logo_naujas-scaled.jpg","width":2560,"height":326,"caption":"UAB Specagra"},"image":{"@id":"https:\/\/www.specagra.ee\/#\/schema\/logo\/image\/"}}]}},"_links":{"self":[{"href":"https:\/\/www.specagra.ee\/index.php?rest_route=\/wp\/v2\/product\/41049","targetHints":{"allow":["GET"]}}],"collection":[{"href":"https:\/\/www.specagra.ee\/index.php?rest_route=\/wp\/v2\/product"}],"about":[{"href":"https:\/\/www.specagra.ee\/index.php?rest_route=\/wp\/v2\/types\/product"}],"wp:featuredmedia":[{"embeddable":true,"href":"https:\/\/www.specagra.ee\/index.php?rest_route=\/wp\/v2\/media\/41050"}],"wp:attachment":[{"href":"https:\/\/www.specagra.ee\/index.php?rest_route=%2Fwp%2Fv2%2Fmedia&parent=41049"}],"wp:term":[{"taxonomy":"product_brand","embeddable":true,"href":"https:\/\/www.specagra.ee\/index.php?rest_route=%2Fwp%2Fv2%2Fproduct_brand&post=41049"},{"taxonomy":"product_cat","embeddable":true,"href":"https:\/\/www.specagra.ee\/index.php?rest_route=%2Fwp%2Fv2%2Fproduct_cat&post=41049"},{"taxonomy":"product_tag","embeddable":true,"href":"https:\/\/www.specagra.ee\/index.php?rest_route=%2Fwp%2Fv2%2Fproduct_tag&post=41049"}],"curies":[{"name":"wp","href":"https:\/\/api.w.org\/{rel}","templated":true}]}}