{"id":40994,"date":"2024-04-17T09:50:09","date_gmt":"2024-04-17T11:50:09","guid":{"rendered":"https:\/\/www.specagra.ee\/?post_type=product&#038;p=40994"},"modified":"2024-09-13T04:50:53","modified_gmt":"2024-09-13T06:50:53","slug":"galviju-sepetys-happycow-duo","status":"publish","type":"product","link":"https:\/\/www.specagra.ee\/?product=galviju-sepetys-happycow-duo","title":{"rendered":"Galvij\u0173 \u0161epetys HAPPYCOW DUO"},"content":{"rendered":"<p>Bendrosios savyb\u0117s:<\/p>\n<ul>\n<li>\u0160ukuojant, valant ir masa\u017euojant galv\u0105, kakl\u0105, nugar\u0105 ir \u0161onus, pagerinama kraujotaka \u00a0ir skatinama med\u017eiag\u0173 apykaita.<\/li>\n<li>Naudojant dvigub\u0105 \u0161epet\u012f vienu metu galima valyti \u0161onus ir nugar\u0105.<\/li>\n<li>\u0160epetys automati\u0161kai \u012fsijungia gyvuliams \u0161iek tiek j\u012f kilstel\u0117jus.<\/li>\n<li>Auk\u0161tos kokyb\u0117s \u0161eriai u\u017etikrina ilg\u0105 tarnavimo laik\u0105.<\/li>\n<li>Galimyb\u0117 nustatyti skirting\u0105 \u0161epe\u010dio veikimo trukm\u0119 (10-300 s).<\/li>\n<li>Kei\u010diant \u0161epe\u010di\u0173 jud\u0117jimo krypt\u012f po kiekvieno \u012fjungimo, u\u017etikrinamas tolygus \u0161epe\u010di\u0173 nusid\u0117v\u0117jimas.<\/li>\n<li>\u0160epetys automati\u0161kai sustabdomas, esant per dideliam pasiprie\u0161inimui, taip u\u017etikrindamas saugum\u0105.<\/li>\n<li>Skirtas jungti \u012f 230 V elektros lizd\u0105.<\/li>\n<li>Visos metalin\u0117s dalys yra kar\u0161tai cinkuotos.<\/li>\n<\/ul>\n<p>Techniniai duomenys:<\/p>\n<ul>\n<li>Spalva: raudona\/m\u0117lyna<\/li>\n<li>Plotis: 40 cm<\/li>\n<li>Gylis: 105 cm<\/li>\n<li>Auk\u0161tis: 115 cm<\/li>\n<li>Svoris: 150 kg<\/li>\n<li>Galingumas: 370 W<\/li>\n<\/ul>\n","protected":false},"excerpt":{"rendered":"<p>Bendrosios savyb\u0117s: \u0160ukuojant, valant ir masa\u017euojant galv\u0105, kakl\u0105, nugar\u0105 ir \u0161onus, pagerinama kraujotaka \u00a0ir skatinama med\u017eiag\u0173 apykaita. Naudojant dvigub\u0105 \u0161epet\u012f vienu metu galima valyti \u0161onus ir nugar\u0105. \u0160epetys automati\u0161kai \u012fsijungia gyvuliams \u0161iek tiek j\u012f kilstel\u0117jus. Auk\u0161tos kokyb\u0117s \u0161eriai u\u017etikrina ilg\u0105 tarnavimo laik\u0105. Galimyb\u0117 nustatyti skirting\u0105 \u0161epe\u010dio veikimo trukm\u0119 (10-300 s). Kei\u010diant \u0161epe\u010di\u0173 jud\u0117jimo krypt\u012f po [&hellip;]<\/p>\n","protected":false},"featured_media":42987,"template":"","meta":{"_et_pb_use_builder":"","_et_pb_old_content":"","_et_gb_content_width":""},"product_brand":[],"product_cat":[150],"product_tag":[],"class_list":{"0":"post-40994","1":"product","2":"type-product","3":"status-publish","4":"has-post-thumbnail","6":"product_cat-harjad-veistele","8":"first","9":"instock","10":"shipping-taxable","11":"product-type-simple"},"yoast_head":"<!-- This site is optimized with the Yoast SEO plugin v26.4 - https:\/\/yoast.com\/wordpress\/plugins\/seo\/ -->\n<title>Galvij\u0173 \u0161epetys HAPPYCOW DUO - Specagra<\/title>\n<meta name=\"robots\" content=\"index, follow, max-snippet:-1, max-image-preview:large, max-video-preview:-1\" \/>\n<link rel=\"canonical\" href=\"https:\/\/www.specagra.ee\/?product=galviju-sepetys-happycow-duo\" \/>\n<meta property=\"og:locale\" content=\"et_EE\" \/>\n<meta property=\"og:type\" content=\"article\" \/>\n<meta property=\"og:title\" content=\"Galvij\u0173 \u0161epetys HAPPYCOW DUO - Specagra\" \/>\n<meta property=\"og:description\" content=\"Bendrosios savyb\u0117s: \u0160ukuojant, valant ir masa\u017euojant galv\u0105, kakl\u0105, nugar\u0105 ir \u0161onus, pagerinama kraujotaka \u00a0ir skatinama med\u017eiag\u0173 apykaita. Naudojant dvigub\u0105 \u0161epet\u012f vienu metu galima valyti \u0161onus ir nugar\u0105. \u0160epetys automati\u0161kai \u012fsijungia gyvuliams \u0161iek tiek j\u012f kilstel\u0117jus. Auk\u0161tos kokyb\u0117s \u0161eriai u\u017etikrina ilg\u0105 tarnavimo laik\u0105. Galimyb\u0117 nustatyti skirting\u0105 \u0161epe\u010dio veikimo trukm\u0119 (10-300 s). Kei\u010diant \u0161epe\u010di\u0173 jud\u0117jimo krypt\u012f po [&hellip;]\" \/>\n<meta property=\"og:url\" content=\"https:\/\/www.specagra.ee\/?product=galviju-sepetys-happycow-duo\" \/>\n<meta property=\"og:site_name\" content=\"Specagra\" \/>\n<meta property=\"article:modified_time\" content=\"2024-09-13T06:50:53+00:00\" \/>\n<meta property=\"og:image\" content=\"https:\/\/www.specagra.ee\/wp-content\/uploads\/2024\/04\/Untitled-design-1.jpg\" \/>\n\t<meta property=\"og:image:width\" content=\"900\" \/>\n\t<meta property=\"og:image:height\" content=\"900\" \/>\n\t<meta property=\"og:image:type\" content=\"image\/jpeg\" \/>\n<meta name=\"twitter:card\" content=\"summary_large_image\" \/>\n<meta name=\"twitter:label1\" content=\"Est. reading time\" \/>\n\t<meta name=\"twitter:data1\" content=\"1 minut\" \/>\n<script type=\"application\/ld+json\" class=\"yoast-schema-graph\">{\"@context\":\"https:\/\/schema.org\",\"@graph\":[{\"@type\":\"WebPage\",\"@id\":\"https:\/\/www.specagra.ee\/?product=galviju-sepetys-happycow-duo\",\"url\":\"https:\/\/www.specagra.ee\/?product=galviju-sepetys-happycow-duo\",\"name\":\"Galvij\u0173 \u0161epetys HAPPYCOW DUO - Specagra\",\"isPartOf\":{\"@id\":\"https:\/\/www.specagra.ee\/#website\"},\"primaryImageOfPage\":{\"@id\":\"https:\/\/www.specagra.ee\/?product=galviju-sepetys-happycow-duo#primaryimage\"},\"image\":{\"@id\":\"https:\/\/www.specagra.ee\/?product=galviju-sepetys-happycow-duo#primaryimage\"},\"thumbnailUrl\":\"https:\/\/www.specagra.ee\/wp-content\/uploads\/2024\/04\/Untitled-design-1.jpg\",\"datePublished\":\"2024-04-17T11:50:09+00:00\",\"dateModified\":\"2024-09-13T06:50:53+00:00\",\"breadcrumb\":{\"@id\":\"https:\/\/www.specagra.ee\/?product=galviju-sepetys-happycow-duo#breadcrumb\"},\"inLanguage\":\"et\",\"potentialAction\":[{\"@type\":\"ReadAction\",\"target\":[\"https:\/\/www.specagra.ee\/?product=galviju-sepetys-happycow-duo\"]}]},{\"@type\":\"ImageObject\",\"inLanguage\":\"et\",\"@id\":\"https:\/\/www.specagra.ee\/?product=galviju-sepetys-happycow-duo#primaryimage\",\"url\":\"https:\/\/www.specagra.ee\/wp-content\/uploads\/2024\/04\/Untitled-design-1.jpg\",\"contentUrl\":\"https:\/\/www.specagra.ee\/wp-content\/uploads\/2024\/04\/Untitled-design-1.jpg\",\"width\":900,\"height\":900},{\"@type\":\"BreadcrumbList\",\"@id\":\"https:\/\/www.specagra.ee\/?product=galviju-sepetys-happycow-duo#breadcrumb\",\"itemListElement\":[{\"@type\":\"ListItem\",\"position\":1,\"name\":\"Home\",\"item\":\"https:\/\/www.specagra.ee\/\"},{\"@type\":\"ListItem\",\"position\":2,\"name\":\"P\u00f5llumajandustehnika ja loomakasvatus\",\"item\":\"https:\/\/specagra.ee\/?page_id=18493\"},{\"@type\":\"ListItem\",\"position\":3,\"name\":\"Galvij\u0173 \u0161epetys HAPPYCOW DUO\"}]},{\"@type\":\"WebSite\",\"@id\":\"https:\/\/www.specagra.ee\/#website\",\"url\":\"https:\/\/www.specagra.ee\/\",\"name\":\"Specagra\",\"description\":\"P\u00f5llumajandustehnika ja varuosad\",\"publisher\":{\"@id\":\"https:\/\/www.specagra.ee\/#organization\"},\"potentialAction\":[{\"@type\":\"SearchAction\",\"target\":{\"@type\":\"EntryPoint\",\"urlTemplate\":\"https:\/\/www.specagra.ee\/?s={search_term_string}\"},\"query-input\":{\"@type\":\"PropertyValueSpecification\",\"valueRequired\":true,\"valueName\":\"search_term_string\"}}],\"inLanguage\":\"et\"},{\"@type\":\"Organization\",\"@id\":\"https:\/\/www.specagra.ee\/#organization\",\"name\":\"UAB Specagra\",\"url\":\"https:\/\/www.specagra.ee\/\",\"logo\":{\"@type\":\"ImageObject\",\"inLanguage\":\"et\",\"@id\":\"https:\/\/www.specagra.ee\/#\/schema\/logo\/image\/\",\"url\":\"http:\/\/www.specagra.ee\/wp-content\/uploads\/2022\/02\/SP-logo_naujas-scaled.jpg\",\"contentUrl\":\"http:\/\/www.specagra.ee\/wp-content\/uploads\/2022\/02\/SP-logo_naujas-scaled.jpg\",\"width\":2560,\"height\":326,\"caption\":\"UAB Specagra\"},\"image\":{\"@id\":\"https:\/\/www.specagra.ee\/#\/schema\/logo\/image\/\"}}]}<\/script>\n<!-- \/ Yoast SEO plugin. -->","yoast_head_json":{"title":"Galvij\u0173 \u0161epetys HAPPYCOW DUO - Specagra","robots":{"index":"index","follow":"follow","max-snippet":"max-snippet:-1","max-image-preview":"max-image-preview:large","max-video-preview":"max-video-preview:-1"},"canonical":"https:\/\/www.specagra.ee\/?product=galviju-sepetys-happycow-duo","og_locale":"et_EE","og_type":"article","og_title":"Galvij\u0173 \u0161epetys HAPPYCOW DUO - Specagra","og_description":"Bendrosios savyb\u0117s: \u0160ukuojant, valant ir masa\u017euojant galv\u0105, kakl\u0105, nugar\u0105 ir \u0161onus, pagerinama kraujotaka \u00a0ir skatinama med\u017eiag\u0173 apykaita. Naudojant dvigub\u0105 \u0161epet\u012f vienu metu galima valyti \u0161onus ir nugar\u0105. \u0160epetys automati\u0161kai \u012fsijungia gyvuliams \u0161iek tiek j\u012f kilstel\u0117jus. Auk\u0161tos kokyb\u0117s \u0161eriai u\u017etikrina ilg\u0105 tarnavimo laik\u0105. Galimyb\u0117 nustatyti skirting\u0105 \u0161epe\u010dio veikimo trukm\u0119 (10-300 s). Kei\u010diant \u0161epe\u010di\u0173 jud\u0117jimo krypt\u012f po [&hellip;]","og_url":"https:\/\/www.specagra.ee\/?product=galviju-sepetys-happycow-duo","og_site_name":"Specagra","article_modified_time":"2024-09-13T06:50:53+00:00","og_image":[{"width":900,"height":900,"url":"https:\/\/www.specagra.ee\/wp-content\/uploads\/2024\/04\/Untitled-design-1.jpg","type":"image\/jpeg"}],"twitter_card":"summary_large_image","twitter_misc":{"Est. reading time":"1 minut"},"schema":{"@context":"https:\/\/schema.org","@graph":[{"@type":"WebPage","@id":"https:\/\/www.specagra.ee\/?product=galviju-sepetys-happycow-duo","url":"https:\/\/www.specagra.ee\/?product=galviju-sepetys-happycow-duo","name":"Galvij\u0173 \u0161epetys HAPPYCOW DUO - Specagra","isPartOf":{"@id":"https:\/\/www.specagra.ee\/#website"},"primaryImageOfPage":{"@id":"https:\/\/www.specagra.ee\/?product=galviju-sepetys-happycow-duo#primaryimage"},"image":{"@id":"https:\/\/www.specagra.ee\/?product=galviju-sepetys-happycow-duo#primaryimage"},"thumbnailUrl":"https:\/\/www.specagra.ee\/wp-content\/uploads\/2024\/04\/Untitled-design-1.jpg","datePublished":"2024-04-17T11:50:09+00:00","dateModified":"2024-09-13T06:50:53+00:00","breadcrumb":{"@id":"https:\/\/www.specagra.ee\/?product=galviju-sepetys-happycow-duo#breadcrumb"},"inLanguage":"et","potentialAction":[{"@type":"ReadAction","target":["https:\/\/www.specagra.ee\/?product=galviju-sepetys-happycow-duo"]}]},{"@type":"ImageObject","inLanguage":"et","@id":"https:\/\/www.specagra.ee\/?product=galviju-sepetys-happycow-duo#primaryimage","url":"https:\/\/www.specagra.ee\/wp-content\/uploads\/2024\/04\/Untitled-design-1.jpg","contentUrl":"https:\/\/www.specagra.ee\/wp-content\/uploads\/2024\/04\/Untitled-design-1.jpg","width":900,"height":900},{"@type":"BreadcrumbList","@id":"https:\/\/www.specagra.ee\/?product=galviju-sepetys-happycow-duo#breadcrumb","itemListElement":[{"@type":"ListItem","position":1,"name":"Home","item":"https:\/\/www.specagra.ee\/"},{"@type":"ListItem","position":2,"name":"P\u00f5llumajandustehnika ja loomakasvatus","item":"https:\/\/specagra.ee\/?page_id=18493"},{"@type":"ListItem","position":3,"name":"Galvij\u0173 \u0161epetys HAPPYCOW DUO"}]},{"@type":"WebSite","@id":"https:\/\/www.specagra.ee\/#website","url":"https:\/\/www.specagra.ee\/","name":"Specagra","description":"P\u00f5llumajandustehnika ja varuosad","publisher":{"@id":"https:\/\/www.specagra.ee\/#organization"},"potentialAction":[{"@type":"SearchAction","target":{"@type":"EntryPoint","urlTemplate":"https:\/\/www.specagra.ee\/?s={search_term_string}"},"query-input":{"@type":"PropertyValueSpecification","valueRequired":true,"valueName":"search_term_string"}}],"inLanguage":"et"},{"@type":"Organization","@id":"https:\/\/www.specagra.ee\/#organization","name":"UAB Specagra","url":"https:\/\/www.specagra.ee\/","logo":{"@type":"ImageObject","inLanguage":"et","@id":"https:\/\/www.specagra.ee\/#\/schema\/logo\/image\/","url":"http:\/\/www.specagra.ee\/wp-content\/uploads\/2022\/02\/SP-logo_naujas-scaled.jpg","contentUrl":"http:\/\/www.specagra.ee\/wp-content\/uploads\/2022\/02\/SP-logo_naujas-scaled.jpg","width":2560,"height":326,"caption":"UAB Specagra"},"image":{"@id":"https:\/\/www.specagra.ee\/#\/schema\/logo\/image\/"}}]}},"_links":{"self":[{"href":"https:\/\/www.specagra.ee\/index.php?rest_route=\/wp\/v2\/product\/40994","targetHints":{"allow":["GET"]}}],"collection":[{"href":"https:\/\/www.specagra.ee\/index.php?rest_route=\/wp\/v2\/product"}],"about":[{"href":"https:\/\/www.specagra.ee\/index.php?rest_route=\/wp\/v2\/types\/product"}],"wp:featuredmedia":[{"embeddable":true,"href":"https:\/\/www.specagra.ee\/index.php?rest_route=\/wp\/v2\/media\/42987"}],"wp:attachment":[{"href":"https:\/\/www.specagra.ee\/index.php?rest_route=%2Fwp%2Fv2%2Fmedia&parent=40994"}],"wp:term":[{"taxonomy":"product_brand","embeddable":true,"href":"https:\/\/www.specagra.ee\/index.php?rest_route=%2Fwp%2Fv2%2Fproduct_brand&post=40994"},{"taxonomy":"product_cat","embeddable":true,"href":"https:\/\/www.specagra.ee\/index.php?rest_route=%2Fwp%2Fv2%2Fproduct_cat&post=40994"},{"taxonomy":"product_tag","embeddable":true,"href":"https:\/\/www.specagra.ee\/index.php?rest_route=%2Fwp%2Fv2%2Fproduct_tag&post=40994"}],"curies":[{"name":"wp","href":"https:\/\/api.w.org\/{rel}","templated":true}]}}