{"id":40981,"date":"2024-04-30T10:00:11","date_gmt":"2024-04-30T12:00:11","guid":{"rendered":"https:\/\/www.specagra.ee\/?post_type=product&#038;p=40981"},"modified":"2024-04-30T10:00:12","modified_gmt":"2024-04-30T12:00:12","slug":"elektrinis-piemuo-farmer-as140","status":"publish","type":"product","link":"https:\/\/www.specagra.ee\/?product=elektrinis-piemuo-farmer-as140","title":{"rendered":"Elektrinis piemuo Farmer AS140"},"content":{"rendered":"<ul>\n<li>&#8220;Farmer\u00ae AS140&#8221; elektrini\u0173 impuls\u0173 generatori\u0173 \u012fkrauna kei\u010diamas integruotas 12 V akumuliatorius ir 24 W saul\u0117s baterija.<\/li>\n<li>Trij\u0173 pakop\u0173 &#8220;Energijos kontrol\u0117s&#8221; LED ekranas leid\u017eia greitai patikrinti akumuliatoriaus \u012fkrovimo lyg\u012f, taip pat leid\u017eia matyti elektrini\u0173 impuls\u0173 generatoriaus veikim\u0105, mirks\u0117damas kartu su impuls\u0173 i\u0161\u0117jimu.<\/li>\n<li>\u201cElektrinis piemuo\u201d pagamintas i\u0161 auk\u0161tos kokyb\u0117s plastiko ir yra atsparus UV spinduliams.<\/li>\n<li>Elektrini\u0173 impuls\u0173 generatorius tinka iki 14 km perimetro tvoroms tverti.<\/li>\n<li>\u201cElektrin\u012f piemen\u012f\u201d sudaro: elektrini\u0173 impuls\u0173 generatorius, maitinimo blokas, montavimo priemon\u0117, skirta tvirtinti prie tvoros stulpeli\u0173, 12 V akumuliatorius, 24 W saul\u0117s kolektorius ir \u012f\u017eeminimo kabelis.<\/li>\n<\/ul>\n","protected":false},"excerpt":{"rendered":"<p>&#8220;Farmer\u00ae AS140&#8221; elektrini\u0173 impuls\u0173 generatori\u0173 \u012fkrauna kei\u010diamas integruotas 12 V akumuliatorius ir 24 W saul\u0117s baterija. Trij\u0173 pakop\u0173 &#8220;Energijos kontrol\u0117s&#8221; LED ekranas leid\u017eia greitai patikrinti akumuliatoriaus \u012fkrovimo lyg\u012f, taip pat leid\u017eia matyti elektrini\u0173 impuls\u0173 generatoriaus veikim\u0105, mirks\u0117damas kartu su impuls\u0173 i\u0161\u0117jimu. \u201cElektrinis piemuo\u201d pagamintas i\u0161 auk\u0161tos kokyb\u0117s plastiko ir yra atsparus UV spinduliams. Elektrini\u0173 impuls\u0173 [&hellip;]<\/p>\n","protected":false},"featured_media":40982,"template":"","meta":{"_et_pb_use_builder":"","_et_pb_old_content":"","_et_gb_content_width":""},"product_brand":[],"product_cat":[176],"product_tag":[],"class_list":{"0":"post-40981","1":"product","2":"type-product","3":"status-publish","4":"has-post-thumbnail","6":"product_cat-paikesepaneeliga","8":"first","9":"instock","10":"shipping-taxable","11":"product-type-simple"},"yoast_head":"<!-- This site is optimized with the Yoast SEO plugin v26.4 - https:\/\/yoast.com\/wordpress\/plugins\/seo\/ -->\n<title>Elektrinis piemuo Farmer AS140 - Specagra<\/title>\n<meta name=\"robots\" content=\"index, follow, max-snippet:-1, max-image-preview:large, max-video-preview:-1\" \/>\n<link rel=\"canonical\" href=\"https:\/\/www.specagra.ee\/?product=elektrinis-piemuo-farmer-as140\" \/>\n<meta property=\"og:locale\" content=\"et_EE\" \/>\n<meta property=\"og:type\" content=\"article\" \/>\n<meta property=\"og:title\" content=\"Elektrinis piemuo Farmer AS140 - Specagra\" \/>\n<meta property=\"og:description\" content=\"&#8220;Farmer\u00ae AS140&#8221; elektrini\u0173 impuls\u0173 generatori\u0173 \u012fkrauna kei\u010diamas integruotas 12 V akumuliatorius ir 24 W saul\u0117s baterija. Trij\u0173 pakop\u0173 &#8220;Energijos kontrol\u0117s&#8221; LED ekranas leid\u017eia greitai patikrinti akumuliatoriaus \u012fkrovimo lyg\u012f, taip pat leid\u017eia matyti elektrini\u0173 impuls\u0173 generatoriaus veikim\u0105, mirks\u0117damas kartu su impuls\u0173 i\u0161\u0117jimu. \u201cElektrinis piemuo\u201d pagamintas i\u0161 auk\u0161tos kokyb\u0117s plastiko ir yra atsparus UV spinduliams. Elektrini\u0173 impuls\u0173 [&hellip;]\" \/>\n<meta property=\"og:url\" content=\"https:\/\/www.specagra.ee\/?product=elektrinis-piemuo-farmer-as140\" \/>\n<meta property=\"og:site_name\" content=\"Specagra\" \/>\n<meta property=\"article:modified_time\" content=\"2024-04-30T12:00:12+00:00\" \/>\n<meta property=\"og:image\" content=\"https:\/\/www.specagra.ee\/wp-content\/uploads\/2024\/04\/1.webp\" \/>\n\t<meta property=\"og:image:width\" content=\"385\" \/>\n\t<meta property=\"og:image:height\" content=\"385\" \/>\n\t<meta property=\"og:image:type\" content=\"image\/webp\" \/>\n<meta name=\"twitter:card\" content=\"summary_large_image\" \/>\n<meta name=\"twitter:label1\" content=\"Est. reading time\" \/>\n\t<meta name=\"twitter:data1\" content=\"1 minut\" \/>\n<script type=\"application\/ld+json\" class=\"yoast-schema-graph\">{\"@context\":\"https:\/\/schema.org\",\"@graph\":[{\"@type\":\"WebPage\",\"@id\":\"https:\/\/www.specagra.ee\/?product=elektrinis-piemuo-farmer-as140\",\"url\":\"https:\/\/www.specagra.ee\/?product=elektrinis-piemuo-farmer-as140\",\"name\":\"Elektrinis piemuo Farmer AS140 - Specagra\",\"isPartOf\":{\"@id\":\"https:\/\/www.specagra.ee\/#website\"},\"primaryImageOfPage\":{\"@id\":\"https:\/\/www.specagra.ee\/?product=elektrinis-piemuo-farmer-as140#primaryimage\"},\"image\":{\"@id\":\"https:\/\/www.specagra.ee\/?product=elektrinis-piemuo-farmer-as140#primaryimage\"},\"thumbnailUrl\":\"https:\/\/specagra.ee\/wp-content\/uploads\/2024\/04\/1.webp\",\"datePublished\":\"2024-04-30T12:00:11+00:00\",\"dateModified\":\"2024-04-30T12:00:12+00:00\",\"breadcrumb\":{\"@id\":\"https:\/\/www.specagra.ee\/?product=elektrinis-piemuo-farmer-as140#breadcrumb\"},\"inLanguage\":\"et\",\"potentialAction\":[{\"@type\":\"ReadAction\",\"target\":[\"https:\/\/www.specagra.ee\/?product=elektrinis-piemuo-farmer-as140\"]}]},{\"@type\":\"ImageObject\",\"inLanguage\":\"et\",\"@id\":\"https:\/\/www.specagra.ee\/?product=elektrinis-piemuo-farmer-as140#primaryimage\",\"url\":\"https:\/\/specagra.ee\/wp-content\/uploads\/2024\/04\/1.webp\",\"contentUrl\":\"https:\/\/specagra.ee\/wp-content\/uploads\/2024\/04\/1.webp\",\"width\":385,\"height\":385},{\"@type\":\"BreadcrumbList\",\"@id\":\"https:\/\/www.specagra.ee\/?product=elektrinis-piemuo-farmer-as140#breadcrumb\",\"itemListElement\":[{\"@type\":\"ListItem\",\"position\":1,\"name\":\"Home\",\"item\":\"https:\/\/www.specagra.ee\/\"},{\"@type\":\"ListItem\",\"position\":2,\"name\":\"P\u00f5llumajandustehnika ja loomakasvatus\",\"item\":\"https:\/\/specagra.ee\/?page_id=18493\"},{\"@type\":\"ListItem\",\"position\":3,\"name\":\"Elektrinis piemuo Farmer AS140\"}]},{\"@type\":\"WebSite\",\"@id\":\"https:\/\/www.specagra.ee\/#website\",\"url\":\"https:\/\/www.specagra.ee\/\",\"name\":\"Specagra\",\"description\":\"P\u00f5llumajandustehnika ja varuosad\",\"publisher\":{\"@id\":\"https:\/\/www.specagra.ee\/#organization\"},\"potentialAction\":[{\"@type\":\"SearchAction\",\"target\":{\"@type\":\"EntryPoint\",\"urlTemplate\":\"https:\/\/www.specagra.ee\/?s={search_term_string}\"},\"query-input\":{\"@type\":\"PropertyValueSpecification\",\"valueRequired\":true,\"valueName\":\"search_term_string\"}}],\"inLanguage\":\"et\"},{\"@type\":\"Organization\",\"@id\":\"https:\/\/www.specagra.ee\/#organization\",\"name\":\"UAB Specagra\",\"url\":\"https:\/\/www.specagra.ee\/\",\"logo\":{\"@type\":\"ImageObject\",\"inLanguage\":\"et\",\"@id\":\"https:\/\/www.specagra.ee\/#\/schema\/logo\/image\/\",\"url\":\"http:\/\/www.specagra.ee\/wp-content\/uploads\/2022\/02\/SP-logo_naujas-scaled.jpg\",\"contentUrl\":\"http:\/\/www.specagra.ee\/wp-content\/uploads\/2022\/02\/SP-logo_naujas-scaled.jpg\",\"width\":2560,\"height\":326,\"caption\":\"UAB Specagra\"},\"image\":{\"@id\":\"https:\/\/www.specagra.ee\/#\/schema\/logo\/image\/\"}}]}<\/script>\n<!-- \/ Yoast SEO plugin. -->","yoast_head_json":{"title":"Elektrinis piemuo Farmer AS140 - Specagra","robots":{"index":"index","follow":"follow","max-snippet":"max-snippet:-1","max-image-preview":"max-image-preview:large","max-video-preview":"max-video-preview:-1"},"canonical":"https:\/\/www.specagra.ee\/?product=elektrinis-piemuo-farmer-as140","og_locale":"et_EE","og_type":"article","og_title":"Elektrinis piemuo Farmer AS140 - Specagra","og_description":"&#8220;Farmer\u00ae AS140&#8221; elektrini\u0173 impuls\u0173 generatori\u0173 \u012fkrauna kei\u010diamas integruotas 12 V akumuliatorius ir 24 W saul\u0117s baterija. Trij\u0173 pakop\u0173 &#8220;Energijos kontrol\u0117s&#8221; LED ekranas leid\u017eia greitai patikrinti akumuliatoriaus \u012fkrovimo lyg\u012f, taip pat leid\u017eia matyti elektrini\u0173 impuls\u0173 generatoriaus veikim\u0105, mirks\u0117damas kartu su impuls\u0173 i\u0161\u0117jimu. \u201cElektrinis piemuo\u201d pagamintas i\u0161 auk\u0161tos kokyb\u0117s plastiko ir yra atsparus UV spinduliams. Elektrini\u0173 impuls\u0173 [&hellip;]","og_url":"https:\/\/www.specagra.ee\/?product=elektrinis-piemuo-farmer-as140","og_site_name":"Specagra","article_modified_time":"2024-04-30T12:00:12+00:00","og_image":[{"width":385,"height":385,"url":"https:\/\/www.specagra.ee\/wp-content\/uploads\/2024\/04\/1.webp","type":"image\/webp"}],"twitter_card":"summary_large_image","twitter_misc":{"Est. reading time":"1 minut"},"schema":{"@context":"https:\/\/schema.org","@graph":[{"@type":"WebPage","@id":"https:\/\/www.specagra.ee\/?product=elektrinis-piemuo-farmer-as140","url":"https:\/\/www.specagra.ee\/?product=elektrinis-piemuo-farmer-as140","name":"Elektrinis piemuo Farmer AS140 - Specagra","isPartOf":{"@id":"https:\/\/www.specagra.ee\/#website"},"primaryImageOfPage":{"@id":"https:\/\/www.specagra.ee\/?product=elektrinis-piemuo-farmer-as140#primaryimage"},"image":{"@id":"https:\/\/www.specagra.ee\/?product=elektrinis-piemuo-farmer-as140#primaryimage"},"thumbnailUrl":"https:\/\/specagra.ee\/wp-content\/uploads\/2024\/04\/1.webp","datePublished":"2024-04-30T12:00:11+00:00","dateModified":"2024-04-30T12:00:12+00:00","breadcrumb":{"@id":"https:\/\/www.specagra.ee\/?product=elektrinis-piemuo-farmer-as140#breadcrumb"},"inLanguage":"et","potentialAction":[{"@type":"ReadAction","target":["https:\/\/www.specagra.ee\/?product=elektrinis-piemuo-farmer-as140"]}]},{"@type":"ImageObject","inLanguage":"et","@id":"https:\/\/www.specagra.ee\/?product=elektrinis-piemuo-farmer-as140#primaryimage","url":"https:\/\/specagra.ee\/wp-content\/uploads\/2024\/04\/1.webp","contentUrl":"https:\/\/specagra.ee\/wp-content\/uploads\/2024\/04\/1.webp","width":385,"height":385},{"@type":"BreadcrumbList","@id":"https:\/\/www.specagra.ee\/?product=elektrinis-piemuo-farmer-as140#breadcrumb","itemListElement":[{"@type":"ListItem","position":1,"name":"Home","item":"https:\/\/www.specagra.ee\/"},{"@type":"ListItem","position":2,"name":"P\u00f5llumajandustehnika ja loomakasvatus","item":"https:\/\/specagra.ee\/?page_id=18493"},{"@type":"ListItem","position":3,"name":"Elektrinis piemuo Farmer AS140"}]},{"@type":"WebSite","@id":"https:\/\/www.specagra.ee\/#website","url":"https:\/\/www.specagra.ee\/","name":"Specagra","description":"P\u00f5llumajandustehnika ja varuosad","publisher":{"@id":"https:\/\/www.specagra.ee\/#organization"},"potentialAction":[{"@type":"SearchAction","target":{"@type":"EntryPoint","urlTemplate":"https:\/\/www.specagra.ee\/?s={search_term_string}"},"query-input":{"@type":"PropertyValueSpecification","valueRequired":true,"valueName":"search_term_string"}}],"inLanguage":"et"},{"@type":"Organization","@id":"https:\/\/www.specagra.ee\/#organization","name":"UAB Specagra","url":"https:\/\/www.specagra.ee\/","logo":{"@type":"ImageObject","inLanguage":"et","@id":"https:\/\/www.specagra.ee\/#\/schema\/logo\/image\/","url":"http:\/\/www.specagra.ee\/wp-content\/uploads\/2022\/02\/SP-logo_naujas-scaled.jpg","contentUrl":"http:\/\/www.specagra.ee\/wp-content\/uploads\/2022\/02\/SP-logo_naujas-scaled.jpg","width":2560,"height":326,"caption":"UAB Specagra"},"image":{"@id":"https:\/\/www.specagra.ee\/#\/schema\/logo\/image\/"}}]}},"_links":{"self":[{"href":"https:\/\/www.specagra.ee\/index.php?rest_route=\/wp\/v2\/product\/40981","targetHints":{"allow":["GET"]}}],"collection":[{"href":"https:\/\/www.specagra.ee\/index.php?rest_route=\/wp\/v2\/product"}],"about":[{"href":"https:\/\/www.specagra.ee\/index.php?rest_route=\/wp\/v2\/types\/product"}],"wp:featuredmedia":[{"embeddable":true,"href":"https:\/\/www.specagra.ee\/index.php?rest_route=\/wp\/v2\/media\/40982"}],"wp:attachment":[{"href":"https:\/\/www.specagra.ee\/index.php?rest_route=%2Fwp%2Fv2%2Fmedia&parent=40981"}],"wp:term":[{"taxonomy":"product_brand","embeddable":true,"href":"https:\/\/www.specagra.ee\/index.php?rest_route=%2Fwp%2Fv2%2Fproduct_brand&post=40981"},{"taxonomy":"product_cat","embeddable":true,"href":"https:\/\/www.specagra.ee\/index.php?rest_route=%2Fwp%2Fv2%2Fproduct_cat&post=40981"},{"taxonomy":"product_tag","embeddable":true,"href":"https:\/\/www.specagra.ee\/index.php?rest_route=%2Fwp%2Fv2%2Fproduct_tag&post=40981"}],"curies":[{"name":"wp","href":"https:\/\/api.w.org\/{rel}","templated":true}]}}