{"id":39521,"date":"2024-02-26T12:44:51","date_gmt":"2024-02-26T14:44:51","guid":{"rendered":"https:\/\/www.specagra.ee\/?post_type=product&#038;p=39521"},"modified":"2024-02-27T07:17:38","modified_gmt":"2024-02-27T09:17:38","slug":"agrodronas-tta-g300-30l-purskimui","status":"publish","type":"product","link":"https:\/\/www.specagra.ee\/?product=agrodronas-tta-g300-30l-purskimui","title":{"rendered":"Agrodronas TTA G300 30L pur\u0161kimui"},"content":{"rendered":"<div class=\"cat-text\">\n<p><strong>Komplekte yra:<\/strong><\/p>\n<ul>\n<li>dronas<\/li>\n<li>skys\u010di\u0173 dozavimo sistema<\/li>\n<li>\u012fkroviklis<\/li>\n<li>baterijos<\/li>\n<li>RC R4 nuotolinio valdymo pultas<\/li>\n<\/ul>\n<p>Maksimalus skryd\u017eio laikas su viena baterija yra iki 25 minu\u010di\u0173. Efektyvus vienos baterijos veikimo laikas yra 15 minu\u010di\u0173. Geografin\u0117 pad\u0117tis ir \u017eem\u0117lapi\u0173 sudarymas naudojant GPS. Galimas modifikavimas su RTK sistema, kurios tikslumas iki 2,5 cm. Galima pasirinkti ir biri\u0173 med\u017eiag\u0173 paskleidimo sistem\u0105.<\/p>\n<\/div>\n","protected":false},"excerpt":{"rendered":"<p>Nepilotuojamas agrodronas su pur\u0161kimo sistema skirta \u017eem\u0117s \u016bkiui, bako talpa 30 litr\u0173.<\/p>\n","protected":false},"featured_media":39522,"template":"","meta":{"_et_pb_use_builder":"","_et_pb_old_content":"","_et_gb_content_width":""},"product_brand":[],"product_cat":[283],"product_tag":[],"class_list":{"0":"post-39521","1":"product","2":"type-product","3":"status-publish","4":"has-post-thumbnail","6":"product_cat-pollumajandusdroonid","8":"first","9":"instock","10":"shipping-taxable","11":"product-type-simple"},"yoast_head":"<!-- This site is optimized with the Yoast SEO plugin v26.4 - https:\/\/yoast.com\/wordpress\/plugins\/seo\/ -->\n<title>Agrodronas TTA G300 30L pur\u0161kimui - Specagra<\/title>\n<meta name=\"description\" content=\"Nepilotuojamas agrodronas su pur\u0161kimo sistema skirta \u017eem\u0117s \u016bkiui, bako talpa 30 litr\u0173. Maksimalus skryd\u017eio laikas su viena baterija yra iki 25 minu\u010di\u0173. Efektyvus vienos baterijos veikimo laikas yra 15 minu\u010di\u0173. Galimyb\u0117 naudoti su RTK 2,5cm tikslumu.\" \/>\n<meta name=\"robots\" content=\"index, follow, max-snippet:-1, max-image-preview:large, max-video-preview:-1\" \/>\n<link rel=\"canonical\" href=\"https:\/\/www.specagra.ee\/?product=agrodronas-tta-g300-30l-purskimui\" \/>\n<meta property=\"og:locale\" content=\"et_EE\" \/>\n<meta property=\"og:type\" content=\"article\" \/>\n<meta property=\"og:title\" content=\"Agrodronas TTA G300 30L pur\u0161kimui - Specagra\" \/>\n<meta property=\"og:description\" content=\"Nepilotuojamas agrodronas su pur\u0161kimo sistema skirta \u017eem\u0117s \u016bkiui, bako talpa 30 litr\u0173. Maksimalus skryd\u017eio laikas su viena baterija yra iki 25 minu\u010di\u0173. Efektyvus vienos baterijos veikimo laikas yra 15 minu\u010di\u0173. Galimyb\u0117 naudoti su RTK 2,5cm tikslumu.\" \/>\n<meta property=\"og:url\" content=\"https:\/\/www.specagra.ee\/?product=agrodronas-tta-g300-30l-purskimui\" \/>\n<meta property=\"og:site_name\" content=\"Specagra\" \/>\n<meta property=\"article:modified_time\" content=\"2024-02-27T09:17:38+00:00\" \/>\n<meta property=\"og:image\" content=\"https:\/\/www.specagra.ee\/wp-content\/uploads\/2024\/02\/Traktorius-Busak-5120-11.jpg\" \/>\n\t<meta property=\"og:image:width\" content=\"896\" \/>\n\t<meta property=\"og:image:height\" content=\"503\" \/>\n\t<meta property=\"og:image:type\" content=\"image\/jpeg\" \/>\n<meta name=\"twitter:card\" content=\"summary_large_image\" \/>\n<meta name=\"twitter:label1\" content=\"Est. reading time\" \/>\n\t<meta name=\"twitter:data1\" content=\"1 minut\" \/>\n<script type=\"application\/ld+json\" class=\"yoast-schema-graph\">{\"@context\":\"https:\/\/schema.org\",\"@graph\":[{\"@type\":\"WebPage\",\"@id\":\"https:\/\/www.specagra.ee\/?product=agrodronas-tta-g300-30l-purskimui\",\"url\":\"https:\/\/www.specagra.ee\/?product=agrodronas-tta-g300-30l-purskimui\",\"name\":\"Agrodronas TTA G300 30L pur\u0161kimui - Specagra\",\"isPartOf\":{\"@id\":\"https:\/\/www.specagra.ee\/#website\"},\"primaryImageOfPage\":{\"@id\":\"https:\/\/www.specagra.ee\/?product=agrodronas-tta-g300-30l-purskimui#primaryimage\"},\"image\":{\"@id\":\"https:\/\/www.specagra.ee\/?product=agrodronas-tta-g300-30l-purskimui#primaryimage\"},\"thumbnailUrl\":\"https:\/\/www.specagra.ee\/wp-content\/uploads\/2024\/02\/Traktorius-Busak-5120-11.jpg\",\"datePublished\":\"2024-02-26T14:44:51+00:00\",\"dateModified\":\"2024-02-27T09:17:38+00:00\",\"description\":\"Nepilotuojamas agrodronas su pur\u0161kimo sistema skirta \u017eem\u0117s \u016bkiui, bako talpa 30 litr\u0173. Maksimalus skryd\u017eio laikas su viena baterija yra iki 25 minu\u010di\u0173. Efektyvus vienos baterijos veikimo laikas yra 15 minu\u010di\u0173. Galimyb\u0117 naudoti su RTK 2,5cm tikslumu.\",\"breadcrumb\":{\"@id\":\"https:\/\/www.specagra.ee\/?product=agrodronas-tta-g300-30l-purskimui#breadcrumb\"},\"inLanguage\":\"et\",\"potentialAction\":[{\"@type\":\"ReadAction\",\"target\":[\"https:\/\/www.specagra.ee\/?product=agrodronas-tta-g300-30l-purskimui\"]}]},{\"@type\":\"ImageObject\",\"inLanguage\":\"et\",\"@id\":\"https:\/\/www.specagra.ee\/?product=agrodronas-tta-g300-30l-purskimui#primaryimage\",\"url\":\"https:\/\/www.specagra.ee\/wp-content\/uploads\/2024\/02\/Traktorius-Busak-5120-11.jpg\",\"contentUrl\":\"https:\/\/www.specagra.ee\/wp-content\/uploads\/2024\/02\/Traktorius-Busak-5120-11.jpg\",\"width\":896,\"height\":503},{\"@type\":\"BreadcrumbList\",\"@id\":\"https:\/\/www.specagra.ee\/?product=agrodronas-tta-g300-30l-purskimui#breadcrumb\",\"itemListElement\":[{\"@type\":\"ListItem\",\"position\":1,\"name\":\"Home\",\"item\":\"https:\/\/www.specagra.ee\/\"},{\"@type\":\"ListItem\",\"position\":2,\"name\":\"P\u00f5llumajandustehnika ja loomakasvatus\",\"item\":\"https:\/\/specagra.ee\/?page_id=18493\"},{\"@type\":\"ListItem\",\"position\":3,\"name\":\"Agrodronas TTA G300 30L pur\u0161kimui\"}]},{\"@type\":\"WebSite\",\"@id\":\"https:\/\/www.specagra.ee\/#website\",\"url\":\"https:\/\/www.specagra.ee\/\",\"name\":\"Specagra\",\"description\":\"P\u00f5llumajandustehnika ja varuosad\",\"publisher\":{\"@id\":\"https:\/\/www.specagra.ee\/#organization\"},\"potentialAction\":[{\"@type\":\"SearchAction\",\"target\":{\"@type\":\"EntryPoint\",\"urlTemplate\":\"https:\/\/www.specagra.ee\/?s={search_term_string}\"},\"query-input\":{\"@type\":\"PropertyValueSpecification\",\"valueRequired\":true,\"valueName\":\"search_term_string\"}}],\"inLanguage\":\"et\"},{\"@type\":\"Organization\",\"@id\":\"https:\/\/www.specagra.ee\/#organization\",\"name\":\"UAB Specagra\",\"url\":\"https:\/\/www.specagra.ee\/\",\"logo\":{\"@type\":\"ImageObject\",\"inLanguage\":\"et\",\"@id\":\"https:\/\/www.specagra.ee\/#\/schema\/logo\/image\/\",\"url\":\"http:\/\/www.specagra.ee\/wp-content\/uploads\/2022\/02\/SP-logo_naujas-scaled.jpg\",\"contentUrl\":\"http:\/\/www.specagra.ee\/wp-content\/uploads\/2022\/02\/SP-logo_naujas-scaled.jpg\",\"width\":2560,\"height\":326,\"caption\":\"UAB Specagra\"},\"image\":{\"@id\":\"https:\/\/www.specagra.ee\/#\/schema\/logo\/image\/\"}}]}<\/script>\n<!-- \/ Yoast SEO plugin. -->","yoast_head_json":{"title":"Agrodronas TTA G300 30L pur\u0161kimui - Specagra","description":"Nepilotuojamas agrodronas su pur\u0161kimo sistema skirta \u017eem\u0117s \u016bkiui, bako talpa 30 litr\u0173. Maksimalus skryd\u017eio laikas su viena baterija yra iki 25 minu\u010di\u0173. Efektyvus vienos baterijos veikimo laikas yra 15 minu\u010di\u0173. Galimyb\u0117 naudoti su RTK 2,5cm tikslumu.","robots":{"index":"index","follow":"follow","max-snippet":"max-snippet:-1","max-image-preview":"max-image-preview:large","max-video-preview":"max-video-preview:-1"},"canonical":"https:\/\/www.specagra.ee\/?product=agrodronas-tta-g300-30l-purskimui","og_locale":"et_EE","og_type":"article","og_title":"Agrodronas TTA G300 30L pur\u0161kimui - Specagra","og_description":"Nepilotuojamas agrodronas su pur\u0161kimo sistema skirta \u017eem\u0117s \u016bkiui, bako talpa 30 litr\u0173. Maksimalus skryd\u017eio laikas su viena baterija yra iki 25 minu\u010di\u0173. Efektyvus vienos baterijos veikimo laikas yra 15 minu\u010di\u0173. Galimyb\u0117 naudoti su RTK 2,5cm tikslumu.","og_url":"https:\/\/www.specagra.ee\/?product=agrodronas-tta-g300-30l-purskimui","og_site_name":"Specagra","article_modified_time":"2024-02-27T09:17:38+00:00","og_image":[{"width":896,"height":503,"url":"https:\/\/www.specagra.ee\/wp-content\/uploads\/2024\/02\/Traktorius-Busak-5120-11.jpg","type":"image\/jpeg"}],"twitter_card":"summary_large_image","twitter_misc":{"Est. reading time":"1 minut"},"schema":{"@context":"https:\/\/schema.org","@graph":[{"@type":"WebPage","@id":"https:\/\/www.specagra.ee\/?product=agrodronas-tta-g300-30l-purskimui","url":"https:\/\/www.specagra.ee\/?product=agrodronas-tta-g300-30l-purskimui","name":"Agrodronas TTA G300 30L pur\u0161kimui - Specagra","isPartOf":{"@id":"https:\/\/www.specagra.ee\/#website"},"primaryImageOfPage":{"@id":"https:\/\/www.specagra.ee\/?product=agrodronas-tta-g300-30l-purskimui#primaryimage"},"image":{"@id":"https:\/\/www.specagra.ee\/?product=agrodronas-tta-g300-30l-purskimui#primaryimage"},"thumbnailUrl":"https:\/\/www.specagra.ee\/wp-content\/uploads\/2024\/02\/Traktorius-Busak-5120-11.jpg","datePublished":"2024-02-26T14:44:51+00:00","dateModified":"2024-02-27T09:17:38+00:00","description":"Nepilotuojamas agrodronas su pur\u0161kimo sistema skirta \u017eem\u0117s \u016bkiui, bako talpa 30 litr\u0173. Maksimalus skryd\u017eio laikas su viena baterija yra iki 25 minu\u010di\u0173. Efektyvus vienos baterijos veikimo laikas yra 15 minu\u010di\u0173. Galimyb\u0117 naudoti su RTK 2,5cm tikslumu.","breadcrumb":{"@id":"https:\/\/www.specagra.ee\/?product=agrodronas-tta-g300-30l-purskimui#breadcrumb"},"inLanguage":"et","potentialAction":[{"@type":"ReadAction","target":["https:\/\/www.specagra.ee\/?product=agrodronas-tta-g300-30l-purskimui"]}]},{"@type":"ImageObject","inLanguage":"et","@id":"https:\/\/www.specagra.ee\/?product=agrodronas-tta-g300-30l-purskimui#primaryimage","url":"https:\/\/www.specagra.ee\/wp-content\/uploads\/2024\/02\/Traktorius-Busak-5120-11.jpg","contentUrl":"https:\/\/www.specagra.ee\/wp-content\/uploads\/2024\/02\/Traktorius-Busak-5120-11.jpg","width":896,"height":503},{"@type":"BreadcrumbList","@id":"https:\/\/www.specagra.ee\/?product=agrodronas-tta-g300-30l-purskimui#breadcrumb","itemListElement":[{"@type":"ListItem","position":1,"name":"Home","item":"https:\/\/www.specagra.ee\/"},{"@type":"ListItem","position":2,"name":"P\u00f5llumajandustehnika ja loomakasvatus","item":"https:\/\/specagra.ee\/?page_id=18493"},{"@type":"ListItem","position":3,"name":"Agrodronas TTA G300 30L pur\u0161kimui"}]},{"@type":"WebSite","@id":"https:\/\/www.specagra.ee\/#website","url":"https:\/\/www.specagra.ee\/","name":"Specagra","description":"P\u00f5llumajandustehnika ja varuosad","publisher":{"@id":"https:\/\/www.specagra.ee\/#organization"},"potentialAction":[{"@type":"SearchAction","target":{"@type":"EntryPoint","urlTemplate":"https:\/\/www.specagra.ee\/?s={search_term_string}"},"query-input":{"@type":"PropertyValueSpecification","valueRequired":true,"valueName":"search_term_string"}}],"inLanguage":"et"},{"@type":"Organization","@id":"https:\/\/www.specagra.ee\/#organization","name":"UAB Specagra","url":"https:\/\/www.specagra.ee\/","logo":{"@type":"ImageObject","inLanguage":"et","@id":"https:\/\/www.specagra.ee\/#\/schema\/logo\/image\/","url":"http:\/\/www.specagra.ee\/wp-content\/uploads\/2022\/02\/SP-logo_naujas-scaled.jpg","contentUrl":"http:\/\/www.specagra.ee\/wp-content\/uploads\/2022\/02\/SP-logo_naujas-scaled.jpg","width":2560,"height":326,"caption":"UAB Specagra"},"image":{"@id":"https:\/\/www.specagra.ee\/#\/schema\/logo\/image\/"}}]}},"_links":{"self":[{"href":"https:\/\/www.specagra.ee\/index.php?rest_route=\/wp\/v2\/product\/39521","targetHints":{"allow":["GET"]}}],"collection":[{"href":"https:\/\/www.specagra.ee\/index.php?rest_route=\/wp\/v2\/product"}],"about":[{"href":"https:\/\/www.specagra.ee\/index.php?rest_route=\/wp\/v2\/types\/product"}],"wp:featuredmedia":[{"embeddable":true,"href":"https:\/\/www.specagra.ee\/index.php?rest_route=\/wp\/v2\/media\/39522"}],"wp:attachment":[{"href":"https:\/\/www.specagra.ee\/index.php?rest_route=%2Fwp%2Fv2%2Fmedia&parent=39521"}],"wp:term":[{"taxonomy":"product_brand","embeddable":true,"href":"https:\/\/www.specagra.ee\/index.php?rest_route=%2Fwp%2Fv2%2Fproduct_brand&post=39521"},{"taxonomy":"product_cat","embeddable":true,"href":"https:\/\/www.specagra.ee\/index.php?rest_route=%2Fwp%2Fv2%2Fproduct_cat&post=39521"},{"taxonomy":"product_tag","embeddable":true,"href":"https:\/\/www.specagra.ee\/index.php?rest_route=%2Fwp%2Fv2%2Fproduct_tag&post=39521"}],"curies":[{"name":"wp","href":"https:\/\/api.w.org\/{rel}","templated":true}]}}